{"id":625,"date":"2022-01-31T16:07:26","date_gmt":"2022-01-31T16:07:26","guid":{"rendered":"https:\/\/staging.mapleleaffoods.com\/fr\/?page_id=625"},"modified":"2025-07-24T15:09:27","modified_gmt":"2025-07-24T19:09:27","slug":"valeurs","status":"publish","type":"page","link":"https:\/\/www.mapleleaffoods.com\/fr\/a-propos-de\/valeurs\/","title":{"rendered":"Valeurs"},"content":{"rendered":"\n<section class=\"wp-block-mlfcorp-level-one-header level-one-header-container\"><span class=\"has-h-5-font-size\"><mark class=\"has-inline-color has-flag-blue-color\">Nos<\/mark><\/span><h1 class=\"has-h-1-font-size\">Valeurs de leadership <mark class=\"has-inline-color has-corporate-dark-blue-color\">guident<\/mark> <mark class=\"has-inline-color has-corporate-dark-blue-color\">nos d\u00e9cisions <\/mark><\/h1>\n<div class=\"wp-block-cover alignfull\"><span aria-hidden=\"true\" class=\"wp-block-cover__background has-background-dim-0 has-background-dim\"><\/span><img decoding=\"async\" class=\"wp-block-cover__image-background wp-image-250857\" alt=\"Workers at Heritage Hamilton\" src=\"https:\/\/www.mapleleaffoods.com\/wp-content\/uploads\/sites\/6\/2022\/02\/MLB-Values-Hero.jpg\" data-object-fit=\"cover\"\/><div class=\"wp-block-cover__inner-container is-layout-flow wp-block-cover-is-layout-flow\">\n<p class=\"has-text-align-center has-large-font-size\"><\/p>\n<\/div><\/div>\n<\/section>\n\n\n\t<style type=\"text\/css\">\n\t\t.wp-block-tk-spacer.id-0d4d1667-dcc6-4dcb-a53c-a81cdd7160c0 {\n\t\theight: 100px;\n\t}\n\n\t@media ( max-width: 480px ) {\n\t\t.wp-block-tk-spacer.id-0d4d1667-dcc6-4dcb-a53c-a81cdd7160c0 {\n\t\t\theight: 100px;\n\t\t}\n\t}\t<\/style>\n\t<div class=\"wp-block-tk-spacer id-0d4d1667-dcc6-4dcb-a53c-a81cdd7160c0\" aria-hidden=\"true\"><\/div>\n\t\n\n\n<div class=\"wp-block-tk-grid\"><div class=\"grid\"><div class=\"sm-col-12 lg-col-12 sm-start-0 lg-start-4\">\n<h2 class=\"wp-block-heading\">Les Aliments Maple Leaf a adopt\u00e9 une culture solide fond\u00e9e sur des valeurs. <\/h2>\n\n\n\n<h4 class=\"wp-block-heading\"><mark class=\"has-inline-color has-corporate-dark-blue-color\">Nos huit Valeurs de leadership sont notre rythme cardiaque. Elles guident les d\u00e9cisions que nous prenons pour tous nos intervenants&nbsp;: nos consommateurs, nos clients, notre personnel, nos communaut\u00e9s, nos actionnaires et l\u2019environnement.<\/mark><\/h4>\n<\/div><\/div><\/div>\n\n\n\t<style type=\"text\/css\">\n\t\t.wp-block-tk-spacer.id-c5153a96-a82d-4f35-987d-760a197b9bcd {\n\t\theight: 200px;\n\t}\n\n\t@media ( max-width: 480px ) {\n\t\t.wp-block-tk-spacer.id-c5153a96-a82d-4f35-987d-760a197b9bcd {\n\t\t\theight: 100px;\n\t\t}\n\t}\t<\/style>\n\t<div class=\"wp-block-tk-spacer id-c5153a96-a82d-4f35-987d-760a197b9bcd\" aria-hidden=\"true\"><\/div>\n\t\n\n\n<div class=\"wp-block-tk-grid\"><div class=\"grid\"><div class=\"sm-col-12 lg-col-10 sm-start-0 lg-start-1\">\n<div class=\"wp-block-mlfcorp-card-component-block card-component-container card-layout-horizontal card-position-center image-orientation-right\" style=\"padding-top:0\"><div class=\"grid top\"><div class=\"sm-col-12 lg-col-6 lg-start-1 details-wrapper\"><div class=\"card-component-details top image-orientation-right\"><div><p class=\"surtitle-heading\"><mark class=\"has-inline-color has-corporate-dark-blue-color\">Les valeurs de base des Aliments Maple Leaf<\/mark><\/p><h4 class=\"title-heading\"><mark class=\"has-inline-color has-flag-blue-color\">Nos valeurs de leadership<\/mark><mark class=\"has-inline-color has-corporate-dark-blue-color\"> <\/mark><\/h4><p class=\"card-component-text\">Nos huit Valeurs de leadership constituent le fondement de la culture des Aliments Maple Leaf. Elles font partie de tout ce que nous faisons et de chaque d\u00e9cision op\u00e9rationnelle que nous prenons. Elles sont au c\u0153ur de notre r\u00e9ussite en tant qu\u2019entreprise et du succ\u00e8s de notre personnel. <br><br>Ne se contentant pas de les conna\u00eetre, l\u2019ensemble de notre personnel les met en pratique.<br><\/p><\/div><\/div><\/div><div class=\"sm-col-12 lg-col-6 image-wrapper\" style=\"margin-top:0\"><div class=\"card-image-container top image-orientation-right\"><img decoding=\"async\" width=\"630\" height=\"546\" src=\"https:\/\/www.mapleleaffoods.com\/fr\/wp-content\/uploads\/sites\/7\/2025\/02\/Mackenzie-Craig-Our-Leadership-Values.jpg\" alt=\"Mackenzie et Craig - Our Leadership Values\" class=\"card-component-image has-border-radius wp-image-258680\" srcset=\"https:\/\/b3412141.smushcdn.com\/3412141\/wp-content\/uploads\/sites\/7\/2025\/02\/Mackenzie-Craig-Our-Leadership-Values.jpg?lossy=1&amp;strip=1&amp;webp=1 630w, https:\/\/b3412141.smushcdn.com\/3412141\/wp-content\/uploads\/sites\/7\/2025\/02\/Mackenzie-Craig-Our-Leadership-Values-300x260.jpg?lossy=1&amp;strip=1&amp;webp=1 300w\" sizes=\"(max-width: 630px) 100vw, 630px\" \/><button class=\"credit-text\"><span class=\"initial\">i<\/span><span class=\"secondary hide\">Mackenzie et Craig | Mississauga, ON<\/span><\/button><\/div><\/div><\/div><\/div>\n\n\n\t<style type=\"text\/css\">\n\t\t.wp-block-tk-spacer.id-2825bd0f-fe94-4c05-a864-1bfee4947c56 {\n\t\theight: 100px;\n\t}\n\n\t@media ( max-width: 480px ) {\n\t\t.wp-block-tk-spacer.id-2825bd0f-fe94-4c05-a864-1bfee4947c56 {\n\t\t\theight: 50px;\n\t\t}\n\t}\t<\/style>\n\t<div class=\"wp-block-tk-spacer id-2825bd0f-fe94-4c05-a864-1bfee4947c56\" aria-hidden=\"true\"><\/div>\n\t\n\n<div class=\"wp-list-block\">\n<ul class=\"wp-block-list is-style-un-numbered\">\n<li><strong>Agir de fa\u00e7on professionnelle<\/strong> - Nous agissons avec int\u00e9grit\u00e9 et de fa\u00e7on responsable, en traitant les gens avec respect par nos paroles et nos actes.<\/li>\n\n\n\n<li><strong>Valeur partag\u00e9e<\/strong> - Dans notre qu\u00eate de devenir une entreprise durable, nous cr\u00e9ons des avantages durables pour ceux que nous desservons, nos consommateurs, nos clients, notre personnel, nos collectivit\u00e9s et nos actionnaires, ainsi que pour l\u2019environnement.<\/li>\n\n\n\n<li><strong>Rendement \u00e9lev\u00e9<\/strong> - Notre passion, c\u2019est l\u2019excellence, et nous prendrons les risques appropri\u00e9s sans craindre l\u2019\u00e9chec afin de r\u00e9aliser un rendement gagnant, le meilleur de notre secteur, tout en utilisant prudemment toutes nos ressources.<\/li>\n\n\n\n<li><strong>\u00c9quipes diversifi\u00e9es et inclusives<\/strong> - Nous investissons dans les \u00e9quipes que nous b\u00e2tissons, reconnaissons et r\u00e9compensons, constitu\u00e9es de personnes remarquables qui appr\u00e9cient leur lieu de travail inclusif, toutes les formes de diversit\u00e9 et s\u2019engagent \u00e0 inclure toutes les voix dans un milieu ax\u00e9 sur la collaboration, tout en prenant toujours des d\u00e9cisions en temps opportun.<\/li>\n\n\n\n<li><strong>Processus d\u00e9cisionnel rigoureux<\/strong> - Lorsqu\u2019il s\u2019agit de prendre des d\u00e9cisions, nous prenons les choses en main avec \u00e9nergie et urgence en employant les outils d\u2019un bon processus analytique, tout en rejetant les processus restrictifs qui nous retardent, acceptant que nous pourrions \u00eatre en d\u00e9saccord, mais que nous soutenons quand m\u00eame la d\u00e9cision.<\/li>\n\n\n\n<li><strong>Notre responsabilisation<\/strong> - Nous agissons avec un sens d\u2019appropriation personnelle et de responsabilit\u00e9, m\u00eame pour les choses dont nous ne sommes pas directement responsables, mais dont nous nous approprions n\u00e9anmoins.<\/li>\n\n\n\n<li><strong>Curiosit\u00e9 intense<\/strong> - Ancr\u00e9e dans une compr\u00e9hension profonde du contexte global qui nous entoure, appuy\u00e9e par notre conscience de soi avec la volont\u00e9 de faire face \u00e0 nos \u00e9checs ou nos besoins de perfectionnement, notre curiosit\u00e9 intense nous porte \u00e0 apprendre et grandir constamment.<\/li>\n\n\n\n<li><strong>Transparence et humilit\u00e9<\/strong> - En misant sur notre courage et notre confiance en soi, nous adoptons une communication claire et ouverte reposant sur les bonnes intentions et la confiance, offerte avec authenticit\u00e9, conviction et humilit\u00e9.<\/li>\n<\/ul>\n<\/div><\/div><\/div><\/div>\n\n\n\t<style type=\"text\/css\">\n\t\t.wp-block-tk-spacer.id-4b109e6c-3533-4f3c-936b-0a3d56f1b61d {\n\t\theight: 200px;\n\t}\n\n\t@media ( max-width: 480px ) {\n\t\t.wp-block-tk-spacer.id-4b109e6c-3533-4f3c-936b-0a3d56f1b61d {\n\t\t\theight: 100px;\n\t\t}\n\t}\t<\/style>\n\t<div class=\"wp-block-tk-spacer id-4b109e6c-3533-4f3c-936b-0a3d56f1b61d\" aria-hidden=\"true\"><\/div>\n\t\n\n\n<h4 class=\"wp-block-heading\">Notre plan directeur<\/h4>\n\n\n\n<p>Notre plan directeur tient lieu de boussole strat\u00e9gique pour l'organisation.<\/p>\n\n\n\n<figure class=\"wp-block-image size-large\"><img decoding=\"async\" width=\"1024\" height=\"576\" src=\"https:\/\/www.mapleleaffoods.com\/fr\/wp-content\/uploads\/sites\/7\/2024\/02\/20240213-The-Maple-Leaf-Blueprint_f_Page_1-1024x576.jpg\" alt=\"Notre plan directeur\" class=\"wp-image-256158\" srcset=\"https:\/\/b3412141.smushcdn.com\/3412141\/wp-content\/uploads\/sites\/7\/2024\/02\/20240213-The-Maple-Leaf-Blueprint_f_Page_1-1024x576.jpg?lossy=1&amp;strip=1&amp;webp=1 1024w, https:\/\/b3412141.smushcdn.com\/3412141\/wp-content\/uploads\/sites\/7\/2024\/02\/20240213-The-Maple-Leaf-Blueprint_f_Page_1-300x169.jpg?lossy=1&amp;strip=1&amp;webp=1 300w, https:\/\/b3412141.smushcdn.com\/3412141\/wp-content\/uploads\/sites\/7\/2024\/02\/20240213-The-Maple-Leaf-Blueprint_f_Page_1-768x432.jpg?lossy=1&amp;strip=1&amp;webp=1 768w, https:\/\/b3412141.smushcdn.com\/3412141\/wp-content\/uploads\/sites\/7\/2024\/02\/20240213-The-Maple-Leaf-Blueprint_f_Page_1-1536x864.jpg?lossy=1&amp;strip=1&amp;webp=1 1536w, https:\/\/b3412141.smushcdn.com\/3412141\/wp-content\/uploads\/sites\/7\/2024\/02\/20240213-The-Maple-Leaf-Blueprint_f_Page_1-2048x1152.jpg?lossy=1&amp;strip=1&amp;webp=1 2048w\" sizes=\"(max-width: 1024px) 100vw, 1024px\" \/><\/figure>\n\n\n\n<p>Le plan directeur d\u00e9crit les cinq strat\u00e9gies fondamentales de l'entreprise dans sa qu\u00eate d'une valeur partag\u00e9e pour toutes les parties prenantes:<\/p>\n\n\n\n<p><strong>Montrer la voie<\/strong> \u2013 Produire de meilleurs aliments, offrir de meilleurs soins, entretenir une meilleure plan\u00e8te<\/p>\n\n\n\n<p><strong style=\"font-size: 1.25rem;color: var(--wp--custom--colors--corporate-dark-blue);font-family: var(--wp--custom--typography--primary)\">D\u00e9velopper des marques bien-aim\u00e9es<\/strong><span style=\"font-size: 1.25rem;color: var(--wp--custom--colors--corporate-dark-blue);font-family: var(--wp--custom--typography--primary)\"> \u2013 R\u00e9pondre aux besoins des consommateurs, g\u00e9n\u00e9rer une innovation percutante, miser sur nos capacit\u00e9s uniques<\/span><\/p>\n\n\n\n<p><strong style=\"font-size: 1.25rem;color: var(--wp--custom--colors--corporate-dark-blue);font-family: var(--wp--custom--typography--primary)\">\u00c9tendre notre port\u00e9e<\/strong><span style=\"font-size: 1.25rem;color: var(--wp--custom--colors--corporate-dark-blue);font-family: var(--wp--custom--typography--primary)\"> \u2013 \u00c9tendre notre port\u00e9e g\u00e9ographique, d\u00e9velopper de nouveaux canaux et de nouvelles cat\u00e9gories, diversifier notre gamme de prot\u00e9ines<\/span><\/p>\n\n\n\n<p><strong style=\"font-size: 1.25rem;color: var(--wp--custom--colors--corporate-dark-blue);font-family: var(--wp--custom--typography--primary)\">Rechercher l'excellence dans nos activit\u00e9s<\/strong><span style=\"font-size: 1.25rem;color: var(--wp--custom--colors--corporate-dark-blue);font-family: var(--wp--custom--typography--primary)\"> \u2013 Tirer parti des technologies avanc\u00e9es, appliquer la science des donn\u00e9es et l'analytique, am\u00e9liorer la rentabilit\u00e9<\/span><\/p>\n\n\n\n<p><strong>Mettre en valeur des talents prodigieux<\/strong> \u2013 Int\u00e9grer notre culture ax\u00e9e sur les valeurs, miser sur des chefs pr\u00eats pour l'avenir, inspirer un engagement durable<\/p>\n\n\n\t<style type=\"text\/css\">\n\t\t.wp-block-tk-spacer.id-5ea6765f-6d39-4475-b76f-b6aa083c23b2 {\n\t\theight: 200px;\n\t}\n\n\t@media ( max-width: 480px ) {\n\t\t.wp-block-tk-spacer.id-5ea6765f-6d39-4475-b76f-b6aa083c23b2 {\n\t\t\theight: 100px;\n\t\t}\n\t}\t<\/style>\n\t<div class=\"wp-block-tk-spacer id-5ea6765f-6d39-4475-b76f-b6aa083c23b2\" aria-hidden=\"true\"><\/div>\n\t\n\n","protected":false},"excerpt":{"rendered":"<p>Notre plan directeur Notre plan directeur tient lieu de boussole strat\u00e9gique pour l&#8217;organisation. Le plan directeur d\u00e9crit les cinq strat\u00e9gies [&hellip;]<\/p>\n","protected":false},"author":16,"featured_media":0,"parent":611,"menu_order":0,"comment_status":"closed","ping_status":"closed","template":"","meta":{"mlfcorp_iframe_url":"","footnotes":""},"class_list":["post-625","page","type-page","status-publish","hentry"],"acf":[],"yoast_head":"<!-- This site is optimized with the Yoast SEO plugin v21.7 - https:\/\/yoast.com\/wordpress\/plugins\/seo\/ -->\n<title>Au diapason des Valeurs de leadership | Les Aliments Maple Leaf<\/title>\n<meta name=\"description\" content=\"Nos Valeurs de leadership sont au c\u0153ur de notre culture. Nos huit valeurs sont \u00e0 la base de tout ce que nous faisons et de toutes nos d\u00e9cisions op\u00e9rationnelles.\" \/>\n<meta name=\"robots\" content=\"index, follow, max-snippet:-1, max-image-preview:large, max-video-preview:-1\" \/>\n<link rel=\"canonical\" href=\"https:\/\/www.mapleleaffoods.com\/fr\/a-propos-de\/valeurs\/\" \/>\n<meta property=\"og:locale\" content=\"fr_FR\" \/>\n<meta property=\"og:type\" content=\"article\" \/>\n<meta property=\"og:title\" content=\"Au diapason des Valeurs de leadership | Les Aliments Maple Leaf\" \/>\n<meta property=\"og:description\" content=\"Nos Valeurs de leadership sont au c\u0153ur de notre culture. Nos huit valeurs sont \u00e0 la base de tout ce que nous faisons et de toutes nos d\u00e9cisions op\u00e9rationnelles.\" \/>\n<meta property=\"og:url\" content=\"https:\/\/www.mapleleaffoods.com\/fr\/a-propos-de\/valeurs\/\" \/>\n<meta property=\"og:site_name\" content=\"Les Aliments Maple Leaf\" \/>\n<meta property=\"article:modified_time\" content=\"2025-07-24T19:09:27+00:00\" \/>\n<meta property=\"og:image\" content=\"https:\/\/www.mapleleaffoods.com\/wp-content\/uploads\/sites\/6\/2022\/02\/MLB-Values-Hero.jpg\" \/>\n<meta name=\"twitter:card\" content=\"summary_large_image\" \/>\n<meta name=\"twitter:label1\" content=\"Dur\u00e9e de lecture estim\u00e9e\" \/>\n\t<meta name=\"twitter:data1\" content=\"3 minutes\" \/>\n<script type=\"application\/ld+json\" class=\"yoast-schema-graph\">{\"@context\":\"https:\/\/schema.org\",\"@graph\":[{\"@type\":\"WebPage\",\"@id\":\"https:\/\/www.mapleleaffoods.com\/fr\/a-propos-de\/valeurs\/\",\"url\":\"https:\/\/www.mapleleaffoods.com\/fr\/a-propos-de\/valeurs\/\",\"name\":\"Au diapason des Valeurs de leadership | Les Aliments Maple Leaf\",\"isPartOf\":{\"@id\":\"https:\/\/www.mapleleaffoods.com\/fr\/#website\"},\"datePublished\":\"2022-01-31T16:07:26+00:00\",\"dateModified\":\"2025-07-24T19:09:27+00:00\",\"description\":\"Nos Valeurs de leadership sont au c\u0153ur de notre culture. Nos huit valeurs sont \u00e0 la base de tout ce que nous faisons et de toutes nos d\u00e9cisions op\u00e9rationnelles.\",\"breadcrumb\":{\"@id\":\"https:\/\/www.mapleleaffoods.com\/fr\/a-propos-de\/valeurs\/#breadcrumb\"},\"inLanguage\":\"fr-FR\",\"potentialAction\":[{\"@type\":\"ReadAction\",\"target\":[\"https:\/\/www.mapleleaffoods.com\/fr\/a-propos-de\/valeurs\/\"]}]},{\"@type\":\"BreadcrumbList\",\"@id\":\"https:\/\/www.mapleleaffoods.com\/fr\/a-propos-de\/valeurs\/#breadcrumb\",\"itemListElement\":[{\"@type\":\"ListItem\",\"position\":1,\"name\":\"Page d\u2019accueil\",\"item\":\"https:\/\/www.mapleleaffoods.com\/fr\/\"},{\"@type\":\"ListItem\",\"position\":2,\"name\":\"\u00c0 propos de nous\",\"item\":\"https:\/\/www.mapleleaffoods.com\/fr\/a-propos-de\/\"},{\"@type\":\"ListItem\",\"position\":3,\"name\":\"Valeurs\"}]},{\"@type\":\"WebSite\",\"@id\":\"https:\/\/www.mapleleaffoods.com\/fr\/#website\",\"url\":\"https:\/\/www.mapleleaffoods.com\/fr\/\",\"name\":\"Les Aliments Maple Leaf\",\"description\":\"Premi\u00e8re grande entreprise alimentaire carboneutre au monde\",\"publisher\":{\"@id\":\"https:\/\/www.mapleleaffoods.com\/fr\/#organization\"},\"potentialAction\":[{\"@type\":\"SearchAction\",\"target\":{\"@type\":\"EntryPoint\",\"urlTemplate\":\"https:\/\/www.mapleleaffoods.com\/fr\/?s={search_term_string}\"},\"query-input\":\"required name=search_term_string\"}],\"inLanguage\":\"fr-FR\"},{\"@type\":\"Organization\",\"@id\":\"https:\/\/www.mapleleaffoods.com\/fr\/#organization\",\"name\":\"Les Aliments Maple Leaf\",\"url\":\"https:\/\/www.mapleleaffoods.com\/fr\/\",\"logo\":{\"@type\":\"ImageObject\",\"inLanguage\":\"fr-FR\",\"@id\":\"https:\/\/www.mapleleaffoods.com\/fr\/#\/schema\/logo\/image\/\",\"url\":\"https:\/\/www.mapleleaffoods.com\/fr\/wp-content\/uploads\/sites\/7\/2026\/02\/L_MapleLeaf_4C_White_v1_EN.png\",\"contentUrl\":\"https:\/\/www.mapleleaffoods.com\/fr\/wp-content\/uploads\/sites\/7\/2026\/02\/L_MapleLeaf_4C_White_v1_EN.png\",\"width\":1829,\"height\":2200,\"caption\":\"Les Aliments Maple Leaf\"},\"image\":{\"@id\":\"https:\/\/www.mapleleaffoods.com\/fr\/#\/schema\/logo\/image\/\"}}]}<\/script>\n<!-- \/ Yoast SEO plugin. -->","yoast_head_json":{"title":"Au diapason des Valeurs de leadership | Les Aliments Maple Leaf","description":"Nos Valeurs de leadership sont au c\u0153ur de notre culture. Nos huit valeurs sont \u00e0 la base de tout ce que nous faisons et de toutes nos d\u00e9cisions op\u00e9rationnelles.","robots":{"index":"index","follow":"follow","max-snippet":"max-snippet:-1","max-image-preview":"max-image-preview:large","max-video-preview":"max-video-preview:-1"},"canonical":"https:\/\/www.mapleleaffoods.com\/fr\/a-propos-de\/valeurs\/","og_locale":"fr_FR","og_type":"article","og_title":"Au diapason des Valeurs de leadership | Les Aliments Maple Leaf","og_description":"Nos Valeurs de leadership sont au c\u0153ur de notre culture. Nos huit valeurs sont \u00e0 la base de tout ce que nous faisons et de toutes nos d\u00e9cisions op\u00e9rationnelles.","og_url":"https:\/\/www.mapleleaffoods.com\/fr\/a-propos-de\/valeurs\/","og_site_name":"Les Aliments Maple Leaf","article_modified_time":"2025-07-24T19:09:27+00:00","og_image":[{"url":"https:\/\/www.mapleleaffoods.com\/wp-content\/uploads\/sites\/6\/2022\/02\/MLB-Values-Hero.jpg"}],"twitter_card":"summary_large_image","twitter_misc":{"Dur\u00e9e de lecture estim\u00e9e":"3 minutes"},"schema":{"@context":"https:\/\/schema.org","@graph":[{"@type":"WebPage","@id":"https:\/\/www.mapleleaffoods.com\/fr\/a-propos-de\/valeurs\/","url":"https:\/\/www.mapleleaffoods.com\/fr\/a-propos-de\/valeurs\/","name":"Au diapason des Valeurs de leadership | Les Aliments Maple Leaf","isPartOf":{"@id":"https:\/\/www.mapleleaffoods.com\/fr\/#website"},"datePublished":"2022-01-31T16:07:26+00:00","dateModified":"2025-07-24T19:09:27+00:00","description":"Nos Valeurs de leadership sont au c\u0153ur de notre culture. Nos huit valeurs sont \u00e0 la base de tout ce que nous faisons et de toutes nos d\u00e9cisions op\u00e9rationnelles.","breadcrumb":{"@id":"https:\/\/www.mapleleaffoods.com\/fr\/a-propos-de\/valeurs\/#breadcrumb"},"inLanguage":"fr-FR","potentialAction":[{"@type":"ReadAction","target":["https:\/\/www.mapleleaffoods.com\/fr\/a-propos-de\/valeurs\/"]}]},{"@type":"BreadcrumbList","@id":"https:\/\/www.mapleleaffoods.com\/fr\/a-propos-de\/valeurs\/#breadcrumb","itemListElement":[{"@type":"ListItem","position":1,"name":"Page d\u2019accueil","item":"https:\/\/www.mapleleaffoods.com\/fr\/"},{"@type":"ListItem","position":2,"name":"\u00c0 propos de nous","item":"https:\/\/www.mapleleaffoods.com\/fr\/a-propos-de\/"},{"@type":"ListItem","position":3,"name":"Valeurs"}]},{"@type":"WebSite","@id":"https:\/\/www.mapleleaffoods.com\/fr\/#website","url":"https:\/\/www.mapleleaffoods.com\/fr\/","name":"Les Aliments Maple Leaf","description":"Premi\u00e8re grande entreprise alimentaire carboneutre au monde","publisher":{"@id":"https:\/\/www.mapleleaffoods.com\/fr\/#organization"},"potentialAction":[{"@type":"SearchAction","target":{"@type":"EntryPoint","urlTemplate":"https:\/\/www.mapleleaffoods.com\/fr\/?s={search_term_string}"},"query-input":"required name=search_term_string"}],"inLanguage":"fr-FR"},{"@type":"Organization","@id":"https:\/\/www.mapleleaffoods.com\/fr\/#organization","name":"Les Aliments Maple Leaf","url":"https:\/\/www.mapleleaffoods.com\/fr\/","logo":{"@type":"ImageObject","inLanguage":"fr-FR","@id":"https:\/\/www.mapleleaffoods.com\/fr\/#\/schema\/logo\/image\/","url":"https:\/\/www.mapleleaffoods.com\/fr\/wp-content\/uploads\/sites\/7\/2026\/02\/L_MapleLeaf_4C_White_v1_EN.png","contentUrl":"https:\/\/www.mapleleaffoods.com\/fr\/wp-content\/uploads\/sites\/7\/2026\/02\/L_MapleLeaf_4C_White_v1_EN.png","width":1829,"height":2200,"caption":"Les Aliments Maple Leaf"},"image":{"@id":"https:\/\/www.mapleleaffoods.com\/fr\/#\/schema\/logo\/image\/"}}]}},"jetpack_sharing_enabled":true,"_links":{"self":[{"href":"https:\/\/www.mapleleaffoods.com\/fr\/wp-json\/wp\/v2\/pages\/625"}],"collection":[{"href":"https:\/\/www.mapleleaffoods.com\/fr\/wp-json\/wp\/v2\/pages"}],"about":[{"href":"https:\/\/www.mapleleaffoods.com\/fr\/wp-json\/wp\/v2\/types\/page"}],"author":[{"embeddable":true,"href":"https:\/\/www.mapleleaffoods.com\/fr\/wp-json\/wp\/v2\/users\/16"}],"replies":[{"embeddable":true,"href":"https:\/\/www.mapleleaffoods.com\/fr\/wp-json\/wp\/v2\/comments?post=625"}],"version-history":[{"count":35,"href":"https:\/\/www.mapleleaffoods.com\/fr\/wp-json\/wp\/v2\/pages\/625\/revisions"}],"predecessor-version":[{"id":259615,"href":"https:\/\/www.mapleleaffoods.com\/fr\/wp-json\/wp\/v2\/pages\/625\/revisions\/259615"}],"up":[{"embeddable":true,"href":"https:\/\/www.mapleleaffoods.com\/fr\/wp-json\/wp\/v2\/pages\/611"}],"wp:attachment":[{"href":"https:\/\/www.mapleleaffoods.com\/fr\/wp-json\/wp\/v2\/media?parent=625"}],"curies":[{"name":"wp","href":"https:\/\/api.w.org\/{rel}","templated":true}]}}