{"id":618,"date":"2022-01-31T16:05:31","date_gmt":"2022-01-31T16:05:31","guid":{"rendered":"https:\/\/staging.mapleleaffoods.com\/fr\/?page_id=618"},"modified":"2026-03-19T16:17:55","modified_gmt":"2026-03-19T20:17:55","slug":"gouvernance-d-entreprise","status":"publish","type":"page","link":"https:\/\/www.mapleleaffoods.com\/fr\/a-propos-de\/gouvernance-d-entreprise\/","title":{"rendered":"Gouvernance D&#8217;entreprise"},"content":{"rendered":"\n<section class=\"wp-block-mlfcorp-level-one-header level-one-header-container\"><span class=\"has-h-5-font-size\"><mark class=\"has-inline-color has-flag-blue-color\">Les Aliments Maple Leaf<\/mark><\/span><h1 class=\"has-h-1-font-size\">Gouvernance <mark class=\"has-inline-color has-corporate-dark-blue-color\">d\u2019entreprise<\/mark> <\/h1>\n<div class=\"wp-block-cover alignfull is-light\"><span aria-hidden=\"true\" class=\"wp-block-cover__background has-background-dim-0 has-background-dim\"><\/span><img decoding=\"async\" class=\"wp-block-cover__image-background wp-image-249648\" alt=\"Corporate lobby\" src=\"https:\/\/www.mapleleaffoods.com\/wp-content\/uploads\/sites\/6\/2022\/02\/MLF-Hero-CorporateGovernance.jpg\" data-object-fit=\"cover\" \/><div class=\"wp-block-cover__inner-container is-layout-flow wp-block-cover-is-layout-flow\">\n<p class=\"has-text-align-center has-large-font-size\"><\/p>\n<\/div><\/div>\n<\/section>\n\n\n\t<style type=\"text\/css\">\n\t\t.wp-block-tk-spacer.id-7347cb22-67c4-4b72-a916-fdb5a49cb66c {\n\t\theight: 100px;\n\t}\n\n\t@media ( max-width: 480px ) {\n\t\t.wp-block-tk-spacer.id-7347cb22-67c4-4b72-a916-fdb5a49cb66c {\n\t\t\theight: 100px;\n\t\t}\n\t}\t<\/style>\n\t<div class=\"wp-block-tk-spacer id-7347cb22-67c4-4b72-a916-fdb5a49cb66c\" aria-hidden=\"true\"><\/div>\n\t\n\n\n<div class=\"wp-block-tk-grid\"><div class=\"grid\"><div class=\"sm-col-12 lg-col-12 sm-start-0 lg-start-2\">\n<h2 class=\"wp-block-heading\">Notre niveau \u00e9lev\u00e9 d\u2019int\u00e9grit\u00e9 est renforc\u00e9 \u00e0 tous les niveaux chez les Aliments Maple Leaf. <\/h2>\n\n\n\n<h4 class=\"wp-block-heading\"><mark class=\"has-inline-color has-corporate-dark-blue-color\">Le conseil d\u2019administration et la direction s\u2019engagent \u00e0 appliquer une norme \u00e9lev\u00e9e de gouvernance d\u2019entreprise afin de gagner de fa\u00e7on constante la confiance de nos actionnaires et d\u2019autres intervenants.<\/mark><\/h4>\n<\/div><\/div><\/div>\n\n\n\t<style type=\"text\/css\">\n\t\t.wp-block-tk-spacer.id-3941c2d7-4163-49c0-b935-740d61ead79b {\n\t\theight: 200px;\n\t}\n\n\t@media ( max-width: 480px ) {\n\t\t.wp-block-tk-spacer.id-3941c2d7-4163-49c0-b935-740d61ead79b {\n\t\t\theight: 100px;\n\t\t}\n\t}\t<\/style>\n\t<div class=\"wp-block-tk-spacer id-3941c2d7-4163-49c0-b935-740d61ead79b\" aria-hidden=\"true\"><\/div>\n\t\n\n\n<div class=\"wp-block-mlfcorp-card-component-block card-component-container hide-image card-layout-horizontal card-position-center image-orientation-right\" style=\"padding-top:0\"><div class=\"grid align-middle\"><div class=\"sm-col-12 lg-col-8 lg-start-1 details-wrapper\"><div class=\"card-component-details align-middle image-orientation-right\"><div><p class=\"surtitle-heading\">Les Aliments Maple Leaf<\/p><h3 class=\"title-heading\">Mandat du conseil d\u2019administration<\/h3><p class=\"card-component-text\">Le conseil d\u2019administration a un mandat officiel qui comprend ses responsabilit\u00e9s relatives \u00e0 la nomination et au perfectionnement de la direction, la planification strat\u00e9gique, la surveillance du rendement financier, la communication de l\u2019information financi\u00e8re, la gestion des risques et la surveillance des politiques et proc\u00e9dures de l\u2019entreprise, les communications et la production de rapports, ainsi que la conformit\u00e9.<br><br>Le conseil d\u2019administration et la direction des Aliments Maple Leaf sont responsables envers les actionnaires. Toutes les activit\u00e9s du conseil d\u2019administration ont pour objet de pr\u00e9server et d\u2019am\u00e9liorer la valeur sous-jacente de l\u2019entreprise. Les r\u00f4les du conseil, du pr\u00e9sident et chef de la direction (PDG), du pr\u00e9sident du conseil d\u2019administration et de chaque comit\u00e9 sont clairement d\u00e9limit\u00e9s.<br><br>Les processus et pratiques de gouvernance de l\u2019entreprise sont r\u00e9guli\u00e8rement \u00e9valu\u00e9s pour assurer l\u2019atteinte des objectifs de gouvernance.<br><br>L\u2019\u00e9quipe de direction est men\u00e9e par le pr\u00e9sident et chef de la direction, \u00e0 qui il incombe d\u2019\u00e9laborer la strat\u00e9gie \u00e0 long terme de l\u2019entreprise. Le conseil d\u2019administration est guid\u00e9 par des directives claires qui l\u2019aident \u00e0 s\u2019acquitter de ses responsabilit\u00e9s de gouvernance de l\u2019entreprise. Il examine, remet en question, valide et approuve les strat\u00e9gies de chaque segment d\u2019exploitation de la soci\u00e9t\u00e9.<\/p>\n<div class=\"wp-block-button is-style-secondary down-arrow-icon\"><a class=\"wp-block-button__link wp-element-button\" href=\"http:\/\/media.corporate-ir.net\/media_files\/irol\/88\/88490\/governance\/121506BoardMandate.pdf\" target=\"_blank\" rel=\"noreferrer noopener\" aria-label=\"T\u00e9l\u00e9chargez le mandat du conseil\">T\u00e9l\u00e9chargez le mandat du conseil (en anglais seulement)<\/a><span class=\"file-size-button\"><\/span><\/div>\n\n\n\n<div class=\"wp-block-button is-style-secondary\"><a class=\"wp-block-button__link wp-element-button\" href=\"https:\/\/www.mapleleaffoods.com\/fr\/a-propos-de\/conseil-d-administration\/\" target=\"_blank\" rel=\"noreferrer noopener\" aria-label=\"Rencontrez notre conseil d\u2019administration\">Rencontrez notre conseil d\u2019administration<\/a><span class=\"file-size-button\"><\/span><\/div>\n<\/div><\/div><\/div><\/div><\/div>\n\n\n\t<style type=\"text\/css\">\n\t\t.wp-block-tk-spacer.id-b84b64cc-cc35-4b65-a56a-ac29dbf76a28 {\n\t\theight: 200px;\n\t}\n\n\t@media ( max-width: 480px ) {\n\t\t.wp-block-tk-spacer.id-b84b64cc-cc35-4b65-a56a-ac29dbf76a28 {\n\t\t\theight: 100px;\n\t\t}\n\t}\t<\/style>\n\t<div class=\"wp-block-tk-spacer id-b84b64cc-cc35-4b65-a56a-ac29dbf76a28\" aria-hidden=\"true\"><\/div>\n\t\n\n\n<div class=\"wp-block-mlfcorp-card-component-block card-component-container hide-image card-layout-horizontal card-position-center image-orientation-right\" style=\"padding-top:0\"><div class=\"grid top\"><div class=\"sm-col-12 lg-col-8 lg-start-4 details-wrapper\"><div class=\"card-component-details top image-orientation-right\"><div><h3 class=\"title-heading\">Code de conduite professionnelle<\/h3><p class=\"card-component-text\">Nous sommes profond\u00e9ment engag\u00e9s \u00e0 respecter les plus hautes normes en mati\u00e8re de respect et d\u2019int\u00e9grit\u00e9 dans la conduite de toutes nos relations et activit\u00e9s commerciales. Ces normes s\u2019appliquent autant \u00e0 l\u2019interne qu\u2019\u00e0 l\u2019\u00e9gard des affaires men\u00e9es avec nos clients, nos fournisseurs, nos concurrents et nos investisseurs. Le conseil s\u2019attend \u00e0 ce que les administrateurs, dirigeants et employ\u00e9s agissent en tout temps de mani\u00e8re \u00e9thique.<br><br>Le conseil d\u2019administration prend toutes les mesures pour s\u2019assurer que le pr\u00e9sident et chef de la direction, de m\u00eame que les cadres dirigeants, respectent les r\u00e8gles d\u2019\u00e9thique et agissent de mani\u00e8re int\u00e8gre et il veille \u00e0 ce que les proc\u00e9dures de d\u00e9ontologie ad\u00e9quates soient \u00e9tablies.<br><br>Le Code de conduite professionnelle oriente les normes de conduite professionnelle que tous les employ\u00e9s des Aliments Maple Leaf doivent respecter. Les actions de tous nos employ\u00e9s sont encadr\u00e9es par notre Code de conduite professionnelle et nos Valeurs de leadership. Chaque ann\u00e9e, au moment de l\u2019\u00e9valuation de son rendement, chaque employ\u00e9(e) r\u00e9affirme par \u00e9crit son adh\u00e9sion \u00e0 la politique.<br><br>Par ailleurs, les Aliments Maple Leaf a \u00e9tabli une ligne de t\u00e9l\u00e9assistance en mati\u00e8re d\u2019\u00e9thique qui fournit aux employ\u00e9s un moyen de soulever des pr\u00e9occupations telles que la fraude, les irr\u00e9gularit\u00e9s comptables, la violation de produit ou d\u2019autres pr\u00e9occupations. Tous les appels sont enregistr\u00e9s et consign\u00e9s par un centre d\u2019appel ind\u00e9pendant. Ils font tous l\u2019objet d\u2019un suivi et tous les probl\u00e8mes sont r\u00e9solus au moyen d\u2019un syst\u00e8me de gestion des cas. Tous les plaignants sont prot\u00e9g\u00e9s contre les repr\u00e9sailles lorsqu\u2019ils font \u00e9tat de leurs pr\u00e9occupations de bonne foi. Chaque trimestre, le Comit\u00e9 de v\u00e9rification examine les rapports sur les appels ainsi que la r\u00e9solution des probl\u00e8mes soulev\u00e9s.<\/p>\n<div class=\"wp-block-button is-style-secondary down-arrow-icon\"><a class=\"wp-block-button__link wp-element-button\" href=\"https:\/\/www.mapleleaffoods.com\/fr\/wp-content\/uploads\/sites\/7\/2026\/03\/Code-of-Business-Conduct_f.pdf\" target=\"_blank\" rel=\"noreferrer noopener\" aria-label=\"T\u00e9l\u00e9chargez notre Code de conduite professionnelle\">T\u00e9l\u00e9chargez notre Code de conduite professionnelle<\/a><span class=\"file-size-button\">200 Ko<\/span><\/div>\n<\/div><\/div><\/div><\/div><\/div>\n\n\n\t<style type=\"text\/css\">\n\t\t.wp-block-tk-spacer.id-567a0690-c2c5-4739-a764-60bf51373ae5 {\n\t\theight: 200px;\n\t}\n\n\t@media ( max-width: 480px ) {\n\t\t.wp-block-tk-spacer.id-567a0690-c2c5-4739-a764-60bf51373ae5 {\n\t\t\theight: 100px;\n\t\t}\n\t}\t<\/style>\n\t<div class=\"wp-block-tk-spacer id-567a0690-c2c5-4739-a764-60bf51373ae5\" aria-hidden=\"true\"><\/div>\n\t\n\n\n<div class=\"wp-block-mlfcorp-card-component-block card-component-container hide-image card-layout-horizontal card-position-center image-orientation-right\" style=\"padding-top:0\"><div class=\"grid top\"><div class=\"sm-col-12 lg-col-8 lg-start-1 details-wrapper\"><div class=\"card-component-details top image-orientation-right\"><div><h4 class=\"title-heading\">Documents de gouvernance d\u2019entreprise<\/h4><p class=\"card-component-text\">Les Aliments Maple Leaf est r\u00e9solue \u00e0 faire preuve de transparence et de responsabilisation. Nos politiques et proc\u00e9dures officielles sont examin\u00e9es r\u00e9guli\u00e8rement et sont le compl\u00e9ment de notre approche de prise de d\u00e9cision bas\u00e9e sur les valeurs.\u00a0<\/p><\/div><\/div><\/div><\/div><\/div>\n\n\n<div class=\"wp-list-block\">\n<ul class=\"wp-block-list\">\n<li><a href=\"https:\/\/www.mapleleaffoods.com\/wp-content\/uploads\/sites\/6\/2018\/04\/MLF-Certificate-and-Articles-of-Amalgamation.pdf\" target=\"_blank\" rel=\"noreferrer noopener\">Certificat et statuts de fusion<\/a> (Disponible en anglais seulement)<\/li>\n\n\n\n<li><a href=\"https:\/\/www.mapleleaffoods.com\/wp-content\/uploads\/sites\/6\/2018\/05\/MLF-By-laws.pdf\" target=\"_blank\" rel=\"noreferrer noopener\">R\u00e8glements des Aliments Maple Leaf<\/a> (Disponible en anglais seulement)<\/li>\n\n\n\n<li><a href=\"https:\/\/www.mapleleaffoods.com\/wp-content\/uploads\/sites\/6\/2018\/05\/MLF-Board-Mandate.pdf\" target=\"_blank\" rel=\"noreferrer noopener\">Mandat du conseil<\/a> (Disponible en anglais seulement)<\/li>\n\n\n\n<li><a href=\"https:\/\/www.mapleleaffoods.com\/wp-content\/uploads\/sites\/6\/2018\/04\/MLF-Amended-and-Restated-Governance-Agreement.pdf\" target=\"_blank\" rel=\"noreferrer noopener\">Accord de gouvernance modifi\u00e9 et mis \u00e0 jour<\/a> (Disponible en anglais seulement)<\/li>\n\n\n\n<li><a href=\"https:\/\/www.mapleleaffoods.com\/wp-content\/uploads\/sites\/6\/2018\/05\/MLF-Audit-Committee-Charter.pdf\" target=\"_blank\" rel=\"noreferrer noopener\">Charte du comit\u00e9 d'audit<\/a> (Disponible en anglais seulement)<\/li>\n\n\n\n<li><a href=\"https:\/\/www.mapleleaffoods.com\/wp-content\/uploads\/sites\/6\/2018\/05\/MLF-Corporate-Governance-Committee-Charter.pdf\" target=\"_blank\" rel=\"noreferrer noopener\">Charte du comit\u00e9 de r\u00e9gie d'entreprise<\/a> (Disponible en anglais seulement)<\/li>\n\n\n\n<li><a href=\"https:\/\/www.mapleleaffoods.com\/wp-content\/uploads\/sites\/6\/2018\/05\/MLF-Human-Resources-and-Compensation-Committee-Charter.pdf\" target=\"_blank\" rel=\"noreferrer noopener\">Charte du comit\u00e9 des ressources humaines et de la r\u00e9mun\u00e9ration<\/a> (Disponible en anglais seulement)<\/li>\n\n\n\n<li><a href=\"https:\/\/www.mapleleaffoods.com\/wp-content\/uploads\/sites\/6\/2018\/05\/MLF-Safety-and-Sustainability-Committee-Charter.pdf\" target=\"_blank\" rel=\"noreferrer noopener\">Charte du comit\u00e9 de s\u00e9curit\u00e9 et de durabilit\u00e9<\/a> (Disponible en anglais seulement)<\/li>\n\n\n\n<li><a href=\"https:\/\/www.mapleleaffoods.com\/wp-content\/uploads\/sites\/6\/2018\/12\/Maple-Leaf-Foods-UK-Limited-Tax-Strategy-Report.pdf\" target=\"_blank\" rel=\"noreferrer noopener\">Strat\u00e9gie fiscale de Maple Leaf Foods UK Limited<\/a> (Disponible en anglais seulement)<\/li>\n\n\n\n<li><a href=\"https:\/\/www.mapleleaffoods.com\/fr\/wp-content\/uploads\/sites\/7\/2026\/03\/Modern-Slavery-Reporting-2025-Final-French-Signed-1.pdf\">Loi sur l\u2019esclavage moderne<\/a><\/li>\n<\/ul>\n<\/div>\n\n\t<style type=\"text\/css\">\n\t\t.wp-block-tk-spacer.id-034162a4-d87f-4b58-8828-1257941c7a7a {\n\t\theight: 200px;\n\t}\n\n\t@media ( max-width: 480px ) {\n\t\t.wp-block-tk-spacer.id-034162a4-d87f-4b58-8828-1257941c7a7a {\n\t\t\theight: 100px;\n\t\t}\n\t}\t<\/style>\n\t<div class=\"wp-block-tk-spacer id-034162a4-d87f-4b58-8828-1257941c7a7a\" aria-hidden=\"true\"><\/div>\n\t\n\n","protected":false},"excerpt":{"rendered":"","protected":false},"author":16,"featured_media":0,"parent":611,"menu_order":0,"comment_status":"closed","ping_status":"closed","template":"","meta":{"mlfcorp_iframe_url":"","footnotes":""},"class_list":["post-618","page","type-page","status-publish","hentry"],"acf":[],"yoast_head":"<!-- This site is optimized with the Yoast SEO plugin v21.7 - https:\/\/yoast.com\/wordpress\/plugins\/seo\/ -->\n<title>Gouvernance d\u2019entreprise toujours int\u00e8gre | Les Aliments Maple Leaf<\/title>\n<meta name=\"description\" content=\"Les Aliments Maple Leaf maintient une grande int\u00e9grit\u00e9 \u00e0 tous les niveaux. Le conseil d\u2019administration et la direction pr\u00f4nent une norme de gouvernance...\" \/>\n<meta name=\"robots\" content=\"index, follow, max-snippet:-1, max-image-preview:large, max-video-preview:-1\" \/>\n<link rel=\"canonical\" href=\"https:\/\/www.mapleleaffoods.com\/fr\/a-propos-de\/gouvernance-d-entreprise\/\" \/>\n<meta property=\"og:locale\" content=\"fr_FR\" \/>\n<meta property=\"og:type\" content=\"article\" \/>\n<meta property=\"og:title\" content=\"Gouvernance d\u2019entreprise toujours int\u00e8gre | Les Aliments Maple Leaf\" \/>\n<meta property=\"og:description\" content=\"Les Aliments Maple Leaf maintient une grande int\u00e9grit\u00e9 \u00e0 tous les niveaux. Le conseil d\u2019administration et la direction pr\u00f4nent une norme de gouvernance...\" \/>\n<meta property=\"og:url\" content=\"https:\/\/www.mapleleaffoods.com\/fr\/a-propos-de\/gouvernance-d-entreprise\/\" \/>\n<meta property=\"og:site_name\" content=\"Les Aliments Maple Leaf\" \/>\n<meta property=\"article:modified_time\" content=\"2026-03-19T20:17:55+00:00\" \/>\n<meta property=\"og:image\" content=\"https:\/\/www.mapleleaffoods.com\/wp-content\/uploads\/sites\/6\/2022\/02\/MLF-Hero-CorporateGovernance.jpg\" \/>\n<meta name=\"twitter:card\" content=\"summary_large_image\" \/>\n<meta name=\"twitter:label1\" content=\"Dur\u00e9e de lecture estim\u00e9e\" \/>\n\t<meta name=\"twitter:data1\" content=\"4 minutes\" \/>\n<script type=\"application\/ld+json\" class=\"yoast-schema-graph\">{\"@context\":\"https:\/\/schema.org\",\"@graph\":[{\"@type\":\"WebPage\",\"@id\":\"https:\/\/www.mapleleaffoods.com\/fr\/a-propos-de\/gouvernance-d-entreprise\/\",\"url\":\"https:\/\/www.mapleleaffoods.com\/fr\/a-propos-de\/gouvernance-d-entreprise\/\",\"name\":\"Gouvernance d\u2019entreprise toujours int\u00e8gre | Les Aliments Maple Leaf\",\"isPartOf\":{\"@id\":\"https:\/\/www.mapleleaffoods.com\/fr\/#website\"},\"datePublished\":\"2022-01-31T16:05:31+00:00\",\"dateModified\":\"2026-03-19T20:17:55+00:00\",\"description\":\"Les Aliments Maple Leaf maintient une grande int\u00e9grit\u00e9 \u00e0 tous les niveaux. Le conseil d\u2019administration et la direction pr\u00f4nent une norme de gouvernance...\",\"breadcrumb\":{\"@id\":\"https:\/\/www.mapleleaffoods.com\/fr\/a-propos-de\/gouvernance-d-entreprise\/#breadcrumb\"},\"inLanguage\":\"fr-FR\",\"potentialAction\":[{\"@type\":\"ReadAction\",\"target\":[\"https:\/\/www.mapleleaffoods.com\/fr\/a-propos-de\/gouvernance-d-entreprise\/\"]}]},{\"@type\":\"BreadcrumbList\",\"@id\":\"https:\/\/www.mapleleaffoods.com\/fr\/a-propos-de\/gouvernance-d-entreprise\/#breadcrumb\",\"itemListElement\":[{\"@type\":\"ListItem\",\"position\":1,\"name\":\"Page d\u2019accueil\",\"item\":\"https:\/\/www.mapleleaffoods.com\/fr\/\"},{\"@type\":\"ListItem\",\"position\":2,\"name\":\"\u00c0 propos de nous\",\"item\":\"https:\/\/www.mapleleaffoods.com\/fr\/a-propos-de\/\"},{\"@type\":\"ListItem\",\"position\":3,\"name\":\"Gouvernance D&#8217;entreprise\"}]},{\"@type\":\"WebSite\",\"@id\":\"https:\/\/www.mapleleaffoods.com\/fr\/#website\",\"url\":\"https:\/\/www.mapleleaffoods.com\/fr\/\",\"name\":\"Les Aliments Maple Leaf\",\"description\":\"Premi\u00e8re grande entreprise alimentaire carboneutre au monde\",\"publisher\":{\"@id\":\"https:\/\/www.mapleleaffoods.com\/fr\/#organization\"},\"potentialAction\":[{\"@type\":\"SearchAction\",\"target\":{\"@type\":\"EntryPoint\",\"urlTemplate\":\"https:\/\/www.mapleleaffoods.com\/fr\/?s={search_term_string}\"},\"query-input\":\"required name=search_term_string\"}],\"inLanguage\":\"fr-FR\"},{\"@type\":\"Organization\",\"@id\":\"https:\/\/www.mapleleaffoods.com\/fr\/#organization\",\"name\":\"Les Aliments Maple Leaf\",\"url\":\"https:\/\/www.mapleleaffoods.com\/fr\/\",\"logo\":{\"@type\":\"ImageObject\",\"inLanguage\":\"fr-FR\",\"@id\":\"https:\/\/www.mapleleaffoods.com\/fr\/#\/schema\/logo\/image\/\",\"url\":\"https:\/\/www.mapleleaffoods.com\/fr\/wp-content\/uploads\/sites\/7\/2026\/02\/L_MapleLeaf_4C_White_v1_EN.png\",\"contentUrl\":\"https:\/\/www.mapleleaffoods.com\/fr\/wp-content\/uploads\/sites\/7\/2026\/02\/L_MapleLeaf_4C_White_v1_EN.png\",\"width\":1829,\"height\":2200,\"caption\":\"Les Aliments Maple Leaf\"},\"image\":{\"@id\":\"https:\/\/www.mapleleaffoods.com\/fr\/#\/schema\/logo\/image\/\"}}]}<\/script>\n<!-- \/ Yoast SEO plugin. -->","yoast_head_json":{"title":"Gouvernance d\u2019entreprise toujours int\u00e8gre | Les Aliments Maple Leaf","description":"Les Aliments Maple Leaf maintient une grande int\u00e9grit\u00e9 \u00e0 tous les niveaux. Le conseil d\u2019administration et la direction pr\u00f4nent une norme de gouvernance...","robots":{"index":"index","follow":"follow","max-snippet":"max-snippet:-1","max-image-preview":"max-image-preview:large","max-video-preview":"max-video-preview:-1"},"canonical":"https:\/\/www.mapleleaffoods.com\/fr\/a-propos-de\/gouvernance-d-entreprise\/","og_locale":"fr_FR","og_type":"article","og_title":"Gouvernance d\u2019entreprise toujours int\u00e8gre | Les Aliments Maple Leaf","og_description":"Les Aliments Maple Leaf maintient une grande int\u00e9grit\u00e9 \u00e0 tous les niveaux. Le conseil d\u2019administration et la direction pr\u00f4nent une norme de gouvernance...","og_url":"https:\/\/www.mapleleaffoods.com\/fr\/a-propos-de\/gouvernance-d-entreprise\/","og_site_name":"Les Aliments Maple Leaf","article_modified_time":"2026-03-19T20:17:55+00:00","og_image":[{"url":"https:\/\/www.mapleleaffoods.com\/wp-content\/uploads\/sites\/6\/2022\/02\/MLF-Hero-CorporateGovernance.jpg"}],"twitter_card":"summary_large_image","twitter_misc":{"Dur\u00e9e de lecture estim\u00e9e":"4 minutes"},"schema":{"@context":"https:\/\/schema.org","@graph":[{"@type":"WebPage","@id":"https:\/\/www.mapleleaffoods.com\/fr\/a-propos-de\/gouvernance-d-entreprise\/","url":"https:\/\/www.mapleleaffoods.com\/fr\/a-propos-de\/gouvernance-d-entreprise\/","name":"Gouvernance d\u2019entreprise toujours int\u00e8gre | Les Aliments Maple Leaf","isPartOf":{"@id":"https:\/\/www.mapleleaffoods.com\/fr\/#website"},"datePublished":"2022-01-31T16:05:31+00:00","dateModified":"2026-03-19T20:17:55+00:00","description":"Les Aliments Maple Leaf maintient une grande int\u00e9grit\u00e9 \u00e0 tous les niveaux. Le conseil d\u2019administration et la direction pr\u00f4nent une norme de gouvernance...","breadcrumb":{"@id":"https:\/\/www.mapleleaffoods.com\/fr\/a-propos-de\/gouvernance-d-entreprise\/#breadcrumb"},"inLanguage":"fr-FR","potentialAction":[{"@type":"ReadAction","target":["https:\/\/www.mapleleaffoods.com\/fr\/a-propos-de\/gouvernance-d-entreprise\/"]}]},{"@type":"BreadcrumbList","@id":"https:\/\/www.mapleleaffoods.com\/fr\/a-propos-de\/gouvernance-d-entreprise\/#breadcrumb","itemListElement":[{"@type":"ListItem","position":1,"name":"Page d\u2019accueil","item":"https:\/\/www.mapleleaffoods.com\/fr\/"},{"@type":"ListItem","position":2,"name":"\u00c0 propos de nous","item":"https:\/\/www.mapleleaffoods.com\/fr\/a-propos-de\/"},{"@type":"ListItem","position":3,"name":"Gouvernance D&#8217;entreprise"}]},{"@type":"WebSite","@id":"https:\/\/www.mapleleaffoods.com\/fr\/#website","url":"https:\/\/www.mapleleaffoods.com\/fr\/","name":"Les Aliments Maple Leaf","description":"Premi\u00e8re grande entreprise alimentaire carboneutre au monde","publisher":{"@id":"https:\/\/www.mapleleaffoods.com\/fr\/#organization"},"potentialAction":[{"@type":"SearchAction","target":{"@type":"EntryPoint","urlTemplate":"https:\/\/www.mapleleaffoods.com\/fr\/?s={search_term_string}"},"query-input":"required name=search_term_string"}],"inLanguage":"fr-FR"},{"@type":"Organization","@id":"https:\/\/www.mapleleaffoods.com\/fr\/#organization","name":"Les Aliments Maple Leaf","url":"https:\/\/www.mapleleaffoods.com\/fr\/","logo":{"@type":"ImageObject","inLanguage":"fr-FR","@id":"https:\/\/www.mapleleaffoods.com\/fr\/#\/schema\/logo\/image\/","url":"https:\/\/www.mapleleaffoods.com\/fr\/wp-content\/uploads\/sites\/7\/2026\/02\/L_MapleLeaf_4C_White_v1_EN.png","contentUrl":"https:\/\/www.mapleleaffoods.com\/fr\/wp-content\/uploads\/sites\/7\/2026\/02\/L_MapleLeaf_4C_White_v1_EN.png","width":1829,"height":2200,"caption":"Les Aliments Maple Leaf"},"image":{"@id":"https:\/\/www.mapleleaffoods.com\/fr\/#\/schema\/logo\/image\/"}}]}},"jetpack_sharing_enabled":true,"_links":{"self":[{"href":"https:\/\/www.mapleleaffoods.com\/fr\/wp-json\/wp\/v2\/pages\/618"}],"collection":[{"href":"https:\/\/www.mapleleaffoods.com\/fr\/wp-json\/wp\/v2\/pages"}],"about":[{"href":"https:\/\/www.mapleleaffoods.com\/fr\/wp-json\/wp\/v2\/types\/page"}],"author":[{"embeddable":true,"href":"https:\/\/www.mapleleaffoods.com\/fr\/wp-json\/wp\/v2\/users\/16"}],"replies":[{"embeddable":true,"href":"https:\/\/www.mapleleaffoods.com\/fr\/wp-json\/wp\/v2\/comments?post=618"}],"version-history":[{"count":33,"href":"https:\/\/www.mapleleaffoods.com\/fr\/wp-json\/wp\/v2\/pages\/618\/revisions"}],"predecessor-version":[{"id":260335,"href":"https:\/\/www.mapleleaffoods.com\/fr\/wp-json\/wp\/v2\/pages\/618\/revisions\/260335"}],"up":[{"embeddable":true,"href":"https:\/\/www.mapleleaffoods.com\/fr\/wp-json\/wp\/v2\/pages\/611"}],"wp:attachment":[{"href":"https:\/\/www.mapleleaffoods.com\/fr\/wp-json\/wp\/v2\/media?parent=618"}],"curies":[{"name":"wp","href":"https:\/\/api.w.org\/{rel}","templated":true}]}}