{"id":611,"date":"2022-01-31T16:00:55","date_gmt":"2022-01-31T16:00:55","guid":{"rendered":"https:\/\/staging.mapleleaffoods.com\/fr\/?page_id=611"},"modified":"2025-10-01T13:33:59","modified_gmt":"2025-10-01T17:33:59","slug":"a-propos-de","status":"publish","type":"page","link":"https:\/\/www.mapleleaffoods.com\/fr\/a-propos-de\/","title":{"rendered":"\u00c0 propos de nous"},"content":{"rendered":"\n<section class=\"wp-block-mlfcorp-level-one-header level-one-header-container\"><span class=\"has-h-5-font-size\"><mark class=\"has-inline-color has-flag-blue-color\">\u00c0 propos<\/mark><\/span><h1 class=\"has-h-1-font-size\">des Aliments <br><mark class=\"has-inline-color has-corporate-dark-blue-color\">Maple Leaf<\/mark><\/h1>\n<div class=\"wp-block-cover alignfull is-light\"><span aria-hidden=\"true\" class=\"wp-block-cover__background has-background-dim-0 has-background-dim\"><\/span><img decoding=\"async\" class=\"wp-block-cover__image-background wp-image-249580\" alt=\"Coucher de soleil sur le terrain\" src=\"https:\/\/www.mapleleaffoods.com\/wp-content\/uploads\/sites\/6\/2022\/02\/MLF-Hero-About.jpg\" data-object-fit=\"cover\" \/><div class=\"wp-block-cover__inner-container is-layout-flow wp-block-cover-is-layout-flow\">\n<p class=\"has-text-align-center has-large-font-size\"><\/p>\n<\/div><\/div>\n<\/section>\n\n\n\n<div class=\"wp-block-tk-grid\"><div class=\"grid\"><div class=\"sm-col-12 lg-col-8 sm-start-0 lg-start-2\">\t<style type=\"text\/css\">\n\t\t.wp-block-tk-spacer.id-83493323-9452-4ce1-827c-37c2639dc947 {\n\t\theight: 100px;\n\t}\n\n\t@media ( max-width: 480px ) {\n\t\t.wp-block-tk-spacer.id-83493323-9452-4ce1-827c-37c2639dc947 {\n\t\t\theight: 50px;\n\t\t}\n\t}\t<\/style>\n\t<div class=\"wp-block-tk-spacer id-83493323-9452-4ce1-827c-37c2639dc947\" aria-hidden=\"true\"><\/div>\n\t\n\n\n<h2 class=\"wp-block-heading\" id=\"we-re-passionate-about-food-for-more-than-100-years-we-ve-made-delicious-healthy-protein-that-canadians-love-under-iconic-national-and-regional-brands-our-history-and-our-ambitious-drive-for-a-better-future-set-us-apart-our-vision-is-to-be-the-most-sustainable-protein-company-on-earth-this-deeply-held-commitment-guides-all-our-decisions\">Les aliments nous passionnent. Depuis plus de 100 ans, nous produisons de d\u00e9licieuses prot\u00e9ines saines aim\u00e9es des Canadiens sous des marques nationales et r\u00e9gionales embl\u00e9matiques. Notre histoire et notre ambition de favoriser un avenir meilleur nous distinguent. <\/h2>\n\n\n\n<h4 class=\"wp-block-heading\"><mark class=\"has-inline-color has-corporate-dark-blue-color\">Cet engagement profond oriente toutes nos d\u00e9cisions.<\/mark><\/h4>\n<\/div><\/div><\/div>\n\n\n\t<style type=\"text\/css\">\n\t\t.wp-block-tk-spacer.id-bbaf240d-370d-406b-828c-42519b8480be {\n\t\theight: 200px;\n\t}\n\n\t@media ( max-width: 480px ) {\n\t\t.wp-block-tk-spacer.id-bbaf240d-370d-406b-828c-42519b8480be {\n\t\t\theight: 100px;\n\t\t}\n\t}\t<\/style>\n\t<div class=\"wp-block-tk-spacer id-bbaf240d-370d-406b-828c-42519b8480be\" aria-hidden=\"true\"><\/div>\n\t\n\n\n<div class=\"wp-block-mlfcorp-card-component-block card-component-container card-layout-horizontal card-position-center image-orientation-right\" style=\"padding-top:0\"><div class=\"grid align-middle\"><div class=\"sm-col-12 lg-col-6 lg-start-1 details-wrapper\"><div class=\"card-component-details align-middle image-orientation-right\"><div><p class=\"surtitle-heading\">Notre vision est d'\u00eatre l'entreprise de prot\u00e9ines la plus durable au monde.<\/p><h4 class=\"title-heading\">Cet engagement profond guide toutes nos d\u00e9cisions.<\/h4><p class=\"card-component-text\">Notre objectif est de transformer l\u2019industrie de l\u2019alimentation en produisant des aliments d\u00e9licieux et nutritifs provenant d\u2019animaux \u00e9lev\u00e9s sans cruaut\u00e9, de mani\u00e8re s\u00e9curitaire et durable. <br><br>Nous avons l\u2019obsession de nous am\u00e9liorer constamment et nous nous effor\u00e7ons constamment d\u2019\u00eatre plus durables, plus bienveillants et de relever la barre en mati\u00e8re de s\u00e9curit\u00e9. Joignez-nous sur notre parcours alors que nous nourrissons les gens et nous b\u00e2tissons un avenir meilleur. <\/p><\/div><\/div><\/div><div class=\"sm-col-12 lg-col-6 image-wrapper\" style=\"margin-top:0\"><div class=\"card-image-container align-middle image-orientation-right\"><img decoding=\"async\" width=\"630\" height=\"546\" src=\"https:\/\/www.mapleleaffoods.com\/fr\/wp-content\/uploads\/sites\/7\/2023\/04\/About-Deeply-held-commitments-1.jpg\" alt=\"Southman Pork en Manitoba\" class=\"card-component-image has-border-radius wp-image-254576\" srcset=\"https:\/\/b3412141.smushcdn.com\/3412141\/wp-content\/uploads\/sites\/7\/2023\/04\/About-Deeply-held-commitments-1.jpg?lossy=1&amp;strip=1&amp;webp=1 630w, https:\/\/b3412141.smushcdn.com\/3412141\/wp-content\/uploads\/sites\/7\/2023\/04\/About-Deeply-held-commitments-1-300x260.jpg?lossy=1&amp;strip=1&amp;webp=1 300w\" sizes=\"(max-width: 630px) 100vw, 630px\" \/><button class=\"credit-text\"><span class=\"initial\">i<\/span><span class=\"secondary hide\">Southman Pork | Manitoba <\/span><\/button><\/div><\/div><\/div><\/div>\n\n\n\t<style type=\"text\/css\">\n\t\t.wp-block-tk-spacer.id-8640ef21-6219-4a26-a020-a0f4af249726 {\n\t\theight: 50px;\n\t}\n\n\t@media ( max-width: 480px ) {\n\t\t.wp-block-tk-spacer.id-8640ef21-6219-4a26-a020-a0f4af249726 {\n\t\t\theight: 100px;\n\t\t}\n\t}\t<\/style>\n\t<div class=\"wp-block-tk-spacer id-8640ef21-6219-4a26-a020-a0f4af249726\" aria-hidden=\"true\"><\/div>\n\t\n\n\n<div class=\"wp-block-tk-grid\"><div class=\"grid\"><div class=\"sm-col-12 lg-col-7 sm-start-0 lg-start-0\">\n<h3 class=\"wp-block-heading has-text-align-left\" id=\"we-are\">Nous sommes<\/h3>\n\n\n<div class=\"wp-list-block\">\n<ul class=\"wp-block-list\">\n<li>Nous sommes l'un des plus grands producteurs de viandes pr\u00e9par\u00e9es et de volaille au Canada<\/li>\n\n\n\n<li>Nous sommes l'un des plus importants producteurs de volaille \u00e9lev\u00e9e sans antibiotiques au Canada<\/li>\n\n\n\n<li>Nous sommes un important fournisseur de marques priv\u00e9es pour la vente au d\u00e9tail et les services alimentaires<\/li>\n<\/ul>\n<\/div><\/div><\/div><\/div>\n\n\n\t<style type=\"text\/css\">\n\t\t.wp-block-tk-spacer.id-de01f7d9-d12e-4b30-ba33-185b8ebfb019 {\n\t\theight: 200px;\n\t}\n\n\t@media ( max-width: 480px ) {\n\t\t.wp-block-tk-spacer.id-de01f7d9-d12e-4b30-ba33-185b8ebfb019 {\n\t\t\theight: 100px;\n\t\t}\n\t}\t<\/style>\n\t<div class=\"wp-block-tk-spacer id-de01f7d9-d12e-4b30-ba33-185b8ebfb019\" aria-hidden=\"true\"><\/div>\n\t\n\n\n<div class=\"wp-block-mlfcorp-stats-block\"><div class=\"grid\">\n<div class=\"wp-block-mlfcorp-stat-single sm-col-12 md-col-4\"><div class=\"inner-stat-single\"><div class=\"icon-container\"><i class=\"far fa-analytics\"><\/i><\/div><h5>4,9 milliards de dollars CA<\/h5><p>en ventes en 2024<\/p><\/div><\/div>\n\n\n\n<div class=\"wp-block-mlfcorp-stat-single sm-col-12 md-col-4\"><div class=\"inner-stat-single\"><div class=\"icon-container\"><i class=\"far fa-warehouse\"><\/i><\/div><h5>10 000<\/h5><p>membres d\u2019\u00e9quipe (employ\u00e9s)<\/p><\/div><\/div>\n\n\n\n<div class=\"wp-block-mlfcorp-stat-single sm-col-12 md-col-4\"><div class=\"inner-stat-single\"><div class=\"icon-container\"><i class=\"far fa-industry-alt\"><\/i><\/div><h5>19<\/h5><p>installations de fabrication<\/p><\/div><\/div>\n\n\n\n<div class=\"wp-block-mlfcorp-stat-single sm-col-12 md-col-4\"><div class=\"inner-stat-single\"><h5>3<\/h5><p>installations pour prot\u00e9ines \u00e0 base v\u00e9g\u00e9tale<\/p><\/div><\/div>\n\n\n\n<div class=\"wp-block-mlfcorp-stat-single sm-col-12 md-col-4\"><div class=\"inner-stat-single\"><h5>3<\/h5><p>couvoirs<\/p><\/div><\/div>\n\n\n\n<div class=\"wp-block-mlfcorp-stat-single sm-col-12 md-col-4\"><div class=\"inner-stat-single\"><h5>~107 millions<\/h5><p>de volailles transform\u00e9es annuellement<\/p><\/div><\/div>\n<\/div><\/div>\n\n\n\t<style type=\"text\/css\">\n\t\t.wp-block-tk-spacer.id-1590d387-fe19-47e8-ab40-872b2caa2c7a {\n\t\theight: 200px;\n\t}\n\n\t@media ( max-width: 480px ) {\n\t\t.wp-block-tk-spacer.id-1590d387-fe19-47e8-ab40-872b2caa2c7a {\n\t\t\theight: 100px;\n\t\t}\n\t}\t<\/style>\n\t<div class=\"wp-block-tk-spacer id-1590d387-fe19-47e8-ab40-872b2caa2c7a\" aria-hidden=\"true\"><\/div>\n\t\n\n\n<div class=\"wp-block-mlfcorp-card-component-block card-component-container hide-image card-layout-horizontal card-position-right image-orientation-right\" style=\"padding-top:0\"><div class=\"grid align-middle\"><div class=\"sm-col-12 lg-col-6 lg-start-4 details-wrapper\"><div class=\"card-component-details align-middle image-orientation-right\"><div><h3 class=\"title-heading\">Valeurs de base<\/h3><p class=\"card-component-text\">Nous avons une culture solide bas\u00e9e sur des valeurs. Huit Valeurs de leadership sont le rythme cardiaque de l\u2019entreprise et guident notre prise de d\u00e9cisions.<\/p>\n<div class=\"wp-block-button is-style-white\"><a class=\"wp-block-button__link wp-element-button\" href=\"https:\/\/www.mapleleaffoods.com\/fr\/a-propos-de\/valeurs\/\" aria-label=\"Valeurs de base\">Apprenez-en davantage<\/a><span class=\"file-size-button\"><\/span><\/div>\n<\/div><\/div><\/div><\/div><\/div>\n\n\n\t<style type=\"text\/css\">\n\t\t.wp-block-tk-spacer.id-a1e342e4-bda1-4ce8-8941-676f8466a86e {\n\t\theight: 200px;\n\t}\n\n\t@media ( max-width: 480px ) {\n\t\t.wp-block-tk-spacer.id-a1e342e4-bda1-4ce8-8941-676f8466a86e {\n\t\t\theight: 100px;\n\t\t}\n\t}\t<\/style>\n\t<div class=\"wp-block-tk-spacer id-a1e342e4-bda1-4ce8-8941-676f8466a86e\" aria-hidden=\"true\"><\/div>\n\t\n\n\n<div class=\"wp-block-mlfcorp-card-component-block card-component-container card-layout-horizontal card-position-right image-orientation-left\" style=\"padding-top:0\"><div class=\"grid align-middle\"><div class=\"sm-col-12 lg-col-5 lg-start-2 image-wrapper\"><div class=\"card-image-container align-middle image-orientation-left\"><img decoding=\"async\" width=\"630\" height=\"546\" src=\"https:\/\/www.mapleleaffoods.com\/fr\/wp-content\/uploads\/sites\/7\/2024\/08\/MLF-HeadOffice-2.jpg\" alt=\"MLF Head Office\" class=\"card-component-image has-border-radius wp-image-257700\" srcset=\"https:\/\/b3412141.smushcdn.com\/3412141\/wp-content\/uploads\/sites\/7\/2024\/08\/MLF-HeadOffice-2.jpg?lossy=1&amp;strip=1&amp;webp=1 630w, https:\/\/b3412141.smushcdn.com\/3412141\/wp-content\/uploads\/sites\/7\/2024\/08\/MLF-HeadOffice-2-300x260.jpg?lossy=1&amp;strip=1&amp;webp=1 300w\" sizes=\"(max-width: 630px) 100vw, 630px\" \/><\/div><\/div><div class=\"\n\t\t\t\t\t\t\t\tsm-col-12 lg-col-5 details-wrapper\n\t\t\t\t\t\t\t\t\n\t\t\t\t\t\t\t\t\" style=\"margin-top:0\"><div class=\"card-component-details align-middle image-orientation-left\"><div><p class=\"surtitle-heading\">Notre historique<\/p><h3 class=\"title-heading\">L\u2019histoire des Aliments Maple Leaf<\/h3><p class=\"card-component-text\">Les Aliments Maple Leaf est une entreprise fi\u00e8re d\u2019\u00eatre canadienne dont les ant\u00e9c\u00e9dents remontent \u00e0 plus de 100 ans. Au fil des ans, nous nous sommes adapt\u00e9s aux pr\u00e9dilections changeantes des consommateurs. Nous produisons des prot\u00e9ines dont tous peuvent se r\u00e9galer et qui refl\u00e8tent leurs valeurs uniques.<\/p>\n<div class=\"wp-block-button\"><a class=\"wp-block-button__link wp-element-button\" href=\"https:\/\/www.mapleleaffoods.com\/fr\/a-propos-de\/historique\/\" aria-label=\"L\u2019histoire des Aliments Maple Leaf\">Apprenez-en davantage<\/a><span class=\"file-size-button\"><\/span><\/div>\n<\/div><\/div><\/div><\/div><\/div>\n\n\n\t<style type=\"text\/css\">\n\t\t.wp-block-tk-spacer.id-e910873e-3018-4512-aa10-4d86c7ab509e {\n\t\theight: 200px;\n\t}\n\n\t@media ( max-width: 480px ) {\n\t\t.wp-block-tk-spacer.id-e910873e-3018-4512-aa10-4d86c7ab509e {\n\t\t\theight: 100px;\n\t\t}\n\t}\t<\/style>\n\t<div class=\"wp-block-tk-spacer id-e910873e-3018-4512-aa10-4d86c7ab509e\" aria-hidden=\"true\"><\/div>\n\t\n\n\n<div class=\"wp-block-mlfcorp-promo-box-block promo-box-block has-border-radius main-blue\"><div class=\"promo-box-container img-center img-full\"><div class=\"grid align-middle\"><div class=\"sm-col-12 lg-col-6 promo-box-image-container img-center img-full\"><img decoding=\"async\" src=\"https:\/\/www.mapleleaffoods.com\/fr\/wp-content\/uploads\/sites\/7\/2022\/11\/promo-box2-2-981x1024-1.png\" alt=\"carte des emplacements Feuille d'\u00e9rable\" \/><\/div><div class=\"sm-col-12 lg-col-6 promo-box-details-container\">\n<h4 class=\"wp-block-heading promo-box-title-heading\">O\u00f9 nous travaillons<\/h4>\n\n\n\n<p class=\"promo-box-text\">Les 13 500 membres de notre \u00e9quipe travaillent dans plus de 29\u00a0emplacements \u00e0 travers le Canada et les \u00c9.-U. D\u00e9couvrez o\u00f9 nos usines et nos bureaux sont situ\u00e9s.<\/p>\n\n\n\n<div class=\"wp-block-button promo-box-button is-style-white\"><a class=\"wp-block-button__link wp-element-button\" href=\"https:\/\/www.mapleleaffoods.com\/fr\/a-propos-de\/a-propos-de-emplacements\/\" aria-label=\"Add aria label here\">Voyez nos emplacements<\/a><span class=\"file-size-button\"><\/span><\/div>\n<\/div><\/div><\/div><\/div>\n\n\n\t<style type=\"text\/css\">\n\t\t.wp-block-tk-spacer.id-e4056ab8-1cf5-4365-9d92-de975e0eccc4 {\n\t\theight: 200px;\n\t}\n\n\t@media ( max-width: 480px ) {\n\t\t.wp-block-tk-spacer.id-e4056ab8-1cf5-4365-9d92-de975e0eccc4 {\n\t\t\theight: 100px;\n\t\t}\n\t}\t<\/style>\n\t<div class=\"wp-block-tk-spacer id-e4056ab8-1cf5-4365-9d92-de975e0eccc4\" aria-hidden=\"true\"><\/div>\n\t\n\n\n<div class=\"wp-block-columns is-layout-flex wp-container-core-columns-is-layout-1 wp-block-columns-is-layout-flex\">\n<div class=\"wp-block-column is-layout-flow wp-block-column-is-layout-flow\">\n<div class=\"wp-block-mlfcorp-card-component-block card-component-container hide-image card-layout-horizontal card-position-center image-orientation-right\" style=\"padding-top:0\"><div class=\"grid top\"><div class=\"sm-col-12 lg-col-11 lg-start-1 details-wrapper\"><div class=\"card-component-details top image-orientation-right\"><div><h4 class=\"title-heading\">Notre \u00e9quipe de direction<\/h4><p class=\"card-component-text\">Notre \u00e9quipe de hauts dirigeants participe \u00e0 chaque d\u00e9cision importante qui fait progresser notre vision et inspire notre personnel \u00e0 faire un excellent travail.<\/p>\n<div class=\"wp-block-button is-style-white alignleft\"><a class=\"wp-block-button__link wp-element-button\" href=\"https:\/\/www.mapleleaffoods.com\/fr\/a-propos-de\/equipe-de-direction\/\" aria-label=\"Consultez les biographies de nos cadres\">Consultez les biographies de nos cadres<\/a><span class=\"file-size-button\"><\/span><\/div>\n<\/div><\/div><\/div><\/div><\/div>\n<\/div>\n\n\n\n<div class=\"wp-block-column is-layout-flow wp-block-column-is-layout-flow\">\n<div class=\"wp-block-mlfcorp-card-component-block card-component-container hide-image card-layout-horizontal card-position-center image-orientation-right\" style=\"padding-top:0\"><div class=\"grid top\"><div class=\"sm-col-12 lg-col-11 lg-start-1 details-wrapper\"><div class=\"card-component-details top image-orientation-right\"><div><h4 class=\"title-heading\">Conseil d\u2019administration<\/h4><p class=\"card-component-text\">Notre conseil d\u2019administration apporte une exp\u00e9rience importante et pertinente qui aide \u00e0 gouverner l\u2019orientation strat\u00e9gique de notre entreprise. Chaque membre est un(e) dirigeant(e) d\u2019entreprise chevronn\u00e9(e) dot\u00e9(e) de diverses comp\u00e9tences et ensemble, ils forment une \u00e9quipe de leadership engag\u00e9e et talentueuse.<\/p>\n<div class=\"wp-block-button is-style-white\"><a class=\"wp-block-button__link wp-element-button\" href=\"https:\/\/www.mapleleaffoods.com\/fr\/a-propos-de\/conseil-d-administration\/\" aria-label=\"Consultez les biographies\">Consultez les biographies<\/a><span class=\"file-size-button\"><\/span><\/div>\n<\/div><\/div><\/div><\/div><\/div>\n<\/div>\n\n\n\n<div class=\"wp-block-column is-layout-flow wp-block-column-is-layout-flow\">\n<div class=\"wp-block-mlfcorp-card-component-block card-component-container hide-image card-layout-horizontal card-position-center image-orientation-right\" style=\"padding-top:0\"><div class=\"grid top\"><div class=\"sm-col-12 lg-col-12 lg-start-2 details-wrapper\"><div class=\"card-component-details top image-orientation-right\"><div><h4 class=\"title-heading\">Gouvernance d\u2019entreprise<\/h4><p class=\"card-component-text\">Nous sommes r\u00e9solus \u00e0 faire preuve de transparence, de responsabilisation et d\u2019int\u00e9grit\u00e9. C\u2019est ainsi que nous m\u00e9ritons et conservons la confiance de nos intervenants et nos actionnaires.<\/p>\n<div class=\"wp-block-button is-style-white\"><a class=\"wp-block-button__link wp-element-button\" href=\"https:\/\/www.mapleleaffoods.com\/fr\/a-propos-de\/gouvernance-d-entreprise\/\" aria-label=\"Apprenez-en davantage\">Apprenez-en davantage<\/a><span class=\"file-size-button\"><\/span><\/div>\n<\/div><\/div><\/div><\/div><\/div>\n<\/div>\n<\/div>\n\n\n\t<style type=\"text\/css\">\n\t\t.wp-block-tk-spacer.id-bca11980-f64c-4363-9be7-807cd5299d48 {\n\t\theight: 200px;\n\t}\n\n\t@media ( max-width: 480px ) {\n\t\t.wp-block-tk-spacer.id-bca11980-f64c-4363-9be7-807cd5299d48 {\n\t\t\theight: 100px;\n\t\t}\n\t}\t<\/style>\n\t<div class=\"wp-block-tk-spacer id-bca11980-f64c-4363-9be7-807cd5299d48\" aria-hidden=\"true\"><\/div>\n\t\n\n\n\n\n<p><\/p>\n","protected":false},"excerpt":{"rendered":"","protected":false},"author":16,"featured_media":0,"parent":0,"menu_order":0,"comment_status":"closed","ping_status":"closed","template":"","meta":{"mlfcorp_iframe_url":"","footnotes":""},"class_list":["post-611","page","type-page","status-publish","hentry"],"acf":[],"yoast_head":"<!-- This site is optimized with the Yoast SEO plugin v21.7 - https:\/\/yoast.com\/wordpress\/plugins\/seo\/ -->\n<title>Qui nous sommes | Les Aliments Maple Leaf<\/title>\n<meta name=\"description\" content=\"Nous produisons de d\u00e9licieuses prot\u00e9ines saines sous des marques phares. Notre vision, \u00eatre l\u2019entreprise de prot\u00e9ines la plus durable sur terre pour un...\" \/>\n<meta name=\"robots\" content=\"index, follow, max-snippet:-1, max-image-preview:large, max-video-preview:-1\" \/>\n<link rel=\"canonical\" href=\"https:\/\/www.mapleleaffoods.com\/fr\/a-propos-de\/\" \/>\n<meta property=\"og:locale\" content=\"fr_FR\" \/>\n<meta property=\"og:type\" content=\"article\" \/>\n<meta property=\"og:title\" content=\"Qui nous sommes | Les Aliments Maple Leaf\" \/>\n<meta property=\"og:description\" content=\"Nous produisons de d\u00e9licieuses prot\u00e9ines saines sous des marques phares. Notre vision, \u00eatre l\u2019entreprise de prot\u00e9ines la plus durable sur terre pour un...\" \/>\n<meta property=\"og:url\" content=\"https:\/\/www.mapleleaffoods.com\/fr\/a-propos-de\/\" \/>\n<meta property=\"og:site_name\" content=\"Les Aliments Maple Leaf\" \/>\n<meta property=\"article:modified_time\" content=\"2025-10-01T17:33:59+00:00\" \/>\n<meta property=\"og:image\" content=\"https:\/\/www.mapleleaffoods.com\/wp-content\/uploads\/sites\/6\/2022\/02\/MLF-Hero-About.jpg\" \/>\n<meta name=\"twitter:card\" content=\"summary_large_image\" \/>\n<meta name=\"twitter:label1\" content=\"Dur\u00e9e de lecture estim\u00e9e\" \/>\n\t<meta name=\"twitter:data1\" content=\"3 minutes\" \/>\n<script type=\"application\/ld+json\" class=\"yoast-schema-graph\">{\"@context\":\"https:\/\/schema.org\",\"@graph\":[{\"@type\":\"WebPage\",\"@id\":\"https:\/\/www.mapleleaffoods.com\/fr\/a-propos-de\/\",\"url\":\"https:\/\/www.mapleleaffoods.com\/fr\/a-propos-de\/\",\"name\":\"Qui nous sommes | Les Aliments Maple Leaf\",\"isPartOf\":{\"@id\":\"https:\/\/www.mapleleaffoods.com\/fr\/#website\"},\"datePublished\":\"2022-01-31T16:00:55+00:00\",\"dateModified\":\"2025-10-01T17:33:59+00:00\",\"description\":\"Nous produisons de d\u00e9licieuses prot\u00e9ines saines sous des marques phares. Notre vision, \u00eatre l\u2019entreprise de prot\u00e9ines la plus durable sur terre pour un...\",\"breadcrumb\":{\"@id\":\"https:\/\/www.mapleleaffoods.com\/fr\/a-propos-de\/#breadcrumb\"},\"inLanguage\":\"fr-FR\",\"potentialAction\":[{\"@type\":\"ReadAction\",\"target\":[\"https:\/\/www.mapleleaffoods.com\/fr\/a-propos-de\/\"]}]},{\"@type\":\"BreadcrumbList\",\"@id\":\"https:\/\/www.mapleleaffoods.com\/fr\/a-propos-de\/#breadcrumb\",\"itemListElement\":[{\"@type\":\"ListItem\",\"position\":1,\"name\":\"Page d\u2019accueil\",\"item\":\"https:\/\/www.mapleleaffoods.com\/fr\/\"},{\"@type\":\"ListItem\",\"position\":2,\"name\":\"\u00c0 propos de nous\"}]},{\"@type\":\"WebSite\",\"@id\":\"https:\/\/www.mapleleaffoods.com\/fr\/#website\",\"url\":\"https:\/\/www.mapleleaffoods.com\/fr\/\",\"name\":\"Les Aliments Maple Leaf\",\"description\":\"Premi\u00e8re grande entreprise alimentaire carboneutre au monde\",\"publisher\":{\"@id\":\"https:\/\/www.mapleleaffoods.com\/fr\/#organization\"},\"potentialAction\":[{\"@type\":\"SearchAction\",\"target\":{\"@type\":\"EntryPoint\",\"urlTemplate\":\"https:\/\/www.mapleleaffoods.com\/fr\/?s={search_term_string}\"},\"query-input\":\"required name=search_term_string\"}],\"inLanguage\":\"fr-FR\"},{\"@type\":\"Organization\",\"@id\":\"https:\/\/www.mapleleaffoods.com\/fr\/#organization\",\"name\":\"Les Aliments Maple Leaf\",\"url\":\"https:\/\/www.mapleleaffoods.com\/fr\/\",\"logo\":{\"@type\":\"ImageObject\",\"inLanguage\":\"fr-FR\",\"@id\":\"https:\/\/www.mapleleaffoods.com\/fr\/#\/schema\/logo\/image\/\",\"url\":\"https:\/\/www.mapleleaffoods.com\/fr\/wp-content\/uploads\/sites\/7\/2026\/02\/L_MapleLeaf_4C_White_v1_EN.png\",\"contentUrl\":\"https:\/\/www.mapleleaffoods.com\/fr\/wp-content\/uploads\/sites\/7\/2026\/02\/L_MapleLeaf_4C_White_v1_EN.png\",\"width\":1829,\"height\":2200,\"caption\":\"Les Aliments Maple Leaf\"},\"image\":{\"@id\":\"https:\/\/www.mapleleaffoods.com\/fr\/#\/schema\/logo\/image\/\"}}]}<\/script>\n<!-- \/ Yoast SEO plugin. -->","yoast_head_json":{"title":"Qui nous sommes | Les Aliments Maple Leaf","description":"Nous produisons de d\u00e9licieuses prot\u00e9ines saines sous des marques phares. Notre vision, \u00eatre l\u2019entreprise de prot\u00e9ines la plus durable sur terre pour un...","robots":{"index":"index","follow":"follow","max-snippet":"max-snippet:-1","max-image-preview":"max-image-preview:large","max-video-preview":"max-video-preview:-1"},"canonical":"https:\/\/www.mapleleaffoods.com\/fr\/a-propos-de\/","og_locale":"fr_FR","og_type":"article","og_title":"Qui nous sommes | Les Aliments Maple Leaf","og_description":"Nous produisons de d\u00e9licieuses prot\u00e9ines saines sous des marques phares. Notre vision, \u00eatre l\u2019entreprise de prot\u00e9ines la plus durable sur terre pour un...","og_url":"https:\/\/www.mapleleaffoods.com\/fr\/a-propos-de\/","og_site_name":"Les Aliments Maple Leaf","article_modified_time":"2025-10-01T17:33:59+00:00","og_image":[{"url":"https:\/\/www.mapleleaffoods.com\/wp-content\/uploads\/sites\/6\/2022\/02\/MLF-Hero-About.jpg"}],"twitter_card":"summary_large_image","twitter_misc":{"Dur\u00e9e de lecture estim\u00e9e":"3 minutes"},"schema":{"@context":"https:\/\/schema.org","@graph":[{"@type":"WebPage","@id":"https:\/\/www.mapleleaffoods.com\/fr\/a-propos-de\/","url":"https:\/\/www.mapleleaffoods.com\/fr\/a-propos-de\/","name":"Qui nous sommes | Les Aliments Maple Leaf","isPartOf":{"@id":"https:\/\/www.mapleleaffoods.com\/fr\/#website"},"datePublished":"2022-01-31T16:00:55+00:00","dateModified":"2025-10-01T17:33:59+00:00","description":"Nous produisons de d\u00e9licieuses prot\u00e9ines saines sous des marques phares. Notre vision, \u00eatre l\u2019entreprise de prot\u00e9ines la plus durable sur terre pour un...","breadcrumb":{"@id":"https:\/\/www.mapleleaffoods.com\/fr\/a-propos-de\/#breadcrumb"},"inLanguage":"fr-FR","potentialAction":[{"@type":"ReadAction","target":["https:\/\/www.mapleleaffoods.com\/fr\/a-propos-de\/"]}]},{"@type":"BreadcrumbList","@id":"https:\/\/www.mapleleaffoods.com\/fr\/a-propos-de\/#breadcrumb","itemListElement":[{"@type":"ListItem","position":1,"name":"Page d\u2019accueil","item":"https:\/\/www.mapleleaffoods.com\/fr\/"},{"@type":"ListItem","position":2,"name":"\u00c0 propos de nous"}]},{"@type":"WebSite","@id":"https:\/\/www.mapleleaffoods.com\/fr\/#website","url":"https:\/\/www.mapleleaffoods.com\/fr\/","name":"Les Aliments Maple Leaf","description":"Premi\u00e8re grande entreprise alimentaire carboneutre au monde","publisher":{"@id":"https:\/\/www.mapleleaffoods.com\/fr\/#organization"},"potentialAction":[{"@type":"SearchAction","target":{"@type":"EntryPoint","urlTemplate":"https:\/\/www.mapleleaffoods.com\/fr\/?s={search_term_string}"},"query-input":"required name=search_term_string"}],"inLanguage":"fr-FR"},{"@type":"Organization","@id":"https:\/\/www.mapleleaffoods.com\/fr\/#organization","name":"Les Aliments Maple Leaf","url":"https:\/\/www.mapleleaffoods.com\/fr\/","logo":{"@type":"ImageObject","inLanguage":"fr-FR","@id":"https:\/\/www.mapleleaffoods.com\/fr\/#\/schema\/logo\/image\/","url":"https:\/\/www.mapleleaffoods.com\/fr\/wp-content\/uploads\/sites\/7\/2026\/02\/L_MapleLeaf_4C_White_v1_EN.png","contentUrl":"https:\/\/www.mapleleaffoods.com\/fr\/wp-content\/uploads\/sites\/7\/2026\/02\/L_MapleLeaf_4C_White_v1_EN.png","width":1829,"height":2200,"caption":"Les Aliments Maple Leaf"},"image":{"@id":"https:\/\/www.mapleleaffoods.com\/fr\/#\/schema\/logo\/image\/"}}]}},"jetpack_sharing_enabled":true,"_links":{"self":[{"href":"https:\/\/www.mapleleaffoods.com\/fr\/wp-json\/wp\/v2\/pages\/611"}],"collection":[{"href":"https:\/\/www.mapleleaffoods.com\/fr\/wp-json\/wp\/v2\/pages"}],"about":[{"href":"https:\/\/www.mapleleaffoods.com\/fr\/wp-json\/wp\/v2\/types\/page"}],"author":[{"embeddable":true,"href":"https:\/\/www.mapleleaffoods.com\/fr\/wp-json\/wp\/v2\/users\/16"}],"replies":[{"embeddable":true,"href":"https:\/\/www.mapleleaffoods.com\/fr\/wp-json\/wp\/v2\/comments?post=611"}],"version-history":[{"count":63,"href":"https:\/\/www.mapleleaffoods.com\/fr\/wp-json\/wp\/v2\/pages\/611\/revisions"}],"predecessor-version":[{"id":259823,"href":"https:\/\/www.mapleleaffoods.com\/fr\/wp-json\/wp\/v2\/pages\/611\/revisions\/259823"}],"wp:attachment":[{"href":"https:\/\/www.mapleleaffoods.com\/fr\/wp-json\/wp\/v2\/media?parent=611"}],"curies":[{"name":"wp","href":"https:\/\/api.w.org\/{rel}","templated":true}]}}