{"id":259942,"date":"2025-11-03T13:44:56","date_gmt":"2025-11-03T18:44:56","guid":{"rendered":"https:\/\/www.mapleleaffoods.com\/fr\/?page_id=259942"},"modified":"2025-11-03T13:59:35","modified_gmt":"2025-11-03T18:59:35","slug":"agent-des-transferts","status":"publish","type":"page","link":"https:\/\/www.mapleleaffoods.com\/fr\/investisseurs\/agent-des-transferts\/","title":{"rendered":"Agent des transferts"},"content":{"rendered":"\n<h1 class=\"wp-block-heading\" id=\"maple-leaf-foods-stock\">Agent des transferts<\/h1>\n\n\n\t<style type=\"text\/css\">\n\t\t.wp-block-tk-spacer.id-2fa9d728-1308-4d8f-a7cd-da9beaa5a2ad {\n\t\theight: 80px;\n\t}\n\n\t@media ( max-width: 480px ) {\n\t\t.wp-block-tk-spacer.id-2fa9d728-1308-4d8f-a7cd-da9beaa5a2ad {\n\t\t\theight: 40px;\n\t\t}\n\t}\t<\/style>\n\t<div class=\"wp-block-tk-spacer id-2fa9d728-1308-4d8f-a7cd-da9beaa5a2ad\" aria-hidden=\"true\"><\/div>\n\t\n\n\n<div class=\"wp-block-mlfcorp-card-component-block card-component-container card-layout-horizontal card-position-center image-orientation-right\" style=\"padding-top:0\"><div class=\"grid top\"><div class=\"sm-col-12 lg-col-6 lg-start-4 details-wrapper\"><div class=\"card-component-details top image-orientation-right\"><div><h4 class=\"title-heading\">Agent des transferts<\/h4><p class=\"card-component-text\">Si vous souhaitez v\u00e9rifier ou transf\u00e9rer des actions des Aliments Maple Leaf, ou modifier vos coordonn\u00e9es, contactez les Services aux investisseurs de Computershare.<br><br>Services aux investisseurs Computershare Inc.<br>100, avenue University, 8e \u00e9tage<br>Toronto, ON, M5J 2Y1<br>\u00a0<br><strong>T\u00e9l\u00e9phone :\u00a0<\/strong>514 982-7555<strong>\u00a0<br>Sans frais :\u00a0<\/strong>1 800 564-6253<strong>\u00a0\u00a0<br>Courriel :\u00a0<\/strong><a href=\"mailto:service@computershare.com\">service@computershare.com<\/a><strong>\u00a0<\/strong><\/p><\/div><\/div><\/div><\/div><\/div>\n","protected":false},"excerpt":{"rendered":"<p>Agent des transferts<\/p>\n","protected":false},"author":21,"featured_media":0,"parent":246500,"menu_order":1,"comment_status":"closed","ping_status":"closed","template":"","meta":{"mlfcorp_iframe_url":"","footnotes":""},"class_list":["post-259942","page","type-page","status-publish","hentry"],"acf":[],"yoast_head":"<!-- This site is optimized with the Yoast SEO plugin v21.7 - https:\/\/yoast.com\/wordpress\/plugins\/seo\/ -->\n<title>Agent des transferts des Aliments Maple Leaf<\/title>\n<meta name=\"description\" content=\"Si vous souhaitez v\u00e9rifier ou transf\u00e9rer des actions des Aliments Maple Leaf, ou modifier vos coordonn\u00e9es...\" \/>\n<meta name=\"robots\" content=\"index, follow, max-snippet:-1, max-image-preview:large, max-video-preview:-1\" \/>\n<link rel=\"canonical\" href=\"https:\/\/www.mapleleaffoods.com\/fr\/investisseurs\/agent-des-transferts\/\" \/>\n<meta property=\"og:locale\" content=\"fr_FR\" \/>\n<meta property=\"og:type\" content=\"article\" \/>\n<meta property=\"og:title\" content=\"Agent des transferts des Aliments Maple Leaf\" \/>\n<meta property=\"og:description\" content=\"Si vous souhaitez v\u00e9rifier ou transf\u00e9rer des actions des Aliments Maple Leaf, ou modifier vos coordonn\u00e9es...\" \/>\n<meta property=\"og:url\" content=\"https:\/\/www.mapleleaffoods.com\/fr\/investisseurs\/agent-des-transferts\/\" \/>\n<meta property=\"og:site_name\" content=\"Les Aliments Maple Leaf\" \/>\n<meta property=\"article:modified_time\" content=\"2025-11-03T18:59:35+00:00\" \/>\n<meta name=\"twitter:card\" content=\"summary_large_image\" \/>\n<script type=\"application\/ld+json\" class=\"yoast-schema-graph\">{\"@context\":\"https:\/\/schema.org\",\"@graph\":[{\"@type\":\"WebPage\",\"@id\":\"https:\/\/www.mapleleaffoods.com\/fr\/investisseurs\/agent-des-transferts\/\",\"url\":\"https:\/\/www.mapleleaffoods.com\/fr\/investisseurs\/agent-des-transferts\/\",\"name\":\"Agent des transferts des Aliments Maple Leaf\",\"isPartOf\":{\"@id\":\"https:\/\/www.mapleleaffoods.com\/fr\/#website\"},\"datePublished\":\"2025-11-03T18:44:56+00:00\",\"dateModified\":\"2025-11-03T18:59:35+00:00\",\"description\":\"Si vous souhaitez v\u00e9rifier ou transf\u00e9rer des actions des Aliments Maple Leaf, ou modifier vos coordonn\u00e9es...\",\"breadcrumb\":{\"@id\":\"https:\/\/www.mapleleaffoods.com\/fr\/investisseurs\/agent-des-transferts\/#breadcrumb\"},\"inLanguage\":\"fr-FR\",\"potentialAction\":[{\"@type\":\"ReadAction\",\"target\":[\"https:\/\/www.mapleleaffoods.com\/fr\/investisseurs\/agent-des-transferts\/\"]}]},{\"@type\":\"BreadcrumbList\",\"@id\":\"https:\/\/www.mapleleaffoods.com\/fr\/investisseurs\/agent-des-transferts\/#breadcrumb\",\"itemListElement\":[{\"@type\":\"ListItem\",\"position\":1,\"name\":\"Page d\u2019accueil\",\"item\":\"https:\/\/www.mapleleaffoods.com\/fr\/\"},{\"@type\":\"ListItem\",\"position\":2,\"name\":\"Investisseurs\",\"item\":\"https:\/\/www.mapleleaffoods.com\/fr\/investisseurs\/\"},{\"@type\":\"ListItem\",\"position\":3,\"name\":\"Agent des transferts\"}]},{\"@type\":\"WebSite\",\"@id\":\"https:\/\/www.mapleleaffoods.com\/fr\/#website\",\"url\":\"https:\/\/www.mapleleaffoods.com\/fr\/\",\"name\":\"Les Aliments Maple Leaf\",\"description\":\"Premi\u00e8re grande entreprise alimentaire carboneutre au monde\",\"publisher\":{\"@id\":\"https:\/\/www.mapleleaffoods.com\/fr\/#organization\"},\"potentialAction\":[{\"@type\":\"SearchAction\",\"target\":{\"@type\":\"EntryPoint\",\"urlTemplate\":\"https:\/\/www.mapleleaffoods.com\/fr\/?s={search_term_string}\"},\"query-input\":\"required name=search_term_string\"}],\"inLanguage\":\"fr-FR\"},{\"@type\":\"Organization\",\"@id\":\"https:\/\/www.mapleleaffoods.com\/fr\/#organization\",\"name\":\"Les Aliments Maple Leaf\",\"url\":\"https:\/\/www.mapleleaffoods.com\/fr\/\",\"logo\":{\"@type\":\"ImageObject\",\"inLanguage\":\"fr-FR\",\"@id\":\"https:\/\/www.mapleleaffoods.com\/fr\/#\/schema\/logo\/image\/\",\"url\":\"https:\/\/www.mapleleaffoods.com\/fr\/wp-content\/uploads\/sites\/7\/2026\/02\/L_MapleLeaf_4C_White_v1_EN.png\",\"contentUrl\":\"https:\/\/www.mapleleaffoods.com\/fr\/wp-content\/uploads\/sites\/7\/2026\/02\/L_MapleLeaf_4C_White_v1_EN.png\",\"width\":1829,\"height\":2200,\"caption\":\"Les Aliments Maple Leaf\"},\"image\":{\"@id\":\"https:\/\/www.mapleleaffoods.com\/fr\/#\/schema\/logo\/image\/\"}}]}<\/script>\n<!-- \/ Yoast SEO plugin. -->","yoast_head_json":{"title":"Agent des transferts des Aliments Maple Leaf","description":"Si vous souhaitez v\u00e9rifier ou transf\u00e9rer des actions des Aliments Maple Leaf, ou modifier vos coordonn\u00e9es...","robots":{"index":"index","follow":"follow","max-snippet":"max-snippet:-1","max-image-preview":"max-image-preview:large","max-video-preview":"max-video-preview:-1"},"canonical":"https:\/\/www.mapleleaffoods.com\/fr\/investisseurs\/agent-des-transferts\/","og_locale":"fr_FR","og_type":"article","og_title":"Agent des transferts des Aliments Maple Leaf","og_description":"Si vous souhaitez v\u00e9rifier ou transf\u00e9rer des actions des Aliments Maple Leaf, ou modifier vos coordonn\u00e9es...","og_url":"https:\/\/www.mapleleaffoods.com\/fr\/investisseurs\/agent-des-transferts\/","og_site_name":"Les Aliments Maple Leaf","article_modified_time":"2025-11-03T18:59:35+00:00","twitter_card":"summary_large_image","schema":{"@context":"https:\/\/schema.org","@graph":[{"@type":"WebPage","@id":"https:\/\/www.mapleleaffoods.com\/fr\/investisseurs\/agent-des-transferts\/","url":"https:\/\/www.mapleleaffoods.com\/fr\/investisseurs\/agent-des-transferts\/","name":"Agent des transferts des Aliments Maple Leaf","isPartOf":{"@id":"https:\/\/www.mapleleaffoods.com\/fr\/#website"},"datePublished":"2025-11-03T18:44:56+00:00","dateModified":"2025-11-03T18:59:35+00:00","description":"Si vous souhaitez v\u00e9rifier ou transf\u00e9rer des actions des Aliments Maple Leaf, ou modifier vos coordonn\u00e9es...","breadcrumb":{"@id":"https:\/\/www.mapleleaffoods.com\/fr\/investisseurs\/agent-des-transferts\/#breadcrumb"},"inLanguage":"fr-FR","potentialAction":[{"@type":"ReadAction","target":["https:\/\/www.mapleleaffoods.com\/fr\/investisseurs\/agent-des-transferts\/"]}]},{"@type":"BreadcrumbList","@id":"https:\/\/www.mapleleaffoods.com\/fr\/investisseurs\/agent-des-transferts\/#breadcrumb","itemListElement":[{"@type":"ListItem","position":1,"name":"Page d\u2019accueil","item":"https:\/\/www.mapleleaffoods.com\/fr\/"},{"@type":"ListItem","position":2,"name":"Investisseurs","item":"https:\/\/www.mapleleaffoods.com\/fr\/investisseurs\/"},{"@type":"ListItem","position":3,"name":"Agent des transferts"}]},{"@type":"WebSite","@id":"https:\/\/www.mapleleaffoods.com\/fr\/#website","url":"https:\/\/www.mapleleaffoods.com\/fr\/","name":"Les Aliments Maple Leaf","description":"Premi\u00e8re grande entreprise alimentaire carboneutre au monde","publisher":{"@id":"https:\/\/www.mapleleaffoods.com\/fr\/#organization"},"potentialAction":[{"@type":"SearchAction","target":{"@type":"EntryPoint","urlTemplate":"https:\/\/www.mapleleaffoods.com\/fr\/?s={search_term_string}"},"query-input":"required name=search_term_string"}],"inLanguage":"fr-FR"},{"@type":"Organization","@id":"https:\/\/www.mapleleaffoods.com\/fr\/#organization","name":"Les Aliments Maple Leaf","url":"https:\/\/www.mapleleaffoods.com\/fr\/","logo":{"@type":"ImageObject","inLanguage":"fr-FR","@id":"https:\/\/www.mapleleaffoods.com\/fr\/#\/schema\/logo\/image\/","url":"https:\/\/www.mapleleaffoods.com\/fr\/wp-content\/uploads\/sites\/7\/2026\/02\/L_MapleLeaf_4C_White_v1_EN.png","contentUrl":"https:\/\/www.mapleleaffoods.com\/fr\/wp-content\/uploads\/sites\/7\/2026\/02\/L_MapleLeaf_4C_White_v1_EN.png","width":1829,"height":2200,"caption":"Les Aliments Maple Leaf"},"image":{"@id":"https:\/\/www.mapleleaffoods.com\/fr\/#\/schema\/logo\/image\/"}}]}},"jetpack_sharing_enabled":true,"_links":{"self":[{"href":"https:\/\/www.mapleleaffoods.com\/fr\/wp-json\/wp\/v2\/pages\/259942"}],"collection":[{"href":"https:\/\/www.mapleleaffoods.com\/fr\/wp-json\/wp\/v2\/pages"}],"about":[{"href":"https:\/\/www.mapleleaffoods.com\/fr\/wp-json\/wp\/v2\/types\/page"}],"author":[{"embeddable":true,"href":"https:\/\/www.mapleleaffoods.com\/fr\/wp-json\/wp\/v2\/users\/21"}],"replies":[{"embeddable":true,"href":"https:\/\/www.mapleleaffoods.com\/fr\/wp-json\/wp\/v2\/comments?post=259942"}],"version-history":[{"count":3,"href":"https:\/\/www.mapleleaffoods.com\/fr\/wp-json\/wp\/v2\/pages\/259942\/revisions"}],"predecessor-version":[{"id":259973,"href":"https:\/\/www.mapleleaffoods.com\/fr\/wp-json\/wp\/v2\/pages\/259942\/revisions\/259973"}],"up":[{"embeddable":true,"href":"https:\/\/www.mapleleaffoods.com\/fr\/wp-json\/wp\/v2\/pages\/246500"}],"wp:attachment":[{"href":"https:\/\/www.mapleleaffoods.com\/fr\/wp-json\/wp\/v2\/media?parent=259942"}],"curies":[{"name":"wp","href":"https:\/\/api.w.org\/{rel}","templated":true}]}}