{"id":259939,"date":"2025-11-03T13:44:21","date_gmt":"2025-11-03T18:44:21","guid":{"rendered":"https:\/\/www.mapleleaffoods.com\/fr\/?page_id=259939"},"modified":"2025-11-03T14:20:42","modified_gmt":"2025-11-03T19:20:42","slug":"couverture-des-analystes","status":"publish","type":"page","link":"https:\/\/www.mapleleaffoods.com\/fr\/investisseurs\/couverture-des-analystes\/","title":{"rendered":"Couverture des analystes"},"content":{"rendered":"\n<h1 class=\"wp-block-heading\">Couverture des analystes<\/h1>\n\n\n\t<style type=\"text\/css\">\n\t\t.wp-block-tk-spacer.id-d12e60c8-2a0e-478c-b372-61b45082ed75 {\n\t\theight: 80px;\n\t}\n\n\t@media ( max-width: 480px ) {\n\t\t.wp-block-tk-spacer.id-d12e60c8-2a0e-478c-b372-61b45082ed75 {\n\t\t\theight: 40px;\n\t\t}\n\t}\t<\/style>\n\t<div class=\"wp-block-tk-spacer id-d12e60c8-2a0e-478c-b372-61b45082ed75\" aria-hidden=\"true\"><\/div>\n\t\n\n\n<div class=\"wp-block-tk-grid\"><div class=\"grid\"><div class=\"sm-col-12 lg-col-8 sm-start-0 lg-start-0\">\n<h4 class=\"wp-block-heading\" id=\"maple-leaf-foods-stock-analyst-coverage\">Couverture des analystes<\/h4>\n\n\n\n<p><mark class=\"has-inline-color has-flag-blue-color\">AVIS DE NON-RESPONSABILIT\u00c9 SUR LA COUVERTURE DES ANALYSTES<\/mark><br>Les Aliments Maple Leaf est actuellement suivie par les analystes \u00e9num\u00e9r\u00e9s ci-dessous. Veuillez noter que les opinions, estimations ou pr\u00e9visions faites par ces analystes concernant le rendement de la Soci\u00e9t\u00e9 sont les leurs et ne repr\u00e9sentent pas les opinions, pr\u00e9visions ou pr\u00e9dictions des Aliments Maple Leaf ou de sa direction. Les Aliments Maple Leaf n'implique pas, par leur r\u00e9f\u00e9rence ci-dessous ou leur distribution, son approbation ou son accord avec ces informations, conclusions ou recommandations.<\/p>\n<\/div><\/div><\/div>\n\n\n\n<div class=\"wp-block-tk-grid\"><div class=\"grid\"><div class=\"sm-col-12 lg-col-12 sm-start-0 lg-start-2\">\n<div class=\"wp-block-group analyst-coverage is-layout-flow wp-block-group-is-layout-flow\">\n<hr class=\"wp-block-separator has-css-opacity is-style-wide\" \/>\n\n\n\n<div class=\"wp-block-columns is-layout-flex wp-container-core-columns-is-layout-1 wp-block-columns-is-layout-flex\">\n<div class=\"wp-block-column is-layout-flow wp-block-column-is-layout-flow\">\n<p class=\"has-flag-blue-color has-text-color has-large-font-size\">Banque Nationale<\/p>\n<\/div>\n\n\n\n<div class=\"wp-block-column is-layout-flow wp-block-column-is-layout-flow\">\n<div class=\"wp-block-tk-grid\"><div class=\"grid\"><div class=\"sm-col-12 lg-col-10 sm-start-0 lg-start-0\">\n<p class=\"has-text-align-right has-flag-blue-color has-text-color has-large-font-size\">Vishal Shreedhar<\/p>\n<\/div><\/div><\/div>\n<\/div>\n<\/div>\n\n\n\n<hr class=\"wp-block-separator has-css-opacity is-style-wide\" \/>\n\n\n\n<div class=\"wp-block-columns is-layout-flex wp-container-core-columns-is-layout-2 wp-block-columns-is-layout-flex\">\n<div class=\"wp-block-column is-layout-flow wp-block-column-is-layout-flow\">\n<p class=\"has-flag-blue-color has-text-color has-large-font-size\">BMO March\u00e9s des capitaux<\/p>\n<\/div>\n\n\n\n<div class=\"wp-block-column is-layout-flow wp-block-column-is-layout-flow\">\n<div class=\"wp-block-tk-grid\"><div class=\"grid\"><div class=\"sm-col-12 lg-col-10 sm-start-0 lg-start-0\">\n<p class=\"has-text-align-right has-flag-blue-color has-text-color has-large-font-size\">\u00c9tienne Ricard<\/p>\n<\/div><\/div><\/div>\n<\/div>\n<\/div>\n\n\n\n<hr class=\"wp-block-separator has-css-opacity is-style-wide\" \/>\n\n\n\n<div class=\"wp-block-columns is-layout-flex wp-container-core-columns-is-layout-3 wp-block-columns-is-layout-flex\">\n<div class=\"wp-block-column is-layout-flow wp-block-column-is-layout-flow\">\n<p class=\"has-flag-blue-color has-text-color has-large-font-size\">Canaccord Genuity<\/p>\n<\/div>\n\n\n\n<div class=\"wp-block-column is-layout-flow wp-block-column-is-layout-flow\">\n<div class=\"wp-block-tk-grid\"><div class=\"grid\"><div class=\"sm-col-12 lg-col-10 sm-start-0 lg-start-0\">\n<p class=\"has-text-align-right has-flag-blue-color has-text-color has-large-font-size\">Luke Hannan<\/p>\n<\/div><\/div><\/div>\n<\/div>\n<\/div>\n\n\n\n<hr class=\"wp-block-separator has-css-opacity is-style-wide\" \/>\n\n\n\n<div class=\"wp-block-columns is-layout-flex wp-container-core-columns-is-layout-4 wp-block-columns-is-layout-flex\">\n<div class=\"wp-block-column is-layout-flow wp-block-column-is-layout-flow\">\n<p class=\"has-flag-blue-color has-text-color has-large-font-size\">March\u00e9s mondiaux CIBC&nbsp;<\/p>\n<\/div>\n\n\n\n<div class=\"wp-block-column is-layout-flow wp-block-column-is-layout-flow\">\n<div class=\"wp-block-tk-grid\"><div class=\"grid\"><div class=\"sm-col-12 lg-col-10 sm-start-0 lg-start-0\">\n<p class=\"has-text-align-right has-flag-blue-color has-text-color has-large-font-size\">Mark Petrie<\/p>\n<\/div><\/div><\/div>\n<\/div>\n<\/div>\n\n\n\n<hr class=\"wp-block-separator has-css-opacity is-style-wide\" \/>\n\n\n\n<div class=\"wp-block-columns is-layout-flex wp-container-core-columns-is-layout-5 wp-block-columns-is-layout-flex\">\n<div class=\"wp-block-column is-layout-flow wp-block-column-is-layout-flow\">\n<p class=\"has-flag-blue-color has-text-color has-large-font-size\">RBC March\u00e9s des capitaux&nbsp;<\/p>\n<\/div>\n\n\n\n<div class=\"wp-block-column is-layout-flow wp-block-column-is-layout-flow\">\n<div class=\"wp-block-tk-grid\"><div class=\"grid\"><div class=\"sm-col-12 lg-col-10 sm-start-0 lg-start-0\">\n<p class=\"has-text-align-right has-flag-blue-color has-text-color has-large-font-size\">Irene Nattel<\/p>\n<\/div><\/div><\/div>\n<\/div>\n<\/div>\n\n\n\n<hr class=\"wp-block-separator has-css-opacity is-style-wide\" \/>\n\n\n\n<div class=\"wp-block-columns is-layout-flex wp-container-core-columns-is-layout-6 wp-block-columns-is-layout-flex\">\n<div class=\"wp-block-column is-layout-flow wp-block-column-is-layout-flow\">\n<p class=\"has-flag-blue-color has-text-color has-large-font-size\">Scotiabank<\/p>\n<\/div>\n\n\n\n<div class=\"wp-block-column is-layout-flow wp-block-column-is-layout-flow\">\n<div class=\"wp-block-tk-grid\"><div class=\"grid\"><div class=\"sm-col-12 lg-col-10 sm-start-0 lg-start-0\">\n<p class=\"has-text-align-right has-flag-blue-color has-text-color has-large-font-size\">John Zamparo<\/p>\n<\/div><\/div><\/div>\n<\/div>\n<\/div>\n\n\n\n<hr class=\"wp-block-separator has-css-opacity is-style-wide\" \/>\n\n\n\n<div class=\"wp-block-columns is-layout-flex wp-container-core-columns-is-layout-7 wp-block-columns-is-layout-flex\">\n<div class=\"wp-block-column is-layout-flow wp-block-column-is-layout-flow\">\n<p class=\"has-flag-blue-color has-text-color has-large-font-size\">Stifel&nbsp;<\/p>\n<\/div>\n\n\n\n<div class=\"wp-block-column is-layout-flow wp-block-column-is-layout-flow\">\n<div class=\"wp-block-tk-grid\"><div class=\"grid\"><div class=\"sm-col-12 lg-col-10 sm-start-0 lg-start-0\">\n<p class=\"has-text-align-right has-flag-blue-color has-text-color has-large-font-size\">Martin Landry<\/p>\n<\/div><\/div><\/div>\n<\/div>\n<\/div>\n\n\n\n<hr class=\"wp-block-separator has-css-opacity is-style-wide\" \/>\n\n\n\n<div class=\"wp-block-columns is-layout-flex wp-container-core-columns-is-layout-8 wp-block-columns-is-layout-flex\">\n<div class=\"wp-block-column is-layout-flow wp-block-column-is-layout-flow\">\n<p class=\"has-flag-blue-color has-text-color has-large-font-size\">TD Securities&nbsp;<\/p>\n<\/div>\n\n\n\n<div class=\"wp-block-column is-layout-flow wp-block-column-is-layout-flow\">\n<div class=\"wp-block-tk-grid\"><div class=\"grid\"><div class=\"sm-col-12 lg-col-10 sm-start-0 lg-start-0\">\n<p class=\"has-text-align-right has-flag-blue-color has-text-color has-large-font-size\">Michael Van Aelst<\/p>\n<\/div><\/div><\/div>\n<\/div>\n<\/div>\n\n\n\n<hr class=\"wp-block-separator has-css-opacity is-style-wide\" \/>\n<\/div>\n<\/div><\/div><\/div>\n","protected":false},"excerpt":{"rendered":"<p>Couverture des analystes<\/p>\n","protected":false},"author":21,"featured_media":0,"parent":246500,"menu_order":1,"comment_status":"closed","ping_status":"closed","template":"","meta":{"mlfcorp_iframe_url":"","footnotes":""},"class_list":["post-259939","page","type-page","status-publish","hentry"],"acf":[],"yoast_head":"<!-- This site is optimized with the Yoast SEO plugin v21.7 - https:\/\/yoast.com\/wordpress\/plugins\/seo\/ -->\n<title>Couverture des Analystes de Les Aliments Maple Leaf<\/title>\n<meta name=\"description\" content=\"Les Aliments Maple Leaf est actuellement suivie par les analystes \u00e9num\u00e9r\u00e9s ci-dessous. Veuillez noter que les opinions...\" \/>\n<meta name=\"robots\" content=\"index, follow, max-snippet:-1, max-image-preview:large, max-video-preview:-1\" \/>\n<link rel=\"canonical\" href=\"https:\/\/www.mapleleaffoods.com\/fr\/investisseurs\/couverture-des-analystes\/\" \/>\n<meta property=\"og:locale\" content=\"fr_FR\" \/>\n<meta property=\"og:type\" content=\"article\" \/>\n<meta property=\"og:title\" content=\"Couverture des Analystes de Les Aliments Maple Leaf\" \/>\n<meta property=\"og:description\" content=\"Les Aliments Maple Leaf est actuellement suivie par les analystes \u00e9num\u00e9r\u00e9s ci-dessous. Veuillez noter que les opinions...\" \/>\n<meta property=\"og:url\" content=\"https:\/\/www.mapleleaffoods.com\/fr\/investisseurs\/couverture-des-analystes\/\" \/>\n<meta property=\"og:site_name\" content=\"Les Aliments Maple Leaf\" \/>\n<meta property=\"article:modified_time\" content=\"2025-11-03T19:20:42+00:00\" \/>\n<meta name=\"twitter:card\" content=\"summary_large_image\" \/>\n<meta name=\"twitter:label1\" content=\"Dur\u00e9e de lecture estim\u00e9e\" \/>\n\t<meta name=\"twitter:data1\" content=\"1 minute\" \/>\n<script type=\"application\/ld+json\" class=\"yoast-schema-graph\">{\"@context\":\"https:\/\/schema.org\",\"@graph\":[{\"@type\":\"WebPage\",\"@id\":\"https:\/\/www.mapleleaffoods.com\/fr\/investisseurs\/couverture-des-analystes\/\",\"url\":\"https:\/\/www.mapleleaffoods.com\/fr\/investisseurs\/couverture-des-analystes\/\",\"name\":\"Couverture des Analystes de Les Aliments Maple Leaf\",\"isPartOf\":{\"@id\":\"https:\/\/www.mapleleaffoods.com\/fr\/#website\"},\"datePublished\":\"2025-11-03T18:44:21+00:00\",\"dateModified\":\"2025-11-03T19:20:42+00:00\",\"description\":\"Les Aliments Maple Leaf est actuellement suivie par les analystes \u00e9num\u00e9r\u00e9s ci-dessous. Veuillez noter que les opinions...\",\"breadcrumb\":{\"@id\":\"https:\/\/www.mapleleaffoods.com\/fr\/investisseurs\/couverture-des-analystes\/#breadcrumb\"},\"inLanguage\":\"fr-FR\",\"potentialAction\":[{\"@type\":\"ReadAction\",\"target\":[\"https:\/\/www.mapleleaffoods.com\/fr\/investisseurs\/couverture-des-analystes\/\"]}]},{\"@type\":\"BreadcrumbList\",\"@id\":\"https:\/\/www.mapleleaffoods.com\/fr\/investisseurs\/couverture-des-analystes\/#breadcrumb\",\"itemListElement\":[{\"@type\":\"ListItem\",\"position\":1,\"name\":\"Page d\u2019accueil\",\"item\":\"https:\/\/www.mapleleaffoods.com\/fr\/\"},{\"@type\":\"ListItem\",\"position\":2,\"name\":\"Investisseurs\",\"item\":\"https:\/\/www.mapleleaffoods.com\/fr\/investisseurs\/\"},{\"@type\":\"ListItem\",\"position\":3,\"name\":\"Couverture des analystes\"}]},{\"@type\":\"WebSite\",\"@id\":\"https:\/\/www.mapleleaffoods.com\/fr\/#website\",\"url\":\"https:\/\/www.mapleleaffoods.com\/fr\/\",\"name\":\"Les Aliments Maple Leaf\",\"description\":\"Premi\u00e8re grande entreprise alimentaire carboneutre au monde\",\"publisher\":{\"@id\":\"https:\/\/www.mapleleaffoods.com\/fr\/#organization\"},\"potentialAction\":[{\"@type\":\"SearchAction\",\"target\":{\"@type\":\"EntryPoint\",\"urlTemplate\":\"https:\/\/www.mapleleaffoods.com\/fr\/?s={search_term_string}\"},\"query-input\":\"required name=search_term_string\"}],\"inLanguage\":\"fr-FR\"},{\"@type\":\"Organization\",\"@id\":\"https:\/\/www.mapleleaffoods.com\/fr\/#organization\",\"name\":\"Les Aliments Maple Leaf\",\"url\":\"https:\/\/www.mapleleaffoods.com\/fr\/\",\"logo\":{\"@type\":\"ImageObject\",\"inLanguage\":\"fr-FR\",\"@id\":\"https:\/\/www.mapleleaffoods.com\/fr\/#\/schema\/logo\/image\/\",\"url\":\"https:\/\/www.mapleleaffoods.com\/fr\/wp-content\/uploads\/sites\/7\/2026\/02\/L_MapleLeaf_4C_White_v1_EN.png\",\"contentUrl\":\"https:\/\/www.mapleleaffoods.com\/fr\/wp-content\/uploads\/sites\/7\/2026\/02\/L_MapleLeaf_4C_White_v1_EN.png\",\"width\":1829,\"height\":2200,\"caption\":\"Les Aliments Maple Leaf\"},\"image\":{\"@id\":\"https:\/\/www.mapleleaffoods.com\/fr\/#\/schema\/logo\/image\/\"}}]}<\/script>\n<!-- \/ Yoast SEO plugin. -->","yoast_head_json":{"title":"Couverture des Analystes de Les Aliments Maple Leaf","description":"Les Aliments Maple Leaf est actuellement suivie par les analystes \u00e9num\u00e9r\u00e9s ci-dessous. Veuillez noter que les opinions...","robots":{"index":"index","follow":"follow","max-snippet":"max-snippet:-1","max-image-preview":"max-image-preview:large","max-video-preview":"max-video-preview:-1"},"canonical":"https:\/\/www.mapleleaffoods.com\/fr\/investisseurs\/couverture-des-analystes\/","og_locale":"fr_FR","og_type":"article","og_title":"Couverture des Analystes de Les Aliments Maple Leaf","og_description":"Les Aliments Maple Leaf est actuellement suivie par les analystes \u00e9num\u00e9r\u00e9s ci-dessous. Veuillez noter que les opinions...","og_url":"https:\/\/www.mapleleaffoods.com\/fr\/investisseurs\/couverture-des-analystes\/","og_site_name":"Les Aliments Maple Leaf","article_modified_time":"2025-11-03T19:20:42+00:00","twitter_card":"summary_large_image","twitter_misc":{"Dur\u00e9e de lecture estim\u00e9e":"1 minute"},"schema":{"@context":"https:\/\/schema.org","@graph":[{"@type":"WebPage","@id":"https:\/\/www.mapleleaffoods.com\/fr\/investisseurs\/couverture-des-analystes\/","url":"https:\/\/www.mapleleaffoods.com\/fr\/investisseurs\/couverture-des-analystes\/","name":"Couverture des Analystes de Les Aliments Maple Leaf","isPartOf":{"@id":"https:\/\/www.mapleleaffoods.com\/fr\/#website"},"datePublished":"2025-11-03T18:44:21+00:00","dateModified":"2025-11-03T19:20:42+00:00","description":"Les Aliments Maple Leaf est actuellement suivie par les analystes \u00e9num\u00e9r\u00e9s ci-dessous. Veuillez noter que les opinions...","breadcrumb":{"@id":"https:\/\/www.mapleleaffoods.com\/fr\/investisseurs\/couverture-des-analystes\/#breadcrumb"},"inLanguage":"fr-FR","potentialAction":[{"@type":"ReadAction","target":["https:\/\/www.mapleleaffoods.com\/fr\/investisseurs\/couverture-des-analystes\/"]}]},{"@type":"BreadcrumbList","@id":"https:\/\/www.mapleleaffoods.com\/fr\/investisseurs\/couverture-des-analystes\/#breadcrumb","itemListElement":[{"@type":"ListItem","position":1,"name":"Page d\u2019accueil","item":"https:\/\/www.mapleleaffoods.com\/fr\/"},{"@type":"ListItem","position":2,"name":"Investisseurs","item":"https:\/\/www.mapleleaffoods.com\/fr\/investisseurs\/"},{"@type":"ListItem","position":3,"name":"Couverture des analystes"}]},{"@type":"WebSite","@id":"https:\/\/www.mapleleaffoods.com\/fr\/#website","url":"https:\/\/www.mapleleaffoods.com\/fr\/","name":"Les Aliments Maple Leaf","description":"Premi\u00e8re grande entreprise alimentaire carboneutre au monde","publisher":{"@id":"https:\/\/www.mapleleaffoods.com\/fr\/#organization"},"potentialAction":[{"@type":"SearchAction","target":{"@type":"EntryPoint","urlTemplate":"https:\/\/www.mapleleaffoods.com\/fr\/?s={search_term_string}"},"query-input":"required name=search_term_string"}],"inLanguage":"fr-FR"},{"@type":"Organization","@id":"https:\/\/www.mapleleaffoods.com\/fr\/#organization","name":"Les Aliments Maple Leaf","url":"https:\/\/www.mapleleaffoods.com\/fr\/","logo":{"@type":"ImageObject","inLanguage":"fr-FR","@id":"https:\/\/www.mapleleaffoods.com\/fr\/#\/schema\/logo\/image\/","url":"https:\/\/www.mapleleaffoods.com\/fr\/wp-content\/uploads\/sites\/7\/2026\/02\/L_MapleLeaf_4C_White_v1_EN.png","contentUrl":"https:\/\/www.mapleleaffoods.com\/fr\/wp-content\/uploads\/sites\/7\/2026\/02\/L_MapleLeaf_4C_White_v1_EN.png","width":1829,"height":2200,"caption":"Les Aliments Maple Leaf"},"image":{"@id":"https:\/\/www.mapleleaffoods.com\/fr\/#\/schema\/logo\/image\/"}}]}},"jetpack_sharing_enabled":true,"_links":{"self":[{"href":"https:\/\/www.mapleleaffoods.com\/fr\/wp-json\/wp\/v2\/pages\/259939"}],"collection":[{"href":"https:\/\/www.mapleleaffoods.com\/fr\/wp-json\/wp\/v2\/pages"}],"about":[{"href":"https:\/\/www.mapleleaffoods.com\/fr\/wp-json\/wp\/v2\/types\/page"}],"author":[{"embeddable":true,"href":"https:\/\/www.mapleleaffoods.com\/fr\/wp-json\/wp\/v2\/users\/21"}],"replies":[{"embeddable":true,"href":"https:\/\/www.mapleleaffoods.com\/fr\/wp-json\/wp\/v2\/comments?post=259939"}],"version-history":[{"count":2,"href":"https:\/\/www.mapleleaffoods.com\/fr\/wp-json\/wp\/v2\/pages\/259939\/revisions"}],"predecessor-version":[{"id":259980,"href":"https:\/\/www.mapleleaffoods.com\/fr\/wp-json\/wp\/v2\/pages\/259939\/revisions\/259980"}],"up":[{"embeddable":true,"href":"https:\/\/www.mapleleaffoods.com\/fr\/wp-json\/wp\/v2\/pages\/246500"}],"wp:attachment":[{"href":"https:\/\/www.mapleleaffoods.com\/fr\/wp-json\/wp\/v2\/media?parent=259939"}],"curies":[{"name":"wp","href":"https:\/\/api.w.org\/{rel}","templated":true}]}}