{"id":259936,"date":"2025-11-03T10:22:38","date_gmt":"2025-11-03T15:22:38","guid":{"rendered":"https:\/\/www.mapleleaffoods.com\/fr\/investisseurs\/rapports-copy\/"},"modified":"2026-01-30T12:09:26","modified_gmt":"2026-01-30T17:09:26","slug":"dividendes","status":"publish","type":"page","link":"https:\/\/www.mapleleaffoods.com\/fr\/investisseurs\/dividendes\/","title":{"rendered":"Dividendes"},"content":{"rendered":"\n<h1 class=\"wp-block-heading\" id=\"maple-leaf-foods-stock\">Renseignements sur les dividendes<\/h1>\n\n\n\t<style type=\"text\/css\">\n\t\t.wp-block-tk-spacer.id-588cf93e-6663-4ac8-9040-3703ab9fdb59 {\n\t\theight: 100px;\n\t}\n\n\t@media ( max-width: 480px ) {\n\t\t.wp-block-tk-spacer.id-588cf93e-6663-4ac8-9040-3703ab9fdb59 {\n\t\t\theight: 100px;\n\t\t}\n\t}\t<\/style>\n\t<div class=\"wp-block-tk-spacer id-588cf93e-6663-4ac8-9040-3703ab9fdb59\" aria-hidden=\"true\"><\/div>\n\t\n\n\n<h4 class=\"wp-block-heading\">Versements de dividendes<\/h4>\n\n\n\n<p>La d\u00e9claration et le paiement des dividendes trimestriels rel\u00e8vent de la discr\u00e9tion du conseil d'administration. Les dividendes sur les actions ordinaires des Aliments Maple Leaf sont habituellement vers\u00e9s \u00e0 la fin de chaque trimestre \u00e0 tous les actionnaires inscrits \u00e0 la date de cl\u00f4ture des registres. Les paiements sont effectu\u00e9s le 31 mars, le 30 juin, le 30 septembre et le 31 d\u00e9cembre. Lorsque l'une de ces dates tombe une fin de semaine ou un jour f\u00e9ri\u00e9, le paiement est effectu\u00e9 le premier jour ouvrable pr\u00e9c\u00e9dent. &nbsp;<\/p>\n\n\n\t<style type=\"text\/css\">\n\t\t.wp-block-tk-spacer.id-202eb1e1-afd8-4878-ba1a-c6b1d91de452 {\n\t\theight: 100px;\n\t}\n\n\t@media ( max-width: 480px ) {\n\t\t.wp-block-tk-spacer.id-202eb1e1-afd8-4878-ba1a-c6b1d91de452 {\n\t\t\theight: 100px;\n\t\t}\n\t}\t<\/style>\n\t<div class=\"wp-block-tk-spacer id-202eb1e1-afd8-4878-ba1a-c6b1d91de452\" aria-hidden=\"true\"><\/div>\n\t\n\n\n<h4 class=\"wp-block-heading\">R\u00e9gime de r\u00e9investissement des dividendes<\/h4>\n\n\n\n<p>Les Aliments Maple Leaf a mis en place un r\u00e9gime de r\u00e9investissement des dividendes qui offre aux actionnaires admissibles la possibilit\u00e9 de r\u00e9investir automatiquement une partie ou la totalit\u00e9 de leurs dividendes trimestriels en esp\u00e8ces vers\u00e9s sur les actions ordinaires, en nouvelles actions ordinaires de la soci\u00e9t\u00e9.<\/p>\n\n\n\n<p>Le r\u00e9gime de la soci\u00e9t\u00e9 permet aux actionnaires admissibles de r\u00e9investir leurs dividendes en esp\u00e8ces dans de nouvelles actions ordinaires de la soci\u00e9t\u00e9. \u00c0 compter de 2025, la soci\u00e9t\u00e9 a \u00e9limin\u00e9 l'escompte de 2 % sur les actions de tr\u00e9sorerie \u00e9mises dans le cadre du r\u00e9gime. Par cons\u00e9quent, pour les actionnaires qui souhaitent r\u00e9investir leurs dividendes en vertu du r\u00e9gime, les Aliments Maple Leaf entend \u00e9mettre des actions ordinaires de tr\u00e9sorerie \u00e0 un prix correspondant \u00e0 100&nbsp;% du cours de cl\u00f4ture moyen pond\u00e9r\u00e9 des actions ordinaires au cours des cinq&nbsp;jours pr\u00e9c\u00e9dant la date de paiement du dividende.&nbsp;&nbsp;<\/p>\n\n\n\n<p><strong>Qui peut s'inscrire?<\/strong>&nbsp;<br>Les actionnaires qui sont r\u00e9sidents du Canada sont admissibles au r\u00e9gime de r\u00e9investissement des dividendes. Les actionnaires r\u00e9sidant \u00e0 l'ext\u00e9rieur du Canada ne seront pas admissibles au r\u00e9gime de r\u00e9investissement des dividendes.&nbsp;<\/p>\n\n\n\n<p><strong>Comment s'inscrire?<\/strong>&nbsp;<br>Une copie du r\u00e9gime de r\u00e9investissement des dividendes et le formulaire d'adh\u00e9sion sont disponibles sur le\u202f<a href=\"https:\/\/www-us.computershare.com\/Investor\/#DirectStock\/Details?IssuerId=SCUSMFIQ&amp;amp;PlanId=SPP1&amp;amp;sv=t\" target=\"_blank\" rel=\"noreferrer noopener\">site Web Computershare<\/a>.&nbsp;<\/p>\n\n\n\n<p>Les actionnaires inscrits admissibles qui souhaitent participer au r\u00e9gime de r\u00e9investissement des dividendes doivent faire parvenir \u00e0 Computershare un formulaire d'adh\u00e9sion d\u00fbment rempli. Les actionnaires non-inscrits (actionnaires qui d\u00e9tiennent leurs actions par l'interm\u00e9diaire d'une institution financi\u00e8re, d'un courtier ou de tout autre interm\u00e9diaire financier) sont invit\u00e9s \u00e0 communiquer avec leur interm\u00e9diaire pour obtenir des d\u00e9tails sur la proc\u00e9dure d'adh\u00e9sion au r\u00e9gime.&nbsp;<\/p>\n\n\n\n<p><strong>Vous cherchez \u00e0 en savoir plus?<\/strong>&nbsp;<\/p>\n\n\n\n<p>Pour obtenir de plus amples renseignements sur les modalit\u00e9s d'adh\u00e9sion au r\u00e9gime de r\u00e9investissement des dividendes ou pour toute autre question, veuillez communiquer avec notre agent du r\u00e9gime :&nbsp;<br>&nbsp;<br>Soci\u00e9t\u00e9 de fiducie Computershare du Canada&nbsp;<br>100 University Avenue, 8th Floor, North Tower&nbsp;<br>Toronto (Ontario) M5J 2Y1&nbsp;<br>\u00c0 l'attention de&nbsp;: Service de r\u00e9investissement des dividendes&nbsp;<br>T\u00e9l\u00e9phone&nbsp;: 1 800 564-6253 (sans frais \u2013 Canada)&nbsp;<br>1 514 982-7555 (\u00e0 l'ext\u00e9rieur de l'Am\u00e9rique du Nord)&nbsp;<br>Site Web&nbsp;:\u202f<a href=\"http:\/\/www.investorcentre.com\/service\" target=\"_blank\" rel=\"noreferrer noopener\">www.investorcentre.com\/service<\/a>&nbsp;<\/p>\n","protected":false},"excerpt":{"rendered":"<p>Renseignements sur les dividendes Versements de dividendes La d\u00e9claration et le paiement des dividendes trimestriels rel\u00e8vent de la discr\u00e9tion du [&hellip;]<\/p>\n","protected":false},"author":21,"featured_media":0,"parent":246500,"menu_order":0,"comment_status":"closed","ping_status":"closed","template":"","meta":{"mlfcorp_iframe_url":"","footnotes":""},"class_list":["post-259936","page","type-page","status-publish","hentry"],"acf":[],"yoast_head":"<!-- This site is optimized with the Yoast SEO plugin v21.7 - https:\/\/yoast.com\/wordpress\/plugins\/seo\/ -->\n<title>\u00c9tats financiers | Les Aliments Maple Leaf<\/title>\n<meta name=\"description\" content=\"Chez les Aliments Maple Leaf, nous sommes engag\u00e9s \u00e0 vous fournir des donn\u00e9es \u00e0 jour sur notre rendement financier et d\u2019autres pi\u00e8ces communiqu\u00e9es...\" \/>\n<meta name=\"robots\" content=\"index, follow, max-snippet:-1, max-image-preview:large, max-video-preview:-1\" \/>\n<link rel=\"canonical\" href=\"https:\/\/www.mapleleaffoods.com\/fr\/investisseurs\/dividendes\/\" \/>\n<meta property=\"og:locale\" content=\"fr_FR\" \/>\n<meta property=\"og:type\" content=\"article\" \/>\n<meta property=\"og:title\" content=\"\u00c9tats financiers | Les Aliments Maple Leaf\" \/>\n<meta property=\"og:description\" content=\"Chez les Aliments Maple Leaf, nous sommes engag\u00e9s \u00e0 vous fournir des donn\u00e9es \u00e0 jour sur notre rendement financier et d\u2019autres pi\u00e8ces communiqu\u00e9es...\" \/>\n<meta property=\"og:url\" content=\"https:\/\/www.mapleleaffoods.com\/fr\/investisseurs\/dividendes\/\" \/>\n<meta property=\"og:site_name\" content=\"Les Aliments Maple Leaf\" \/>\n<meta property=\"article:modified_time\" content=\"2026-01-30T17:09:26+00:00\" \/>\n<meta name=\"twitter:card\" content=\"summary_large_image\" \/>\n<meta name=\"twitter:label1\" content=\"Dur\u00e9e de lecture estim\u00e9e\" \/>\n\t<meta name=\"twitter:data1\" content=\"15 minutes\" \/>\n<script type=\"application\/ld+json\" class=\"yoast-schema-graph\">{\"@context\":\"https:\/\/schema.org\",\"@graph\":[{\"@type\":\"WebPage\",\"@id\":\"https:\/\/www.mapleleaffoods.com\/fr\/investisseurs\/dividendes\/\",\"url\":\"https:\/\/www.mapleleaffoods.com\/fr\/investisseurs\/dividendes\/\",\"name\":\"\u00c9tats financiers | Les Aliments Maple Leaf\",\"isPartOf\":{\"@id\":\"https:\/\/www.mapleleaffoods.com\/fr\/#website\"},\"datePublished\":\"2025-11-03T15:22:38+00:00\",\"dateModified\":\"2026-01-30T17:09:26+00:00\",\"description\":\"Chez les Aliments Maple Leaf, nous sommes engag\u00e9s \u00e0 vous fournir des donn\u00e9es \u00e0 jour sur notre rendement financier et d\u2019autres pi\u00e8ces communiqu\u00e9es...\",\"breadcrumb\":{\"@id\":\"https:\/\/www.mapleleaffoods.com\/fr\/investisseurs\/dividendes\/#breadcrumb\"},\"inLanguage\":\"fr-FR\",\"potentialAction\":[{\"@type\":\"ReadAction\",\"target\":[\"https:\/\/www.mapleleaffoods.com\/fr\/investisseurs\/dividendes\/\"]}]},{\"@type\":\"BreadcrumbList\",\"@id\":\"https:\/\/www.mapleleaffoods.com\/fr\/investisseurs\/dividendes\/#breadcrumb\",\"itemListElement\":[{\"@type\":\"ListItem\",\"position\":1,\"name\":\"Page d\u2019accueil\",\"item\":\"https:\/\/www.mapleleaffoods.com\/fr\/\"},{\"@type\":\"ListItem\",\"position\":2,\"name\":\"Investisseurs\",\"item\":\"https:\/\/www.mapleleaffoods.com\/fr\/investisseurs\/\"},{\"@type\":\"ListItem\",\"position\":3,\"name\":\"Dividendes\"}]},{\"@type\":\"WebSite\",\"@id\":\"https:\/\/www.mapleleaffoods.com\/fr\/#website\",\"url\":\"https:\/\/www.mapleleaffoods.com\/fr\/\",\"name\":\"Les Aliments Maple Leaf\",\"description\":\"Premi\u00e8re grande entreprise alimentaire carboneutre au monde\",\"publisher\":{\"@id\":\"https:\/\/www.mapleleaffoods.com\/fr\/#organization\"},\"potentialAction\":[{\"@type\":\"SearchAction\",\"target\":{\"@type\":\"EntryPoint\",\"urlTemplate\":\"https:\/\/www.mapleleaffoods.com\/fr\/?s={search_term_string}\"},\"query-input\":\"required name=search_term_string\"}],\"inLanguage\":\"fr-FR\"},{\"@type\":\"Organization\",\"@id\":\"https:\/\/www.mapleleaffoods.com\/fr\/#organization\",\"name\":\"Les Aliments Maple Leaf\",\"url\":\"https:\/\/www.mapleleaffoods.com\/fr\/\",\"logo\":{\"@type\":\"ImageObject\",\"inLanguage\":\"fr-FR\",\"@id\":\"https:\/\/www.mapleleaffoods.com\/fr\/#\/schema\/logo\/image\/\",\"url\":\"https:\/\/www.mapleleaffoods.com\/fr\/wp-content\/uploads\/sites\/7\/2026\/02\/L_MapleLeaf_4C_White_v1_EN.png\",\"contentUrl\":\"https:\/\/www.mapleleaffoods.com\/fr\/wp-content\/uploads\/sites\/7\/2026\/02\/L_MapleLeaf_4C_White_v1_EN.png\",\"width\":1829,\"height\":2200,\"caption\":\"Les Aliments Maple Leaf\"},\"image\":{\"@id\":\"https:\/\/www.mapleleaffoods.com\/fr\/#\/schema\/logo\/image\/\"}}]}<\/script>\n<!-- \/ Yoast SEO plugin. -->","yoast_head_json":{"title":"\u00c9tats financiers | Les Aliments Maple Leaf","description":"Chez les Aliments Maple Leaf, nous sommes engag\u00e9s \u00e0 vous fournir des donn\u00e9es \u00e0 jour sur notre rendement financier et d\u2019autres pi\u00e8ces communiqu\u00e9es...","robots":{"index":"index","follow":"follow","max-snippet":"max-snippet:-1","max-image-preview":"max-image-preview:large","max-video-preview":"max-video-preview:-1"},"canonical":"https:\/\/www.mapleleaffoods.com\/fr\/investisseurs\/dividendes\/","og_locale":"fr_FR","og_type":"article","og_title":"\u00c9tats financiers | Les Aliments Maple Leaf","og_description":"Chez les Aliments Maple Leaf, nous sommes engag\u00e9s \u00e0 vous fournir des donn\u00e9es \u00e0 jour sur notre rendement financier et d\u2019autres pi\u00e8ces communiqu\u00e9es...","og_url":"https:\/\/www.mapleleaffoods.com\/fr\/investisseurs\/dividendes\/","og_site_name":"Les Aliments Maple Leaf","article_modified_time":"2026-01-30T17:09:26+00:00","twitter_card":"summary_large_image","twitter_misc":{"Dur\u00e9e de lecture estim\u00e9e":"15 minutes"},"schema":{"@context":"https:\/\/schema.org","@graph":[{"@type":"WebPage","@id":"https:\/\/www.mapleleaffoods.com\/fr\/investisseurs\/dividendes\/","url":"https:\/\/www.mapleleaffoods.com\/fr\/investisseurs\/dividendes\/","name":"\u00c9tats financiers | Les Aliments Maple Leaf","isPartOf":{"@id":"https:\/\/www.mapleleaffoods.com\/fr\/#website"},"datePublished":"2025-11-03T15:22:38+00:00","dateModified":"2026-01-30T17:09:26+00:00","description":"Chez les Aliments Maple Leaf, nous sommes engag\u00e9s \u00e0 vous fournir des donn\u00e9es \u00e0 jour sur notre rendement financier et d\u2019autres pi\u00e8ces communiqu\u00e9es...","breadcrumb":{"@id":"https:\/\/www.mapleleaffoods.com\/fr\/investisseurs\/dividendes\/#breadcrumb"},"inLanguage":"fr-FR","potentialAction":[{"@type":"ReadAction","target":["https:\/\/www.mapleleaffoods.com\/fr\/investisseurs\/dividendes\/"]}]},{"@type":"BreadcrumbList","@id":"https:\/\/www.mapleleaffoods.com\/fr\/investisseurs\/dividendes\/#breadcrumb","itemListElement":[{"@type":"ListItem","position":1,"name":"Page d\u2019accueil","item":"https:\/\/www.mapleleaffoods.com\/fr\/"},{"@type":"ListItem","position":2,"name":"Investisseurs","item":"https:\/\/www.mapleleaffoods.com\/fr\/investisseurs\/"},{"@type":"ListItem","position":3,"name":"Dividendes"}]},{"@type":"WebSite","@id":"https:\/\/www.mapleleaffoods.com\/fr\/#website","url":"https:\/\/www.mapleleaffoods.com\/fr\/","name":"Les Aliments Maple Leaf","description":"Premi\u00e8re grande entreprise alimentaire carboneutre au monde","publisher":{"@id":"https:\/\/www.mapleleaffoods.com\/fr\/#organization"},"potentialAction":[{"@type":"SearchAction","target":{"@type":"EntryPoint","urlTemplate":"https:\/\/www.mapleleaffoods.com\/fr\/?s={search_term_string}"},"query-input":"required name=search_term_string"}],"inLanguage":"fr-FR"},{"@type":"Organization","@id":"https:\/\/www.mapleleaffoods.com\/fr\/#organization","name":"Les Aliments Maple Leaf","url":"https:\/\/www.mapleleaffoods.com\/fr\/","logo":{"@type":"ImageObject","inLanguage":"fr-FR","@id":"https:\/\/www.mapleleaffoods.com\/fr\/#\/schema\/logo\/image\/","url":"https:\/\/www.mapleleaffoods.com\/fr\/wp-content\/uploads\/sites\/7\/2026\/02\/L_MapleLeaf_4C_White_v1_EN.png","contentUrl":"https:\/\/www.mapleleaffoods.com\/fr\/wp-content\/uploads\/sites\/7\/2026\/02\/L_MapleLeaf_4C_White_v1_EN.png","width":1829,"height":2200,"caption":"Les Aliments Maple Leaf"},"image":{"@id":"https:\/\/www.mapleleaffoods.com\/fr\/#\/schema\/logo\/image\/"}}]}},"jetpack_sharing_enabled":true,"_links":{"self":[{"href":"https:\/\/www.mapleleaffoods.com\/fr\/wp-json\/wp\/v2\/pages\/259936"}],"collection":[{"href":"https:\/\/www.mapleleaffoods.com\/fr\/wp-json\/wp\/v2\/pages"}],"about":[{"href":"https:\/\/www.mapleleaffoods.com\/fr\/wp-json\/wp\/v2\/types\/page"}],"author":[{"embeddable":true,"href":"https:\/\/www.mapleleaffoods.com\/fr\/wp-json\/wp\/v2\/users\/21"}],"replies":[{"embeddable":true,"href":"https:\/\/www.mapleleaffoods.com\/fr\/wp-json\/wp\/v2\/comments?post=259936"}],"version-history":[{"count":8,"href":"https:\/\/www.mapleleaffoods.com\/fr\/wp-json\/wp\/v2\/pages\/259936\/revisions"}],"predecessor-version":[{"id":260197,"href":"https:\/\/www.mapleleaffoods.com\/fr\/wp-json\/wp\/v2\/pages\/259936\/revisions\/260197"}],"up":[{"embeddable":true,"href":"https:\/\/www.mapleleaffoods.com\/fr\/wp-json\/wp\/v2\/pages\/246500"}],"wp:attachment":[{"href":"https:\/\/www.mapleleaffoods.com\/fr\/wp-json\/wp\/v2\/media?parent=259936"}],"curies":[{"name":"wp","href":"https:\/\/api.w.org\/{rel}","templated":true}]}}