{"id":259166,"date":"2025-05-15T19:07:38","date_gmt":"2025-05-15T23:07:38","guid":{"rendered":"https:\/\/www.mapleleaffoods.com\/fr\/?page_id=259166"},"modified":"2025-06-23T14:53:00","modified_gmt":"2025-06-23T18:53:00","slug":"jonathan-mccain","status":"publish","type":"page","link":"https:\/\/www.mapleleaffoods.com\/fr\/jonathan-mccain\/","title":{"rendered":"Jonathan McCain"},"content":{"rendered":"\n<h1 class=\"wp-block-heading has-h-1-font-size\">Jonathan <mark class=\"has-inline-color has-corporate-dark-blue-color\">McCain<\/mark><\/h1>\n\n\n\n<h5 class=\"wp-block-heading\">Pr\u00e9sident, McCain Capital Inc.<\/h5>\n\n\n\n<div class=\"wp-block-columns grid is-layout-flex wp-container-core-columns-is-layout-1 wp-block-columns-is-layout-flex\">\n<div class=\"wp-block-column sm-col-12 lg-col-5 lg-order-2 lg-start-8 is-layout-flow wp-block-column-is-layout-flow\"><figure class=\"has-border-radius wp-block-post-featured-image\"><img decoding=\"async\" width=\"1000\" height=\"1000\" src=\"https:\/\/www.mapleleaffoods.com\/fr\/wp-content\/uploads\/sites\/7\/2025\/05\/Headhsot-Jonathan-McCain-1.jpg\" class=\"attachment-post-thumbnail size-post-thumbnail wp-post-image\" alt=\"Jonathan McCain\" style=\"object-fit:cover;\" srcset=\"https:\/\/b3412141.smushcdn.com\/3412141\/wp-content\/uploads\/sites\/7\/2025\/05\/Headhsot-Jonathan-McCain-1.jpg?lossy=1&amp;strip=1&amp;webp=1 1000w, https:\/\/b3412141.smushcdn.com\/3412141\/wp-content\/uploads\/sites\/7\/2025\/05\/Headhsot-Jonathan-McCain-1-300x300.jpg?lossy=1&amp;strip=1&amp;webp=1 300w, https:\/\/b3412141.smushcdn.com\/3412141\/wp-content\/uploads\/sites\/7\/2025\/05\/Headhsot-Jonathan-McCain-1-150x150.jpg?lossy=1&amp;strip=1&amp;webp=1 150w, https:\/\/b3412141.smushcdn.com\/3412141\/wp-content\/uploads\/sites\/7\/2025\/05\/Headhsot-Jonathan-McCain-1-768x768.jpg?lossy=1&amp;strip=1&amp;webp=1 768w\" sizes=\"(max-width: 1000px) 100vw, 1000px\" \/><\/figure><\/div>\n\n\n\n<div class=\"wp-block-column sm-col-12 lg-col-6 lg-order-1 is-layout-flow wp-block-column-is-layout-flow\">\n<p>M. J.W.F. McCain est pr\u00e9sident de MCI, une soci\u00e9t\u00e9 ferm\u00e9e de gestion de placements. Auparavant, il a \u00e9t\u00e9 pr\u00e9sident de Northstar Scaffold Service Inc. et conseiller en gestion au Boston Consulting Group. Il si\u00e8ge au conseil d\u2019administration des Aliments Maple Leaf, de MCI, de Chairman Mills Corp., de Classic Fire Protection Inc. et de Northstar Scaffold Services Inc. Il est aussi membre du comit\u00e9 des placements et administrateur de McCain Capital Partners.<\/p>\n\n\n\n<p>M. J.W.F. McCain est titulaire d\u2019un baccalaur\u00e9at sp\u00e9cialis\u00e9 en administration des affaires de la Richard Ivey School of Business. Il a \u00e9galement suivi le Programme de perfectionnement des administrateurs de la Rotman School of Business de l\u2019Universit\u00e9 de Toronto et il est d\u00e9tenteur du titre de l\u2019Institut des administrateurs de soci\u00e9t\u00e9s. Il est membre de la Young Presidents Organization de Toronto.<\/p>\n\n\n\n<div style=\"height:100px\" aria-hidden=\"true\" class=\"wp-block-spacer is-style-white left-arrow-icon\"><\/div>\n\n\n\n<div class=\"wp-block-buttons is-style-white left-arrow-icon is-layout-flex wp-block-buttons-is-layout-flex\">\n<div class=\"wp-block-button is-style-white left-arrow-icon\"><a class=\"wp-block-button__link wp-element-button\" href=\"https:\/\/www.mapleleaffoods.com\/fr\/investisseurs\/canada-packers\/\" aria-label=\"Add aria label here\">Retour aux Canada Packers<\/a><span class=\"file-size-button\"><\/span><\/div>\n<\/div>\n\n\n\n<div style=\"height:100px\" aria-hidden=\"true\" class=\"wp-block-spacer\"><\/div>\n<\/div>\n<\/div>\n","protected":false},"excerpt":{"rendered":"<p>Jonathan McCain Pr\u00e9sident, McCain Capital Inc. M. J.W.F. McCain est pr\u00e9sident de MCI, une soci\u00e9t\u00e9 ferm\u00e9e de gestion de placements. [&hellip;]<\/p>\n","protected":false},"author":40,"featured_media":259092,"parent":0,"menu_order":0,"comment_status":"closed","ping_status":"closed","template":"","meta":{"mlfcorp_iframe_url":"","footnotes":""},"class_list":["post-259166","page","type-page","status-publish","has-post-thumbnail","hentry"],"acf":[],"yoast_head":"<!-- This site is optimized with the Yoast SEO plugin v21.7 - https:\/\/yoast.com\/wordpress\/plugins\/seo\/ -->\n<title>Le conseil d\u2019administration - Jonathan McCain | Canada Packers<\/title>\n<meta name=\"description\" content=\"M. J.W.F. McCain est pr\u00e9sident de MCI, une soci\u00e9t\u00e9 ferm\u00e9e de gestion de placements. Auparavant, il a \u00e9t\u00e9 pr\u00e9sident de Northstar Scaffold ...\" \/>\n<meta name=\"robots\" content=\"index, follow, max-snippet:-1, max-image-preview:large, max-video-preview:-1\" \/>\n<link rel=\"canonical\" href=\"https:\/\/www.mapleleaffoods.com\/fr\/jonathan-mccain\/\" \/>\n<meta property=\"og:locale\" content=\"fr_FR\" \/>\n<meta property=\"og:type\" content=\"article\" \/>\n<meta property=\"og:title\" content=\"Le conseil d\u2019administration - Jonathan McCain | Canada Packers\" \/>\n<meta property=\"og:description\" content=\"M. J.W.F. McCain est pr\u00e9sident de MCI, une soci\u00e9t\u00e9 ferm\u00e9e de gestion de placements. Auparavant, il a \u00e9t\u00e9 pr\u00e9sident de Northstar Scaffold ...\" \/>\n<meta property=\"og:url\" content=\"https:\/\/www.mapleleaffoods.com\/fr\/jonathan-mccain\/\" \/>\n<meta property=\"og:site_name\" content=\"Les Aliments Maple Leaf\" \/>\n<meta property=\"article:modified_time\" content=\"2025-06-23T18:53:00+00:00\" \/>\n<meta property=\"og:image\" content=\"https:\/\/www.mapleleaffoods.com\/fr\/wp-content\/uploads\/sites\/7\/2025\/05\/Headhsot-Jonathan-McCain-1.jpg\" \/>\n\t<meta property=\"og:image:width\" content=\"1000\" \/>\n\t<meta property=\"og:image:height\" content=\"1000\" \/>\n\t<meta property=\"og:image:type\" content=\"image\/jpeg\" \/>\n<meta name=\"twitter:card\" content=\"summary_large_image\" \/>\n<meta name=\"twitter:label1\" content=\"Dur\u00e9e de lecture estim\u00e9e\" \/>\n\t<meta name=\"twitter:data1\" content=\"1 minute\" \/>\n<script type=\"application\/ld+json\" class=\"yoast-schema-graph\">{\"@context\":\"https:\/\/schema.org\",\"@graph\":[{\"@type\":\"WebPage\",\"@id\":\"https:\/\/www.mapleleaffoods.com\/fr\/jonathan-mccain\/\",\"url\":\"https:\/\/www.mapleleaffoods.com\/fr\/jonathan-mccain\/\",\"name\":\"Le conseil d\u2019administration - Jonathan McCain | Canada Packers\",\"isPartOf\":{\"@id\":\"https:\/\/www.mapleleaffoods.com\/fr\/#website\"},\"datePublished\":\"2025-05-15T23:07:38+00:00\",\"dateModified\":\"2025-06-23T18:53:00+00:00\",\"description\":\"M. J.W.F. McCain est pr\u00e9sident de MCI, une soci\u00e9t\u00e9 ferm\u00e9e de gestion de placements. Auparavant, il a \u00e9t\u00e9 pr\u00e9sident de Northstar Scaffold ...\",\"breadcrumb\":{\"@id\":\"https:\/\/www.mapleleaffoods.com\/fr\/jonathan-mccain\/#breadcrumb\"},\"inLanguage\":\"fr-FR\",\"potentialAction\":[{\"@type\":\"ReadAction\",\"target\":[\"https:\/\/www.mapleleaffoods.com\/fr\/jonathan-mccain\/\"]}]},{\"@type\":\"BreadcrumbList\",\"@id\":\"https:\/\/www.mapleleaffoods.com\/fr\/jonathan-mccain\/#breadcrumb\",\"itemListElement\":[{\"@type\":\"ListItem\",\"position\":1,\"name\":\"Page d\u2019accueil\",\"item\":\"https:\/\/www.mapleleaffoods.com\/fr\/\"},{\"@type\":\"ListItem\",\"position\":2,\"name\":\"Jonathan McCain\"}]},{\"@type\":\"WebSite\",\"@id\":\"https:\/\/www.mapleleaffoods.com\/fr\/#website\",\"url\":\"https:\/\/www.mapleleaffoods.com\/fr\/\",\"name\":\"Les Aliments Maple Leaf\",\"description\":\"Premi\u00e8re grande entreprise alimentaire carboneutre au monde\",\"publisher\":{\"@id\":\"https:\/\/www.mapleleaffoods.com\/fr\/#organization\"},\"potentialAction\":[{\"@type\":\"SearchAction\",\"target\":{\"@type\":\"EntryPoint\",\"urlTemplate\":\"https:\/\/www.mapleleaffoods.com\/fr\/?s={search_term_string}\"},\"query-input\":\"required name=search_term_string\"}],\"inLanguage\":\"fr-FR\"},{\"@type\":\"Organization\",\"@id\":\"https:\/\/www.mapleleaffoods.com\/fr\/#organization\",\"name\":\"Les Aliments Maple Leaf\",\"url\":\"https:\/\/www.mapleleaffoods.com\/fr\/\",\"logo\":{\"@type\":\"ImageObject\",\"inLanguage\":\"fr-FR\",\"@id\":\"https:\/\/www.mapleleaffoods.com\/fr\/#\/schema\/logo\/image\/\",\"url\":\"https:\/\/www.mapleleaffoods.com\/fr\/wp-content\/uploads\/sites\/7\/2026\/02\/L_MapleLeaf_4C_White_v1_EN.png\",\"contentUrl\":\"https:\/\/www.mapleleaffoods.com\/fr\/wp-content\/uploads\/sites\/7\/2026\/02\/L_MapleLeaf_4C_White_v1_EN.png\",\"width\":1829,\"height\":2200,\"caption\":\"Les Aliments Maple Leaf\"},\"image\":{\"@id\":\"https:\/\/www.mapleleaffoods.com\/fr\/#\/schema\/logo\/image\/\"}}]}<\/script>\n<!-- \/ Yoast SEO plugin. -->","yoast_head_json":{"title":"Le conseil d\u2019administration - Jonathan McCain | Canada Packers","description":"M. J.W.F. McCain est pr\u00e9sident de MCI, une soci\u00e9t\u00e9 ferm\u00e9e de gestion de placements. Auparavant, il a \u00e9t\u00e9 pr\u00e9sident de Northstar Scaffold ...","robots":{"index":"index","follow":"follow","max-snippet":"max-snippet:-1","max-image-preview":"max-image-preview:large","max-video-preview":"max-video-preview:-1"},"canonical":"https:\/\/www.mapleleaffoods.com\/fr\/jonathan-mccain\/","og_locale":"fr_FR","og_type":"article","og_title":"Le conseil d\u2019administration - Jonathan McCain | Canada Packers","og_description":"M. J.W.F. McCain est pr\u00e9sident de MCI, une soci\u00e9t\u00e9 ferm\u00e9e de gestion de placements. Auparavant, il a \u00e9t\u00e9 pr\u00e9sident de Northstar Scaffold ...","og_url":"https:\/\/www.mapleleaffoods.com\/fr\/jonathan-mccain\/","og_site_name":"Les Aliments Maple Leaf","article_modified_time":"2025-06-23T18:53:00+00:00","og_image":[{"width":1000,"height":1000,"url":"https:\/\/www.mapleleaffoods.com\/fr\/wp-content\/uploads\/sites\/7\/2025\/05\/Headhsot-Jonathan-McCain-1.jpg","type":"image\/jpeg"}],"twitter_card":"summary_large_image","twitter_misc":{"Dur\u00e9e de lecture estim\u00e9e":"1 minute"},"schema":{"@context":"https:\/\/schema.org","@graph":[{"@type":"WebPage","@id":"https:\/\/www.mapleleaffoods.com\/fr\/jonathan-mccain\/","url":"https:\/\/www.mapleleaffoods.com\/fr\/jonathan-mccain\/","name":"Le conseil d\u2019administration - Jonathan McCain | Canada Packers","isPartOf":{"@id":"https:\/\/www.mapleleaffoods.com\/fr\/#website"},"datePublished":"2025-05-15T23:07:38+00:00","dateModified":"2025-06-23T18:53:00+00:00","description":"M. J.W.F. McCain est pr\u00e9sident de MCI, une soci\u00e9t\u00e9 ferm\u00e9e de gestion de placements. Auparavant, il a \u00e9t\u00e9 pr\u00e9sident de Northstar Scaffold ...","breadcrumb":{"@id":"https:\/\/www.mapleleaffoods.com\/fr\/jonathan-mccain\/#breadcrumb"},"inLanguage":"fr-FR","potentialAction":[{"@type":"ReadAction","target":["https:\/\/www.mapleleaffoods.com\/fr\/jonathan-mccain\/"]}]},{"@type":"BreadcrumbList","@id":"https:\/\/www.mapleleaffoods.com\/fr\/jonathan-mccain\/#breadcrumb","itemListElement":[{"@type":"ListItem","position":1,"name":"Page d\u2019accueil","item":"https:\/\/www.mapleleaffoods.com\/fr\/"},{"@type":"ListItem","position":2,"name":"Jonathan McCain"}]},{"@type":"WebSite","@id":"https:\/\/www.mapleleaffoods.com\/fr\/#website","url":"https:\/\/www.mapleleaffoods.com\/fr\/","name":"Les Aliments Maple Leaf","description":"Premi\u00e8re grande entreprise alimentaire carboneutre au monde","publisher":{"@id":"https:\/\/www.mapleleaffoods.com\/fr\/#organization"},"potentialAction":[{"@type":"SearchAction","target":{"@type":"EntryPoint","urlTemplate":"https:\/\/www.mapleleaffoods.com\/fr\/?s={search_term_string}"},"query-input":"required name=search_term_string"}],"inLanguage":"fr-FR"},{"@type":"Organization","@id":"https:\/\/www.mapleleaffoods.com\/fr\/#organization","name":"Les Aliments Maple Leaf","url":"https:\/\/www.mapleleaffoods.com\/fr\/","logo":{"@type":"ImageObject","inLanguage":"fr-FR","@id":"https:\/\/www.mapleleaffoods.com\/fr\/#\/schema\/logo\/image\/","url":"https:\/\/www.mapleleaffoods.com\/fr\/wp-content\/uploads\/sites\/7\/2026\/02\/L_MapleLeaf_4C_White_v1_EN.png","contentUrl":"https:\/\/www.mapleleaffoods.com\/fr\/wp-content\/uploads\/sites\/7\/2026\/02\/L_MapleLeaf_4C_White_v1_EN.png","width":1829,"height":2200,"caption":"Les Aliments Maple Leaf"},"image":{"@id":"https:\/\/www.mapleleaffoods.com\/fr\/#\/schema\/logo\/image\/"}}]}},"jetpack_sharing_enabled":true,"_links":{"self":[{"href":"https:\/\/www.mapleleaffoods.com\/fr\/wp-json\/wp\/v2\/pages\/259166"}],"collection":[{"href":"https:\/\/www.mapleleaffoods.com\/fr\/wp-json\/wp\/v2\/pages"}],"about":[{"href":"https:\/\/www.mapleleaffoods.com\/fr\/wp-json\/wp\/v2\/types\/page"}],"author":[{"embeddable":true,"href":"https:\/\/www.mapleleaffoods.com\/fr\/wp-json\/wp\/v2\/users\/40"}],"replies":[{"embeddable":true,"href":"https:\/\/www.mapleleaffoods.com\/fr\/wp-json\/wp\/v2\/comments?post=259166"}],"version-history":[{"count":2,"href":"https:\/\/www.mapleleaffoods.com\/fr\/wp-json\/wp\/v2\/pages\/259166\/revisions"}],"predecessor-version":[{"id":259168,"href":"https:\/\/www.mapleleaffoods.com\/fr\/wp-json\/wp\/v2\/pages\/259166\/revisions\/259168"}],"wp:featuredmedia":[{"embeddable":true,"href":"https:\/\/www.mapleleaffoods.com\/fr\/wp-json\/wp\/v2\/media\/259092"}],"wp:attachment":[{"href":"https:\/\/www.mapleleaffoods.com\/fr\/wp-json\/wp\/v2\/media?parent=259166"}],"curies":[{"name":"wp","href":"https:\/\/api.w.org\/{rel}","templated":true}]}}