{"id":259164,"date":"2025-05-15T19:04:14","date_gmt":"2025-05-15T23:04:14","guid":{"rendered":"https:\/\/www.mapleleaffoods.com\/fr\/?page_id=259164"},"modified":"2025-06-23T14:52:54","modified_gmt":"2025-06-23T18:52:54","slug":"michael-mccain","status":"publish","type":"page","link":"https:\/\/www.mapleleaffoods.com\/fr\/michael-mccain\/","title":{"rendered":"Michael McCain"},"content":{"rendered":"\n<h1 class=\"wp-block-heading has-h-1-font-size\">Michael H. <mark class=\"has-inline-color has-corporate-dark-blue-color\">McCain<\/mark><\/h1>\n\n\n\n<h5 class=\"wp-block-heading\">Pr\u00e9sident-directeur du conseil d\u2019administration, Les Aliments Maple Leaf Inc. et pr\u00e9sident-directeur du conseil d\u2019administration, Canada Packers Inc.<\/h5>\n\n\n\n<div class=\"wp-block-columns grid is-layout-flex wp-container-core-columns-is-layout-1 wp-block-columns-is-layout-flex\">\n<div class=\"wp-block-column sm-col-12 lg-col-5 lg-order-2 lg-start-8 is-layout-flow wp-block-column-is-layout-flow\"><figure class=\"has-border-radius wp-block-post-featured-image\"><img decoding=\"async\" width=\"1000\" height=\"1000\" src=\"https:\/\/www.mapleleaffoods.com\/fr\/wp-content\/uploads\/sites\/7\/2025\/06\/Headshot-Michael-McCain-cp.jpg\" class=\"attachment-post-thumbnail size-post-thumbnail wp-post-image\" alt=\"Michael McCain-Headshot\" style=\"object-fit:cover;\" srcset=\"https:\/\/b3412141.smushcdn.com\/3412141\/wp-content\/uploads\/sites\/7\/2025\/06\/Headshot-Michael-McCain-cp.jpg?lossy=1&amp;strip=1&amp;webp=1 1000w, https:\/\/b3412141.smushcdn.com\/3412141\/wp-content\/uploads\/sites\/7\/2025\/06\/Headshot-Michael-McCain-cp-300x300.jpg?lossy=1&amp;strip=1&amp;webp=1 300w, https:\/\/b3412141.smushcdn.com\/3412141\/wp-content\/uploads\/sites\/7\/2025\/06\/Headshot-Michael-McCain-cp-150x150.jpg?lossy=1&amp;strip=1&amp;webp=1 150w, https:\/\/b3412141.smushcdn.com\/3412141\/wp-content\/uploads\/sites\/7\/2025\/06\/Headshot-Michael-McCain-cp-768x768.jpg?lossy=1&amp;strip=1&amp;webp=1 768w\" sizes=\"(max-width: 1000px) 100vw, 1000px\" \/><\/figure><\/div>\n\n\n\n<div class=\"wp-block-column sm-col-12 lg-col-6 lg-order-1 is-layout-flow wp-block-column-is-layout-flow\">\n<p>M. M.H. McCain est pr\u00e9sident-directeur du conseil d\u2019administration des Aliments Maple Leaf et occupera \u00e9galement le poste de pr\u00e9sident-directeur du conseil d\u2019administration de Canada Packers. Il s\u2019est joint aux Aliments Maple Leaf en avril 1995 en tant que pr\u00e9sident et chef de l\u2019exploitation et a \u00e9t\u00e9 nomm\u00e9 chef de la direction en janvier 1999. Avant cela, il a pass\u00e9 16 ans chez McCain Foods au Canada et aux \u00c9tats-Unis, o\u00f9 il a occup\u00e9 le poste de pr\u00e9sident et chef de la direction de McCain Foods USA. Il si\u00e8ge au conseil d\u2019administration de MCI et des Aliments Maple Leaf. Il est \u00e9galement membre du comit\u00e9 consultatif de la Richard Ivey School of Business, du Conseil canadien des affaires ainsi que de la fondation du Centre for Addiction and Mental Health. De plus, il est pr\u00e9sident honoraire du Centre de Maple Leaf pour la s\u00e9curit\u00e9 alimentaire.<\/p>\n\n\n\n<div style=\"height:100px\" aria-hidden=\"true\" class=\"wp-block-spacer is-style-white left-arrow-icon\"><\/div>\n\n\n\n<div class=\"wp-block-buttons is-style-white left-arrow-icon is-layout-flex wp-block-buttons-is-layout-flex\">\n<div class=\"wp-block-button is-style-white left-arrow-icon\"><a class=\"wp-block-button__link wp-element-button\" href=\"https:\/\/www.mapleleaffoods.com\/fr\/investisseurs\/canada-packers\/\" aria-label=\"Add aria label here\">Retour aux Canada Packers<\/a><span class=\"file-size-button\"><\/span><\/div>\n<\/div>\n\n\n\n<div style=\"height:100px\" aria-hidden=\"true\" class=\"wp-block-spacer\"><\/div>\n<\/div>\n<\/div>\n","protected":false},"excerpt":{"rendered":"<p>Michael H. McCain Pr\u00e9sident-directeur du conseil d\u2019administration, Les Aliments Maple Leaf Inc. et pr\u00e9sident-directeur du conseil d\u2019administration, Canada Packers Inc. [&hellip;]<\/p>\n","protected":false},"author":40,"featured_media":259386,"parent":0,"menu_order":0,"comment_status":"closed","ping_status":"closed","template":"","meta":{"mlfcorp_iframe_url":"","footnotes":""},"class_list":["post-259164","page","type-page","status-publish","has-post-thumbnail","hentry"],"acf":[],"yoast_head":"<!-- This site is optimized with the Yoast SEO plugin v21.7 - https:\/\/yoast.com\/wordpress\/plugins\/seo\/ -->\n<title>Le conseil d\u2019administration - Michael McCain | Canada Packers<\/title>\n<meta name=\"description\" content=\"M. M.H. McCain est pr\u00e9sident-directeur du conseil d\u2019administration des Aliments Maple Leaf et occupera \u00e9galement le poste de pr\u00e9sident-...\" \/>\n<meta name=\"robots\" content=\"index, follow, max-snippet:-1, max-image-preview:large, max-video-preview:-1\" \/>\n<link rel=\"canonical\" href=\"https:\/\/www.mapleleaffoods.com\/fr\/michael-mccain\/\" \/>\n<meta property=\"og:locale\" content=\"fr_FR\" \/>\n<meta property=\"og:type\" content=\"article\" \/>\n<meta property=\"og:title\" content=\"Le conseil d\u2019administration - Michael McCain | Canada Packers\" \/>\n<meta property=\"og:description\" content=\"M. M.H. McCain est pr\u00e9sident-directeur du conseil d\u2019administration des Aliments Maple Leaf et occupera \u00e9galement le poste de pr\u00e9sident-...\" \/>\n<meta property=\"og:url\" content=\"https:\/\/www.mapleleaffoods.com\/fr\/michael-mccain\/\" \/>\n<meta property=\"og:site_name\" content=\"Les Aliments Maple Leaf\" \/>\n<meta property=\"article:modified_time\" content=\"2025-06-23T18:52:54+00:00\" \/>\n<meta property=\"og:image\" content=\"https:\/\/www.mapleleaffoods.com\/fr\/wp-content\/uploads\/sites\/7\/2025\/06\/Headshot-Michael-McCain-cp.jpg\" \/>\n\t<meta property=\"og:image:width\" content=\"1000\" \/>\n\t<meta property=\"og:image:height\" content=\"1000\" \/>\n\t<meta property=\"og:image:type\" content=\"image\/jpeg\" \/>\n<meta name=\"twitter:card\" content=\"summary_large_image\" \/>\n<meta name=\"twitter:label1\" content=\"Dur\u00e9e de lecture estim\u00e9e\" \/>\n\t<meta name=\"twitter:data1\" content=\"1 minute\" \/>\n<script type=\"application\/ld+json\" class=\"yoast-schema-graph\">{\"@context\":\"https:\/\/schema.org\",\"@graph\":[{\"@type\":\"WebPage\",\"@id\":\"https:\/\/www.mapleleaffoods.com\/fr\/michael-mccain\/\",\"url\":\"https:\/\/www.mapleleaffoods.com\/fr\/michael-mccain\/\",\"name\":\"Le conseil d\u2019administration - Michael McCain | Canada Packers\",\"isPartOf\":{\"@id\":\"https:\/\/www.mapleleaffoods.com\/fr\/#website\"},\"datePublished\":\"2025-05-15T23:04:14+00:00\",\"dateModified\":\"2025-06-23T18:52:54+00:00\",\"description\":\"M. M.H. McCain est pr\u00e9sident-directeur du conseil d\u2019administration des Aliments Maple Leaf et occupera \u00e9galement le poste de pr\u00e9sident-...\",\"breadcrumb\":{\"@id\":\"https:\/\/www.mapleleaffoods.com\/fr\/michael-mccain\/#breadcrumb\"},\"inLanguage\":\"fr-FR\",\"potentialAction\":[{\"@type\":\"ReadAction\",\"target\":[\"https:\/\/www.mapleleaffoods.com\/fr\/michael-mccain\/\"]}]},{\"@type\":\"BreadcrumbList\",\"@id\":\"https:\/\/www.mapleleaffoods.com\/fr\/michael-mccain\/#breadcrumb\",\"itemListElement\":[{\"@type\":\"ListItem\",\"position\":1,\"name\":\"Page d\u2019accueil\",\"item\":\"https:\/\/www.mapleleaffoods.com\/fr\/\"},{\"@type\":\"ListItem\",\"position\":2,\"name\":\"Michael McCain\"}]},{\"@type\":\"WebSite\",\"@id\":\"https:\/\/www.mapleleaffoods.com\/fr\/#website\",\"url\":\"https:\/\/www.mapleleaffoods.com\/fr\/\",\"name\":\"Les Aliments Maple Leaf\",\"description\":\"Premi\u00e8re grande entreprise alimentaire carboneutre au monde\",\"publisher\":{\"@id\":\"https:\/\/www.mapleleaffoods.com\/fr\/#organization\"},\"potentialAction\":[{\"@type\":\"SearchAction\",\"target\":{\"@type\":\"EntryPoint\",\"urlTemplate\":\"https:\/\/www.mapleleaffoods.com\/fr\/?s={search_term_string}\"},\"query-input\":\"required name=search_term_string\"}],\"inLanguage\":\"fr-FR\"},{\"@type\":\"Organization\",\"@id\":\"https:\/\/www.mapleleaffoods.com\/fr\/#organization\",\"name\":\"Les Aliments Maple Leaf\",\"url\":\"https:\/\/www.mapleleaffoods.com\/fr\/\",\"logo\":{\"@type\":\"ImageObject\",\"inLanguage\":\"fr-FR\",\"@id\":\"https:\/\/www.mapleleaffoods.com\/fr\/#\/schema\/logo\/image\/\",\"url\":\"https:\/\/www.mapleleaffoods.com\/fr\/wp-content\/uploads\/sites\/7\/2026\/02\/L_MapleLeaf_4C_White_v1_EN.png\",\"contentUrl\":\"https:\/\/www.mapleleaffoods.com\/fr\/wp-content\/uploads\/sites\/7\/2026\/02\/L_MapleLeaf_4C_White_v1_EN.png\",\"width\":1829,\"height\":2200,\"caption\":\"Les Aliments Maple Leaf\"},\"image\":{\"@id\":\"https:\/\/www.mapleleaffoods.com\/fr\/#\/schema\/logo\/image\/\"}}]}<\/script>\n<!-- \/ Yoast SEO plugin. -->","yoast_head_json":{"title":"Le conseil d\u2019administration - Michael McCain | Canada Packers","description":"M. M.H. McCain est pr\u00e9sident-directeur du conseil d\u2019administration des Aliments Maple Leaf et occupera \u00e9galement le poste de pr\u00e9sident-...","robots":{"index":"index","follow":"follow","max-snippet":"max-snippet:-1","max-image-preview":"max-image-preview:large","max-video-preview":"max-video-preview:-1"},"canonical":"https:\/\/www.mapleleaffoods.com\/fr\/michael-mccain\/","og_locale":"fr_FR","og_type":"article","og_title":"Le conseil d\u2019administration - Michael McCain | Canada Packers","og_description":"M. M.H. McCain est pr\u00e9sident-directeur du conseil d\u2019administration des Aliments Maple Leaf et occupera \u00e9galement le poste de pr\u00e9sident-...","og_url":"https:\/\/www.mapleleaffoods.com\/fr\/michael-mccain\/","og_site_name":"Les Aliments Maple Leaf","article_modified_time":"2025-06-23T18:52:54+00:00","og_image":[{"width":1000,"height":1000,"url":"https:\/\/www.mapleleaffoods.com\/fr\/wp-content\/uploads\/sites\/7\/2025\/06\/Headshot-Michael-McCain-cp.jpg","type":"image\/jpeg"}],"twitter_card":"summary_large_image","twitter_misc":{"Dur\u00e9e de lecture estim\u00e9e":"1 minute"},"schema":{"@context":"https:\/\/schema.org","@graph":[{"@type":"WebPage","@id":"https:\/\/www.mapleleaffoods.com\/fr\/michael-mccain\/","url":"https:\/\/www.mapleleaffoods.com\/fr\/michael-mccain\/","name":"Le conseil d\u2019administration - Michael McCain | Canada Packers","isPartOf":{"@id":"https:\/\/www.mapleleaffoods.com\/fr\/#website"},"datePublished":"2025-05-15T23:04:14+00:00","dateModified":"2025-06-23T18:52:54+00:00","description":"M. M.H. McCain est pr\u00e9sident-directeur du conseil d\u2019administration des Aliments Maple Leaf et occupera \u00e9galement le poste de pr\u00e9sident-...","breadcrumb":{"@id":"https:\/\/www.mapleleaffoods.com\/fr\/michael-mccain\/#breadcrumb"},"inLanguage":"fr-FR","potentialAction":[{"@type":"ReadAction","target":["https:\/\/www.mapleleaffoods.com\/fr\/michael-mccain\/"]}]},{"@type":"BreadcrumbList","@id":"https:\/\/www.mapleleaffoods.com\/fr\/michael-mccain\/#breadcrumb","itemListElement":[{"@type":"ListItem","position":1,"name":"Page d\u2019accueil","item":"https:\/\/www.mapleleaffoods.com\/fr\/"},{"@type":"ListItem","position":2,"name":"Michael McCain"}]},{"@type":"WebSite","@id":"https:\/\/www.mapleleaffoods.com\/fr\/#website","url":"https:\/\/www.mapleleaffoods.com\/fr\/","name":"Les Aliments Maple Leaf","description":"Premi\u00e8re grande entreprise alimentaire carboneutre au monde","publisher":{"@id":"https:\/\/www.mapleleaffoods.com\/fr\/#organization"},"potentialAction":[{"@type":"SearchAction","target":{"@type":"EntryPoint","urlTemplate":"https:\/\/www.mapleleaffoods.com\/fr\/?s={search_term_string}"},"query-input":"required name=search_term_string"}],"inLanguage":"fr-FR"},{"@type":"Organization","@id":"https:\/\/www.mapleleaffoods.com\/fr\/#organization","name":"Les Aliments Maple Leaf","url":"https:\/\/www.mapleleaffoods.com\/fr\/","logo":{"@type":"ImageObject","inLanguage":"fr-FR","@id":"https:\/\/www.mapleleaffoods.com\/fr\/#\/schema\/logo\/image\/","url":"https:\/\/www.mapleleaffoods.com\/fr\/wp-content\/uploads\/sites\/7\/2026\/02\/L_MapleLeaf_4C_White_v1_EN.png","contentUrl":"https:\/\/www.mapleleaffoods.com\/fr\/wp-content\/uploads\/sites\/7\/2026\/02\/L_MapleLeaf_4C_White_v1_EN.png","width":1829,"height":2200,"caption":"Les Aliments Maple Leaf"},"image":{"@id":"https:\/\/www.mapleleaffoods.com\/fr\/#\/schema\/logo\/image\/"}}]}},"jetpack_sharing_enabled":true,"_links":{"self":[{"href":"https:\/\/www.mapleleaffoods.com\/fr\/wp-json\/wp\/v2\/pages\/259164"}],"collection":[{"href":"https:\/\/www.mapleleaffoods.com\/fr\/wp-json\/wp\/v2\/pages"}],"about":[{"href":"https:\/\/www.mapleleaffoods.com\/fr\/wp-json\/wp\/v2\/types\/page"}],"author":[{"embeddable":true,"href":"https:\/\/www.mapleleaffoods.com\/fr\/wp-json\/wp\/v2\/users\/40"}],"replies":[{"embeddable":true,"href":"https:\/\/www.mapleleaffoods.com\/fr\/wp-json\/wp\/v2\/comments?post=259164"}],"version-history":[{"count":1,"href":"https:\/\/www.mapleleaffoods.com\/fr\/wp-json\/wp\/v2\/pages\/259164\/revisions"}],"predecessor-version":[{"id":259165,"href":"https:\/\/www.mapleleaffoods.com\/fr\/wp-json\/wp\/v2\/pages\/259164\/revisions\/259165"}],"wp:featuredmedia":[{"embeddable":true,"href":"https:\/\/www.mapleleaffoods.com\/fr\/wp-json\/wp\/v2\/media\/259386"}],"wp:attachment":[{"href":"https:\/\/www.mapleleaffoods.com\/fr\/wp-json\/wp\/v2\/media?parent=259164"}],"curies":[{"name":"wp","href":"https:\/\/api.w.org\/{rel}","templated":true}]}}