{"id":259114,"date":"2025-05-15T19:16:58","date_gmt":"2025-05-15T23:16:58","guid":{"rendered":"https:\/\/www.mapleleaffoods.com\/fr\/?page_id=259114"},"modified":"2025-06-23T14:53:27","modified_gmt":"2025-06-23T18:53:27","slug":"michael-vels","status":"publish","type":"page","link":"https:\/\/www.mapleleaffoods.com\/fr\/michael-vels\/","title":{"rendered":"Michael Vels"},"content":{"rendered":"\n<h1 class=\"wp-block-heading has-h-1-font-size\">Michael <mark class=\"has-inline-color has-corporate-dark-blue-color\">Vels<\/mark><\/h1>\n\n\n\n<h5 class=\"wp-block-heading\">Administrateur d\u2019entreprise<\/h5>\n\n\n\n<div class=\"wp-block-columns grid is-layout-flex wp-container-core-columns-is-layout-1 wp-block-columns-is-layout-flex\">\n<div class=\"wp-block-column sm-col-12 lg-col-5 lg-order-2 lg-start-8 is-layout-flow wp-block-column-is-layout-flow\"><figure class=\"has-border-radius wp-block-post-featured-image\"><img decoding=\"async\" width=\"1000\" height=\"1000\" src=\"https:\/\/www.mapleleaffoods.com\/fr\/wp-content\/uploads\/sites\/7\/2025\/05\/Michael-Vels-Bio-Headshot.jpg\" class=\"attachment-post-thumbnail size-post-thumbnail wp-post-image\" alt=\"Michael Vels\" style=\"object-fit:cover;\" srcset=\"https:\/\/b3412141.smushcdn.com\/3412141\/wp-content\/uploads\/sites\/7\/2025\/05\/Michael-Vels-Bio-Headshot.jpg?lossy=1&amp;strip=1&amp;webp=1 1000w, https:\/\/b3412141.smushcdn.com\/3412141\/wp-content\/uploads\/sites\/7\/2025\/05\/Michael-Vels-Bio-Headshot-300x300.jpg?lossy=1&amp;strip=1&amp;webp=1 300w, https:\/\/b3412141.smushcdn.com\/3412141\/wp-content\/uploads\/sites\/7\/2025\/05\/Michael-Vels-Bio-Headshot-150x150.jpg?lossy=1&amp;strip=1&amp;webp=1 150w, https:\/\/b3412141.smushcdn.com\/3412141\/wp-content\/uploads\/sites\/7\/2025\/05\/Michael-Vels-Bio-Headshot-768x768.jpg?lossy=1&amp;strip=1&amp;webp=1 768w\" sizes=\"(max-width: 1000px) 100vw, 1000px\" \/><\/figure><\/div>\n\n\n\n<div class=\"wp-block-column sm-col-12 lg-col-6 lg-order-1 is-layout-flow wp-block-column-is-layout-flow\">\n<p>Michael Vels a occup\u00e9 auparavant les postes de vice-pr\u00e9sident directeur, de chef du d\u00e9veloppement et de chef des finances chez Empire Company Limited et Sobeys Inc. Chez Empire, il \u00e9tait aussi responsable de diriger les activit\u00e9s immobili\u00e8res, technologiques, d\u2019approvisionnement strat\u00e9gique, de gestion de projets d\u2019entreprise et de fusion et d\u2019acquisition. M. Vels a \u00e9galement \u00e9t\u00e9 chef des finances chez Hydro One de 2015 \u00e0 2017.<\/p>\n\n\n\n<p>Avant de se joindre \u00e0 Hydro One, il a gravi les \u00e9chelons aux Aliments Maple Leaf entre 1991 et 2014, en exer\u00e7ant successivement les fonctions de vice-pr\u00e9sident directeur et chef de la transition, puis de vice-pr\u00e9sident directeur des finances et de vice-pr\u00e9sident des finances. M. Vels \u00e9tait chef des finances chez la Boulangerie Canada Bread, Limit\u00e9e avant son acquisition par Grupo Bimbo S.A.B.<\/p>\n\n\n\n<p>Il a d\u00e9but\u00e9 sa carri\u00e8re dans divers postes chez KPMG et Ernst &amp; Whinney Chartered Accountants (aujourd\u2019hui Ernst &amp; Young LLP).<\/p>\n\n\n\n<p>M. Vels si\u00e8ge actuellement au conseil d\u2019administration de la fiducie de placement immobilier Crombie et a si\u00e9g\u00e9 auparavant au conseil d\u2019administration de Country Style Food Services Inc. et de la Boulangerie Canada Bread, Limit\u00e9e.<\/p>\n\n\n\n<p>Titulaire d\u2019un baccalaur\u00e9at en comptabilit\u00e9 de l\u2019Universit\u00e9 du Witwatersrand, il d\u00e9tient \u00e9galement le titre IAS.A.<\/p>\n\n\n\n<div style=\"height:100px\" aria-hidden=\"true\" class=\"wp-block-spacer is-style-white left-arrow-icon\"><\/div>\n\n\n\n<div class=\"wp-block-buttons is-style-white left-arrow-icon is-layout-flex wp-block-buttons-is-layout-flex\">\n<div class=\"wp-block-button is-style-white left-arrow-icon\"><a class=\"wp-block-button__link wp-element-button\" href=\"https:\/\/www.mapleleaffoods.com\/fr\/investisseurs\/canada-packers\/\" aria-label=\"Add aria label here\">Retour aux Canada Packers<\/a><span class=\"file-size-button\"><\/span><\/div>\n<\/div>\n\n\n\n<div style=\"height:100px\" aria-hidden=\"true\" class=\"wp-block-spacer\"><\/div>\n<\/div>\n<\/div>\n","protected":false},"excerpt":{"rendered":"<p>Michael Vels Administrateur d\u2019entreprise Michael Vels a occup\u00e9 auparavant les postes de vice-pr\u00e9sident directeur, de chef du d\u00e9veloppement et de [&hellip;]<\/p>\n","protected":false},"author":40,"featured_media":259096,"parent":0,"menu_order":0,"comment_status":"closed","ping_status":"closed","template":"","meta":{"mlfcorp_iframe_url":"","footnotes":""},"class_list":["post-259114","page","type-page","status-publish","has-post-thumbnail","hentry"],"acf":[],"yoast_head":"<!-- This site is optimized with the Yoast SEO plugin v21.7 - https:\/\/yoast.com\/wordpress\/plugins\/seo\/ -->\n<title>Le conseil d\u2019administration - Michael Vels | Canada Packers<\/title>\n<meta name=\"description\" content=\"Michael Vels a occup\u00e9 auparavant les postes de vice-pr\u00e9sident directeur, de chef du d\u00e9veloppement et de chef des finances chez Empire Comp...\" \/>\n<meta name=\"robots\" content=\"index, follow, max-snippet:-1, max-image-preview:large, max-video-preview:-1\" \/>\n<link rel=\"canonical\" href=\"https:\/\/www.mapleleaffoods.com\/fr\/michael-vels\/\" \/>\n<meta property=\"og:locale\" content=\"fr_FR\" \/>\n<meta property=\"og:type\" content=\"article\" \/>\n<meta property=\"og:title\" content=\"Le conseil d\u2019administration - Michael Vels | Canada Packers\" \/>\n<meta property=\"og:description\" content=\"Michael Vels a occup\u00e9 auparavant les postes de vice-pr\u00e9sident directeur, de chef du d\u00e9veloppement et de chef des finances chez Empire Comp...\" \/>\n<meta property=\"og:url\" content=\"https:\/\/www.mapleleaffoods.com\/fr\/michael-vels\/\" \/>\n<meta property=\"og:site_name\" content=\"Les Aliments Maple Leaf\" \/>\n<meta property=\"article:modified_time\" content=\"2025-06-23T18:53:27+00:00\" \/>\n<meta property=\"og:image\" content=\"https:\/\/www.mapleleaffoods.com\/fr\/wp-content\/uploads\/sites\/7\/2025\/05\/Michael-Vels-Bio-Headshot.jpg\" \/>\n\t<meta property=\"og:image:width\" content=\"1000\" \/>\n\t<meta property=\"og:image:height\" content=\"1000\" \/>\n\t<meta property=\"og:image:type\" content=\"image\/jpeg\" \/>\n<meta name=\"twitter:card\" content=\"summary_large_image\" \/>\n<meta name=\"twitter:label1\" content=\"Dur\u00e9e de lecture estim\u00e9e\" \/>\n\t<meta name=\"twitter:data1\" content=\"1 minute\" \/>\n<script type=\"application\/ld+json\" class=\"yoast-schema-graph\">{\"@context\":\"https:\/\/schema.org\",\"@graph\":[{\"@type\":\"WebPage\",\"@id\":\"https:\/\/www.mapleleaffoods.com\/fr\/michael-vels\/\",\"url\":\"https:\/\/www.mapleleaffoods.com\/fr\/michael-vels\/\",\"name\":\"Le conseil d\u2019administration - Michael Vels | Canada Packers\",\"isPartOf\":{\"@id\":\"https:\/\/www.mapleleaffoods.com\/fr\/#website\"},\"datePublished\":\"2025-05-15T23:16:58+00:00\",\"dateModified\":\"2025-06-23T18:53:27+00:00\",\"description\":\"Michael Vels a occup\u00e9 auparavant les postes de vice-pr\u00e9sident directeur, de chef du d\u00e9veloppement et de chef des finances chez Empire Comp...\",\"breadcrumb\":{\"@id\":\"https:\/\/www.mapleleaffoods.com\/fr\/michael-vels\/#breadcrumb\"},\"inLanguage\":\"fr-FR\",\"potentialAction\":[{\"@type\":\"ReadAction\",\"target\":[\"https:\/\/www.mapleleaffoods.com\/fr\/michael-vels\/\"]}]},{\"@type\":\"BreadcrumbList\",\"@id\":\"https:\/\/www.mapleleaffoods.com\/fr\/michael-vels\/#breadcrumb\",\"itemListElement\":[{\"@type\":\"ListItem\",\"position\":1,\"name\":\"Page d\u2019accueil\",\"item\":\"https:\/\/www.mapleleaffoods.com\/fr\/\"},{\"@type\":\"ListItem\",\"position\":2,\"name\":\"Michael Vels\"}]},{\"@type\":\"WebSite\",\"@id\":\"https:\/\/www.mapleleaffoods.com\/fr\/#website\",\"url\":\"https:\/\/www.mapleleaffoods.com\/fr\/\",\"name\":\"Les Aliments Maple Leaf\",\"description\":\"Premi\u00e8re grande entreprise alimentaire carboneutre au monde\",\"publisher\":{\"@id\":\"https:\/\/www.mapleleaffoods.com\/fr\/#organization\"},\"potentialAction\":[{\"@type\":\"SearchAction\",\"target\":{\"@type\":\"EntryPoint\",\"urlTemplate\":\"https:\/\/www.mapleleaffoods.com\/fr\/?s={search_term_string}\"},\"query-input\":\"required name=search_term_string\"}],\"inLanguage\":\"fr-FR\"},{\"@type\":\"Organization\",\"@id\":\"https:\/\/www.mapleleaffoods.com\/fr\/#organization\",\"name\":\"Les Aliments Maple Leaf\",\"url\":\"https:\/\/www.mapleleaffoods.com\/fr\/\",\"logo\":{\"@type\":\"ImageObject\",\"inLanguage\":\"fr-FR\",\"@id\":\"https:\/\/www.mapleleaffoods.com\/fr\/#\/schema\/logo\/image\/\",\"url\":\"https:\/\/www.mapleleaffoods.com\/fr\/wp-content\/uploads\/sites\/7\/2026\/02\/L_MapleLeaf_4C_White_v1_EN.png\",\"contentUrl\":\"https:\/\/www.mapleleaffoods.com\/fr\/wp-content\/uploads\/sites\/7\/2026\/02\/L_MapleLeaf_4C_White_v1_EN.png\",\"width\":1829,\"height\":2200,\"caption\":\"Les Aliments Maple Leaf\"},\"image\":{\"@id\":\"https:\/\/www.mapleleaffoods.com\/fr\/#\/schema\/logo\/image\/\"}}]}<\/script>\n<!-- \/ Yoast SEO plugin. -->","yoast_head_json":{"title":"Le conseil d\u2019administration - Michael Vels | Canada Packers","description":"Michael Vels a occup\u00e9 auparavant les postes de vice-pr\u00e9sident directeur, de chef du d\u00e9veloppement et de chef des finances chez Empire Comp...","robots":{"index":"index","follow":"follow","max-snippet":"max-snippet:-1","max-image-preview":"max-image-preview:large","max-video-preview":"max-video-preview:-1"},"canonical":"https:\/\/www.mapleleaffoods.com\/fr\/michael-vels\/","og_locale":"fr_FR","og_type":"article","og_title":"Le conseil d\u2019administration - Michael Vels | Canada Packers","og_description":"Michael Vels a occup\u00e9 auparavant les postes de vice-pr\u00e9sident directeur, de chef du d\u00e9veloppement et de chef des finances chez Empire Comp...","og_url":"https:\/\/www.mapleleaffoods.com\/fr\/michael-vels\/","og_site_name":"Les Aliments Maple Leaf","article_modified_time":"2025-06-23T18:53:27+00:00","og_image":[{"width":1000,"height":1000,"url":"https:\/\/www.mapleleaffoods.com\/fr\/wp-content\/uploads\/sites\/7\/2025\/05\/Michael-Vels-Bio-Headshot.jpg","type":"image\/jpeg"}],"twitter_card":"summary_large_image","twitter_misc":{"Dur\u00e9e de lecture estim\u00e9e":"1 minute"},"schema":{"@context":"https:\/\/schema.org","@graph":[{"@type":"WebPage","@id":"https:\/\/www.mapleleaffoods.com\/fr\/michael-vels\/","url":"https:\/\/www.mapleleaffoods.com\/fr\/michael-vels\/","name":"Le conseil d\u2019administration - Michael Vels | Canada Packers","isPartOf":{"@id":"https:\/\/www.mapleleaffoods.com\/fr\/#website"},"datePublished":"2025-05-15T23:16:58+00:00","dateModified":"2025-06-23T18:53:27+00:00","description":"Michael Vels a occup\u00e9 auparavant les postes de vice-pr\u00e9sident directeur, de chef du d\u00e9veloppement et de chef des finances chez Empire Comp...","breadcrumb":{"@id":"https:\/\/www.mapleleaffoods.com\/fr\/michael-vels\/#breadcrumb"},"inLanguage":"fr-FR","potentialAction":[{"@type":"ReadAction","target":["https:\/\/www.mapleleaffoods.com\/fr\/michael-vels\/"]}]},{"@type":"BreadcrumbList","@id":"https:\/\/www.mapleleaffoods.com\/fr\/michael-vels\/#breadcrumb","itemListElement":[{"@type":"ListItem","position":1,"name":"Page d\u2019accueil","item":"https:\/\/www.mapleleaffoods.com\/fr\/"},{"@type":"ListItem","position":2,"name":"Michael Vels"}]},{"@type":"WebSite","@id":"https:\/\/www.mapleleaffoods.com\/fr\/#website","url":"https:\/\/www.mapleleaffoods.com\/fr\/","name":"Les Aliments Maple Leaf","description":"Premi\u00e8re grande entreprise alimentaire carboneutre au monde","publisher":{"@id":"https:\/\/www.mapleleaffoods.com\/fr\/#organization"},"potentialAction":[{"@type":"SearchAction","target":{"@type":"EntryPoint","urlTemplate":"https:\/\/www.mapleleaffoods.com\/fr\/?s={search_term_string}"},"query-input":"required name=search_term_string"}],"inLanguage":"fr-FR"},{"@type":"Organization","@id":"https:\/\/www.mapleleaffoods.com\/fr\/#organization","name":"Les Aliments Maple Leaf","url":"https:\/\/www.mapleleaffoods.com\/fr\/","logo":{"@type":"ImageObject","inLanguage":"fr-FR","@id":"https:\/\/www.mapleleaffoods.com\/fr\/#\/schema\/logo\/image\/","url":"https:\/\/www.mapleleaffoods.com\/fr\/wp-content\/uploads\/sites\/7\/2026\/02\/L_MapleLeaf_4C_White_v1_EN.png","contentUrl":"https:\/\/www.mapleleaffoods.com\/fr\/wp-content\/uploads\/sites\/7\/2026\/02\/L_MapleLeaf_4C_White_v1_EN.png","width":1829,"height":2200,"caption":"Les Aliments Maple Leaf"},"image":{"@id":"https:\/\/www.mapleleaffoods.com\/fr\/#\/schema\/logo\/image\/"}}]}},"jetpack_sharing_enabled":true,"_links":{"self":[{"href":"https:\/\/www.mapleleaffoods.com\/fr\/wp-json\/wp\/v2\/pages\/259114"}],"collection":[{"href":"https:\/\/www.mapleleaffoods.com\/fr\/wp-json\/wp\/v2\/pages"}],"about":[{"href":"https:\/\/www.mapleleaffoods.com\/fr\/wp-json\/wp\/v2\/types\/page"}],"author":[{"embeddable":true,"href":"https:\/\/www.mapleleaffoods.com\/fr\/wp-json\/wp\/v2\/users\/40"}],"replies":[{"embeddable":true,"href":"https:\/\/www.mapleleaffoods.com\/fr\/wp-json\/wp\/v2\/comments?post=259114"}],"version-history":[{"count":2,"href":"https:\/\/www.mapleleaffoods.com\/fr\/wp-json\/wp\/v2\/pages\/259114\/revisions"}],"predecessor-version":[{"id":259173,"href":"https:\/\/www.mapleleaffoods.com\/fr\/wp-json\/wp\/v2\/pages\/259114\/revisions\/259173"}],"wp:featuredmedia":[{"embeddable":true,"href":"https:\/\/www.mapleleaffoods.com\/fr\/wp-json\/wp\/v2\/media\/259096"}],"wp:attachment":[{"href":"https:\/\/www.mapleleaffoods.com\/fr\/wp-json\/wp\/v2\/media?parent=259114"}],"curies":[{"name":"wp","href":"https:\/\/api.w.org\/{rel}","templated":true}]}}