{"id":259112,"date":"2025-05-15T19:15:32","date_gmt":"2025-05-15T23:15:32","guid":{"rendered":"https:\/\/www.mapleleaffoods.com\/fr\/?page_id=259112"},"modified":"2025-06-23T14:53:22","modified_gmt":"2025-06-23T18:53:22","slug":"heather-stefanson","status":"publish","type":"page","link":"https:\/\/www.mapleleaffoods.com\/fr\/heather-stefanson\/","title":{"rendered":"Heather Stefanson"},"content":{"rendered":"\n<h1 class=\"wp-block-heading has-h-1-font-size\">Heather <mark class=\"has-inline-color has-corporate-dark-blue-color\">Stefanson<\/mark><\/h1>\n\n\n\n<h5 class=\"wp-block-heading\">Administratrice d\u2019entreprise<\/h5>\n\n\n\n<div class=\"wp-block-columns grid is-layout-flex wp-container-core-columns-is-layout-1 wp-block-columns-is-layout-flex\">\n<div class=\"wp-block-column sm-col-12 lg-col-5 lg-order-2 lg-start-8 is-layout-flow wp-block-column-is-layout-flow\"><figure class=\"has-border-radius wp-block-post-featured-image\"><img decoding=\"async\" width=\"1000\" height=\"1000\" src=\"https:\/\/www.mapleleaffoods.com\/fr\/wp-content\/uploads\/sites\/7\/2025\/05\/Heather-Stefanson-Bio-Photo-Original.jpg\" class=\"attachment-post-thumbnail size-post-thumbnail wp-post-image\" alt=\"Heather Stefanson\" style=\"object-fit:cover;\" srcset=\"https:\/\/b3412141.smushcdn.com\/3412141\/wp-content\/uploads\/sites\/7\/2025\/05\/Heather-Stefanson-Bio-Photo-Original.jpg?lossy=1&amp;strip=1&amp;webp=1 1000w, https:\/\/b3412141.smushcdn.com\/3412141\/wp-content\/uploads\/sites\/7\/2025\/05\/Heather-Stefanson-Bio-Photo-Original-300x300.jpg?lossy=1&amp;strip=1&amp;webp=1 300w, https:\/\/b3412141.smushcdn.com\/3412141\/wp-content\/uploads\/sites\/7\/2025\/05\/Heather-Stefanson-Bio-Photo-Original-150x150.jpg?lossy=1&amp;strip=1&amp;webp=1 150w, https:\/\/b3412141.smushcdn.com\/3412141\/wp-content\/uploads\/sites\/7\/2025\/05\/Heather-Stefanson-Bio-Photo-Original-768x768.jpg?lossy=1&amp;strip=1&amp;webp=1 768w\" sizes=\"(max-width: 1000px) 100vw, 1000px\" \/><\/figure><\/div>\n\n\n\n<div class=\"wp-block-column sm-col-12 lg-col-6 lg-order-1 is-layout-flow wp-block-column-is-layout-flow\">\n<p>Heather Stefanson a men\u00e9 une carri\u00e8re fructueuse dans la fonction publique et le domaine de la gouvernance. \u00c9lue 24e premi\u00e8re ministre du Manitoba en 2021, elle a marqu\u00e9 l\u2019histoire en \u00e9tant la premi\u00e8re femme \u00e0 acc\u00e9der \u00e0 ce poste, et a \u00e9t\u00e9 d\u00e9put\u00e9e provinciale jusqu\u2019\u00e0 ce qu\u2019elle mette fin \u00e0 sa carri\u00e8re politique en 2024.<\/p>\n\n\n\n<p>Mme Stefanson a \u00e9t\u00e9 \u00e9lue en 2000 \u00e0 l\u2019Assembl\u00e9e l\u00e9gislative du Manitoba en tant que repr\u00e9sentante de la circonscription de Tuxedo. Ministre du cabinet de la Province du Manitoba de 2016 \u00e0 2021, elle a occup\u00e9 plusieurs postes cl\u00e9s, notamment ceux de vice-premi\u00e8re ministre, ministre de la Justice, procureure g\u00e9n\u00e9rale, ministre de la Sant\u00e9 et ministre de la Famille.<\/p>\n\n\n\n<p>Mme Stefanson a commenc\u00e9 sa carri\u00e8re dans la fonction publique en qualit\u00e9 d\u2019adjointe sp\u00e9ciale du bureau du premier ministre du Canada, Brian Mulroney, avant de travailler au bureau du ministre de l\u2019Agriculture. Elle est devenue ensuite adjointe sp\u00e9ciale du ministre de l\u2019\u00c9ducation au sein du gouvernement provincial du Manitoba.<\/p>\n\n\n\n<p>Avant de d\u00e9buter sa carri\u00e8re politique, Mme Stefanson a travaill\u00e9 comme conseill\u00e8re en placements chez Midland Walwyn et Wellington West Capital. Elle a \u00e9galement pris part \u00e0 la direction de son entreprise familiale, McDonald Grain Company Ltd., o\u00f9 elle a exerc\u00e9 les fonctions de vice-pr\u00e9sidente et de directrice.<\/p>\n\n\n\n<p>Mme Stefanson est membre du conseil d\u2019administration de WestJet. Elle est titulaire d\u2019un baccalaur\u00e9at \u00e8s arts en sciences politiques de l\u2019Universit\u00e9 Western Ontario.<\/p>\n\n\n\n<div style=\"height:100px\" aria-hidden=\"true\" class=\"wp-block-spacer is-style-white left-arrow-icon\"><\/div>\n\n\n\n<div class=\"wp-block-buttons is-style-white left-arrow-icon is-layout-flex wp-block-buttons-is-layout-flex\">\n<div class=\"wp-block-button is-style-white left-arrow-icon\"><a class=\"wp-block-button__link wp-element-button\" href=\"https:\/\/www.mapleleaffoods.com\/fr\/investisseurs\/canada-packers\/\" aria-label=\"Add aria label here\">Retour aux Canada Packers<\/a><span class=\"file-size-button\"><\/span><\/div>\n<\/div>\n\n\n\n<div style=\"height:100px\" aria-hidden=\"true\" class=\"wp-block-spacer\"><\/div>\n<\/div>\n<\/div>\n","protected":false},"excerpt":{"rendered":"<p>Heather Stefanson Administratrice d\u2019entreprise Heather Stefanson a men\u00e9 une carri\u00e8re fructueuse dans la fonction publique et le domaine de la [&hellip;]<\/p>\n","protected":false},"author":40,"featured_media":259089,"parent":0,"menu_order":0,"comment_status":"closed","ping_status":"closed","template":"","meta":{"mlfcorp_iframe_url":"","footnotes":""},"class_list":["post-259112","page","type-page","status-publish","has-post-thumbnail","hentry"],"acf":[],"yoast_head":"<!-- This site is optimized with the Yoast SEO plugin v21.7 - https:\/\/yoast.com\/wordpress\/plugins\/seo\/ -->\n<title>Le conseil d\u2019administration - Heather Stefanson | Canada Packers<\/title>\n<meta name=\"description\" content=\"Heather Stefanson a men\u00e9 une carri\u00e8re fructueuse dans la fonction publique et le domaine de la gouvernance. \u00c9lue 24e premi\u00e8re ministre du ...\" \/>\n<meta name=\"robots\" content=\"index, follow, max-snippet:-1, max-image-preview:large, max-video-preview:-1\" \/>\n<link rel=\"canonical\" href=\"https:\/\/www.mapleleaffoods.com\/fr\/heather-stefanson\/\" \/>\n<meta property=\"og:locale\" content=\"fr_FR\" \/>\n<meta property=\"og:type\" content=\"article\" \/>\n<meta property=\"og:title\" content=\"Le conseil d\u2019administration - Heather Stefanson | Canada Packers\" \/>\n<meta property=\"og:description\" content=\"Heather Stefanson a men\u00e9 une carri\u00e8re fructueuse dans la fonction publique et le domaine de la gouvernance. \u00c9lue 24e premi\u00e8re ministre du ...\" \/>\n<meta property=\"og:url\" content=\"https:\/\/www.mapleleaffoods.com\/fr\/heather-stefanson\/\" \/>\n<meta property=\"og:site_name\" content=\"Les Aliments Maple Leaf\" \/>\n<meta property=\"article:modified_time\" content=\"2025-06-23T18:53:22+00:00\" \/>\n<meta property=\"og:image\" content=\"https:\/\/www.mapleleaffoods.com\/fr\/wp-content\/uploads\/sites\/7\/2025\/05\/Heather-Stefanson-Bio-Photo-Original.jpg\" \/>\n\t<meta property=\"og:image:width\" content=\"1000\" \/>\n\t<meta property=\"og:image:height\" content=\"1000\" \/>\n\t<meta property=\"og:image:type\" content=\"image\/jpeg\" \/>\n<meta name=\"twitter:card\" content=\"summary_large_image\" \/>\n<meta name=\"twitter:label1\" content=\"Dur\u00e9e de lecture estim\u00e9e\" \/>\n\t<meta name=\"twitter:data1\" content=\"1 minute\" \/>\n<script type=\"application\/ld+json\" class=\"yoast-schema-graph\">{\"@context\":\"https:\/\/schema.org\",\"@graph\":[{\"@type\":\"WebPage\",\"@id\":\"https:\/\/www.mapleleaffoods.com\/fr\/heather-stefanson\/\",\"url\":\"https:\/\/www.mapleleaffoods.com\/fr\/heather-stefanson\/\",\"name\":\"Le conseil d\u2019administration - Heather Stefanson | Canada Packers\",\"isPartOf\":{\"@id\":\"https:\/\/www.mapleleaffoods.com\/fr\/#website\"},\"datePublished\":\"2025-05-15T23:15:32+00:00\",\"dateModified\":\"2025-06-23T18:53:22+00:00\",\"description\":\"Heather Stefanson a men\u00e9 une carri\u00e8re fructueuse dans la fonction publique et le domaine de la gouvernance. \u00c9lue 24e premi\u00e8re ministre du ...\",\"breadcrumb\":{\"@id\":\"https:\/\/www.mapleleaffoods.com\/fr\/heather-stefanson\/#breadcrumb\"},\"inLanguage\":\"fr-FR\",\"potentialAction\":[{\"@type\":\"ReadAction\",\"target\":[\"https:\/\/www.mapleleaffoods.com\/fr\/heather-stefanson\/\"]}]},{\"@type\":\"BreadcrumbList\",\"@id\":\"https:\/\/www.mapleleaffoods.com\/fr\/heather-stefanson\/#breadcrumb\",\"itemListElement\":[{\"@type\":\"ListItem\",\"position\":1,\"name\":\"Page d\u2019accueil\",\"item\":\"https:\/\/www.mapleleaffoods.com\/fr\/\"},{\"@type\":\"ListItem\",\"position\":2,\"name\":\"Heather Stefanson\"}]},{\"@type\":\"WebSite\",\"@id\":\"https:\/\/www.mapleleaffoods.com\/fr\/#website\",\"url\":\"https:\/\/www.mapleleaffoods.com\/fr\/\",\"name\":\"Les Aliments Maple Leaf\",\"description\":\"Premi\u00e8re grande entreprise alimentaire carboneutre au monde\",\"publisher\":{\"@id\":\"https:\/\/www.mapleleaffoods.com\/fr\/#organization\"},\"potentialAction\":[{\"@type\":\"SearchAction\",\"target\":{\"@type\":\"EntryPoint\",\"urlTemplate\":\"https:\/\/www.mapleleaffoods.com\/fr\/?s={search_term_string}\"},\"query-input\":\"required name=search_term_string\"}],\"inLanguage\":\"fr-FR\"},{\"@type\":\"Organization\",\"@id\":\"https:\/\/www.mapleleaffoods.com\/fr\/#organization\",\"name\":\"Les Aliments Maple Leaf\",\"url\":\"https:\/\/www.mapleleaffoods.com\/fr\/\",\"logo\":{\"@type\":\"ImageObject\",\"inLanguage\":\"fr-FR\",\"@id\":\"https:\/\/www.mapleleaffoods.com\/fr\/#\/schema\/logo\/image\/\",\"url\":\"https:\/\/www.mapleleaffoods.com\/fr\/wp-content\/uploads\/sites\/7\/2026\/02\/L_MapleLeaf_4C_White_v1_EN.png\",\"contentUrl\":\"https:\/\/www.mapleleaffoods.com\/fr\/wp-content\/uploads\/sites\/7\/2026\/02\/L_MapleLeaf_4C_White_v1_EN.png\",\"width\":1829,\"height\":2200,\"caption\":\"Les Aliments Maple Leaf\"},\"image\":{\"@id\":\"https:\/\/www.mapleleaffoods.com\/fr\/#\/schema\/logo\/image\/\"}}]}<\/script>\n<!-- \/ Yoast SEO plugin. -->","yoast_head_json":{"title":"Le conseil d\u2019administration - Heather Stefanson | Canada Packers","description":"Heather Stefanson a men\u00e9 une carri\u00e8re fructueuse dans la fonction publique et le domaine de la gouvernance. \u00c9lue 24e premi\u00e8re ministre du ...","robots":{"index":"index","follow":"follow","max-snippet":"max-snippet:-1","max-image-preview":"max-image-preview:large","max-video-preview":"max-video-preview:-1"},"canonical":"https:\/\/www.mapleleaffoods.com\/fr\/heather-stefanson\/","og_locale":"fr_FR","og_type":"article","og_title":"Le conseil d\u2019administration - Heather Stefanson | Canada Packers","og_description":"Heather Stefanson a men\u00e9 une carri\u00e8re fructueuse dans la fonction publique et le domaine de la gouvernance. \u00c9lue 24e premi\u00e8re ministre du ...","og_url":"https:\/\/www.mapleleaffoods.com\/fr\/heather-stefanson\/","og_site_name":"Les Aliments Maple Leaf","article_modified_time":"2025-06-23T18:53:22+00:00","og_image":[{"width":1000,"height":1000,"url":"https:\/\/www.mapleleaffoods.com\/fr\/wp-content\/uploads\/sites\/7\/2025\/05\/Heather-Stefanson-Bio-Photo-Original.jpg","type":"image\/jpeg"}],"twitter_card":"summary_large_image","twitter_misc":{"Dur\u00e9e de lecture estim\u00e9e":"1 minute"},"schema":{"@context":"https:\/\/schema.org","@graph":[{"@type":"WebPage","@id":"https:\/\/www.mapleleaffoods.com\/fr\/heather-stefanson\/","url":"https:\/\/www.mapleleaffoods.com\/fr\/heather-stefanson\/","name":"Le conseil d\u2019administration - Heather Stefanson | Canada Packers","isPartOf":{"@id":"https:\/\/www.mapleleaffoods.com\/fr\/#website"},"datePublished":"2025-05-15T23:15:32+00:00","dateModified":"2025-06-23T18:53:22+00:00","description":"Heather Stefanson a men\u00e9 une carri\u00e8re fructueuse dans la fonction publique et le domaine de la gouvernance. \u00c9lue 24e premi\u00e8re ministre du ...","breadcrumb":{"@id":"https:\/\/www.mapleleaffoods.com\/fr\/heather-stefanson\/#breadcrumb"},"inLanguage":"fr-FR","potentialAction":[{"@type":"ReadAction","target":["https:\/\/www.mapleleaffoods.com\/fr\/heather-stefanson\/"]}]},{"@type":"BreadcrumbList","@id":"https:\/\/www.mapleleaffoods.com\/fr\/heather-stefanson\/#breadcrumb","itemListElement":[{"@type":"ListItem","position":1,"name":"Page d\u2019accueil","item":"https:\/\/www.mapleleaffoods.com\/fr\/"},{"@type":"ListItem","position":2,"name":"Heather Stefanson"}]},{"@type":"WebSite","@id":"https:\/\/www.mapleleaffoods.com\/fr\/#website","url":"https:\/\/www.mapleleaffoods.com\/fr\/","name":"Les Aliments Maple Leaf","description":"Premi\u00e8re grande entreprise alimentaire carboneutre au monde","publisher":{"@id":"https:\/\/www.mapleleaffoods.com\/fr\/#organization"},"potentialAction":[{"@type":"SearchAction","target":{"@type":"EntryPoint","urlTemplate":"https:\/\/www.mapleleaffoods.com\/fr\/?s={search_term_string}"},"query-input":"required name=search_term_string"}],"inLanguage":"fr-FR"},{"@type":"Organization","@id":"https:\/\/www.mapleleaffoods.com\/fr\/#organization","name":"Les Aliments Maple Leaf","url":"https:\/\/www.mapleleaffoods.com\/fr\/","logo":{"@type":"ImageObject","inLanguage":"fr-FR","@id":"https:\/\/www.mapleleaffoods.com\/fr\/#\/schema\/logo\/image\/","url":"https:\/\/www.mapleleaffoods.com\/fr\/wp-content\/uploads\/sites\/7\/2026\/02\/L_MapleLeaf_4C_White_v1_EN.png","contentUrl":"https:\/\/www.mapleleaffoods.com\/fr\/wp-content\/uploads\/sites\/7\/2026\/02\/L_MapleLeaf_4C_White_v1_EN.png","width":1829,"height":2200,"caption":"Les Aliments Maple Leaf"},"image":{"@id":"https:\/\/www.mapleleaffoods.com\/fr\/#\/schema\/logo\/image\/"}}]}},"jetpack_sharing_enabled":true,"_links":{"self":[{"href":"https:\/\/www.mapleleaffoods.com\/fr\/wp-json\/wp\/v2\/pages\/259112"}],"collection":[{"href":"https:\/\/www.mapleleaffoods.com\/fr\/wp-json\/wp\/v2\/pages"}],"about":[{"href":"https:\/\/www.mapleleaffoods.com\/fr\/wp-json\/wp\/v2\/types\/page"}],"author":[{"embeddable":true,"href":"https:\/\/www.mapleleaffoods.com\/fr\/wp-json\/wp\/v2\/users\/40"}],"replies":[{"embeddable":true,"href":"https:\/\/www.mapleleaffoods.com\/fr\/wp-json\/wp\/v2\/comments?post=259112"}],"version-history":[{"count":2,"href":"https:\/\/www.mapleleaffoods.com\/fr\/wp-json\/wp\/v2\/pages\/259112\/revisions"}],"predecessor-version":[{"id":259172,"href":"https:\/\/www.mapleleaffoods.com\/fr\/wp-json\/wp\/v2\/pages\/259112\/revisions\/259172"}],"wp:featuredmedia":[{"embeddable":true,"href":"https:\/\/www.mapleleaffoods.com\/fr\/wp-json\/wp\/v2\/media\/259089"}],"wp:attachment":[{"href":"https:\/\/www.mapleleaffoods.com\/fr\/wp-json\/wp\/v2\/media?parent=259112"}],"curies":[{"name":"wp","href":"https:\/\/api.w.org\/{rel}","templated":true}]}}