{"id":259110,"date":"2025-05-15T19:13:56","date_gmt":"2025-05-15T23:13:56","guid":{"rendered":"https:\/\/www.mapleleaffoods.com\/fr\/?page_id=259110"},"modified":"2025-08-05T14:11:35","modified_gmt":"2025-08-05T18:11:35","slug":"meghan-roach-2","status":"publish","type":"page","link":"https:\/\/www.mapleleaffoods.com\/fr\/meghan-roach-2\/","title":{"rendered":"Meghan Roach"},"content":{"rendered":"\n<h1 class=\"wp-block-heading has-h-1-font-size\">Meghan <mark class=\"has-inline-color has-corporate-dark-blue-color\">Roach<\/mark><\/h1>\n\n\n\n<h5 class=\"wp-block-heading\">Pr\u00e9sidente et chef de la direction, Roots&nbsp;Corporation<\/h5>\n\n\n\n<div class=\"wp-block-columns grid is-layout-flex wp-container-core-columns-is-layout-1 wp-block-columns-is-layout-flex\">\n<div class=\"wp-block-column sm-col-12 lg-col-5 lg-order-2 lg-start-8 is-layout-flow wp-block-column-is-layout-flow\"><figure class=\"has-border-radius wp-block-post-featured-image\"><img decoding=\"async\" width=\"1000\" height=\"1000\" src=\"https:\/\/www.mapleleaffoods.com\/fr\/wp-content\/uploads\/sites\/7\/2025\/07\/Meghan-roach-headshot.png\" class=\"attachment-post-thumbnail size-post-thumbnail wp-post-image\" alt=\"Meghan Roach\" style=\"object-fit:cover;\" srcset=\"https:\/\/b3412141.smushcdn.com\/3412141\/wp-content\/uploads\/sites\/7\/2025\/07\/Meghan-roach-headshot.png?lossy=1&amp;strip=1&amp;webp=1 1000w, https:\/\/b3412141.smushcdn.com\/3412141\/wp-content\/uploads\/sites\/7\/2025\/07\/Meghan-roach-headshot-300x300.png?lossy=1&amp;strip=1&amp;webp=1 300w, https:\/\/b3412141.smushcdn.com\/3412141\/wp-content\/uploads\/sites\/7\/2025\/07\/Meghan-roach-headshot-150x150.png?lossy=1&amp;strip=1&amp;webp=1 150w, https:\/\/b3412141.smushcdn.com\/3412141\/wp-content\/uploads\/sites\/7\/2025\/07\/Meghan-roach-headshot-768x768.png?lossy=1&amp;strip=1&amp;webp=1 768w\" sizes=\"(max-width: 1000px) 100vw, 1000px\" \/><\/figure><\/div>\n\n\n\n<div class=\"wp-block-column sm-col-12 lg-col-6 lg-order-1 is-layout-flow wp-block-column-is-layout-flow\">\n<p>Meghan Roach est pr\u00e9sidente et chef de la direction de Roots Corporation, un poste qu\u2019elle occupe depuis 2020. Auparavant, Mme Roach a exerc\u00e9 les fonctions de chef de la direction par int\u00e9rim et de chef des finances par int\u00e9rim de Roots Corporation.<\/p>\n\n\n\n<p>Avant de se joindre \u00e0 Roots, Mme Roach \u00e9tait une directrice g\u00e9n\u00e9rale chez Searchlight Capital Partners, L.P., o\u00f9 elle a jou\u00e9 un r\u00f4le essentiel dans la croissance de la soci\u00e9t\u00e9 et dans l\u2019ex\u00e9cution de plusieurs transactions fructueuses. En 2008, elle s\u2019est jointe \u00e0 Teachers\u2019 Private Capital, la division du capital-investissement du R\u00e9gime de retraite des enseignantes et des enseignants de l\u2019Ontario, o\u00f9 elle s\u2019est distingu\u00e9e par sa capacit\u00e9 \u00e0 g\u00e9rer des transactions complexes et \u00e0 soutenir la croissance strat\u00e9gique. Elle a \u00e9galement travaill\u00e9 dans les services d\u2019assurance et de conseil aux transactions chez KPMG.<\/p>\n\n\n\n<p>Mme Roach est titulaire d\u2019une ma\u00eetrise en administration des affaires de l\u2019Universit\u00e9 d\u2019Oxford et d\u2019un baccalaur\u00e9at en commerce de l\u2019Universit\u00e9 Queen\u2019s. Elle d\u00e9tient \u00e9galement les titres de FCPA et FCA.<\/p>\n\n\n\n<p>Mme Roach si\u00e8ge actuellement au conseil d\u2019administration de Roots Corporation et au Conseil canadien des affaires. Elle a en outre si\u00e9g\u00e9 au conseil d\u2019administration et au comit\u00e9 de v\u00e9rification des Aliments M&amp;M et a occup\u00e9 des postes au conseil de Wellington A &amp; B Limited et de la Holland Bloorview Kids Rehabilitation Hospital Foundation, o\u00f9 elle \u00e9tait vice-pr\u00e9sidente et membre du comit\u00e9 des placements. Mme Roach si\u00e8ge aussi \u00e0 titre de copr\u00e9sidente du groupe de travail sur l\u2019Asie-Pacifique du Conseil canadien des affaires et est membre du comit\u00e9 des placements de Conservation de la nature Canada.<\/p>\n\n\n\n<p>Elle a figur\u00e9 au palmar\u00e8s des chefs de la direction les plus puissants et \u00e0 celui des 100 femmes les plus influentes au Canada.<\/p>\n\n\n\n<div style=\"height:100px\" aria-hidden=\"true\" class=\"wp-block-spacer is-style-white left-arrow-icon\"><\/div>\n\n\n\n<div class=\"wp-block-buttons is-style-white left-arrow-icon is-layout-flex wp-block-buttons-is-layout-flex\">\n<div class=\"wp-block-button is-style-white left-arrow-icon\"><a class=\"wp-block-button__link wp-element-button\" href=\"https:\/\/www.mapleleaffoods.com\/fr\/investisseurs\/canada-packers\/\" aria-label=\"Add aria label here\">Retour aux Canada Packers<\/a><span class=\"file-size-button\"><\/span><\/div>\n<\/div>\n\n\n\n<div style=\"height:100px\" aria-hidden=\"true\" class=\"wp-block-spacer\"><\/div>\n<\/div>\n<\/div>\n","protected":false},"excerpt":{"rendered":"<p>Meghan Roach Pr\u00e9sidente et chef de la direction, Roots&nbsp;Corporation Meghan Roach est pr\u00e9sidente et chef de la direction de Roots [&hellip;]<\/p>\n","protected":false},"author":40,"featured_media":259587,"parent":0,"menu_order":0,"comment_status":"closed","ping_status":"closed","template":"","meta":{"mlfcorp_iframe_url":"","footnotes":""},"class_list":["post-259110","page","type-page","status-publish","has-post-thumbnail","hentry"],"acf":[],"yoast_head":"<!-- This site is optimized with the Yoast SEO plugin v21.7 - https:\/\/yoast.com\/wordpress\/plugins\/seo\/ -->\n<title>Le conseil d\u2019administration - Meghan Roach | Canada Packers<\/title>\n<meta name=\"description\" content=\"Meghan Roach est pr\u00e9sidente et chef de la direction de Roots Canada Ltd., un poste qu\u2019elle occupe depuis 2020. Auparavant, Mme Roach a ...\" \/>\n<meta name=\"robots\" content=\"index, follow, max-snippet:-1, max-image-preview:large, max-video-preview:-1\" \/>\n<link rel=\"canonical\" href=\"https:\/\/www.mapleleaffoods.com\/fr\/meghan-roach-2\/\" \/>\n<meta property=\"og:locale\" content=\"fr_FR\" \/>\n<meta property=\"og:type\" content=\"article\" \/>\n<meta property=\"og:title\" content=\"Le conseil d\u2019administration - Meghan Roach | Canada Packers\" \/>\n<meta property=\"og:description\" content=\"Meghan Roach est pr\u00e9sidente et chef de la direction de Roots Canada Ltd., un poste qu\u2019elle occupe depuis 2020. Auparavant, Mme Roach a ...\" \/>\n<meta property=\"og:url\" content=\"https:\/\/www.mapleleaffoods.com\/fr\/meghan-roach-2\/\" \/>\n<meta property=\"og:site_name\" content=\"Les Aliments Maple Leaf\" \/>\n<meta property=\"article:modified_time\" content=\"2025-08-05T18:11:35+00:00\" \/>\n<meta property=\"og:image\" content=\"https:\/\/www.mapleleaffoods.com\/fr\/wp-content\/uploads\/sites\/7\/2025\/07\/Meghan-roach-headshot.png\" \/>\n\t<meta property=\"og:image:width\" content=\"1000\" \/>\n\t<meta property=\"og:image:height\" content=\"1000\" \/>\n\t<meta property=\"og:image:type\" content=\"image\/png\" \/>\n<meta name=\"twitter:card\" content=\"summary_large_image\" \/>\n<meta name=\"twitter:label1\" content=\"Dur\u00e9e de lecture estim\u00e9e\" \/>\n\t<meta name=\"twitter:data1\" content=\"2 minutes\" \/>\n<script type=\"application\/ld+json\" class=\"yoast-schema-graph\">{\"@context\":\"https:\/\/schema.org\",\"@graph\":[{\"@type\":\"WebPage\",\"@id\":\"https:\/\/www.mapleleaffoods.com\/fr\/meghan-roach-2\/\",\"url\":\"https:\/\/www.mapleleaffoods.com\/fr\/meghan-roach-2\/\",\"name\":\"Le conseil d\u2019administration - Meghan Roach | Canada Packers\",\"isPartOf\":{\"@id\":\"https:\/\/www.mapleleaffoods.com\/fr\/#website\"},\"datePublished\":\"2025-05-15T23:13:56+00:00\",\"dateModified\":\"2025-08-05T18:11:35+00:00\",\"description\":\"Meghan Roach est pr\u00e9sidente et chef de la direction de Roots Canada Ltd., un poste qu\u2019elle occupe depuis 2020. Auparavant, Mme Roach a ...\",\"breadcrumb\":{\"@id\":\"https:\/\/www.mapleleaffoods.com\/fr\/meghan-roach-2\/#breadcrumb\"},\"inLanguage\":\"fr-FR\",\"potentialAction\":[{\"@type\":\"ReadAction\",\"target\":[\"https:\/\/www.mapleleaffoods.com\/fr\/meghan-roach-2\/\"]}]},{\"@type\":\"BreadcrumbList\",\"@id\":\"https:\/\/www.mapleleaffoods.com\/fr\/meghan-roach-2\/#breadcrumb\",\"itemListElement\":[{\"@type\":\"ListItem\",\"position\":1,\"name\":\"Page d\u2019accueil\",\"item\":\"https:\/\/www.mapleleaffoods.com\/fr\/\"},{\"@type\":\"ListItem\",\"position\":2,\"name\":\"Meghan Roach\"}]},{\"@type\":\"WebSite\",\"@id\":\"https:\/\/www.mapleleaffoods.com\/fr\/#website\",\"url\":\"https:\/\/www.mapleleaffoods.com\/fr\/\",\"name\":\"Les Aliments Maple Leaf\",\"description\":\"Premi\u00e8re grande entreprise alimentaire carboneutre au monde\",\"publisher\":{\"@id\":\"https:\/\/www.mapleleaffoods.com\/fr\/#organization\"},\"potentialAction\":[{\"@type\":\"SearchAction\",\"target\":{\"@type\":\"EntryPoint\",\"urlTemplate\":\"https:\/\/www.mapleleaffoods.com\/fr\/?s={search_term_string}\"},\"query-input\":\"required name=search_term_string\"}],\"inLanguage\":\"fr-FR\"},{\"@type\":\"Organization\",\"@id\":\"https:\/\/www.mapleleaffoods.com\/fr\/#organization\",\"name\":\"Les Aliments Maple Leaf\",\"url\":\"https:\/\/www.mapleleaffoods.com\/fr\/\",\"logo\":{\"@type\":\"ImageObject\",\"inLanguage\":\"fr-FR\",\"@id\":\"https:\/\/www.mapleleaffoods.com\/fr\/#\/schema\/logo\/image\/\",\"url\":\"https:\/\/www.mapleleaffoods.com\/fr\/wp-content\/uploads\/sites\/7\/2026\/02\/L_MapleLeaf_4C_White_v1_EN.png\",\"contentUrl\":\"https:\/\/www.mapleleaffoods.com\/fr\/wp-content\/uploads\/sites\/7\/2026\/02\/L_MapleLeaf_4C_White_v1_EN.png\",\"width\":1829,\"height\":2200,\"caption\":\"Les Aliments Maple Leaf\"},\"image\":{\"@id\":\"https:\/\/www.mapleleaffoods.com\/fr\/#\/schema\/logo\/image\/\"}}]}<\/script>\n<!-- \/ Yoast SEO plugin. -->","yoast_head_json":{"title":"Le conseil d\u2019administration - Meghan Roach | Canada Packers","description":"Meghan Roach est pr\u00e9sidente et chef de la direction de Roots Canada Ltd., un poste qu\u2019elle occupe depuis 2020. Auparavant, Mme Roach a ...","robots":{"index":"index","follow":"follow","max-snippet":"max-snippet:-1","max-image-preview":"max-image-preview:large","max-video-preview":"max-video-preview:-1"},"canonical":"https:\/\/www.mapleleaffoods.com\/fr\/meghan-roach-2\/","og_locale":"fr_FR","og_type":"article","og_title":"Le conseil d\u2019administration - Meghan Roach | Canada Packers","og_description":"Meghan Roach est pr\u00e9sidente et chef de la direction de Roots Canada Ltd., un poste qu\u2019elle occupe depuis 2020. Auparavant, Mme Roach a ...","og_url":"https:\/\/www.mapleleaffoods.com\/fr\/meghan-roach-2\/","og_site_name":"Les Aliments Maple Leaf","article_modified_time":"2025-08-05T18:11:35+00:00","og_image":[{"width":1000,"height":1000,"url":"https:\/\/www.mapleleaffoods.com\/fr\/wp-content\/uploads\/sites\/7\/2025\/07\/Meghan-roach-headshot.png","type":"image\/png"}],"twitter_card":"summary_large_image","twitter_misc":{"Dur\u00e9e de lecture estim\u00e9e":"2 minutes"},"schema":{"@context":"https:\/\/schema.org","@graph":[{"@type":"WebPage","@id":"https:\/\/www.mapleleaffoods.com\/fr\/meghan-roach-2\/","url":"https:\/\/www.mapleleaffoods.com\/fr\/meghan-roach-2\/","name":"Le conseil d\u2019administration - Meghan Roach | Canada Packers","isPartOf":{"@id":"https:\/\/www.mapleleaffoods.com\/fr\/#website"},"datePublished":"2025-05-15T23:13:56+00:00","dateModified":"2025-08-05T18:11:35+00:00","description":"Meghan Roach est pr\u00e9sidente et chef de la direction de Roots Canada Ltd., un poste qu\u2019elle occupe depuis 2020. Auparavant, Mme Roach a ...","breadcrumb":{"@id":"https:\/\/www.mapleleaffoods.com\/fr\/meghan-roach-2\/#breadcrumb"},"inLanguage":"fr-FR","potentialAction":[{"@type":"ReadAction","target":["https:\/\/www.mapleleaffoods.com\/fr\/meghan-roach-2\/"]}]},{"@type":"BreadcrumbList","@id":"https:\/\/www.mapleleaffoods.com\/fr\/meghan-roach-2\/#breadcrumb","itemListElement":[{"@type":"ListItem","position":1,"name":"Page d\u2019accueil","item":"https:\/\/www.mapleleaffoods.com\/fr\/"},{"@type":"ListItem","position":2,"name":"Meghan Roach"}]},{"@type":"WebSite","@id":"https:\/\/www.mapleleaffoods.com\/fr\/#website","url":"https:\/\/www.mapleleaffoods.com\/fr\/","name":"Les Aliments Maple Leaf","description":"Premi\u00e8re grande entreprise alimentaire carboneutre au monde","publisher":{"@id":"https:\/\/www.mapleleaffoods.com\/fr\/#organization"},"potentialAction":[{"@type":"SearchAction","target":{"@type":"EntryPoint","urlTemplate":"https:\/\/www.mapleleaffoods.com\/fr\/?s={search_term_string}"},"query-input":"required name=search_term_string"}],"inLanguage":"fr-FR"},{"@type":"Organization","@id":"https:\/\/www.mapleleaffoods.com\/fr\/#organization","name":"Les Aliments Maple Leaf","url":"https:\/\/www.mapleleaffoods.com\/fr\/","logo":{"@type":"ImageObject","inLanguage":"fr-FR","@id":"https:\/\/www.mapleleaffoods.com\/fr\/#\/schema\/logo\/image\/","url":"https:\/\/www.mapleleaffoods.com\/fr\/wp-content\/uploads\/sites\/7\/2026\/02\/L_MapleLeaf_4C_White_v1_EN.png","contentUrl":"https:\/\/www.mapleleaffoods.com\/fr\/wp-content\/uploads\/sites\/7\/2026\/02\/L_MapleLeaf_4C_White_v1_EN.png","width":1829,"height":2200,"caption":"Les Aliments Maple Leaf"},"image":{"@id":"https:\/\/www.mapleleaffoods.com\/fr\/#\/schema\/logo\/image\/"}}]}},"jetpack_sharing_enabled":true,"_links":{"self":[{"href":"https:\/\/www.mapleleaffoods.com\/fr\/wp-json\/wp\/v2\/pages\/259110"}],"collection":[{"href":"https:\/\/www.mapleleaffoods.com\/fr\/wp-json\/wp\/v2\/pages"}],"about":[{"href":"https:\/\/www.mapleleaffoods.com\/fr\/wp-json\/wp\/v2\/types\/page"}],"author":[{"embeddable":true,"href":"https:\/\/www.mapleleaffoods.com\/fr\/wp-json\/wp\/v2\/users\/40"}],"replies":[{"embeddable":true,"href":"https:\/\/www.mapleleaffoods.com\/fr\/wp-json\/wp\/v2\/comments?post=259110"}],"version-history":[{"count":5,"href":"https:\/\/www.mapleleaffoods.com\/fr\/wp-json\/wp\/v2\/pages\/259110\/revisions"}],"predecessor-version":[{"id":259672,"href":"https:\/\/www.mapleleaffoods.com\/fr\/wp-json\/wp\/v2\/pages\/259110\/revisions\/259672"}],"wp:featuredmedia":[{"embeddable":true,"href":"https:\/\/www.mapleleaffoods.com\/fr\/wp-json\/wp\/v2\/media\/259587"}],"wp:attachment":[{"href":"https:\/\/www.mapleleaffoods.com\/fr\/wp-json\/wp\/v2\/media?parent=259110"}],"curies":[{"name":"wp","href":"https:\/\/api.w.org\/{rel}","templated":true}]}}