{"id":259108,"date":"2025-05-15T19:11:15","date_gmt":"2025-05-15T23:11:15","guid":{"rendered":"https:\/\/www.mapleleaffoods.com\/fr\/?page_id=259108"},"modified":"2025-06-24T17:58:49","modified_gmt":"2025-06-24T21:58:49","slug":"sarah-piper","status":"publish","type":"page","link":"https:\/\/www.mapleleaffoods.com\/fr\/sarah-piper\/","title":{"rendered":"Sarah Piper"},"content":{"rendered":"\n<h1 class=\"wp-block-heading has-h-1-font-size\">Sarah <mark class=\"has-inline-color has-corporate-dark-blue-color\">Piper<\/mark><\/h1>\n\n\n\n<h5 class=\"wp-block-heading\">Chef des relations humaines, McCormick &amp; Company, Incorporated<\/h5>\n\n\n\n<div class=\"wp-block-columns grid is-layout-flex wp-container-core-columns-is-layout-1 wp-block-columns-is-layout-flex\">\n<div class=\"wp-block-column sm-col-12 lg-col-5 lg-order-2 lg-start-8 is-layout-flow wp-block-column-is-layout-flow\"><figure class=\"has-border-radius wp-block-post-featured-image\"><img decoding=\"async\" width=\"1000\" height=\"1000\" src=\"https:\/\/www.mapleleaffoods.com\/fr\/wp-content\/uploads\/sites\/7\/2025\/05\/Sarah_Piper-Bio-Headshot.jpg\" class=\"attachment-post-thumbnail size-post-thumbnail wp-post-image\" alt=\"Sarah Piper\" style=\"object-fit:cover;\" srcset=\"https:\/\/b3412141.smushcdn.com\/3412141\/wp-content\/uploads\/sites\/7\/2025\/05\/Sarah_Piper-Bio-Headshot.jpg?lossy=1&amp;strip=1&amp;webp=1 1000w, https:\/\/b3412141.smushcdn.com\/3412141\/wp-content\/uploads\/sites\/7\/2025\/05\/Sarah_Piper-Bio-Headshot-300x300.jpg?lossy=1&amp;strip=1&amp;webp=1 300w, https:\/\/b3412141.smushcdn.com\/3412141\/wp-content\/uploads\/sites\/7\/2025\/05\/Sarah_Piper-Bio-Headshot-150x150.jpg?lossy=1&amp;strip=1&amp;webp=1 150w, https:\/\/b3412141.smushcdn.com\/3412141\/wp-content\/uploads\/sites\/7\/2025\/05\/Sarah_Piper-Bio-Headshot-768x768.jpg?lossy=1&amp;strip=1&amp;webp=1 768w\" sizes=\"(max-width: 1000px) 100vw, 1000px\" \/><\/figure><\/div>\n\n\n\n<div class=\"wp-block-column sm-col-12 lg-col-6 lg-order-1 is-layout-flow wp-block-column-is-layout-flow\">\n<p>Sarah Piper occupe actuellement le poste de chef des relations humaines chez McCormick &amp; Company, o\u00f9 elle pilote le d\u00e9veloppement et l\u2019ex\u00e9cution de la strat\u00e9gie mondiale de l\u2019entreprise en mati\u00e8re de ressources humaines.<\/p>\n\n\n\n<p>Sarah a occup\u00e9 auparavant divers postes de direction \u00e0 McCormick &amp; Company, o\u00f9 elle a \u00e9t\u00e9 vice-pr\u00e9sidente principale des partenaires d\u2019affaires en ressources humaines \u00e0 l\u2019\u00e9chelle mondiale, vice-pr\u00e9sidente des relations humaines pour les Am\u00e9riques, et vice-pr\u00e9sidente de la r\u00e9mun\u00e9ration globale.<\/p>\n\n\n\n<p>Dans le cadre de sa vaste exp\u00e9rience, Sarah a \u00e9galement exerc\u00e9 des r\u00f4les cl\u00e9s chez Honeywell International Inc. et H&amp;R Block, o\u00f9 elle \u00e9tait directrice des ressources humaines. Au d\u00e9but de sa carri\u00e8re, elle a exerc\u00e9 des fonctions de ressources humaines de plus en plus importantes chez McCormick, Pfizer Inc. et KPMG.<\/p>\n\n\n\n<p>Sarah est titulaire d\u2019un baccalaur\u00e9at \u00e8s arts en psychologie de l\u2019Universit\u00e9 York et d\u2019une ma\u00eetrise d\u2019\u00e9tudes professionnelles en gestion des ressources humaines de l\u2019Universit\u00e9 Cornell. Elle est conseill\u00e8re en ressources humaines agr\u00e9\u00e9e (CRHA) et professionnelle accr\u00e9dit\u00e9e en r\u00e9mun\u00e9ration (CCP).<\/p>\n\n\n\n<p>Sarah si\u00e8ge au conseil d\u2019administration de United Way of Central Maryland. Elle est aussi membre du comit\u00e9 de direction de McCormick et membre \u00e9m\u00e9rite du conseil mondial de gestion multiple de McCormick.<\/p>\n\n\n\n<div style=\"height:100px\" aria-hidden=\"true\" class=\"wp-block-spacer is-style-white left-arrow-icon\"><\/div>\n\n\n\n<div class=\"wp-block-buttons is-style-white left-arrow-icon is-layout-flex wp-block-buttons-is-layout-flex\">\n<div class=\"wp-block-button is-style-white left-arrow-icon\"><a class=\"wp-block-button__link wp-element-button\" href=\"https:\/\/www.mapleleaffoods.com\/fr\/investisseurs\/canada-packers\/\" aria-label=\"Add aria label here\">Retour aux Canada Packers<\/a><span class=\"file-size-button\"><\/span><\/div>\n<\/div>\n\n\n\n<div style=\"height:100px\" aria-hidden=\"true\" class=\"wp-block-spacer\"><\/div>\n<\/div>\n<\/div>\n","protected":false},"excerpt":{"rendered":"<p>Sarah Piper Chef des relations humaines, McCormick &amp; Company, Incorporated Sarah Piper occupe actuellement le poste de chef des relations [&hellip;]<\/p>\n","protected":false},"author":40,"featured_media":259091,"parent":0,"menu_order":0,"comment_status":"closed","ping_status":"closed","template":"","meta":{"mlfcorp_iframe_url":"","footnotes":""},"class_list":["post-259108","page","type-page","status-publish","has-post-thumbnail","hentry"],"acf":[],"yoast_head":"<!-- This site is optimized with the Yoast SEO plugin v21.7 - https:\/\/yoast.com\/wordpress\/plugins\/seo\/ -->\n<title>Le conseil d\u2019administration - Sarah Piper | Canada Packers<\/title>\n<meta name=\"description\" content=\"Sarah Piper occupe actuellement le poste de chef des relations humaines chez McCormick &amp; Company, o\u00f9 elle pilote le d\u00e9veloppement et ...\" \/>\n<meta name=\"robots\" content=\"index, follow, max-snippet:-1, max-image-preview:large, max-video-preview:-1\" \/>\n<link rel=\"canonical\" href=\"https:\/\/www.mapleleaffoods.com\/fr\/sarah-piper\/\" \/>\n<meta property=\"og:locale\" content=\"fr_FR\" \/>\n<meta property=\"og:type\" content=\"article\" \/>\n<meta property=\"og:title\" content=\"Le conseil d\u2019administration - Sarah Piper | Canada Packers\" \/>\n<meta property=\"og:description\" content=\"Sarah Piper occupe actuellement le poste de chef des relations humaines chez McCormick &amp; Company, o\u00f9 elle pilote le d\u00e9veloppement et ...\" \/>\n<meta property=\"og:url\" content=\"https:\/\/www.mapleleaffoods.com\/fr\/sarah-piper\/\" \/>\n<meta property=\"og:site_name\" content=\"Les Aliments Maple Leaf\" \/>\n<meta property=\"article:modified_time\" content=\"2025-06-24T21:58:49+00:00\" \/>\n<meta property=\"og:image\" content=\"https:\/\/www.mapleleaffoods.com\/fr\/wp-content\/uploads\/sites\/7\/2025\/05\/Sarah_Piper-Bio-Headshot.jpg\" \/>\n\t<meta property=\"og:image:width\" content=\"1000\" \/>\n\t<meta property=\"og:image:height\" content=\"1000\" \/>\n\t<meta property=\"og:image:type\" content=\"image\/jpeg\" \/>\n<meta name=\"twitter:card\" content=\"summary_large_image\" \/>\n<meta name=\"twitter:label1\" content=\"Dur\u00e9e de lecture estim\u00e9e\" \/>\n\t<meta name=\"twitter:data1\" content=\"1 minute\" \/>\n<script type=\"application\/ld+json\" class=\"yoast-schema-graph\">{\"@context\":\"https:\/\/schema.org\",\"@graph\":[{\"@type\":\"WebPage\",\"@id\":\"https:\/\/www.mapleleaffoods.com\/fr\/sarah-piper\/\",\"url\":\"https:\/\/www.mapleleaffoods.com\/fr\/sarah-piper\/\",\"name\":\"Le conseil d\u2019administration - Sarah Piper | Canada Packers\",\"isPartOf\":{\"@id\":\"https:\/\/www.mapleleaffoods.com\/fr\/#website\"},\"datePublished\":\"2025-05-15T23:11:15+00:00\",\"dateModified\":\"2025-06-24T21:58:49+00:00\",\"description\":\"Sarah Piper occupe actuellement le poste de chef des relations humaines chez McCormick & Company, o\u00f9 elle pilote le d\u00e9veloppement et ...\",\"breadcrumb\":{\"@id\":\"https:\/\/www.mapleleaffoods.com\/fr\/sarah-piper\/#breadcrumb\"},\"inLanguage\":\"fr-FR\",\"potentialAction\":[{\"@type\":\"ReadAction\",\"target\":[\"https:\/\/www.mapleleaffoods.com\/fr\/sarah-piper\/\"]}]},{\"@type\":\"BreadcrumbList\",\"@id\":\"https:\/\/www.mapleleaffoods.com\/fr\/sarah-piper\/#breadcrumb\",\"itemListElement\":[{\"@type\":\"ListItem\",\"position\":1,\"name\":\"Page d\u2019accueil\",\"item\":\"https:\/\/www.mapleleaffoods.com\/fr\/\"},{\"@type\":\"ListItem\",\"position\":2,\"name\":\"Sarah Piper\"}]},{\"@type\":\"WebSite\",\"@id\":\"https:\/\/www.mapleleaffoods.com\/fr\/#website\",\"url\":\"https:\/\/www.mapleleaffoods.com\/fr\/\",\"name\":\"Les Aliments Maple Leaf\",\"description\":\"Premi\u00e8re grande entreprise alimentaire carboneutre au monde\",\"publisher\":{\"@id\":\"https:\/\/www.mapleleaffoods.com\/fr\/#organization\"},\"potentialAction\":[{\"@type\":\"SearchAction\",\"target\":{\"@type\":\"EntryPoint\",\"urlTemplate\":\"https:\/\/www.mapleleaffoods.com\/fr\/?s={search_term_string}\"},\"query-input\":\"required name=search_term_string\"}],\"inLanguage\":\"fr-FR\"},{\"@type\":\"Organization\",\"@id\":\"https:\/\/www.mapleleaffoods.com\/fr\/#organization\",\"name\":\"Les Aliments Maple Leaf\",\"url\":\"https:\/\/www.mapleleaffoods.com\/fr\/\",\"logo\":{\"@type\":\"ImageObject\",\"inLanguage\":\"fr-FR\",\"@id\":\"https:\/\/www.mapleleaffoods.com\/fr\/#\/schema\/logo\/image\/\",\"url\":\"https:\/\/www.mapleleaffoods.com\/fr\/wp-content\/uploads\/sites\/7\/2026\/02\/L_MapleLeaf_4C_White_v1_EN.png\",\"contentUrl\":\"https:\/\/www.mapleleaffoods.com\/fr\/wp-content\/uploads\/sites\/7\/2026\/02\/L_MapleLeaf_4C_White_v1_EN.png\",\"width\":1829,\"height\":2200,\"caption\":\"Les Aliments Maple Leaf\"},\"image\":{\"@id\":\"https:\/\/www.mapleleaffoods.com\/fr\/#\/schema\/logo\/image\/\"}}]}<\/script>\n<!-- \/ Yoast SEO plugin. -->","yoast_head_json":{"title":"Le conseil d\u2019administration - Sarah Piper | Canada Packers","description":"Sarah Piper occupe actuellement le poste de chef des relations humaines chez McCormick & Company, o\u00f9 elle pilote le d\u00e9veloppement et ...","robots":{"index":"index","follow":"follow","max-snippet":"max-snippet:-1","max-image-preview":"max-image-preview:large","max-video-preview":"max-video-preview:-1"},"canonical":"https:\/\/www.mapleleaffoods.com\/fr\/sarah-piper\/","og_locale":"fr_FR","og_type":"article","og_title":"Le conseil d\u2019administration - Sarah Piper | Canada Packers","og_description":"Sarah Piper occupe actuellement le poste de chef des relations humaines chez McCormick & Company, o\u00f9 elle pilote le d\u00e9veloppement et ...","og_url":"https:\/\/www.mapleleaffoods.com\/fr\/sarah-piper\/","og_site_name":"Les Aliments Maple Leaf","article_modified_time":"2025-06-24T21:58:49+00:00","og_image":[{"width":1000,"height":1000,"url":"https:\/\/www.mapleleaffoods.com\/fr\/wp-content\/uploads\/sites\/7\/2025\/05\/Sarah_Piper-Bio-Headshot.jpg","type":"image\/jpeg"}],"twitter_card":"summary_large_image","twitter_misc":{"Dur\u00e9e de lecture estim\u00e9e":"1 minute"},"schema":{"@context":"https:\/\/schema.org","@graph":[{"@type":"WebPage","@id":"https:\/\/www.mapleleaffoods.com\/fr\/sarah-piper\/","url":"https:\/\/www.mapleleaffoods.com\/fr\/sarah-piper\/","name":"Le conseil d\u2019administration - Sarah Piper | Canada Packers","isPartOf":{"@id":"https:\/\/www.mapleleaffoods.com\/fr\/#website"},"datePublished":"2025-05-15T23:11:15+00:00","dateModified":"2025-06-24T21:58:49+00:00","description":"Sarah Piper occupe actuellement le poste de chef des relations humaines chez McCormick & Company, o\u00f9 elle pilote le d\u00e9veloppement et ...","breadcrumb":{"@id":"https:\/\/www.mapleleaffoods.com\/fr\/sarah-piper\/#breadcrumb"},"inLanguage":"fr-FR","potentialAction":[{"@type":"ReadAction","target":["https:\/\/www.mapleleaffoods.com\/fr\/sarah-piper\/"]}]},{"@type":"BreadcrumbList","@id":"https:\/\/www.mapleleaffoods.com\/fr\/sarah-piper\/#breadcrumb","itemListElement":[{"@type":"ListItem","position":1,"name":"Page d\u2019accueil","item":"https:\/\/www.mapleleaffoods.com\/fr\/"},{"@type":"ListItem","position":2,"name":"Sarah Piper"}]},{"@type":"WebSite","@id":"https:\/\/www.mapleleaffoods.com\/fr\/#website","url":"https:\/\/www.mapleleaffoods.com\/fr\/","name":"Les Aliments Maple Leaf","description":"Premi\u00e8re grande entreprise alimentaire carboneutre au monde","publisher":{"@id":"https:\/\/www.mapleleaffoods.com\/fr\/#organization"},"potentialAction":[{"@type":"SearchAction","target":{"@type":"EntryPoint","urlTemplate":"https:\/\/www.mapleleaffoods.com\/fr\/?s={search_term_string}"},"query-input":"required name=search_term_string"}],"inLanguage":"fr-FR"},{"@type":"Organization","@id":"https:\/\/www.mapleleaffoods.com\/fr\/#organization","name":"Les Aliments Maple Leaf","url":"https:\/\/www.mapleleaffoods.com\/fr\/","logo":{"@type":"ImageObject","inLanguage":"fr-FR","@id":"https:\/\/www.mapleleaffoods.com\/fr\/#\/schema\/logo\/image\/","url":"https:\/\/www.mapleleaffoods.com\/fr\/wp-content\/uploads\/sites\/7\/2026\/02\/L_MapleLeaf_4C_White_v1_EN.png","contentUrl":"https:\/\/www.mapleleaffoods.com\/fr\/wp-content\/uploads\/sites\/7\/2026\/02\/L_MapleLeaf_4C_White_v1_EN.png","width":1829,"height":2200,"caption":"Les Aliments Maple Leaf"},"image":{"@id":"https:\/\/www.mapleleaffoods.com\/fr\/#\/schema\/logo\/image\/"}}]}},"jetpack_sharing_enabled":true,"_links":{"self":[{"href":"https:\/\/www.mapleleaffoods.com\/fr\/wp-json\/wp\/v2\/pages\/259108"}],"collection":[{"href":"https:\/\/www.mapleleaffoods.com\/fr\/wp-json\/wp\/v2\/pages"}],"about":[{"href":"https:\/\/www.mapleleaffoods.com\/fr\/wp-json\/wp\/v2\/types\/page"}],"author":[{"embeddable":true,"href":"https:\/\/www.mapleleaffoods.com\/fr\/wp-json\/wp\/v2\/users\/40"}],"replies":[{"embeddable":true,"href":"https:\/\/www.mapleleaffoods.com\/fr\/wp-json\/wp\/v2\/comments?post=259108"}],"version-history":[{"count":2,"href":"https:\/\/www.mapleleaffoods.com\/fr\/wp-json\/wp\/v2\/pages\/259108\/revisions"}],"predecessor-version":[{"id":259170,"href":"https:\/\/www.mapleleaffoods.com\/fr\/wp-json\/wp\/v2\/pages\/259108\/revisions\/259170"}],"wp:featuredmedia":[{"embeddable":true,"href":"https:\/\/www.mapleleaffoods.com\/fr\/wp-json\/wp\/v2\/media\/259091"}],"wp:attachment":[{"href":"https:\/\/www.mapleleaffoods.com\/fr\/wp-json\/wp\/v2\/media?parent=259108"}],"curies":[{"name":"wp","href":"https:\/\/api.w.org\/{rel}","templated":true}]}}