{"id":259106,"date":"2025-05-15T19:09:42","date_gmt":"2025-05-15T23:09:42","guid":{"rendered":"https:\/\/www.mapleleaffoods.com\/fr\/?page_id=259106"},"modified":"2025-06-23T14:53:08","modified_gmt":"2025-06-23T18:53:08","slug":"dennis-organ","status":"publish","type":"page","link":"https:\/\/www.mapleleaffoods.com\/fr\/dennis-organ\/","title":{"rendered":"Dennis Organ"},"content":{"rendered":"\n<h1 class=\"wp-block-heading has-h-1-font-size\">Dennis <mark class=\"has-inline-color has-corporate-dark-blue-color\">Organ<\/mark><\/h1>\n\n\n\n<h5 class=\"wp-block-heading\">Pr\u00e9sident et chef de la direction, Canada Packers Inc.<\/h5>\n\n\n\n<div class=\"wp-block-columns grid is-layout-flex wp-container-core-columns-is-layout-1 wp-block-columns-is-layout-flex\">\n<div class=\"wp-block-column sm-col-12 lg-col-5 lg-order-2 lg-start-8 is-layout-flow wp-block-column-is-layout-flow\"><figure class=\"has-border-radius wp-block-post-featured-image\"><img decoding=\"async\" width=\"1000\" height=\"1000\" src=\"https:\/\/www.mapleleaffoods.com\/fr\/wp-content\/uploads\/sites\/7\/2025\/05\/CP-DennisOrgan-1.jpg\" class=\"attachment-post-thumbnail size-post-thumbnail wp-post-image\" alt=\"Dennis Organ - headshot\" style=\"object-fit:cover;\" srcset=\"https:\/\/b3412141.smushcdn.com\/3412141\/wp-content\/uploads\/sites\/7\/2025\/05\/CP-DennisOrgan-1.jpg?lossy=1&amp;strip=1&amp;webp=1 1000w, https:\/\/b3412141.smushcdn.com\/3412141\/wp-content\/uploads\/sites\/7\/2025\/05\/CP-DennisOrgan-1-300x300.jpg?lossy=1&amp;strip=1&amp;webp=1 300w, https:\/\/b3412141.smushcdn.com\/3412141\/wp-content\/uploads\/sites\/7\/2025\/05\/CP-DennisOrgan-1-150x150.jpg?lossy=1&amp;strip=1&amp;webp=1 150w, https:\/\/b3412141.smushcdn.com\/3412141\/wp-content\/uploads\/sites\/7\/2025\/05\/CP-DennisOrgan-1-768x768.jpg?lossy=1&amp;strip=1&amp;webp=1 768w\" sizes=\"(max-width: 1000px) 100vw, 1000px\" \/><\/figure><\/div>\n\n\n\n<div class=\"wp-block-column sm-col-12 lg-col-6 lg-order-1 is-layout-flow wp-block-column-is-layout-flow\">\n<p>Dennis Organ est le pr\u00e9sident de Complexe Porc aux Aliments Maple Leaf et le prochain chef de la direction de Canada Packers Inc. Fort de 29 ans d\u2019exp\u00e9rience dans le secteur de l\u2019alimentation, M. Organ a men\u00e9 une carri\u00e8re fructueuse \u00e0 titre de haut dirigeant. Avant de se joindre aux Aliments Maple Leaf en 2023, M. Organ a occup\u00e9 des postes de conseil en qualit\u00e9 de partenaire d\u2019exploitation et de membre de l\u2019\u00e9quipe de n\u00e9gociation chez Atlas Industries Holdings ainsi qu\u2019\u00e0 KKR &amp; Co. Inc. o\u00f9 il a pris part \u00e0 plusieurs acquisitions cl\u00e9s.<\/p>\n\n\n\n<p>Entre 2010 et 2021, M. Organ a gravi les \u00e9chelons chez Smithfield Foods, o\u00f9 il a occup\u00e9 plusieurs postes, notamment chef de l\u2019exploitation et chef de la direction. Il a travaill\u00e9 auparavant chez SpartanNash et Sherwood Food Distributors.<\/p>\n\n\n\n<p>M. Organ pr\u00e9side actuellement le conseil d\u2019administration de BinSentry. Il a \u00e9galement si\u00e9g\u00e9 au conseil d\u2019administration de nombreuses entreprises dans les secteurs de l\u2019alimentation, de la cha\u00eene d\u2019approvisionnement et des services financiers.<\/p>\n\n\n\n<p>M. Organ est titulaire d\u2019une ma\u00eetrise en administration des affaires de l\u2019Universit\u00e9 du Wisconsin-Eau Claire et d\u2019un baccalaur\u00e9at \u00e8s sciences en administration des affaires et gestion de l\u2019Universit\u00e9 de Phoenix.<\/p>\n\n\n\n<div style=\"height:100px\" aria-hidden=\"true\" class=\"wp-block-spacer is-style-white left-arrow-icon\"><\/div>\n\n\n\n<div class=\"wp-block-buttons is-style-white left-arrow-icon is-layout-flex wp-block-buttons-is-layout-flex\">\n<div class=\"wp-block-button is-style-white left-arrow-icon\"><a class=\"wp-block-button__link wp-element-button\" href=\"https:\/\/www.mapleleaffoods.com\/fr\/investisseurs\/canada-packers\/\" aria-label=\"Add aria label here\">Retour aux Canada Packers<\/a><span class=\"file-size-button\"><\/span><\/div>\n<\/div>\n\n\n\n<div style=\"height:100px\" aria-hidden=\"true\" class=\"wp-block-spacer\"><\/div>\n<\/div>\n<\/div>\n","protected":false},"excerpt":{"rendered":"<p>Dennis Organ Pr\u00e9sident et chef de la direction, Canada Packers Inc. Dennis Organ est le pr\u00e9sident de Complexe Porc aux [&hellip;]<\/p>\n","protected":false},"author":40,"featured_media":259041,"parent":0,"menu_order":0,"comment_status":"closed","ping_status":"closed","template":"","meta":{"mlfcorp_iframe_url":"","footnotes":""},"class_list":["post-259106","page","type-page","status-publish","has-post-thumbnail","hentry"],"acf":[],"yoast_head":"<!-- This site is optimized with the Yoast SEO plugin v21.7 - https:\/\/yoast.com\/wordpress\/plugins\/seo\/ -->\n<title>Dennis Organ | Canada PackersLe conseil d\u2019administration -<\/title>\n<meta name=\"description\" content=\"Dennis Organ est le pr\u00e9sident de Complexe Porc aux Aliments Maple Leaf et le prochain chef de la direction de Canada Packers Inc. Fort de ...\" \/>\n<meta name=\"robots\" content=\"index, follow, max-snippet:-1, max-image-preview:large, max-video-preview:-1\" \/>\n<link rel=\"canonical\" href=\"https:\/\/www.mapleleaffoods.com\/fr\/dennis-organ\/\" \/>\n<meta property=\"og:locale\" content=\"fr_FR\" \/>\n<meta property=\"og:type\" content=\"article\" \/>\n<meta property=\"og:title\" content=\"Dennis Organ | Canada PackersLe conseil d\u2019administration -\" \/>\n<meta property=\"og:description\" content=\"Dennis Organ est le pr\u00e9sident de Complexe Porc aux Aliments Maple Leaf et le prochain chef de la direction de Canada Packers Inc. Fort de ...\" \/>\n<meta property=\"og:url\" content=\"https:\/\/www.mapleleaffoods.com\/fr\/dennis-organ\/\" \/>\n<meta property=\"og:site_name\" content=\"Les Aliments Maple Leaf\" \/>\n<meta property=\"article:modified_time\" content=\"2025-06-23T18:53:08+00:00\" \/>\n<meta property=\"og:image\" content=\"https:\/\/www.mapleleaffoods.com\/fr\/wp-content\/uploads\/sites\/7\/2025\/05\/CP-DennisOrgan-1.jpg\" \/>\n\t<meta property=\"og:image:width\" content=\"1000\" \/>\n\t<meta property=\"og:image:height\" content=\"1000\" \/>\n\t<meta property=\"og:image:type\" content=\"image\/jpeg\" \/>\n<meta name=\"twitter:card\" content=\"summary_large_image\" \/>\n<meta name=\"twitter:label1\" content=\"Dur\u00e9e de lecture estim\u00e9e\" \/>\n\t<meta name=\"twitter:data1\" content=\"1 minute\" \/>\n<script type=\"application\/ld+json\" class=\"yoast-schema-graph\">{\"@context\":\"https:\/\/schema.org\",\"@graph\":[{\"@type\":\"WebPage\",\"@id\":\"https:\/\/www.mapleleaffoods.com\/fr\/dennis-organ\/\",\"url\":\"https:\/\/www.mapleleaffoods.com\/fr\/dennis-organ\/\",\"name\":\"Dennis Organ | Canada PackersLe conseil d\u2019administration -\",\"isPartOf\":{\"@id\":\"https:\/\/www.mapleleaffoods.com\/fr\/#website\"},\"datePublished\":\"2025-05-15T23:09:42+00:00\",\"dateModified\":\"2025-06-23T18:53:08+00:00\",\"description\":\"Dennis Organ est le pr\u00e9sident de Complexe Porc aux Aliments Maple Leaf et le prochain chef de la direction de Canada Packers Inc. Fort de ...\",\"breadcrumb\":{\"@id\":\"https:\/\/www.mapleleaffoods.com\/fr\/dennis-organ\/#breadcrumb\"},\"inLanguage\":\"fr-FR\",\"potentialAction\":[{\"@type\":\"ReadAction\",\"target\":[\"https:\/\/www.mapleleaffoods.com\/fr\/dennis-organ\/\"]}]},{\"@type\":\"BreadcrumbList\",\"@id\":\"https:\/\/www.mapleleaffoods.com\/fr\/dennis-organ\/#breadcrumb\",\"itemListElement\":[{\"@type\":\"ListItem\",\"position\":1,\"name\":\"Page d\u2019accueil\",\"item\":\"https:\/\/www.mapleleaffoods.com\/fr\/\"},{\"@type\":\"ListItem\",\"position\":2,\"name\":\"Dennis Organ\"}]},{\"@type\":\"WebSite\",\"@id\":\"https:\/\/www.mapleleaffoods.com\/fr\/#website\",\"url\":\"https:\/\/www.mapleleaffoods.com\/fr\/\",\"name\":\"Les Aliments Maple Leaf\",\"description\":\"Premi\u00e8re grande entreprise alimentaire carboneutre au monde\",\"publisher\":{\"@id\":\"https:\/\/www.mapleleaffoods.com\/fr\/#organization\"},\"potentialAction\":[{\"@type\":\"SearchAction\",\"target\":{\"@type\":\"EntryPoint\",\"urlTemplate\":\"https:\/\/www.mapleleaffoods.com\/fr\/?s={search_term_string}\"},\"query-input\":\"required name=search_term_string\"}],\"inLanguage\":\"fr-FR\"},{\"@type\":\"Organization\",\"@id\":\"https:\/\/www.mapleleaffoods.com\/fr\/#organization\",\"name\":\"Les Aliments Maple Leaf\",\"url\":\"https:\/\/www.mapleleaffoods.com\/fr\/\",\"logo\":{\"@type\":\"ImageObject\",\"inLanguage\":\"fr-FR\",\"@id\":\"https:\/\/www.mapleleaffoods.com\/fr\/#\/schema\/logo\/image\/\",\"url\":\"https:\/\/www.mapleleaffoods.com\/fr\/wp-content\/uploads\/sites\/7\/2026\/02\/L_MapleLeaf_4C_White_v1_EN.png\",\"contentUrl\":\"https:\/\/www.mapleleaffoods.com\/fr\/wp-content\/uploads\/sites\/7\/2026\/02\/L_MapleLeaf_4C_White_v1_EN.png\",\"width\":1829,\"height\":2200,\"caption\":\"Les Aliments Maple Leaf\"},\"image\":{\"@id\":\"https:\/\/www.mapleleaffoods.com\/fr\/#\/schema\/logo\/image\/\"}}]}<\/script>\n<!-- \/ Yoast SEO plugin. -->","yoast_head_json":{"title":"Dennis Organ | Canada PackersLe conseil d\u2019administration -","description":"Dennis Organ est le pr\u00e9sident de Complexe Porc aux Aliments Maple Leaf et le prochain chef de la direction de Canada Packers Inc. Fort de ...","robots":{"index":"index","follow":"follow","max-snippet":"max-snippet:-1","max-image-preview":"max-image-preview:large","max-video-preview":"max-video-preview:-1"},"canonical":"https:\/\/www.mapleleaffoods.com\/fr\/dennis-organ\/","og_locale":"fr_FR","og_type":"article","og_title":"Dennis Organ | Canada PackersLe conseil d\u2019administration -","og_description":"Dennis Organ est le pr\u00e9sident de Complexe Porc aux Aliments Maple Leaf et le prochain chef de la direction de Canada Packers Inc. Fort de ...","og_url":"https:\/\/www.mapleleaffoods.com\/fr\/dennis-organ\/","og_site_name":"Les Aliments Maple Leaf","article_modified_time":"2025-06-23T18:53:08+00:00","og_image":[{"width":1000,"height":1000,"url":"https:\/\/www.mapleleaffoods.com\/fr\/wp-content\/uploads\/sites\/7\/2025\/05\/CP-DennisOrgan-1.jpg","type":"image\/jpeg"}],"twitter_card":"summary_large_image","twitter_misc":{"Dur\u00e9e de lecture estim\u00e9e":"1 minute"},"schema":{"@context":"https:\/\/schema.org","@graph":[{"@type":"WebPage","@id":"https:\/\/www.mapleleaffoods.com\/fr\/dennis-organ\/","url":"https:\/\/www.mapleleaffoods.com\/fr\/dennis-organ\/","name":"Dennis Organ | Canada PackersLe conseil d\u2019administration -","isPartOf":{"@id":"https:\/\/www.mapleleaffoods.com\/fr\/#website"},"datePublished":"2025-05-15T23:09:42+00:00","dateModified":"2025-06-23T18:53:08+00:00","description":"Dennis Organ est le pr\u00e9sident de Complexe Porc aux Aliments Maple Leaf et le prochain chef de la direction de Canada Packers Inc. Fort de ...","breadcrumb":{"@id":"https:\/\/www.mapleleaffoods.com\/fr\/dennis-organ\/#breadcrumb"},"inLanguage":"fr-FR","potentialAction":[{"@type":"ReadAction","target":["https:\/\/www.mapleleaffoods.com\/fr\/dennis-organ\/"]}]},{"@type":"BreadcrumbList","@id":"https:\/\/www.mapleleaffoods.com\/fr\/dennis-organ\/#breadcrumb","itemListElement":[{"@type":"ListItem","position":1,"name":"Page d\u2019accueil","item":"https:\/\/www.mapleleaffoods.com\/fr\/"},{"@type":"ListItem","position":2,"name":"Dennis Organ"}]},{"@type":"WebSite","@id":"https:\/\/www.mapleleaffoods.com\/fr\/#website","url":"https:\/\/www.mapleleaffoods.com\/fr\/","name":"Les Aliments Maple Leaf","description":"Premi\u00e8re grande entreprise alimentaire carboneutre au monde","publisher":{"@id":"https:\/\/www.mapleleaffoods.com\/fr\/#organization"},"potentialAction":[{"@type":"SearchAction","target":{"@type":"EntryPoint","urlTemplate":"https:\/\/www.mapleleaffoods.com\/fr\/?s={search_term_string}"},"query-input":"required name=search_term_string"}],"inLanguage":"fr-FR"},{"@type":"Organization","@id":"https:\/\/www.mapleleaffoods.com\/fr\/#organization","name":"Les Aliments Maple Leaf","url":"https:\/\/www.mapleleaffoods.com\/fr\/","logo":{"@type":"ImageObject","inLanguage":"fr-FR","@id":"https:\/\/www.mapleleaffoods.com\/fr\/#\/schema\/logo\/image\/","url":"https:\/\/www.mapleleaffoods.com\/fr\/wp-content\/uploads\/sites\/7\/2026\/02\/L_MapleLeaf_4C_White_v1_EN.png","contentUrl":"https:\/\/www.mapleleaffoods.com\/fr\/wp-content\/uploads\/sites\/7\/2026\/02\/L_MapleLeaf_4C_White_v1_EN.png","width":1829,"height":2200,"caption":"Les Aliments Maple Leaf"},"image":{"@id":"https:\/\/www.mapleleaffoods.com\/fr\/#\/schema\/logo\/image\/"}}]}},"jetpack_sharing_enabled":true,"_links":{"self":[{"href":"https:\/\/www.mapleleaffoods.com\/fr\/wp-json\/wp\/v2\/pages\/259106"}],"collection":[{"href":"https:\/\/www.mapleleaffoods.com\/fr\/wp-json\/wp\/v2\/pages"}],"about":[{"href":"https:\/\/www.mapleleaffoods.com\/fr\/wp-json\/wp\/v2\/types\/page"}],"author":[{"embeddable":true,"href":"https:\/\/www.mapleleaffoods.com\/fr\/wp-json\/wp\/v2\/users\/40"}],"replies":[{"embeddable":true,"href":"https:\/\/www.mapleleaffoods.com\/fr\/wp-json\/wp\/v2\/comments?post=259106"}],"version-history":[{"count":2,"href":"https:\/\/www.mapleleaffoods.com\/fr\/wp-json\/wp\/v2\/pages\/259106\/revisions"}],"predecessor-version":[{"id":259169,"href":"https:\/\/www.mapleleaffoods.com\/fr\/wp-json\/wp\/v2\/pages\/259106\/revisions\/259169"}],"wp:featuredmedia":[{"embeddable":true,"href":"https:\/\/www.mapleleaffoods.com\/fr\/wp-json\/wp\/v2\/media\/259041"}],"wp:attachment":[{"href":"https:\/\/www.mapleleaffoods.com\/fr\/wp-json\/wp\/v2\/media?parent=259106"}],"curies":[{"name":"wp","href":"https:\/\/api.w.org\/{rel}","templated":true}]}}