{"id":259103,"date":"2025-05-12T11:46:42","date_gmt":"2025-05-12T15:46:42","guid":{"rendered":"https:\/\/www.mapleleaffoods.com\/fr\/?page_id=259103"},"modified":"2025-06-24T17:58:51","modified_gmt":"2025-06-24T21:58:51","slug":"curtis-frank","status":"publish","type":"page","link":"https:\/\/www.mapleleaffoods.com\/fr\/curtis-frank\/","title":{"rendered":"Curtis Frank"},"content":{"rendered":"\n<h1 class=\"wp-block-heading has-h-1-font-size\">Curtis E. <mark class=\"has-inline-color has-corporate-dark-blue-color\">Frank<\/mark><\/h1>\n\n\n\n<h5 class=\"wp-block-heading\">Pr\u00e9sident et chef de la direction, Les Aliments Maple Leaf Inc.<\/h5>\n\n\n\n<div class=\"wp-block-columns grid is-layout-flex wp-container-core-columns-is-layout-1 wp-block-columns-is-layout-flex\">\n<div class=\"wp-block-column sm-col-12 lg-col-5 lg-order-2 lg-start-8 is-layout-flow wp-block-column-is-layout-flow\"><figure class=\"has-border-radius wp-block-post-featured-image\"><img decoding=\"async\" width=\"1000\" height=\"1000\" src=\"https:\/\/www.mapleleaffoods.com\/fr\/wp-content\/uploads\/sites\/7\/2025\/05\/Curtis-Frank-Headshot.jpg\" class=\"attachment-post-thumbnail size-post-thumbnail wp-post-image\" alt=\"Curtis Frank\" style=\"object-fit:cover;\" srcset=\"https:\/\/b3412141.smushcdn.com\/3412141\/wp-content\/uploads\/sites\/7\/2025\/05\/Curtis-Frank-Headshot.jpg?lossy=1&amp;strip=1&amp;webp=1 1000w, https:\/\/b3412141.smushcdn.com\/3412141\/wp-content\/uploads\/sites\/7\/2025\/05\/Curtis-Frank-Headshot-300x300.jpg?lossy=1&amp;strip=1&amp;webp=1 300w, https:\/\/b3412141.smushcdn.com\/3412141\/wp-content\/uploads\/sites\/7\/2025\/05\/Curtis-Frank-Headshot-150x150.jpg?lossy=1&amp;strip=1&amp;webp=1 150w, https:\/\/b3412141.smushcdn.com\/3412141\/wp-content\/uploads\/sites\/7\/2025\/05\/Curtis-Frank-Headshot-768x768.jpg?lossy=1&amp;strip=1&amp;webp=1 768w\" sizes=\"(max-width: 1000px) 100vw, 1000px\" \/><\/figure><\/div>\n\n\n\n<div class=\"wp-block-column sm-col-12 lg-col-6 lg-order-1 is-layout-flow wp-block-column-is-layout-flow\">\n<p>M. Frank est pr\u00e9sident et chef de la direction des Aliments Maple Leaf depuis mai 2023. Ayant joint les rangs des Aliments Maple Leaf en 2000, M. Frank compte plus de 20 ann\u00e9es d\u2019exp\u00e9rience dans les secteurs de l\u2019alimentation et de l\u2019agroalimentaire. Il a gravi progressivement les \u00e9chelons au sein des Aliments Maple Leaf o\u00f9 il a notamment exerc\u00e9 les fonctions de chef de l\u2019exploitation, avant d\u2019accepter le poste de pr\u00e9sident et chef de la direction l\u2019an dernier. En plus d\u2019\u00eatre un administrateur des Aliments Maple Leaf, il si\u00e8ge \u00e9galement au conseil du Centre de Maple Leaf pour la s\u00e9curit\u00e9 alimentaire, de GS1 Canada et de la Grocery Foundation. M. Frank est titulaire d\u2019un baccalaur\u00e9at \u00e8s arts de l\u2019Universit\u00e9 de Regina.<\/p>\n\n\n\n<div style=\"height:100px\" aria-hidden=\"true\" class=\"wp-block-spacer is-style-white left-arrow-icon\"><\/div>\n\n\n\n<div class=\"wp-block-buttons is-style-white left-arrow-icon is-layout-flex wp-block-buttons-is-layout-flex\">\n<div class=\"wp-block-button is-style-white left-arrow-icon\"><a class=\"wp-block-button__link wp-element-button\" href=\"https:\/\/www.mapleleaffoods.com\/fr\/investisseurs\/canada-packers\/\" aria-label=\"Add aria label here\">Retour aux Canada Packers<\/a><span class=\"file-size-button\"><\/span><\/div>\n<\/div>\n\n\n\n<div style=\"height:100px\" aria-hidden=\"true\" class=\"wp-block-spacer\"><\/div>\n<\/div>\n<\/div>\n\n\n\n<p><\/p>\n","protected":false},"excerpt":{"rendered":"<p>Curtis E. Frank Pr\u00e9sident et chef de la direction, Les Aliments Maple Leaf Inc. M. Frank est pr\u00e9sident et chef [&hellip;]<\/p>\n","protected":false},"author":40,"featured_media":259090,"parent":0,"menu_order":0,"comment_status":"closed","ping_status":"closed","template":"","meta":{"mlfcorp_iframe_url":"","footnotes":""},"class_list":["post-259103","page","type-page","status-publish","has-post-thumbnail","hentry"],"acf":[],"yoast_head":"<!-- This site is optimized with the Yoast SEO plugin v21.7 - https:\/\/yoast.com\/wordpress\/plugins\/seo\/ -->\n<title>Le conseil d\u2019administration - Curtis Frank | Canada Packers<\/title>\n<meta name=\"description\" content=\"M. Frank est pr\u00e9sident et chef de la direction des Aliments Maple Leaf depuis mai 2023. Ayant joint les rangs des Aliments Maple Leaf en 2000\" \/>\n<meta name=\"robots\" content=\"index, follow, max-snippet:-1, max-image-preview:large, max-video-preview:-1\" \/>\n<link rel=\"canonical\" href=\"https:\/\/www.mapleleaffoods.com\/fr\/curtis-frank\/\" \/>\n<meta property=\"og:locale\" content=\"fr_FR\" \/>\n<meta property=\"og:type\" content=\"article\" \/>\n<meta property=\"og:title\" content=\"Le conseil d\u2019administration - Curtis Frank | Canada Packers\" \/>\n<meta property=\"og:description\" content=\"M. Frank est pr\u00e9sident et chef de la direction des Aliments Maple Leaf depuis mai 2023. Ayant joint les rangs des Aliments Maple Leaf en 2000\" \/>\n<meta property=\"og:url\" content=\"https:\/\/www.mapleleaffoods.com\/fr\/curtis-frank\/\" \/>\n<meta property=\"og:site_name\" content=\"Les Aliments Maple Leaf\" \/>\n<meta property=\"article:modified_time\" content=\"2025-06-24T21:58:51+00:00\" \/>\n<meta property=\"og:image\" content=\"https:\/\/www.mapleleaffoods.com\/fr\/wp-content\/uploads\/sites\/7\/2025\/05\/Curtis-Frank-Headshot.jpg\" \/>\n\t<meta property=\"og:image:width\" content=\"1000\" \/>\n\t<meta property=\"og:image:height\" content=\"1000\" \/>\n\t<meta property=\"og:image:type\" content=\"image\/jpeg\" \/>\n<meta name=\"twitter:card\" content=\"summary_large_image\" \/>\n<meta name=\"twitter:label1\" content=\"Dur\u00e9e de lecture estim\u00e9e\" \/>\n\t<meta name=\"twitter:data1\" content=\"1 minute\" \/>\n<script type=\"application\/ld+json\" class=\"yoast-schema-graph\">{\"@context\":\"https:\/\/schema.org\",\"@graph\":[{\"@type\":\"WebPage\",\"@id\":\"https:\/\/www.mapleleaffoods.com\/fr\/curtis-frank\/\",\"url\":\"https:\/\/www.mapleleaffoods.com\/fr\/curtis-frank\/\",\"name\":\"Le conseil d\u2019administration - Curtis Frank | Canada Packers\",\"isPartOf\":{\"@id\":\"https:\/\/www.mapleleaffoods.com\/fr\/#website\"},\"datePublished\":\"2025-05-12T15:46:42+00:00\",\"dateModified\":\"2025-06-24T21:58:51+00:00\",\"description\":\"M. Frank est pr\u00e9sident et chef de la direction des Aliments Maple Leaf depuis mai 2023. Ayant joint les rangs des Aliments Maple Leaf en 2000\",\"breadcrumb\":{\"@id\":\"https:\/\/www.mapleleaffoods.com\/fr\/curtis-frank\/#breadcrumb\"},\"inLanguage\":\"fr-FR\",\"potentialAction\":[{\"@type\":\"ReadAction\",\"target\":[\"https:\/\/www.mapleleaffoods.com\/fr\/curtis-frank\/\"]}]},{\"@type\":\"BreadcrumbList\",\"@id\":\"https:\/\/www.mapleleaffoods.com\/fr\/curtis-frank\/#breadcrumb\",\"itemListElement\":[{\"@type\":\"ListItem\",\"position\":1,\"name\":\"Page d\u2019accueil\",\"item\":\"https:\/\/www.mapleleaffoods.com\/fr\/\"},{\"@type\":\"ListItem\",\"position\":2,\"name\":\"Curtis Frank\"}]},{\"@type\":\"WebSite\",\"@id\":\"https:\/\/www.mapleleaffoods.com\/fr\/#website\",\"url\":\"https:\/\/www.mapleleaffoods.com\/fr\/\",\"name\":\"Les Aliments Maple Leaf\",\"description\":\"Premi\u00e8re grande entreprise alimentaire carboneutre au monde\",\"publisher\":{\"@id\":\"https:\/\/www.mapleleaffoods.com\/fr\/#organization\"},\"potentialAction\":[{\"@type\":\"SearchAction\",\"target\":{\"@type\":\"EntryPoint\",\"urlTemplate\":\"https:\/\/www.mapleleaffoods.com\/fr\/?s={search_term_string}\"},\"query-input\":\"required name=search_term_string\"}],\"inLanguage\":\"fr-FR\"},{\"@type\":\"Organization\",\"@id\":\"https:\/\/www.mapleleaffoods.com\/fr\/#organization\",\"name\":\"Les Aliments Maple Leaf\",\"url\":\"https:\/\/www.mapleleaffoods.com\/fr\/\",\"logo\":{\"@type\":\"ImageObject\",\"inLanguage\":\"fr-FR\",\"@id\":\"https:\/\/www.mapleleaffoods.com\/fr\/#\/schema\/logo\/image\/\",\"url\":\"https:\/\/www.mapleleaffoods.com\/fr\/wp-content\/uploads\/sites\/7\/2026\/02\/L_MapleLeaf_4C_White_v1_EN.png\",\"contentUrl\":\"https:\/\/www.mapleleaffoods.com\/fr\/wp-content\/uploads\/sites\/7\/2026\/02\/L_MapleLeaf_4C_White_v1_EN.png\",\"width\":1829,\"height\":2200,\"caption\":\"Les Aliments Maple Leaf\"},\"image\":{\"@id\":\"https:\/\/www.mapleleaffoods.com\/fr\/#\/schema\/logo\/image\/\"}}]}<\/script>\n<!-- \/ Yoast SEO plugin. -->","yoast_head_json":{"title":"Le conseil d\u2019administration - Curtis Frank | Canada Packers","description":"M. Frank est pr\u00e9sident et chef de la direction des Aliments Maple Leaf depuis mai 2023. Ayant joint les rangs des Aliments Maple Leaf en 2000","robots":{"index":"index","follow":"follow","max-snippet":"max-snippet:-1","max-image-preview":"max-image-preview:large","max-video-preview":"max-video-preview:-1"},"canonical":"https:\/\/www.mapleleaffoods.com\/fr\/curtis-frank\/","og_locale":"fr_FR","og_type":"article","og_title":"Le conseil d\u2019administration - Curtis Frank | Canada Packers","og_description":"M. Frank est pr\u00e9sident et chef de la direction des Aliments Maple Leaf depuis mai 2023. Ayant joint les rangs des Aliments Maple Leaf en 2000","og_url":"https:\/\/www.mapleleaffoods.com\/fr\/curtis-frank\/","og_site_name":"Les Aliments Maple Leaf","article_modified_time":"2025-06-24T21:58:51+00:00","og_image":[{"width":1000,"height":1000,"url":"https:\/\/www.mapleleaffoods.com\/fr\/wp-content\/uploads\/sites\/7\/2025\/05\/Curtis-Frank-Headshot.jpg","type":"image\/jpeg"}],"twitter_card":"summary_large_image","twitter_misc":{"Dur\u00e9e de lecture estim\u00e9e":"1 minute"},"schema":{"@context":"https:\/\/schema.org","@graph":[{"@type":"WebPage","@id":"https:\/\/www.mapleleaffoods.com\/fr\/curtis-frank\/","url":"https:\/\/www.mapleleaffoods.com\/fr\/curtis-frank\/","name":"Le conseil d\u2019administration - Curtis Frank | Canada Packers","isPartOf":{"@id":"https:\/\/www.mapleleaffoods.com\/fr\/#website"},"datePublished":"2025-05-12T15:46:42+00:00","dateModified":"2025-06-24T21:58:51+00:00","description":"M. Frank est pr\u00e9sident et chef de la direction des Aliments Maple Leaf depuis mai 2023. Ayant joint les rangs des Aliments Maple Leaf en 2000","breadcrumb":{"@id":"https:\/\/www.mapleleaffoods.com\/fr\/curtis-frank\/#breadcrumb"},"inLanguage":"fr-FR","potentialAction":[{"@type":"ReadAction","target":["https:\/\/www.mapleleaffoods.com\/fr\/curtis-frank\/"]}]},{"@type":"BreadcrumbList","@id":"https:\/\/www.mapleleaffoods.com\/fr\/curtis-frank\/#breadcrumb","itemListElement":[{"@type":"ListItem","position":1,"name":"Page d\u2019accueil","item":"https:\/\/www.mapleleaffoods.com\/fr\/"},{"@type":"ListItem","position":2,"name":"Curtis Frank"}]},{"@type":"WebSite","@id":"https:\/\/www.mapleleaffoods.com\/fr\/#website","url":"https:\/\/www.mapleleaffoods.com\/fr\/","name":"Les Aliments Maple Leaf","description":"Premi\u00e8re grande entreprise alimentaire carboneutre au monde","publisher":{"@id":"https:\/\/www.mapleleaffoods.com\/fr\/#organization"},"potentialAction":[{"@type":"SearchAction","target":{"@type":"EntryPoint","urlTemplate":"https:\/\/www.mapleleaffoods.com\/fr\/?s={search_term_string}"},"query-input":"required name=search_term_string"}],"inLanguage":"fr-FR"},{"@type":"Organization","@id":"https:\/\/www.mapleleaffoods.com\/fr\/#organization","name":"Les Aliments Maple Leaf","url":"https:\/\/www.mapleleaffoods.com\/fr\/","logo":{"@type":"ImageObject","inLanguage":"fr-FR","@id":"https:\/\/www.mapleleaffoods.com\/fr\/#\/schema\/logo\/image\/","url":"https:\/\/www.mapleleaffoods.com\/fr\/wp-content\/uploads\/sites\/7\/2026\/02\/L_MapleLeaf_4C_White_v1_EN.png","contentUrl":"https:\/\/www.mapleleaffoods.com\/fr\/wp-content\/uploads\/sites\/7\/2026\/02\/L_MapleLeaf_4C_White_v1_EN.png","width":1829,"height":2200,"caption":"Les Aliments Maple Leaf"},"image":{"@id":"https:\/\/www.mapleleaffoods.com\/fr\/#\/schema\/logo\/image\/"}}]}},"jetpack_sharing_enabled":true,"_links":{"self":[{"href":"https:\/\/www.mapleleaffoods.com\/fr\/wp-json\/wp\/v2\/pages\/259103"}],"collection":[{"href":"https:\/\/www.mapleleaffoods.com\/fr\/wp-json\/wp\/v2\/pages"}],"about":[{"href":"https:\/\/www.mapleleaffoods.com\/fr\/wp-json\/wp\/v2\/types\/page"}],"author":[{"embeddable":true,"href":"https:\/\/www.mapleleaffoods.com\/fr\/wp-json\/wp\/v2\/users\/40"}],"replies":[{"embeddable":true,"href":"https:\/\/www.mapleleaffoods.com\/fr\/wp-json\/wp\/v2\/comments?post=259103"}],"version-history":[{"count":2,"href":"https:\/\/www.mapleleaffoods.com\/fr\/wp-json\/wp\/v2\/pages\/259103\/revisions"}],"predecessor-version":[{"id":259162,"href":"https:\/\/www.mapleleaffoods.com\/fr\/wp-json\/wp\/v2\/pages\/259103\/revisions\/259162"}],"wp:featuredmedia":[{"embeddable":true,"href":"https:\/\/www.mapleleaffoods.com\/fr\/wp-json\/wp\/v2\/media\/259090"}],"wp:attachment":[{"href":"https:\/\/www.mapleleaffoods.com\/fr\/wp-json\/wp\/v2\/media?parent=259103"}],"curies":[{"name":"wp","href":"https:\/\/api.w.org\/{rel}","templated":true}]}}