{"id":258977,"date":"2025-04-14T14:18:21","date_gmt":"2025-04-14T18:18:21","guid":{"rendered":"https:\/\/www.mapleleaffoods.com\/fr\/?page_id=258977"},"modified":"2025-07-17T16:17:56","modified_gmt":"2025-07-17T20:17:56","slug":"metiers-specialises-maintenance","status":"publish","type":"page","link":"https:\/\/www.mapleleaffoods.com\/fr\/carrieres\/cheminements-carriere\/metiers-specialises-maintenance\/","title":{"rendered":"Maintenance et m\u00e9tiers sp\u00e9cialis\u00e9s"},"content":{"rendered":"\t<style type=\"text\/css\">\n\t\t.wp-block-tk-spacer.id-5599db84-4a16-4cff-b1f6-2f9c7b5da49e {\n\t\theight: 75px;\n\t}\n\n\t@media ( max-width: 480px ) {\n\t\t.wp-block-tk-spacer.id-5599db84-4a16-4cff-b1f6-2f9c7b5da49e {\n\t\t\theight: 100px;\n\t\t}\n\t}\t<\/style>\n\t<div class=\"wp-block-tk-spacer id-5599db84-4a16-4cff-b1f6-2f9c7b5da49e\" aria-hidden=\"true\"><\/div>\n\t\n\n<div class=\"yoast-breadcrumbs\"><span><span><a href=\"https:\/\/www.mapleleaffoods.com\/fr\/\">Page d\u2019accueil<\/a><\/span> <span class=\"yoast-custom-separator\"><\/span> <span><a href=\"https:\/\/www.mapleleaffoods.com\/fr\/carrieres\/\">Carri\u00e8res<\/a><\/span> <span class=\"yoast-custom-separator\"><\/span> <span><a href=\"https:\/\/www.mapleleaffoods.com\/fr\/carrieres\/cheminements-carriere\/\">Cheminements de carri\u00e8re<\/a><\/span> <span class=\"yoast-custom-separator\"><\/span> <span class=\"breadcrumb_last\" aria-current=\"page\">Maintenance et m\u00e9tiers sp\u00e9cialis\u00e9s<\/span><\/span><\/div>\n\n\n<section class=\"wp-block-mlfcorp-level-one-header\"><h1>Maintenance et <mark class=\"has-inline-color has-corporate-dark-blue-color\">m\u00e9tiers sp\u00e9cialis\u00e9s<\/mark><\/h1>\n<div class=\"wp-block-cover alignfull\"><span aria-hidden=\"true\" class=\"wp-block-cover__background has-background-dim-0 has-background-dim\" style=\"background-color:#777776\"><\/span><img decoding=\"async\" width=\"1920\" height=\"780\" class=\"wp-block-cover__image-background wp-image-258978\" alt=\"la maintenance et des m\u00e9tiers sp\u00e9cialis\u00e9s\" src=\"https:\/\/www.mapleleaffoods.com\/fr\/wp-content\/uploads\/sites\/7\/2025\/04\/Maintenance-Skilled-Trades-hero-image.jpg\" data-object-fit=\"cover\" srcset=\"https:\/\/b3412141.smushcdn.com\/3412141\/wp-content\/uploads\/sites\/7\/2025\/04\/Maintenance-Skilled-Trades-hero-image.jpg?lossy=1&amp;strip=1&amp;webp=1 1920w, https:\/\/b3412141.smushcdn.com\/3412141\/wp-content\/uploads\/sites\/7\/2025\/04\/Maintenance-Skilled-Trades-hero-image-300x122.jpg?lossy=1&amp;strip=1&amp;webp=1 300w, https:\/\/b3412141.smushcdn.com\/3412141\/wp-content\/uploads\/sites\/7\/2025\/04\/Maintenance-Skilled-Trades-hero-image-1024x416.jpg?lossy=1&amp;strip=1&amp;webp=1 1024w, https:\/\/b3412141.smushcdn.com\/3412141\/wp-content\/uploads\/sites\/7\/2025\/04\/Maintenance-Skilled-Trades-hero-image-768x312.jpg?lossy=1&amp;strip=1&amp;webp=1 768w, https:\/\/b3412141.smushcdn.com\/3412141\/wp-content\/uploads\/sites\/7\/2025\/04\/Maintenance-Skilled-Trades-hero-image-1536x624.jpg?lossy=1&amp;strip=1&amp;webp=1 1536w\" sizes=\"(max-width: 1920px) 100vw, 1920px\" \/><div class=\"wp-block-cover__inner-container is-layout-flow wp-block-cover-is-layout-flow\">\n<p class=\"has-text-align-center has-large-font-size\"><\/p>\n<\/div><\/div>\n<\/section>\n\n\n\t<style type=\"text\/css\">\n\t\t.wp-block-tk-spacer.id-0651a5c6-1822-4ef1-8b70-8a84332f82fb {\n\t\theight: 100px;\n\t}\n\n\t@media ( max-width: 480px ) {\n\t\t.wp-block-tk-spacer.id-0651a5c6-1822-4ef1-8b70-8a84332f82fb {\n\t\t\theight: 100px;\n\t\t}\n\t}\t<\/style>\n\t<div class=\"wp-block-tk-spacer id-0651a5c6-1822-4ef1-8b70-8a84332f82fb\" aria-hidden=\"true\"><\/div>\n\t\n\n\n<div class=\"wp-block-tk-grid\"><div class=\"grid\"><div class=\"sm-col-12 lg-col-12 sm-start-0 lg-start-3\">\n<h2 class=\"wp-block-heading\">Nos \u00e9quipes de maintenance et de m\u00e9tiers sp\u00e9cialis\u00e9s contribuent au bon fonctionnement de nos usines.<\/h2>\n\n\n\n<h4 class=\"wp-block-heading\"><mark class=\"has-inline-color has-corporate-dark-blue-color\">Elles se trouvent dans la zone de la production pour assurer l\u2019entretien de l\u2019\u00e9quipement et veiller \u00e0 ce que<br>tout fonctionne parfaitement. On ne s'ennuie jamais dans l'\u00e9quipe de la maintenance et des m\u00e9tiers sp\u00e9cialis\u00e9s<\/mark><\/h4>\n<\/div><\/div><\/div>\n\n\n\t<style type=\"text\/css\">\n\t\t.wp-block-tk-spacer.id-79b79edd-06a4-4ead-99fe-0a26d90a75ec {\n\t\theight: 200px;\n\t}\n\n\t@media ( max-width: 480px ) {\n\t\t.wp-block-tk-spacer.id-79b79edd-06a4-4ead-99fe-0a26d90a75ec {\n\t\t\theight: 100px;\n\t\t}\n\t}\t<\/style>\n\t<div class=\"wp-block-tk-spacer id-79b79edd-06a4-4ead-99fe-0a26d90a75ec\" aria-hidden=\"true\"><\/div>\n\t\n\n\n<div class=\"wp-block-mlfcorp-card-component-block card-component-container card-layout-horizontal card-position-center image-orientation-left\" style=\"padding-top:0\"><div class=\"grid align-middle\"><div class=\"sm-col-12 lg-col-6 lg-start-1 image-wrapper\"><div class=\"card-image-container align-middle image-orientation-left\"><img decoding=\"async\" width=\"630\" height=\"546\" src=\"https:\/\/www.mapleleaffoods.com\/fr\/wp-content\/uploads\/sites\/7\/2025\/04\/Maintenance-Skilled-Trades-1.jpg\" alt=\"membre de l'\u00e9quipe\" class=\"card-component-image has-border-radius wp-image-258980\" srcset=\"https:\/\/b3412141.smushcdn.com\/3412141\/wp-content\/uploads\/sites\/7\/2025\/04\/Maintenance-Skilled-Trades-1.jpg?lossy=1&amp;strip=1&amp;webp=1 630w, https:\/\/b3412141.smushcdn.com\/3412141\/wp-content\/uploads\/sites\/7\/2025\/04\/Maintenance-Skilled-Trades-1-300x260.jpg?lossy=1&amp;strip=1&amp;webp=1 300w\" sizes=\"(max-width: 630px) 100vw, 630px\" \/><\/div><\/div><div class=\"\n\t\t\t\t\t\t\t\tsm-col-12 lg-col-6 details-wrapper\n\t\t\t\t\t\t\t\t\n\t\t\t\t\t\t\t\t\" style=\"margin-top:0\"><div class=\"card-component-details align-middle image-orientation-left\"><div><h4 class=\"title-heading\">Il existe des possibilit\u00e9s et des d\u00e9fis pour les gens de m\u00e9tiers sp\u00e9cialis\u00e9s de toutes origines chez les Aliments Maple Leaf.<\/h4><p class=\"card-component-text\">Notre \u00e9quipe de la maintenance et des m\u00e9tiers sp\u00e9cialis\u00e9s travaille directement dans <a href=\"https:\/\/www.mapleleaffoods.com\/fr\/a-propos-de\/a-propos-de-emplacements\/\">nos usines<\/a> dans l\u2019ensemble du Canada et des \u00c9.-U.<br>\u00a0<br>Nous sommes \u00e0 la recherche de personnes qui poss\u00e8dent leur certification Sceau rouge et sont pr\u00eates \u00e0 relever le d\u00e9fi de veiller \u00e0 ce que notre \u00e9quipement fonctionne bien et soit en excellent \u00e9tat.<br>\u00a0<br>Les bonnes personnes ont pu lancer leurs carri\u00e8res chez les Aliments Maple Leaf en tant qu\u2019apprentis, devenir des gens de m\u00e9tiers et \u00e0 la longue, des superviseurs. D\u2019autres ont \u00e9volu\u00e9 de planificateurs \u00e0 planificateurs de maintenance, puis \u00e0 superviseurs de maintenance. C'est une question de passion et de volont\u00e9 de progresser.<br>\u00a0<br>La maintenance et les m\u00e9tiers sp\u00e9cialis\u00e9s offrent une grande stabilit\u00e9 d\u2019emploi \u2013 ce sont des domaines qui seront toujours n\u00e9cessaires pour assurer le bon fonctionnement de nos usines!<\/p><\/div><\/div><\/div><\/div><\/div>\n\n\n\t<style type=\"text\/css\">\n\t\t.wp-block-tk-spacer.id-f64df801-ee6d-4113-9d4a-022bb4498d02 {\n\t\theight: 200px;\n\t}\n\n\t@media ( max-width: 480px ) {\n\t\t.wp-block-tk-spacer.id-f64df801-ee6d-4113-9d4a-022bb4498d02 {\n\t\t\theight: 100px;\n\t\t}\n\t}\t<\/style>\n\t<div class=\"wp-block-tk-spacer id-f64df801-ee6d-4113-9d4a-022bb4498d02\" aria-hidden=\"true\"><\/div>\n\t\n\n\n<div class=\"wp-block-mlfcorp-card-component-block card-component-container card-layout-horizontal card-position-center image-orientation-right\" style=\"padding-top:0\"><div class=\"grid align-middle\"><div class=\"sm-col-12 lg-col-6 lg-start-1 details-wrapper\"><div class=\"card-component-details align-middle image-orientation-right\"><div><h4 class=\"title-heading\">\u00c0 quoi ressemble une journ\u00e9e dans la vie pour les postes de maintenance et de m\u00e9tiers sp\u00e9cialis\u00e9s<\/h4><p class=\"card-component-text\">Voici ce qui vous attend si vous vous joignez \u00e0 notre \u00e9quipe\u00a0:<br>- Chaque journ\u00e9e d\u00e9bute par une rotation des \u00e9quipes des quarts de travail, o\u00f9 elles se r\u00e9unissent pour discuter des probl\u00e8mes et des \u00e9v\u00e9nements survenus au cours des quarts pr\u00e9c\u00e9dents \u00a0<br>- Il est ensuite temps d\u2019assainir et de pr\u00e9parer vos outils avant de vous rendre dans la zone de production<br>- Ensuite, vous examinez les bons de travail que vous devez ex\u00e9cuter ce jour-l\u00e0 et v\u00e9rifiez si des bons de travail correctif vous sont attribu\u00e9s. S\u2019il n\u2019y a rien qui n\u00e9cessite votre attention imm\u00e9diate ou un temps d\u2019arr\u00eat, il est temps de vous mettre \u00e0 l\u2019\u0153uvre \u00a0<br>- Tout au long de la journ\u00e9e, vous travaillerez sur divers bons de travail, tout en vous tenant au courant des travaux suppl\u00e9mentaires au moyen d'une radio bidirectionnelle. Les pi\u00e8ces n\u00e9cessaires peuvent \u00eatre obtenues de la salle de stockage des pi\u00e8ces et inscrites au registre afin d\u2019assurer le suivi de ce qui est utilis\u00e9<br>- \u00c0 la fin de la journ\u00e9e, il est temps de mettre \u00e0 jour tous les bons de travail qui ont \u00e9t\u00e9 ex\u00e9cut\u00e9s au cours du quart de travail, de nettoyer tous les outils utilis\u00e9s et de v\u00e9rifier d\u2019avoir tenu compte de tout ce qui a \u00e9t\u00e9 utilis\u00e9.<\/p><\/div><\/div><\/div><div class=\"sm-col-12 lg-col-6 image-wrapper\" style=\"margin-top:0\"><div class=\"card-image-container align-middle image-orientation-right\"><img decoding=\"async\" width=\"630\" height=\"546\" src=\"https:\/\/www.mapleleaffoods.com\/fr\/wp-content\/uploads\/sites\/7\/2025\/04\/Maintenance-Skilled-Trades-2.jpg\" alt=\"membre de l'\u00e9quipe\" class=\"card-component-image has-border-radius wp-image-258981\" srcset=\"https:\/\/b3412141.smushcdn.com\/3412141\/wp-content\/uploads\/sites\/7\/2025\/04\/Maintenance-Skilled-Trades-2.jpg?lossy=1&amp;strip=1&amp;webp=1 630w, https:\/\/b3412141.smushcdn.com\/3412141\/wp-content\/uploads\/sites\/7\/2025\/04\/Maintenance-Skilled-Trades-2-300x260.jpg?lossy=1&amp;strip=1&amp;webp=1 300w\" sizes=\"(max-width: 630px) 100vw, 630px\" \/><\/div><\/div><\/div><\/div>\n\n\n\t<style type=\"text\/css\">\n\t\t.wp-block-tk-spacer.id-d32bf2a0-4c96-4a43-93e8-22957708bb3b {\n\t\theight: 200px;\n\t}\n\n\t@media ( max-width: 480px ) {\n\t\t.wp-block-tk-spacer.id-d32bf2a0-4c96-4a43-93e8-22957708bb3b {\n\t\t\theight: 100px;\n\t\t}\n\t}\t<\/style>\n\t<div class=\"wp-block-tk-spacer id-d32bf2a0-4c96-4a43-93e8-22957708bb3b\" aria-hidden=\"true\"><\/div>\n\t\n\n\n<div class=\"wp-block-mlfcorp-card-component-block card-component-container card-layout-horizontal card-position-center image-orientation-left\" style=\"padding-top:0\"><div class=\"grid align-middle\"><div class=\"sm-col-12 lg-col-5 lg-start-1 image-wrapper\"><div class=\"card-image-container align-middle image-orientation-left\"><img decoding=\"async\" width=\"630\" height=\"546\" src=\"https:\/\/www.mapleleaffoods.com\/fr\/wp-content\/uploads\/sites\/7\/2025\/04\/Maintenance-Skilled-Trades-3.jpg\" alt=\"trois membres de l'\u00e9quipe\" class=\"card-component-image has-border-radius wp-image-258979\" srcset=\"https:\/\/b3412141.smushcdn.com\/3412141\/wp-content\/uploads\/sites\/7\/2025\/04\/Maintenance-Skilled-Trades-3.jpg?lossy=1&amp;strip=1&amp;webp=1 630w, https:\/\/b3412141.smushcdn.com\/3412141\/wp-content\/uploads\/sites\/7\/2025\/04\/Maintenance-Skilled-Trades-3-300x260.jpg?lossy=1&amp;strip=1&amp;webp=1 300w\" sizes=\"(max-width: 630px) 100vw, 630px\" \/><\/div><\/div><div class=\"\n\t\t\t\t\t\t\t\tsm-col-12 lg-col-6 details-wrapper\n\t\t\t\t\t\t\t\t\n\t\t\t\t\t\t\t\t\" style=\"margin-top:0\"><div class=\"card-component-details align-middle image-orientation-left\"><div><h4 class=\"title-heading\">Parcours de carri\u00e8res dans la maintenance et les m\u00e9tiers sp\u00e9cialis\u00e9s<\/h4><p class=\"card-component-text\">Nos \u00e9quipes de maintenance et des m\u00e9tiers sp\u00e9cialis\u00e9s sont r\u00e9parties en trois groupes principaux\u00a0:<br>- Ing\u00e9nieurs<br>- Automatisation<br>- \u00c9lectriciens et m\u00e9caniciens d\u2019entretien<br>\u00a0<\/p><\/div><\/div><\/div><\/div><\/div>\n\n\n\t<style type=\"text\/css\">\n\t\t.wp-block-tk-spacer.id-470035da-a601-4d9f-a812-f8a1ee3088f1 {\n\t\theight: 200px;\n\t}\n\n\t@media ( max-width: 480px ) {\n\t\t.wp-block-tk-spacer.id-470035da-a601-4d9f-a812-f8a1ee3088f1 {\n\t\t\theight: 100px;\n\t\t}\n\t}\t<\/style>\n\t<div class=\"wp-block-tk-spacer id-470035da-a601-4d9f-a812-f8a1ee3088f1\" aria-hidden=\"true\"><\/div>\n\t\n\n\n<div class=\"wp-block-tk-grid\"><div class=\"grid\"><div class=\"sm-col-12 lg-col-8 sm-start-0 lg-start-3\">\n<h4 class=\"wp-block-heading has-text-align-center\">Si nos produits vous inspirent, venez vous inspirer \u00e0 nos c\u00f4t\u00e9s.<\/h4>\n\n\n\n<div class=\"wp-block-buttons is-content-justification-center is-layout-flex wp-container-core-buttons-is-layout-1 wp-block-buttons-is-layout-flex\">\n<div class=\"wp-block-button is-style-white aligncenter\"><a class=\"wp-block-button__link wp-element-button\" href=\"https:\/\/www.mapleleaffoods.com\/careers\/career-paths\/manufacturing-operations\/\" aria-label=\"Add aria label here\">Consultez les emplois de maintenance et de m\u00e9tiers sp\u00e9cialis\u00e9s<\/a><span class=\"file-size-button\"><\/span><\/div>\n<\/div>\n<\/div><\/div><\/div>\n","protected":false},"excerpt":{"rendered":"","protected":false},"author":40,"featured_media":258978,"parent":246486,"menu_order":0,"comment_status":"closed","ping_status":"closed","template":"","meta":{"mlfcorp_iframe_url":"","footnotes":""},"class_list":["post-258977","page","type-page","status-publish","has-post-thumbnail","hentry"],"acf":[],"yoast_head":"<!-- This site is optimized with the Yoast SEO plugin v21.7 - https:\/\/yoast.com\/wordpress\/plugins\/seo\/ -->\n<title>Emplois de m\u00e9tiers sp\u00e9cialis\u00e9s et de maintenance<\/title>\n<meta name=\"description\" content=\"Nos \u00e9quipes de maintenance et de m\u00e9tiers sp\u00e9cialis\u00e9s contribuent au bon fonctionnement de nos usines. Trouvez d\u00e8s aujourd\u2019hui votre ...\" \/>\n<meta name=\"robots\" content=\"index, follow, max-snippet:-1, max-image-preview:large, max-video-preview:-1\" \/>\n<link rel=\"canonical\" href=\"https:\/\/www.mapleleaffoods.com\/fr\/carrieres\/cheminements-carriere\/metiers-specialises-maintenance\/\" \/>\n<meta property=\"og:locale\" content=\"fr_FR\" \/>\n<meta property=\"og:type\" content=\"article\" \/>\n<meta property=\"og:title\" content=\"Emplois de m\u00e9tiers sp\u00e9cialis\u00e9s et de maintenance\" \/>\n<meta property=\"og:description\" content=\"Nos \u00e9quipes de maintenance et de m\u00e9tiers sp\u00e9cialis\u00e9s contribuent au bon fonctionnement de nos usines. Trouvez d\u00e8s aujourd\u2019hui votre ...\" \/>\n<meta property=\"og:url\" content=\"https:\/\/www.mapleleaffoods.com\/fr\/carrieres\/cheminements-carriere\/metiers-specialises-maintenance\/\" \/>\n<meta property=\"og:site_name\" content=\"Les Aliments Maple Leaf\" \/>\n<meta property=\"article:modified_time\" content=\"2025-07-17T20:17:56+00:00\" \/>\n<meta property=\"og:image\" content=\"https:\/\/www.mapleleaffoods.com\/fr\/wp-content\/uploads\/sites\/7\/2025\/04\/Maintenance-Skilled-Trades-hero-image.jpg\" \/>\n\t<meta property=\"og:image:width\" content=\"1920\" \/>\n\t<meta property=\"og:image:height\" content=\"780\" \/>\n\t<meta property=\"og:image:type\" content=\"image\/jpeg\" \/>\n<meta name=\"twitter:card\" content=\"summary_large_image\" \/>\n<meta name=\"twitter:label1\" content=\"Dur\u00e9e de lecture estim\u00e9e\" \/>\n\t<meta name=\"twitter:data1\" content=\"3 minutes\" \/>\n<script type=\"application\/ld+json\" class=\"yoast-schema-graph\">{\"@context\":\"https:\/\/schema.org\",\"@graph\":[{\"@type\":\"WebPage\",\"@id\":\"https:\/\/www.mapleleaffoods.com\/fr\/carrieres\/cheminements-carriere\/metiers-specialises-maintenance\/\",\"url\":\"https:\/\/www.mapleleaffoods.com\/fr\/carrieres\/cheminements-carriere\/metiers-specialises-maintenance\/\",\"name\":\"Emplois de m\u00e9tiers sp\u00e9cialis\u00e9s et de maintenance\",\"isPartOf\":{\"@id\":\"https:\/\/www.mapleleaffoods.com\/fr\/#website\"},\"datePublished\":\"2025-04-14T18:18:21+00:00\",\"dateModified\":\"2025-07-17T20:17:56+00:00\",\"description\":\"Nos \u00e9quipes de maintenance et de m\u00e9tiers sp\u00e9cialis\u00e9s contribuent au bon fonctionnement de nos usines. Trouvez d\u00e8s aujourd\u2019hui votre ...\",\"breadcrumb\":{\"@id\":\"https:\/\/www.mapleleaffoods.com\/fr\/carrieres\/cheminements-carriere\/metiers-specialises-maintenance\/#breadcrumb\"},\"inLanguage\":\"fr-FR\",\"potentialAction\":[{\"@type\":\"ReadAction\",\"target\":[\"https:\/\/www.mapleleaffoods.com\/fr\/carrieres\/cheminements-carriere\/metiers-specialises-maintenance\/\"]}]},{\"@type\":\"BreadcrumbList\",\"@id\":\"https:\/\/www.mapleleaffoods.com\/fr\/carrieres\/cheminements-carriere\/metiers-specialises-maintenance\/#breadcrumb\",\"itemListElement\":[{\"@type\":\"ListItem\",\"position\":1,\"name\":\"Page d\u2019accueil\",\"item\":\"https:\/\/www.mapleleaffoods.com\/fr\/\"},{\"@type\":\"ListItem\",\"position\":2,\"name\":\"Carri\u00e8res\",\"item\":\"https:\/\/www.mapleleaffoods.com\/fr\/carrieres\/\"},{\"@type\":\"ListItem\",\"position\":3,\"name\":\"Cheminements de carri\u00e8re\",\"item\":\"https:\/\/www.mapleleaffoods.com\/fr\/carrieres\/cheminements-carriere\/\"},{\"@type\":\"ListItem\",\"position\":4,\"name\":\"Maintenance et m\u00e9tiers sp\u00e9cialis\u00e9s\"}]},{\"@type\":\"WebSite\",\"@id\":\"https:\/\/www.mapleleaffoods.com\/fr\/#website\",\"url\":\"https:\/\/www.mapleleaffoods.com\/fr\/\",\"name\":\"Les Aliments Maple Leaf\",\"description\":\"Premi\u00e8re grande entreprise alimentaire carboneutre au monde\",\"publisher\":{\"@id\":\"https:\/\/www.mapleleaffoods.com\/fr\/#organization\"},\"potentialAction\":[{\"@type\":\"SearchAction\",\"target\":{\"@type\":\"EntryPoint\",\"urlTemplate\":\"https:\/\/www.mapleleaffoods.com\/fr\/?s={search_term_string}\"},\"query-input\":\"required name=search_term_string\"}],\"inLanguage\":\"fr-FR\"},{\"@type\":\"Organization\",\"@id\":\"https:\/\/www.mapleleaffoods.com\/fr\/#organization\",\"name\":\"Les Aliments Maple Leaf\",\"url\":\"https:\/\/www.mapleleaffoods.com\/fr\/\",\"logo\":{\"@type\":\"ImageObject\",\"inLanguage\":\"fr-FR\",\"@id\":\"https:\/\/www.mapleleaffoods.com\/fr\/#\/schema\/logo\/image\/\",\"url\":\"https:\/\/www.mapleleaffoods.com\/fr\/wp-content\/uploads\/sites\/7\/2026\/02\/L_MapleLeaf_4C_White_v1_EN.png\",\"contentUrl\":\"https:\/\/www.mapleleaffoods.com\/fr\/wp-content\/uploads\/sites\/7\/2026\/02\/L_MapleLeaf_4C_White_v1_EN.png\",\"width\":1829,\"height\":2200,\"caption\":\"Les Aliments Maple Leaf\"},\"image\":{\"@id\":\"https:\/\/www.mapleleaffoods.com\/fr\/#\/schema\/logo\/image\/\"}}]}<\/script>\n<!-- \/ Yoast SEO plugin. -->","yoast_head_json":{"title":"Emplois de m\u00e9tiers sp\u00e9cialis\u00e9s et de maintenance","description":"Nos \u00e9quipes de maintenance et de m\u00e9tiers sp\u00e9cialis\u00e9s contribuent au bon fonctionnement de nos usines. Trouvez d\u00e8s aujourd\u2019hui votre ...","robots":{"index":"index","follow":"follow","max-snippet":"max-snippet:-1","max-image-preview":"max-image-preview:large","max-video-preview":"max-video-preview:-1"},"canonical":"https:\/\/www.mapleleaffoods.com\/fr\/carrieres\/cheminements-carriere\/metiers-specialises-maintenance\/","og_locale":"fr_FR","og_type":"article","og_title":"Emplois de m\u00e9tiers sp\u00e9cialis\u00e9s et de maintenance","og_description":"Nos \u00e9quipes de maintenance et de m\u00e9tiers sp\u00e9cialis\u00e9s contribuent au bon fonctionnement de nos usines. Trouvez d\u00e8s aujourd\u2019hui votre ...","og_url":"https:\/\/www.mapleleaffoods.com\/fr\/carrieres\/cheminements-carriere\/metiers-specialises-maintenance\/","og_site_name":"Les Aliments Maple Leaf","article_modified_time":"2025-07-17T20:17:56+00:00","og_image":[{"width":1920,"height":780,"url":"https:\/\/www.mapleleaffoods.com\/fr\/wp-content\/uploads\/sites\/7\/2025\/04\/Maintenance-Skilled-Trades-hero-image.jpg","type":"image\/jpeg"}],"twitter_card":"summary_large_image","twitter_misc":{"Dur\u00e9e de lecture estim\u00e9e":"3 minutes"},"schema":{"@context":"https:\/\/schema.org","@graph":[{"@type":"WebPage","@id":"https:\/\/www.mapleleaffoods.com\/fr\/carrieres\/cheminements-carriere\/metiers-specialises-maintenance\/","url":"https:\/\/www.mapleleaffoods.com\/fr\/carrieres\/cheminements-carriere\/metiers-specialises-maintenance\/","name":"Emplois de m\u00e9tiers sp\u00e9cialis\u00e9s et de maintenance","isPartOf":{"@id":"https:\/\/www.mapleleaffoods.com\/fr\/#website"},"datePublished":"2025-04-14T18:18:21+00:00","dateModified":"2025-07-17T20:17:56+00:00","description":"Nos \u00e9quipes de maintenance et de m\u00e9tiers sp\u00e9cialis\u00e9s contribuent au bon fonctionnement de nos usines. Trouvez d\u00e8s aujourd\u2019hui votre ...","breadcrumb":{"@id":"https:\/\/www.mapleleaffoods.com\/fr\/carrieres\/cheminements-carriere\/metiers-specialises-maintenance\/#breadcrumb"},"inLanguage":"fr-FR","potentialAction":[{"@type":"ReadAction","target":["https:\/\/www.mapleleaffoods.com\/fr\/carrieres\/cheminements-carriere\/metiers-specialises-maintenance\/"]}]},{"@type":"BreadcrumbList","@id":"https:\/\/www.mapleleaffoods.com\/fr\/carrieres\/cheminements-carriere\/metiers-specialises-maintenance\/#breadcrumb","itemListElement":[{"@type":"ListItem","position":1,"name":"Page d\u2019accueil","item":"https:\/\/www.mapleleaffoods.com\/fr\/"},{"@type":"ListItem","position":2,"name":"Carri\u00e8res","item":"https:\/\/www.mapleleaffoods.com\/fr\/carrieres\/"},{"@type":"ListItem","position":3,"name":"Cheminements de carri\u00e8re","item":"https:\/\/www.mapleleaffoods.com\/fr\/carrieres\/cheminements-carriere\/"},{"@type":"ListItem","position":4,"name":"Maintenance et m\u00e9tiers sp\u00e9cialis\u00e9s"}]},{"@type":"WebSite","@id":"https:\/\/www.mapleleaffoods.com\/fr\/#website","url":"https:\/\/www.mapleleaffoods.com\/fr\/","name":"Les Aliments Maple Leaf","description":"Premi\u00e8re grande entreprise alimentaire carboneutre au monde","publisher":{"@id":"https:\/\/www.mapleleaffoods.com\/fr\/#organization"},"potentialAction":[{"@type":"SearchAction","target":{"@type":"EntryPoint","urlTemplate":"https:\/\/www.mapleleaffoods.com\/fr\/?s={search_term_string}"},"query-input":"required name=search_term_string"}],"inLanguage":"fr-FR"},{"@type":"Organization","@id":"https:\/\/www.mapleleaffoods.com\/fr\/#organization","name":"Les Aliments Maple Leaf","url":"https:\/\/www.mapleleaffoods.com\/fr\/","logo":{"@type":"ImageObject","inLanguage":"fr-FR","@id":"https:\/\/www.mapleleaffoods.com\/fr\/#\/schema\/logo\/image\/","url":"https:\/\/www.mapleleaffoods.com\/fr\/wp-content\/uploads\/sites\/7\/2026\/02\/L_MapleLeaf_4C_White_v1_EN.png","contentUrl":"https:\/\/www.mapleleaffoods.com\/fr\/wp-content\/uploads\/sites\/7\/2026\/02\/L_MapleLeaf_4C_White_v1_EN.png","width":1829,"height":2200,"caption":"Les Aliments Maple Leaf"},"image":{"@id":"https:\/\/www.mapleleaffoods.com\/fr\/#\/schema\/logo\/image\/"}}]}},"jetpack_sharing_enabled":true,"_links":{"self":[{"href":"https:\/\/www.mapleleaffoods.com\/fr\/wp-json\/wp\/v2\/pages\/258977"}],"collection":[{"href":"https:\/\/www.mapleleaffoods.com\/fr\/wp-json\/wp\/v2\/pages"}],"about":[{"href":"https:\/\/www.mapleleaffoods.com\/fr\/wp-json\/wp\/v2\/types\/page"}],"author":[{"embeddable":true,"href":"https:\/\/www.mapleleaffoods.com\/fr\/wp-json\/wp\/v2\/users\/40"}],"replies":[{"embeddable":true,"href":"https:\/\/www.mapleleaffoods.com\/fr\/wp-json\/wp\/v2\/comments?post=258977"}],"version-history":[{"count":5,"href":"https:\/\/www.mapleleaffoods.com\/fr\/wp-json\/wp\/v2\/pages\/258977\/revisions"}],"predecessor-version":[{"id":259571,"href":"https:\/\/www.mapleleaffoods.com\/fr\/wp-json\/wp\/v2\/pages\/258977\/revisions\/259571"}],"up":[{"embeddable":true,"href":"https:\/\/www.mapleleaffoods.com\/fr\/wp-json\/wp\/v2\/pages\/246486"}],"wp:featuredmedia":[{"embeddable":true,"href":"https:\/\/www.mapleleaffoods.com\/fr\/wp-json\/wp\/v2\/media\/258978"}],"wp:attachment":[{"href":"https:\/\/www.mapleleaffoods.com\/fr\/wp-json\/wp\/v2\/media?parent=258977"}],"curies":[{"name":"wp","href":"https:\/\/api.w.org\/{rel}","templated":true}]}}