{"id":256491,"date":"2024-04-24T15:08:25","date_gmt":"2024-04-24T19:08:25","guid":{"rendered":"https:\/\/www.mapleleaffoods.com\/fr\/?page_id=256491"},"modified":"2025-07-24T15:15:50","modified_gmt":"2025-07-24T19:15:50","slug":"conservation-leau","status":"publish","type":"page","link":"https:\/\/www.mapleleaffoods.com\/fr\/nos-engagements\/environnement\/conservation-leau\/","title":{"rendered":"Conservation Leau"},"content":{"rendered":"\n<section class=\"wp-block-mlfcorp-level-one-header\"><span class=\"has-h-5-font-size\">Nous contribuons<\/span><h1 class=\"has-h-1-font-size\">\u00e0 la conservation et \u00e0 <mark class=\"has-inline-color has-corporate-dark-blue-color\">la protection de l\u2019eau<\/mark><\/h1><\/section>\n\n\n\t<style type=\"text\/css\">\n\t\t.wp-block-tk-spacer.id-19f3679d-9e1f-4caa-b177-e66721161082 {\n\t\theight: 200px;\n\t}\n\n\t@media ( max-width: 480px ) {\n\t\t.wp-block-tk-spacer.id-19f3679d-9e1f-4caa-b177-e66721161082 {\n\t\t\theight: 100px;\n\t\t}\n\t}\t<\/style>\n\t<div class=\"wp-block-tk-spacer id-19f3679d-9e1f-4caa-b177-e66721161082\" aria-hidden=\"true\"><\/div>\n\t\n\n\n<h2 class=\"wp-block-heading\">L\u2019eau est essentielle pour de nombreuses activit\u00e9s du syst\u00e8me alimentaire, y compris l\u2019agriculture, ainsi que la transformation des aliments et leur consommation.<\/h2>\n\n\n\t<style type=\"text\/css\">\n\t\t.wp-block-tk-spacer.id-53f3936d-1a52-44a4-9a3d-e409c2a61d1f {\n\t\theight: 200px;\n\t}\n\n\t@media ( max-width: 480px ) {\n\t\t.wp-block-tk-spacer.id-53f3936d-1a52-44a4-9a3d-e409c2a61d1f {\n\t\t\theight: 100px;\n\t\t}\n\t}\t<\/style>\n\t<div class=\"wp-block-tk-spacer id-53f3936d-1a52-44a4-9a3d-e409c2a61d1f\" aria-hidden=\"true\"><\/div>\n\t\n\n\n<div class=\"wp-block-mlfcorp-card-component-block card-component-container card-layout-horizontal card-position-center image-orientation-right\" style=\"padding-top:0\"><div class=\"grid align-middle\"><div class=\"sm-col-12 lg-col-7 lg-start-1 details-wrapper\"><div class=\"card-component-details align-middle image-orientation-right\"><div><h5 class=\"subtitle-heading\"><mark class=\"has-inline-color has-corporate-dark-blue-color\">La qualit\u00e9 et la disponibilit\u00e9 de l\u2019eau peuvent \u00e9galement \u00eatre fortement affect\u00e9es par l\u2019industrie alimentaire. C\u2019est pourquoi nous trouvons des solutions pour minimiser l\u2019utilisation de l\u2019eau dans nos activit\u00e9s et r\u00e9duire les incidences n\u00e9gatives sur les cours d\u2019eau locaux.<\/mark><\/h5><\/div><\/div><\/div><div class=\"sm-col-12 lg-col-5 image-wrapper\" style=\"margin-top:0\"><div class=\"card-image-container align-middle image-orientation-right\"><img decoding=\"async\" width=\"630\" height=\"546\" src=\"https:\/\/www.mapleleaffoods.com\/fr\/wp-content\/uploads\/sites\/7\/2024\/04\/MLF-Water-Treatment-Hamilton.jpg\" alt=\"MLF-Water-Treatment-Hamilton\" class=\"card-component-image has-border-radius wp-image-256537\" srcset=\"https:\/\/b3412141.smushcdn.com\/3412141\/wp-content\/uploads\/sites\/7\/2024\/04\/MLF-Water-Treatment-Hamilton.jpg?lossy=1&amp;strip=1&amp;webp=1 630w, https:\/\/b3412141.smushcdn.com\/3412141\/wp-content\/uploads\/sites\/7\/2024\/04\/MLF-Water-Treatment-Hamilton-300x260.jpg?lossy=1&amp;strip=1&amp;webp=1 300w\" sizes=\"(max-width: 630px) 100vw, 630px\" \/><button class=\"credit-text\"><span class=\"initial\">i<\/span><span class=\"secondary hide\">Water treatment facility | Hamilton manufacturing plant<\/span><\/button><\/div><\/div><\/div><\/div>\n\n\n\t<style type=\"text\/css\">\n\t\t.wp-block-tk-spacer.id-11e5898e-826a-498f-ac93-a13a278e33f7 {\n\t\theight: 200px;\n\t}\n\n\t@media ( max-width: 480px ) {\n\t\t.wp-block-tk-spacer.id-11e5898e-826a-498f-ac93-a13a278e33f7 {\n\t\t\theight: 100px;\n\t\t}\n\t}\t<\/style>\n\t<div class=\"wp-block-tk-spacer id-11e5898e-826a-498f-ac93-a13a278e33f7\" aria-hidden=\"true\"><\/div>\n\t\n\n\n<div class=\"wp-block-mlfcorp-card-component-block card-component-container card-layout-horizontal card-position-center image-orientation-left\" style=\"padding-top:0\"><div class=\"grid top\"><div class=\"sm-col-12 lg-col-5 lg-start-1 image-wrapper\"><div class=\"card-image-container top image-orientation-left\"><img decoding=\"async\" width=\"630\" height=\"546\" src=\"https:\/\/www.mapleleaffoods.com\/fr\/wp-content\/uploads\/sites\/7\/2024\/04\/water-treatment.png\" alt=\"Machines pour r\u00e9duire la consommation d'eau.\" class=\"card-component-image has-border-radius wp-image-256536\" srcset=\"https:\/\/b3412141.smushcdn.com\/3412141\/wp-content\/uploads\/sites\/7\/2024\/04\/water-treatment.png?lossy=1&amp;strip=1&amp;webp=1 630w, https:\/\/b3412141.smushcdn.com\/3412141\/wp-content\/uploads\/sites\/7\/2024\/04\/water-treatment-300x260.png?lossy=1&amp;strip=1&amp;webp=1 300w\" sizes=\"(max-width: 630px) 100vw, 630px\" \/><button class=\"credit-text\"><span class=\"initial\">i<\/span><span class=\"secondary hide\">Machines pour r\u00e9duire la consommation d'eau.<\/span><\/button><\/div><\/div><div class=\"\n\t\t\t\t\t\t\t\tsm-col-12 lg-col-7 details-wrapper\n\t\t\t\t\t\t\t\t\n\t\t\t\t\t\t\t\t\" style=\"margin-top:0\"><div class=\"card-component-details top image-orientation-left\"><div><h4 class=\"title-heading\">R\u00e9duction de la consommation d\u2019eau dans nos activit\u00e9s<\/h4><p class=\"card-component-text\">Les possibilit\u00e9s de conservation et de r\u00e9duction de la consommation d\u2019eau sont un \u00e9l\u00e9ment cl\u00e9 de notre programme d\u2019audit des services publics et du plan d\u2019action en mati\u00e8re de durabilit\u00e9 environnementale de chaque \u00e9tablissement. Au cours des derni\u00e8res ann\u00e9es, nous avons r\u00e9duit notre consommation d\u2019eau en mettant en \u0153uvre plusieurs initiatives, dont les suivantes\u00a0:<br>\u2022\u00a0\u00a0\u00a0\u00a0\u00a0\u00a0\u00a0\u00a0 Recirculation de l\u2019eau dans certains processus<br>\u2022\u00a0\u00a0\u00a0\u00a0\u00a0\u00a0\u00a0\u00a0 R\u00e9paration et modernisation des \u00e9quipements<br>\u2022\u00a0\u00a0\u00a0\u00a0\u00a0\u00a0\u00a0\u00a0 Adaptation de l\u2019utilisation de l\u2019eau en dehors des heures de production et lors de l\u2019entretien sanitaire<br>\u2022\u00a0\u00a0\u00a0\u00a0\u00a0\u00a0\u00a0\u00a0 Utilisation de pistolets d\u2019entretien sanitaire \u00e0 faible d\u00e9bit et d\u2019a\u00e9rateurs de haute technologie pour les stations de lavage des mains, sans compromettre la salubrit\u00e9 alimentaire<\/p><\/div><\/div><\/div><\/div><\/div>\n\n\n\t<style type=\"text\/css\">\n\t\t.wp-block-tk-spacer.id-bbdb61fd-8970-4be5-a9db-58d891822f85 {\n\t\theight: 200px;\n\t}\n\n\t@media ( max-width: 480px ) {\n\t\t.wp-block-tk-spacer.id-bbdb61fd-8970-4be5-a9db-58d891822f85 {\n\t\t\theight: 100px;\n\t\t}\n\t}\t<\/style>\n\t<div class=\"wp-block-tk-spacer id-bbdb61fd-8970-4be5-a9db-58d891822f85\" aria-hidden=\"true\"><\/div>\n\t\n\n\n<div class=\"wp-block-mlfcorp-card-component-block card-component-container card-layout-horizontal card-position-center image-orientation-right\" style=\"padding-top:0\"><div class=\"grid top\"><div class=\"sm-col-12 lg-col-7 lg-start-1 details-wrapper\"><div class=\"card-component-details top image-orientation-right\"><div><h4 class=\"title-heading\">Pr\u00e9vention du ruissellement \u00e0 partir des terres agricoles<\/h4><p class=\"card-component-text\">Les bonnes pratiques de gestion du fumier sont essentielles pour pr\u00e9venir le ruissellement \u00e0 partir des terres agricoles. L\u2019ensemble de nos installations de transformation, des fermes que nous poss\u00e9dons ou louons, des \u00e9leveurs contractuels tiers et des \u00e9tablissements o\u00f9 nous nous procurons des aliments pour animaux respectent la r\u00e9glementation environnementale stricte en vigueur dans leur r\u00e9gion. Cela permet de nous assurer que les bonnes pratiques de gestion du fumier sont respect\u00e9es et de minimiser ou pr\u00e9venir le ruissellement des nutriments et la pollution.<br>\u00a0<br>Pour la majorit\u00e9 des granges que nous poss\u00e9dons ou que nous louons, la gestion des nutriments du fumier est r\u00e9glement\u00e9e concernant l\u2019azote et le phosphore par le <em>R\u00e8glement sur la gestion des animaux morts et des d\u00e9jections du b\u00e9tail<\/em> en vertu de la <em>Loi sur l\u2019environnement<\/em> du Manitoba. Cette r\u00e9glementation \u00e9tablit des lignes directrices et des limites strictes pour l\u2019\u00e9pandage d\u2019azote et de phosphore, qui sont fond\u00e9es sur l\u2019\u00e9valuation de l\u2019aptitude des sols \u00e0 l\u2019agriculture. L\u2019\u00e9pandage d\u2019azote et de phosphore est compris dans les plans de gestion du fumier et des nutriments \u00e9labor\u00e9s par les agronomes. Il doit \u00eatre approuv\u00e9 par le gouvernement du Manitoba chaque fois que du fumier est \u00e9pandu sur des terres comme engrais.<br>\u00a0<br>L\u2019azote et le phosphore sont \u00e9pandus en fonction des nutriments pr\u00e9sents dans le sol, des nutriments contenus dans le fumier et des besoins en nutriments des cultures. Ils ne sont \u00e9pandus qu\u2019\u00e0 des taux et \u00e0 des moments pr\u00e9d\u00e9termin\u00e9s de l\u2019ann\u00e9e afin de garantir que les nutriments sont enti\u00e8rement int\u00e9gr\u00e9s dans le sol et d\u2019\u00e9viter le lessivage ou le ruissellement.<\/p><\/div><\/div><\/div><div class=\"sm-col-12 lg-col-5 image-wrapper\" style=\"margin-top:0\"><div class=\"card-image-container top image-orientation-right\"><img decoding=\"async\" width=\"630\" height=\"546\" src=\"https:\/\/www.mapleleaffoods.com\/fr\/wp-content\/uploads\/sites\/7\/2022\/11\/MLF-Sustainability-Farmer-in-Field-Environment.jpg\" alt=\"Agriculteur regardant sur un champ\" class=\"card-component-image has-border-radius wp-image-253571\" srcset=\"https:\/\/b3412141.smushcdn.com\/3412141\/wp-content\/uploads\/sites\/7\/2022\/11\/MLF-Sustainability-Farmer-in-Field-Environment.jpg?lossy=1&amp;strip=1&amp;webp=1 630w, https:\/\/b3412141.smushcdn.com\/3412141\/wp-content\/uploads\/sites\/7\/2022\/11\/MLF-Sustainability-Farmer-in-Field-Environment-300x260.jpg?lossy=1&amp;strip=1&amp;webp=1 300w\" sizes=\"(max-width: 630px) 100vw, 630px\" \/><button class=\"credit-text\"><span class=\"initial\">i<\/span><span class=\"secondary hide\">Agriculteur regardant sur un champ<\/span><\/button><\/div><\/div><\/div><\/div>\n\n\n\t<style type=\"text\/css\">\n\t\t.wp-block-tk-spacer.id-bd039559-361c-4a9d-8dd7-a29ce8828c50 {\n\t\theight: 200px;\n\t}\n\n\t@media ( max-width: 480px ) {\n\t\t.wp-block-tk-spacer.id-bd039559-361c-4a9d-8dd7-a29ce8828c50 {\n\t\t\theight: 100px;\n\t\t}\n\t}\t<\/style>\n\t<div class=\"wp-block-tk-spacer id-bd039559-361c-4a9d-8dd7-a29ce8828c50\" aria-hidden=\"true\"><\/div>\n\t\n\n\n<div class=\"wp-block-group is-style-border-radius has-ultra-light-green-background-color has-background is-layout-flow wp-block-group-is-layout-flow\">\t<style type=\"text\/css\">\n\t\t.wp-block-tk-spacer.id-c0ce90e0-707c-42e0-8c35-77e57a00359a {\n\t\theight: 60px;\n\t}\n\n\t@media ( max-width: 480px ) {\n\t\t.wp-block-tk-spacer.id-c0ce90e0-707c-42e0-8c35-77e57a00359a {\n\t\t\theight: 100px;\n\t\t}\n\t}\t<\/style>\n\t<div class=\"wp-block-tk-spacer id-c0ce90e0-707c-42e0-8c35-77e57a00359a\" aria-hidden=\"true\"><\/div>\n\t\n\n\n<div class=\"wp-block-columns is-layout-flex wp-container-core-columns-is-layout-1 wp-block-columns-is-layout-flex\">\n<div class=\"wp-block-column is-layout-flow wp-block-column-is-layout-flow\" style=\"flex-basis:58%\">\n<h3 class=\"wp-block-heading\"><font style=\"vertical-align: inherit\"><font style=\"vertical-align: inherit\">R<mark class=\"has-inline-color has-flag-blue-color\">apport int\u00e9gr\u00e9<\/mark><\/font><\/font><\/h3>\n\n\n\n<p>Nous documentons et calculons tous les changements que nous apportons. D\u00e9couvrez nos progr\u00e8s dans notre dernier rapport int\u00e9gr\u00e9.<\/p>\n<\/div>\n\n\n\n<div class=\"wp-block-column is-vertically-aligned-center is-layout-flow wp-block-column-is-layout-flow\" style=\"flex-basis:33%\">\n<div class=\"wp-block-buttons is-vertical is-content-justification-left is-layout-flex wp-container-core-buttons-is-layout-1 wp-block-buttons-is-layout-flex\">\n<div class=\"wp-block-button is-style-white top-right-arrow-icon\"><a class=\"wp-block-button__link wp-element-button\" href=\"https:\/\/www.mapleleaffoods.com\/fr\/wp-content\/uploads\/sites\/7\/2026\/01\/MLF_IntegratedReport_2024_FR-CA.pdf\" target=\"_blank\" rel=\"noreferrer noopener\" aria-label=\"Parution de notre premier rapport int\u00e9gr\u00e9\u00a02022\" download>Consulter le rapport<\/a><span class=\"file-size-button\">20 Mo<\/span><\/div>\n<\/div>\n<\/div>\n<\/div>\n\n\n\t<style type=\"text\/css\">\n\t\t.wp-block-tk-spacer.id-c762343c-8e83-4357-acac-0c4accae0173 {\n\t\theight: 60px;\n\t}\n\n\t@media ( max-width: 480px ) {\n\t\t.wp-block-tk-spacer.id-c762343c-8e83-4357-acac-0c4accae0173 {\n\t\t\theight: 100px;\n\t\t}\n\t}\t<\/style>\n\t<div class=\"wp-block-tk-spacer id-c762343c-8e83-4357-acac-0c4accae0173\" aria-hidden=\"true\"><\/div>\n\t<\/div>\n\n\n\t<style type=\"text\/css\">\n\t\t.wp-block-tk-spacer.id-7a397503-d98e-4437-ad93-dc32a26caa5c {\n\t\theight: 200px;\n\t}\n\n\t@media ( max-width: 480px ) {\n\t\t.wp-block-tk-spacer.id-7a397503-d98e-4437-ad93-dc32a26caa5c {\n\t\t\theight: 100px;\n\t\t}\n\t}\t<\/style>\n\t<div class=\"wp-block-tk-spacer id-7a397503-d98e-4437-ad93-dc32a26caa5c\" aria-hidden=\"true\"><\/div>\n\t\n\n\n\t\t<div class=\"pre-footer-block alignfull\">\n\t\t\t<div class=\"grid-container\">\n\t\t\t\t<div class=\"grid\">\n\t\t\t\t\t\t\t\t\t\t\t\t\t\t\t\t\t\t<div class=\"sm-col-12\tlg-col-11 lg-start-2\">\n\t\t\t\t\t\t\t\t\n<p class=\"pre-footer-surtitle\">Davantage dans<\/p>\n\n<h2 class=\"pre-footer-title\">nos engagements<\/h2>\n\t\t\t\t\t\t\t<\/div>\n\t\t\t\t\t\t\t\t\t\t\t\t\t\t\t\t\t<ul class=\"is-style-pre-footer sm-col-12 lg-col-4 lg-start-2\">\n\t\t\t\t\t\t\t\t\t\t\t\t\t\t\t\t\t\t\t<li><a href=\"https:\/\/www.mapleleaffoods.com\/fr\/nos-engagements\/environnement\/\">Environnement<\/a><\/li>\n\t\t\t\t\t\t\t\t\t\t\t\t\t\t\t\t\t\t\t\t\t\t\t<li><a href=\"https:\/\/www.mapleleaffoods.com\/fr\/nos-engagements\/soins-animaux\/\">Soins des animaux<\/a><\/li>\n\t\t\t\t\t\t\t\t\t\t\t\t\t\t\t\t\t\t\t\t\t\t\t<li><a href=\"https:\/\/www.mapleleaffoods.com\/fr\/nos-engagements\/de-bons-aliments\/\">De bons aliments<\/a><\/li>\n\t\t\t\t\t\t\t\t\t\t\t\t\t\t\t\t\t<\/ul>\n\t\t\t\t\t\t<ul class=\"is-style-pre-footer sm-col-12 lg-col-4\">\n\t\t\t\t\t\t\t\t\t\t\t\t\t\t\t\t\t\t<li><a href=\"https:\/\/www.mapleleaffoods.com\/fr\/nos-engagements\/aliments-salubres\/\">Des aliments salubres<\/a><\/li>\n\t\t\t\t\t\t\t\t\t\t\t\t\t\t\t\t\t\t\t\t\t<li><a href=\"https:\/\/www.mapleleaffoods.com\/fr\/nos-engagements\/personnel\/\">Personnel<\/a><\/li>\n\t\t\t\t\t\t\t\t\t\t\t\t\t\t\t\t\t\t\t\t\t<li><a href=\"https:\/\/www.mapleleaffoods.com\/fr\/nos-engagements\/collectivites\/\">Collectivit\u00e9s<\/a><\/li>\n\t\t\t\t\t\t\t\t\t\t\t\t\t\t\t\t<\/ul>\n\t\t\t\t\t\t\t\t\t<\/div>\n\t\t\t<\/div>\n\t\t<\/div>\n\t\t","protected":false},"excerpt":{"rendered":"<p>L\u2019eau est essentielle pour de nombreuses activit\u00e9s du syst\u00e8me alimentaire, y compris l\u2019agriculture, ainsi que la transformation des aliments et [&hellip;]<\/p>\n","protected":false},"author":40,"featured_media":0,"parent":247389,"menu_order":2,"comment_status":"closed","ping_status":"closed","template":"","meta":{"mlfcorp_iframe_url":"","footnotes":""},"class_list":["post-256491","page","type-page","status-publish","hentry"],"acf":[],"yoast_head":"<!-- This site is optimized with the Yoast SEO plugin v21.7 - https:\/\/yoast.com\/wordpress\/plugins\/seo\/ -->\n<title>Conservation de l\u2019eau | Les Aliments Maple Leaf<\/title>\n<meta name=\"description\" content=\"Nous faisons la promotion d\u2019un syst\u00e8me alimentaire et de solutions durables en mati\u00e8re de retomb\u00e9es environnementales pour une meilleure conservation de l\u2019eau.\" \/>\n<meta name=\"robots\" content=\"index, follow, max-snippet:-1, max-image-preview:large, max-video-preview:-1\" \/>\n<link rel=\"canonical\" href=\"https:\/\/www.mapleleaffoods.com\/fr\/nos-engagements\/environnement\/conservation-leau\/\" \/>\n<meta property=\"og:locale\" content=\"fr_FR\" \/>\n<meta property=\"og:type\" content=\"article\" \/>\n<meta property=\"og:title\" content=\"Conservation de l\u2019eau | Les Aliments Maple Leaf\" \/>\n<meta property=\"og:description\" content=\"Nous faisons la promotion d\u2019un syst\u00e8me alimentaire et de solutions durables en mati\u00e8re de retomb\u00e9es environnementales pour une meilleure conservation de l\u2019eau.\" \/>\n<meta property=\"og:url\" content=\"https:\/\/www.mapleleaffoods.com\/fr\/nos-engagements\/environnement\/conservation-leau\/\" \/>\n<meta property=\"og:site_name\" content=\"Les Aliments Maple Leaf\" \/>\n<meta property=\"article:modified_time\" content=\"2025-07-24T19:15:50+00:00\" \/>\n<meta property=\"og:image\" content=\"https:\/\/www.mapleleaffoods.com\/fr\/wp-content\/uploads\/sites\/7\/2024\/04\/MLF-Water-Treatment-Hamilton.jpg\" \/>\n<meta name=\"twitter:card\" content=\"summary_large_image\" \/>\n<meta name=\"twitter:label1\" content=\"Dur\u00e9e de lecture estim\u00e9e\" \/>\n\t<meta name=\"twitter:data1\" content=\"3 minutes\" \/>\n<script type=\"application\/ld+json\" class=\"yoast-schema-graph\">{\"@context\":\"https:\/\/schema.org\",\"@graph\":[{\"@type\":\"WebPage\",\"@id\":\"https:\/\/www.mapleleaffoods.com\/fr\/nos-engagements\/environnement\/conservation-leau\/\",\"url\":\"https:\/\/www.mapleleaffoods.com\/fr\/nos-engagements\/environnement\/conservation-leau\/\",\"name\":\"Conservation de l\u2019eau | Les Aliments Maple Leaf\",\"isPartOf\":{\"@id\":\"https:\/\/www.mapleleaffoods.com\/fr\/#website\"},\"datePublished\":\"2024-04-24T19:08:25+00:00\",\"dateModified\":\"2025-07-24T19:15:50+00:00\",\"description\":\"Nous faisons la promotion d\u2019un syst\u00e8me alimentaire et de solutions durables en mati\u00e8re de retomb\u00e9es environnementales pour une meilleure conservation de l\u2019eau.\",\"breadcrumb\":{\"@id\":\"https:\/\/www.mapleleaffoods.com\/fr\/nos-engagements\/environnement\/conservation-leau\/#breadcrumb\"},\"inLanguage\":\"fr-FR\",\"potentialAction\":[{\"@type\":\"ReadAction\",\"target\":[\"https:\/\/www.mapleleaffoods.com\/fr\/nos-engagements\/environnement\/conservation-leau\/\"]}]},{\"@type\":\"BreadcrumbList\",\"@id\":\"https:\/\/www.mapleleaffoods.com\/fr\/nos-engagements\/environnement\/conservation-leau\/#breadcrumb\",\"itemListElement\":[{\"@type\":\"ListItem\",\"position\":1,\"name\":\"Page d\u2019accueil\",\"item\":\"https:\/\/www.mapleleaffoods.com\/fr\/\"},{\"@type\":\"ListItem\",\"position\":2,\"name\":\"Nos engagements\",\"item\":\"https:\/\/www.mapleleaffoods.com\/fr\/nos-engagements\/\"},{\"@type\":\"ListItem\",\"position\":3,\"name\":\"Environnement\",\"item\":\"https:\/\/www.mapleleaffoods.com\/fr\/nos-engagements\/environnement\/\"},{\"@type\":\"ListItem\",\"position\":4,\"name\":\"Conservation Leau\"}]},{\"@type\":\"WebSite\",\"@id\":\"https:\/\/www.mapleleaffoods.com\/fr\/#website\",\"url\":\"https:\/\/www.mapleleaffoods.com\/fr\/\",\"name\":\"Les Aliments Maple Leaf\",\"description\":\"Premi\u00e8re grande entreprise alimentaire carboneutre au monde\",\"publisher\":{\"@id\":\"https:\/\/www.mapleleaffoods.com\/fr\/#organization\"},\"potentialAction\":[{\"@type\":\"SearchAction\",\"target\":{\"@type\":\"EntryPoint\",\"urlTemplate\":\"https:\/\/www.mapleleaffoods.com\/fr\/?s={search_term_string}\"},\"query-input\":\"required name=search_term_string\"}],\"inLanguage\":\"fr-FR\"},{\"@type\":\"Organization\",\"@id\":\"https:\/\/www.mapleleaffoods.com\/fr\/#organization\",\"name\":\"Les Aliments Maple Leaf\",\"url\":\"https:\/\/www.mapleleaffoods.com\/fr\/\",\"logo\":{\"@type\":\"ImageObject\",\"inLanguage\":\"fr-FR\",\"@id\":\"https:\/\/www.mapleleaffoods.com\/fr\/#\/schema\/logo\/image\/\",\"url\":\"https:\/\/www.mapleleaffoods.com\/fr\/wp-content\/uploads\/sites\/7\/2026\/02\/L_MapleLeaf_4C_White_v1_EN.png\",\"contentUrl\":\"https:\/\/www.mapleleaffoods.com\/fr\/wp-content\/uploads\/sites\/7\/2026\/02\/L_MapleLeaf_4C_White_v1_EN.png\",\"width\":1829,\"height\":2200,\"caption\":\"Les Aliments Maple Leaf\"},\"image\":{\"@id\":\"https:\/\/www.mapleleaffoods.com\/fr\/#\/schema\/logo\/image\/\"}}]}<\/script>\n<!-- \/ Yoast SEO plugin. -->","yoast_head_json":{"title":"Conservation de l\u2019eau | Les Aliments Maple Leaf","description":"Nous faisons la promotion d\u2019un syst\u00e8me alimentaire et de solutions durables en mati\u00e8re de retomb\u00e9es environnementales pour une meilleure conservation de l\u2019eau.","robots":{"index":"index","follow":"follow","max-snippet":"max-snippet:-1","max-image-preview":"max-image-preview:large","max-video-preview":"max-video-preview:-1"},"canonical":"https:\/\/www.mapleleaffoods.com\/fr\/nos-engagements\/environnement\/conservation-leau\/","og_locale":"fr_FR","og_type":"article","og_title":"Conservation de l\u2019eau | Les Aliments Maple Leaf","og_description":"Nous faisons la promotion d\u2019un syst\u00e8me alimentaire et de solutions durables en mati\u00e8re de retomb\u00e9es environnementales pour une meilleure conservation de l\u2019eau.","og_url":"https:\/\/www.mapleleaffoods.com\/fr\/nos-engagements\/environnement\/conservation-leau\/","og_site_name":"Les Aliments Maple Leaf","article_modified_time":"2025-07-24T19:15:50+00:00","og_image":[{"url":"https:\/\/www.mapleleaffoods.com\/fr\/wp-content\/uploads\/sites\/7\/2024\/04\/MLF-Water-Treatment-Hamilton.jpg"}],"twitter_card":"summary_large_image","twitter_misc":{"Dur\u00e9e de lecture estim\u00e9e":"3 minutes"},"schema":{"@context":"https:\/\/schema.org","@graph":[{"@type":"WebPage","@id":"https:\/\/www.mapleleaffoods.com\/fr\/nos-engagements\/environnement\/conservation-leau\/","url":"https:\/\/www.mapleleaffoods.com\/fr\/nos-engagements\/environnement\/conservation-leau\/","name":"Conservation de l\u2019eau | Les Aliments Maple Leaf","isPartOf":{"@id":"https:\/\/www.mapleleaffoods.com\/fr\/#website"},"datePublished":"2024-04-24T19:08:25+00:00","dateModified":"2025-07-24T19:15:50+00:00","description":"Nous faisons la promotion d\u2019un syst\u00e8me alimentaire et de solutions durables en mati\u00e8re de retomb\u00e9es environnementales pour une meilleure conservation de l\u2019eau.","breadcrumb":{"@id":"https:\/\/www.mapleleaffoods.com\/fr\/nos-engagements\/environnement\/conservation-leau\/#breadcrumb"},"inLanguage":"fr-FR","potentialAction":[{"@type":"ReadAction","target":["https:\/\/www.mapleleaffoods.com\/fr\/nos-engagements\/environnement\/conservation-leau\/"]}]},{"@type":"BreadcrumbList","@id":"https:\/\/www.mapleleaffoods.com\/fr\/nos-engagements\/environnement\/conservation-leau\/#breadcrumb","itemListElement":[{"@type":"ListItem","position":1,"name":"Page d\u2019accueil","item":"https:\/\/www.mapleleaffoods.com\/fr\/"},{"@type":"ListItem","position":2,"name":"Nos engagements","item":"https:\/\/www.mapleleaffoods.com\/fr\/nos-engagements\/"},{"@type":"ListItem","position":3,"name":"Environnement","item":"https:\/\/www.mapleleaffoods.com\/fr\/nos-engagements\/environnement\/"},{"@type":"ListItem","position":4,"name":"Conservation Leau"}]},{"@type":"WebSite","@id":"https:\/\/www.mapleleaffoods.com\/fr\/#website","url":"https:\/\/www.mapleleaffoods.com\/fr\/","name":"Les Aliments Maple Leaf","description":"Premi\u00e8re grande entreprise alimentaire carboneutre au monde","publisher":{"@id":"https:\/\/www.mapleleaffoods.com\/fr\/#organization"},"potentialAction":[{"@type":"SearchAction","target":{"@type":"EntryPoint","urlTemplate":"https:\/\/www.mapleleaffoods.com\/fr\/?s={search_term_string}"},"query-input":"required name=search_term_string"}],"inLanguage":"fr-FR"},{"@type":"Organization","@id":"https:\/\/www.mapleleaffoods.com\/fr\/#organization","name":"Les Aliments Maple Leaf","url":"https:\/\/www.mapleleaffoods.com\/fr\/","logo":{"@type":"ImageObject","inLanguage":"fr-FR","@id":"https:\/\/www.mapleleaffoods.com\/fr\/#\/schema\/logo\/image\/","url":"https:\/\/www.mapleleaffoods.com\/fr\/wp-content\/uploads\/sites\/7\/2026\/02\/L_MapleLeaf_4C_White_v1_EN.png","contentUrl":"https:\/\/www.mapleleaffoods.com\/fr\/wp-content\/uploads\/sites\/7\/2026\/02\/L_MapleLeaf_4C_White_v1_EN.png","width":1829,"height":2200,"caption":"Les Aliments Maple Leaf"},"image":{"@id":"https:\/\/www.mapleleaffoods.com\/fr\/#\/schema\/logo\/image\/"}}]}},"jetpack_sharing_enabled":true,"_links":{"self":[{"href":"https:\/\/www.mapleleaffoods.com\/fr\/wp-json\/wp\/v2\/pages\/256491"}],"collection":[{"href":"https:\/\/www.mapleleaffoods.com\/fr\/wp-json\/wp\/v2\/pages"}],"about":[{"href":"https:\/\/www.mapleleaffoods.com\/fr\/wp-json\/wp\/v2\/types\/page"}],"author":[{"embeddable":true,"href":"https:\/\/www.mapleleaffoods.com\/fr\/wp-json\/wp\/v2\/users\/40"}],"replies":[{"embeddable":true,"href":"https:\/\/www.mapleleaffoods.com\/fr\/wp-json\/wp\/v2\/comments?post=256491"}],"version-history":[{"count":9,"href":"https:\/\/www.mapleleaffoods.com\/fr\/wp-json\/wp\/v2\/pages\/256491\/revisions"}],"predecessor-version":[{"id":259631,"href":"https:\/\/www.mapleleaffoods.com\/fr\/wp-json\/wp\/v2\/pages\/256491\/revisions\/259631"}],"up":[{"embeddable":true,"href":"https:\/\/www.mapleleaffoods.com\/fr\/wp-json\/wp\/v2\/pages\/247389"}],"wp:attachment":[{"href":"https:\/\/www.mapleleaffoods.com\/fr\/wp-json\/wp\/v2\/media?parent=256491"}],"curies":[{"name":"wp","href":"https:\/\/api.w.org\/{rel}","templated":true}]}}