{"id":255161,"date":"2023-07-25T11:46:29","date_gmt":"2023-07-25T15:46:29","guid":{"rendered":"https:\/\/www.mapleleaffoods.com\/fr\/?page_id=255161"},"modified":"2023-10-27T09:34:05","modified_gmt":"2023-10-27T13:34:05","slug":"reglement-interne-relatif-aux-medias-sociaux","status":"publish","type":"page","link":"https:\/\/www.mapleleaffoods.com\/fr\/reglement-interne-relatif-aux-medias-sociaux\/","title":{"rendered":"R\u00e8glement interne relatif aux m\u00e9dias sociaux"},"content":{"rendered":"\n<p>Les Aliments Maple Leaf poss\u00e8de des profils officiels de l\u2019entreprise sur les m\u00e9dias sociaux, soit <a href=\"https:\/\/twitter.com\/MapleLeafFoods\">Twitter<\/a> et <a href=\"https:\/\/www.linkedin.com\/company\/maple-leaf-foods\">LinkedIn<\/a>. Nos r\u00e8glements en mati\u00e8re de m\u00e9dias sociaux \u00e9tablissent les attentes quant \u00e0 la fa\u00e7on dont nous souhaitons que nos abonn\u00e9s, y compris les membres de l'\u00e9quipe actuels et potentiels, se comportent en ligne lorsqu'ils interagissent avec nous sur les m\u00e9dias sociaux.<\/p>\n\n\n\n<p>Dans le cadre de notre engagement envers nos abonn\u00e9s, nous ferons de notre mieux pour nous assurer que tous les commentaires, photos, vid\u00e9os et autres documents publi\u00e9s sur nos comptes de m\u00e9dias sociaux sont align\u00e9s sur la cr\u00e9ation d'une exp\u00e9rience en ligne positive et agr\u00e9able.<\/p>\n\n\n\n<p>Il est important de noter que les commentaires, les publications, les balises ou les mentions concernant les Aliments Maple Leaf ou nos marques ne refl\u00e8tent pas n\u00e9cessairement les opinions ou les id\u00e9es des Aliments Maple Leaf, de leurs employ\u00e9s ou de leurs soci\u00e9t\u00e9s affili\u00e9es, et que les Aliments Maple Leaf n'est pas responsable de ce type de contenu.<\/p>\n\n\n\n<p>Malgr\u00e9 tous nos efforts, nous ne pouvons malheureusement pas surveiller chaque message ou commentaire \u00e9mis au sujet des Aliments Maple Leaf. Nous vous demandons de respecter notre communaut\u00e9 et ses membres en vous conformant aux conditions d'utilisation de Twitter et de LinkedIn, ainsi qu'au r\u00e8glement interne de nos comptes de m\u00e9dias sociaux.<\/p>\n\n\n\n<p><strong>Cela signifie que vous devez \u00e9viter de publier des messages qui sont&nbsp;:<\/strong><\/p>\n\n\n<div class=\"wp-list-block\">\n<ul class=\"wp-block-list\">\n<li>Insultants, diffamatoires ou obsc\u00e8nes<\/li>\n\n\n\n<li>Faux, frauduleux, trompeurs ou mensongers<\/li>\n\n\n\n<li>Sexistes, homophobes, racistes ou autrement r\u00e9pr\u00e9hensibles<\/li>\n\n\n\n<li>Commentaires ou messages non sollicit\u00e9s de type pourriel&nbsp;<\/li>\n\n\n\n<li>En violation de tout droit de propri\u00e9t\u00e9 intellectuelle&nbsp;<\/li>\n\n\n\n<li>En violation d'une loi ou d'un r\u00e8glement<\/li>\n\n\n\n<li>Offensants d'un point de vue graphique ou sur le plan du ton<\/li>\n<\/ul>\n<\/div>\n\n\n<p>Nous nous r\u00e9servons le droit de supprimer les commentaires qui ne sont pas conformes \u00e0 cette politique.<\/p>\n\n\n\n<p>Si vous souhaitez discuter d'un probl\u00e8me concernant un produit sp\u00e9cifique, nous vous invitons \u00e0 nous contacter :<\/p>\n\n\n<div class=\"wp-list-block\">\n<ul class=\"wp-block-list\">\n<li><strong>En ligne :<\/strong> <a href=\"https:\/\/www.mapleleaffoods.com\/fr\/contactez-nous\/\">Contactez-nous, nous voulons aider | Les Aliments Maple Leaf (mapleleaffoods.com)<\/a><\/li>\n\n\n\n<li><strong>Par t\u00e9l\u00e9phone :<\/strong> 1 800 268-3708<\/li>\n<\/ul>\n<\/div>\n\n\n<p>Nous vous remercions \u00e0 nouveau de l'int\u00e9r\u00eat que vous portez aux Aliments Maple Leaf - nous avons h\u00e2te de vous accueillir dans nos communaut\u00e9s en ligne!<\/p>\n","protected":false},"excerpt":{"rendered":"<p>Les Aliments Maple Leaf poss\u00e8de des profils officiels de l\u2019entreprise sur les m\u00e9dias sociaux, soit Twitter et LinkedIn. Nos r\u00e8glements [&hellip;]<\/p>\n","protected":false},"author":34,"featured_media":0,"parent":0,"menu_order":0,"comment_status":"closed","ping_status":"closed","template":"templates\/template-utility-page.php","meta":{"mlfcorp_iframe_url":"","footnotes":""},"class_list":["post-255161","page","type-page","status-publish","hentry"],"acf":[],"yoast_head":"<!-- This site is optimized with the Yoast SEO plugin v21.7 - https:\/\/yoast.com\/wordpress\/plugins\/seo\/ -->\n<title>R\u00e8glement interne relatif aux m\u00e9dias sociaux | Les Aliments Maple Leaf<\/title>\n<meta name=\"description\" content=\"D\u00e9couvrez nos r\u00e8gles internes sur les r\u00e9seaux sociaux, un comportement en ligne respectueux attendu de tous les abonn\u00e9s...\" \/>\n<meta name=\"robots\" content=\"index, follow, max-snippet:-1, max-image-preview:large, max-video-preview:-1\" \/>\n<link rel=\"canonical\" href=\"https:\/\/www.mapleleaffoods.com\/fr\/reglement-interne-relatif-aux-medias-sociaux\/\" \/>\n<meta property=\"og:locale\" content=\"fr_FR\" \/>\n<meta property=\"og:type\" content=\"article\" \/>\n<meta property=\"og:title\" content=\"R\u00e8glement interne relatif aux m\u00e9dias sociaux | Les Aliments Maple Leaf\" \/>\n<meta property=\"og:description\" content=\"D\u00e9couvrez nos r\u00e8gles internes sur les r\u00e9seaux sociaux, un comportement en ligne respectueux attendu de tous les abonn\u00e9s...\" \/>\n<meta property=\"og:url\" content=\"https:\/\/www.mapleleaffoods.com\/fr\/reglement-interne-relatif-aux-medias-sociaux\/\" \/>\n<meta property=\"og:site_name\" content=\"Les Aliments Maple Leaf\" \/>\n<meta property=\"article:modified_time\" content=\"2023-10-27T13:34:05+00:00\" \/>\n<meta name=\"twitter:card\" content=\"summary_large_image\" \/>\n<meta name=\"twitter:label1\" content=\"Dur\u00e9e de lecture estim\u00e9e\" \/>\n\t<meta name=\"twitter:data1\" content=\"2 minutes\" \/>\n<script type=\"application\/ld+json\" class=\"yoast-schema-graph\">{\"@context\":\"https:\/\/schema.org\",\"@graph\":[{\"@type\":\"WebPage\",\"@id\":\"https:\/\/www.mapleleaffoods.com\/fr\/reglement-interne-relatif-aux-medias-sociaux\/\",\"url\":\"https:\/\/www.mapleleaffoods.com\/fr\/reglement-interne-relatif-aux-medias-sociaux\/\",\"name\":\"R\u00e8glement interne relatif aux m\u00e9dias sociaux | Les Aliments Maple Leaf\",\"isPartOf\":{\"@id\":\"https:\/\/www.mapleleaffoods.com\/fr\/#website\"},\"datePublished\":\"2023-07-25T15:46:29+00:00\",\"dateModified\":\"2023-10-27T13:34:05+00:00\",\"description\":\"D\u00e9couvrez nos r\u00e8gles internes sur les r\u00e9seaux sociaux, un comportement en ligne respectueux attendu de tous les abonn\u00e9s...\",\"breadcrumb\":{\"@id\":\"https:\/\/www.mapleleaffoods.com\/fr\/reglement-interne-relatif-aux-medias-sociaux\/#breadcrumb\"},\"inLanguage\":\"fr-FR\",\"potentialAction\":[{\"@type\":\"ReadAction\",\"target\":[\"https:\/\/www.mapleleaffoods.com\/fr\/reglement-interne-relatif-aux-medias-sociaux\/\"]}]},{\"@type\":\"BreadcrumbList\",\"@id\":\"https:\/\/www.mapleleaffoods.com\/fr\/reglement-interne-relatif-aux-medias-sociaux\/#breadcrumb\",\"itemListElement\":[{\"@type\":\"ListItem\",\"position\":1,\"name\":\"Page d\u2019accueil\",\"item\":\"https:\/\/www.mapleleaffoods.com\/fr\/\"},{\"@type\":\"ListItem\",\"position\":2,\"name\":\"R\u00e8glement interne relatif aux m\u00e9dias sociaux\"}]},{\"@type\":\"WebSite\",\"@id\":\"https:\/\/www.mapleleaffoods.com\/fr\/#website\",\"url\":\"https:\/\/www.mapleleaffoods.com\/fr\/\",\"name\":\"Les Aliments Maple Leaf\",\"description\":\"Premi\u00e8re grande entreprise alimentaire carboneutre au monde\",\"publisher\":{\"@id\":\"https:\/\/www.mapleleaffoods.com\/fr\/#organization\"},\"potentialAction\":[{\"@type\":\"SearchAction\",\"target\":{\"@type\":\"EntryPoint\",\"urlTemplate\":\"https:\/\/www.mapleleaffoods.com\/fr\/?s={search_term_string}\"},\"query-input\":\"required name=search_term_string\"}],\"inLanguage\":\"fr-FR\"},{\"@type\":\"Organization\",\"@id\":\"https:\/\/www.mapleleaffoods.com\/fr\/#organization\",\"name\":\"Les Aliments Maple Leaf\",\"url\":\"https:\/\/www.mapleleaffoods.com\/fr\/\",\"logo\":{\"@type\":\"ImageObject\",\"inLanguage\":\"fr-FR\",\"@id\":\"https:\/\/www.mapleleaffoods.com\/fr\/#\/schema\/logo\/image\/\",\"url\":\"https:\/\/www.mapleleaffoods.com\/fr\/wp-content\/uploads\/sites\/7\/2026\/02\/L_MapleLeaf_4C_White_v1_EN.png\",\"contentUrl\":\"https:\/\/www.mapleleaffoods.com\/fr\/wp-content\/uploads\/sites\/7\/2026\/02\/L_MapleLeaf_4C_White_v1_EN.png\",\"width\":1829,\"height\":2200,\"caption\":\"Les Aliments Maple Leaf\"},\"image\":{\"@id\":\"https:\/\/www.mapleleaffoods.com\/fr\/#\/schema\/logo\/image\/\"}}]}<\/script>\n<!-- \/ Yoast SEO plugin. -->","yoast_head_json":{"title":"R\u00e8glement interne relatif aux m\u00e9dias sociaux | Les Aliments Maple Leaf","description":"D\u00e9couvrez nos r\u00e8gles internes sur les r\u00e9seaux sociaux, un comportement en ligne respectueux attendu de tous les abonn\u00e9s...","robots":{"index":"index","follow":"follow","max-snippet":"max-snippet:-1","max-image-preview":"max-image-preview:large","max-video-preview":"max-video-preview:-1"},"canonical":"https:\/\/www.mapleleaffoods.com\/fr\/reglement-interne-relatif-aux-medias-sociaux\/","og_locale":"fr_FR","og_type":"article","og_title":"R\u00e8glement interne relatif aux m\u00e9dias sociaux | Les Aliments Maple Leaf","og_description":"D\u00e9couvrez nos r\u00e8gles internes sur les r\u00e9seaux sociaux, un comportement en ligne respectueux attendu de tous les abonn\u00e9s...","og_url":"https:\/\/www.mapleleaffoods.com\/fr\/reglement-interne-relatif-aux-medias-sociaux\/","og_site_name":"Les Aliments Maple Leaf","article_modified_time":"2023-10-27T13:34:05+00:00","twitter_card":"summary_large_image","twitter_misc":{"Dur\u00e9e de lecture estim\u00e9e":"2 minutes"},"schema":{"@context":"https:\/\/schema.org","@graph":[{"@type":"WebPage","@id":"https:\/\/www.mapleleaffoods.com\/fr\/reglement-interne-relatif-aux-medias-sociaux\/","url":"https:\/\/www.mapleleaffoods.com\/fr\/reglement-interne-relatif-aux-medias-sociaux\/","name":"R\u00e8glement interne relatif aux m\u00e9dias sociaux | Les Aliments Maple Leaf","isPartOf":{"@id":"https:\/\/www.mapleleaffoods.com\/fr\/#website"},"datePublished":"2023-07-25T15:46:29+00:00","dateModified":"2023-10-27T13:34:05+00:00","description":"D\u00e9couvrez nos r\u00e8gles internes sur les r\u00e9seaux sociaux, un comportement en ligne respectueux attendu de tous les abonn\u00e9s...","breadcrumb":{"@id":"https:\/\/www.mapleleaffoods.com\/fr\/reglement-interne-relatif-aux-medias-sociaux\/#breadcrumb"},"inLanguage":"fr-FR","potentialAction":[{"@type":"ReadAction","target":["https:\/\/www.mapleleaffoods.com\/fr\/reglement-interne-relatif-aux-medias-sociaux\/"]}]},{"@type":"BreadcrumbList","@id":"https:\/\/www.mapleleaffoods.com\/fr\/reglement-interne-relatif-aux-medias-sociaux\/#breadcrumb","itemListElement":[{"@type":"ListItem","position":1,"name":"Page d\u2019accueil","item":"https:\/\/www.mapleleaffoods.com\/fr\/"},{"@type":"ListItem","position":2,"name":"R\u00e8glement interne relatif aux m\u00e9dias sociaux"}]},{"@type":"WebSite","@id":"https:\/\/www.mapleleaffoods.com\/fr\/#website","url":"https:\/\/www.mapleleaffoods.com\/fr\/","name":"Les Aliments Maple Leaf","description":"Premi\u00e8re grande entreprise alimentaire carboneutre au monde","publisher":{"@id":"https:\/\/www.mapleleaffoods.com\/fr\/#organization"},"potentialAction":[{"@type":"SearchAction","target":{"@type":"EntryPoint","urlTemplate":"https:\/\/www.mapleleaffoods.com\/fr\/?s={search_term_string}"},"query-input":"required name=search_term_string"}],"inLanguage":"fr-FR"},{"@type":"Organization","@id":"https:\/\/www.mapleleaffoods.com\/fr\/#organization","name":"Les Aliments Maple Leaf","url":"https:\/\/www.mapleleaffoods.com\/fr\/","logo":{"@type":"ImageObject","inLanguage":"fr-FR","@id":"https:\/\/www.mapleleaffoods.com\/fr\/#\/schema\/logo\/image\/","url":"https:\/\/www.mapleleaffoods.com\/fr\/wp-content\/uploads\/sites\/7\/2026\/02\/L_MapleLeaf_4C_White_v1_EN.png","contentUrl":"https:\/\/www.mapleleaffoods.com\/fr\/wp-content\/uploads\/sites\/7\/2026\/02\/L_MapleLeaf_4C_White_v1_EN.png","width":1829,"height":2200,"caption":"Les Aliments Maple Leaf"},"image":{"@id":"https:\/\/www.mapleleaffoods.com\/fr\/#\/schema\/logo\/image\/"}}]}},"jetpack_sharing_enabled":true,"_links":{"self":[{"href":"https:\/\/www.mapleleaffoods.com\/fr\/wp-json\/wp\/v2\/pages\/255161"}],"collection":[{"href":"https:\/\/www.mapleleaffoods.com\/fr\/wp-json\/wp\/v2\/pages"}],"about":[{"href":"https:\/\/www.mapleleaffoods.com\/fr\/wp-json\/wp\/v2\/types\/page"}],"author":[{"embeddable":true,"href":"https:\/\/www.mapleleaffoods.com\/fr\/wp-json\/wp\/v2\/users\/34"}],"replies":[{"embeddable":true,"href":"https:\/\/www.mapleleaffoods.com\/fr\/wp-json\/wp\/v2\/comments?post=255161"}],"version-history":[{"count":2,"href":"https:\/\/www.mapleleaffoods.com\/fr\/wp-json\/wp\/v2\/pages\/255161\/revisions"}],"predecessor-version":[{"id":255464,"href":"https:\/\/www.mapleleaffoods.com\/fr\/wp-json\/wp\/v2\/pages\/255161\/revisions\/255464"}],"wp:attachment":[{"href":"https:\/\/www.mapleleaffoods.com\/fr\/wp-json\/wp\/v2\/media?parent=255161"}],"curies":[{"name":"wp","href":"https:\/\/api.w.org\/{rel}","templated":true}]}}