{"id":252310,"date":"2022-08-02T09:47:57","date_gmt":"2022-08-02T13:47:57","guid":{"rendered":"https:\/\/www.mapleleaffoods.com\/fr\/?page_id=252310"},"modified":"2025-07-24T15:08:36","modified_gmt":"2025-07-24T19:08:36","slug":"faire-affaire-avec-nous","status":"publish","type":"page","link":"https:\/\/www.mapleleaffoods.com\/fr\/a-propos-de\/faire-affaire-avec-nous\/","title":{"rendered":"Faire affaire avec nous"},"content":{"rendered":"\n<section class=\"wp-block-mlfcorp-level-one-header level-one-header-container\"><span class=\"has-h-5-font-size\"><mark style=\"background-color:rgba(0, 0, 0, 0)\" class=\"has-inline-color has-flag-blue-color\">Faire affaire avec<\/mark><\/span><h1 class=\"has-h-1-font-size\">les Aliments <mark class=\"has-inline-color has-corporate-dark-blue-color\">Maple Leaf<\/mark> <\/h1>\n<div class=\"wp-block-cover alignfull is-light\"><span aria-hidden=\"true\" class=\"wp-block-cover__background has-background-dim-0 has-background-dim\"><\/span><img decoding=\"async\" width=\"1920\" height=\"780\" class=\"wp-block-cover__image-background wp-image-252312\" alt=\" Cadre commercial\" src=\"https:\/\/www.mapleleaffoods.com\/fr\/wp-content\/uploads\/sites\/7\/2022\/08\/MLF-Hero-DoingBusiness.jpg\" data-object-fit=\"cover\" srcset=\"https:\/\/b3412141.smushcdn.com\/3412141\/wp-content\/uploads\/sites\/7\/2022\/08\/MLF-Hero-DoingBusiness.jpg?lossy=1&amp;strip=1&amp;webp=1 1920w, https:\/\/b3412141.smushcdn.com\/3412141\/wp-content\/uploads\/sites\/7\/2022\/08\/MLF-Hero-DoingBusiness-300x122.jpg?lossy=1&amp;strip=1&amp;webp=1 300w, https:\/\/b3412141.smushcdn.com\/3412141\/wp-content\/uploads\/sites\/7\/2022\/08\/MLF-Hero-DoingBusiness-1024x416.jpg?lossy=1&amp;strip=1&amp;webp=1 1024w, https:\/\/b3412141.smushcdn.com\/3412141\/wp-content\/uploads\/sites\/7\/2022\/08\/MLF-Hero-DoingBusiness-768x312.jpg?lossy=1&amp;strip=1&amp;webp=1 768w, https:\/\/b3412141.smushcdn.com\/3412141\/wp-content\/uploads\/sites\/7\/2022\/08\/MLF-Hero-DoingBusiness-1536x624.jpg?lossy=1&amp;strip=1&amp;webp=1 1536w\" sizes=\"(max-width: 1920px) 100vw, 1920px\" \/><div class=\"wp-block-cover__inner-container is-layout-flow wp-block-cover-is-layout-flow\">\n<p class=\"has-text-align-center has-large-font-size\"><\/p>\n<\/div><\/div>\n<\/section>\n\n\n\t<style type=\"text\/css\">\n\t\t.wp-block-tk-spacer.id-a4931938-dec2-4fe0-8192-ba093f798581 {\n\t\theight: 100px;\n\t}\n\n\t@media ( max-width: 480px ) {\n\t\t.wp-block-tk-spacer.id-a4931938-dec2-4fe0-8192-ba093f798581 {\n\t\t\theight: 100px;\n\t\t}\n\t}\t<\/style>\n\t<div class=\"wp-block-tk-spacer id-a4931938-dec2-4fe0-8192-ba093f798581\" aria-hidden=\"true\"><\/div>\n\t\n\n\n<div class=\"wp-block-tk-grid\"><div class=\"grid\"><div class=\"sm-col-12 lg-col-12 sm-start-0 lg-start-2\">\n<h2 class=\"wp-block-heading\">Les Aliments Maple Leaf accorde une grande importance aux relations mutuellement avantageuses qu\u2019elle entretient avec les fournisseurs. Ces relations sont fond\u00e9es sur la confiance et la coop\u00e9ration afin de Rehausser le m\u00e9rite des aliments.  <\/h2>\n\n\n\n<h4 class=\"wp-block-heading\"><mark style=\"background-color:rgba(0, 0, 0, 0)\" class=\"has-inline-color has-corporate-dark-blue-color\">Nous sommes toujours \u00e0 la recherche de partenaires qui partagent nos valeurs et soutiennent nos normes; consultez nos attentes dans le Code de conduite des fournisseurs ci-joint.<\/mark><\/h4>\n<\/div><\/div><\/div>\n\n\n\t<style type=\"text\/css\">\n\t\t.wp-block-tk-spacer.id-859933e3-c25c-458a-a5af-445a942bf19b {\n\t\theight: 200px;\n\t}\n\n\t@media ( max-width: 480px ) {\n\t\t.wp-block-tk-spacer.id-859933e3-c25c-458a-a5af-445a942bf19b {\n\t\t\theight: 100px;\n\t\t}\n\t}\t<\/style>\n\t<div class=\"wp-block-tk-spacer id-859933e3-c25c-458a-a5af-445a942bf19b\" aria-hidden=\"true\"><\/div>\n\t\n\n\n<div class=\"wp-block-mlfcorp-card-component-block card-component-container hide-image card-layout-horizontal card-position-center image-orientation-right\" style=\"padding-top:0\"><div class=\"grid top\"><div class=\"sm-col-12 lg-col-8 lg-start-1 details-wrapper\"><div class=\"card-component-details top image-orientation-right\"><div><p class=\"surtitle-heading\">Attentes et normes<\/p><h4 class=\"title-heading\">Faire affaire avec les Aliments Maple Leaf<\/h4><p class=\"card-component-text\">Les ressources suivantes d\u00e9crivent nos attentes et les normes que nos fournisseurs doivent respecter afin de faire affaire avec nous. Les Aliments Maple Leaf se r\u00e9serve le droit de faire la mise \u00e0 jour de ces documents de temps \u00e0 autre.<\/p><\/div><\/div><\/div><\/div><\/div>\n\n\n<div class=\"wp-list-block\">\n<ul class=\"wp-block-list\">\n<li><a href=\"https:\/\/www.mapleleaffoods.com\/fr\/wp-content\/uploads\/sites\/7\/2022\/10\/MLFNonDisclosurePolicy-FR.pdf\">Politique de Confidentialit\u00e9<\/a><\/li>\n\n\n\n<li><a href=\"https:\/\/www.mapleleaffoods.com\/fr\/wp-content\/uploads\/sites\/7\/2022\/10\/MLFDataSecurityPolicy-FR.pdf\">Politique des donn\u00e9es et de la cybers\u00e9curit\u00e9<\/a><\/li>\n\n\n\n<li><a href=\"https:\/\/www.mapleleaffoods.com\/fr\/wp-content\/uploads\/sites\/7\/2022\/08\/MLF-Supplier-Code-of-Conduct-fr.pdf\">Code de conduite des fournisseurs<\/a><\/li>\n\n\n\n<li><a href=\"https:\/\/www.mapleleaffoods.com\/fr\/wp-content\/uploads\/sites\/7\/2022\/08\/MLF-Supplier-Expense-Reimbursement-Guideline-FR.pdf\">Directive sur le remboursement des frais de fournisseurs<\/a><\/li>\n\n\n\n<li>Coordonn\u00e9es&nbsp;: <a href=\"mailto:PurchasingServices@mapleleaf.com\">PurchasingServices@mapleleaf.com<\/a><\/li>\n<\/ul>\n<\/div>\n\n\t<style type=\"text\/css\">\n\t\t.wp-block-tk-spacer.id-666bc01c-c81d-4310-a1d2-7e8f0717851c {\n\t\theight: 200px;\n\t}\n\n\t@media ( max-width: 480px ) {\n\t\t.wp-block-tk-spacer.id-666bc01c-c81d-4310-a1d2-7e8f0717851c {\n\t\t\theight: 100px;\n\t\t}\n\t}\t<\/style>\n\t<div class=\"wp-block-tk-spacer id-666bc01c-c81d-4310-a1d2-7e8f0717851c\" aria-hidden=\"true\"><\/div>\n\t\n\n\n<div class=\"wp-block-mlfcorp-promo-box-block promo-box-block has-border-radius ultra-light-green\"><div class=\"promo-box-container img-center img-full\"><div class=\"grid align-middle\"><div class=\"sm-col-12 lg-col-6 promo-box-image-container img-center img-full\"><img decoding=\"async\" src=\"https:\/\/www.mapleleaffoods.com\/fr\/wp-content\/uploads\/sites\/7\/2022\/06\/MLF-OurCommitments-NoPlanetB-CarbonNeutral.jpg\" alt=\"Pas de plan\u00e8te B\"\/><\/div><div class=\"sm-col-12 lg-col-6 promo-box-details-container\">\n<h4 class=\"wp-block-heading promo-box-title-heading\">Nous suivons le parcours pour devenir l\u2019entreprise de produits de prot\u00e9ines la plus durable \u2013 non seulement au Canada \u2013 mais sur terre.<\/h4>\n\n\n\n<p class=\"promo-box-text\">Nous savons que la production d\u2019aliments a une incidence sur la plan\u00e8te. Nous voulons r\u00e9duire notre impact.<\/p>\n\n\n\n<div class=\"wp-block-button promo-box-button is-style-white\"><a class=\"wp-block-button__link wp-element-button\" href=\"https:\/\/www.mapleleaffoods.com\/fr\/nos-engagements\/\" aria-label=\"Add aria label here\" alt=\"Add aria label here\">nos engagements<\/a><span class=\"file-size-button\"><\/span><\/div>\n<\/div><\/div><\/div><\/div>\n\n\n\t<style type=\"text\/css\">\n\t\t.wp-block-tk-spacer.id-d7a04497-db4c-4afb-b231-c43d6a558f93 {\n\t\theight: 200px;\n\t}\n\n\t@media ( max-width: 480px ) {\n\t\t.wp-block-tk-spacer.id-d7a04497-db4c-4afb-b231-c43d6a558f93 {\n\t\t\theight: 100px;\n\t\t}\n\t}\t<\/style>\n\t<div class=\"wp-block-tk-spacer id-d7a04497-db4c-4afb-b231-c43d6a558f93\" aria-hidden=\"true\"><\/div>\n\t\n\n","protected":false},"excerpt":{"rendered":"","protected":false},"author":14,"featured_media":0,"parent":611,"menu_order":0,"comment_status":"closed","ping_status":"closed","template":"","meta":{"mlfcorp_iframe_url":"","footnotes":""},"class_list":["post-252310","page","type-page","status-publish","hentry"],"acf":[],"yoast_head":"<!-- This site is optimized with the Yoast SEO plugin v21.7 - https:\/\/yoast.com\/wordpress\/plugins\/seo\/ -->\n<title>Faire affaire avec nous | Les Aliments Maple Leaf<\/title>\n<meta name=\"description\" content=\"Nous sommes toujours \u00e0 la recherche de partenaires qui partagent nos valeurs et soutiennent nos normes; consultez nos attentes dans le Code de conduite...\" \/>\n<meta name=\"robots\" content=\"index, follow, max-snippet:-1, max-image-preview:large, max-video-preview:-1\" \/>\n<link rel=\"canonical\" href=\"https:\/\/www.mapleleaffoods.com\/fr\/a-propos-de\/faire-affaire-avec-nous\/\" \/>\n<meta property=\"og:locale\" content=\"fr_FR\" \/>\n<meta property=\"og:type\" content=\"article\" \/>\n<meta property=\"og:title\" content=\"Faire affaire avec nous | Les Aliments Maple Leaf\" \/>\n<meta property=\"og:description\" content=\"Nous sommes toujours \u00e0 la recherche de partenaires qui partagent nos valeurs et soutiennent nos normes; consultez nos attentes dans le Code de conduite...\" \/>\n<meta property=\"og:url\" content=\"https:\/\/www.mapleleaffoods.com\/fr\/a-propos-de\/faire-affaire-avec-nous\/\" \/>\n<meta property=\"og:site_name\" content=\"Les Aliments Maple Leaf\" \/>\n<meta property=\"article:modified_time\" content=\"2025-07-24T19:08:36+00:00\" \/>\n<meta property=\"og:image\" content=\"https:\/\/www.mapleleaffoods.com\/fr\/wp-content\/uploads\/sites\/7\/2022\/08\/MLF-Hero-DoingBusiness.jpg\" \/>\n<meta name=\"twitter:card\" content=\"summary_large_image\" \/>\n<meta name=\"twitter:label1\" content=\"Dur\u00e9e de lecture estim\u00e9e\" \/>\n\t<meta name=\"twitter:data1\" content=\"2 minutes\" \/>\n<script type=\"application\/ld+json\" class=\"yoast-schema-graph\">{\"@context\":\"https:\/\/schema.org\",\"@graph\":[{\"@type\":\"WebPage\",\"@id\":\"https:\/\/www.mapleleaffoods.com\/fr\/a-propos-de\/faire-affaire-avec-nous\/\",\"url\":\"https:\/\/www.mapleleaffoods.com\/fr\/a-propos-de\/faire-affaire-avec-nous\/\",\"name\":\"Faire affaire avec nous | Les Aliments Maple Leaf\",\"isPartOf\":{\"@id\":\"https:\/\/www.mapleleaffoods.com\/fr\/#website\"},\"datePublished\":\"2022-08-02T13:47:57+00:00\",\"dateModified\":\"2025-07-24T19:08:36+00:00\",\"description\":\"Nous sommes toujours \u00e0 la recherche de partenaires qui partagent nos valeurs et soutiennent nos normes; consultez nos attentes dans le Code de conduite...\",\"breadcrumb\":{\"@id\":\"https:\/\/www.mapleleaffoods.com\/fr\/a-propos-de\/faire-affaire-avec-nous\/#breadcrumb\"},\"inLanguage\":\"fr-FR\",\"potentialAction\":[{\"@type\":\"ReadAction\",\"target\":[\"https:\/\/www.mapleleaffoods.com\/fr\/a-propos-de\/faire-affaire-avec-nous\/\"]}]},{\"@type\":\"BreadcrumbList\",\"@id\":\"https:\/\/www.mapleleaffoods.com\/fr\/a-propos-de\/faire-affaire-avec-nous\/#breadcrumb\",\"itemListElement\":[{\"@type\":\"ListItem\",\"position\":1,\"name\":\"Page d\u2019accueil\",\"item\":\"https:\/\/www.mapleleaffoods.com\/fr\/\"},{\"@type\":\"ListItem\",\"position\":2,\"name\":\"\u00c0 propos de nous\",\"item\":\"https:\/\/www.mapleleaffoods.com\/fr\/a-propos-de\/\"},{\"@type\":\"ListItem\",\"position\":3,\"name\":\"Faire affaire avec nous\"}]},{\"@type\":\"WebSite\",\"@id\":\"https:\/\/www.mapleleaffoods.com\/fr\/#website\",\"url\":\"https:\/\/www.mapleleaffoods.com\/fr\/\",\"name\":\"Les Aliments Maple Leaf\",\"description\":\"Premi\u00e8re grande entreprise alimentaire carboneutre au monde\",\"publisher\":{\"@id\":\"https:\/\/www.mapleleaffoods.com\/fr\/#organization\"},\"potentialAction\":[{\"@type\":\"SearchAction\",\"target\":{\"@type\":\"EntryPoint\",\"urlTemplate\":\"https:\/\/www.mapleleaffoods.com\/fr\/?s={search_term_string}\"},\"query-input\":\"required name=search_term_string\"}],\"inLanguage\":\"fr-FR\"},{\"@type\":\"Organization\",\"@id\":\"https:\/\/www.mapleleaffoods.com\/fr\/#organization\",\"name\":\"Les Aliments Maple Leaf\",\"url\":\"https:\/\/www.mapleleaffoods.com\/fr\/\",\"logo\":{\"@type\":\"ImageObject\",\"inLanguage\":\"fr-FR\",\"@id\":\"https:\/\/www.mapleleaffoods.com\/fr\/#\/schema\/logo\/image\/\",\"url\":\"https:\/\/www.mapleleaffoods.com\/fr\/wp-content\/uploads\/sites\/7\/2026\/02\/L_MapleLeaf_4C_White_v1_EN.png\",\"contentUrl\":\"https:\/\/www.mapleleaffoods.com\/fr\/wp-content\/uploads\/sites\/7\/2026\/02\/L_MapleLeaf_4C_White_v1_EN.png\",\"width\":1829,\"height\":2200,\"caption\":\"Les Aliments Maple Leaf\"},\"image\":{\"@id\":\"https:\/\/www.mapleleaffoods.com\/fr\/#\/schema\/logo\/image\/\"}}]}<\/script>\n<!-- \/ Yoast SEO plugin. -->","yoast_head_json":{"title":"Faire affaire avec nous | Les Aliments Maple Leaf","description":"Nous sommes toujours \u00e0 la recherche de partenaires qui partagent nos valeurs et soutiennent nos normes; consultez nos attentes dans le Code de conduite...","robots":{"index":"index","follow":"follow","max-snippet":"max-snippet:-1","max-image-preview":"max-image-preview:large","max-video-preview":"max-video-preview:-1"},"canonical":"https:\/\/www.mapleleaffoods.com\/fr\/a-propos-de\/faire-affaire-avec-nous\/","og_locale":"fr_FR","og_type":"article","og_title":"Faire affaire avec nous | Les Aliments Maple Leaf","og_description":"Nous sommes toujours \u00e0 la recherche de partenaires qui partagent nos valeurs et soutiennent nos normes; consultez nos attentes dans le Code de conduite...","og_url":"https:\/\/www.mapleleaffoods.com\/fr\/a-propos-de\/faire-affaire-avec-nous\/","og_site_name":"Les Aliments Maple Leaf","article_modified_time":"2025-07-24T19:08:36+00:00","og_image":[{"url":"https:\/\/www.mapleleaffoods.com\/fr\/wp-content\/uploads\/sites\/7\/2022\/08\/MLF-Hero-DoingBusiness.jpg"}],"twitter_card":"summary_large_image","twitter_misc":{"Dur\u00e9e de lecture estim\u00e9e":"2 minutes"},"schema":{"@context":"https:\/\/schema.org","@graph":[{"@type":"WebPage","@id":"https:\/\/www.mapleleaffoods.com\/fr\/a-propos-de\/faire-affaire-avec-nous\/","url":"https:\/\/www.mapleleaffoods.com\/fr\/a-propos-de\/faire-affaire-avec-nous\/","name":"Faire affaire avec nous | Les Aliments Maple Leaf","isPartOf":{"@id":"https:\/\/www.mapleleaffoods.com\/fr\/#website"},"datePublished":"2022-08-02T13:47:57+00:00","dateModified":"2025-07-24T19:08:36+00:00","description":"Nous sommes toujours \u00e0 la recherche de partenaires qui partagent nos valeurs et soutiennent nos normes; consultez nos attentes dans le Code de conduite...","breadcrumb":{"@id":"https:\/\/www.mapleleaffoods.com\/fr\/a-propos-de\/faire-affaire-avec-nous\/#breadcrumb"},"inLanguage":"fr-FR","potentialAction":[{"@type":"ReadAction","target":["https:\/\/www.mapleleaffoods.com\/fr\/a-propos-de\/faire-affaire-avec-nous\/"]}]},{"@type":"BreadcrumbList","@id":"https:\/\/www.mapleleaffoods.com\/fr\/a-propos-de\/faire-affaire-avec-nous\/#breadcrumb","itemListElement":[{"@type":"ListItem","position":1,"name":"Page d\u2019accueil","item":"https:\/\/www.mapleleaffoods.com\/fr\/"},{"@type":"ListItem","position":2,"name":"\u00c0 propos de nous","item":"https:\/\/www.mapleleaffoods.com\/fr\/a-propos-de\/"},{"@type":"ListItem","position":3,"name":"Faire affaire avec nous"}]},{"@type":"WebSite","@id":"https:\/\/www.mapleleaffoods.com\/fr\/#website","url":"https:\/\/www.mapleleaffoods.com\/fr\/","name":"Les Aliments Maple Leaf","description":"Premi\u00e8re grande entreprise alimentaire carboneutre au monde","publisher":{"@id":"https:\/\/www.mapleleaffoods.com\/fr\/#organization"},"potentialAction":[{"@type":"SearchAction","target":{"@type":"EntryPoint","urlTemplate":"https:\/\/www.mapleleaffoods.com\/fr\/?s={search_term_string}"},"query-input":"required name=search_term_string"}],"inLanguage":"fr-FR"},{"@type":"Organization","@id":"https:\/\/www.mapleleaffoods.com\/fr\/#organization","name":"Les Aliments Maple Leaf","url":"https:\/\/www.mapleleaffoods.com\/fr\/","logo":{"@type":"ImageObject","inLanguage":"fr-FR","@id":"https:\/\/www.mapleleaffoods.com\/fr\/#\/schema\/logo\/image\/","url":"https:\/\/www.mapleleaffoods.com\/fr\/wp-content\/uploads\/sites\/7\/2026\/02\/L_MapleLeaf_4C_White_v1_EN.png","contentUrl":"https:\/\/www.mapleleaffoods.com\/fr\/wp-content\/uploads\/sites\/7\/2026\/02\/L_MapleLeaf_4C_White_v1_EN.png","width":1829,"height":2200,"caption":"Les Aliments Maple Leaf"},"image":{"@id":"https:\/\/www.mapleleaffoods.com\/fr\/#\/schema\/logo\/image\/"}}]}},"jetpack_sharing_enabled":true,"_links":{"self":[{"href":"https:\/\/www.mapleleaffoods.com\/fr\/wp-json\/wp\/v2\/pages\/252310"}],"collection":[{"href":"https:\/\/www.mapleleaffoods.com\/fr\/wp-json\/wp\/v2\/pages"}],"about":[{"href":"https:\/\/www.mapleleaffoods.com\/fr\/wp-json\/wp\/v2\/types\/page"}],"author":[{"embeddable":true,"href":"https:\/\/www.mapleleaffoods.com\/fr\/wp-json\/wp\/v2\/users\/14"}],"replies":[{"embeddable":true,"href":"https:\/\/www.mapleleaffoods.com\/fr\/wp-json\/wp\/v2\/comments?post=252310"}],"version-history":[{"count":9,"href":"https:\/\/www.mapleleaffoods.com\/fr\/wp-json\/wp\/v2\/pages\/252310\/revisions"}],"predecessor-version":[{"id":259613,"href":"https:\/\/www.mapleleaffoods.com\/fr\/wp-json\/wp\/v2\/pages\/252310\/revisions\/259613"}],"up":[{"embeddable":true,"href":"https:\/\/www.mapleleaffoods.com\/fr\/wp-json\/wp\/v2\/pages\/611"}],"wp:attachment":[{"href":"https:\/\/www.mapleleaffoods.com\/fr\/wp-json\/wp\/v2\/media?parent=252310"}],"curies":[{"name":"wp","href":"https:\/\/api.w.org\/{rel}","templated":true}]}}