{"id":252145,"date":"2022-07-27T12:45:43","date_gmt":"2022-07-27T16:45:43","guid":{"rendered":"https:\/\/www.mapleleaffoods.com\/fr\/?page_id=252145"},"modified":"2025-07-24T15:17:54","modified_gmt":"2025-07-24T19:17:54","slug":"prevenir-linfluenza-aviaire","status":"publish","type":"page","link":"https:\/\/www.mapleleaffoods.com\/fr\/nos-engagements\/soins-animaux\/prevenir-linfluenza-aviaire\/","title":{"rendered":"Pr\u00e9venir l\u2019influenza aviaire"},"content":{"rendered":"<div class=\"yoast-breadcrumbs\"><span><span><a href=\"https:\/\/www.mapleleaffoods.com\/fr\/\">Page d\u2019accueil<\/a><\/span> <span class=\"yoast-custom-separator\"><\/span> <span><a href=\"https:\/\/www.mapleleaffoods.com\/fr\/nos-engagements\/\">Nos engagements<\/a><\/span> <span class=\"yoast-custom-separator\"><\/span> <span><a href=\"https:\/\/www.mapleleaffoods.com\/fr\/nos-engagements\/soins-animaux\/\">Soins des animaux<\/a><\/span> <span class=\"yoast-custom-separator\"><\/span> <span class=\"breadcrumb_last\" aria-current=\"page\">Pr\u00e9venir l\u2019influenza aviaire<\/span><\/span><\/div>\n\n\t<style type=\"text\/css\">\n\t\t.wp-block-tk-spacer.id-4935b8ad-0822-49f6-a385-26713c763f2a {\n\t\theight: 75px;\n\t}\n\n\t@media ( max-width: 480px ) {\n\t\t.wp-block-tk-spacer.id-4935b8ad-0822-49f6-a385-26713c763f2a {\n\t\t\theight: 100px;\n\t\t}\n\t}\t<\/style>\n\t<div class=\"wp-block-tk-spacer id-4935b8ad-0822-49f6-a385-26713c763f2a\" aria-hidden=\"true\"><\/div>\n\t\n\n\n<section class=\"wp-block-mlfcorp-level-one-header\"><span class=\"has-h-5-font-size\"><mark class=\"has-inline-color has-flag-blue-color\">Pr\u00e9venir<\/mark><\/span><h1 class=\"has-h-1-font-size\">l\u2019influenza <mark class=\"has-inline-color has-corporate-dark-blue-color\">aviaire<\/mark><\/h1><\/section>\n\n\n\t<style type=\"text\/css\">\n\t\t.wp-block-tk-spacer.id-aaf730cb-8cee-426e-b5b2-4c1bea30ee52 {\n\t\theight: 100px;\n\t}\n\n\t@media ( max-width: 480px ) {\n\t\t.wp-block-tk-spacer.id-aaf730cb-8cee-426e-b5b2-4c1bea30ee52 {\n\t\t\theight: 100px;\n\t\t}\n\t}\t<\/style>\n\t<div class=\"wp-block-tk-spacer id-aaf730cb-8cee-426e-b5b2-4c1bea30ee52\" aria-hidden=\"true\"><\/div>\n\t\n\n\n<h2 class=\"wp-block-heading\">Nous mettons tout en \u0153uvre pour assurer la sant\u00e9 de nos animaux et pour les prot\u00e9ger contre les maladies<\/h2>\n\n\n\t<style type=\"text\/css\">\n\t\t.wp-block-tk-spacer.id-6bf42611-38ef-4baa-82cb-067ad57f6c49 {\n\t\theight: 100px;\n\t}\n\n\t@media ( max-width: 480px ) {\n\t\t.wp-block-tk-spacer.id-6bf42611-38ef-4baa-82cb-067ad57f6c49 {\n\t\t\theight: 100px;\n\t\t}\n\t}\t<\/style>\n\t<div class=\"wp-block-tk-spacer id-6bf42611-38ef-4baa-82cb-067ad57f6c49\" aria-hidden=\"true\"><\/div>\n\t\n\n\n<div class=\"wp-block-mlfcorp-card-component-block card-component-container card-layout-horizontal card-position-center image-orientation-right\" style=\"padding-top:0\"><div class=\"grid align-middle\"><div class=\"sm-col-12 lg-col-6 lg-start-1 details-wrapper\"><div class=\"card-component-details align-middle image-orientation-right\"><div><p class=\"surtitle-heading\">La pr\u00e9vention<\/p><h3 class=\"title-heading\">l\u2019influenza <mark class=\"has-inline-color has-flag-blue-color\">aviaire<\/mark><\/h3><p class=\"card-component-text\">La grippe aviaire est une maladie qui peut toucher les poulets, les dindes, les canards et les oiseaux sauvages, ainsi que, occasionnellement, d\u2019autres types d\u2019animaux et les \u00eatres humains. Certaines souches du virus d\u2019influenza aviaire sont faiblement pathog\u00e8nes, ce qui signifie que les oiseaux peuvent r\u00e9cup\u00e9rer apr\u00e8s avoir contract\u00e9 la maladie. Les souches hautement pathog\u00e8nes peuvent avoir des effets d\u00e9vastateurs sur les oiseaux et tuer des troupeaux entiers.<br><br>L\u2019influenza aviaire est particuli\u00e8rement probl\u00e9matique, puisqu\u2019elle est le plus souvent propag\u00e9e par les oiseaux sauvages durant la migration. En effet, les oiseaux qui font escale dans les fermes peuvent \u00eatre porteurs du virus qui cause la maladie. Depuis 2021, l\u2019IAHP a \u00e9t\u00e9 d\u00e9tect\u00e9e dans plusieurs r\u00e9gions du Canada et des \u00c9tats-Unis, causant la perte d\u2019un grand nombre d\u2019oiseaux. Des organismes f\u00e9d\u00e9raux du <mark class=\"has-inline-color has-flag-blue-color\"><a href=\"https:\/\/inspection.canada.ca\/sante-des-animaux\/animaux-terrestres\/maladies\/declaration-obligatoire\/influenza-aviaire\/fra\/1323990856863\/1323991018946\">Canada<\/a> <\/mark>et des <a href=\"https:\/\/www.aphis.usda.gov\/livestock-poultry-disease\/avian\/avian-influenza\">\u00c9tats-Unis<\/a> surveillent et suivent la maladie et y r\u00e9pondent promptement.<br><br>Selon les experts, la meilleure fa\u00e7on de se prot\u00e9ger contre toute forme d\u2019influenza aviaire est de mettre en place des mesures de bios\u00e9curit\u00e9 strictes, une approche que Les Aliments Maple Leaf prend tr\u00e8s au s\u00e9rieux\u00a0: l\u2019acc\u00e8s \u00e0 nos fermes avicoles est contr\u00f4l\u00e9 et notre \u00e9quipe de soins animaliers porte une tenue sp\u00e9ciale pour \u00e9viter d\u2019introduire des maladies dans nos \u00e9levages.<br><br>Bien que la souche hautement pathog\u00e8ne du virus soit d\u00e9vastatrice pour les oiseaux, la maladie ne pose aucun risque pour les consommateurs de volaille. Toute notre volaille est inspect\u00e9e \u00e0 m\u00eame nos usines par les v\u00e9t\u00e9rinaires de l\u2019Agence canadienne d\u2019inspection des aliments, puisque seuls les animaux en sant\u00e9 peuvent \u00eatre transform\u00e9s. Il est s\u00e9curitaire de consommer les produits de volaille cuits ad\u00e9quatement.<br><\/p><\/div><\/div><\/div><div class=\"sm-col-12 lg-col-6 image-wrapper\" style=\"margin-top:0\"><div class=\"card-image-container align-middle image-orientation-right\"><img decoding=\"async\" width=\"630\" height=\"546\" src=\"https:\/\/www.mapleleaffoods.com\/fr\/wp-content\/uploads\/sites\/7\/2022\/07\/MLF-AnimalsSafeFromAvianInfluenza.jpg\" alt=\"Alimentation des poulets\" class=\"card-component-image has-border-radius wp-image-252147\" srcset=\"https:\/\/b3412141.smushcdn.com\/3412141\/wp-content\/uploads\/sites\/7\/2022\/07\/MLF-AnimalsSafeFromAvianInfluenza.jpg?lossy=1&amp;strip=1&amp;webp=1 630w, https:\/\/b3412141.smushcdn.com\/3412141\/wp-content\/uploads\/sites\/7\/2022\/07\/MLF-AnimalsSafeFromAvianInfluenza-300x260.jpg?lossy=1&amp;strip=1&amp;webp=1 300w\" sizes=\"(max-width: 630px) 100vw, 630px\" \/><button class=\"credit-text\"><span class=\"initial\">i<\/span><span class=\"secondary hide\">Poulailler | Aylmer, ON<\/span><\/button><\/div><\/div><\/div><\/div>\n\n\n\t<style type=\"text\/css\">\n\t\t.wp-block-tk-spacer.id-01ccac6a-d057-43a0-bb40-30a3fab0ae9f {\n\t\theight: 200px;\n\t}\n\n\t@media ( max-width: 480px ) {\n\t\t.wp-block-tk-spacer.id-01ccac6a-d057-43a0-bb40-30a3fab0ae9f {\n\t\t\theight: 100px;\n\t\t}\n\t}\t<\/style>\n\t<div class=\"wp-block-tk-spacer id-01ccac6a-d057-43a0-bb40-30a3fab0ae9f\" aria-hidden=\"true\"><\/div>\n\t\n\n\n<div class=\"wp-block-group is-style-border-radius has-ultra-light-green-background-color has-background is-layout-flow wp-block-group-is-layout-flow\">\t<style type=\"text\/css\">\n\t\t.wp-block-tk-spacer.id-3cc43dc3-96e2-498f-a920-657d669ad73c {\n\t\theight: 100px;\n\t}\n\n\t@media ( max-width: 480px ) {\n\t\t.wp-block-tk-spacer.id-3cc43dc3-96e2-498f-a920-657d669ad73c {\n\t\t\theight: 100px;\n\t\t}\n\t}\t<\/style>\n\t<div class=\"wp-block-tk-spacer id-3cc43dc3-96e2-498f-a920-657d669ad73c\" aria-hidden=\"true\"><\/div>\n\t\n\n\n<div class=\"wp-block-columns is-layout-flex wp-container-core-columns-is-layout-1 wp-block-columns-is-layout-flex\">\n<div class=\"wp-block-column is-layout-flow wp-block-column-is-layout-flow\" style=\"flex-basis:58%\">\n<h3 class=\"wp-block-heading\">Rapport sur le rendement en mati\u00e8re <mark class=\"has-inline-color has-corporate-dark-blue-color\">de soins des animaux<\/mark><\/h3>\n\n\n\n<p>Nous documentons nos objectifs en mati\u00e8re de soins des animaux et nous mesurons notre progr\u00e8s. Voyez nos avanc\u00e9es dans notre Rapport de 2024 sur le rendement en mati\u00e8re de soins des animaux .<\/p>\n<\/div>\n\n\n\n<div class=\"wp-block-column is-layout-flow wp-block-column-is-layout-flow\" style=\"flex-basis:33.33%\">\n<div class=\"wp-block-buttons is-vertical is-content-justification-left is-layout-flex wp-container-core-buttons-is-layout-1 wp-block-buttons-is-layout-flex\">\n<div class=\"wp-block-button is-style-white down-arrow-circle-icon\"><a class=\"wp-block-button__link wp-element-button\" href=\"https:\/\/www.mapleleaffoods.com\/fr\/wp-content\/uploads\/sites\/7\/2025\/07\/MLF_ANIMAL_WELFARE_REPORT_2024.pdf\" aria-label=\"T\u00e9l\u00e9chargez \">T\u00e9l\u00e9chargez <br>(en anglais seulement)<\/a><span class=\"file-size-button\">1 Mo<\/span><\/div>\n<\/div>\n<\/div>\n<\/div>\n\n\n\t<style type=\"text\/css\">\n\t\t.wp-block-tk-spacer.id-470478bc-feb5-4fc1-aea7-b0e1f37a2c01 {\n\t\theight: 100px;\n\t}\n\n\t@media ( max-width: 480px ) {\n\t\t.wp-block-tk-spacer.id-470478bc-feb5-4fc1-aea7-b0e1f37a2c01 {\n\t\t\theight: 100px;\n\t\t}\n\t}\t<\/style>\n\t<div class=\"wp-block-tk-spacer id-470478bc-feb5-4fc1-aea7-b0e1f37a2c01\" aria-hidden=\"true\"><\/div>\n\t<\/div>\n\n\n\t<style type=\"text\/css\">\n\t\t.wp-block-tk-spacer.id-4c421794-5074-4d55-aa35-f78fcfb240d9 {\n\t\theight: 200px;\n\t}\n\n\t@media ( max-width: 480px ) {\n\t\t.wp-block-tk-spacer.id-4c421794-5074-4d55-aa35-f78fcfb240d9 {\n\t\t\theight: 100px;\n\t\t}\n\t}\t<\/style>\n\t<div class=\"wp-block-tk-spacer id-4c421794-5074-4d55-aa35-f78fcfb240d9\" aria-hidden=\"true\"><\/div>\n\t\n\n\n<div class=\"wp-block-group is-style-border-radius has-ultra-light-green-background-color has-background is-layout-flow wp-block-group-is-layout-flow\">\t<style type=\"text\/css\">\n\t\t.wp-block-tk-spacer.id-c0ce90e0-707c-42e0-8c35-77e57a00359a {\n\t\theight: 60px;\n\t}\n\n\t@media ( max-width: 480px ) {\n\t\t.wp-block-tk-spacer.id-c0ce90e0-707c-42e0-8c35-77e57a00359a {\n\t\t\theight: 100px;\n\t\t}\n\t}\t<\/style>\n\t<div class=\"wp-block-tk-spacer id-c0ce90e0-707c-42e0-8c35-77e57a00359a\" aria-hidden=\"true\"><\/div>\n\t\n\n\n<div class=\"wp-block-columns is-layout-flex wp-container-core-columns-is-layout-2 wp-block-columns-is-layout-flex\">\n<div class=\"wp-block-column is-layout-flow wp-block-column-is-layout-flow\" style=\"flex-basis:58%\">\n<h3 class=\"wp-block-heading\"><font style=\"vertical-align: inherit\"><font style=\"vertical-align: inherit\">R<mark class=\"has-inline-color has-flag-blue-color\">apport int\u00e9gr\u00e9<\/mark><\/font><\/font><\/h3>\n\n\n\n<p>Nous documentons et calculons tous les changements que nous apportons. D\u00e9couvrez nos progr\u00e8s dans notre dernier rapport int\u00e9gr\u00e9.<\/p>\n<\/div>\n\n\n\n<div class=\"wp-block-column is-vertically-aligned-center is-layout-flow wp-block-column-is-layout-flow\" style=\"flex-basis:33%\">\n<div class=\"wp-block-buttons is-vertical is-content-justification-left is-layout-flex wp-container-core-buttons-is-layout-2 wp-block-buttons-is-layout-flex\">\n<div class=\"wp-block-button is-style-white top-right-arrow-icon\"><a class=\"wp-block-button__link wp-element-button\" href=\"https:\/\/www.mapleleaffoods.com\/fr\/wp-content\/uploads\/sites\/7\/2026\/01\/MLF_IntegratedReport_2024_FR-CA.pdf\" target=\"_blank\" rel=\"noreferrer noopener\" aria-label=\"Parution de notre premier rapport int\u00e9gr\u00e9\u00a02022\" download>Consulter le rapport<\/a><span class=\"file-size-button\">20 Mo<\/span><\/div>\n<\/div>\n<\/div>\n<\/div>\n\n\n\t<style type=\"text\/css\">\n\t\t.wp-block-tk-spacer.id-c762343c-8e83-4357-acac-0c4accae0173 {\n\t\theight: 60px;\n\t}\n\n\t@media ( max-width: 480px ) {\n\t\t.wp-block-tk-spacer.id-c762343c-8e83-4357-acac-0c4accae0173 {\n\t\t\theight: 100px;\n\t\t}\n\t}\t<\/style>\n\t<div class=\"wp-block-tk-spacer id-c762343c-8e83-4357-acac-0c4accae0173\" aria-hidden=\"true\"><\/div>\n\t<\/div>\n\n\n\t<style type=\"text\/css\">\n\t\t.wp-block-tk-spacer.id-81fa4fba-cc8e-42d4-b2b6-270b1a30b3fb {\n\t\theight: 200px;\n\t}\n\n\t@media ( max-width: 480px ) {\n\t\t.wp-block-tk-spacer.id-81fa4fba-cc8e-42d4-b2b6-270b1a30b3fb {\n\t\t\theight: 100px;\n\t\t}\n\t}\t<\/style>\n\t<div class=\"wp-block-tk-spacer id-81fa4fba-cc8e-42d4-b2b6-270b1a30b3fb\" aria-hidden=\"true\"><\/div>\n\t\n\n\n\t\t<div class=\"pre-footer-block alignfull\">\n\t\t\t<div class=\"grid-container\">\n\t\t\t\t<div class=\"grid\">\n\t\t\t\t\t\t\t\t\t\t\t\t\t\t\t\t\t\t<div class=\"sm-col-12\tlg-col-11 lg-start-2\">\n\t\t\t\t\t\t\t\t\n<p class=\"pre-footer-surtitle\">Davantage dans<\/p>\n\n<h2 class=\"pre-footer-title\">nos engagements<\/h2>\n\t\t\t\t\t\t\t<\/div>\n\t\t\t\t\t\t\t\t\t\t\t\t\t\t\t\t\t<ul class=\"is-style-pre-footer sm-col-12 lg-col-4 lg-start-2\">\n\t\t\t\t\t\t\t\t\t\t\t\t\t\t\t\t\t\t\t<li><a href=\"https:\/\/www.mapleleaffoods.com\/fr\/nos-engagements\/environnement\/\">Environnement<\/a><\/li>\n\t\t\t\t\t\t\t\t\t\t\t\t\t\t\t\t\t\t\t\t\t\t\t<li><a href=\"https:\/\/www.mapleleaffoods.com\/fr\/nos-engagements\/soins-animaux\/\">Soins des animaux<\/a><\/li>\n\t\t\t\t\t\t\t\t\t\t\t\t\t\t\t\t\t\t\t\t\t\t\t<li><a href=\"https:\/\/www.mapleleaffoods.com\/fr\/nos-engagements\/de-bons-aliments\/\">De bons aliments<\/a><\/li>\n\t\t\t\t\t\t\t\t\t\t\t\t\t\t\t\t\t<\/ul>\n\t\t\t\t\t\t<ul class=\"is-style-pre-footer sm-col-12 lg-col-4\">\n\t\t\t\t\t\t\t\t\t\t\t\t\t\t\t\t\t\t<li><a href=\"https:\/\/www.mapleleaffoods.com\/fr\/nos-engagements\/aliments-salubres\/\">Des aliments salubres<\/a><\/li>\n\t\t\t\t\t\t\t\t\t\t\t\t\t\t\t\t\t\t\t\t\t<li><a href=\"https:\/\/www.mapleleaffoods.com\/fr\/nos-engagements\/personnel\/\">Personnel<\/a><\/li>\n\t\t\t\t\t\t\t\t\t\t\t\t\t\t\t\t\t\t\t\t\t<li><a href=\"https:\/\/www.mapleleaffoods.com\/fr\/nos-engagements\/collectivites\/\">Collectivit\u00e9s<\/a><\/li>\n\t\t\t\t\t\t\t\t\t\t\t\t\t\t\t\t<\/ul>\n\t\t\t\t\t\t\t\t\t<\/div>\n\t\t\t<\/div>\n\t\t<\/div>\n\t\t","protected":false},"excerpt":{"rendered":"<p>Nous mettons tout en \u0153uvre pour assurer la sant\u00e9 de nos animaux et pour les prot\u00e9ger contre les maladies<\/p>\n","protected":false},"author":14,"featured_media":0,"parent":247562,"menu_order":0,"comment_status":"closed","ping_status":"closed","template":"","meta":{"mlfcorp_iframe_url":"","footnotes":""},"class_list":["post-252145","page","type-page","status-publish","hentry"],"acf":[],"yoast_head":"<!-- This site is optimized with the Yoast SEO plugin v21.7 - https:\/\/yoast.com\/wordpress\/plugins\/seo\/ -->\n<title>Pr\u00e9venir l\u2019influenza aviaire | Les Aliments Maple Leaf<\/title>\n<meta name=\"description\" content=\"La grippe aviaire est une maladie qui peut affecter les poulets, les dindes, les canards et les oiseaux sauvages - les souches peuvent avoir des effets...\" \/>\n<meta name=\"robots\" content=\"index, follow, max-snippet:-1, max-image-preview:large, max-video-preview:-1\" \/>\n<link rel=\"canonical\" href=\"https:\/\/www.mapleleaffoods.com\/fr\/nos-engagements\/soins-animaux\/prevenir-linfluenza-aviaire\/\" \/>\n<meta property=\"og:locale\" content=\"fr_FR\" \/>\n<meta property=\"og:type\" content=\"article\" \/>\n<meta property=\"og:title\" content=\"Pr\u00e9venir l\u2019influenza aviaire | Les Aliments Maple Leaf\" \/>\n<meta property=\"og:description\" content=\"La grippe aviaire est une maladie qui peut affecter les poulets, les dindes, les canards et les oiseaux sauvages - les souches peuvent avoir des effets...\" \/>\n<meta property=\"og:url\" content=\"https:\/\/www.mapleleaffoods.com\/fr\/nos-engagements\/soins-animaux\/prevenir-linfluenza-aviaire\/\" \/>\n<meta property=\"og:site_name\" content=\"Les Aliments Maple Leaf\" \/>\n<meta property=\"article:modified_time\" content=\"2025-07-24T19:17:54+00:00\" \/>\n<meta property=\"og:image\" content=\"https:\/\/www.mapleleaffoods.com\/fr\/wp-content\/uploads\/sites\/7\/2022\/07\/MLF-AnimalsSafeFromAvianInfluenza.jpg\" \/>\n<meta name=\"twitter:card\" content=\"summary_large_image\" \/>\n<meta name=\"twitter:label1\" content=\"Dur\u00e9e de lecture estim\u00e9e\" \/>\n\t<meta name=\"twitter:data1\" content=\"2 minutes\" \/>\n<script type=\"application\/ld+json\" class=\"yoast-schema-graph\">{\"@context\":\"https:\/\/schema.org\",\"@graph\":[{\"@type\":\"WebPage\",\"@id\":\"https:\/\/www.mapleleaffoods.com\/fr\/nos-engagements\/soins-animaux\/prevenir-linfluenza-aviaire\/\",\"url\":\"https:\/\/www.mapleleaffoods.com\/fr\/nos-engagements\/soins-animaux\/prevenir-linfluenza-aviaire\/\",\"name\":\"Pr\u00e9venir l\u2019influenza aviaire | Les Aliments Maple Leaf\",\"isPartOf\":{\"@id\":\"https:\/\/www.mapleleaffoods.com\/fr\/#website\"},\"datePublished\":\"2022-07-27T16:45:43+00:00\",\"dateModified\":\"2025-07-24T19:17:54+00:00\",\"description\":\"La grippe aviaire est une maladie qui peut affecter les poulets, les dindes, les canards et les oiseaux sauvages - les souches peuvent avoir des effets...\",\"breadcrumb\":{\"@id\":\"https:\/\/www.mapleleaffoods.com\/fr\/nos-engagements\/soins-animaux\/prevenir-linfluenza-aviaire\/#breadcrumb\"},\"inLanguage\":\"fr-FR\",\"potentialAction\":[{\"@type\":\"ReadAction\",\"target\":[\"https:\/\/www.mapleleaffoods.com\/fr\/nos-engagements\/soins-animaux\/prevenir-linfluenza-aviaire\/\"]}]},{\"@type\":\"BreadcrumbList\",\"@id\":\"https:\/\/www.mapleleaffoods.com\/fr\/nos-engagements\/soins-animaux\/prevenir-linfluenza-aviaire\/#breadcrumb\",\"itemListElement\":[{\"@type\":\"ListItem\",\"position\":1,\"name\":\"Page d\u2019accueil\",\"item\":\"https:\/\/www.mapleleaffoods.com\/fr\/\"},{\"@type\":\"ListItem\",\"position\":2,\"name\":\"Nos engagements\",\"item\":\"https:\/\/www.mapleleaffoods.com\/fr\/nos-engagements\/\"},{\"@type\":\"ListItem\",\"position\":3,\"name\":\"Soins des animaux\",\"item\":\"https:\/\/www.mapleleaffoods.com\/fr\/nos-engagements\/soins-animaux\/\"},{\"@type\":\"ListItem\",\"position\":4,\"name\":\"Pr\u00e9venir l\u2019influenza aviaire\"}]},{\"@type\":\"WebSite\",\"@id\":\"https:\/\/www.mapleleaffoods.com\/fr\/#website\",\"url\":\"https:\/\/www.mapleleaffoods.com\/fr\/\",\"name\":\"Les Aliments Maple Leaf\",\"description\":\"Premi\u00e8re grande entreprise alimentaire carboneutre au monde\",\"publisher\":{\"@id\":\"https:\/\/www.mapleleaffoods.com\/fr\/#organization\"},\"potentialAction\":[{\"@type\":\"SearchAction\",\"target\":{\"@type\":\"EntryPoint\",\"urlTemplate\":\"https:\/\/www.mapleleaffoods.com\/fr\/?s={search_term_string}\"},\"query-input\":\"required name=search_term_string\"}],\"inLanguage\":\"fr-FR\"},{\"@type\":\"Organization\",\"@id\":\"https:\/\/www.mapleleaffoods.com\/fr\/#organization\",\"name\":\"Les Aliments Maple Leaf\",\"url\":\"https:\/\/www.mapleleaffoods.com\/fr\/\",\"logo\":{\"@type\":\"ImageObject\",\"inLanguage\":\"fr-FR\",\"@id\":\"https:\/\/www.mapleleaffoods.com\/fr\/#\/schema\/logo\/image\/\",\"url\":\"https:\/\/www.mapleleaffoods.com\/fr\/wp-content\/uploads\/sites\/7\/2026\/02\/L_MapleLeaf_4C_White_v1_EN.png\",\"contentUrl\":\"https:\/\/www.mapleleaffoods.com\/fr\/wp-content\/uploads\/sites\/7\/2026\/02\/L_MapleLeaf_4C_White_v1_EN.png\",\"width\":1829,\"height\":2200,\"caption\":\"Les Aliments Maple Leaf\"},\"image\":{\"@id\":\"https:\/\/www.mapleleaffoods.com\/fr\/#\/schema\/logo\/image\/\"}}]}<\/script>\n<!-- \/ Yoast SEO plugin. -->","yoast_head_json":{"title":"Pr\u00e9venir l\u2019influenza aviaire | Les Aliments Maple Leaf","description":"La grippe aviaire est une maladie qui peut affecter les poulets, les dindes, les canards et les oiseaux sauvages - les souches peuvent avoir des effets...","robots":{"index":"index","follow":"follow","max-snippet":"max-snippet:-1","max-image-preview":"max-image-preview:large","max-video-preview":"max-video-preview:-1"},"canonical":"https:\/\/www.mapleleaffoods.com\/fr\/nos-engagements\/soins-animaux\/prevenir-linfluenza-aviaire\/","og_locale":"fr_FR","og_type":"article","og_title":"Pr\u00e9venir l\u2019influenza aviaire | Les Aliments Maple Leaf","og_description":"La grippe aviaire est une maladie qui peut affecter les poulets, les dindes, les canards et les oiseaux sauvages - les souches peuvent avoir des effets...","og_url":"https:\/\/www.mapleleaffoods.com\/fr\/nos-engagements\/soins-animaux\/prevenir-linfluenza-aviaire\/","og_site_name":"Les Aliments Maple Leaf","article_modified_time":"2025-07-24T19:17:54+00:00","og_image":[{"url":"https:\/\/www.mapleleaffoods.com\/fr\/wp-content\/uploads\/sites\/7\/2022\/07\/MLF-AnimalsSafeFromAvianInfluenza.jpg"}],"twitter_card":"summary_large_image","twitter_misc":{"Dur\u00e9e de lecture estim\u00e9e":"2 minutes"},"schema":{"@context":"https:\/\/schema.org","@graph":[{"@type":"WebPage","@id":"https:\/\/www.mapleleaffoods.com\/fr\/nos-engagements\/soins-animaux\/prevenir-linfluenza-aviaire\/","url":"https:\/\/www.mapleleaffoods.com\/fr\/nos-engagements\/soins-animaux\/prevenir-linfluenza-aviaire\/","name":"Pr\u00e9venir l\u2019influenza aviaire | Les Aliments Maple Leaf","isPartOf":{"@id":"https:\/\/www.mapleleaffoods.com\/fr\/#website"},"datePublished":"2022-07-27T16:45:43+00:00","dateModified":"2025-07-24T19:17:54+00:00","description":"La grippe aviaire est une maladie qui peut affecter les poulets, les dindes, les canards et les oiseaux sauvages - les souches peuvent avoir des effets...","breadcrumb":{"@id":"https:\/\/www.mapleleaffoods.com\/fr\/nos-engagements\/soins-animaux\/prevenir-linfluenza-aviaire\/#breadcrumb"},"inLanguage":"fr-FR","potentialAction":[{"@type":"ReadAction","target":["https:\/\/www.mapleleaffoods.com\/fr\/nos-engagements\/soins-animaux\/prevenir-linfluenza-aviaire\/"]}]},{"@type":"BreadcrumbList","@id":"https:\/\/www.mapleleaffoods.com\/fr\/nos-engagements\/soins-animaux\/prevenir-linfluenza-aviaire\/#breadcrumb","itemListElement":[{"@type":"ListItem","position":1,"name":"Page d\u2019accueil","item":"https:\/\/www.mapleleaffoods.com\/fr\/"},{"@type":"ListItem","position":2,"name":"Nos engagements","item":"https:\/\/www.mapleleaffoods.com\/fr\/nos-engagements\/"},{"@type":"ListItem","position":3,"name":"Soins des animaux","item":"https:\/\/www.mapleleaffoods.com\/fr\/nos-engagements\/soins-animaux\/"},{"@type":"ListItem","position":4,"name":"Pr\u00e9venir l\u2019influenza aviaire"}]},{"@type":"WebSite","@id":"https:\/\/www.mapleleaffoods.com\/fr\/#website","url":"https:\/\/www.mapleleaffoods.com\/fr\/","name":"Les Aliments Maple Leaf","description":"Premi\u00e8re grande entreprise alimentaire carboneutre au monde","publisher":{"@id":"https:\/\/www.mapleleaffoods.com\/fr\/#organization"},"potentialAction":[{"@type":"SearchAction","target":{"@type":"EntryPoint","urlTemplate":"https:\/\/www.mapleleaffoods.com\/fr\/?s={search_term_string}"},"query-input":"required name=search_term_string"}],"inLanguage":"fr-FR"},{"@type":"Organization","@id":"https:\/\/www.mapleleaffoods.com\/fr\/#organization","name":"Les Aliments Maple Leaf","url":"https:\/\/www.mapleleaffoods.com\/fr\/","logo":{"@type":"ImageObject","inLanguage":"fr-FR","@id":"https:\/\/www.mapleleaffoods.com\/fr\/#\/schema\/logo\/image\/","url":"https:\/\/www.mapleleaffoods.com\/fr\/wp-content\/uploads\/sites\/7\/2026\/02\/L_MapleLeaf_4C_White_v1_EN.png","contentUrl":"https:\/\/www.mapleleaffoods.com\/fr\/wp-content\/uploads\/sites\/7\/2026\/02\/L_MapleLeaf_4C_White_v1_EN.png","width":1829,"height":2200,"caption":"Les Aliments Maple Leaf"},"image":{"@id":"https:\/\/www.mapleleaffoods.com\/fr\/#\/schema\/logo\/image\/"}}]}},"jetpack_sharing_enabled":true,"_links":{"self":[{"href":"https:\/\/www.mapleleaffoods.com\/fr\/wp-json\/wp\/v2\/pages\/252145"}],"collection":[{"href":"https:\/\/www.mapleleaffoods.com\/fr\/wp-json\/wp\/v2\/pages"}],"about":[{"href":"https:\/\/www.mapleleaffoods.com\/fr\/wp-json\/wp\/v2\/types\/page"}],"author":[{"embeddable":true,"href":"https:\/\/www.mapleleaffoods.com\/fr\/wp-json\/wp\/v2\/users\/14"}],"replies":[{"embeddable":true,"href":"https:\/\/www.mapleleaffoods.com\/fr\/wp-json\/wp\/v2\/comments?post=252145"}],"version-history":[{"count":9,"href":"https:\/\/www.mapleleaffoods.com\/fr\/wp-json\/wp\/v2\/pages\/252145\/revisions"}],"predecessor-version":[{"id":259633,"href":"https:\/\/www.mapleleaffoods.com\/fr\/wp-json\/wp\/v2\/pages\/252145\/revisions\/259633"}],"up":[{"embeddable":true,"href":"https:\/\/www.mapleleaffoods.com\/fr\/wp-json\/wp\/v2\/pages\/247562"}],"wp:attachment":[{"href":"https:\/\/www.mapleleaffoods.com\/fr\/wp-json\/wp\/v2\/media?parent=252145"}],"curies":[{"name":"wp","href":"https:\/\/api.w.org\/{rel}","templated":true}]}}