{"id":247745,"date":"2022-03-09T17:19:25","date_gmt":"2022-03-09T17:19:25","guid":{"rendered":"https:\/\/staging.mapleleaffoods.com\/fr\/?page_id=247745"},"modified":"2025-07-24T15:23:35","modified_gmt":"2025-07-24T19:23:35","slug":"sante-mentale","status":"publish","type":"page","link":"https:\/\/www.mapleleaffoods.com\/fr\/nos-engagements\/personnel\/sante-mentale\/","title":{"rendered":"Sant\u00e9 mentale"},"content":{"rendered":"<div class=\"yoast-breadcrumbs\"><span><span><a href=\"https:\/\/www.mapleleaffoods.com\/fr\/\">Page d\u2019accueil<\/a><\/span> <span class=\"yoast-custom-separator\"><\/span> <span><a href=\"https:\/\/www.mapleleaffoods.com\/fr\/nos-engagements\/\">Nos engagements<\/a><\/span> <span class=\"yoast-custom-separator\"><\/span> <span><a href=\"https:\/\/www.mapleleaffoods.com\/fr\/nos-engagements\/personnel\/\">Personnel<\/a><\/span> <span class=\"yoast-custom-separator\"><\/span> <span class=\"breadcrumb_last\" aria-current=\"page\">Sant\u00e9 mentale<\/span><\/span><\/div>\n\n\t<style type=\"text\/css\">\n\t\t.wp-block-tk-spacer.id-0a36021e-927f-4b3f-8431-c05aa98eb95b {\n\t\theight: 75px;\n\t}\n\n\t@media ( max-width: 480px ) {\n\t\t.wp-block-tk-spacer.id-0a36021e-927f-4b3f-8431-c05aa98eb95b {\n\t\t\theight: 100px;\n\t\t}\n\t}\t<\/style>\n\t<div class=\"wp-block-tk-spacer id-0a36021e-927f-4b3f-8431-c05aa98eb95b\" aria-hidden=\"true\"><\/div>\n\t\n\n\n<section class=\"wp-block-mlfcorp-level-one-header\"><span class=\"has-h-5-font-size\"><mark class=\"has-inline-color has-flag-blue-color\">Une culture qui favorise<\/mark><\/span><h1 class=\"has-h-1-font-size\">la sant\u00e9 <mark class=\"has-inline-color has-flag-blue-color\">mentale<\/mark><mark class=\"has-inline-color has-corporate-dark-blue-color\"> <\/mark><br><mark class=\"has-inline-color has-corporate-dark-blue-color\">et le bien-\u00eatre<\/mark><\/h1><\/section>\n\n\n\t<style type=\"text\/css\">\n\t\t.wp-block-tk-spacer.id-b14e7968-295b-4827-aed6-74e5efb83ff3 {\n\t\theight: 100px;\n\t}\n\n\t@media ( max-width: 480px ) {\n\t\t.wp-block-tk-spacer.id-b14e7968-295b-4827-aed6-74e5efb83ff3 {\n\t\t\theight: 100px;\n\t\t}\n\t}\t<\/style>\n\t<div class=\"wp-block-tk-spacer id-b14e7968-295b-4827-aed6-74e5efb83ff3\" aria-hidden=\"true\"><\/div>\n\t\n\n\n<div class=\"wp-block-tk-grid\"><div class=\"grid\"><div class=\"sm-col-12 lg-col-12 sm-start-0 lg-start-3\">\n<h2 class=\"wp-block-heading\" id=\"mental-health-is-an-increasing-social-priority\">La sant\u00e9 mentale est une priorit\u00e9 sociale croissante. <\/h2>\n\n\n\n<h4 class=\"wp-block-heading\" id=\"mental-health-is-an-increasing-social-priority-we-re-paying-attention-to-mental-health-challenges-in-the-workplace-and-have-introduced-the-you-are-not-alone-initiative-to-help-our-people-focus-on-their-mental-wellbeing\"><mark class=\"has-inline-color has-corporate-dark-blue-color\"><br>Nous pr\u00eatons attention aux probl\u00e8mes de sant\u00e9 mentale en milieu de travail et avons introduit le programme \u00ab&nbsp;Vous n'\u00eates pas seul!&nbsp;\u00bb initiative visant \u00e0 soutenir nos gens par des moyens \u00e9prouv\u00e9s et efficaces.<\/mark><\/h4>\n<\/div><\/div><\/div>\n\n\n\t<style type=\"text\/css\">\n\t\t.wp-block-tk-spacer.id-b728ae2e-6722-4962-bb4f-a7be49e942d5 {\n\t\theight: 100px;\n\t}\n\n\t@media ( max-width: 480px ) {\n\t\t.wp-block-tk-spacer.id-b728ae2e-6722-4962-bb4f-a7be49e942d5 {\n\t\t\theight: 100px;\n\t\t}\n\t}\t<\/style>\n\t<div class=\"wp-block-tk-spacer id-b728ae2e-6722-4962-bb4f-a7be49e942d5\" aria-hidden=\"true\"><\/div>\n\t\n\n\n<div class=\"wp-block-mlfcorp-card-component-block card-component-container card-layout-horizontal card-position-center image-orientation-left\" style=\"padding-top:0\"><div class=\"grid top\"><div class=\"sm-col-12 lg-col-6 lg-start-1 image-wrapper\"><div class=\"card-image-container top image-orientation-left\"><img decoding=\"async\" width=\"2222\" height=\"1622\" src=\"https:\/\/www.mapleleaffoods.com\/fr\/wp-content\/uploads\/sites\/7\/2020\/05\/Maple-Leaf-Foods-Mental-Health-Support.jpg\" alt=\"Gros plan de deux personnes se tenant les mains en signe de r\u00e9confort.\" class=\"card-component-image has-border-radius wp-image-240460\" srcset=\"https:\/\/b3412141.smushcdn.com\/3412141\/wp-content\/uploads\/sites\/7\/2020\/05\/Maple-Leaf-Foods-Mental-Health-Support.jpg?lossy=1&amp;strip=1&amp;webp=1 2222w, https:\/\/b3412141.smushcdn.com\/3412141\/wp-content\/uploads\/sites\/7\/2020\/05\/Maple-Leaf-Foods-Mental-Health-Support-300x219.jpg?lossy=1&amp;strip=1&amp;webp=1 300w, https:\/\/b3412141.smushcdn.com\/3412141\/wp-content\/uploads\/sites\/7\/2020\/05\/Maple-Leaf-Foods-Mental-Health-Support-1024x747.jpg?lossy=1&amp;strip=1&amp;webp=1 1024w, https:\/\/b3412141.smushcdn.com\/3412141\/wp-content\/uploads\/sites\/7\/2020\/05\/Maple-Leaf-Foods-Mental-Health-Support-1536x1121.jpg?lossy=1&amp;strip=1&amp;webp=1 1536w, https:\/\/b3412141.smushcdn.com\/3412141\/wp-content\/uploads\/sites\/7\/2020\/05\/Maple-Leaf-Foods-Mental-Health-Support-2048x1495.jpg?lossy=1&amp;strip=1&amp;webp=1 2048w, https:\/\/b3412141.smushcdn.com\/3412141\/wp-content\/uploads\/sites\/7\/2020\/05\/Maple-Leaf-Foods-Mental-Health-Support-1280x934.jpg?lossy=1&amp;strip=1&amp;webp=1 1280w, https:\/\/b3412141.smushcdn.com\/3412141\/wp-content\/uploads\/sites\/7\/2020\/05\/Maple-Leaf-Foods-Mental-Health-Support-1920x1402.jpg?lossy=1&amp;strip=1&amp;webp=1 1920w\" sizes=\"(max-width: 2222px) 100vw, 2222px\" \/><\/div><\/div><div class=\"\n\t\t\t\t\t\t\t\tsm-col-12 lg-col-6 details-wrapper\n\t\t\t\t\t\t\t\t\n\t\t\t\t\t\t\t\t\" style=\"margin-top:0\"><div class=\"card-component-details top image-orientation-left\"><div><h4 class=\"title-heading\">Soutenir la sant\u00e9 mentale de nos collaborateurs <\/h4><p class=\"card-component-text\">Soutenir la sant\u00e9 mentale de nos collaborateurs est tout aussi important que de soutenir leur sant\u00e9 physique. Nous avons tous besoin de soins et de soutien, et nous nous engageons \u00e0 les fournir.<\/p><\/div><\/div><\/div><\/div><\/div>\n\n\n\t<style type=\"text\/css\">\n\t\t.wp-block-tk-spacer.id-483e0a8c-a40f-425e-8cd0-eea02017efa5 {\n\t\theight: 200px;\n\t}\n\n\t@media ( max-width: 480px ) {\n\t\t.wp-block-tk-spacer.id-483e0a8c-a40f-425e-8cd0-eea02017efa5 {\n\t\t\theight: 100px;\n\t\t}\n\t}\t<\/style>\n\t<div class=\"wp-block-tk-spacer id-483e0a8c-a40f-425e-8cd0-eea02017efa5\" aria-hidden=\"true\"><\/div>\n\t\n\n\n<div class=\"wp-block-mlfcorp-card-component-block card-component-container hide-image card-layout-vertical card-position-center image-orientation-right\" style=\"padding-top:0\"><div class=\"grid align-left\"><div class=\"\n\t\t\t\t\t\t\t\tsm-col-12 lg-col-12 details-wrapper\n\t\t\t\t\t\t\t\tsm-col-12 lg-col-12 details-wrapper lg-start-1\n\t\t\t\t\t\t\t\t\" style=\"margin-top:0\"><div class=\"card-component-details align-left image-orientation-right\"><div><h4 class=\"title-heading\">Offrir un soutien en mati\u00e8re de sant\u00e9 mentale au travail<\/h4><p class=\"card-component-text\">Nous nous sommes associ\u00e9s \u00e0 l'un des meilleurs h\u00f4pitaux et centres de recherche en sant\u00e9 mentale au monde, le Centre de toxicomanie et de sant\u00e9 mentale (Centre for Addiction and Mental Health\/CAMH), pour \u00e9laborer notre initiative \u00ab Vous n'\u00eates pas seul! \u00bb, en mettant l'accent sur :<\/p><\/div><\/div><\/div><\/div><\/div>\n\n\n\n<div class=\"wp-block-columns is-layout-flex wp-container-core-columns-is-layout-1 wp-block-columns-is-layout-flex\">\n<div class=\"wp-block-column is-layout-flow wp-block-column-is-layout-flow\" style=\"flex-basis:50%\">\n<div class=\"wp-block-mlfcorp-card-component-block card-component-container card-layout-horizontal card-position-center image-orientation-right\" style=\"padding-top:0\"><div class=\"grid top\"><div class=\"sm-col-12 lg-col-6 lg-start-1 details-wrapper\"><div class=\"card-component-details top image-orientation-right\"><div><\/div><\/div><\/div><div class=\"sm-col-12 lg-col-12 image-wrapper\" style=\"margin-top:0\"><div class=\"card-image-container top image-orientation-right\"><img decoding=\"async\" width=\"630\" height=\"546\" src=\"https:\/\/www.mapleleaffoods.com\/fr\/wp-content\/uploads\/sites\/7\/2022\/11\/MLF-mental-health-support.jpg\" alt=\"Deux femmes se soutiennent\" class=\"card-component-image has-border-radius wp-image-253577\" srcset=\"https:\/\/b3412141.smushcdn.com\/3412141\/wp-content\/uploads\/sites\/7\/2022\/11\/MLF-mental-health-support.jpg?lossy=1&amp;strip=1&amp;webp=1 630w, https:\/\/b3412141.smushcdn.com\/3412141\/wp-content\/uploads\/sites\/7\/2022\/11\/MLF-mental-health-support-300x260.jpg?lossy=1&amp;strip=1&amp;webp=1 300w\" sizes=\"(max-width: 630px) 100vw, 630px\" \/><\/div><\/div><\/div><\/div>\n<\/div>\n\n\n\n<div class=\"wp-block-column is-layout-flow wp-block-column-is-layout-flow\" style=\"flex-basis:50%\">\n<div class=\"wp-block-group is-style-border-radius is-layout-flow wp-block-group-is-layout-flow\"><div class=\"wp-list-block\">\n<ol style=\"list-style-type:1\" class=\"wp-block-list is-style-default\">\n<li><strong>Faciliter l'acc\u00e8s \u00e0 un soutien efficace : <\/strong>Nous avons augment\u00e9 les prestations de sant\u00e9 mentale \u00e0 tous les employ\u00e9s salari\u00e9s admissibles et \u00e0 leurs personnes \u00e0 charge. Nous avons lanc\u00e9 des plateformes num\u00e9riques de <em>counseling<\/em> qui offrent une gamme de soutiens, y compris la th\u00e9rapie cognitivo-comportementale.<\/li>\n\n\n\n<li><strong>Mettre fin \u00e0 la stigmatisation : <\/strong>Nous invitons des conf\u00e9renciers et organisons des \u00e9v\u00e9nements afin de cr\u00e9er un espace pour un dialogue significatif. Nous voulons accro\u00eetre la compr\u00e9hension de la sant\u00e9 mentale chez tous les employ\u00e9s des Aliments Maple Leaf.<\/li>\n\n\n\n<li><strong>Formation et \u00e9ducation : <\/strong>L'\u00e9ducation et la formation sont essentielles \u00e0 la cr\u00e9ation d'un milieu de travail psychologiquement sain. Nous formons nos chefs de personnel pour les sensibiliser aux probl\u00e8mes de sant\u00e9 mentale et aux mesures \u00e0 prendre.<\/li>\n\n\n\n<li><strong>Soutien d\u2019adaptation :&nbsp; <\/strong>Nous fournissons \u00e0 nos employ\u00e9s l\u2019adaptation n\u00e9cessaire pour r\u00e9pondre \u00e0 leurs besoins en mati\u00e8re de sant\u00e9 mentale, et ce, de mani\u00e8re coh\u00e9rente et continue.<\/li>\n<\/ol>\n<\/div><\/div>\n<\/div>\n<\/div>\n\n\n\n<p>Nous offrons \u00e9galement des th\u00e9rapies en ligne visant \u00e0 traiter l\u2019anxi\u00e9t\u00e9, la d\u00e9pression, le stress post-traumatique, le sentiment de panique et l\u2019insomnie, entre autres. Avec l\u2019aide des sp\u00e9cialistes externes avec lesquels nous collaborons, nous avons \u00e9largi la liste des sp\u00e9cialit\u00e9s th\u00e9rapeutiques. Celle-ci comprend d\u00e9sormais les soins tenant compte des traumatismes raciaux, les pratiques de gu\u00e9rison autochtones, les soins d\u2019affirmation du genre et la parentalit\u00e9, entre autres.<\/p>\n\n\n\t<style type=\"text\/css\">\n\t\t.wp-block-tk-spacer.id-c98d982c-a884-44ca-9a20-c0b982ee12d3 {\n\t\theight: 200px;\n\t}\n\n\t@media ( max-width: 480px ) {\n\t\t.wp-block-tk-spacer.id-c98d982c-a884-44ca-9a20-c0b982ee12d3 {\n\t\t\theight: 100px;\n\t\t}\n\t}\t<\/style>\n\t<div class=\"wp-block-tk-spacer id-c98d982c-a884-44ca-9a20-c0b982ee12d3\" aria-hidden=\"true\"><\/div>\n\t\n\n\n<div class=\"wp-block-group is-style-border-radius has-ultra-light-green-background-color has-background is-layout-flow wp-block-group-is-layout-flow\">\t<style type=\"text\/css\">\n\t\t.wp-block-tk-spacer.id-c0ce90e0-707c-42e0-8c35-77e57a00359a {\n\t\theight: 60px;\n\t}\n\n\t@media ( max-width: 480px ) {\n\t\t.wp-block-tk-spacer.id-c0ce90e0-707c-42e0-8c35-77e57a00359a {\n\t\t\theight: 100px;\n\t\t}\n\t}\t<\/style>\n\t<div class=\"wp-block-tk-spacer id-c0ce90e0-707c-42e0-8c35-77e57a00359a\" aria-hidden=\"true\"><\/div>\n\t\n\n\n<div class=\"wp-block-columns is-layout-flex wp-container-core-columns-is-layout-2 wp-block-columns-is-layout-flex\">\n<div class=\"wp-block-column is-layout-flow wp-block-column-is-layout-flow\" style=\"flex-basis:58%\">\n<h3 class=\"wp-block-heading\"><font style=\"vertical-align: inherit\"><font style=\"vertical-align: inherit\">R<mark class=\"has-inline-color has-flag-blue-color\">apport int\u00e9gr\u00e9<\/mark><\/font><\/font><\/h3>\n\n\n\n<p>Nous documentons et calculons tous les changements que nous apportons. D\u00e9couvrez nos progr\u00e8s dans notre dernier rapport int\u00e9gr\u00e9.<\/p>\n<\/div>\n\n\n\n<div class=\"wp-block-column is-vertically-aligned-center is-layout-flow wp-block-column-is-layout-flow\" style=\"flex-basis:33%\">\n<div class=\"wp-block-buttons is-vertical is-content-justification-left is-layout-flex wp-container-core-buttons-is-layout-1 wp-block-buttons-is-layout-flex\">\n<div class=\"wp-block-button is-style-white top-right-arrow-icon\"><a class=\"wp-block-button__link wp-element-button\" href=\"https:\/\/www.mapleleaffoods.com\/fr\/wp-content\/uploads\/sites\/7\/2026\/01\/MLF_IntegratedReport_2024_FR-CA.pdf\" target=\"_blank\" rel=\"noreferrer noopener\" aria-label=\"Parution de notre premier rapport int\u00e9gr\u00e9\u00a02022\" download>Consulter le rapport<\/a><span class=\"file-size-button\">20 Mo<\/span><\/div>\n<\/div>\n<\/div>\n<\/div>\n\n\n\t<style type=\"text\/css\">\n\t\t.wp-block-tk-spacer.id-c762343c-8e83-4357-acac-0c4accae0173 {\n\t\theight: 60px;\n\t}\n\n\t@media ( max-width: 480px ) {\n\t\t.wp-block-tk-spacer.id-c762343c-8e83-4357-acac-0c4accae0173 {\n\t\t\theight: 100px;\n\t\t}\n\t}\t<\/style>\n\t<div class=\"wp-block-tk-spacer id-c762343c-8e83-4357-acac-0c4accae0173\" aria-hidden=\"true\"><\/div>\n\t<\/div>\n\n\n\t<style type=\"text\/css\">\n\t\t.wp-block-tk-spacer.id-867af5bb-0999-4401-bfb8-ed84e4cc1760 {\n\t\theight: 200px;\n\t}\n\n\t@media ( max-width: 480px ) {\n\t\t.wp-block-tk-spacer.id-867af5bb-0999-4401-bfb8-ed84e4cc1760 {\n\t\t\theight: 100px;\n\t\t}\n\t}\t<\/style>\n\t<div class=\"wp-block-tk-spacer id-867af5bb-0999-4401-bfb8-ed84e4cc1760\" aria-hidden=\"true\"><\/div>\n\t\n\n\n\t\t<div class=\"pre-footer-block alignfull\">\n\t\t\t<div class=\"grid-container\">\n\t\t\t\t<div class=\"grid\">\n\t\t\t\t\t\t\t\t\t\t\t\t\t\t\t\t\t\t<div class=\"sm-col-12\tlg-col-11 lg-start-2\">\n\t\t\t\t\t\t\t\t\n<p class=\"pre-footer-surtitle\">Davantage dans<\/p>\n\n<h2 class=\"pre-footer-title\">nos engagements<\/h2>\n\t\t\t\t\t\t\t<\/div>\n\t\t\t\t\t\t\t\t\t\t\t\t\t\t\t\t\t<ul class=\"is-style-pre-footer sm-col-12 lg-col-4 lg-start-2\">\n\t\t\t\t\t\t\t\t\t\t\t\t\t\t\t\t\t\t\t<li><a href=\"https:\/\/www.mapleleaffoods.com\/fr\/nos-engagements\/environnement\/\">Environnement<\/a><\/li>\n\t\t\t\t\t\t\t\t\t\t\t\t\t\t\t\t\t\t\t\t\t\t\t<li><a href=\"https:\/\/www.mapleleaffoods.com\/fr\/nos-engagements\/soins-animaux\/\">Soins des animaux<\/a><\/li>\n\t\t\t\t\t\t\t\t\t\t\t\t\t\t\t\t\t\t\t\t\t\t\t<li><a href=\"https:\/\/www.mapleleaffoods.com\/fr\/nos-engagements\/de-bons-aliments\/\">De bons aliments<\/a><\/li>\n\t\t\t\t\t\t\t\t\t\t\t\t\t\t\t\t\t<\/ul>\n\t\t\t\t\t\t<ul class=\"is-style-pre-footer sm-col-12 lg-col-4\">\n\t\t\t\t\t\t\t\t\t\t\t\t\t\t\t\t\t\t<li><a href=\"https:\/\/www.mapleleaffoods.com\/fr\/nos-engagements\/aliments-salubres\/\">Des aliments salubres<\/a><\/li>\n\t\t\t\t\t\t\t\t\t\t\t\t\t\t\t\t\t\t\t\t\t<li><a href=\"https:\/\/www.mapleleaffoods.com\/fr\/nos-engagements\/personnel\/\">Personnel<\/a><\/li>\n\t\t\t\t\t\t\t\t\t\t\t\t\t\t\t\t\t\t\t\t\t<li><a href=\"https:\/\/www.mapleleaffoods.com\/fr\/nos-engagements\/collectivites\/\">Collectivit\u00e9s<\/a><\/li>\n\t\t\t\t\t\t\t\t\t\t\t\t\t\t\t\t<\/ul>\n\t\t\t\t\t\t\t\t\t<\/div>\n\t\t\t<\/div>\n\t\t<\/div>\n\t\t","protected":false},"excerpt":{"rendered":"<p>Nous offrons \u00e9galement des th\u00e9rapies en ligne visant \u00e0 traiter l\u2019anxi\u00e9t\u00e9, la d\u00e9pression, le stress post-traumatique, le sentiment de panique [&hellip;]<\/p>\n","protected":false},"author":18,"featured_media":0,"parent":247742,"menu_order":3,"comment_status":"closed","ping_status":"closed","template":"","meta":{"mlfcorp_iframe_url":"","footnotes":""},"class_list":["post-247745","page","type-page","status-publish","hentry"],"acf":[],"yoast_head":"<!-- This site is optimized with the Yoast SEO plugin v21.7 - https:\/\/yoast.com\/wordpress\/plugins\/seo\/ -->\n<title>Sant\u00e9 mentale et bien-\u00eatre | Les Aliments Maple Leaf<\/title>\n<meta name=\"description\" content=\"Nous nous sommes engag\u00e9s \u00e0 instaurer une culture qui favorise la sant\u00e9 mentale et le bien-\u00eatre. Nous avons mis en place des programmes de sant\u00e9 mentale...\" \/>\n<meta name=\"robots\" content=\"index, follow, max-snippet:-1, max-image-preview:large, max-video-preview:-1\" \/>\n<link rel=\"canonical\" href=\"https:\/\/www.mapleleaffoods.com\/fr\/nos-engagements\/personnel\/sante-mentale\/\" \/>\n<meta property=\"og:locale\" content=\"fr_FR\" \/>\n<meta property=\"og:type\" content=\"article\" \/>\n<meta property=\"og:title\" content=\"Sant\u00e9 mentale et bien-\u00eatre | Les Aliments Maple Leaf\" \/>\n<meta property=\"og:description\" content=\"Nous nous sommes engag\u00e9s \u00e0 instaurer une culture qui favorise la sant\u00e9 mentale et le bien-\u00eatre. Nous avons mis en place des programmes de sant\u00e9 mentale...\" \/>\n<meta property=\"og:url\" content=\"https:\/\/www.mapleleaffoods.com\/fr\/nos-engagements\/personnel\/sante-mentale\/\" \/>\n<meta property=\"og:site_name\" content=\"Les Aliments Maple Leaf\" \/>\n<meta property=\"article:modified_time\" content=\"2025-07-24T19:23:35+00:00\" \/>\n<meta property=\"og:image\" content=\"https:\/\/www.mapleleaffoods.com\/fr\/wp-content\/uploads\/sites\/7\/2020\/05\/Maple-Leaf-Foods-Mental-Health-Support.jpg\" \/>\n<meta name=\"twitter:card\" content=\"summary_large_image\" \/>\n<meta name=\"twitter:label1\" content=\"Dur\u00e9e de lecture estim\u00e9e\" \/>\n\t<meta name=\"twitter:data1\" content=\"3 minutes\" \/>\n<script type=\"application\/ld+json\" class=\"yoast-schema-graph\">{\"@context\":\"https:\/\/schema.org\",\"@graph\":[{\"@type\":\"WebPage\",\"@id\":\"https:\/\/www.mapleleaffoods.com\/fr\/nos-engagements\/personnel\/sante-mentale\/\",\"url\":\"https:\/\/www.mapleleaffoods.com\/fr\/nos-engagements\/personnel\/sante-mentale\/\",\"name\":\"Sant\u00e9 mentale et bien-\u00eatre | Les Aliments Maple Leaf\",\"isPartOf\":{\"@id\":\"https:\/\/www.mapleleaffoods.com\/fr\/#website\"},\"datePublished\":\"2022-03-09T17:19:25+00:00\",\"dateModified\":\"2025-07-24T19:23:35+00:00\",\"description\":\"Nous nous sommes engag\u00e9s \u00e0 instaurer une culture qui favorise la sant\u00e9 mentale et le bien-\u00eatre. Nous avons mis en place des programmes de sant\u00e9 mentale...\",\"breadcrumb\":{\"@id\":\"https:\/\/www.mapleleaffoods.com\/fr\/nos-engagements\/personnel\/sante-mentale\/#breadcrumb\"},\"inLanguage\":\"fr-FR\",\"potentialAction\":[{\"@type\":\"ReadAction\",\"target\":[\"https:\/\/www.mapleleaffoods.com\/fr\/nos-engagements\/personnel\/sante-mentale\/\"]}]},{\"@type\":\"BreadcrumbList\",\"@id\":\"https:\/\/www.mapleleaffoods.com\/fr\/nos-engagements\/personnel\/sante-mentale\/#breadcrumb\",\"itemListElement\":[{\"@type\":\"ListItem\",\"position\":1,\"name\":\"Page d\u2019accueil\",\"item\":\"https:\/\/www.mapleleaffoods.com\/fr\/\"},{\"@type\":\"ListItem\",\"position\":2,\"name\":\"Nos engagements\",\"item\":\"https:\/\/www.mapleleaffoods.com\/fr\/nos-engagements\/\"},{\"@type\":\"ListItem\",\"position\":3,\"name\":\"Personnel\",\"item\":\"https:\/\/www.mapleleaffoods.com\/fr\/nos-engagements\/personnel\/\"},{\"@type\":\"ListItem\",\"position\":4,\"name\":\"Sant\u00e9 mentale\"}]},{\"@type\":\"WebSite\",\"@id\":\"https:\/\/www.mapleleaffoods.com\/fr\/#website\",\"url\":\"https:\/\/www.mapleleaffoods.com\/fr\/\",\"name\":\"Les Aliments Maple Leaf\",\"description\":\"Premi\u00e8re grande entreprise alimentaire carboneutre au monde\",\"publisher\":{\"@id\":\"https:\/\/www.mapleleaffoods.com\/fr\/#organization\"},\"potentialAction\":[{\"@type\":\"SearchAction\",\"target\":{\"@type\":\"EntryPoint\",\"urlTemplate\":\"https:\/\/www.mapleleaffoods.com\/fr\/?s={search_term_string}\"},\"query-input\":\"required name=search_term_string\"}],\"inLanguage\":\"fr-FR\"},{\"@type\":\"Organization\",\"@id\":\"https:\/\/www.mapleleaffoods.com\/fr\/#organization\",\"name\":\"Les Aliments Maple Leaf\",\"url\":\"https:\/\/www.mapleleaffoods.com\/fr\/\",\"logo\":{\"@type\":\"ImageObject\",\"inLanguage\":\"fr-FR\",\"@id\":\"https:\/\/www.mapleleaffoods.com\/fr\/#\/schema\/logo\/image\/\",\"url\":\"https:\/\/www.mapleleaffoods.com\/fr\/wp-content\/uploads\/sites\/7\/2026\/02\/L_MapleLeaf_4C_White_v1_EN.png\",\"contentUrl\":\"https:\/\/www.mapleleaffoods.com\/fr\/wp-content\/uploads\/sites\/7\/2026\/02\/L_MapleLeaf_4C_White_v1_EN.png\",\"width\":1829,\"height\":2200,\"caption\":\"Les Aliments Maple Leaf\"},\"image\":{\"@id\":\"https:\/\/www.mapleleaffoods.com\/fr\/#\/schema\/logo\/image\/\"}}]}<\/script>\n<!-- \/ Yoast SEO plugin. -->","yoast_head_json":{"title":"Sant\u00e9 mentale et bien-\u00eatre | Les Aliments Maple Leaf","description":"Nous nous sommes engag\u00e9s \u00e0 instaurer une culture qui favorise la sant\u00e9 mentale et le bien-\u00eatre. Nous avons mis en place des programmes de sant\u00e9 mentale...","robots":{"index":"index","follow":"follow","max-snippet":"max-snippet:-1","max-image-preview":"max-image-preview:large","max-video-preview":"max-video-preview:-1"},"canonical":"https:\/\/www.mapleleaffoods.com\/fr\/nos-engagements\/personnel\/sante-mentale\/","og_locale":"fr_FR","og_type":"article","og_title":"Sant\u00e9 mentale et bien-\u00eatre | Les Aliments Maple Leaf","og_description":"Nous nous sommes engag\u00e9s \u00e0 instaurer une culture qui favorise la sant\u00e9 mentale et le bien-\u00eatre. Nous avons mis en place des programmes de sant\u00e9 mentale...","og_url":"https:\/\/www.mapleleaffoods.com\/fr\/nos-engagements\/personnel\/sante-mentale\/","og_site_name":"Les Aliments Maple Leaf","article_modified_time":"2025-07-24T19:23:35+00:00","og_image":[{"url":"https:\/\/www.mapleleaffoods.com\/fr\/wp-content\/uploads\/sites\/7\/2020\/05\/Maple-Leaf-Foods-Mental-Health-Support.jpg"}],"twitter_card":"summary_large_image","twitter_misc":{"Dur\u00e9e de lecture estim\u00e9e":"3 minutes"},"schema":{"@context":"https:\/\/schema.org","@graph":[{"@type":"WebPage","@id":"https:\/\/www.mapleleaffoods.com\/fr\/nos-engagements\/personnel\/sante-mentale\/","url":"https:\/\/www.mapleleaffoods.com\/fr\/nos-engagements\/personnel\/sante-mentale\/","name":"Sant\u00e9 mentale et bien-\u00eatre | Les Aliments Maple Leaf","isPartOf":{"@id":"https:\/\/www.mapleleaffoods.com\/fr\/#website"},"datePublished":"2022-03-09T17:19:25+00:00","dateModified":"2025-07-24T19:23:35+00:00","description":"Nous nous sommes engag\u00e9s \u00e0 instaurer une culture qui favorise la sant\u00e9 mentale et le bien-\u00eatre. Nous avons mis en place des programmes de sant\u00e9 mentale...","breadcrumb":{"@id":"https:\/\/www.mapleleaffoods.com\/fr\/nos-engagements\/personnel\/sante-mentale\/#breadcrumb"},"inLanguage":"fr-FR","potentialAction":[{"@type":"ReadAction","target":["https:\/\/www.mapleleaffoods.com\/fr\/nos-engagements\/personnel\/sante-mentale\/"]}]},{"@type":"BreadcrumbList","@id":"https:\/\/www.mapleleaffoods.com\/fr\/nos-engagements\/personnel\/sante-mentale\/#breadcrumb","itemListElement":[{"@type":"ListItem","position":1,"name":"Page d\u2019accueil","item":"https:\/\/www.mapleleaffoods.com\/fr\/"},{"@type":"ListItem","position":2,"name":"Nos engagements","item":"https:\/\/www.mapleleaffoods.com\/fr\/nos-engagements\/"},{"@type":"ListItem","position":3,"name":"Personnel","item":"https:\/\/www.mapleleaffoods.com\/fr\/nos-engagements\/personnel\/"},{"@type":"ListItem","position":4,"name":"Sant\u00e9 mentale"}]},{"@type":"WebSite","@id":"https:\/\/www.mapleleaffoods.com\/fr\/#website","url":"https:\/\/www.mapleleaffoods.com\/fr\/","name":"Les Aliments Maple Leaf","description":"Premi\u00e8re grande entreprise alimentaire carboneutre au monde","publisher":{"@id":"https:\/\/www.mapleleaffoods.com\/fr\/#organization"},"potentialAction":[{"@type":"SearchAction","target":{"@type":"EntryPoint","urlTemplate":"https:\/\/www.mapleleaffoods.com\/fr\/?s={search_term_string}"},"query-input":"required name=search_term_string"}],"inLanguage":"fr-FR"},{"@type":"Organization","@id":"https:\/\/www.mapleleaffoods.com\/fr\/#organization","name":"Les Aliments Maple Leaf","url":"https:\/\/www.mapleleaffoods.com\/fr\/","logo":{"@type":"ImageObject","inLanguage":"fr-FR","@id":"https:\/\/www.mapleleaffoods.com\/fr\/#\/schema\/logo\/image\/","url":"https:\/\/www.mapleleaffoods.com\/fr\/wp-content\/uploads\/sites\/7\/2026\/02\/L_MapleLeaf_4C_White_v1_EN.png","contentUrl":"https:\/\/www.mapleleaffoods.com\/fr\/wp-content\/uploads\/sites\/7\/2026\/02\/L_MapleLeaf_4C_White_v1_EN.png","width":1829,"height":2200,"caption":"Les Aliments Maple Leaf"},"image":{"@id":"https:\/\/www.mapleleaffoods.com\/fr\/#\/schema\/logo\/image\/"}}]}},"jetpack_sharing_enabled":true,"_links":{"self":[{"href":"https:\/\/www.mapleleaffoods.com\/fr\/wp-json\/wp\/v2\/pages\/247745"}],"collection":[{"href":"https:\/\/www.mapleleaffoods.com\/fr\/wp-json\/wp\/v2\/pages"}],"about":[{"href":"https:\/\/www.mapleleaffoods.com\/fr\/wp-json\/wp\/v2\/types\/page"}],"author":[{"embeddable":true,"href":"https:\/\/www.mapleleaffoods.com\/fr\/wp-json\/wp\/v2\/users\/18"}],"replies":[{"embeddable":true,"href":"https:\/\/www.mapleleaffoods.com\/fr\/wp-json\/wp\/v2\/comments?post=247745"}],"version-history":[{"count":23,"href":"https:\/\/www.mapleleaffoods.com\/fr\/wp-json\/wp\/v2\/pages\/247745\/revisions"}],"predecessor-version":[{"id":259651,"href":"https:\/\/www.mapleleaffoods.com\/fr\/wp-json\/wp\/v2\/pages\/247745\/revisions\/259651"}],"up":[{"embeddable":true,"href":"https:\/\/www.mapleleaffoods.com\/fr\/wp-json\/wp\/v2\/pages\/247742"}],"wp:attachment":[{"href":"https:\/\/www.mapleleaffoods.com\/fr\/wp-json\/wp\/v2\/media?parent=247745"}],"curies":[{"name":"wp","href":"https:\/\/api.w.org\/{rel}","templated":true}]}}