{"id":247742,"date":"2022-03-09T15:41:31","date_gmt":"2022-03-09T15:41:31","guid":{"rendered":"https:\/\/staging.mapleleaffoods.com\/fr\/?page_id=247742"},"modified":"2025-07-24T15:22:07","modified_gmt":"2025-07-24T19:22:07","slug":"personnel","status":"publish","type":"page","link":"https:\/\/www.mapleleaffoods.com\/fr\/nos-engagements\/personnel\/","title":{"rendered":"Personnel"},"content":{"rendered":"\n<section class=\"wp-block-mlfcorp-level-one-header\"><span class=\"has-h-5-font-size\"><mark class=\"has-inline-color has-flag-blue-color\">Nous valorisons une culture de travail<\/mark><\/span><h1 class=\"has-h-1-font-size\">s\u00e9curitaire <mark class=\"has-inline-color has-corporate-dark-blue-color\">et<\/mark> <mark class=\"has-inline-color has-corporate-dark-blue-color\">inclusive<\/mark><\/h1>\n<div class=\"wp-block-cover alignfull\"><span aria-hidden=\"true\" class=\"wp-block-cover__background has-background-dim-0 has-background-dim\"><\/span><img decoding=\"async\" class=\"wp-block-cover__image-background wp-image-250579\" alt=\"groupe de membres de l'\u00e9quipe tenant le signe Zero Hero\" src=\"https:\/\/www.mapleleaffoods.com\/wp-content\/uploads\/sites\/6\/2022\/02\/Maple-Leaf-Foods-Central-Laboratory-Zero-Hero-Club.jpg\" data-object-fit=\"cover\"\/><div class=\"wp-block-cover__inner-container is-layout-flow wp-block-cover-is-layout-flow\">\n<p class=\"has-text-align-center has-large-font-size\"><\/p>\n<\/div><\/div>\n<\/section>\n\n\n\t<style type=\"text\/css\">\n\t\t.wp-block-tk-spacer.id-739cd037-f18b-4135-90fd-f1401dbeae13 {\n\t\theight: 100px;\n\t}\n\n\t@media ( max-width: 480px ) {\n\t\t.wp-block-tk-spacer.id-739cd037-f18b-4135-90fd-f1401dbeae13 {\n\t\t\theight: 100px;\n\t\t}\n\t}\t<\/style>\n\t<div class=\"wp-block-tk-spacer id-739cd037-f18b-4135-90fd-f1401dbeae13\" aria-hidden=\"true\"><\/div>\n\t\n\n\n<div class=\"wp-block-tk-grid\"><div class=\"grid\"><div class=\"sm-col-12 lg-col-10 sm-start-0 lg-start-3\">\n<h2 class=\"wp-block-heading\" id=\"we-value-an-inclusive-company-culture-and-a-work-environment-that-keeps-our-people-safe-rewards-excellence-and-empowers-everyone-to-learn-and-contribute-their-best\">Nous valorisons une culture d'entreprise inclusive et un environnement de travail qui assure la s\u00e9curit\u00e9 de nos employ\u00e9s, r\u00e9compense l'excellence et permet \u00e0 chacun d'apprendre et de donner le meilleur de lui-m\u00eame.<\/h2>\n<\/div><\/div><\/div>\n\n\n\t<style type=\"text\/css\">\n\t\t.wp-block-tk-spacer.id-7f1c8cee-685f-40ae-b65a-9054449c05ba {\n\t\theight: 100px;\n\t}\n\n\t@media ( max-width: 480px ) {\n\t\t.wp-block-tk-spacer.id-7f1c8cee-685f-40ae-b65a-9054449c05ba {\n\t\t\theight: 100px;\n\t\t}\n\t}\t<\/style>\n\t<div class=\"wp-block-tk-spacer id-7f1c8cee-685f-40ae-b65a-9054449c05ba\" aria-hidden=\"true\"><\/div>\n\t\n\n\n<div class=\"wp-block-mlfcorp-card-component-block card-component-container card-layout-horizontal card-position-center image-orientation-right\" style=\"padding-top:60px\"><div class=\"grid align-offset\"><div class=\"sm-col-12 lg-col-6 lg-start-1 details-wrapper\"><div class=\"card-component-details align-offset image-orientation-right\"><div><h4 class=\"title-heading\"><mark class=\"has-inline-color has-corporate-dark-blue-color\">Nous sommes tellement plus forts lorsque les gens savent qu'ils sont accept\u00e9s et appr\u00e9ci\u00e9s pour ce qu'ils sont et ce qu'ils apportent au lieu de travail.<\/mark><\/h4><\/div><\/div><\/div><div class=\"sm-col-12 lg-col-6 image-wrapper\" style=\"margin-top:-60px\"><div class=\"card-image-container align-offset image-orientation-right\"><img decoding=\"async\" width=\"800\" height=\"546\" src=\"https:\/\/www.mapleleaffoods.com\/fr\/wp-content\/uploads\/sites\/7\/2022\/11\/MLF-Manufacturing-Plant-PPE-Food-Safety.jpg\" alt=\"Membres de l'\u00e9quipe des Aliments Maple Leaf sur le plancher de production\" class=\"card-component-image has-border-radius wp-image-253517\" srcset=\"https:\/\/b3412141.smushcdn.com\/3412141\/wp-content\/uploads\/sites\/7\/2022\/11\/MLF-Manufacturing-Plant-PPE-Food-Safety.jpg?lossy=1&amp;strip=1&amp;webp=1 800w, https:\/\/b3412141.smushcdn.com\/3412141\/wp-content\/uploads\/sites\/7\/2022\/11\/MLF-Manufacturing-Plant-PPE-Food-Safety-300x205.jpg?lossy=1&amp;strip=1&amp;webp=1 300w, https:\/\/b3412141.smushcdn.com\/3412141\/wp-content\/uploads\/sites\/7\/2022\/11\/MLF-Manufacturing-Plant-PPE-Food-Safety-768x524.jpg?lossy=1&amp;strip=1&amp;webp=1 768w\" sizes=\"(max-width: 800px) 100vw, 800px\" \/><button class=\"credit-text\"><span class=\"initial\">i<\/span><span class=\"secondary hide\">Jessica, Rebecca et Juan | Hamilton, ON<\/span><\/button><\/div><\/div><\/div><\/div>\n\n\n\t<style type=\"text\/css\">\n\t\t.wp-block-tk-spacer.id-af612527-7a8a-4172-8be9-95ad91343765 {\n\t\theight: 200px;\n\t}\n\n\t@media ( max-width: 480px ) {\n\t\t.wp-block-tk-spacer.id-af612527-7a8a-4172-8be9-95ad91343765 {\n\t\t\theight: 100px;\n\t\t}\n\t}\t<\/style>\n\t<div class=\"wp-block-tk-spacer id-af612527-7a8a-4172-8be9-95ad91343765\" aria-hidden=\"true\"><\/div>\n\t\n\n\n<div class=\"wp-block-mlfcorp-card-component-block card-component-container card-layout-horizontal card-position-center image-orientation-left\" style=\"padding-top:0\"><div class=\"grid align-top\"><div class=\"sm-col-12 lg-col-6 lg-start-1 image-wrapper\"><div class=\"card-image-container align-top image-orientation-left\"><img decoding=\"async\" width=\"630\" height=\"546\" src=\"https:\/\/www.mapleleaffoods.com\/fr\/wp-content\/uploads\/sites\/7\/2022\/11\/MLF-McLeod-Saskatoon-Packaging-Product-Manufacturing.jpg\" alt=\"Produit d'emballage \u00e0 l'usine de fabrication de Maple Leaf \u00e0 Saskatoon\" class=\"card-component-image has-border-radius wp-image-253518\" srcset=\"https:\/\/b3412141.smushcdn.com\/3412141\/wp-content\/uploads\/sites\/7\/2022\/11\/MLF-McLeod-Saskatoon-Packaging-Product-Manufacturing.jpg?lossy=1&amp;strip=1&amp;webp=1 630w, https:\/\/b3412141.smushcdn.com\/3412141\/wp-content\/uploads\/sites\/7\/2022\/11\/MLF-McLeod-Saskatoon-Packaging-Product-Manufacturing-300x260.jpg?lossy=1&amp;strip=1&amp;webp=1 300w\" sizes=\"(max-width: 630px) 100vw, 630px\" \/><button class=\"credit-text\"><span class=\"initial\">i<\/span><span class=\"secondary hide\">Produit d'emballage | Saskatoon, SK<\/span><\/button><\/div><\/div><div class=\"\n\t\t\t\t\t\t\t\tsm-col-12 lg-col-6 details-wrapper\n\t\t\t\t\t\t\t\t\n\t\t\t\t\t\t\t\t\" style=\"margin-top:0\"><div class=\"card-component-details align-top image-orientation-left\"><div><h3 class=\"title-heading\">Notre engagement en mati\u00e8re de s\u00e9curit\u00e9 envers notre personnel<\/h3><h6 class=\"subtitle-heading\"><mark class=\"has-inline-color has-corporate-dark-blue-color\">La sant\u00e9 et la s\u00e9curit\u00e9 au travail sont une priorit\u00e9 absolue pour nous.<\/mark><\/h6><p class=\"card-component-text\"><br>Notre objectif en mati\u00e8re de sant\u00e9 et de s\u00e9curit\u00e9 au travail est ambitieux : z\u00e9ro accident du travail. Nous avons cr\u00e9\u00e9 une culture de travail obs\u00e9d\u00e9e par la s\u00e9curit\u00e9. Nos taux d'accidents et de maladies sont les meilleurs du secteur et s'am\u00e9liorent constamment, ce qui nous rend incroyablement fiers.<\/p>\n<div class=\"wp-block-button is-style-white\"><a class=\"wp-block-button__link wp-element-button\" href=\"https:\/\/www.mapleleaffoods.com\/fr\/nos-engagements\/personnel\/sante-securite-au-travail\/\" aria-label=\"Notre engagement en mati\u00e8re de s\u00e9curit\u00e9 envers notre personnel\">D\u00e9couvrez comment nous assurons la s\u00e9curit\u00e9 des membres de notre \u00e9quipe<\/a><span class=\"file-size-button\"><\/span><\/div>\n<\/div><\/div><\/div><\/div><\/div>\n\n\n\t<style type=\"text\/css\">\n\t\t.wp-block-tk-spacer.id-80281c6f-ae96-497d-beaf-e2f5bfbdc8c7 {\n\t\theight: 200px;\n\t}\n\n\t@media ( max-width: 480px ) {\n\t\t.wp-block-tk-spacer.id-80281c6f-ae96-497d-beaf-e2f5bfbdc8c7 {\n\t\t\theight: 100px;\n\t\t}\n\t}\t<\/style>\n\t<div class=\"wp-block-tk-spacer id-80281c6f-ae96-497d-beaf-e2f5bfbdc8c7\" aria-hidden=\"true\"><\/div>\n\t\n\n\n<div class=\"wp-block-mlfcorp-card-component-block card-component-container card-layout-horizontal card-position-center image-orientation-right\" style=\"padding-top:0\"><div class=\"grid top\"><div class=\"sm-col-12 lg-col-5 lg-start-2 details-wrapper\"><div class=\"card-component-details top image-orientation-right\"><div><h4 class=\"title-heading\">Ce qu'une culture d'entreprise diversifi\u00e9e et inclusive signifie pour nous<\/h4><p class=\"card-component-text\">Nous b\u00e2tissons une culture d'entreprise et un environnement de travail o\u00f9 tous nos employ\u00e9s se sentent valoris\u00e9s, entendus et repr\u00e9sent\u00e9s. Nous voulons qu'ils aient un sentiment d'appartenance et une chance \u00e9gale de s'\u00e9panouir. <\/p>\n<div class=\"wp-block-button is-style-white\"><a class=\"wp-block-button__link wp-element-button\" href=\"https:\/\/www.mapleleaffoods.com\/fr\/nos-engagements\/personnel\/diversite-egalite-et-inclusion\/\" aria-label=\"Ce qu'une culture d'entreprise diversifi\u00e9e et inclusive signifie pour nous\">D\u00e9couvrez ce que signifient la diversit\u00e9, l\u2019\u00e9quit\u00e9 et l\u2019inclusion pour nous<\/a><span class=\"file-size-button\"><\/span><\/div>\n<\/div><\/div><\/div><div class=\"sm-col-12 lg-col-6 image-wrapper\" style=\"margin-top:0\"><div class=\"card-image-container top image-orientation-right\"><img decoding=\"async\" width=\"630\" height=\"546\" src=\"https:\/\/www.mapleleaffoods.com\/fr\/wp-content\/uploads\/sites\/7\/2025\/02\/Jerry-Hadi-Alex-Sally-Heeran-diverse-and-inclusive-company-culture.jpg\" alt=\"Jerry, Hadi, Alex, Sally, Heeran - diverse and inclusive company culture.\" class=\"card-component-image has-border-radius wp-image-258662\" srcset=\"https:\/\/b3412141.smushcdn.com\/3412141\/wp-content\/uploads\/sites\/7\/2025\/02\/Jerry-Hadi-Alex-Sally-Heeran-diverse-and-inclusive-company-culture.jpg?lossy=1&amp;strip=1&amp;webp=1 630w, https:\/\/b3412141.smushcdn.com\/3412141\/wp-content\/uploads\/sites\/7\/2025\/02\/Jerry-Hadi-Alex-Sally-Heeran-diverse-and-inclusive-company-culture-300x260.jpg?lossy=1&amp;strip=1&amp;webp=1 300w\" sizes=\"(max-width: 630px) 100vw, 630px\" \/><button class=\"credit-text\"><span class=\"initial\">i<\/span><span class=\"secondary hide\">Jerry, Hadi, Alex, Sally, et Heeran | Mississauga<\/span><\/button><\/div><\/div><\/div><\/div>\n\n\n\t<style type=\"text\/css\">\n\t\t.wp-block-tk-spacer.id-a9e7df9e-432b-48b8-8e57-b5eccb860d37 {\n\t\theight: 200px;\n\t}\n\n\t@media ( max-width: 480px ) {\n\t\t.wp-block-tk-spacer.id-a9e7df9e-432b-48b8-8e57-b5eccb860d37 {\n\t\t\theight: 100px;\n\t\t}\n\t}\t<\/style>\n\t<div class=\"wp-block-tk-spacer id-a9e7df9e-432b-48b8-8e57-b5eccb860d37\" aria-hidden=\"true\"><\/div>\n\t\n\n\n<div class=\"wp-block-mlfcorp-card-component-block card-component-container card-layout-horizontal card-position-center image-orientation-left\" style=\"padding-top:0\"><div class=\"grid align-top\"><div class=\"sm-col-12 lg-col-6 lg-start-1 image-wrapper\"><div class=\"card-image-container align-top image-orientation-left\"><img decoding=\"async\" width=\"630\" height=\"546\" src=\"https:\/\/www.mapleleaffoods.com\/fr\/wp-content\/uploads\/sites\/7\/2022\/11\/MLF-Mental-Health-You-Are-Not-Alone-Program.jpg\" alt=\"Programme de sant\u00e9 mentale, You Are Not Alone! graphique\" class=\"card-component-image has-border-radius wp-image-253520\" srcset=\"https:\/\/b3412141.smushcdn.com\/3412141\/wp-content\/uploads\/sites\/7\/2022\/11\/MLF-Mental-Health-You-Are-Not-Alone-Program.jpg?lossy=1&amp;strip=1&amp;webp=1 630w, https:\/\/b3412141.smushcdn.com\/3412141\/wp-content\/uploads\/sites\/7\/2022\/11\/MLF-Mental-Health-You-Are-Not-Alone-Program-300x260.jpg?lossy=1&amp;strip=1&amp;webp=1 300w\" sizes=\"(max-width: 630px) 100vw, 630px\" \/><button class=\"credit-text\"><span class=\"initial\">i<\/span><span class=\"secondary hide\">Tu n'es pas seul! programme<\/span><\/button><\/div><\/div><div class=\"\n\t\t\t\t\t\t\t\tsm-col-12 lg-col-6 details-wrapper\n\t\t\t\t\t\t\t\t\n\t\t\t\t\t\t\t\t\" style=\"margin-top:0\"><div class=\"card-component-details align-top image-orientation-left\"><div><h4 class=\"title-heading\">Nous voulons mettre fin \u00e0 la stigmatisation des probl\u00e8mes de sant\u00e9 mentale<\/h4><p class=\"card-component-text\">Les probl\u00e8mes de sant\u00e9 mentale sont une pr\u00e9occupation croissante dans tous les segments de la soci\u00e9t\u00e9. Au cours d'une ann\u00e9e donn\u00e9e, un Canadien sur cinq sera personnellement confront\u00e9 \u00e0 un probl\u00e8me de sant\u00e9 mentale ou \u00e0 une maladie mentale. Chez les Aliments Maple Leaf, nous avons mis en place des programmes qui aident nos employ\u00e9s \u00e0 se concentrer sur l'am\u00e9lioration de leur sant\u00e9 mentale et de leur bien-\u00eatre.<\/p>\n<div class=\"wp-block-button is-style-white\"><a class=\"wp-block-button__link wp-element-button\" href=\"https:\/\/www.mapleleaffoods.com\/fr\/nos-engagements\/personnel\/sante-mentale\/\" aria-label=\"Nous voulons mettre fin \u00e0 la stigmatisation des probl\u00e8mes de sant\u00e9 mentale\">D\u00e9couvrez nos programmes de sant\u00e9 mentale et de bien-\u00eatre<\/a><span class=\"file-size-button\"><\/span><\/div>\n<\/div><\/div><\/div><\/div><\/div>\n\n\n\t<style type=\"text\/css\">\n\t\t.wp-block-tk-spacer.id-5945dbe6-162c-4ba5-89bf-c1a123b293c4 {\n\t\theight: 200px;\n\t}\n\n\t@media ( max-width: 480px ) {\n\t\t.wp-block-tk-spacer.id-5945dbe6-162c-4ba5-89bf-c1a123b293c4 {\n\t\t\theight: 100px;\n\t\t}\n\t}\t<\/style>\n\t<div class=\"wp-block-tk-spacer id-5945dbe6-162c-4ba5-89bf-c1a123b293c4\" aria-hidden=\"true\"><\/div>\n\t\n\n\n<div class=\"wp-block-group is-style-border-radius has-ultra-light-green-background-color has-background is-layout-flow wp-block-group-is-layout-flow\">\t<style type=\"text\/css\">\n\t\t.wp-block-tk-spacer.id-c0ce90e0-707c-42e0-8c35-77e57a00359a {\n\t\theight: 60px;\n\t}\n\n\t@media ( max-width: 480px ) {\n\t\t.wp-block-tk-spacer.id-c0ce90e0-707c-42e0-8c35-77e57a00359a {\n\t\t\theight: 100px;\n\t\t}\n\t}\t<\/style>\n\t<div class=\"wp-block-tk-spacer id-c0ce90e0-707c-42e0-8c35-77e57a00359a\" aria-hidden=\"true\"><\/div>\n\t\n\n\n<div class=\"wp-block-columns is-layout-flex wp-container-core-columns-is-layout-1 wp-block-columns-is-layout-flex\">\n<div class=\"wp-block-column is-layout-flow wp-block-column-is-layout-flow\" style=\"flex-basis:58%\">\n<h3 class=\"wp-block-heading\"><font style=\"vertical-align: inherit\"><font style=\"vertical-align: inherit\">R<mark class=\"has-inline-color has-flag-blue-color\">apport int\u00e9gr\u00e9<\/mark><\/font><\/font><\/h3>\n\n\n\n<p>Nous documentons et calculons tous les changements que nous apportons. D\u00e9couvrez nos progr\u00e8s dans notre dernier rapport int\u00e9gr\u00e9.<\/p>\n<\/div>\n\n\n\n<div class=\"wp-block-column is-vertically-aligned-center is-layout-flow wp-block-column-is-layout-flow\" style=\"flex-basis:33%\">\n<div class=\"wp-block-buttons is-vertical is-content-justification-left is-layout-flex wp-container-core-buttons-is-layout-1 wp-block-buttons-is-layout-flex\">\n<div class=\"wp-block-button is-style-white top-right-arrow-icon\"><a class=\"wp-block-button__link wp-element-button\" href=\"https:\/\/www.mapleleaffoods.com\/fr\/wp-content\/uploads\/sites\/7\/2026\/01\/MLF_IntegratedReport_2024_FR-CA.pdf\" target=\"_blank\" rel=\"noreferrer noopener\" aria-label=\"Parution de notre premier rapport int\u00e9gr\u00e9\u00a02022\" download>Consulter le rapport<\/a><span class=\"file-size-button\">20 Mo<\/span><\/div>\n<\/div>\n<\/div>\n<\/div>\n\n\n\t<style type=\"text\/css\">\n\t\t.wp-block-tk-spacer.id-c762343c-8e83-4357-acac-0c4accae0173 {\n\t\theight: 60px;\n\t}\n\n\t@media ( max-width: 480px ) {\n\t\t.wp-block-tk-spacer.id-c762343c-8e83-4357-acac-0c4accae0173 {\n\t\t\theight: 100px;\n\t\t}\n\t}\t<\/style>\n\t<div class=\"wp-block-tk-spacer id-c762343c-8e83-4357-acac-0c4accae0173\" aria-hidden=\"true\"><\/div>\n\t<\/div>\n\n\n\t<style type=\"text\/css\">\n\t\t.wp-block-tk-spacer.id-6424c439-a8eb-4aeb-8305-97b80456854e {\n\t\theight: 200px;\n\t}\n\n\t@media ( max-width: 480px ) {\n\t\t.wp-block-tk-spacer.id-6424c439-a8eb-4aeb-8305-97b80456854e {\n\t\t\theight: 100px;\n\t\t}\n\t}\t<\/style>\n\t<div class=\"wp-block-tk-spacer id-6424c439-a8eb-4aeb-8305-97b80456854e\" aria-hidden=\"true\"><\/div>\n\t\n\n\n\t\t<div class=\"pre-footer-block alignfull\">\n\t\t\t<div class=\"grid-container\">\n\t\t\t\t<div class=\"grid\">\n\t\t\t\t\t\t\t\t\t\t\t\t\t\t\t\t\t\t<div class=\"sm-col-12\tlg-col-11 lg-start-2\">\n\t\t\t\t\t\t\t\t\n<p class=\"pre-footer-surtitle\">Davantage dans<\/p>\n\n<h2 class=\"pre-footer-title\">nos engagements<\/h2>\n\t\t\t\t\t\t\t<\/div>\n\t\t\t\t\t\t\t\t\t\t\t\t\t\t\t\t\t<ul class=\"is-style-pre-footer sm-col-12 lg-col-4 lg-start-2\">\n\t\t\t\t\t\t\t\t\t\t\t\t\t\t\t\t\t\t\t<li><a href=\"https:\/\/www.mapleleaffoods.com\/fr\/nos-engagements\/environnement\/\">Environnement<\/a><\/li>\n\t\t\t\t\t\t\t\t\t\t\t\t\t\t\t\t\t\t\t\t\t\t\t<li><a href=\"https:\/\/www.mapleleaffoods.com\/fr\/nos-engagements\/soins-animaux\/\">Soins des animaux<\/a><\/li>\n\t\t\t\t\t\t\t\t\t\t\t\t\t\t\t\t\t\t\t\t\t\t\t<li><a href=\"https:\/\/www.mapleleaffoods.com\/fr\/nos-engagements\/de-bons-aliments\/\">De bons aliments<\/a><\/li>\n\t\t\t\t\t\t\t\t\t\t\t\t\t\t\t\t\t<\/ul>\n\t\t\t\t\t\t<ul class=\"is-style-pre-footer sm-col-12 lg-col-4\">\n\t\t\t\t\t\t\t\t\t\t\t\t\t\t\t\t\t\t<li><a href=\"https:\/\/www.mapleleaffoods.com\/fr\/nos-engagements\/aliments-salubres\/\">Des aliments salubres<\/a><\/li>\n\t\t\t\t\t\t\t\t\t\t\t\t\t\t\t\t\t\t\t\t\t<li><a href=\"https:\/\/www.mapleleaffoods.com\/fr\/nos-engagements\/personnel\/\">Personnel<\/a><\/li>\n\t\t\t\t\t\t\t\t\t\t\t\t\t\t\t\t\t\t\t\t\t<li><a href=\"https:\/\/www.mapleleaffoods.com\/fr\/nos-engagements\/collectivites\/\">Collectivit\u00e9s<\/a><\/li>\n\t\t\t\t\t\t\t\t\t\t\t\t\t\t\t\t<\/ul>\n\t\t\t\t\t\t\t\t\t<\/div>\n\t\t\t<\/div>\n\t\t<\/div>\n\t\t","protected":false},"excerpt":{"rendered":"","protected":false},"author":18,"featured_media":0,"parent":247388,"menu_order":5,"comment_status":"closed","ping_status":"closed","template":"","meta":{"mlfcorp_iframe_url":"","footnotes":""},"class_list":["post-247742","page","type-page","status-publish","hentry"],"acf":[],"yoast_head":"<!-- This site is optimized with the Yoast SEO plugin v21.7 - https:\/\/yoast.com\/wordpress\/plugins\/seo\/ -->\n<title>Culture de travail s\u00e9curitaire et inclusive | Les Aliments Maple Leaf<\/title>\n<meta name=\"description\" content=\"Nous nous engageons \u00e0 maintenir une culture d&#039;entreprise inclusive qui assure la s\u00e9curit\u00e9 de nos employ\u00e9s, r\u00e9compense l&#039;excellence et leur permet...\" \/>\n<meta name=\"robots\" content=\"index, follow, max-snippet:-1, max-image-preview:large, max-video-preview:-1\" \/>\n<link rel=\"canonical\" href=\"https:\/\/www.mapleleaffoods.com\/fr\/nos-engagements\/personnel\/\" \/>\n<meta property=\"og:locale\" content=\"fr_FR\" \/>\n<meta property=\"og:type\" content=\"article\" \/>\n<meta property=\"og:title\" content=\"Culture de travail s\u00e9curitaire et inclusive | Les Aliments Maple Leaf\" \/>\n<meta property=\"og:description\" content=\"Nous nous engageons \u00e0 maintenir une culture d&#039;entreprise inclusive qui assure la s\u00e9curit\u00e9 de nos employ\u00e9s, r\u00e9compense l&#039;excellence et leur permet...\" \/>\n<meta property=\"og:url\" content=\"https:\/\/www.mapleleaffoods.com\/fr\/nos-engagements\/personnel\/\" \/>\n<meta property=\"og:site_name\" content=\"Les Aliments Maple Leaf\" \/>\n<meta property=\"article:modified_time\" content=\"2025-07-24T19:22:07+00:00\" \/>\n<meta property=\"og:image\" content=\"https:\/\/www.mapleleaffoods.com\/wp-content\/uploads\/sites\/6\/2022\/02\/Maple-Leaf-Foods-Central-Laboratory-Zero-Hero-Club.jpg\" \/>\n<meta name=\"twitter:card\" content=\"summary_large_image\" \/>\n<meta name=\"twitter:label1\" content=\"Dur\u00e9e de lecture estim\u00e9e\" \/>\n\t<meta name=\"twitter:data1\" content=\"3 minutes\" \/>\n<script type=\"application\/ld+json\" class=\"yoast-schema-graph\">{\"@context\":\"https:\/\/schema.org\",\"@graph\":[{\"@type\":\"WebPage\",\"@id\":\"https:\/\/www.mapleleaffoods.com\/fr\/nos-engagements\/personnel\/\",\"url\":\"https:\/\/www.mapleleaffoods.com\/fr\/nos-engagements\/personnel\/\",\"name\":\"Culture de travail s\u00e9curitaire et inclusive | Les Aliments Maple Leaf\",\"isPartOf\":{\"@id\":\"https:\/\/www.mapleleaffoods.com\/fr\/#website\"},\"datePublished\":\"2022-03-09T15:41:31+00:00\",\"dateModified\":\"2025-07-24T19:22:07+00:00\",\"description\":\"Nous nous engageons \u00e0 maintenir une culture d'entreprise inclusive qui assure la s\u00e9curit\u00e9 de nos employ\u00e9s, r\u00e9compense l'excellence et leur permet...\",\"breadcrumb\":{\"@id\":\"https:\/\/www.mapleleaffoods.com\/fr\/nos-engagements\/personnel\/#breadcrumb\"},\"inLanguage\":\"fr-FR\",\"potentialAction\":[{\"@type\":\"ReadAction\",\"target\":[\"https:\/\/www.mapleleaffoods.com\/fr\/nos-engagements\/personnel\/\"]}]},{\"@type\":\"BreadcrumbList\",\"@id\":\"https:\/\/www.mapleleaffoods.com\/fr\/nos-engagements\/personnel\/#breadcrumb\",\"itemListElement\":[{\"@type\":\"ListItem\",\"position\":1,\"name\":\"Page d\u2019accueil\",\"item\":\"https:\/\/www.mapleleaffoods.com\/fr\/\"},{\"@type\":\"ListItem\",\"position\":2,\"name\":\"Nos engagements\",\"item\":\"https:\/\/www.mapleleaffoods.com\/fr\/nos-engagements\/\"},{\"@type\":\"ListItem\",\"position\":3,\"name\":\"Personnel\"}]},{\"@type\":\"WebSite\",\"@id\":\"https:\/\/www.mapleleaffoods.com\/fr\/#website\",\"url\":\"https:\/\/www.mapleleaffoods.com\/fr\/\",\"name\":\"Les Aliments Maple Leaf\",\"description\":\"Premi\u00e8re grande entreprise alimentaire carboneutre au monde\",\"publisher\":{\"@id\":\"https:\/\/www.mapleleaffoods.com\/fr\/#organization\"},\"potentialAction\":[{\"@type\":\"SearchAction\",\"target\":{\"@type\":\"EntryPoint\",\"urlTemplate\":\"https:\/\/www.mapleleaffoods.com\/fr\/?s={search_term_string}\"},\"query-input\":\"required name=search_term_string\"}],\"inLanguage\":\"fr-FR\"},{\"@type\":\"Organization\",\"@id\":\"https:\/\/www.mapleleaffoods.com\/fr\/#organization\",\"name\":\"Les Aliments Maple Leaf\",\"url\":\"https:\/\/www.mapleleaffoods.com\/fr\/\",\"logo\":{\"@type\":\"ImageObject\",\"inLanguage\":\"fr-FR\",\"@id\":\"https:\/\/www.mapleleaffoods.com\/fr\/#\/schema\/logo\/image\/\",\"url\":\"https:\/\/www.mapleleaffoods.com\/fr\/wp-content\/uploads\/sites\/7\/2026\/02\/L_MapleLeaf_4C_White_v1_EN.png\",\"contentUrl\":\"https:\/\/www.mapleleaffoods.com\/fr\/wp-content\/uploads\/sites\/7\/2026\/02\/L_MapleLeaf_4C_White_v1_EN.png\",\"width\":1829,\"height\":2200,\"caption\":\"Les Aliments Maple Leaf\"},\"image\":{\"@id\":\"https:\/\/www.mapleleaffoods.com\/fr\/#\/schema\/logo\/image\/\"}}]}<\/script>\n<!-- \/ Yoast SEO plugin. -->","yoast_head_json":{"title":"Culture de travail s\u00e9curitaire et inclusive | Les Aliments Maple Leaf","description":"Nous nous engageons \u00e0 maintenir une culture d'entreprise inclusive qui assure la s\u00e9curit\u00e9 de nos employ\u00e9s, r\u00e9compense l'excellence et leur permet...","robots":{"index":"index","follow":"follow","max-snippet":"max-snippet:-1","max-image-preview":"max-image-preview:large","max-video-preview":"max-video-preview:-1"},"canonical":"https:\/\/www.mapleleaffoods.com\/fr\/nos-engagements\/personnel\/","og_locale":"fr_FR","og_type":"article","og_title":"Culture de travail s\u00e9curitaire et inclusive | Les Aliments Maple Leaf","og_description":"Nous nous engageons \u00e0 maintenir une culture d'entreprise inclusive qui assure la s\u00e9curit\u00e9 de nos employ\u00e9s, r\u00e9compense l'excellence et leur permet...","og_url":"https:\/\/www.mapleleaffoods.com\/fr\/nos-engagements\/personnel\/","og_site_name":"Les Aliments Maple Leaf","article_modified_time":"2025-07-24T19:22:07+00:00","og_image":[{"url":"https:\/\/www.mapleleaffoods.com\/wp-content\/uploads\/sites\/6\/2022\/02\/Maple-Leaf-Foods-Central-Laboratory-Zero-Hero-Club.jpg"}],"twitter_card":"summary_large_image","twitter_misc":{"Dur\u00e9e de lecture estim\u00e9e":"3 minutes"},"schema":{"@context":"https:\/\/schema.org","@graph":[{"@type":"WebPage","@id":"https:\/\/www.mapleleaffoods.com\/fr\/nos-engagements\/personnel\/","url":"https:\/\/www.mapleleaffoods.com\/fr\/nos-engagements\/personnel\/","name":"Culture de travail s\u00e9curitaire et inclusive | Les Aliments Maple Leaf","isPartOf":{"@id":"https:\/\/www.mapleleaffoods.com\/fr\/#website"},"datePublished":"2022-03-09T15:41:31+00:00","dateModified":"2025-07-24T19:22:07+00:00","description":"Nous nous engageons \u00e0 maintenir une culture d'entreprise inclusive qui assure la s\u00e9curit\u00e9 de nos employ\u00e9s, r\u00e9compense l'excellence et leur permet...","breadcrumb":{"@id":"https:\/\/www.mapleleaffoods.com\/fr\/nos-engagements\/personnel\/#breadcrumb"},"inLanguage":"fr-FR","potentialAction":[{"@type":"ReadAction","target":["https:\/\/www.mapleleaffoods.com\/fr\/nos-engagements\/personnel\/"]}]},{"@type":"BreadcrumbList","@id":"https:\/\/www.mapleleaffoods.com\/fr\/nos-engagements\/personnel\/#breadcrumb","itemListElement":[{"@type":"ListItem","position":1,"name":"Page d\u2019accueil","item":"https:\/\/www.mapleleaffoods.com\/fr\/"},{"@type":"ListItem","position":2,"name":"Nos engagements","item":"https:\/\/www.mapleleaffoods.com\/fr\/nos-engagements\/"},{"@type":"ListItem","position":3,"name":"Personnel"}]},{"@type":"WebSite","@id":"https:\/\/www.mapleleaffoods.com\/fr\/#website","url":"https:\/\/www.mapleleaffoods.com\/fr\/","name":"Les Aliments Maple Leaf","description":"Premi\u00e8re grande entreprise alimentaire carboneutre au monde","publisher":{"@id":"https:\/\/www.mapleleaffoods.com\/fr\/#organization"},"potentialAction":[{"@type":"SearchAction","target":{"@type":"EntryPoint","urlTemplate":"https:\/\/www.mapleleaffoods.com\/fr\/?s={search_term_string}"},"query-input":"required name=search_term_string"}],"inLanguage":"fr-FR"},{"@type":"Organization","@id":"https:\/\/www.mapleleaffoods.com\/fr\/#organization","name":"Les Aliments Maple Leaf","url":"https:\/\/www.mapleleaffoods.com\/fr\/","logo":{"@type":"ImageObject","inLanguage":"fr-FR","@id":"https:\/\/www.mapleleaffoods.com\/fr\/#\/schema\/logo\/image\/","url":"https:\/\/www.mapleleaffoods.com\/fr\/wp-content\/uploads\/sites\/7\/2026\/02\/L_MapleLeaf_4C_White_v1_EN.png","contentUrl":"https:\/\/www.mapleleaffoods.com\/fr\/wp-content\/uploads\/sites\/7\/2026\/02\/L_MapleLeaf_4C_White_v1_EN.png","width":1829,"height":2200,"caption":"Les Aliments Maple Leaf"},"image":{"@id":"https:\/\/www.mapleleaffoods.com\/fr\/#\/schema\/logo\/image\/"}}]}},"jetpack_sharing_enabled":true,"_links":{"self":[{"href":"https:\/\/www.mapleleaffoods.com\/fr\/wp-json\/wp\/v2\/pages\/247742"}],"collection":[{"href":"https:\/\/www.mapleleaffoods.com\/fr\/wp-json\/wp\/v2\/pages"}],"about":[{"href":"https:\/\/www.mapleleaffoods.com\/fr\/wp-json\/wp\/v2\/types\/page"}],"author":[{"embeddable":true,"href":"https:\/\/www.mapleleaffoods.com\/fr\/wp-json\/wp\/v2\/users\/18"}],"replies":[{"embeddable":true,"href":"https:\/\/www.mapleleaffoods.com\/fr\/wp-json\/wp\/v2\/comments?post=247742"}],"version-history":[{"count":24,"href":"https:\/\/www.mapleleaffoods.com\/fr\/wp-json\/wp\/v2\/pages\/247742\/revisions"}],"predecessor-version":[{"id":259646,"href":"https:\/\/www.mapleleaffoods.com\/fr\/wp-json\/wp\/v2\/pages\/247742\/revisions\/259646"}],"up":[{"embeddable":true,"href":"https:\/\/www.mapleleaffoods.com\/fr\/wp-json\/wp\/v2\/pages\/247388"}],"wp:attachment":[{"href":"https:\/\/www.mapleleaffoods.com\/fr\/wp-json\/wp\/v2\/media?parent=247742"}],"curies":[{"name":"wp","href":"https:\/\/api.w.org\/{rel}","templated":true}]}}