{"id":247731,"date":"2022-03-09T14:57:20","date_gmt":"2022-03-09T14:57:20","guid":{"rendered":"https:\/\/staging.mapleleaffoods.com\/fr\/?page_id=247731"},"modified":"2025-07-24T15:22:09","modified_gmt":"2025-07-24T19:22:09","slug":"allergenes","status":"publish","type":"page","link":"https:\/\/www.mapleleaffoods.com\/fr\/nos-engagements\/aliments-salubres\/prevenir-maladies-origine-alimentaire\/allergenes\/","title":{"rendered":"Pr\u00e9venir les maladies d&#8217;origine alimentaire &#8211; Allerg\u00e8nes"},"content":{"rendered":"<div class=\"yoast-breadcrumbs\"><span><span><a href=\"https:\/\/www.mapleleaffoods.com\/fr\/\">Page d\u2019accueil<\/a><\/span> <span class=\"yoast-custom-separator\"><\/span> <span><a href=\"https:\/\/www.mapleleaffoods.com\/fr\/nos-engagements\/\">Nos engagements<\/a><\/span> <span class=\"yoast-custom-separator\"><\/span> <span><a href=\"https:\/\/www.mapleleaffoods.com\/fr\/nos-engagements\/aliments-salubres\/\">Des aliments salubres<\/a><\/span> <span class=\"yoast-custom-separator\"><\/span> <span><a href=\"https:\/\/www.mapleleaffoods.com\/fr\/nos-engagements\/aliments-salubres\/prevenir-maladies-origine-alimentaire\/\">Pr\u00e9venir les maladies d&rsquo;origine alimentaire<\/a><\/span> <span class=\"yoast-custom-separator\"><\/span> <span class=\"breadcrumb_last\" aria-current=\"page\">Pr\u00e9venir les maladies d&#8217;origine alimentaire &#8211; Allerg\u00e8nes<\/span><\/span><\/div>\n\n\n<div style=\"height:75px\" aria-hidden=\"true\" class=\"wp-block-spacer\"><\/div>\n\n\n\n<section class=\"wp-block-mlfcorp-level-one-header level-one-header-container\"><span class=\"has-h-5-font-size\">Comment les Aliments Maple\u00a0Leaf<\/span><h1 class=\"has-h-1-font-size\">prot\u00e8ge <mark class=\"has-inline-color has-flag-blue-color\">les consommateurs contre <\/mark><mark class=\"has-inline-color has-corporate-dark-blue-color\">les allerg\u00e8nes alimentaires<\/mark><\/h1><\/section>\n\n\n\t<style type=\"text\/css\">\n\t\t.wp-block-tk-spacer.id-355f0cd7-652a-4055-adc8-8117219f06b4 {\n\t\theight: 100px;\n\t}\n\n\t@media ( max-width: 480px ) {\n\t\t.wp-block-tk-spacer.id-355f0cd7-652a-4055-adc8-8117219f06b4 {\n\t\t\theight: 100px;\n\t\t}\n\t}\t<\/style>\n\t<div class=\"wp-block-tk-spacer id-355f0cd7-652a-4055-adc8-8117219f06b4\" aria-hidden=\"true\"><\/div>\n\t\n\n\n<div class=\"wp-block-tk-grid\"><div class=\"grid\"><div class=\"sm-col-12 lg-col-10 sm-start-0 lg-start-2\">\n<p class=\"has-large-font-size\">Les allerg\u00e8nes ne nuisent qu\u2019\u00e0 un petit nombre de personnes, mais pour celles qui ont des allergies alimentaires, les cons\u00e9quences peuvent \u00eatre graves.<\/p>\n\n\n\n<h2 class=\"wp-block-heading\" id=\"ensuring-that-our-products-are-safe-and-properly-labelled-for-potential-allergens-is-a-key-priority-for-maple-leaf-foods-and-part-of-our-corporate-food-safety-commitment\">Garantir que nos produits sont s\u00fbrs et correctement \u00e9tiquet\u00e9s relativement aux allerg\u00e8nes potentiels est une priorit\u00e9 essentielle pour les Aliments Maple Leaf et fait partie de notre engagement en mati\u00e8re de salubrit\u00e9 alimentaire.<\/h2>\n<\/div><\/div><\/div>\n\n\n\t<style type=\"text\/css\">\n\t\t.wp-block-tk-spacer.id-b8a7f00c-871b-4715-ba25-bc2053748c28 {\n\t\theight: 200px;\n\t}\n\n\t@media ( max-width: 480px ) {\n\t\t.wp-block-tk-spacer.id-b8a7f00c-871b-4715-ba25-bc2053748c28 {\n\t\t\theight: 100px;\n\t\t}\n\t}\t<\/style>\n\t<div class=\"wp-block-tk-spacer id-b8a7f00c-871b-4715-ba25-bc2053748c28\" aria-hidden=\"true\"><\/div>\n\t\n\n\n<div class=\"wp-block-mlfcorp-card-component-block card-component-container card-layout-horizontal card-position-center image-orientation-right\" style=\"padding-top:0\"><div class=\"grid top\"><div class=\"sm-col-12 lg-col-5 lg-start-1 details-wrapper\"><div class=\"card-component-details top image-orientation-right\"><div><h4 class=\"title-heading\">Nous \u00e9tiquetons clairement nos produits en mati\u00e8re d\u2019allerg\u00e8nes<\/h4><p class=\"card-component-text\">Bon nombre de nos produits sont consomm\u00e9s par des enfants qui les apportent \u00e0 l\u2019\u00e9cole. Il est donc essentiel d\u2019en garantir la s\u00e9curit\u00e9 en d\u00e9clarant correctement les allerg\u00e8nes sur les \u00e9tiquettes pour prot\u00e9ger les personnes vuln\u00e9rables.<br>\u00a0<br>L\u2019\u00e9tiquetage pr\u00e9cis des produits est une \u00e9tape essentielle pour prot\u00e9ger les personnes qui consomment nos aliments.<br><br>C\u2019est pourquoi nous v\u00e9rifions soigneusement les \u00e9tiquettes de nos produits pour nous assurer qu\u2019elles sont exactes. Gr\u00e2ce \u00e0 ces mesures, nous sommes certains d\u2019offrir un niveau \u00e9lev\u00e9 de s\u00e9curit\u00e9 \u00e0 nos consommateurs ayant des allergies alimentaires.<\/p><\/div><\/div><\/div><div class=\"sm-col-12 lg-col-6 image-wrapper\" style=\"margin-top:0\"><div class=\"card-image-container top image-orientation-right\"><img decoding=\"async\" width=\"630\" height=\"546\" src=\"https:\/\/www.mapleleaffoods.com\/fr\/wp-content\/uploads\/sites\/7\/2022\/04\/NutritionalLabel-V3-FR.jpg\" alt=\"Etiquette nutritionnelle Lunch Mate\" class=\"card-component-image has-border-radius wp-image-250088\" srcset=\"https:\/\/b3412141.smushcdn.com\/3412141\/wp-content\/uploads\/sites\/7\/2022\/04\/NutritionalLabel-V3-FR.jpg?lossy=1&amp;strip=1&amp;webp=1 630w, https:\/\/b3412141.smushcdn.com\/3412141\/wp-content\/uploads\/sites\/7\/2022\/04\/NutritionalLabel-V3-FR-300x260.jpg?lossy=1&amp;strip=1&amp;webp=1 300w\" sizes=\"(max-width: 630px) 100vw, 630px\" \/><\/div><\/div><\/div><\/div>\n\n\n\t<style type=\"text\/css\">\n\t\t.wp-block-tk-spacer.id-e9a0e173-77f0-4a61-b716-52c2527f0191 {\n\t\theight: 200px;\n\t}\n\n\t@media ( max-width: 480px ) {\n\t\t.wp-block-tk-spacer.id-e9a0e173-77f0-4a61-b716-52c2527f0191 {\n\t\t\theight: 100px;\n\t\t}\n\t}\t<\/style>\n\t<div class=\"wp-block-tk-spacer id-e9a0e173-77f0-4a61-b716-52c2527f0191\" aria-hidden=\"true\"><\/div>\n\t\n\n\n<div class=\"wp-block-mlfcorp-card-component-block card-component-container card-layout-horizontal card-position-center image-orientation-left\" style=\"padding-top:0\"><div class=\"grid top\"><div class=\"sm-col-12 lg-col-6 lg-start-1 image-wrapper\"><div class=\"card-image-container top image-orientation-left\"><img decoding=\"async\" width=\"630\" height=\"350\" src=\"https:\/\/www.mapleleaffoods.com\/fr\/wp-content\/uploads\/sites\/7\/2022\/03\/MLF-Food-Safety-Food-Allergens.jpeg\" alt=\"Allerg\u00e8nes courants dans les aliments\" class=\"card-component-image has-border-radius wp-image-248670\" srcset=\"https:\/\/b3412141.smushcdn.com\/3412141\/wp-content\/uploads\/sites\/7\/2022\/03\/MLF-Food-Safety-Food-Allergens.jpeg?lossy=1&amp;strip=1&amp;webp=1 630w, https:\/\/b3412141.smushcdn.com\/3412141\/wp-content\/uploads\/sites\/7\/2022\/03\/MLF-Food-Safety-Food-Allergens-300x167.jpeg?lossy=1&amp;strip=1&amp;webp=1 300w\" sizes=\"(max-width: 630px) 100vw, 630px\" \/><\/div><\/div><div class=\"\n\t\t\t\t\t\t\t\tsm-col-12 lg-col-5 details-wrapper\n\t\t\t\t\t\t\t\t\n\t\t\t\t\t\t\t\t\" style=\"margin-top:0\"><div class=\"card-component-details top image-orientation-left\"><div><h4 class=\"title-heading\">Allerg\u00e8nes courants dans les aliments<\/h4><p class=\"card-component-text\">Au Canada, les allerg\u00e8nes les plus courants dans les aliments sont le lait, les \u0153ufs, la moutarde, les arachides, les crustac\u00e9s, le poisson, les graines de s\u00e9same, le soja, les sulfites, les noix et le bl\u00e9. Les allerg\u00e8nes qui pr\u00e9sentent le plus grand risque pour les gens sont les noix et les arachides.<\/p><\/div><\/div><\/div><\/div><\/div>\n\n\n\t<style type=\"text\/css\">\n\t\t.wp-block-tk-spacer.id-61fa5370-6957-4d66-a0b6-202c398d7658 {\n\t\theight: 200px;\n\t}\n\n\t@media ( max-width: 480px ) {\n\t\t.wp-block-tk-spacer.id-61fa5370-6957-4d66-a0b6-202c398d7658 {\n\t\t\theight: 100px;\n\t\t}\n\t}\t<\/style>\n\t<div class=\"wp-block-tk-spacer id-61fa5370-6957-4d66-a0b6-202c398d7658\" aria-hidden=\"true\"><\/div>\n\t\n\n\n<div class=\"wp-block-mlfcorp-card-component-block card-component-container card-layout-horizontal card-position-center image-orientation-left\" style=\"padding-top:0\"><div class=\"grid top\"><div class=\"sm-col-12 lg-col-6 lg-start-1 image-wrapper\"><div class=\"card-image-container top image-orientation-left\"><img decoding=\"async\" width=\"630\" height=\"546\" src=\"https:\/\/www.mapleleaffoods.com\/fr\/wp-content\/uploads\/sites\/7\/2024\/07\/MLF-Hamilton-Heritage-No-Allergens-Food-Safety.jpg\" alt=\"Nous choisissons soigneusement nos ingr\u00e9dients\" class=\"card-component-image has-border-radius wp-image-257432\" srcset=\"https:\/\/b3412141.smushcdn.com\/3412141\/wp-content\/uploads\/sites\/7\/2024\/07\/MLF-Hamilton-Heritage-No-Allergens-Food-Safety.jpg?lossy=1&amp;strip=1&amp;webp=1 630w, https:\/\/b3412141.smushcdn.com\/3412141\/wp-content\/uploads\/sites\/7\/2024\/07\/MLF-Hamilton-Heritage-No-Allergens-Food-Safety-300x260.jpg?lossy=1&amp;strip=1&amp;webp=1 300w\" sizes=\"(max-width: 630px) 100vw, 630px\" \/><\/div><\/div><div class=\"\n\t\t\t\t\t\t\t\tsm-col-12 lg-col-6 details-wrapper\n\t\t\t\t\t\t\t\t\n\t\t\t\t\t\t\t\t\" style=\"margin-top:0\"><div class=\"card-component-details top image-orientation-left\"><div><h4 class=\"title-heading\">Nous choisissons soigneusement nos ingr\u00e9dients<\/h4><p class=\"card-component-text\">Nous examinons attentivement tous les ingr\u00e9dients qui entrent dans la fabrication de nos produits, et nous \u00e9laborons des plans sp\u00e9cifiques aux produits et aux usines pour contenir, contr\u00f4ler et \u00e9tiqueter soigneusement les produits contenant des allerg\u00e8nes potentiels. En fait, l\u2019usine et ses voies de circulation sont am\u00e9nag\u00e9es de sorte que les ingr\u00e9dients demeurent s\u00e9par\u00e9s des produits.<br><br>L\u2019entretien sanitaire de toutes les usines des Aliments Maple Leaf est scrupuleusement effectu\u00e9 chaque jour, de haut en bas, et est un \u00e9l\u00e9ment essentiel de notre strat\u00e9gie de contr\u00f4le des allerg\u00e8nes. Nous effectuons des validations annuelles rigoureuses pour nous assurer que nos proc\u00e9dures de nettoyage sont capables d\u2019\u00e9liminer compl\u00e8tement les r\u00e9sidus allerg\u00e8nes.<br><br>Nous croyons fermement que l\u2019on g\u00e8re ce que l\u2019on mesure, et nous v\u00e9rifions chacune de nos usines pour nous assurer que leurs programmes de contr\u00f4le des allerg\u00e8nes sont complets et efficaces.<\/p><\/div><\/div><\/div><\/div><\/div>\n\n\n\t<style type=\"text\/css\">\n\t\t.wp-block-tk-spacer.id-1ea9cde2-4e7b-4699-b159-efbb68cdc5c1 {\n\t\theight: 200px;\n\t}\n\n\t@media ( max-width: 480px ) {\n\t\t.wp-block-tk-spacer.id-1ea9cde2-4e7b-4699-b159-efbb68cdc5c1 {\n\t\t\theight: 100px;\n\t\t}\n\t}\t<\/style>\n\t<div class=\"wp-block-tk-spacer id-1ea9cde2-4e7b-4699-b159-efbb68cdc5c1\" aria-hidden=\"true\"><\/div>\n\t\n\n\n<div class=\"wp-block-mlfcorp-promo-box-block promo-box-block has-border-radius ultra-light-green\"><div class=\"promo-box-container img-center img-full\"><div class=\"grid align-middle\"><div class=\"sm-col-12 lg-col-6 promo-box-image-container img-center img-full\"><img decoding=\"async\" src=\"https:\/\/www.mapleleaffoods.com\/wp-content\/uploads\/sites\/6\/2022\/02\/MLF-Family-Eating-Breakfast-Food.jpg\" alt=\"Family eating lunch at a cabin.\"\/><\/div><div class=\"sm-col-12 lg-col-6 promo-box-details-container\">\n<p class=\"promo-box-surtitle-heading\"><\/p>\n\n\n\n<h4 class=\"wp-block-heading promo-box-title-heading\" id=\"making-safe-food\">Fabriquer des aliments s\u00fbrs<\/h4>\n\n\n\n<p class=\"promo-box-text\">La salubrit\u00e9 alimentaire est une priorit\u00e9 pour nous. Notre objectif&nbsp;: toujours offrir \u00e0 nos consommateurs des produits s\u00fbrs et savoureux fabriqu\u00e9s dans un environnement de travail s\u00e9curitaire.<\/p>\n\n\n\n<div class=\"wp-block-button promo-box-button\"><a class=\"wp-block-button__link wp-element-button\" href=\"https:\/\/www.mapleleaffoods.com\/fr\/nos-engagements\/aliments-salubres\/production-d-aliments-salubres\/\" aria-label=\"Add aria label here\">En savoir plus<\/a><span class=\"file-size-button\"><\/span><\/div>\n<\/div><\/div><\/div><\/div>\n\n\n\t<style type=\"text\/css\">\n\t\t.wp-block-tk-spacer.id-5f231159-e05c-4f5b-a244-8166adaf748d {\n\t\theight: 200px;\n\t}\n\n\t@media ( max-width: 480px ) {\n\t\t.wp-block-tk-spacer.id-5f231159-e05c-4f5b-a244-8166adaf748d {\n\t\t\theight: 100px;\n\t\t}\n\t}\t<\/style>\n\t<div class=\"wp-block-tk-spacer id-5f231159-e05c-4f5b-a244-8166adaf748d\" aria-hidden=\"true\"><\/div>\n\t\n\n\n\t\t<div class=\"pre-footer-block alignfull\">\n\t\t\t<div class=\"grid-container\">\n\t\t\t\t<div class=\"grid\">\n\t\t\t\t\t\t\t\t\t\t\t\t\t\t\t\t\t\t<div class=\"sm-col-12\tlg-col-11 lg-start-2\">\n\t\t\t\t\t\t\t\t\n<p class=\"pre-footer-surtitle\">Davantage dans<\/p>\n\n<h2 class=\"pre-footer-title\">nos engagements<\/h2>\n\t\t\t\t\t\t\t<\/div>\n\t\t\t\t\t\t\t\t\t\t\t\t\t\t\t\t\t<ul class=\"is-style-pre-footer sm-col-12 lg-col-4 lg-start-2\">\n\t\t\t\t\t\t\t\t\t\t\t\t\t\t\t\t\t\t\t<li><a href=\"https:\/\/www.mapleleaffoods.com\/fr\/nos-engagements\/environnement\/\">Environnement<\/a><\/li>\n\t\t\t\t\t\t\t\t\t\t\t\t\t\t\t\t\t\t\t\t\t\t\t<li><a href=\"https:\/\/www.mapleleaffoods.com\/fr\/nos-engagements\/soins-animaux\/\">Soins des animaux<\/a><\/li>\n\t\t\t\t\t\t\t\t\t\t\t\t\t\t\t\t\t\t\t\t\t\t\t<li><a href=\"https:\/\/www.mapleleaffoods.com\/fr\/nos-engagements\/de-bons-aliments\/\">De bons aliments<\/a><\/li>\n\t\t\t\t\t\t\t\t\t\t\t\t\t\t\t\t\t<\/ul>\n\t\t\t\t\t\t<ul class=\"is-style-pre-footer sm-col-12 lg-col-4\">\n\t\t\t\t\t\t\t\t\t\t\t\t\t\t\t\t\t\t<li><a href=\"https:\/\/www.mapleleaffoods.com\/fr\/nos-engagements\/aliments-salubres\/\">Des aliments salubres<\/a><\/li>\n\t\t\t\t\t\t\t\t\t\t\t\t\t\t\t\t\t\t\t\t\t<li><a href=\"https:\/\/www.mapleleaffoods.com\/fr\/nos-engagements\/personnel\/\">Personnel<\/a><\/li>\n\t\t\t\t\t\t\t\t\t\t\t\t\t\t\t\t\t\t\t\t\t<li><a href=\"https:\/\/www.mapleleaffoods.com\/fr\/nos-engagements\/collectivites\/\">Collectivit\u00e9s<\/a><\/li>\n\t\t\t\t\t\t\t\t\t\t\t\t\t\t\t\t<\/ul>\n\t\t\t\t\t\t\t\t\t<\/div>\n\t\t\t<\/div>\n\t\t<\/div>\n\t\t","protected":false},"excerpt":{"rendered":"","protected":false},"author":18,"featured_media":0,"parent":247697,"menu_order":3,"comment_status":"closed","ping_status":"closed","template":"","meta":{"mlfcorp_iframe_url":"","footnotes":""},"class_list":["post-247731","page","type-page","status-publish","hentry"],"acf":[],"yoast_head":"<!-- This site is optimized with the Yoast SEO plugin v21.7 - https:\/\/yoast.com\/wordpress\/plugins\/seo\/ -->\n<title>Allerg\u00e8nes alimentaires | Les Aliments Maple Leaf<\/title>\n<meta name=\"description\" content=\"Les allergies alimentaires peuvent \u00eatre graves. Offrir des produits s\u00fbrs et bien \u00e9tiquet\u00e9s fait partie de notre engagement en mati\u00e8re de salubrit\u00e9.\" \/>\n<meta name=\"robots\" content=\"index, follow, max-snippet:-1, max-image-preview:large, max-video-preview:-1\" \/>\n<link rel=\"canonical\" href=\"https:\/\/www.mapleleaffoods.com\/fr\/nos-engagements\/aliments-salubres\/prevenir-maladies-origine-alimentaire\/allergenes\/\" \/>\n<meta property=\"og:locale\" content=\"fr_FR\" \/>\n<meta property=\"og:type\" content=\"article\" \/>\n<meta property=\"og:title\" content=\"Allerg\u00e8nes alimentaires | Les Aliments Maple Leaf\" \/>\n<meta property=\"og:description\" content=\"Les allergies alimentaires peuvent \u00eatre graves. Offrir des produits s\u00fbrs et bien \u00e9tiquet\u00e9s fait partie de notre engagement en mati\u00e8re de salubrit\u00e9.\" \/>\n<meta property=\"og:url\" content=\"https:\/\/www.mapleleaffoods.com\/fr\/nos-engagements\/aliments-salubres\/prevenir-maladies-origine-alimentaire\/allergenes\/\" \/>\n<meta property=\"og:site_name\" content=\"Les Aliments Maple Leaf\" \/>\n<meta property=\"article:modified_time\" content=\"2025-07-24T19:22:09+00:00\" \/>\n<meta property=\"og:image\" content=\"https:\/\/www.mapleleaffoods.com\/fr\/wp-content\/uploads\/sites\/7\/2022\/04\/NutritionalLabel-V3-FR.jpg\" \/>\n<meta name=\"twitter:card\" content=\"summary_large_image\" \/>\n<meta name=\"twitter:label1\" content=\"Dur\u00e9e de lecture estim\u00e9e\" \/>\n\t<meta name=\"twitter:data1\" content=\"4 minutes\" \/>\n<script type=\"application\/ld+json\" class=\"yoast-schema-graph\">{\"@context\":\"https:\/\/schema.org\",\"@graph\":[{\"@type\":\"WebPage\",\"@id\":\"https:\/\/www.mapleleaffoods.com\/fr\/nos-engagements\/aliments-salubres\/prevenir-maladies-origine-alimentaire\/allergenes\/\",\"url\":\"https:\/\/www.mapleleaffoods.com\/fr\/nos-engagements\/aliments-salubres\/prevenir-maladies-origine-alimentaire\/allergenes\/\",\"name\":\"Allerg\u00e8nes alimentaires | Les Aliments Maple Leaf\",\"isPartOf\":{\"@id\":\"https:\/\/www.mapleleaffoods.com\/fr\/#website\"},\"datePublished\":\"2022-03-09T14:57:20+00:00\",\"dateModified\":\"2025-07-24T19:22:09+00:00\",\"description\":\"Les allergies alimentaires peuvent \u00eatre graves. Offrir des produits s\u00fbrs et bien \u00e9tiquet\u00e9s fait partie de notre engagement en mati\u00e8re de salubrit\u00e9.\",\"breadcrumb\":{\"@id\":\"https:\/\/www.mapleleaffoods.com\/fr\/nos-engagements\/aliments-salubres\/prevenir-maladies-origine-alimentaire\/allergenes\/#breadcrumb\"},\"inLanguage\":\"fr-FR\",\"potentialAction\":[{\"@type\":\"ReadAction\",\"target\":[\"https:\/\/www.mapleleaffoods.com\/fr\/nos-engagements\/aliments-salubres\/prevenir-maladies-origine-alimentaire\/allergenes\/\"]}]},{\"@type\":\"BreadcrumbList\",\"@id\":\"https:\/\/www.mapleleaffoods.com\/fr\/nos-engagements\/aliments-salubres\/prevenir-maladies-origine-alimentaire\/allergenes\/#breadcrumb\",\"itemListElement\":[{\"@type\":\"ListItem\",\"position\":1,\"name\":\"Page d\u2019accueil\",\"item\":\"https:\/\/www.mapleleaffoods.com\/fr\/\"},{\"@type\":\"ListItem\",\"position\":2,\"name\":\"Nos engagements\",\"item\":\"https:\/\/www.mapleleaffoods.com\/fr\/nos-engagements\/\"},{\"@type\":\"ListItem\",\"position\":3,\"name\":\"Des aliments salubres\",\"item\":\"https:\/\/www.mapleleaffoods.com\/fr\/nos-engagements\/aliments-salubres\/\"},{\"@type\":\"ListItem\",\"position\":4,\"name\":\"Pr\u00e9venir les maladies d&rsquo;origine alimentaire\",\"item\":\"https:\/\/www.mapleleaffoods.com\/fr\/nos-engagements\/aliments-salubres\/prevenir-maladies-origine-alimentaire\/\"},{\"@type\":\"ListItem\",\"position\":5,\"name\":\"Pr\u00e9venir les maladies d&#8217;origine alimentaire &#8211; Allerg\u00e8nes\"}]},{\"@type\":\"WebSite\",\"@id\":\"https:\/\/www.mapleleaffoods.com\/fr\/#website\",\"url\":\"https:\/\/www.mapleleaffoods.com\/fr\/\",\"name\":\"Les Aliments Maple Leaf\",\"description\":\"Premi\u00e8re grande entreprise alimentaire carboneutre au monde\",\"publisher\":{\"@id\":\"https:\/\/www.mapleleaffoods.com\/fr\/#organization\"},\"potentialAction\":[{\"@type\":\"SearchAction\",\"target\":{\"@type\":\"EntryPoint\",\"urlTemplate\":\"https:\/\/www.mapleleaffoods.com\/fr\/?s={search_term_string}\"},\"query-input\":\"required name=search_term_string\"}],\"inLanguage\":\"fr-FR\"},{\"@type\":\"Organization\",\"@id\":\"https:\/\/www.mapleleaffoods.com\/fr\/#organization\",\"name\":\"Les Aliments Maple Leaf\",\"url\":\"https:\/\/www.mapleleaffoods.com\/fr\/\",\"logo\":{\"@type\":\"ImageObject\",\"inLanguage\":\"fr-FR\",\"@id\":\"https:\/\/www.mapleleaffoods.com\/fr\/#\/schema\/logo\/image\/\",\"url\":\"https:\/\/www.mapleleaffoods.com\/fr\/wp-content\/uploads\/sites\/7\/2026\/02\/L_MapleLeaf_4C_White_v1_EN.png\",\"contentUrl\":\"https:\/\/www.mapleleaffoods.com\/fr\/wp-content\/uploads\/sites\/7\/2026\/02\/L_MapleLeaf_4C_White_v1_EN.png\",\"width\":1829,\"height\":2200,\"caption\":\"Les Aliments Maple Leaf\"},\"image\":{\"@id\":\"https:\/\/www.mapleleaffoods.com\/fr\/#\/schema\/logo\/image\/\"}}]}<\/script>\n<!-- \/ Yoast SEO plugin. -->","yoast_head_json":{"title":"Allerg\u00e8nes alimentaires | Les Aliments Maple Leaf","description":"Les allergies alimentaires peuvent \u00eatre graves. Offrir des produits s\u00fbrs et bien \u00e9tiquet\u00e9s fait partie de notre engagement en mati\u00e8re de salubrit\u00e9.","robots":{"index":"index","follow":"follow","max-snippet":"max-snippet:-1","max-image-preview":"max-image-preview:large","max-video-preview":"max-video-preview:-1"},"canonical":"https:\/\/www.mapleleaffoods.com\/fr\/nos-engagements\/aliments-salubres\/prevenir-maladies-origine-alimentaire\/allergenes\/","og_locale":"fr_FR","og_type":"article","og_title":"Allerg\u00e8nes alimentaires | Les Aliments Maple Leaf","og_description":"Les allergies alimentaires peuvent \u00eatre graves. Offrir des produits s\u00fbrs et bien \u00e9tiquet\u00e9s fait partie de notre engagement en mati\u00e8re de salubrit\u00e9.","og_url":"https:\/\/www.mapleleaffoods.com\/fr\/nos-engagements\/aliments-salubres\/prevenir-maladies-origine-alimentaire\/allergenes\/","og_site_name":"Les Aliments Maple Leaf","article_modified_time":"2025-07-24T19:22:09+00:00","og_image":[{"url":"https:\/\/www.mapleleaffoods.com\/fr\/wp-content\/uploads\/sites\/7\/2022\/04\/NutritionalLabel-V3-FR.jpg"}],"twitter_card":"summary_large_image","twitter_misc":{"Dur\u00e9e de lecture estim\u00e9e":"4 minutes"},"schema":{"@context":"https:\/\/schema.org","@graph":[{"@type":"WebPage","@id":"https:\/\/www.mapleleaffoods.com\/fr\/nos-engagements\/aliments-salubres\/prevenir-maladies-origine-alimentaire\/allergenes\/","url":"https:\/\/www.mapleleaffoods.com\/fr\/nos-engagements\/aliments-salubres\/prevenir-maladies-origine-alimentaire\/allergenes\/","name":"Allerg\u00e8nes alimentaires | Les Aliments Maple Leaf","isPartOf":{"@id":"https:\/\/www.mapleleaffoods.com\/fr\/#website"},"datePublished":"2022-03-09T14:57:20+00:00","dateModified":"2025-07-24T19:22:09+00:00","description":"Les allergies alimentaires peuvent \u00eatre graves. Offrir des produits s\u00fbrs et bien \u00e9tiquet\u00e9s fait partie de notre engagement en mati\u00e8re de salubrit\u00e9.","breadcrumb":{"@id":"https:\/\/www.mapleleaffoods.com\/fr\/nos-engagements\/aliments-salubres\/prevenir-maladies-origine-alimentaire\/allergenes\/#breadcrumb"},"inLanguage":"fr-FR","potentialAction":[{"@type":"ReadAction","target":["https:\/\/www.mapleleaffoods.com\/fr\/nos-engagements\/aliments-salubres\/prevenir-maladies-origine-alimentaire\/allergenes\/"]}]},{"@type":"BreadcrumbList","@id":"https:\/\/www.mapleleaffoods.com\/fr\/nos-engagements\/aliments-salubres\/prevenir-maladies-origine-alimentaire\/allergenes\/#breadcrumb","itemListElement":[{"@type":"ListItem","position":1,"name":"Page d\u2019accueil","item":"https:\/\/www.mapleleaffoods.com\/fr\/"},{"@type":"ListItem","position":2,"name":"Nos engagements","item":"https:\/\/www.mapleleaffoods.com\/fr\/nos-engagements\/"},{"@type":"ListItem","position":3,"name":"Des aliments salubres","item":"https:\/\/www.mapleleaffoods.com\/fr\/nos-engagements\/aliments-salubres\/"},{"@type":"ListItem","position":4,"name":"Pr\u00e9venir les maladies d&rsquo;origine alimentaire","item":"https:\/\/www.mapleleaffoods.com\/fr\/nos-engagements\/aliments-salubres\/prevenir-maladies-origine-alimentaire\/"},{"@type":"ListItem","position":5,"name":"Pr\u00e9venir les maladies d&#8217;origine alimentaire &#8211; Allerg\u00e8nes"}]},{"@type":"WebSite","@id":"https:\/\/www.mapleleaffoods.com\/fr\/#website","url":"https:\/\/www.mapleleaffoods.com\/fr\/","name":"Les Aliments Maple Leaf","description":"Premi\u00e8re grande entreprise alimentaire carboneutre au monde","publisher":{"@id":"https:\/\/www.mapleleaffoods.com\/fr\/#organization"},"potentialAction":[{"@type":"SearchAction","target":{"@type":"EntryPoint","urlTemplate":"https:\/\/www.mapleleaffoods.com\/fr\/?s={search_term_string}"},"query-input":"required name=search_term_string"}],"inLanguage":"fr-FR"},{"@type":"Organization","@id":"https:\/\/www.mapleleaffoods.com\/fr\/#organization","name":"Les Aliments Maple Leaf","url":"https:\/\/www.mapleleaffoods.com\/fr\/","logo":{"@type":"ImageObject","inLanguage":"fr-FR","@id":"https:\/\/www.mapleleaffoods.com\/fr\/#\/schema\/logo\/image\/","url":"https:\/\/www.mapleleaffoods.com\/fr\/wp-content\/uploads\/sites\/7\/2026\/02\/L_MapleLeaf_4C_White_v1_EN.png","contentUrl":"https:\/\/www.mapleleaffoods.com\/fr\/wp-content\/uploads\/sites\/7\/2026\/02\/L_MapleLeaf_4C_White_v1_EN.png","width":1829,"height":2200,"caption":"Les Aliments Maple Leaf"},"image":{"@id":"https:\/\/www.mapleleaffoods.com\/fr\/#\/schema\/logo\/image\/"}}]}},"jetpack_sharing_enabled":true,"_links":{"self":[{"href":"https:\/\/www.mapleleaffoods.com\/fr\/wp-json\/wp\/v2\/pages\/247731"}],"collection":[{"href":"https:\/\/www.mapleleaffoods.com\/fr\/wp-json\/wp\/v2\/pages"}],"about":[{"href":"https:\/\/www.mapleleaffoods.com\/fr\/wp-json\/wp\/v2\/types\/page"}],"author":[{"embeddable":true,"href":"https:\/\/www.mapleleaffoods.com\/fr\/wp-json\/wp\/v2\/users\/18"}],"replies":[{"embeddable":true,"href":"https:\/\/www.mapleleaffoods.com\/fr\/wp-json\/wp\/v2\/comments?post=247731"}],"version-history":[{"count":29,"href":"https:\/\/www.mapleleaffoods.com\/fr\/wp-json\/wp\/v2\/pages\/247731\/revisions"}],"predecessor-version":[{"id":259647,"href":"https:\/\/www.mapleleaffoods.com\/fr\/wp-json\/wp\/v2\/pages\/247731\/revisions\/259647"}],"up":[{"embeddable":true,"href":"https:\/\/www.mapleleaffoods.com\/fr\/wp-json\/wp\/v2\/pages\/247697"}],"wp:attachment":[{"href":"https:\/\/www.mapleleaffoods.com\/fr\/wp-json\/wp\/v2\/media?parent=247731"}],"curies":[{"name":"wp","href":"https:\/\/api.w.org\/{rel}","templated":true}]}}