{"id":247723,"date":"2022-03-09T14:51:32","date_gmt":"2022-03-09T14:51:32","guid":{"rendered":"https:\/\/staging.mapleleaffoods.com\/fr\/?page_id=247723"},"modified":"2025-07-24T15:22:17","modified_gmt":"2025-07-24T19:22:17","slug":"salmonella","status":"publish","type":"page","link":"https:\/\/www.mapleleaffoods.com\/fr\/nos-engagements\/aliments-salubres\/prevenir-maladies-origine-alimentaire\/salmonella\/","title":{"rendered":"Pr\u00e9venir les maladies d&#8217;origine alimentaire &#8211; Salmonella"},"content":{"rendered":"<div class=\"yoast-breadcrumbs\"><span><span><a href=\"https:\/\/www.mapleleaffoods.com\/fr\/\">Page d\u2019accueil<\/a><\/span> <span class=\"yoast-custom-separator\"><\/span> <span><a href=\"https:\/\/www.mapleleaffoods.com\/fr\/nos-engagements\/\">Nos engagements<\/a><\/span> <span class=\"yoast-custom-separator\"><\/span> <span><a href=\"https:\/\/www.mapleleaffoods.com\/fr\/nos-engagements\/aliments-salubres\/\">Des aliments salubres<\/a><\/span> <span class=\"yoast-custom-separator\"><\/span> <span><a href=\"https:\/\/www.mapleleaffoods.com\/fr\/nos-engagements\/aliments-salubres\/prevenir-maladies-origine-alimentaire\/\">Pr\u00e9venir les maladies d&rsquo;origine alimentaire<\/a><\/span> <span class=\"yoast-custom-separator\"><\/span> <span class=\"breadcrumb_last\" aria-current=\"page\">Pr\u00e9venir les maladies d&#8217;origine alimentaire &#8211; Salmonella<\/span><\/span><\/div>\n\n\n<div style=\"height:75px\" aria-hidden=\"true\" class=\"wp-block-spacer\"><\/div>\n\n\n\n<section class=\"wp-block-mlfcorp-level-one-header level-one-header-container\"><span class=\"has-h-5-font-size\"><mark class=\"has-inline-color has-flag-blue-color\">Comment les Aliments Maple\u00a0Leaf<\/mark><\/span><h1 class=\"has-h-1-font-size\">pr\u00e9vient <mark class=\"has-inline-color has-corporate-dark-blue-color\">la<\/mark> <mark class=\"has-inline-color has-corporate-dark-blue-color\">prolif\u00e9ration de <em>Salmonella<\/em><\/mark><\/h1><\/section>\n\n\n\t<style type=\"text\/css\">\n\t\t.wp-block-tk-spacer.id-96ebc03d-0d00-499a-ad3e-e59df7a37c17 {\n\t\theight: 100px;\n\t}\n\n\t@media ( max-width: 480px ) {\n\t\t.wp-block-tk-spacer.id-96ebc03d-0d00-499a-ad3e-e59df7a37c17 {\n\t\t\theight: 100px;\n\t\t}\n\t}\t<\/style>\n\t<div class=\"wp-block-tk-spacer id-96ebc03d-0d00-499a-ad3e-e59df7a37c17\" aria-hidden=\"true\"><\/div>\n\t\n\n\n<div class=\"wp-block-tk-grid\"><div class=\"grid\"><div class=\"sm-col-12 lg-col-10 sm-start-0 lg-start-2\">\n<h2 class=\"wp-block-heading\" id=\"we-re-focusing-our-efforts-on-analyzing-monitoring-and-preventing-salmonella-bacteria-in-our-entire-fresh-poultry-supply-chain\">Nous concentrons nos efforts sur l\u2019analyse, la surveillance et la pr\u00e9vention de la bact\u00e9rie <em>Salmonella<\/em> dans toute notre cha\u00eene d\u2019approvisionnement en volaille fra\u00eeche.<\/h2>\n<\/div><\/div><\/div>\n\n\n\t<style type=\"text\/css\">\n\t\t.wp-block-tk-spacer.id-a2dc195e-60f6-407a-915a-7ddf4aeddf98 {\n\t\theight: 200px;\n\t}\n\n\t@media ( max-width: 480px ) {\n\t\t.wp-block-tk-spacer.id-a2dc195e-60f6-407a-915a-7ddf4aeddf98 {\n\t\t\theight: 100px;\n\t\t}\n\t}\t<\/style>\n\t<div class=\"wp-block-tk-spacer id-a2dc195e-60f6-407a-915a-7ddf4aeddf98\" aria-hidden=\"true\"><\/div>\n\t\n\n\n<div class=\"wp-block-mlfcorp-card-component-block card-component-container card-layout-horizontal card-position-center image-orientation-right\" style=\"padding-top:0\"><div class=\"grid top\"><div class=\"sm-col-12 lg-col-4 lg-start-2 details-wrapper\"><div class=\"card-component-details top image-orientation-right\"><div><h4 class=\"title-heading\">Qu\u2019est-ce que la <em>Salmonella<\/em>?<\/h4><p class=\"card-component-text\">La Salmonella est une bact\u00e9rie pr\u00e9sente chez les animaux vivants et peut contaminer la viande et la volaille pendant la transformation. La bact\u00e9rie <em>Salmonella<\/em> est \u00e9galement pr\u00e9sente dans l\u2019environnement. Il existe plusieurs souches de <em>Salmonella<\/em> qui peuvent causer des maladies. Vous les connaissez peut-\u00eatre\u00a0: <em>Salmonella enteritidis<\/em>, <em>Salmonella<\/em> Newport, <em>Salmonella<\/em> Javiana et <em>Salmonella<\/em> Heidelberg.<br><strong>\u00a0<\/strong><\/p><\/div><\/div><\/div><div class=\"sm-col-12 lg-col-6 image-wrapper\" style=\"margin-top:0\"><div class=\"card-image-container top image-orientation-right\"><img decoding=\"async\" width=\"630\" height=\"546\" src=\"https:\/\/www.mapleleaffoods.com\/fr\/wp-content\/uploads\/sites\/7\/2022\/10\/MLF-Food-Safety-Chicken-Nuggets-2.jpg\" alt=\"Nuggets de poulet\" class=\"card-component-image has-border-radius wp-image-253283\" srcset=\"https:\/\/b3412141.smushcdn.com\/3412141\/wp-content\/uploads\/sites\/7\/2022\/10\/MLF-Food-Safety-Chicken-Nuggets-2.jpg?lossy=1&amp;strip=1&amp;webp=1 630w, https:\/\/b3412141.smushcdn.com\/3412141\/wp-content\/uploads\/sites\/7\/2022\/10\/MLF-Food-Safety-Chicken-Nuggets-2-300x260.jpg?lossy=1&amp;strip=1&amp;webp=1 300w\" sizes=\"(max-width: 630px) 100vw, 630px\" \/><\/div><\/div><\/div><\/div>\n\n\n\t<style type=\"text\/css\">\n\t\t.wp-block-tk-spacer.id-de81bbc5-1a38-4b65-8814-16c7eb234b6d {\n\t\theight: 200px;\n\t}\n\n\t@media ( max-width: 480px ) {\n\t\t.wp-block-tk-spacer.id-de81bbc5-1a38-4b65-8814-16c7eb234b6d {\n\t\t\theight: 100px;\n\t\t}\n\t}\t<\/style>\n\t<div class=\"wp-block-tk-spacer id-de81bbc5-1a38-4b65-8814-16c7eb234b6d\" aria-hidden=\"true\"><\/div>\n\t\n\n\n<div class=\"wp-block-mlfcorp-card-component-block card-component-container card-layout-horizontal card-position-center image-orientation-left\" style=\"padding-top:0\"><div class=\"grid top\"><div class=\"sm-col-12 lg-col-5 lg-start-1 image-wrapper\"><div class=\"card-image-container top image-orientation-left\"><img decoding=\"async\" width=\"630\" height=\"400\" src=\"https:\/\/www.mapleleaffoods.com\/fr\/wp-content\/uploads\/sites\/7\/2022\/05\/MLF-Meat-Thermometer-Chicken-small.jpg.webp\" alt=\"Meat thermometer\" class=\"card-component-image has-border-radius wp-image-251665\" srcset=\"https:\/\/b3412141.smushcdn.com\/3412141\/wp-content\/uploads\/sites\/7\/2022\/05\/MLF-Meat-Thermometer-Chicken-small.jpg.webp?lossy=1&amp;strip=1&amp;webp=1 630w, https:\/\/b3412141.smushcdn.com\/3412141\/wp-content\/uploads\/sites\/7\/2022\/05\/MLF-Meat-Thermometer-Chicken-small.jpg-300x190.webp?lossy=1&amp;strip=1&amp;webp=1 300w\" sizes=\"(max-width: 630px) 100vw, 630px\" \/><\/div><\/div><div class=\"\n\t\t\t\t\t\t\t\tsm-col-12 lg-col-6 details-wrapper\n\t\t\t\t\t\t\t\t\n\t\t\t\t\t\t\t\t\" style=\"margin-top:0\"><div class=\"card-component-details top image-orientation-left\"><div><p class=\"surtitle-heading\">Le saviez-vous?<\/p><h5 class=\"subtitle-heading\">Toutes les souches de <em>Salmonella<\/em> sont d\u00e9truites par cuisson \u00e0 une temp\u00e9rature pr\u00e9cise qui doit \u00eatre valid\u00e9e avec un thermom\u00e8tre.<\/h5><p class=\"card-component-text\">Mais des erreurs peuvent se produire. Et lorsque la <em>Salmonella<\/em> est pr\u00e9sente sur des produits crus comme le poulet ou le porc frais, il est possible de transf\u00e9rer les bact\u00e9ries vers des produits qui ne sont pas destin\u00e9s \u00e0 la cuisson, comme les fruits et l\u00e9gumes crus et les salades, par exemple.<\/p><\/div><\/div><\/div><\/div><\/div>\n\n\n\t<style type=\"text\/css\">\n\t\t.wp-block-tk-spacer.id-78cd8942-0d03-42ec-a560-17ea3347d76a {\n\t\theight: 200px;\n\t}\n\n\t@media ( max-width: 480px ) {\n\t\t.wp-block-tk-spacer.id-78cd8942-0d03-42ec-a560-17ea3347d76a {\n\t\t\theight: 100px;\n\t\t}\n\t}\t<\/style>\n\t<div class=\"wp-block-tk-spacer id-78cd8942-0d03-42ec-a560-17ea3347d76a\" aria-hidden=\"true\"><\/div>\n\t\n\n\n<div class=\"wp-block-mlfcorp-card-component-block card-component-container card-layout-horizontal card-position-center image-orientation-right\" style=\"padding-top:0\"><div class=\"grid top\"><div class=\"sm-col-12 lg-col-6 lg-start-1 details-wrapper\"><div class=\"card-component-details top image-orientation-right\"><div><h4 class=\"title-heading\">Comment nous pr\u00e9venons la pr\u00e9sence de <em>Salmonella<\/em> sur nos produits<\/h4><p class=\"card-component-text\"><a>En 2015, selon les tendances observ\u00e9es en Am\u00e9rique du Nord, nous savions que nous devions en faire plus pour lutter contre la <em>Salmonella<\/em>. Nous avons reconnu le risque qu\u2019elle repr\u00e9sentait pour les consommateurs et avons d\u00e9cid\u00e9 que nous devions analyser chaque \u00e9tape de nos processus de production afin de trouver de meilleures fa\u00e7ons de pr\u00e9venir toutes les formes de <em>Salmonella<\/em> dans les produits que nous vendons. Nous avons appel\u00e9 cet effort notre \u00ab\u00a0strat\u00e9gie de r\u00e9duction de <em>Salmonella<\/em>\u00a0\u00bb des Aliments Maple\u00a0Leaf.<\/a><br>\u00a0<br>Nous avons analys\u00e9 nos processus de production depuis l\u2019endroit o\u00f9 nous obtenons les \u0153ufs \u00e0 couver, les couvoirs, les fermes o\u00f9 nous \u00e9levons les poussins, jusqu\u2019aux usines o\u00f9 nous les transformons. Nous avons cern\u00e9 les mesures que nous pourrions prendre pour r\u00e9duire la pr\u00e9sence de <em>Salmonella<\/em> par l\u2019am\u00e9lioration de l\u2019entretien sanitaire, la vaccination des poussins, les changements dans l\u2019alimentation et l\u2019eau que nous donnons \u00e0 nos animaux, le nettoyage antimicrobien des carcasses dans nos usines et la cuisson compl\u00e8te de produits pan\u00e9s hach\u00e9s et form\u00e9s que nous vendions auparavant partiellement cuits et surgel\u00e9s.\u00a0<br>\u00a0<br>Nous avons \u00e9galement intensifi\u00e9 nos efforts pour d\u00e9tecter l\u2019\u00e9ventuelle pr\u00e9sence de <em>Salmonella<\/em> au moyen d\u2019analyses rigoureuses afin de pr\u00e9venir les probl\u00e8mes de salubrit\u00e9 alimentaire.<br>\u00a0<br>Gr\u00e2ce \u00e0 notre strat\u00e9gie de r\u00e9duction de <em>Salmonella<\/em>, nous d\u00e9tectons aujourd\u2019hui la <em>Salmonella<\/em> dans nos volailles \u00e0 une fraction de la fr\u00e9quence que nous observions auparavant, et nos r\u00e9sultats sont parmi les meilleurs des industries canadienne et am\u00e9ricaine de viande et de volaille.<\/p><\/div><\/div><\/div><div class=\"sm-col-12 lg-col-6 image-wrapper\" style=\"margin-top:0\"><div class=\"card-image-container top image-orientation-right\"><img decoding=\"async\" width=\"630\" height=\"546\" src=\"https:\/\/www.mapleleaffoods.com\/fr\/wp-content\/uploads\/sites\/7\/2022\/10\/MLF-Animal-Care-Broiler-Chickens-in-Barn-Drinking.jpg\" alt=\"Poulets buvant de l'eau\" class=\"card-component-image has-border-radius wp-image-253284\" srcset=\"https:\/\/b3412141.smushcdn.com\/3412141\/wp-content\/uploads\/sites\/7\/2022\/10\/MLF-Animal-Care-Broiler-Chickens-in-Barn-Drinking.jpg?lossy=1&amp;strip=1&amp;webp=1 630w, https:\/\/b3412141.smushcdn.com\/3412141\/wp-content\/uploads\/sites\/7\/2022\/10\/MLF-Animal-Care-Broiler-Chickens-in-Barn-Drinking-300x260.jpg?lossy=1&amp;strip=1&amp;webp=1 300w\" sizes=\"(max-width: 630px) 100vw, 630px\" \/><button class=\"credit-text\"><span class=\"initial\">i<\/span><span class=\"secondary hide\">Dans un poulailler | Aylmer, ON<\/span><\/button><\/div><\/div><\/div><\/div>\n\n\n\n<div style=\"height:50px\" aria-hidden=\"true\" class=\"wp-block-spacer\"><\/div>\n\n\n\n<div class=\"wp-block-tk-grid\"><div class=\"grid\"><div class=\"sm-col-12 lg-col-10 sm-start-0 lg-start-2\">\n<h6 class=\"wp-block-heading has-white-color has-flag-blue-background-color has-text-color has-background\" id=\"we-learned-there-is-no-single-silver-bullet-to-prevent-salmonella-all-of-the-time-but-by-applying-multiple-strategies-from-our-farms-through-to-our-plants-we-offer-the-best-possible-protection-against-salmonella-and-by-emphasizing-the-need-to-cook-our-products-properly-according-to-package-directions-as-a-final-step-we-can-ensure-that-our-products-are-safe-when-served\">Nous avons appris qu\u2019il n\u2019existe pas de solution miracle pour pr\u00e9venir la <em>Salmonella<\/em> en tout temps. Mais en appliquant de multiples strat\u00e9gies de nos fermes \u00e0 nos usines, nous offrons la meilleure protection possible contre la <em>Salmonella<\/em>. Et en insistant sur la n\u00e9cessit\u00e9 de cuire nos produits selon les instructions de l\u2019emballage comme \u00e9tape finale, nous pouvons nous assurer que nos produits sont s\u00fbrs lorsqu\u2019ils sont servis.<\/h6>\n<\/div><\/div><\/div>\n\n\n\t<style type=\"text\/css\">\n\t\t.wp-block-tk-spacer.id-27993be4-35a1-4e28-bf8f-29f216dc78ab {\n\t\theight: 200px;\n\t}\n\n\t@media ( max-width: 480px ) {\n\t\t.wp-block-tk-spacer.id-27993be4-35a1-4e28-bf8f-29f216dc78ab {\n\t\t\theight: 100px;\n\t\t}\n\t}\t<\/style>\n\t<div class=\"wp-block-tk-spacer id-27993be4-35a1-4e28-bf8f-29f216dc78ab\" aria-hidden=\"true\"><\/div>\n\t\n\n\n<div class=\"wp-block-mlfcorp-promo-box-block promo-box-block has-border-radius ultra-light-green\"><div class=\"promo-box-container img-center img-full\"><div class=\"grid align-middle\"><div class=\"sm-col-12 lg-col-6 promo-box-image-container img-center img-full\"><img decoding=\"async\" src=\"https:\/\/www.mapleleaffoods.com\/fr\/wp-content\/uploads\/sites\/7\/2022\/10\/MLF-McLeod-Manufacturing-Production.jpg\" alt=\"Plancher de l'usine MacLeod\"\/><\/div><div class=\"sm-col-12 lg-col-6 promo-box-details-container\">\n<p class=\"promo-box-surtitle-heading\"><\/p>\n\n\n\n<h4 class=\"wp-block-heading promo-box-title-heading\" id=\"making-safe-food\">Fabriquer des aliments s\u00fbrs<\/h4>\n\n\n\n<p class=\"promo-box-text\">Nous ferons tout ce qui est en notre pouvoir pour que nos produits soient s\u00fbrs pour vous et votre famille.<\/p>\n\n\n\n<div class=\"wp-block-button promo-box-button is-style-fill\"><a class=\"wp-block-button__link wp-element-button\" href=\"https:\/\/www.mapleleaffoods.com\/fr\/nos-engagements\/aliments-salubres\/production-d-aliments-salubres\/\" aria-label=\"Add aria label here\">En savoir plus<\/a><span class=\"file-size-button\"><\/span><\/div>\n<\/div><\/div><\/div><\/div>\n\n\n\t<style type=\"text\/css\">\n\t\t.wp-block-tk-spacer.id-354d3931-f219-468c-a3b9-1d6cdddab6ea {\n\t\theight: 200px;\n\t}\n\n\t@media ( max-width: 480px ) {\n\t\t.wp-block-tk-spacer.id-354d3931-f219-468c-a3b9-1d6cdddab6ea {\n\t\t\theight: 100px;\n\t\t}\n\t}\t<\/style>\n\t<div class=\"wp-block-tk-spacer id-354d3931-f219-468c-a3b9-1d6cdddab6ea\" aria-hidden=\"true\"><\/div>\n\t\n\n\n\t\t<div class=\"pre-footer-block alignfull\">\n\t\t\t<div class=\"grid-container\">\n\t\t\t\t<div class=\"grid\">\n\t\t\t\t\t\t\t\t\t\t\t\t\t\t\t\t\t\t<div class=\"sm-col-12\tlg-col-11 lg-start-2\">\n\t\t\t\t\t\t\t\t\n<p class=\"pre-footer-surtitle\">Davantage dans<\/p>\n\n<h2 class=\"pre-footer-title\">nos engagements<\/h2>\n\t\t\t\t\t\t\t<\/div>\n\t\t\t\t\t\t\t\t\t\t\t\t\t\t\t\t\t<ul class=\"is-style-pre-footer sm-col-12 lg-col-4 lg-start-2\">\n\t\t\t\t\t\t\t\t\t\t\t\t\t\t\t\t\t\t\t<li><a href=\"https:\/\/www.mapleleaffoods.com\/fr\/nos-engagements\/environnement\/\">Environnement<\/a><\/li>\n\t\t\t\t\t\t\t\t\t\t\t\t\t\t\t\t\t\t\t\t\t\t\t<li><a href=\"https:\/\/www.mapleleaffoods.com\/fr\/nos-engagements\/soins-animaux\/\">Soins des animaux<\/a><\/li>\n\t\t\t\t\t\t\t\t\t\t\t\t\t\t\t\t\t\t\t\t\t\t\t<li><a href=\"https:\/\/www.mapleleaffoods.com\/fr\/nos-engagements\/de-bons-aliments\/\">De bons aliments<\/a><\/li>\n\t\t\t\t\t\t\t\t\t\t\t\t\t\t\t\t\t<\/ul>\n\t\t\t\t\t\t<ul class=\"is-style-pre-footer sm-col-12 lg-col-4\">\n\t\t\t\t\t\t\t\t\t\t\t\t\t\t\t\t\t\t<li><a href=\"https:\/\/www.mapleleaffoods.com\/fr\/nos-engagements\/aliments-salubres\/\">Des aliments salubres<\/a><\/li>\n\t\t\t\t\t\t\t\t\t\t\t\t\t\t\t\t\t\t\t\t\t<li><a href=\"https:\/\/www.mapleleaffoods.com\/fr\/nos-engagements\/personnel\/\">Personnel<\/a><\/li>\n\t\t\t\t\t\t\t\t\t\t\t\t\t\t\t\t\t\t\t\t\t<li><a href=\"https:\/\/www.mapleleaffoods.com\/fr\/nos-engagements\/collectivites\/\">Collectivit\u00e9s<\/a><\/li>\n\t\t\t\t\t\t\t\t\t\t\t\t\t\t\t\t<\/ul>\n\t\t\t\t\t\t\t\t\t<\/div>\n\t\t\t<\/div>\n\t\t<\/div>\n\t\t","protected":false},"excerpt":{"rendered":"","protected":false},"author":18,"featured_media":0,"parent":247697,"menu_order":2,"comment_status":"closed","ping_status":"closed","template":"","meta":{"mlfcorp_iframe_url":"","footnotes":""},"class_list":["post-247723","page","type-page","status-publish","hentry"],"acf":[],"yoast_head":"<!-- This site is optimized with the Yoast SEO plugin v21.7 - https:\/\/yoast.com\/wordpress\/plugins\/seo\/ -->\n<title>Pr\u00e9vention de la Salmonella | Les Aliments Maple Leaf<\/title>\n<meta name=\"description\" content=\"La Salmonella est pr\u00e9sente chez les animaux vivants et peut contaminer la volaille pendant la transformation. Nous misons sur la pr\u00e9vention dans toutes\" \/>\n<meta name=\"robots\" content=\"index, follow, max-snippet:-1, max-image-preview:large, max-video-preview:-1\" \/>\n<link rel=\"canonical\" href=\"https:\/\/www.mapleleaffoods.com\/fr\/nos-engagements\/aliments-salubres\/prevenir-maladies-origine-alimentaire\/salmonella\/\" \/>\n<meta property=\"og:locale\" content=\"fr_FR\" \/>\n<meta property=\"og:type\" content=\"article\" \/>\n<meta property=\"og:title\" content=\"Pr\u00e9vention de la Salmonella | Les Aliments Maple Leaf\" \/>\n<meta property=\"og:description\" content=\"La Salmonella est pr\u00e9sente chez les animaux vivants et peut contaminer la volaille pendant la transformation. Nous misons sur la pr\u00e9vention dans toutes\" \/>\n<meta property=\"og:url\" content=\"https:\/\/www.mapleleaffoods.com\/fr\/nos-engagements\/aliments-salubres\/prevenir-maladies-origine-alimentaire\/salmonella\/\" \/>\n<meta property=\"og:site_name\" content=\"Les Aliments Maple Leaf\" \/>\n<meta property=\"article:modified_time\" content=\"2025-07-24T19:22:17+00:00\" \/>\n<meta property=\"og:image\" content=\"https:\/\/www.mapleleaffoods.com\/fr\/wp-content\/uploads\/sites\/7\/2022\/10\/MLF-Food-Safety-Chicken-Nuggets-2.jpg\" \/>\n<meta name=\"twitter:card\" content=\"summary_large_image\" \/>\n<meta name=\"twitter:label1\" content=\"Dur\u00e9e de lecture estim\u00e9e\" \/>\n\t<meta name=\"twitter:data1\" content=\"4 minutes\" \/>\n<script type=\"application\/ld+json\" class=\"yoast-schema-graph\">{\"@context\":\"https:\/\/schema.org\",\"@graph\":[{\"@type\":\"WebPage\",\"@id\":\"https:\/\/www.mapleleaffoods.com\/fr\/nos-engagements\/aliments-salubres\/prevenir-maladies-origine-alimentaire\/salmonella\/\",\"url\":\"https:\/\/www.mapleleaffoods.com\/fr\/nos-engagements\/aliments-salubres\/prevenir-maladies-origine-alimentaire\/salmonella\/\",\"name\":\"Pr\u00e9vention de la Salmonella | Les Aliments Maple Leaf\",\"isPartOf\":{\"@id\":\"https:\/\/www.mapleleaffoods.com\/fr\/#website\"},\"datePublished\":\"2022-03-09T14:51:32+00:00\",\"dateModified\":\"2025-07-24T19:22:17+00:00\",\"description\":\"La Salmonella est pr\u00e9sente chez les animaux vivants et peut contaminer la volaille pendant la transformation. Nous misons sur la pr\u00e9vention dans toutes\",\"breadcrumb\":{\"@id\":\"https:\/\/www.mapleleaffoods.com\/fr\/nos-engagements\/aliments-salubres\/prevenir-maladies-origine-alimentaire\/salmonella\/#breadcrumb\"},\"inLanguage\":\"fr-FR\",\"potentialAction\":[{\"@type\":\"ReadAction\",\"target\":[\"https:\/\/www.mapleleaffoods.com\/fr\/nos-engagements\/aliments-salubres\/prevenir-maladies-origine-alimentaire\/salmonella\/\"]}]},{\"@type\":\"BreadcrumbList\",\"@id\":\"https:\/\/www.mapleleaffoods.com\/fr\/nos-engagements\/aliments-salubres\/prevenir-maladies-origine-alimentaire\/salmonella\/#breadcrumb\",\"itemListElement\":[{\"@type\":\"ListItem\",\"position\":1,\"name\":\"Page d\u2019accueil\",\"item\":\"https:\/\/www.mapleleaffoods.com\/fr\/\"},{\"@type\":\"ListItem\",\"position\":2,\"name\":\"Nos engagements\",\"item\":\"https:\/\/www.mapleleaffoods.com\/fr\/nos-engagements\/\"},{\"@type\":\"ListItem\",\"position\":3,\"name\":\"Des aliments salubres\",\"item\":\"https:\/\/www.mapleleaffoods.com\/fr\/nos-engagements\/aliments-salubres\/\"},{\"@type\":\"ListItem\",\"position\":4,\"name\":\"Pr\u00e9venir les maladies d&rsquo;origine alimentaire\",\"item\":\"https:\/\/www.mapleleaffoods.com\/fr\/nos-engagements\/aliments-salubres\/prevenir-maladies-origine-alimentaire\/\"},{\"@type\":\"ListItem\",\"position\":5,\"name\":\"Pr\u00e9venir les maladies d&#8217;origine alimentaire &#8211; Salmonella\"}]},{\"@type\":\"WebSite\",\"@id\":\"https:\/\/www.mapleleaffoods.com\/fr\/#website\",\"url\":\"https:\/\/www.mapleleaffoods.com\/fr\/\",\"name\":\"Les Aliments Maple Leaf\",\"description\":\"Premi\u00e8re grande entreprise alimentaire carboneutre au monde\",\"publisher\":{\"@id\":\"https:\/\/www.mapleleaffoods.com\/fr\/#organization\"},\"potentialAction\":[{\"@type\":\"SearchAction\",\"target\":{\"@type\":\"EntryPoint\",\"urlTemplate\":\"https:\/\/www.mapleleaffoods.com\/fr\/?s={search_term_string}\"},\"query-input\":\"required name=search_term_string\"}],\"inLanguage\":\"fr-FR\"},{\"@type\":\"Organization\",\"@id\":\"https:\/\/www.mapleleaffoods.com\/fr\/#organization\",\"name\":\"Les Aliments Maple Leaf\",\"url\":\"https:\/\/www.mapleleaffoods.com\/fr\/\",\"logo\":{\"@type\":\"ImageObject\",\"inLanguage\":\"fr-FR\",\"@id\":\"https:\/\/www.mapleleaffoods.com\/fr\/#\/schema\/logo\/image\/\",\"url\":\"https:\/\/www.mapleleaffoods.com\/fr\/wp-content\/uploads\/sites\/7\/2026\/02\/L_MapleLeaf_4C_White_v1_EN.png\",\"contentUrl\":\"https:\/\/www.mapleleaffoods.com\/fr\/wp-content\/uploads\/sites\/7\/2026\/02\/L_MapleLeaf_4C_White_v1_EN.png\",\"width\":1829,\"height\":2200,\"caption\":\"Les Aliments Maple Leaf\"},\"image\":{\"@id\":\"https:\/\/www.mapleleaffoods.com\/fr\/#\/schema\/logo\/image\/\"}}]}<\/script>\n<!-- \/ Yoast SEO plugin. -->","yoast_head_json":{"title":"Pr\u00e9vention de la Salmonella | Les Aliments Maple Leaf","description":"La Salmonella est pr\u00e9sente chez les animaux vivants et peut contaminer la volaille pendant la transformation. Nous misons sur la pr\u00e9vention dans toutes","robots":{"index":"index","follow":"follow","max-snippet":"max-snippet:-1","max-image-preview":"max-image-preview:large","max-video-preview":"max-video-preview:-1"},"canonical":"https:\/\/www.mapleleaffoods.com\/fr\/nos-engagements\/aliments-salubres\/prevenir-maladies-origine-alimentaire\/salmonella\/","og_locale":"fr_FR","og_type":"article","og_title":"Pr\u00e9vention de la Salmonella | Les Aliments Maple Leaf","og_description":"La Salmonella est pr\u00e9sente chez les animaux vivants et peut contaminer la volaille pendant la transformation. Nous misons sur la pr\u00e9vention dans toutes","og_url":"https:\/\/www.mapleleaffoods.com\/fr\/nos-engagements\/aliments-salubres\/prevenir-maladies-origine-alimentaire\/salmonella\/","og_site_name":"Les Aliments Maple Leaf","article_modified_time":"2025-07-24T19:22:17+00:00","og_image":[{"url":"https:\/\/www.mapleleaffoods.com\/fr\/wp-content\/uploads\/sites\/7\/2022\/10\/MLF-Food-Safety-Chicken-Nuggets-2.jpg"}],"twitter_card":"summary_large_image","twitter_misc":{"Dur\u00e9e de lecture estim\u00e9e":"4 minutes"},"schema":{"@context":"https:\/\/schema.org","@graph":[{"@type":"WebPage","@id":"https:\/\/www.mapleleaffoods.com\/fr\/nos-engagements\/aliments-salubres\/prevenir-maladies-origine-alimentaire\/salmonella\/","url":"https:\/\/www.mapleleaffoods.com\/fr\/nos-engagements\/aliments-salubres\/prevenir-maladies-origine-alimentaire\/salmonella\/","name":"Pr\u00e9vention de la Salmonella | Les Aliments Maple Leaf","isPartOf":{"@id":"https:\/\/www.mapleleaffoods.com\/fr\/#website"},"datePublished":"2022-03-09T14:51:32+00:00","dateModified":"2025-07-24T19:22:17+00:00","description":"La Salmonella est pr\u00e9sente chez les animaux vivants et peut contaminer la volaille pendant la transformation. Nous misons sur la pr\u00e9vention dans toutes","breadcrumb":{"@id":"https:\/\/www.mapleleaffoods.com\/fr\/nos-engagements\/aliments-salubres\/prevenir-maladies-origine-alimentaire\/salmonella\/#breadcrumb"},"inLanguage":"fr-FR","potentialAction":[{"@type":"ReadAction","target":["https:\/\/www.mapleleaffoods.com\/fr\/nos-engagements\/aliments-salubres\/prevenir-maladies-origine-alimentaire\/salmonella\/"]}]},{"@type":"BreadcrumbList","@id":"https:\/\/www.mapleleaffoods.com\/fr\/nos-engagements\/aliments-salubres\/prevenir-maladies-origine-alimentaire\/salmonella\/#breadcrumb","itemListElement":[{"@type":"ListItem","position":1,"name":"Page d\u2019accueil","item":"https:\/\/www.mapleleaffoods.com\/fr\/"},{"@type":"ListItem","position":2,"name":"Nos engagements","item":"https:\/\/www.mapleleaffoods.com\/fr\/nos-engagements\/"},{"@type":"ListItem","position":3,"name":"Des aliments salubres","item":"https:\/\/www.mapleleaffoods.com\/fr\/nos-engagements\/aliments-salubres\/"},{"@type":"ListItem","position":4,"name":"Pr\u00e9venir les maladies d&rsquo;origine alimentaire","item":"https:\/\/www.mapleleaffoods.com\/fr\/nos-engagements\/aliments-salubres\/prevenir-maladies-origine-alimentaire\/"},{"@type":"ListItem","position":5,"name":"Pr\u00e9venir les maladies d&#8217;origine alimentaire &#8211; Salmonella"}]},{"@type":"WebSite","@id":"https:\/\/www.mapleleaffoods.com\/fr\/#website","url":"https:\/\/www.mapleleaffoods.com\/fr\/","name":"Les Aliments Maple Leaf","description":"Premi\u00e8re grande entreprise alimentaire carboneutre au monde","publisher":{"@id":"https:\/\/www.mapleleaffoods.com\/fr\/#organization"},"potentialAction":[{"@type":"SearchAction","target":{"@type":"EntryPoint","urlTemplate":"https:\/\/www.mapleleaffoods.com\/fr\/?s={search_term_string}"},"query-input":"required name=search_term_string"}],"inLanguage":"fr-FR"},{"@type":"Organization","@id":"https:\/\/www.mapleleaffoods.com\/fr\/#organization","name":"Les Aliments Maple Leaf","url":"https:\/\/www.mapleleaffoods.com\/fr\/","logo":{"@type":"ImageObject","inLanguage":"fr-FR","@id":"https:\/\/www.mapleleaffoods.com\/fr\/#\/schema\/logo\/image\/","url":"https:\/\/www.mapleleaffoods.com\/fr\/wp-content\/uploads\/sites\/7\/2026\/02\/L_MapleLeaf_4C_White_v1_EN.png","contentUrl":"https:\/\/www.mapleleaffoods.com\/fr\/wp-content\/uploads\/sites\/7\/2026\/02\/L_MapleLeaf_4C_White_v1_EN.png","width":1829,"height":2200,"caption":"Les Aliments Maple Leaf"},"image":{"@id":"https:\/\/www.mapleleaffoods.com\/fr\/#\/schema\/logo\/image\/"}}]}},"jetpack_sharing_enabled":true,"_links":{"self":[{"href":"https:\/\/www.mapleleaffoods.com\/fr\/wp-json\/wp\/v2\/pages\/247723"}],"collection":[{"href":"https:\/\/www.mapleleaffoods.com\/fr\/wp-json\/wp\/v2\/pages"}],"about":[{"href":"https:\/\/www.mapleleaffoods.com\/fr\/wp-json\/wp\/v2\/types\/page"}],"author":[{"embeddable":true,"href":"https:\/\/www.mapleleaffoods.com\/fr\/wp-json\/wp\/v2\/users\/18"}],"replies":[{"embeddable":true,"href":"https:\/\/www.mapleleaffoods.com\/fr\/wp-json\/wp\/v2\/comments?post=247723"}],"version-history":[{"count":10,"href":"https:\/\/www.mapleleaffoods.com\/fr\/wp-json\/wp\/v2\/pages\/247723\/revisions"}],"predecessor-version":[{"id":259648,"href":"https:\/\/www.mapleleaffoods.com\/fr\/wp-json\/wp\/v2\/pages\/247723\/revisions\/259648"}],"up":[{"embeddable":true,"href":"https:\/\/www.mapleleaffoods.com\/fr\/wp-json\/wp\/v2\/pages\/247697"}],"wp:attachment":[{"href":"https:\/\/www.mapleleaffoods.com\/fr\/wp-json\/wp\/v2\/media?parent=247723"}],"curies":[{"name":"wp","href":"https:\/\/api.w.org\/{rel}","templated":true}]}}