{"id":247637,"date":"2022-03-08T20:20:00","date_gmt":"2022-03-08T20:20:00","guid":{"rendered":"https:\/\/staging.mapleleaffoods.com\/fr\/?page_id=247637"},"modified":"2025-07-24T15:20:24","modified_gmt":"2025-07-24T19:20:24","slug":"de-bons-aliments","status":"publish","type":"page","link":"https:\/\/www.mapleleaffoods.com\/fr\/nos-engagements\/de-bons-aliments\/","title":{"rendered":"De bons aliments"},"content":{"rendered":"\n<section class=\"wp-block-mlfcorp-level-one-header level-one-header-container\"><span class=\"has-h-5-font-size\"><mark class=\"has-inline-color has-flag-blue-color\">Nous produisons<\/mark><\/span><h1 class=\"has-h-1-font-size\">de bons <mark class=\"has-inline-color has-corporate-dark-blue-color\">aliments<\/mark> <mark class=\"has-inline-color has-corporate-dark-blue-color\">pour les Canadiens<\/mark><\/h1>\n<div class=\"wp-block-cover alignfull is-light\"><span aria-hidden=\"true\" class=\"wp-block-cover__background has-background-dim-0 has-background-dim\"><\/span><img decoding=\"async\" width=\"2560\" height=\"1707\" class=\"wp-block-cover__image-background wp-image-256649\" alt=\"de bons aliments pour les Canadiens\" src=\"https:\/\/www.mapleleaffoods.com\/fr\/wp-content\/uploads\/sites\/7\/2024\/04\/iStock-469803173-1-scaled-1.jpg\" style=\"object-position:100% 62%\" data-object-fit=\"cover\" data-object-position=\"100% 62%\" srcset=\"https:\/\/b3412141.smushcdn.com\/3412141\/wp-content\/uploads\/sites\/7\/2024\/04\/iStock-469803173-1-scaled-1.jpg?lossy=1&amp;strip=1&amp;webp=1 2560w, https:\/\/b3412141.smushcdn.com\/3412141\/wp-content\/uploads\/sites\/7\/2024\/04\/iStock-469803173-1-scaled-1-300x200.jpg?lossy=1&amp;strip=1&amp;webp=1 300w, https:\/\/b3412141.smushcdn.com\/3412141\/wp-content\/uploads\/sites\/7\/2024\/04\/iStock-469803173-1-scaled-1-1024x683.jpg?lossy=1&amp;strip=1&amp;webp=1 1024w, https:\/\/b3412141.smushcdn.com\/3412141\/wp-content\/uploads\/sites\/7\/2024\/04\/iStock-469803173-1-scaled-1-768x512.jpg?lossy=1&amp;strip=1&amp;webp=1 768w, https:\/\/b3412141.smushcdn.com\/3412141\/wp-content\/uploads\/sites\/7\/2024\/04\/iStock-469803173-1-scaled-1-1536x1024.jpg?lossy=1&amp;strip=1&amp;webp=1 1536w, https:\/\/b3412141.smushcdn.com\/3412141\/wp-content\/uploads\/sites\/7\/2024\/04\/iStock-469803173-1-scaled-1-2048x1366.jpg?lossy=1&amp;strip=1&amp;webp=1 2048w\" sizes=\"(max-width: 2560px) 100vw, 2560px\" \/><div class=\"wp-block-cover__inner-container is-layout-flow wp-block-cover-is-layout-flow\">\n<p class=\"has-text-align-center has-large-font-size\"><\/p>\n<\/div><\/div>\n<\/section>\n\n\n\t<style type=\"text\/css\">\n\t\t.wp-block-tk-spacer.id-7f00b841-c12f-4cd6-a2e6-7e02fa7e2ffb {\n\t\theight: 100px;\n\t}\n\n\t@media ( max-width: 480px ) {\n\t\t.wp-block-tk-spacer.id-7f00b841-c12f-4cd6-a2e6-7e02fa7e2ffb {\n\t\t\theight: 50px;\n\t\t}\n\t}\t<\/style>\n\t<div class=\"wp-block-tk-spacer id-7f00b841-c12f-4cd6-a2e6-7e02fa7e2ffb\" aria-hidden=\"true\"><\/div>\n\t\n\n\n<div class=\"wp-block-tk-grid\"><div class=\"grid\"><div class=\"sm-col-12 lg-col-11 sm-start-0 lg-start-2\">\n<h2 class=\"wp-block-heading\" id=\"we-re-a-sustainable-protein-company-determined-to-transform-the-food-industry-and-reconnect-people-with-good-nutritious-and-sustainable-food\">Nous nous engageons \u00e0 offrir constamment des aliments sains et de grande qualit\u00e9 assortis d\u2019un \u00e9tiquetage responsable et de transparence quant aux ingr\u00e9dients.<\/h2>\n<\/div><\/div><\/div>\n\n\n\n<div style=\"height:38px\" aria-hidden=\"true\" class=\"wp-block-spacer\"><\/div>\n\n\n\n<div class=\"wp-block-mlfcorp-card-component-block card-component-container card-layout-horizontal card-position-right image-orientation-left\" style=\"padding-top:0\"><div class=\"grid align-middle\"><div class=\"sm-col-12 lg-col-5 lg-start-1 image-wrapper\"><div class=\"card-image-container align-middle image-orientation-left\"><img decoding=\"async\" width=\"522\" height=\"608\" src=\"https:\/\/www.mapleleaffoods.com\/fr\/wp-content\/uploads\/sites\/7\/2022\/11\/iStock-1176302477-1-1.png\" alt=\"Enfant riant \u00e0 la table du d\u00eener\" class=\"card-component-image has-border-radius wp-image-253528\" srcset=\"https:\/\/b3412141.smushcdn.com\/3412141\/wp-content\/uploads\/sites\/7\/2022\/11\/iStock-1176302477-1-1.png?lossy=1&amp;strip=1&amp;webp=1 522w, https:\/\/b3412141.smushcdn.com\/3412141\/wp-content\/uploads\/sites\/7\/2022\/11\/iStock-1176302477-1-1-258x300.png?lossy=1&amp;strip=1&amp;webp=1 258w\" sizes=\"(max-width: 522px) 100vw, 522px\" \/><\/div><\/div><div class=\"\n\t\t\t\t\t\t\t\tsm-col-12 lg-col-7 details-wrapper\n\t\t\t\t\t\t\t\t\n\t\t\t\t\t\t\t\t\" style=\"margin-top:0\"><div class=\"card-component-details align-middle image-orientation-left\"><div><h3 class=\"title-heading\">Pour nous, que signifie produire \u00ab de bons aliments \u00bb?<\/h3><p class=\"card-component-text\">De bons aliments signifient diff\u00e9rentes choses pour diff\u00e9rentes personnes. Et nous voulons combler ces besoins! Nous nous sommes engag\u00e9s \u00e0 offrir de d\u00e9licieux aliments produits avec des ingr\u00e9dients de qualit\u00e9 sup\u00e9rieure, simples et naturels, \u00e0 teneur r\u00e9duite en sodium. Nous visons aussi \u00e0 aider les Canadiens \u00e0 faire des choix alimentaires \u00e9clair\u00e9s en offrant des \u00e9tiquettes sur lesquelles la valeur nutritive est facile \u00e0 lire et \u00e0 comprendre.<br><br>\u00catre en t\u00eate de file pour la cr\u00e9ation artisanale authentique. En t\u00eate pour la cr\u00e9ation d\u2019une excellente valeur. En t\u00eate pour offrir de bons aliments et diff\u00e9rents choix de marques. Voil\u00e0 ce que produire de bons aliments signifie pour nous.<\/p><\/div><\/div><\/div><\/div><\/div>\n\n\n\t<style type=\"text\/css\">\n\t\t.wp-block-tk-spacer.id-85f749b1-65a5-459e-9545-ffcd3fa00e33 {\n\t\theight: 200px;\n\t}\n\n\t@media ( max-width: 480px ) {\n\t\t.wp-block-tk-spacer.id-85f749b1-65a5-459e-9545-ffcd3fa00e33 {\n\t\t\theight: 100px;\n\t\t}\n\t}\t<\/style>\n\t<div class=\"wp-block-tk-spacer id-85f749b1-65a5-459e-9545-ffcd3fa00e33\" aria-hidden=\"true\"><\/div>\n\t\n\n\n<div class=\"wp-block-mlfcorp-card-component-block card-component-container card-layout-horizontal card-position-center image-orientation-right\" style=\"padding-top:0\"><div class=\"grid align-top\"><div class=\"sm-col-12 lg-col-5 lg-start-2 details-wrapper\"><div class=\"card-component-details align-top image-orientation-right\"><div><h4 class=\"title-heading\">\u00c9tiquettes alimentaires <br>qui font preuve de transparence<\/h4><p class=\"card-component-text\">Pour faire des choix qui sont bons pour la sant\u00e9, nous devons tous \u00eatre inform\u00e9s au sujet de la taille des portions et des \u00e9l\u00e9ments nutritifs dans les aliments que nous choisissons. Les \u00e9tiquettes des produits alimentaires sont un outil important. Les \u00e9tiquettes de nos produits alimentaires font preuve de transparence afin d\u2019aider les Canadiens \u00e0 faire des choix sains et nutritifs.<\/p>\n<div class=\"wp-block-button is-style-white\"><a class=\"wp-block-button__link wp-element-button\" href=\"https:\/\/www.mapleleaffoods.com\/fr\/nos-engagements\/de-bons-aliments\/nutrition\/\" aria-label=\"\u00c9tiquettes alimentaires  qui font preuve de transparence\">Apprenez-en davantage<\/a><span class=\"file-size-button\"><\/span><\/div>\n<\/div><\/div><\/div><div class=\"sm-col-12 lg-col-6 image-wrapper\" style=\"margin-top:0\"><div class=\"card-image-container align-top image-orientation-right\"><img decoding=\"async\" width=\"624\" height=\"415\" src=\"https:\/\/www.mapleleaffoods.com\/fr\/wp-content\/uploads\/sites\/7\/2022\/11\/MLF-Natural-Selections-Package-Ingredients.jpg\" alt=\"Ensemble de produits de jambon fum\u00e9 For\u00eat-Noire S\u00e9lection Naturelle Maple Leaf\" class=\"card-component-image has-border-radius wp-image-253529\" srcset=\"https:\/\/b3412141.smushcdn.com\/3412141\/wp-content\/uploads\/sites\/7\/2022\/11\/MLF-Natural-Selections-Package-Ingredients.jpg?lossy=1&amp;strip=1&amp;webp=1 624w, https:\/\/b3412141.smushcdn.com\/3412141\/wp-content\/uploads\/sites\/7\/2022\/11\/MLF-Natural-Selections-Package-Ingredients-300x200.jpg?lossy=1&amp;strip=1&amp;webp=1 300w\" sizes=\"(max-width: 624px) 100vw, 624px\" \/><\/div><\/div><\/div><\/div>\n\n\n\t<style type=\"text\/css\">\n\t\t.wp-block-tk-spacer.id-5d969292-0346-4f88-8eae-80470d180a60 {\n\t\theight: 200px;\n\t}\n\n\t@media ( max-width: 480px ) {\n\t\t.wp-block-tk-spacer.id-5d969292-0346-4f88-8eae-80470d180a60 {\n\t\t\theight: 100px;\n\t\t}\n\t}\t<\/style>\n\t<div class=\"wp-block-tk-spacer id-5d969292-0346-4f88-8eae-80470d180a60\" aria-hidden=\"true\"><\/div>\n\t\n\n\n<div class=\"wp-block-mlfcorp-card-component-block card-component-container card-layout-horizontal card-position-right image-orientation-left\" style=\"padding-top:0\"><div class=\"grid align-middle\"><div class=\"sm-col-12 lg-col-6 lg-start-1 image-wrapper\"><div class=\"card-image-container align-middle image-orientation-left\"><img decoding=\"async\" width=\"630\" height=\"327\" src=\"https:\/\/www.mapleleaffoods.com\/fr\/wp-content\/uploads\/sites\/7\/2023\/08\/MLF-Laboratory-Food-Safety-Testing.jpg\" alt=\"Analyses en laboratoire des Aliments Maple Leaf\" class=\"card-component-image has-border-radius wp-image-255184\" srcset=\"https:\/\/b3412141.smushcdn.com\/3412141\/wp-content\/uploads\/sites\/7\/2023\/08\/MLF-Laboratory-Food-Safety-Testing.jpg?lossy=1&amp;strip=1&amp;webp=1 630w, https:\/\/b3412141.smushcdn.com\/3412141\/wp-content\/uploads\/sites\/7\/2023\/08\/MLF-Laboratory-Food-Safety-Testing-300x156.jpg?lossy=1&amp;strip=1&amp;webp=1 300w\" sizes=\"(max-width: 630px) 100vw, 630px\" \/><button class=\"credit-text\"><span class=\"initial\">i<\/span><span class=\"secondary hide\">Emily | Laboratoire central de microbiologie<\/span><\/button><\/div><\/div><div class=\"\n\t\t\t\t\t\t\t\tsm-col-12 lg-col-6 details-wrapper\n\t\t\t\t\t\t\t\t\n\t\t\t\t\t\t\t\t\" style=\"margin-top:0\"><div class=\"card-component-details align-middle image-orientation-left\"><div><h4 class=\"title-heading\">Nous innovons constamment afin d\u2019offrir de d\u00e9licieux aliments \u00e0 votre famille<\/h4><p class=\"card-component-text\">Nous tenons constamment compte des go\u00fbts en constante \u00e9volution de nos consommateurs. Nous collaborons, nous faisons de la recherche, nous cr\u00e9ons des produits novateurs, nous faisons de multiples essais \u2013 et nous livrons les produits que nos consommateurs veulent.<\/p>\n<div class=\"wp-block-button is-style-white\"><a class=\"wp-block-button__link wp-element-button\" href=\"https:\/\/www.mapleleaffoods.com\/fr\/nos-engagements\/de-bons-aliments\/innovation\/\" aria-label=\"Nous innovons constamment afin d\u2019offrir de d\u00e9licieux aliments \u00e0 votre famille\">Apprenez-en davantage<\/a><span class=\"file-size-button\"><\/span><\/div>\n<\/div><\/div><\/div><\/div><\/div>\n\n\n\t<style type=\"text\/css\">\n\t\t.wp-block-tk-spacer.id-afe88fa8-0a29-4db5-8b78-d6e72dbee989 {\n\t\theight: 200px;\n\t}\n\n\t@media ( max-width: 480px ) {\n\t\t.wp-block-tk-spacer.id-afe88fa8-0a29-4db5-8b78-d6e72dbee989 {\n\t\t\theight: 100px;\n\t\t}\n\t}\t<\/style>\n\t<div class=\"wp-block-tk-spacer id-afe88fa8-0a29-4db5-8b78-d6e72dbee989\" aria-hidden=\"true\"><\/div>\n\t\n\n\n<div class=\"wp-block-group is-style-border-radius has-ultra-light-green-background-color has-background is-layout-flow wp-block-group-is-layout-flow\">\t<style type=\"text\/css\">\n\t\t.wp-block-tk-spacer.id-c0ce90e0-707c-42e0-8c35-77e57a00359a {\n\t\theight: 60px;\n\t}\n\n\t@media ( max-width: 480px ) {\n\t\t.wp-block-tk-spacer.id-c0ce90e0-707c-42e0-8c35-77e57a00359a {\n\t\t\theight: 100px;\n\t\t}\n\t}\t<\/style>\n\t<div class=\"wp-block-tk-spacer id-c0ce90e0-707c-42e0-8c35-77e57a00359a\" aria-hidden=\"true\"><\/div>\n\t\n\n\n<div class=\"wp-block-columns is-layout-flex wp-container-core-columns-is-layout-1 wp-block-columns-is-layout-flex\">\n<div class=\"wp-block-column is-layout-flow wp-block-column-is-layout-flow\" style=\"flex-basis:58%\">\n<h3 class=\"wp-block-heading\"><font style=\"vertical-align: inherit\"><font style=\"vertical-align: inherit\">R<mark class=\"has-inline-color has-flag-blue-color\">apport int\u00e9gr\u00e9<\/mark><\/font><\/font><\/h3>\n\n\n\n<p>Nous documentons et calculons tous les changements que nous apportons. D\u00e9couvrez nos progr\u00e8s dans notre dernier rapport int\u00e9gr\u00e9.<\/p>\n<\/div>\n\n\n\n<div class=\"wp-block-column is-vertically-aligned-center is-layout-flow wp-block-column-is-layout-flow\" style=\"flex-basis:33%\">\n<div class=\"wp-block-buttons is-vertical is-content-justification-left is-layout-flex wp-container-core-buttons-is-layout-1 wp-block-buttons-is-layout-flex\">\n<div class=\"wp-block-button is-style-white top-right-arrow-icon\"><a class=\"wp-block-button__link wp-element-button\" href=\"https:\/\/www.mapleleaffoods.com\/fr\/wp-content\/uploads\/sites\/7\/2026\/01\/MLF_IntegratedReport_2024_FR-CA.pdf\" target=\"_blank\" rel=\"noreferrer noopener\" aria-label=\"Parution de notre premier rapport int\u00e9gr\u00e9\u00a02022\" download>Consulter le rapport<\/a><span class=\"file-size-button\">20 Mo<\/span><\/div>\n<\/div>\n<\/div>\n<\/div>\n\n\n\t<style type=\"text\/css\">\n\t\t.wp-block-tk-spacer.id-c762343c-8e83-4357-acac-0c4accae0173 {\n\t\theight: 60px;\n\t}\n\n\t@media ( max-width: 480px ) {\n\t\t.wp-block-tk-spacer.id-c762343c-8e83-4357-acac-0c4accae0173 {\n\t\t\theight: 100px;\n\t\t}\n\t}\t<\/style>\n\t<div class=\"wp-block-tk-spacer id-c762343c-8e83-4357-acac-0c4accae0173\" aria-hidden=\"true\"><\/div>\n\t<\/div>\n\n\n\t<style type=\"text\/css\">\n\t\t.wp-block-tk-spacer.id-a5075e3b-3691-4ee0-8996-5c29ebb40b32 {\n\t\theight: 200px;\n\t}\n\n\t@media ( max-width: 480px ) {\n\t\t.wp-block-tk-spacer.id-a5075e3b-3691-4ee0-8996-5c29ebb40b32 {\n\t\t\theight: 100px;\n\t\t}\n\t}\t<\/style>\n\t<div class=\"wp-block-tk-spacer id-a5075e3b-3691-4ee0-8996-5c29ebb40b32\" aria-hidden=\"true\"><\/div>\n\t\n\n\n\t\t<div class=\"pre-footer-block alignfull\">\n\t\t\t<div class=\"grid-container\">\n\t\t\t\t<div class=\"grid\">\n\t\t\t\t\t\t\t\t\t\t\t\t\t\t\t\t\t\t<div class=\"sm-col-12\tlg-col-11 lg-start-2\">\n\t\t\t\t\t\t\t\t\n<p class=\"pre-footer-surtitle\">Davantage dans<\/p>\n\n<h2 class=\"pre-footer-title\">nos engagements<\/h2>\n\t\t\t\t\t\t\t<\/div>\n\t\t\t\t\t\t\t\t\t\t\t\t\t\t\t\t\t<ul class=\"is-style-pre-footer sm-col-12 lg-col-4 lg-start-2\">\n\t\t\t\t\t\t\t\t\t\t\t\t\t\t\t\t\t\t\t<li><a href=\"https:\/\/www.mapleleaffoods.com\/fr\/nos-engagements\/environnement\/\">Environnement<\/a><\/li>\n\t\t\t\t\t\t\t\t\t\t\t\t\t\t\t\t\t\t\t\t\t\t\t<li><a href=\"https:\/\/www.mapleleaffoods.com\/fr\/nos-engagements\/soins-animaux\/\">Soins des animaux<\/a><\/li>\n\t\t\t\t\t\t\t\t\t\t\t\t\t\t\t\t\t\t\t\t\t\t\t<li><a href=\"https:\/\/www.mapleleaffoods.com\/fr\/nos-engagements\/de-bons-aliments\/\">De bons aliments<\/a><\/li>\n\t\t\t\t\t\t\t\t\t\t\t\t\t\t\t\t\t<\/ul>\n\t\t\t\t\t\t<ul class=\"is-style-pre-footer sm-col-12 lg-col-4\">\n\t\t\t\t\t\t\t\t\t\t\t\t\t\t\t\t\t\t<li><a href=\"https:\/\/www.mapleleaffoods.com\/fr\/nos-engagements\/aliments-salubres\/\">Des aliments salubres<\/a><\/li>\n\t\t\t\t\t\t\t\t\t\t\t\t\t\t\t\t\t\t\t\t\t<li><a href=\"https:\/\/www.mapleleaffoods.com\/fr\/nos-engagements\/personnel\/\">Personnel<\/a><\/li>\n\t\t\t\t\t\t\t\t\t\t\t\t\t\t\t\t\t\t\t\t\t<li><a href=\"https:\/\/www.mapleleaffoods.com\/fr\/nos-engagements\/collectivites\/\">Collectivit\u00e9s<\/a><\/li>\n\t\t\t\t\t\t\t\t\t\t\t\t\t\t\t\t<\/ul>\n\t\t\t\t\t\t\t\t\t<\/div>\n\t\t\t<\/div>\n\t\t<\/div>\n\t\t","protected":false},"excerpt":{"rendered":"","protected":false},"author":18,"featured_media":0,"parent":247388,"menu_order":3,"comment_status":"closed","ping_status":"closed","template":"","meta":{"mlfcorp_iframe_url":"","footnotes":""},"class_list":["post-247637","page","type-page","status-publish","hentry"],"acf":[],"yoast_head":"<!-- This site is optimized with the Yoast SEO plugin v21.7 - https:\/\/yoast.com\/wordpress\/plugins\/seo\/ -->\n<title>De bons aliments pour les Canadiens | Les Aliments Maple Leaf<\/title>\n<meta name=\"description\" content=\"Notre engagement : transformer l\u2019industrie alimentaire et renouer les gens avec de bons aliments nutritifs et durables que nous faisons pour votre famille.\" \/>\n<meta name=\"robots\" content=\"index, follow, max-snippet:-1, max-image-preview:large, max-video-preview:-1\" \/>\n<link rel=\"canonical\" href=\"https:\/\/www.mapleleaffoods.com\/fr\/nos-engagements\/de-bons-aliments\/\" \/>\n<meta property=\"og:locale\" content=\"fr_FR\" \/>\n<meta property=\"og:type\" content=\"article\" \/>\n<meta property=\"og:title\" content=\"De bons aliments pour les Canadiens | Les Aliments Maple Leaf\" \/>\n<meta property=\"og:description\" content=\"Notre engagement : transformer l\u2019industrie alimentaire et renouer les gens avec de bons aliments nutritifs et durables que nous faisons pour votre famille.\" \/>\n<meta property=\"og:url\" content=\"https:\/\/www.mapleleaffoods.com\/fr\/nos-engagements\/de-bons-aliments\/\" \/>\n<meta property=\"og:site_name\" content=\"Les Aliments Maple Leaf\" \/>\n<meta property=\"article:modified_time\" content=\"2025-07-24T19:20:24+00:00\" \/>\n<meta property=\"og:image\" content=\"https:\/\/www.mapleleaffoods.com\/fr\/wp-content\/uploads\/sites\/7\/2024\/04\/iStock-469803173-1-scaled-1.jpg\" \/>\n<meta name=\"twitter:card\" content=\"summary_large_image\" \/>\n<meta name=\"twitter:label1\" content=\"Dur\u00e9e de lecture estim\u00e9e\" \/>\n\t<meta name=\"twitter:data1\" content=\"3 minutes\" \/>\n<script type=\"application\/ld+json\" class=\"yoast-schema-graph\">{\"@context\":\"https:\/\/schema.org\",\"@graph\":[{\"@type\":\"WebPage\",\"@id\":\"https:\/\/www.mapleleaffoods.com\/fr\/nos-engagements\/de-bons-aliments\/\",\"url\":\"https:\/\/www.mapleleaffoods.com\/fr\/nos-engagements\/de-bons-aliments\/\",\"name\":\"De bons aliments pour les Canadiens | Les Aliments Maple Leaf\",\"isPartOf\":{\"@id\":\"https:\/\/www.mapleleaffoods.com\/fr\/#website\"},\"datePublished\":\"2022-03-08T20:20:00+00:00\",\"dateModified\":\"2025-07-24T19:20:24+00:00\",\"description\":\"Notre engagement : transformer l\u2019industrie alimentaire et renouer les gens avec de bons aliments nutritifs et durables que nous faisons pour votre famille.\",\"breadcrumb\":{\"@id\":\"https:\/\/www.mapleleaffoods.com\/fr\/nos-engagements\/de-bons-aliments\/#breadcrumb\"},\"inLanguage\":\"fr-FR\",\"potentialAction\":[{\"@type\":\"ReadAction\",\"target\":[\"https:\/\/www.mapleleaffoods.com\/fr\/nos-engagements\/de-bons-aliments\/\"]}]},{\"@type\":\"BreadcrumbList\",\"@id\":\"https:\/\/www.mapleleaffoods.com\/fr\/nos-engagements\/de-bons-aliments\/#breadcrumb\",\"itemListElement\":[{\"@type\":\"ListItem\",\"position\":1,\"name\":\"Page d\u2019accueil\",\"item\":\"https:\/\/www.mapleleaffoods.com\/fr\/\"},{\"@type\":\"ListItem\",\"position\":2,\"name\":\"Nos engagements\",\"item\":\"https:\/\/www.mapleleaffoods.com\/fr\/nos-engagements\/\"},{\"@type\":\"ListItem\",\"position\":3,\"name\":\"De bons aliments\"}]},{\"@type\":\"WebSite\",\"@id\":\"https:\/\/www.mapleleaffoods.com\/fr\/#website\",\"url\":\"https:\/\/www.mapleleaffoods.com\/fr\/\",\"name\":\"Les Aliments Maple Leaf\",\"description\":\"Premi\u00e8re grande entreprise alimentaire carboneutre au monde\",\"publisher\":{\"@id\":\"https:\/\/www.mapleleaffoods.com\/fr\/#organization\"},\"potentialAction\":[{\"@type\":\"SearchAction\",\"target\":{\"@type\":\"EntryPoint\",\"urlTemplate\":\"https:\/\/www.mapleleaffoods.com\/fr\/?s={search_term_string}\"},\"query-input\":\"required name=search_term_string\"}],\"inLanguage\":\"fr-FR\"},{\"@type\":\"Organization\",\"@id\":\"https:\/\/www.mapleleaffoods.com\/fr\/#organization\",\"name\":\"Les Aliments Maple Leaf\",\"url\":\"https:\/\/www.mapleleaffoods.com\/fr\/\",\"logo\":{\"@type\":\"ImageObject\",\"inLanguage\":\"fr-FR\",\"@id\":\"https:\/\/www.mapleleaffoods.com\/fr\/#\/schema\/logo\/image\/\",\"url\":\"https:\/\/www.mapleleaffoods.com\/fr\/wp-content\/uploads\/sites\/7\/2026\/02\/L_MapleLeaf_4C_White_v1_EN.png\",\"contentUrl\":\"https:\/\/www.mapleleaffoods.com\/fr\/wp-content\/uploads\/sites\/7\/2026\/02\/L_MapleLeaf_4C_White_v1_EN.png\",\"width\":1829,\"height\":2200,\"caption\":\"Les Aliments Maple Leaf\"},\"image\":{\"@id\":\"https:\/\/www.mapleleaffoods.com\/fr\/#\/schema\/logo\/image\/\"}}]}<\/script>\n<!-- \/ Yoast SEO plugin. -->","yoast_head_json":{"title":"De bons aliments pour les Canadiens | Les Aliments Maple Leaf","description":"Notre engagement : transformer l\u2019industrie alimentaire et renouer les gens avec de bons aliments nutritifs et durables que nous faisons pour votre famille.","robots":{"index":"index","follow":"follow","max-snippet":"max-snippet:-1","max-image-preview":"max-image-preview:large","max-video-preview":"max-video-preview:-1"},"canonical":"https:\/\/www.mapleleaffoods.com\/fr\/nos-engagements\/de-bons-aliments\/","og_locale":"fr_FR","og_type":"article","og_title":"De bons aliments pour les Canadiens | Les Aliments Maple Leaf","og_description":"Notre engagement : transformer l\u2019industrie alimentaire et renouer les gens avec de bons aliments nutritifs et durables que nous faisons pour votre famille.","og_url":"https:\/\/www.mapleleaffoods.com\/fr\/nos-engagements\/de-bons-aliments\/","og_site_name":"Les Aliments Maple Leaf","article_modified_time":"2025-07-24T19:20:24+00:00","og_image":[{"url":"https:\/\/www.mapleleaffoods.com\/fr\/wp-content\/uploads\/sites\/7\/2024\/04\/iStock-469803173-1-scaled-1.jpg"}],"twitter_card":"summary_large_image","twitter_misc":{"Dur\u00e9e de lecture estim\u00e9e":"3 minutes"},"schema":{"@context":"https:\/\/schema.org","@graph":[{"@type":"WebPage","@id":"https:\/\/www.mapleleaffoods.com\/fr\/nos-engagements\/de-bons-aliments\/","url":"https:\/\/www.mapleleaffoods.com\/fr\/nos-engagements\/de-bons-aliments\/","name":"De bons aliments pour les Canadiens | Les Aliments Maple Leaf","isPartOf":{"@id":"https:\/\/www.mapleleaffoods.com\/fr\/#website"},"datePublished":"2022-03-08T20:20:00+00:00","dateModified":"2025-07-24T19:20:24+00:00","description":"Notre engagement : transformer l\u2019industrie alimentaire et renouer les gens avec de bons aliments nutritifs et durables que nous faisons pour votre famille.","breadcrumb":{"@id":"https:\/\/www.mapleleaffoods.com\/fr\/nos-engagements\/de-bons-aliments\/#breadcrumb"},"inLanguage":"fr-FR","potentialAction":[{"@type":"ReadAction","target":["https:\/\/www.mapleleaffoods.com\/fr\/nos-engagements\/de-bons-aliments\/"]}]},{"@type":"BreadcrumbList","@id":"https:\/\/www.mapleleaffoods.com\/fr\/nos-engagements\/de-bons-aliments\/#breadcrumb","itemListElement":[{"@type":"ListItem","position":1,"name":"Page d\u2019accueil","item":"https:\/\/www.mapleleaffoods.com\/fr\/"},{"@type":"ListItem","position":2,"name":"Nos engagements","item":"https:\/\/www.mapleleaffoods.com\/fr\/nos-engagements\/"},{"@type":"ListItem","position":3,"name":"De bons aliments"}]},{"@type":"WebSite","@id":"https:\/\/www.mapleleaffoods.com\/fr\/#website","url":"https:\/\/www.mapleleaffoods.com\/fr\/","name":"Les Aliments Maple Leaf","description":"Premi\u00e8re grande entreprise alimentaire carboneutre au monde","publisher":{"@id":"https:\/\/www.mapleleaffoods.com\/fr\/#organization"},"potentialAction":[{"@type":"SearchAction","target":{"@type":"EntryPoint","urlTemplate":"https:\/\/www.mapleleaffoods.com\/fr\/?s={search_term_string}"},"query-input":"required name=search_term_string"}],"inLanguage":"fr-FR"},{"@type":"Organization","@id":"https:\/\/www.mapleleaffoods.com\/fr\/#organization","name":"Les Aliments Maple Leaf","url":"https:\/\/www.mapleleaffoods.com\/fr\/","logo":{"@type":"ImageObject","inLanguage":"fr-FR","@id":"https:\/\/www.mapleleaffoods.com\/fr\/#\/schema\/logo\/image\/","url":"https:\/\/www.mapleleaffoods.com\/fr\/wp-content\/uploads\/sites\/7\/2026\/02\/L_MapleLeaf_4C_White_v1_EN.png","contentUrl":"https:\/\/www.mapleleaffoods.com\/fr\/wp-content\/uploads\/sites\/7\/2026\/02\/L_MapleLeaf_4C_White_v1_EN.png","width":1829,"height":2200,"caption":"Les Aliments Maple Leaf"},"image":{"@id":"https:\/\/www.mapleleaffoods.com\/fr\/#\/schema\/logo\/image\/"}}]}},"jetpack_sharing_enabled":true,"_links":{"self":[{"href":"https:\/\/www.mapleleaffoods.com\/fr\/wp-json\/wp\/v2\/pages\/247637"}],"collection":[{"href":"https:\/\/www.mapleleaffoods.com\/fr\/wp-json\/wp\/v2\/pages"}],"about":[{"href":"https:\/\/www.mapleleaffoods.com\/fr\/wp-json\/wp\/v2\/types\/page"}],"author":[{"embeddable":true,"href":"https:\/\/www.mapleleaffoods.com\/fr\/wp-json\/wp\/v2\/users\/18"}],"replies":[{"embeddable":true,"href":"https:\/\/www.mapleleaffoods.com\/fr\/wp-json\/wp\/v2\/comments?post=247637"}],"version-history":[{"count":29,"href":"https:\/\/www.mapleleaffoods.com\/fr\/wp-json\/wp\/v2\/pages\/247637\/revisions"}],"predecessor-version":[{"id":259640,"href":"https:\/\/www.mapleleaffoods.com\/fr\/wp-json\/wp\/v2\/pages\/247637\/revisions\/259640"}],"up":[{"embeddable":true,"href":"https:\/\/www.mapleleaffoods.com\/fr\/wp-json\/wp\/v2\/pages\/247388"}],"wp:attachment":[{"href":"https:\/\/www.mapleleaffoods.com\/fr\/wp-json\/wp\/v2\/media?parent=247637"}],"curies":[{"name":"wp","href":"https:\/\/api.w.org\/{rel}","templated":true}]}}