{"id":246817,"date":"2022-02-22T15:12:03","date_gmt":"2022-02-22T15:12:03","guid":{"rendered":"https:\/\/staging.mapleleaffoods.com\/fr\/carrieres\/cheminements-carriere\/french-version\/"},"modified":"2025-03-28T10:38:20","modified_gmt":"2025-03-28T14:38:20","slug":"communications-affaires-publique","status":"publish","type":"page","link":"https:\/\/www.mapleleaffoods.com\/fr\/carrieres\/cheminements-carriere\/communications-affaires-publique\/","title":{"rendered":"Affaires publiques"},"content":{"rendered":"<div class=\"yoast-breadcrumbs\"><span><span><a href=\"https:\/\/www.mapleleaffoods.com\/fr\/\">Page d\u2019accueil<\/a><\/span> <span class=\"yoast-custom-separator\"><\/span> <span><a href=\"https:\/\/www.mapleleaffoods.com\/fr\/carrieres\/\">Carri\u00e8res<\/a><\/span> <span class=\"yoast-custom-separator\"><\/span> <span><a href=\"https:\/\/www.mapleleaffoods.com\/fr\/carrieres\/cheminements-carriere\/\">Cheminements de carri\u00e8re<\/a><\/span> <span class=\"yoast-custom-separator\"><\/span> <span class=\"breadcrumb_last\" aria-current=\"page\">Affaires publiques<\/span><\/span><\/div>\n\n\t<style type=\"text\/css\">\n\t\t.wp-block-tk-spacer.id-694b1c1b-9d00-415c-acf1-14db54e7ba26 {\n\t\theight: 75px;\n\t}\n\n\t@media ( max-width: 480px ) {\n\t\t.wp-block-tk-spacer.id-694b1c1b-9d00-415c-acf1-14db54e7ba26 {\n\t\t\theight: 100px;\n\t\t}\n\t}\t<\/style>\n\t<div class=\"wp-block-tk-spacer id-694b1c1b-9d00-415c-acf1-14db54e7ba26\" aria-hidden=\"true\"><\/div>\n\t\n\n\n<section class=\"wp-block-mlfcorp-level-one-header\"><h1>Communications de <mark class=\"has-inline-color has-corporate-dark-blue-color\">l\u2019entreprise<\/mark><\/h1>\n<div class=\"wp-block-cover alignfull is-light\"><span aria-hidden=\"true\" class=\"wp-block-cover__background has-background-dim-0 has-background-dim\"><\/span><img decoding=\"async\" class=\"wp-block-cover__image-background wp-image-251011\" alt=\"groupe de membres de l'\u00e9quipe dans un bureau et en appel virtuel\" src=\"https:\/\/www.mapleleaffoods.com\/wp-content\/uploads\/sites\/6\/2022\/02\/MLF-Meeting-Room-Technology.jpg\" data-object-fit=\"cover\"\/><div class=\"wp-block-cover__inner-container is-layout-flow wp-block-cover-is-layout-flow\">\n<p class=\"has-text-align-center has-large-font-size\"><\/p>\n<\/div><\/div>\n<\/section>\n\n\n\t<style type=\"text\/css\">\n\t\t.wp-block-tk-spacer.id-2e9822fa-7e6d-4b67-a363-0e7bfa9b7656 {\n\t\theight: 200px;\n\t}\n\n\t@media ( max-width: 480px ) {\n\t\t.wp-block-tk-spacer.id-2e9822fa-7e6d-4b67-a363-0e7bfa9b7656 {\n\t\t\theight: 100px;\n\t\t}\n\t}\t<\/style>\n\t<div class=\"wp-block-tk-spacer id-2e9822fa-7e6d-4b67-a363-0e7bfa9b7656\" aria-hidden=\"true\"><\/div>\n\t\n\n\n<h2 class=\"wp-block-heading\" id=\"maple-leaf-foods-is-doing-great-things-and-this-team-tells-the-world-all-about-it\">Les Aliments Maple Leaf accomplit de belles et grandes choses, et cette \u00e9quipe le fait savoir au monde entier!<\/h2>\n\n\n\t<style type=\"text\/css\">\n\t\t.wp-block-tk-spacer.id-75d5f3e3-17c9-4639-b396-19b61e0c8e75 {\n\t\theight: 100px;\n\t}\n\n\t@media ( max-width: 480px ) {\n\t\t.wp-block-tk-spacer.id-75d5f3e3-17c9-4639-b396-19b61e0c8e75 {\n\t\t\theight: 100px;\n\t\t}\n\t}\t<\/style>\n\t<div class=\"wp-block-tk-spacer id-75d5f3e3-17c9-4639-b396-19b61e0c8e75\" aria-hidden=\"true\"><\/div>\n\t\n\n\n<div class=\"wp-block-tk-grid\"><div class=\"grid\"><div class=\"sm-col-12 lg-col-9 sm-start-0 lg-start-2\">\n<h4 class=\"wp-block-heading has-text-align-center\" id=\"a-career-path-in-corporate-communications-and-public-affairs\">Une carri\u00e8re dans les communications de l\u2019entreprise et les affaires publiques<\/h4>\n\n\n\n<p class=\"has-text-align-center\">\u00c0 titre de soci\u00e9t\u00e9 cot\u00e9e en bourse, les Aliments Maple Leaf compte sur des gens talentueux pour g\u00e9rer ses responsabilit\u00e9s. L\u2019\u00e9quipe des communications de l'entreprise offre des perspectives de travail vari\u00e9es, &nbsp;passionnantes et uniques.<\/p>\n<\/div><\/div><\/div>\n\n\n\n<div class=\"wp-block-mlfcorp-accordion-block accordion-block\"><div class=\"accordion-block-container grid-container\">\n<div class=\"wp-block-mlfcorp-accordion-single-block grid is-closed no-image is-open accordion-block-single\"><div class=\"sm-col-12 lg-col-10 accordion-block-details-container\">\n<h4 class=\"wp-block-heading accordion-block-title\" id=\"corporate-communications-and-public-affairs\">Communications de l\u2019entreprise<\/h4>\n\n\n\n<p class=\"accordion-block-text\">Cette \u00e9quipe r\u00e9dige et communique des messages clairs pour faire conna\u00eetre au monde entier les plus r\u00e9cents efforts des Aliments Maple Leaf. <\/p>\n\n\n\n<p class=\"accordion-block-text\">Elle transmet de l\u2019information et \u00e9tablit un dialogue entre les \u00e9quipes internes et avec des intervenants ext\u00e9rieurs comme les investisseurs, les m\u00e9dias et le grand public.<\/p>\n<\/div><button class=\"accordion-plus\" aria-label=\"Ouvrir le menu d\u00e9roulant\" data-open=\"Ouvrir le menu d\u00e9roulant\" data-close=\"Fermer le menu d\u00e9roulant\"><\/button><\/div>\n\n\n\n<div class=\"wp-block-mlfcorp-accordion-single-block grid is-closed no-image accordion-block-single\"><div class=\"sm-col-12 lg-col-10 accordion-block-details-container\">\n<h4 class=\"wp-block-heading accordion-block-title\" id=\"corporate-secretary-legal-affairs-and-real-estate\">Secr\u00e9tariat g\u00e9n\u00e9ral, affaires juridiques et immobilier<\/h4>\n\n\n\n<p class=\"accordion-block-text\">Cette \u00e9quipe s\u2019assure que les Aliments Maple Leaf respecte ses normes d\u2019entreprise et d\u2019\u00e9thique \u00e9lev\u00e9es dans tout ce qu\u2019elle entreprend. Elle g\u00e8re les responsabilit\u00e9s de l\u2019entreprise (y compris le secr\u00e9tariat g\u00e9n\u00e9ral), les affaires du conseil d\u2019administration, les affaires juridiques, les assurances, l\u2019immobilier et les fusions et acquisitions.<\/p>\n<\/div><button class=\"accordion-plus\" aria-label=\"Ouvrir le menu d\u00e9roulant\" data-open=\"Ouvrir le menu d\u00e9roulant\" data-close=\"Fermer le menu d\u00e9roulant\"><\/button><\/div>\n<\/div><\/div>\n\n\n\t<style type=\"text\/css\">\n\t\t.wp-block-tk-spacer.id-27b902e0-1e25-463e-afc2-e276183d1cc7 {\n\t\theight: 100px;\n\t}\n\n\t@media ( max-width: 480px ) {\n\t\t.wp-block-tk-spacer.id-27b902e0-1e25-463e-afc2-e276183d1cc7 {\n\t\t\theight: 100px;\n\t\t}\n\t}\t<\/style>\n\t<div class=\"wp-block-tk-spacer id-27b902e0-1e25-463e-afc2-e276183d1cc7\" aria-hidden=\"true\"><\/div>\n\t\n\n\n<div class=\"wp-block-tk-grid\"><div class=\"grid\"><div class=\"sm-col-12 lg-col-10 sm-start-0 lg-start-2\">\n<h4 class=\"wp-block-heading has-text-align-center\" id=\"if-this-career-path-inspires-your-passion-we-d-love-to-work-with-you\">Si ce domaine vous passionne, nous serions ravis de travailler avec vous.<\/h4>\n\n\n\n<div class=\"wp-block-buttons is-content-justification-center is-layout-flex wp-container-core-buttons-is-layout-1 wp-block-buttons-is-layout-flex\">\n<div class=\"wp-block-button aligncenter\"><a class=\"wp-block-button__link wp-element-button\" href=\"https:\/\/www.mapleleaffoods.com\/fr\/carrieres\/recherche-d-emploi\/\" aria-label=\"Add aria label here\">Voir les postes offerts en Communications de l\u2019entreprise et affaires publiques<\/a><span class=\"file-size-button\"><\/span><\/div>\n<\/div>\n<\/div><\/div><\/div>\n\n\n\t<style type=\"text\/css\">\n\t\t.wp-block-tk-spacer.id-c6f2ce03-db01-405f-829d-501b9bcb8180 {\n\t\theight: 200px;\n\t}\n\n\t@media ( max-width: 480px ) {\n\t\t.wp-block-tk-spacer.id-c6f2ce03-db01-405f-829d-501b9bcb8180 {\n\t\t\theight: 100px;\n\t\t}\n\t}\t<\/style>\n\t<div class=\"wp-block-tk-spacer id-c6f2ce03-db01-405f-829d-501b9bcb8180\" aria-hidden=\"true\"><\/div>\n\t\n\n\n<div class=\"wp-block-group is-style-border-radius has-ultra-light-green-background-color has-background is-layout-flow wp-block-group-is-layout-flow\">\t<style type=\"text\/css\">\n\t\t.wp-block-tk-spacer.id-30078fec-0619-4e14-bf44-18210752882b {\n\t\theight: 75px;\n\t}\n\n\t@media ( max-width: 480px ) {\n\t\t.wp-block-tk-spacer.id-30078fec-0619-4e14-bf44-18210752882b {\n\t\t\theight: 65px;\n\t\t}\n\t}\t<\/style>\n\t<div class=\"wp-block-tk-spacer id-30078fec-0619-4e14-bf44-18210752882b\" aria-hidden=\"true\"><\/div>\n\t\n\n\n<div class=\"wp-block-tk-grid\"><div class=\"grid\"><div class=\"sm-col-12 lg-col-6 sm-start-0 lg-start-1\">\n<h2 class=\"wp-block-heading\">Si vous avez \u00e0 c\u0153ur le bien-\u00eatre animal autant que nous, joignez-vous \u00e0 notre \u00e9quipe!<\/h2>\n\n\n\n\t\t\t<nav class=\"dropdown-nav \" role=\"navigation\">\n\t\t\t\t<ul class=\"dropdown-container large-dropdown\">\n\t\t\t\t\t<li class=\"has-dropdown\">\n\t\t\t\t\t\t<a class=\"dropdown-selected-item\" tabindex=\"0\">Voir les postes offerts en Exploitation agricole<\/a>\n\t\t\t\t\t\t<span class='dropdown-arrow'><\/span>\n\t\t\t\t\t\t<ul class=\"dropdown\" tabindex=\"0\">\n\t\t\t\t\t\t\t\t\t\t\t\t\t\t\t\t\t<li class=\"dropdown-item\"><a href=\"https:\/\/www.mapleleaffoods.com\/fr\/carrieres\/cheminements-carriere\/approvisionnement\/\">Approvisionnement<\/a><\/li>\n\t\t\t\t\t\t\t\t\t\t\t\t\t\t\t\t\t\t\t<li class=\"dropdown-item\"><a href=\"https:\/\/www.mapleleaffoods.com\/fr\/carrieres\/cheminements-carriere\/activites-agricoles\/\">Activit\u00e9s agricoles<\/a><\/li>\n\t\t\t\t\t\t\t\t\t\t\t\t\t\t\t\t\t\t\t<li class=\"dropdown-item\"><a href=\"https:\/\/www.mapleleaffoods.com\/fr\/carrieres\/cheminements-carriere\/communications-affaires-publique\/\">Affaires publiques<\/a><\/li>\n\t\t\t\t\t\t\t\t\t\t\t\t\t\t\t\t\t\t\t<li class=\"dropdown-item\"><a href=\"https:\/\/www.mapleleaffoods.com\/fr\/carrieres\/cheminements-carriere\/chaine-approvisionnement\/\">Cha\u00eene d\u2019approvisionnement<\/a><\/li>\n\t\t\t\t\t\t\t\t\t\t\t\t\t\t\t\t\t\t\t<li class=\"dropdown-item\"><a href=\"https:\/\/www.mapleleaffoods.com\/fr\/carrieres\/cheminements-carriere\/operations-fabrication\/\">Fabrication et op\u00e9rations<\/a><\/li>\n\t\t\t\t\t\t\t\t\t\t\t\t\t\t\t\t\t\t\t<li class=\"dropdown-item\"><a href=\"https:\/\/www.mapleleaffoods.com\/fr\/carrieres\/cheminements-carriere\/finances-comptabilite\/\">Finances et comptabilit\u00e9<\/a><\/li>\n\t\t\t\t\t\t\t\t\t\t\t\t\t\t\t\t\t\t\t<li class=\"dropdown-item\"><a href=\"https:\/\/www.mapleleaffoods.com\/fr\/carrieres\/cheminements-carriere\/ingenierie\/\">Ing\u00e9nierie<\/a><\/li>\n\t\t\t\t\t\t\t\t\t\t\t\t\t\t\t\t\t\t\t<li class=\"dropdown-item\"><a href=\"https:\/\/www.mapleleaffoods.com\/fr\/carrieres\/cheminements-carriere\/manoeuvres\/\">R\u00f4les de production<\/a><\/li>\n\t\t\t\t\t\t\t\t\t\t\t\t\t\t\t\t\t\t\t<li class=\"dropdown-item\"><a href=\"https:\/\/www.mapleleaffoods.com\/fr\/carrieres\/cheminements-carriere\/marketing\/\">Marketing<\/a><\/li>\n\t\t\t\t\t\t\t\t\t\t\t\t\t\t\t\t\t\t\t<li class=\"dropdown-item\"><a href=\"https:\/\/www.mapleleaffoods.com\/fr\/carrieres\/cheminements-carriere\/hressources-humaines\/\">Ressources humaines<\/a><\/li>\n\t\t\t\t\t\t\t\t\t\t\t\t\t\t\t\t\t\t\t<li class=\"dropdown-item\"><a href=\"https:\/\/www.mapleleaffoods.com\/fr\/carrieres\/cheminements-carriere\/salubrite-aliments-assur-qualite\/\">Salubrit\u00e9 des aliments et assurance qualit\u00e9<\/a><\/li>\n\t\t\t\t\t\t\t\t\t\t\t\t\t\t\t\t\t\t\t<li class=\"dropdown-item\"><a href=\"https:\/\/www.mapleleaffoods.com\/fr\/carrieres\/cheminements-carriere\/six-sigma\/\">Six Sigma<\/a><\/li>\n\t\t\t\t\t\t\t\t\t\t\t\t\t\t\t\t\t\t\t<li class=\"dropdown-item\"><a href=\"https:\/\/www.mapleleaffoods.com\/fr\/carrieres\/cheminements-carriere\/technologie-information\/\">Technologie de l\u2019information<\/a><\/li>\n\t\t\t\t\t\t\t\t\t\t\t\t\t\t\t\t\t\t\t<li class=\"dropdown-item\"><a href=\"https:\/\/www.mapleleaffoods.com\/fr\/carrieres\/cheminements-carriere\/ventes\/\">Ventes<\/a><\/li>\n\t\t\t\t\t\t\t\t\t\n\t\t\t\t\t\t<\/ul>\n\t\t\t\t\t<\/li>\n\t\t\t\t<\/ul>\n\t\t\t<\/nav>\n\n\t\t<\/div><\/div><\/div>\n\n\n\t<style type=\"text\/css\">\n\t\t.wp-block-tk-spacer.id-8871e56a-771f-4f8b-960d-c28109224328 {\n\t\theight: 75px;\n\t}\n\n\t@media ( max-width: 480px ) {\n\t\t.wp-block-tk-spacer.id-8871e56a-771f-4f8b-960d-c28109224328 {\n\t\t\theight: 65px;\n\t\t}\n\t}\t<\/style>\n\t<div class=\"wp-block-tk-spacer id-8871e56a-771f-4f8b-960d-c28109224328\" aria-hidden=\"true\"><\/div>\n\t<\/div>\n\n\n\t<style type=\"text\/css\">\n\t\t.wp-block-tk-spacer.id-1b8cf77c-4a0a-491e-b190-5d6b2d027683 {\n\t\theight: 200px;\n\t}\n\n\t@media ( max-width: 480px ) {\n\t\t.wp-block-tk-spacer.id-1b8cf77c-4a0a-491e-b190-5d6b2d027683 {\n\t\t\theight: 100px;\n\t\t}\n\t}\t<\/style>\n\t<div class=\"wp-block-tk-spacer id-1b8cf77c-4a0a-491e-b190-5d6b2d027683\" aria-hidden=\"true\"><\/div>\n\t\n\n\n\t\t<div class=\"pre-footer-block alignfull\">\n\t\t\t<div class=\"grid-container\">\n\t\t\t\t<div class=\"grid\">\n\t\t\t\t\t\t\t\t\t\t\t\t\t\t\t\t\t\t<div class=\"sm-col-12\tlg-col-11 lg-start-2\">\n\t\t\t\t\t\t\t\t\n<p class=\"pre-footer-surtitle\">Plus dans<\/p>\n\n<h2 class=\"pre-footer-title\">Carri\u00e8res<\/h2>\n\t\t\t\t\t\t\t<\/div>\n\t\t\t\t\t\t\t\t\t\t\t\t\t\t\t\t\t<ul class=\"is-style-pre-footer sm-col-12 lg-col-4 lg-start-2\">\n\t\t\t\t\t\t\t\t\t\t\t\t\t\t\t\t\t\t\t<li><a href=\"https:\/\/www.mapleleaffoods.com\/fr\/carrieres\/recherche-d-emploi\/\">Trouver un emploi<\/a><\/li>\n\t\t\t\t\t\t\t\t\t\t\t\t\t\t\t\t\t\t\t\t\t\t\t<li><a href=\"https:\/\/www.mapleleaffoods.com\/fr\/alertes-emplois\/\">Alertes emplois<\/a><\/li>\n\t\t\t\t\t\t\t\t\t\t\t\t\t\t\t\t\t\t\t\t\t\t\t<li><a href=\"https:\/\/www.mapleleaffoods.com\/fr\/carrieres\/cheminements-carriere\/\">Cheminements de carri\u00e8re<\/a><\/li>\n\t\t\t\t\t\t\t\t\t\t\t\t\t\t\t\t\t<\/ul>\n\t\t\t\t\t\t<ul class=\"is-style-pre-footer sm-col-12 lg-col-4\">\n\t\t\t\t\t\t\t\t\t\t\t\t\t\t\t\t\t\t<li><a href=\"https:\/\/www.mapleleaffoods.com\/fr\/carrieres\/culture-entreprise\/\">Notre culture<\/a><\/li>\n\t\t\t\t\t\t\t\t\t\t\t\t\t\t\t\t\t\t\t\t\t<li><a href=\"https:\/\/www.mapleleaffoods.com\/fr\/carrieres\/perfectionnement-professionnel\/\">Perfectionnement professionnel<\/a><\/li>\n\t\t\t\t\t\t\t\t\t\t\t\t\t\t\t\t<\/ul>\n\t\t\t\t\t\t\t\t\t<\/div>\n\t\t\t<\/div>\n\t\t<\/div>\n\t\t","protected":false},"excerpt":{"rendered":"<p>Les Aliments Maple Leaf accomplit de belles et grandes choses, et cette \u00e9quipe le fait savoir au monde entier!<\/p>\n","protected":false},"author":17,"featured_media":246818,"parent":246486,"menu_order":3,"comment_status":"closed","ping_status":"closed","template":"","meta":{"mlfcorp_iframe_url":"","footnotes":""},"class_list":["post-246817","page","type-page","status-publish","has-post-thumbnail","hentry"],"acf":[],"yoast_head":"<!-- This site is optimized with the Yoast SEO plugin v21.7 - https:\/\/yoast.com\/wordpress\/plugins\/seo\/ -->\n<title>Communications de l\u2019entreprise | Aliments Maple Leaf<\/title>\n<meta name=\"description\" content=\"Les Aliments Maple Leaf accomplit de belles choses et l\u2019\u00e9quipe des communications de l\u2019entreprise le fait savoir!\" \/>\n<meta name=\"robots\" content=\"index, follow, max-snippet:-1, max-image-preview:large, max-video-preview:-1\" \/>\n<link rel=\"canonical\" href=\"https:\/\/www.mapleleaffoods.com\/fr\/carrieres\/cheminements-carriere\/communications-affaires-publique\/\" \/>\n<meta property=\"og:locale\" content=\"fr_FR\" \/>\n<meta property=\"og:type\" content=\"article\" \/>\n<meta property=\"og:title\" content=\"Communications de l\u2019entreprise | Aliments Maple Leaf\" \/>\n<meta property=\"og:description\" content=\"Les Aliments Maple Leaf accomplit de belles choses et l\u2019\u00e9quipe des communications de l\u2019entreprise le fait savoir!\" \/>\n<meta property=\"og:url\" content=\"https:\/\/www.mapleleaffoods.com\/fr\/carrieres\/cheminements-carriere\/communications-affaires-publique\/\" \/>\n<meta property=\"og:site_name\" content=\"Les Aliments Maple Leaf\" \/>\n<meta property=\"article:modified_time\" content=\"2025-03-28T14:38:20+00:00\" \/>\n<meta property=\"og:image\" content=\"https:\/\/www.mapleleaffoods.com\/fr\/wp-content\/uploads\/sites\/7\/2022\/02\/MLF-Meeting-Room.jpg\" \/>\n\t<meta property=\"og:image:width\" content=\"630\" \/>\n\t<meta property=\"og:image:height\" content=\"546\" \/>\n\t<meta property=\"og:image:type\" content=\"image\/jpeg\" \/>\n<meta name=\"twitter:card\" content=\"summary_large_image\" \/>\n<meta name=\"twitter:label1\" content=\"Dur\u00e9e de lecture estim\u00e9e\" \/>\n\t<meta name=\"twitter:data1\" content=\"3 minutes\" \/>\n<script type=\"application\/ld+json\" class=\"yoast-schema-graph\">{\"@context\":\"https:\/\/schema.org\",\"@graph\":[{\"@type\":\"WebPage\",\"@id\":\"https:\/\/www.mapleleaffoods.com\/fr\/carrieres\/cheminements-carriere\/communications-affaires-publique\/\",\"url\":\"https:\/\/www.mapleleaffoods.com\/fr\/carrieres\/cheminements-carriere\/communications-affaires-publique\/\",\"name\":\"Communications de l\u2019entreprise | Aliments Maple Leaf\",\"isPartOf\":{\"@id\":\"https:\/\/www.mapleleaffoods.com\/fr\/#website\"},\"datePublished\":\"2022-02-22T15:12:03+00:00\",\"dateModified\":\"2025-03-28T14:38:20+00:00\",\"description\":\"Les Aliments Maple Leaf accomplit de belles choses et l\u2019\u00e9quipe des communications de l\u2019entreprise le fait savoir!\",\"breadcrumb\":{\"@id\":\"https:\/\/www.mapleleaffoods.com\/fr\/carrieres\/cheminements-carriere\/communications-affaires-publique\/#breadcrumb\"},\"inLanguage\":\"fr-FR\",\"potentialAction\":[{\"@type\":\"ReadAction\",\"target\":[\"https:\/\/www.mapleleaffoods.com\/fr\/carrieres\/cheminements-carriere\/communications-affaires-publique\/\"]}]},{\"@type\":\"BreadcrumbList\",\"@id\":\"https:\/\/www.mapleleaffoods.com\/fr\/carrieres\/cheminements-carriere\/communications-affaires-publique\/#breadcrumb\",\"itemListElement\":[{\"@type\":\"ListItem\",\"position\":1,\"name\":\"Page d\u2019accueil\",\"item\":\"https:\/\/www.mapleleaffoods.com\/fr\/\"},{\"@type\":\"ListItem\",\"position\":2,\"name\":\"Carri\u00e8res\",\"item\":\"https:\/\/www.mapleleaffoods.com\/fr\/carrieres\/\"},{\"@type\":\"ListItem\",\"position\":3,\"name\":\"Cheminements de carri\u00e8re\",\"item\":\"https:\/\/www.mapleleaffoods.com\/fr\/carrieres\/cheminements-carriere\/\"},{\"@type\":\"ListItem\",\"position\":4,\"name\":\"Affaires publiques\"}]},{\"@type\":\"WebSite\",\"@id\":\"https:\/\/www.mapleleaffoods.com\/fr\/#website\",\"url\":\"https:\/\/www.mapleleaffoods.com\/fr\/\",\"name\":\"Les Aliments Maple Leaf\",\"description\":\"Premi\u00e8re grande entreprise alimentaire carboneutre au monde\",\"publisher\":{\"@id\":\"https:\/\/www.mapleleaffoods.com\/fr\/#organization\"},\"potentialAction\":[{\"@type\":\"SearchAction\",\"target\":{\"@type\":\"EntryPoint\",\"urlTemplate\":\"https:\/\/www.mapleleaffoods.com\/fr\/?s={search_term_string}\"},\"query-input\":\"required name=search_term_string\"}],\"inLanguage\":\"fr-FR\"},{\"@type\":\"Organization\",\"@id\":\"https:\/\/www.mapleleaffoods.com\/fr\/#organization\",\"name\":\"Les Aliments Maple Leaf\",\"url\":\"https:\/\/www.mapleleaffoods.com\/fr\/\",\"logo\":{\"@type\":\"ImageObject\",\"inLanguage\":\"fr-FR\",\"@id\":\"https:\/\/www.mapleleaffoods.com\/fr\/#\/schema\/logo\/image\/\",\"url\":\"https:\/\/www.mapleleaffoods.com\/fr\/wp-content\/uploads\/sites\/7\/2026\/02\/L_MapleLeaf_4C_White_v1_EN.png\",\"contentUrl\":\"https:\/\/www.mapleleaffoods.com\/fr\/wp-content\/uploads\/sites\/7\/2026\/02\/L_MapleLeaf_4C_White_v1_EN.png\",\"width\":1829,\"height\":2200,\"caption\":\"Les Aliments Maple Leaf\"},\"image\":{\"@id\":\"https:\/\/www.mapleleaffoods.com\/fr\/#\/schema\/logo\/image\/\"}}]}<\/script>\n<!-- \/ Yoast SEO plugin. -->","yoast_head_json":{"title":"Communications de l\u2019entreprise | Aliments Maple Leaf","description":"Les Aliments Maple Leaf accomplit de belles choses et l\u2019\u00e9quipe des communications de l\u2019entreprise le fait savoir!","robots":{"index":"index","follow":"follow","max-snippet":"max-snippet:-1","max-image-preview":"max-image-preview:large","max-video-preview":"max-video-preview:-1"},"canonical":"https:\/\/www.mapleleaffoods.com\/fr\/carrieres\/cheminements-carriere\/communications-affaires-publique\/","og_locale":"fr_FR","og_type":"article","og_title":"Communications de l\u2019entreprise | Aliments Maple Leaf","og_description":"Les Aliments Maple Leaf accomplit de belles choses et l\u2019\u00e9quipe des communications de l\u2019entreprise le fait savoir!","og_url":"https:\/\/www.mapleleaffoods.com\/fr\/carrieres\/cheminements-carriere\/communications-affaires-publique\/","og_site_name":"Les Aliments Maple Leaf","article_modified_time":"2025-03-28T14:38:20+00:00","og_image":[{"width":630,"height":546,"url":"https:\/\/www.mapleleaffoods.com\/fr\/wp-content\/uploads\/sites\/7\/2022\/02\/MLF-Meeting-Room.jpg","type":"image\/jpeg"}],"twitter_card":"summary_large_image","twitter_misc":{"Dur\u00e9e de lecture estim\u00e9e":"3 minutes"},"schema":{"@context":"https:\/\/schema.org","@graph":[{"@type":"WebPage","@id":"https:\/\/www.mapleleaffoods.com\/fr\/carrieres\/cheminements-carriere\/communications-affaires-publique\/","url":"https:\/\/www.mapleleaffoods.com\/fr\/carrieres\/cheminements-carriere\/communications-affaires-publique\/","name":"Communications de l\u2019entreprise | Aliments Maple Leaf","isPartOf":{"@id":"https:\/\/www.mapleleaffoods.com\/fr\/#website"},"datePublished":"2022-02-22T15:12:03+00:00","dateModified":"2025-03-28T14:38:20+00:00","description":"Les Aliments Maple Leaf accomplit de belles choses et l\u2019\u00e9quipe des communications de l\u2019entreprise le fait savoir!","breadcrumb":{"@id":"https:\/\/www.mapleleaffoods.com\/fr\/carrieres\/cheminements-carriere\/communications-affaires-publique\/#breadcrumb"},"inLanguage":"fr-FR","potentialAction":[{"@type":"ReadAction","target":["https:\/\/www.mapleleaffoods.com\/fr\/carrieres\/cheminements-carriere\/communications-affaires-publique\/"]}]},{"@type":"BreadcrumbList","@id":"https:\/\/www.mapleleaffoods.com\/fr\/carrieres\/cheminements-carriere\/communications-affaires-publique\/#breadcrumb","itemListElement":[{"@type":"ListItem","position":1,"name":"Page d\u2019accueil","item":"https:\/\/www.mapleleaffoods.com\/fr\/"},{"@type":"ListItem","position":2,"name":"Carri\u00e8res","item":"https:\/\/www.mapleleaffoods.com\/fr\/carrieres\/"},{"@type":"ListItem","position":3,"name":"Cheminements de carri\u00e8re","item":"https:\/\/www.mapleleaffoods.com\/fr\/carrieres\/cheminements-carriere\/"},{"@type":"ListItem","position":4,"name":"Affaires publiques"}]},{"@type":"WebSite","@id":"https:\/\/www.mapleleaffoods.com\/fr\/#website","url":"https:\/\/www.mapleleaffoods.com\/fr\/","name":"Les Aliments Maple Leaf","description":"Premi\u00e8re grande entreprise alimentaire carboneutre au monde","publisher":{"@id":"https:\/\/www.mapleleaffoods.com\/fr\/#organization"},"potentialAction":[{"@type":"SearchAction","target":{"@type":"EntryPoint","urlTemplate":"https:\/\/www.mapleleaffoods.com\/fr\/?s={search_term_string}"},"query-input":"required name=search_term_string"}],"inLanguage":"fr-FR"},{"@type":"Organization","@id":"https:\/\/www.mapleleaffoods.com\/fr\/#organization","name":"Les Aliments Maple Leaf","url":"https:\/\/www.mapleleaffoods.com\/fr\/","logo":{"@type":"ImageObject","inLanguage":"fr-FR","@id":"https:\/\/www.mapleleaffoods.com\/fr\/#\/schema\/logo\/image\/","url":"https:\/\/www.mapleleaffoods.com\/fr\/wp-content\/uploads\/sites\/7\/2026\/02\/L_MapleLeaf_4C_White_v1_EN.png","contentUrl":"https:\/\/www.mapleleaffoods.com\/fr\/wp-content\/uploads\/sites\/7\/2026\/02\/L_MapleLeaf_4C_White_v1_EN.png","width":1829,"height":2200,"caption":"Les Aliments Maple Leaf"},"image":{"@id":"https:\/\/www.mapleleaffoods.com\/fr\/#\/schema\/logo\/image\/"}}]}},"jetpack_sharing_enabled":true,"_links":{"self":[{"href":"https:\/\/www.mapleleaffoods.com\/fr\/wp-json\/wp\/v2\/pages\/246817"}],"collection":[{"href":"https:\/\/www.mapleleaffoods.com\/fr\/wp-json\/wp\/v2\/pages"}],"about":[{"href":"https:\/\/www.mapleleaffoods.com\/fr\/wp-json\/wp\/v2\/types\/page"}],"author":[{"embeddable":true,"href":"https:\/\/www.mapleleaffoods.com\/fr\/wp-json\/wp\/v2\/users\/17"}],"replies":[{"embeddable":true,"href":"https:\/\/www.mapleleaffoods.com\/fr\/wp-json\/wp\/v2\/comments?post=246817"}],"version-history":[{"count":23,"href":"https:\/\/www.mapleleaffoods.com\/fr\/wp-json\/wp\/v2\/pages\/246817\/revisions"}],"predecessor-version":[{"id":258934,"href":"https:\/\/www.mapleleaffoods.com\/fr\/wp-json\/wp\/v2\/pages\/246817\/revisions\/258934"}],"up":[{"embeddable":true,"href":"https:\/\/www.mapleleaffoods.com\/fr\/wp-json\/wp\/v2\/pages\/246486"}],"wp:featuredmedia":[{"embeddable":true,"href":"https:\/\/www.mapleleaffoods.com\/fr\/wp-json\/wp\/v2\/media\/246818"}],"wp:attachment":[{"href":"https:\/\/www.mapleleaffoods.com\/fr\/wp-json\/wp\/v2\/media?parent=246817"}],"curies":[{"name":"wp","href":"https:\/\/api.w.org\/{rel}","templated":true}]}}