{"id":246543,"date":"2022-02-02T18:16:27","date_gmt":"2022-02-02T18:16:27","guid":{"rendered":"https:\/\/staging.mapleleaffoods.com\/fr\/carrieres\/recherche-d-emploi\/details-de-emploi\/"},"modified":"2022-09-09T13:24:29","modified_gmt":"2022-09-09T17:24:29","slug":"details-de-emploi","status":"publish","type":"page","link":"https:\/\/www.mapleleaffoods.com\/fr\/carrieres\/recherche-d-emploi\/details-de-emploi\/","title":{"rendered":"D\u00e9tails de l&#8217;emploi"},"content":{"rendered":"\n\t\t<div\n\t\t\tclass=\"wp-block-mlfcorp-jobs-single is-frontend align\"\n\t\t\tdata-attributes=\"{&quot;jobListingUrl&quot;:&quot;https:\\\/\\\/www.mapleleaffoods.com\\\/fr\\\/carrieres\\\/recherche-d-emploi&quot;,&quot;sharingProviders&quot;:[&quot;twitter&quot;,&quot;facebook&quot;],&quot;jobSingleSlug&quot;:&quot;details-de-emploi&quot;}\"\n\t\t\tdata-jobs=\"[{&quot;id&quot;:16797848,&quot;title&quot;:&quot;Ceinture Noire Six Sigma&quot;,&quot;location&quot;:{&quot;city&quot;:&quot;Montreal&quot;,&quot;state&quot;:&quot;QC&quot;,&quot;postal_code&quot;:null}},{&quot;id&quot;:16766297,&quot;title&quot;:&quot;Sp\\u00e9cialiste R&amp;D&quot;,&quot;location&quot;:{&quot;city&quot;:&quot;Laval - Rue Ernest-Cormier&quot;,&quot;state&quot;:&quot;QC&quot;,&quot;postal_code&quot;:null}},{&quot;id&quot;:16794988,&quot;title&quot;:&quot;Sp\\u00e9cialiste en sp\\u00e9cifications, d\\u00e9veloppement de produits (contrat)&quot;,&quot;location&quot;:{&quot;city&quot;:&quot;Laval - Rue Ernest-Cormier&quot;,&quot;state&quot;:&quot;QC&quot;,&quot;postal_code&quot;:null}},{&quot;id&quot;:16787774,&quot;title&quot;:&quot;Acheteur maintenance&quot;,&quot;location&quot;:{&quot;city&quot;:&quot;Laval - Rue Ernest-Cormier&quot;,&quot;state&quot;:&quot;QC&quot;,&quot;postal_code&quot;:null}},{&quot;id&quot;:16771090,&quot;title&quot;:&quot;Electrom\\u00e9canicien \\u2013 (Licence C) (poste de jour)&quot;,&quot;location&quot;:{&quot;city&quot;:&quot;Laval - Ave Francis-Hughes&quot;,&quot;state&quot;:&quot;QC&quot;,&quot;postal_code&quot;:&quot;H7S 2H7&quot;}}]\">\n\t\t<\/div>\n\t\t\n\n\n<div style=\"height:100px\" aria-hidden=\"true\" class=\"wp-block-spacer\"><\/div>\n\n\n\n<div class=\"wp-block-columns is-layout-flex wp-container-core-columns-is-layout-1 wp-block-columns-is-layout-flex\">\n<div class=\"wp-block-column is-layout-flow wp-block-column-is-layout-flow\">\n<div class=\"wp-block-mlfcorp-card-component-block card-component-container card-layout-vertical card-position-center image-orientation-right\" style=\"padding-top:0\"><div class=\"grid top\"><div class=\"sm-col-12 lg-col-12 lg-start-1 image-wrapper\"><div class=\"card-image-container top image-orientation-right\"><img decoding=\"async\" src=\"https:\/\/www.mapleleaffoods.com\/wp-content\/uploads\/sites\/6\/2021\/12\/Rectangle-36.png\" alt=\"\" class=\"card-component-image has-border-radius wp-image-317\" \/><\/div><\/div><div class=\"\n\t\t\t\t\t\t\t\tsm-col-12 lg-col-12 details-wrapper\n\t\t\t\t\t\t\t\tsm-col-12 lg-col-12 details-wrapper lg-start-1\n\t\t\t\t\t\t\t\t\" style=\"margin-top:0\"><div class=\"card-component-details top image-orientation-right\"><div><h4 class=\"title-heading\">O\u00f9 nous travaillons<\/h4><p class=\"card-component-text\">Les 13 500 membres de notre \u00e9quipe travaillent dans plus de 20 \u00a0emplacements \u00e0 travers le Canada et les \u00c9.-U. D\u00e9couvrez o\u00f9 nos usines et nos bureaux sont situ\u00e9s.<br><\/p>\n<div class=\"wp-block-button is-style-white\"><a class=\"wp-block-button__link\" href=\"https:\/\/www.mapleleaffoods.com\/fr\/a-propos-de\/a-propos-de-emplacements\/\">Voyez nos emplacements<\/a><\/div>\n<\/div><\/div><\/div><\/div><\/div>\n<\/div>\n\n\n\n<div class=\"wp-block-column is-layout-flow wp-block-column-is-layout-flow\">\n<div class=\"wp-block-mlfcorp-card-component-block card-component-container card-layout-vertical card-position-center image-orientation-right\" style=\"padding-top:0\"><div class=\"grid top\"><div class=\"sm-col-12 lg-col-12 lg-start-1 image-wrapper\"><div class=\"card-image-container top image-orientation-right\"><img decoding=\"async\" width=\"2560\" height=\"1707\" src=\"https:\/\/www.mapleleaffoods.com\/fr\/wp-content\/uploads\/sites\/7\/2022\/03\/facility-team-scaled-1.jpeg\" alt=\"\" class=\"card-component-image has-border-radius wp-image-247275\" srcset=\"https:\/\/b3412141.smushcdn.com\/3412141\/wp-content\/uploads\/sites\/7\/2022\/03\/facility-team-scaled-1.jpeg?lossy=1&amp;strip=1&amp;webp=1 2560w, https:\/\/b3412141.smushcdn.com\/3412141\/wp-content\/uploads\/sites\/7\/2022\/03\/facility-team-scaled-1-300x200.jpeg?lossy=1&amp;strip=1&amp;webp=1 300w, https:\/\/b3412141.smushcdn.com\/3412141\/wp-content\/uploads\/sites\/7\/2022\/03\/facility-team-scaled-1-1024x683.jpeg?lossy=1&amp;strip=1&amp;webp=1 1024w, https:\/\/b3412141.smushcdn.com\/3412141\/wp-content\/uploads\/sites\/7\/2022\/03\/facility-team-scaled-1-768x512.jpeg?lossy=1&amp;strip=1&amp;webp=1 768w, https:\/\/b3412141.smushcdn.com\/3412141\/wp-content\/uploads\/sites\/7\/2022\/03\/facility-team-scaled-1-1536x1024.jpeg?lossy=1&amp;strip=1&amp;webp=1 1536w, https:\/\/b3412141.smushcdn.com\/3412141\/wp-content\/uploads\/sites\/7\/2022\/03\/facility-team-scaled-1-2048x1366.jpeg?lossy=1&amp;strip=1&amp;webp=1 2048w\" sizes=\"(max-width: 2560px) 100vw, 2560px\" \/><\/div><\/div><div class=\"\n\t\t\t\t\t\t\t\tsm-col-12 lg-col-12 details-wrapper\n\t\t\t\t\t\t\t\tsm-col-12 lg-col-12 details-wrapper lg-start-1\n\t\t\t\t\t\t\t\t\" style=\"margin-top:0\"><div class=\"card-component-details top image-orientation-right\"><div><h4 class=\"title-heading\">Cheminements de carri\u00e8re<\/h4><p class=\"card-component-text\">Une carri\u00e8re aux Aliments\u00a0Maple\u00a0Leaf pourrait vous mener tr\u00e8s loin. Notre \u00e9quipe est compos\u00e9e de personnes aux parcours divers et poss\u00e9dant un large \u00e9ventail de comp\u00e9tences. L\u2019esprit d\u2019\u00e9quipe favorise l\u2019encouragement au quotidien pour apprendre et se perfectionner. Au sein de notre \u00e9quipe, vos occasions de perfectionnement sont illimit\u00e9es. <\/p>\n<div class=\"wp-block-button is-style-white\"><a class=\"wp-block-button__link\" href=\"https:\/\/www.mapleleaffoods.com\/fr\/carrieres\/cheminements-carriere\/\">Explorez nos divers cheminements de carri\u00e8re<\/a><\/div>\n<\/div><\/div><\/div><\/div><\/div>\n<\/div>\n<\/div>\n\n\n\t<style type=\"text\/css\">\n\t\t.wp-block-tk-spacer.id-d92e5ee7-5c66-43b5-a851-e26ba811fe89 {\n\t\theight: 200px;\n\t}\n\n\t@media ( max-width: 480px ) {\n\t\t.wp-block-tk-spacer.id-d92e5ee7-5c66-43b5-a851-e26ba811fe89 {\n\t\t\theight: 100px;\n\t\t}\n\t}\t<\/style>\n\t<div class=\"wp-block-tk-spacer id-d92e5ee7-5c66-43b5-a851-e26ba811fe89\" aria-hidden=\"true\"><\/div>\n\t\n\n\n\t\t<div class=\"pre-footer-block alignfull\">\n\t\t\t<div class=\"grid-container\">\n\t\t\t\t<div class=\"grid\">\n\t\t\t\t\t\t\t\t\t\t\t\t\t\t\t\t\t\t<div class=\"sm-col-12\tlg-col-11 lg-start-2\">\n\t\t\t\t\t\t\t\t\n<p class=\"pre-footer-surtitle\">Plus dans<\/p>\n\n<h2 class=\"pre-footer-title\">Carri\u00e8res<\/h2>\n\t\t\t\t\t\t\t<\/div>\n\t\t\t\t\t\t\t\t\t\t\t\t\t\t\t\t\t<ul class=\"is-style-pre-footer sm-col-12 lg-col-4 lg-start-2\">\n\t\t\t\t\t\t\t\t\t\t\t\t\t\t\t\t\t\t\t<li><a href=\"https:\/\/www.mapleleaffoods.com\/fr\/carrieres\/recherche-d-emploi\/\">Trouver un emploi<\/a><\/li>\n\t\t\t\t\t\t\t\t\t\t\t\t\t\t\t\t\t\t\t\t\t\t\t<li><a href=\"https:\/\/www.mapleleaffoods.com\/fr\/alertes-emplois\/\">Alertes emplois<\/a><\/li>\n\t\t\t\t\t\t\t\t\t\t\t\t\t\t\t\t\t\t\t\t\t\t\t<li><a href=\"https:\/\/www.mapleleaffoods.com\/fr\/carrieres\/cheminements-carriere\/\">Cheminements de carri\u00e8re<\/a><\/li>\n\t\t\t\t\t\t\t\t\t\t\t\t\t\t\t\t\t<\/ul>\n\t\t\t\t\t\t<ul class=\"is-style-pre-footer sm-col-12 lg-col-4\">\n\t\t\t\t\t\t\t\t\t\t\t\t\t\t\t\t\t\t<li><a href=\"https:\/\/www.mapleleaffoods.com\/fr\/carrieres\/culture-entreprise\/\">Notre culture<\/a><\/li>\n\t\t\t\t\t\t\t\t\t\t\t\t\t\t\t\t\t\t\t\t\t<li><a href=\"https:\/\/www.mapleleaffoods.com\/fr\/carrieres\/perfectionnement-professionnel\/\">Perfectionnement professionnel<\/a><\/li>\n\t\t\t\t\t\t\t\t\t\t\t\t\t\t\t\t<\/ul>\n\t\t\t\t\t\t\t\t\t<\/div>\n\t\t\t<\/div>\n\t\t<\/div>\n\t\t","protected":false},"excerpt":{"rendered":"","protected":false},"author":1,"featured_media":249191,"parent":246487,"menu_order":0,"comment_status":"closed","ping_status":"closed","template":"","meta":{"mlfcorp_iframe_url":"","footnotes":""},"class_list":["post-246543","page","type-page","status-publish","has-post-thumbnail","hentry"],"acf":[],"yoast_head":"<!-- This site is optimized with the Yoast SEO plugin v21.7 - https:\/\/yoast.com\/wordpress\/plugins\/seo\/ -->\n<title>D\u00e9tails de l&#039;emploi | Les Aliments Maple Leaf<\/title>\n<meta name=\"description\" content=\"Page de recherche d&#039;emploi officielle des Aliments Maple Leaf. O\u00f9 nous listons toutes les opportunit\u00e9s d&#039;emploi actuelles.\" \/>\n<meta name=\"robots\" content=\"index, follow, max-snippet:-1, max-image-preview:large, max-video-preview:-1\" \/>\n<link rel=\"canonical\" href=\"https:\/\/www.mapleleaffoods.com\/fr\/carrieres\/recherche-d-emploi\/details-de-emploi\/\" \/>\n<meta property=\"og:locale\" content=\"fr_FR\" \/>\n<meta property=\"og:type\" content=\"article\" \/>\n<meta property=\"og:title\" content=\"D\u00e9tails de l&#039;emploi | Les Aliments Maple Leaf\" \/>\n<meta property=\"og:description\" content=\"Page de recherche d&#039;emploi officielle des Aliments Maple Leaf. O\u00f9 nous listons toutes les opportunit\u00e9s d&#039;emploi actuelles.\" \/>\n<meta property=\"og:url\" content=\"https:\/\/www.mapleleaffoods.com\/fr\/carrieres\/recherche-d-emploi\/details-de-emploi\/\" \/>\n<meta property=\"og:site_name\" content=\"Les Aliments Maple Leaf\" \/>\n<meta property=\"article:modified_time\" content=\"2022-09-09T17:24:29+00:00\" \/>\n<meta property=\"og:image\" content=\"https:\/\/www.mapleleaffoods.com\/fr\/wp-content\/uploads\/sites\/7\/2022\/03\/who-we-are.png\" \/>\n\t<meta property=\"og:image:width\" content=\"630\" \/>\n\t<meta property=\"og:image:height\" content=\"442\" \/>\n\t<meta property=\"og:image:type\" content=\"image\/png\" \/>\n<meta name=\"twitter:card\" content=\"summary_large_image\" \/>\n<meta name=\"twitter:label1\" content=\"Dur\u00e9e de lecture estim\u00e9e\" \/>\n\t<meta name=\"twitter:data1\" content=\"1 minute\" \/>\n<script type=\"application\/ld+json\" class=\"yoast-schema-graph\">{\"@context\":\"https:\/\/schema.org\",\"@graph\":[{\"@type\":\"WebPage\",\"@id\":\"https:\/\/www.mapleleaffoods.com\/fr\/carrieres\/recherche-d-emploi\/details-de-emploi\/\",\"url\":\"https:\/\/www.mapleleaffoods.com\/fr\/carrieres\/recherche-d-emploi\/details-de-emploi\/\",\"name\":\"D\u00e9tails de l'emploi | Les Aliments Maple Leaf\",\"isPartOf\":{\"@id\":\"https:\/\/www.mapleleaffoods.com\/fr\/#website\"},\"datePublished\":\"2022-02-02T18:16:27+00:00\",\"dateModified\":\"2022-09-09T17:24:29+00:00\",\"description\":\"Page de recherche d'emploi officielle des Aliments Maple Leaf. O\u00f9 nous listons toutes les opportunit\u00e9s d'emploi actuelles.\",\"breadcrumb\":{\"@id\":\"https:\/\/www.mapleleaffoods.com\/fr\/carrieres\/recherche-d-emploi\/details-de-emploi\/#breadcrumb\"},\"inLanguage\":\"fr-FR\",\"potentialAction\":[{\"@type\":\"ReadAction\",\"target\":[\"https:\/\/www.mapleleaffoods.com\/fr\/carrieres\/recherche-d-emploi\/details-de-emploi\/\"]}]},{\"@type\":\"BreadcrumbList\",\"@id\":\"https:\/\/www.mapleleaffoods.com\/fr\/carrieres\/recherche-d-emploi\/details-de-emploi\/#breadcrumb\",\"itemListElement\":[{\"@type\":\"ListItem\",\"position\":1,\"name\":\"Page d\u2019accueil\",\"item\":\"https:\/\/www.mapleleaffoods.com\/fr\/\"},{\"@type\":\"ListItem\",\"position\":2,\"name\":\"Carri\u00e8res\",\"item\":\"https:\/\/www.mapleleaffoods.com\/fr\/carrieres\/\"},{\"@type\":\"ListItem\",\"position\":3,\"name\":\"Recherche d&#8217;emploi\",\"item\":\"https:\/\/www.mapleleaffoods.com\/fr\/carrieres\/recherche-d-emploi\/\"},{\"@type\":\"ListItem\",\"position\":4,\"name\":\"D\u00e9tails de l&#8217;emploi\"}]},{\"@type\":\"WebSite\",\"@id\":\"https:\/\/www.mapleleaffoods.com\/fr\/#website\",\"url\":\"https:\/\/www.mapleleaffoods.com\/fr\/\",\"name\":\"Les Aliments Maple Leaf\",\"description\":\"Premi\u00e8re grande entreprise alimentaire carboneutre au monde\",\"publisher\":{\"@id\":\"https:\/\/www.mapleleaffoods.com\/fr\/#organization\"},\"potentialAction\":[{\"@type\":\"SearchAction\",\"target\":{\"@type\":\"EntryPoint\",\"urlTemplate\":\"https:\/\/www.mapleleaffoods.com\/fr\/?s={search_term_string}\"},\"query-input\":\"required name=search_term_string\"}],\"inLanguage\":\"fr-FR\"},{\"@type\":\"Organization\",\"@id\":\"https:\/\/www.mapleleaffoods.com\/fr\/#organization\",\"name\":\"Les Aliments Maple Leaf\",\"url\":\"https:\/\/www.mapleleaffoods.com\/fr\/\",\"logo\":{\"@type\":\"ImageObject\",\"inLanguage\":\"fr-FR\",\"@id\":\"https:\/\/www.mapleleaffoods.com\/fr\/#\/schema\/logo\/image\/\",\"url\":\"https:\/\/www.mapleleaffoods.com\/fr\/wp-content\/uploads\/sites\/7\/2026\/02\/L_MapleLeaf_4C_White_v1_EN.png\",\"contentUrl\":\"https:\/\/www.mapleleaffoods.com\/fr\/wp-content\/uploads\/sites\/7\/2026\/02\/L_MapleLeaf_4C_White_v1_EN.png\",\"width\":1829,\"height\":2200,\"caption\":\"Les Aliments Maple Leaf\"},\"image\":{\"@id\":\"https:\/\/www.mapleleaffoods.com\/fr\/#\/schema\/logo\/image\/\"}}]}<\/script>\n<!-- \/ Yoast SEO plugin. -->","yoast_head_json":{"title":"D\u00e9tails de l'emploi | Les Aliments Maple Leaf","description":"Page de recherche d'emploi officielle des Aliments Maple Leaf. O\u00f9 nous listons toutes les opportunit\u00e9s d'emploi actuelles.","robots":{"index":"index","follow":"follow","max-snippet":"max-snippet:-1","max-image-preview":"max-image-preview:large","max-video-preview":"max-video-preview:-1"},"canonical":"https:\/\/www.mapleleaffoods.com\/fr\/carrieres\/recherche-d-emploi\/details-de-emploi\/","og_locale":"fr_FR","og_type":"article","og_title":"D\u00e9tails de l'emploi | Les Aliments Maple Leaf","og_description":"Page de recherche d'emploi officielle des Aliments Maple Leaf. O\u00f9 nous listons toutes les opportunit\u00e9s d'emploi actuelles.","og_url":"https:\/\/www.mapleleaffoods.com\/fr\/carrieres\/recherche-d-emploi\/details-de-emploi\/","og_site_name":"Les Aliments Maple Leaf","article_modified_time":"2022-09-09T17:24:29+00:00","og_image":[{"width":630,"height":442,"url":"https:\/\/www.mapleleaffoods.com\/fr\/wp-content\/uploads\/sites\/7\/2022\/03\/who-we-are.png","type":"image\/png"}],"twitter_card":"summary_large_image","twitter_misc":{"Dur\u00e9e de lecture estim\u00e9e":"1 minute"},"schema":{"@context":"https:\/\/schema.org","@graph":[{"@type":"WebPage","@id":"https:\/\/www.mapleleaffoods.com\/fr\/carrieres\/recherche-d-emploi\/details-de-emploi\/","url":"https:\/\/www.mapleleaffoods.com\/fr\/carrieres\/recherche-d-emploi\/details-de-emploi\/","name":"D\u00e9tails de l'emploi | Les Aliments Maple Leaf","isPartOf":{"@id":"https:\/\/www.mapleleaffoods.com\/fr\/#website"},"datePublished":"2022-02-02T18:16:27+00:00","dateModified":"2022-09-09T17:24:29+00:00","description":"Page de recherche d'emploi officielle des Aliments Maple Leaf. O\u00f9 nous listons toutes les opportunit\u00e9s d'emploi actuelles.","breadcrumb":{"@id":"https:\/\/www.mapleleaffoods.com\/fr\/carrieres\/recherche-d-emploi\/details-de-emploi\/#breadcrumb"},"inLanguage":"fr-FR","potentialAction":[{"@type":"ReadAction","target":["https:\/\/www.mapleleaffoods.com\/fr\/carrieres\/recherche-d-emploi\/details-de-emploi\/"]}]},{"@type":"BreadcrumbList","@id":"https:\/\/www.mapleleaffoods.com\/fr\/carrieres\/recherche-d-emploi\/details-de-emploi\/#breadcrumb","itemListElement":[{"@type":"ListItem","position":1,"name":"Page d\u2019accueil","item":"https:\/\/www.mapleleaffoods.com\/fr\/"},{"@type":"ListItem","position":2,"name":"Carri\u00e8res","item":"https:\/\/www.mapleleaffoods.com\/fr\/carrieres\/"},{"@type":"ListItem","position":3,"name":"Recherche d&#8217;emploi","item":"https:\/\/www.mapleleaffoods.com\/fr\/carrieres\/recherche-d-emploi\/"},{"@type":"ListItem","position":4,"name":"D\u00e9tails de l&#8217;emploi"}]},{"@type":"WebSite","@id":"https:\/\/www.mapleleaffoods.com\/fr\/#website","url":"https:\/\/www.mapleleaffoods.com\/fr\/","name":"Les Aliments Maple Leaf","description":"Premi\u00e8re grande entreprise alimentaire carboneutre au monde","publisher":{"@id":"https:\/\/www.mapleleaffoods.com\/fr\/#organization"},"potentialAction":[{"@type":"SearchAction","target":{"@type":"EntryPoint","urlTemplate":"https:\/\/www.mapleleaffoods.com\/fr\/?s={search_term_string}"},"query-input":"required name=search_term_string"}],"inLanguage":"fr-FR"},{"@type":"Organization","@id":"https:\/\/www.mapleleaffoods.com\/fr\/#organization","name":"Les Aliments Maple Leaf","url":"https:\/\/www.mapleleaffoods.com\/fr\/","logo":{"@type":"ImageObject","inLanguage":"fr-FR","@id":"https:\/\/www.mapleleaffoods.com\/fr\/#\/schema\/logo\/image\/","url":"https:\/\/www.mapleleaffoods.com\/fr\/wp-content\/uploads\/sites\/7\/2026\/02\/L_MapleLeaf_4C_White_v1_EN.png","contentUrl":"https:\/\/www.mapleleaffoods.com\/fr\/wp-content\/uploads\/sites\/7\/2026\/02\/L_MapleLeaf_4C_White_v1_EN.png","width":1829,"height":2200,"caption":"Les Aliments Maple Leaf"},"image":{"@id":"https:\/\/www.mapleleaffoods.com\/fr\/#\/schema\/logo\/image\/"}}]}},"jetpack_sharing_enabled":true,"_links":{"self":[{"href":"https:\/\/www.mapleleaffoods.com\/fr\/wp-json\/wp\/v2\/pages\/246543"}],"collection":[{"href":"https:\/\/www.mapleleaffoods.com\/fr\/wp-json\/wp\/v2\/pages"}],"about":[{"href":"https:\/\/www.mapleleaffoods.com\/fr\/wp-json\/wp\/v2\/types\/page"}],"author":[{"embeddable":true,"href":"https:\/\/www.mapleleaffoods.com\/fr\/wp-json\/wp\/v2\/users\/1"}],"replies":[{"embeddable":true,"href":"https:\/\/www.mapleleaffoods.com\/fr\/wp-json\/wp\/v2\/comments?post=246543"}],"version-history":[{"count":10,"href":"https:\/\/www.mapleleaffoods.com\/fr\/wp-json\/wp\/v2\/pages\/246543\/revisions"}],"predecessor-version":[{"id":258469,"href":"https:\/\/www.mapleleaffoods.com\/fr\/wp-json\/wp\/v2\/pages\/246543\/revisions\/258469"}],"up":[{"embeddable":true,"href":"https:\/\/www.mapleleaffoods.com\/fr\/wp-json\/wp\/v2\/pages\/246487"}],"wp:featuredmedia":[{"embeddable":true,"href":"https:\/\/www.mapleleaffoods.com\/fr\/wp-json\/wp\/v2\/media\/249191"}],"wp:attachment":[{"href":"https:\/\/www.mapleleaffoods.com\/fr\/wp-json\/wp\/v2\/media?parent=246543"}],"curies":[{"name":"wp","href":"https:\/\/api.w.org\/{rel}","templated":true}]}}