{"id":246542,"date":"2022-02-02T18:15:12","date_gmt":"2022-02-02T18:15:12","guid":{"rendered":"https:\/\/staging.mapleleaffoods.com\/fr\/carrieres\/cheminements-carriere\/chaine-approvisionnement\/"},"modified":"2025-03-07T15:04:27","modified_gmt":"2025-03-07T20:04:27","slug":"chaine-approvisionnement","status":"publish","type":"page","link":"https:\/\/www.mapleleaffoods.com\/fr\/carrieres\/cheminements-carriere\/chaine-approvisionnement\/","title":{"rendered":"Cha\u00eene d&#8217;approvisionnement"},"content":{"rendered":"<div class=\"yoast-breadcrumbs\"><span><span><a href=\"https:\/\/www.mapleleaffoods.com\/fr\/\">Page d\u2019accueil<\/a><\/span> <span class=\"yoast-custom-separator\"><\/span> <span><a href=\"https:\/\/www.mapleleaffoods.com\/fr\/carrieres\/\">Carri\u00e8res<\/a><\/span> <span class=\"yoast-custom-separator\"><\/span> <span><a href=\"https:\/\/www.mapleleaffoods.com\/fr\/carrieres\/cheminements-carriere\/\">Cheminements de carri\u00e8re<\/a><\/span> <span class=\"yoast-custom-separator\"><\/span> <span class=\"breadcrumb_last\" aria-current=\"page\">Cha\u00eene d&#8217;approvisionnement<\/span><\/span><\/div>\n\n\t<style type=\"text\/css\">\n\t\t.wp-block-tk-spacer.id-2878fbec-55ff-4a08-8802-52d55fd956b1 {\n\t\theight: 75px;\n\t}\n\n\t@media ( max-width: 480px ) {\n\t\t.wp-block-tk-spacer.id-2878fbec-55ff-4a08-8802-52d55fd956b1 {\n\t\t\theight: 100px;\n\t\t}\n\t}\t<\/style>\n\t<div class=\"wp-block-tk-spacer id-2878fbec-55ff-4a08-8802-52d55fd956b1\" aria-hidden=\"true\"><\/div>\n\t\n\n\n<section class=\"wp-block-mlfcorp-level-one-header\"><span><\/span><h1>Cha\u00eene <mark class=\"has-inline-color has-corporate-dark-blue-color\">d\u2019approvisionnement<\/mark><\/h1>\n<div class=\"wp-block-cover alignfull is-light\"><span aria-hidden=\"true\" class=\"wp-block-cover__background has-corporate-dark-blue-background-color has-background-dim-0 has-background-dim\"><\/span><img decoding=\"async\" class=\"wp-block-cover__image-background wp-image-251221\" alt=\"Trucks on a highway\" src=\"https:\/\/www.mapleleaffoods.com\/wp-content\/uploads\/sites\/6\/2022\/02\/MLF-Tucks-Transportation.jpg\" data-object-fit=\"cover\" \/><div class=\"wp-block-cover__inner-container is-layout-flow wp-block-cover-is-layout-flow\">\n<p class=\"has-text-align-center has-large-font-size\"><\/p>\n<\/div><\/div>\n<\/section>\n\n\n\t<style type=\"text\/css\">\n\t\t.wp-block-tk-spacer.id-a3a1b497-6f11-455a-8944-d80c0238d7a7 {\n\t\theight: 100px;\n\t}\n\n\t@media ( max-width: 480px ) {\n\t\t.wp-block-tk-spacer.id-a3a1b497-6f11-455a-8944-d80c0238d7a7 {\n\t\t\theight: 100px;\n\t\t}\n\t}\t<\/style>\n\t<div class=\"wp-block-tk-spacer id-a3a1b497-6f11-455a-8944-d80c0238d7a7\" aria-hidden=\"true\"><\/div>\n\t\n\n\n<div class=\"wp-block-tk-grid\"><div class=\"grid\"><div class=\"sm-col-12 lg-col-10 sm-start-0 lg-start-1\">\n<h3 class=\"wp-block-heading\" id=\"our-supply-chain-team-ensures-our-customers-get-the-products-they-want-when-where-and-how-they-want-them-in-the-fastest-and-most-efficient-manner-possible\">Notre \u00e9quipe de la cha\u00eene d\u2019approvisionnement \u00e9volue au sein d\u2019un r\u00e9seau dynamique d\u2019usines de fabrication et de centres de distribution afin de garantir que nos clients obtiennent les produits qu\u2019ils d\u00e9sirent.<\/h3>\n\n\n\n<h3 class=\"wp-block-heading\" id=\"with-a-career-path-in-supply-chain-you-will-be-delivering-on-the-highest-expectations\">En choisissant un cheminement de carri\u00e8re \u00e0 la cha\u00eene d\u2019approvisionnement, vous r\u00e9pondrez aux attentes les plus \u00e9lev\u00e9es.<\/h3>\n\n\n\n<div class=\"wp-block-buttons is-layout-flex wp-block-buttons-is-layout-flex\">\n<div class=\"wp-block-button is-style-fill\"><a class=\"wp-block-button__link wp-element-button\" href=\"https:\/\/www.mapleleaffoods.com\/fr\/carrieres\/recherche-d-emploi\/?department=supply%20chain\" aria-label=\"Add aria label here\">Voir tous les postes offerts \u00e0 la cha\u00eene d\u2019approvisionnement<\/a><span class=\"file-size-button\"><\/span><\/div>\n<\/div>\n<\/div><\/div><\/div>\n\n\n\t<style type=\"text\/css\">\n\t\t.wp-block-tk-spacer.id-d21d35ab-e49b-4873-a515-be7a8ec34134 {\n\t\theight: 200px;\n\t}\n\n\t@media ( max-width: 480px ) {\n\t\t.wp-block-tk-spacer.id-d21d35ab-e49b-4873-a515-be7a8ec34134 {\n\t\t\theight: 100px;\n\t\t}\n\t}\t<\/style>\n\t<div class=\"wp-block-tk-spacer id-d21d35ab-e49b-4873-a515-be7a8ec34134\" aria-hidden=\"true\"><\/div>\n\t\n\n\n<div class=\"wp-block-mlfcorp-card-component-block card-component-container card-layout-horizontal card-position-center image-orientation-right\" style=\"padding-top:160px\"><div class=\"grid align-offset\"><div class=\"sm-col-12 lg-col-7 lg-start-1 details-wrapper\"><div class=\"card-component-details align-offset image-orientation-right\"><div><h4 class=\"title-heading\">Les v\u00e9ritables consommateurs se trouvent \u00e0 la fin de notre cha\u00eene d\u2019approvisionnement<\/h4><p class=\"card-component-text\">Nous nourrissons des millions de Canadiens chaque jour. Pour ce faire, notre cha\u00eene d\u2019approvisionnement doit \u00eatre solide et \u00eatre en mesure de fournir nos produits \u00e0 nos clients le plus efficacement possible\u00a0\u2013 et jusqu\u2019\u00e0 votre table.<br><br>Voici quelques-unes des fonctions\u00a0:<br>- Planifier l\u2019offre et la demande afin de satisfaire le march\u00e9 et de trouver un \u00e9quilibre avec le gaspillage alimentaire<br>- Superviser le transport et la distribution<br>- Offrir une exp\u00e9rience client exceptionnelle<\/p><\/div><\/div><\/div><div class=\"sm-col-12 lg-col-5 image-wrapper\" style=\"margin-top:-160px\"><div class=\"card-image-container align-offset image-orientation-right\"><img decoding=\"async\" src=\"https:\/\/www.mapleleaffoods.com\/wp-content\/uploads\/sites\/6\/2022\/02\/MLF-Lagimodiere-Packages-Boxes-Shipping.jpg\" alt=\"Shipping department in Winnipeg production plant\" class=\"card-component-image has-border-radius wp-image-251123\" \/><button class=\"credit-text\"><span class=\"initial\">i<\/span><span class=\"secondary hide\">Ex\u00e9cution des commandes clients | Winnipeg, MB<\/span><\/button><\/div><\/div><\/div><\/div>\n\n\n\t<style type=\"text\/css\">\n\t\t.wp-block-tk-spacer.id-a1eab750-0b2a-416c-8538-85e0abb2c561 {\n\t\theight: 200px;\n\t}\n\n\t@media ( max-width: 480px ) {\n\t\t.wp-block-tk-spacer.id-a1eab750-0b2a-416c-8538-85e0abb2c561 {\n\t\t\theight: 100px;\n\t\t}\n\t}\t<\/style>\n\t<div class=\"wp-block-tk-spacer id-a1eab750-0b2a-416c-8538-85e0abb2c561\" aria-hidden=\"true\"><\/div>\n\t\n\n\n<div class=\"wp-block-tk-grid\"><div class=\"grid\"><div class=\"sm-col-12 lg-col-10 sm-start-0 lg-start-2\">\n<h4 class=\"wp-block-heading has-text-align-center\" id=\"want-to-create-processes-that-help-simplify-standardize-and-keep-our-supply-chain-running-join-our-team\">Vous d\u00e9sirez rompre avec le statu quo et innover pour que notre cha\u00eene d'approvisionnement soit plus performante? Joignez-vous \u00e0 notre \u00e9quipe!<\/h4>\n\n\n\n<div class=\"wp-block-buttons is-content-justification-center is-layout-flex wp-container-core-buttons-is-layout-2 wp-block-buttons-is-layout-flex\">\n<div class=\"wp-block-button aligncenter\"><a class=\"wp-block-button__link wp-element-button\" href=\"https:\/\/www.mapleleaffoods.com\/fr\/carrieres\/recherche-d-emploi\/?department=supply%20chain\" aria-label=\"Add aria label here\">Voir les postes offerts \u00e0 la Cha\u00eene d\u2019approvisionnement<\/a><span class=\"file-size-button\"><\/span><\/div>\n<\/div>\n<\/div><\/div><\/div>\n\n\n\t<style type=\"text\/css\">\n\t\t.wp-block-tk-spacer.id-0bfb8385-5af0-4708-b75f-928bf984b72a {\n\t\theight: 200px;\n\t}\n\n\t@media ( max-width: 480px ) {\n\t\t.wp-block-tk-spacer.id-0bfb8385-5af0-4708-b75f-928bf984b72a {\n\t\t\theight: 100px;\n\t\t}\n\t}\t<\/style>\n\t<div class=\"wp-block-tk-spacer id-0bfb8385-5af0-4708-b75f-928bf984b72a\" aria-hidden=\"true\"><\/div>\n\t\n\n\n<div class=\"wp-block-group is-style-border-radius has-ultra-light-green-background-color has-background is-layout-flow wp-block-group-is-layout-flow\">\t<style type=\"text\/css\">\n\t\t.wp-block-tk-spacer.id-30078fec-0619-4e14-bf44-18210752882b {\n\t\theight: 75px;\n\t}\n\n\t@media ( max-width: 480px ) {\n\t\t.wp-block-tk-spacer.id-30078fec-0619-4e14-bf44-18210752882b {\n\t\t\theight: 65px;\n\t\t}\n\t}\t<\/style>\n\t<div class=\"wp-block-tk-spacer id-30078fec-0619-4e14-bf44-18210752882b\" aria-hidden=\"true\"><\/div>\n\t\n\n\n<div class=\"wp-block-tk-grid\"><div class=\"grid\"><div class=\"sm-col-12 lg-col-6 sm-start-0 lg-start-1\">\n<h2 class=\"wp-block-heading\">Si vous avez \u00e0 c\u0153ur le bien-\u00eatre animal autant que nous, joignez-vous \u00e0 notre \u00e9quipe!<\/h2>\n\n\n\n\t\t\t<nav class=\"dropdown-nav \" role=\"navigation\">\n\t\t\t\t<ul class=\"dropdown-container large-dropdown\">\n\t\t\t\t\t<li class=\"has-dropdown\">\n\t\t\t\t\t\t<a class=\"dropdown-selected-item\" tabindex=\"0\">Voir les postes offerts en Exploitation agricole<\/a>\n\t\t\t\t\t\t<span class='dropdown-arrow'><\/span>\n\t\t\t\t\t\t<ul class=\"dropdown\" tabindex=\"0\">\n\t\t\t\t\t\t\t\t\t\t\t\t\t\t\t\t\t<li class=\"dropdown-item\"><a href=\"https:\/\/www.mapleleaffoods.com\/fr\/carrieres\/cheminements-carriere\/approvisionnement\/\">Approvisionnement<\/a><\/li>\n\t\t\t\t\t\t\t\t\t\t\t\t\t\t\t\t\t\t\t<li class=\"dropdown-item\"><a href=\"https:\/\/www.mapleleaffoods.com\/fr\/carrieres\/cheminements-carriere\/activites-agricoles\/\">Activit\u00e9s agricoles<\/a><\/li>\n\t\t\t\t\t\t\t\t\t\t\t\t\t\t\t\t\t\t\t<li class=\"dropdown-item\"><a href=\"https:\/\/www.mapleleaffoods.com\/fr\/carrieres\/cheminements-carriere\/communications-affaires-publique\/\">Affaires publiques<\/a><\/li>\n\t\t\t\t\t\t\t\t\t\t\t\t\t\t\t\t\t\t\t<li class=\"dropdown-item\"><a href=\"https:\/\/www.mapleleaffoods.com\/fr\/carrieres\/cheminements-carriere\/chaine-approvisionnement\/\">Cha\u00eene d\u2019approvisionnement<\/a><\/li>\n\t\t\t\t\t\t\t\t\t\t\t\t\t\t\t\t\t\t\t<li class=\"dropdown-item\"><a href=\"https:\/\/www.mapleleaffoods.com\/fr\/carrieres\/cheminements-carriere\/operations-fabrication\/\">Fabrication et op\u00e9rations<\/a><\/li>\n\t\t\t\t\t\t\t\t\t\t\t\t\t\t\t\t\t\t\t<li class=\"dropdown-item\"><a href=\"https:\/\/www.mapleleaffoods.com\/fr\/carrieres\/cheminements-carriere\/finances-comptabilite\/\">Finances et comptabilit\u00e9<\/a><\/li>\n\t\t\t\t\t\t\t\t\t\t\t\t\t\t\t\t\t\t\t<li class=\"dropdown-item\"><a href=\"https:\/\/www.mapleleaffoods.com\/fr\/carrieres\/cheminements-carriere\/ingenierie\/\">Ing\u00e9nierie<\/a><\/li>\n\t\t\t\t\t\t\t\t\t\t\t\t\t\t\t\t\t\t\t<li class=\"dropdown-item\"><a href=\"https:\/\/www.mapleleaffoods.com\/fr\/carrieres\/cheminements-carriere\/manoeuvres\/\">R\u00f4les de production<\/a><\/li>\n\t\t\t\t\t\t\t\t\t\t\t\t\t\t\t\t\t\t\t<li class=\"dropdown-item\"><a href=\"https:\/\/www.mapleleaffoods.com\/fr\/carrieres\/cheminements-carriere\/marketing\/\">Marketing<\/a><\/li>\n\t\t\t\t\t\t\t\t\t\t\t\t\t\t\t\t\t\t\t<li class=\"dropdown-item\"><a href=\"https:\/\/www.mapleleaffoods.com\/fr\/carrieres\/cheminements-carriere\/hressources-humaines\/\">Ressources humaines<\/a><\/li>\n\t\t\t\t\t\t\t\t\t\t\t\t\t\t\t\t\t\t\t<li class=\"dropdown-item\"><a href=\"https:\/\/www.mapleleaffoods.com\/fr\/carrieres\/cheminements-carriere\/salubrite-aliments-assur-qualite\/\">Salubrit\u00e9 des aliments et assurance qualit\u00e9<\/a><\/li>\n\t\t\t\t\t\t\t\t\t\t\t\t\t\t\t\t\t\t\t<li class=\"dropdown-item\"><a href=\"https:\/\/www.mapleleaffoods.com\/fr\/carrieres\/cheminements-carriere\/six-sigma\/\">Six Sigma<\/a><\/li>\n\t\t\t\t\t\t\t\t\t\t\t\t\t\t\t\t\t\t\t<li class=\"dropdown-item\"><a href=\"https:\/\/www.mapleleaffoods.com\/fr\/carrieres\/cheminements-carriere\/technologie-information\/\">Technologie de l\u2019information<\/a><\/li>\n\t\t\t\t\t\t\t\t\t\t\t\t\t\t\t\t\t\t\t<li class=\"dropdown-item\"><a href=\"https:\/\/www.mapleleaffoods.com\/fr\/carrieres\/cheminements-carriere\/ventes\/\">Ventes<\/a><\/li>\n\t\t\t\t\t\t\t\t\t\n\t\t\t\t\t\t<\/ul>\n\t\t\t\t\t<\/li>\n\t\t\t\t<\/ul>\n\t\t\t<\/nav>\n\n\t\t<\/div><\/div><\/div>\n\n\n\t<style type=\"text\/css\">\n\t\t.wp-block-tk-spacer.id-8871e56a-771f-4f8b-960d-c28109224328 {\n\t\theight: 75px;\n\t}\n\n\t@media ( max-width: 480px ) {\n\t\t.wp-block-tk-spacer.id-8871e56a-771f-4f8b-960d-c28109224328 {\n\t\t\theight: 65px;\n\t\t}\n\t}\t<\/style>\n\t<div class=\"wp-block-tk-spacer id-8871e56a-771f-4f8b-960d-c28109224328\" aria-hidden=\"true\"><\/div>\n\t<\/div>\n\n\n\t<style type=\"text\/css\">\n\t\t.wp-block-tk-spacer.id-ddea5955-e467-4ac0-b52d-da8cea15d7ea {\n\t\theight: 200px;\n\t}\n\n\t@media ( max-width: 480px ) {\n\t\t.wp-block-tk-spacer.id-ddea5955-e467-4ac0-b52d-da8cea15d7ea {\n\t\t\theight: 100px;\n\t\t}\n\t}\t<\/style>\n\t<div class=\"wp-block-tk-spacer id-ddea5955-e467-4ac0-b52d-da8cea15d7ea\" aria-hidden=\"true\"><\/div>\n\t\n\n\n\t\t<div class=\"pre-footer-block alignfull\">\n\t\t\t<div class=\"grid-container\">\n\t\t\t\t<div class=\"grid\">\n\t\t\t\t\t\t\t\t\t\t\t\t\t\t\t\t\t\t<div class=\"sm-col-12\tlg-col-11 lg-start-2\">\n\t\t\t\t\t\t\t\t\n<p class=\"pre-footer-surtitle\">Plus dans<\/p>\n\n<h2 class=\"pre-footer-title\">Carri\u00e8res<\/h2>\n\t\t\t\t\t\t\t<\/div>\n\t\t\t\t\t\t\t\t\t\t\t\t\t\t\t\t\t<ul class=\"is-style-pre-footer sm-col-12 lg-col-4 lg-start-2\">\n\t\t\t\t\t\t\t\t\t\t\t\t\t\t\t\t\t\t\t<li><a href=\"https:\/\/www.mapleleaffoods.com\/fr\/carrieres\/recherche-d-emploi\/\">Trouver un emploi<\/a><\/li>\n\t\t\t\t\t\t\t\t\t\t\t\t\t\t\t\t\t\t\t\t\t\t\t<li><a href=\"https:\/\/www.mapleleaffoods.com\/fr\/alertes-emplois\/\">Alertes emplois<\/a><\/li>\n\t\t\t\t\t\t\t\t\t\t\t\t\t\t\t\t\t\t\t\t\t\t\t<li><a href=\"https:\/\/www.mapleleaffoods.com\/fr\/carrieres\/cheminements-carriere\/\">Cheminements de carri\u00e8re<\/a><\/li>\n\t\t\t\t\t\t\t\t\t\t\t\t\t\t\t\t\t<\/ul>\n\t\t\t\t\t\t<ul class=\"is-style-pre-footer sm-col-12 lg-col-4\">\n\t\t\t\t\t\t\t\t\t\t\t\t\t\t\t\t\t\t<li><a href=\"https:\/\/www.mapleleaffoods.com\/fr\/carrieres\/culture-entreprise\/\">Notre culture<\/a><\/li>\n\t\t\t\t\t\t\t\t\t\t\t\t\t\t\t\t\t\t\t\t\t<li><a href=\"https:\/\/www.mapleleaffoods.com\/fr\/carrieres\/perfectionnement-professionnel\/\">Perfectionnement professionnel<\/a><\/li>\n\t\t\t\t\t\t\t\t\t\t\t\t\t\t\t\t<\/ul>\n\t\t\t\t\t\t\t\t\t<\/div>\n\t\t\t<\/div>\n\t\t<\/div>\n\t\t","protected":false},"excerpt":{"rendered":"","protected":false},"author":17,"featured_media":247113,"parent":246486,"menu_order":4,"comment_status":"closed","ping_status":"closed","template":"","meta":{"mlfcorp_iframe_url":"","footnotes":""},"class_list":["post-246542","page","type-page","status-publish","has-post-thumbnail","hentry"],"acf":[],"yoast_head":"<!-- This site is optimized with the Yoast SEO plugin v21.7 - https:\/\/yoast.com\/wordpress\/plugins\/seo\/ -->\n<title>Cha\u00eene d\u2019approvisionnement | Les Aliments Maple Leaf<\/title>\n<meta name=\"description\" content=\"Int\u00e9ress\u00e9 par un poste en approvisionnement? Notre \u00e9quipe de la cha\u00eene d\u2019approvisionnement s\u2019efforce de satisfaire nos clients. D\u00e9couvrez les postes offerts.\" \/>\n<meta name=\"robots\" content=\"index, follow, max-snippet:-1, max-image-preview:large, max-video-preview:-1\" \/>\n<link rel=\"canonical\" href=\"https:\/\/www.mapleleaffoods.com\/fr\/carrieres\/cheminements-carriere\/chaine-approvisionnement\/\" \/>\n<meta property=\"og:locale\" content=\"fr_FR\" \/>\n<meta property=\"og:type\" content=\"article\" \/>\n<meta property=\"og:title\" content=\"Cha\u00eene d\u2019approvisionnement | Les Aliments Maple Leaf\" \/>\n<meta property=\"og:description\" content=\"Int\u00e9ress\u00e9 par un poste en approvisionnement? Notre \u00e9quipe de la cha\u00eene d\u2019approvisionnement s\u2019efforce de satisfaire nos clients. D\u00e9couvrez les postes offerts.\" \/>\n<meta property=\"og:url\" content=\"https:\/\/www.mapleleaffoods.com\/fr\/carrieres\/cheminements-carriere\/chaine-approvisionnement\/\" \/>\n<meta property=\"og:site_name\" content=\"Les Aliments Maple Leaf\" \/>\n<meta property=\"article:modified_time\" content=\"2025-03-07T20:04:27+00:00\" \/>\n<meta property=\"og:image\" content=\"https:\/\/www.mapleleaffoods.com\/fr\/wp-content\/uploads\/sites\/7\/2022\/03\/MLF-Trucks-Transportation.jpg\" \/>\n\t<meta property=\"og:image:width\" content=\"630\" \/>\n\t<meta property=\"og:image:height\" content=\"546\" \/>\n\t<meta property=\"og:image:type\" content=\"image\/jpeg\" \/>\n<meta name=\"twitter:card\" content=\"summary_large_image\" \/>\n<meta name=\"twitter:label1\" content=\"Dur\u00e9e de lecture estim\u00e9e\" \/>\n\t<meta name=\"twitter:data1\" content=\"2 minutes\" \/>\n<script type=\"application\/ld+json\" class=\"yoast-schema-graph\">{\"@context\":\"https:\/\/schema.org\",\"@graph\":[{\"@type\":\"WebPage\",\"@id\":\"https:\/\/www.mapleleaffoods.com\/fr\/carrieres\/cheminements-carriere\/chaine-approvisionnement\/\",\"url\":\"https:\/\/www.mapleleaffoods.com\/fr\/carrieres\/cheminements-carriere\/chaine-approvisionnement\/\",\"name\":\"Cha\u00eene d\u2019approvisionnement | Les Aliments Maple Leaf\",\"isPartOf\":{\"@id\":\"https:\/\/www.mapleleaffoods.com\/fr\/#website\"},\"datePublished\":\"2022-02-02T18:15:12+00:00\",\"dateModified\":\"2025-03-07T20:04:27+00:00\",\"description\":\"Int\u00e9ress\u00e9 par un poste en approvisionnement? Notre \u00e9quipe de la cha\u00eene d\u2019approvisionnement s\u2019efforce de satisfaire nos clients. D\u00e9couvrez les postes offerts.\",\"breadcrumb\":{\"@id\":\"https:\/\/www.mapleleaffoods.com\/fr\/carrieres\/cheminements-carriere\/chaine-approvisionnement\/#breadcrumb\"},\"inLanguage\":\"fr-FR\",\"potentialAction\":[{\"@type\":\"ReadAction\",\"target\":[\"https:\/\/www.mapleleaffoods.com\/fr\/carrieres\/cheminements-carriere\/chaine-approvisionnement\/\"]}]},{\"@type\":\"BreadcrumbList\",\"@id\":\"https:\/\/www.mapleleaffoods.com\/fr\/carrieres\/cheminements-carriere\/chaine-approvisionnement\/#breadcrumb\",\"itemListElement\":[{\"@type\":\"ListItem\",\"position\":1,\"name\":\"Page d\u2019accueil\",\"item\":\"https:\/\/www.mapleleaffoods.com\/fr\/\"},{\"@type\":\"ListItem\",\"position\":2,\"name\":\"Carri\u00e8res\",\"item\":\"https:\/\/www.mapleleaffoods.com\/fr\/carrieres\/\"},{\"@type\":\"ListItem\",\"position\":3,\"name\":\"Cheminements de carri\u00e8re\",\"item\":\"https:\/\/www.mapleleaffoods.com\/fr\/carrieres\/cheminements-carriere\/\"},{\"@type\":\"ListItem\",\"position\":4,\"name\":\"Cha\u00eene d&#8217;approvisionnement\"}]},{\"@type\":\"WebSite\",\"@id\":\"https:\/\/www.mapleleaffoods.com\/fr\/#website\",\"url\":\"https:\/\/www.mapleleaffoods.com\/fr\/\",\"name\":\"Les Aliments Maple Leaf\",\"description\":\"Premi\u00e8re grande entreprise alimentaire carboneutre au monde\",\"publisher\":{\"@id\":\"https:\/\/www.mapleleaffoods.com\/fr\/#organization\"},\"potentialAction\":[{\"@type\":\"SearchAction\",\"target\":{\"@type\":\"EntryPoint\",\"urlTemplate\":\"https:\/\/www.mapleleaffoods.com\/fr\/?s={search_term_string}\"},\"query-input\":\"required name=search_term_string\"}],\"inLanguage\":\"fr-FR\"},{\"@type\":\"Organization\",\"@id\":\"https:\/\/www.mapleleaffoods.com\/fr\/#organization\",\"name\":\"Les Aliments Maple Leaf\",\"url\":\"https:\/\/www.mapleleaffoods.com\/fr\/\",\"logo\":{\"@type\":\"ImageObject\",\"inLanguage\":\"fr-FR\",\"@id\":\"https:\/\/www.mapleleaffoods.com\/fr\/#\/schema\/logo\/image\/\",\"url\":\"https:\/\/www.mapleleaffoods.com\/fr\/wp-content\/uploads\/sites\/7\/2026\/02\/L_MapleLeaf_4C_White_v1_EN.png\",\"contentUrl\":\"https:\/\/www.mapleleaffoods.com\/fr\/wp-content\/uploads\/sites\/7\/2026\/02\/L_MapleLeaf_4C_White_v1_EN.png\",\"width\":1829,\"height\":2200,\"caption\":\"Les Aliments Maple Leaf\"},\"image\":{\"@id\":\"https:\/\/www.mapleleaffoods.com\/fr\/#\/schema\/logo\/image\/\"}}]}<\/script>\n<!-- \/ Yoast SEO plugin. -->","yoast_head_json":{"title":"Cha\u00eene d\u2019approvisionnement | Les Aliments Maple Leaf","description":"Int\u00e9ress\u00e9 par un poste en approvisionnement? Notre \u00e9quipe de la cha\u00eene d\u2019approvisionnement s\u2019efforce de satisfaire nos clients. D\u00e9couvrez les postes offerts.","robots":{"index":"index","follow":"follow","max-snippet":"max-snippet:-1","max-image-preview":"max-image-preview:large","max-video-preview":"max-video-preview:-1"},"canonical":"https:\/\/www.mapleleaffoods.com\/fr\/carrieres\/cheminements-carriere\/chaine-approvisionnement\/","og_locale":"fr_FR","og_type":"article","og_title":"Cha\u00eene d\u2019approvisionnement | Les Aliments Maple Leaf","og_description":"Int\u00e9ress\u00e9 par un poste en approvisionnement? Notre \u00e9quipe de la cha\u00eene d\u2019approvisionnement s\u2019efforce de satisfaire nos clients. D\u00e9couvrez les postes offerts.","og_url":"https:\/\/www.mapleleaffoods.com\/fr\/carrieres\/cheminements-carriere\/chaine-approvisionnement\/","og_site_name":"Les Aliments Maple Leaf","article_modified_time":"2025-03-07T20:04:27+00:00","og_image":[{"width":630,"height":546,"url":"https:\/\/www.mapleleaffoods.com\/fr\/wp-content\/uploads\/sites\/7\/2022\/03\/MLF-Trucks-Transportation.jpg","type":"image\/jpeg"}],"twitter_card":"summary_large_image","twitter_misc":{"Dur\u00e9e de lecture estim\u00e9e":"2 minutes"},"schema":{"@context":"https:\/\/schema.org","@graph":[{"@type":"WebPage","@id":"https:\/\/www.mapleleaffoods.com\/fr\/carrieres\/cheminements-carriere\/chaine-approvisionnement\/","url":"https:\/\/www.mapleleaffoods.com\/fr\/carrieres\/cheminements-carriere\/chaine-approvisionnement\/","name":"Cha\u00eene d\u2019approvisionnement | Les Aliments Maple Leaf","isPartOf":{"@id":"https:\/\/www.mapleleaffoods.com\/fr\/#website"},"datePublished":"2022-02-02T18:15:12+00:00","dateModified":"2025-03-07T20:04:27+00:00","description":"Int\u00e9ress\u00e9 par un poste en approvisionnement? Notre \u00e9quipe de la cha\u00eene d\u2019approvisionnement s\u2019efforce de satisfaire nos clients. D\u00e9couvrez les postes offerts.","breadcrumb":{"@id":"https:\/\/www.mapleleaffoods.com\/fr\/carrieres\/cheminements-carriere\/chaine-approvisionnement\/#breadcrumb"},"inLanguage":"fr-FR","potentialAction":[{"@type":"ReadAction","target":["https:\/\/www.mapleleaffoods.com\/fr\/carrieres\/cheminements-carriere\/chaine-approvisionnement\/"]}]},{"@type":"BreadcrumbList","@id":"https:\/\/www.mapleleaffoods.com\/fr\/carrieres\/cheminements-carriere\/chaine-approvisionnement\/#breadcrumb","itemListElement":[{"@type":"ListItem","position":1,"name":"Page d\u2019accueil","item":"https:\/\/www.mapleleaffoods.com\/fr\/"},{"@type":"ListItem","position":2,"name":"Carri\u00e8res","item":"https:\/\/www.mapleleaffoods.com\/fr\/carrieres\/"},{"@type":"ListItem","position":3,"name":"Cheminements de carri\u00e8re","item":"https:\/\/www.mapleleaffoods.com\/fr\/carrieres\/cheminements-carriere\/"},{"@type":"ListItem","position":4,"name":"Cha\u00eene d&#8217;approvisionnement"}]},{"@type":"WebSite","@id":"https:\/\/www.mapleleaffoods.com\/fr\/#website","url":"https:\/\/www.mapleleaffoods.com\/fr\/","name":"Les Aliments Maple Leaf","description":"Premi\u00e8re grande entreprise alimentaire carboneutre au monde","publisher":{"@id":"https:\/\/www.mapleleaffoods.com\/fr\/#organization"},"potentialAction":[{"@type":"SearchAction","target":{"@type":"EntryPoint","urlTemplate":"https:\/\/www.mapleleaffoods.com\/fr\/?s={search_term_string}"},"query-input":"required name=search_term_string"}],"inLanguage":"fr-FR"},{"@type":"Organization","@id":"https:\/\/www.mapleleaffoods.com\/fr\/#organization","name":"Les Aliments Maple Leaf","url":"https:\/\/www.mapleleaffoods.com\/fr\/","logo":{"@type":"ImageObject","inLanguage":"fr-FR","@id":"https:\/\/www.mapleleaffoods.com\/fr\/#\/schema\/logo\/image\/","url":"https:\/\/www.mapleleaffoods.com\/fr\/wp-content\/uploads\/sites\/7\/2026\/02\/L_MapleLeaf_4C_White_v1_EN.png","contentUrl":"https:\/\/www.mapleleaffoods.com\/fr\/wp-content\/uploads\/sites\/7\/2026\/02\/L_MapleLeaf_4C_White_v1_EN.png","width":1829,"height":2200,"caption":"Les Aliments Maple Leaf"},"image":{"@id":"https:\/\/www.mapleleaffoods.com\/fr\/#\/schema\/logo\/image\/"}}]}},"jetpack_sharing_enabled":true,"_links":{"self":[{"href":"https:\/\/www.mapleleaffoods.com\/fr\/wp-json\/wp\/v2\/pages\/246542"}],"collection":[{"href":"https:\/\/www.mapleleaffoods.com\/fr\/wp-json\/wp\/v2\/pages"}],"about":[{"href":"https:\/\/www.mapleleaffoods.com\/fr\/wp-json\/wp\/v2\/types\/page"}],"author":[{"embeddable":true,"href":"https:\/\/www.mapleleaffoods.com\/fr\/wp-json\/wp\/v2\/users\/17"}],"replies":[{"embeddable":true,"href":"https:\/\/www.mapleleaffoods.com\/fr\/wp-json\/wp\/v2\/comments?post=246542"}],"version-history":[{"count":13,"href":"https:\/\/www.mapleleaffoods.com\/fr\/wp-json\/wp\/v2\/pages\/246542\/revisions"}],"predecessor-version":[{"id":258787,"href":"https:\/\/www.mapleleaffoods.com\/fr\/wp-json\/wp\/v2\/pages\/246542\/revisions\/258787"}],"up":[{"embeddable":true,"href":"https:\/\/www.mapleleaffoods.com\/fr\/wp-json\/wp\/v2\/pages\/246486"}],"wp:featuredmedia":[{"embeddable":true,"href":"https:\/\/www.mapleleaffoods.com\/fr\/wp-json\/wp\/v2\/media\/247113"}],"wp:attachment":[{"href":"https:\/\/www.mapleleaffoods.com\/fr\/wp-json\/wp\/v2\/media?parent=246542"}],"curies":[{"name":"wp","href":"https:\/\/api.w.org\/{rel}","templated":true}]}}