{"id":246539,"date":"2022-02-02T18:13:55","date_gmt":"2022-02-02T18:13:55","guid":{"rendered":"https:\/\/staging.mapleleaffoods.com\/fr\/carrieres\/cheminements-carriere\/approvisionnement-achats\/"},"modified":"2025-03-18T10:06:48","modified_gmt":"2025-03-18T14:06:48","slug":"approvisionnement","status":"publish","type":"page","link":"https:\/\/www.mapleleaffoods.com\/fr\/carrieres\/cheminements-carriere\/approvisionnement\/","title":{"rendered":"Approvisionnement"},"content":{"rendered":"<div class=\"yoast-breadcrumbs\"><span><span><a href=\"https:\/\/www.mapleleaffoods.com\/fr\/\">Page d\u2019accueil<\/a><\/span> <span class=\"yoast-custom-separator\"><\/span> <span><a href=\"https:\/\/www.mapleleaffoods.com\/fr\/carrieres\/\">Carri\u00e8res<\/a><\/span> <span class=\"yoast-custom-separator\"><\/span> <span><a href=\"https:\/\/www.mapleleaffoods.com\/fr\/carrieres\/cheminements-carriere\/\">Cheminements de carri\u00e8re<\/a><\/span> <span class=\"yoast-custom-separator\"><\/span> <span class=\"breadcrumb_last\" aria-current=\"page\">Approvisionnement<\/span><\/span><\/div>\n\n\t<style type=\"text\/css\">\n\t\t.wp-block-tk-spacer.id-ccf5cf4e-69a5-4489-bcad-d0bdc839c5fc {\n\t\theight: 75px;\n\t}\n\n\t@media ( max-width: 480px ) {\n\t\t.wp-block-tk-spacer.id-ccf5cf4e-69a5-4489-bcad-d0bdc839c5fc {\n\t\t\theight: 100px;\n\t\t}\n\t}\t<\/style>\n\t<div class=\"wp-block-tk-spacer id-ccf5cf4e-69a5-4489-bcad-d0bdc839c5fc\" aria-hidden=\"true\"><\/div>\n\t\n\n\n<section class=\"wp-block-mlfcorp-level-one-header\"><span><\/span><h1>Approvisionnement<\/h1>\n<div class=\"wp-block-cover alignfull is-light\"><span aria-hidden=\"true\" class=\"wp-block-cover__background has-background-dim-0 has-background-dim\"><\/span><img decoding=\"async\" width=\"1920\" height=\"780\" class=\"wp-block-cover__image-background wp-image-253319\" alt=\"\u00c9quipe d'approvisionnement des Aliments Leaf de Maple Leaf\" src=\"https:\/\/www.mapleleaffoods.com\/fr\/wp-content\/uploads\/sites\/7\/2022\/10\/MLF-Hero-ProcurementPurchasing.jpg\" data-object-fit=\"cover\" srcset=\"https:\/\/b3412141.smushcdn.com\/3412141\/wp-content\/uploads\/sites\/7\/2022\/10\/MLF-Hero-ProcurementPurchasing.jpg?lossy=1&amp;strip=1&amp;webp=1 1920w, https:\/\/b3412141.smushcdn.com\/3412141\/wp-content\/uploads\/sites\/7\/2022\/10\/MLF-Hero-ProcurementPurchasing-300x122.jpg?lossy=1&amp;strip=1&amp;webp=1 300w, https:\/\/b3412141.smushcdn.com\/3412141\/wp-content\/uploads\/sites\/7\/2022\/10\/MLF-Hero-ProcurementPurchasing-1024x416.jpg?lossy=1&amp;strip=1&amp;webp=1 1024w, https:\/\/b3412141.smushcdn.com\/3412141\/wp-content\/uploads\/sites\/7\/2022\/10\/MLF-Hero-ProcurementPurchasing-768x312.jpg?lossy=1&amp;strip=1&amp;webp=1 768w, https:\/\/b3412141.smushcdn.com\/3412141\/wp-content\/uploads\/sites\/7\/2022\/10\/MLF-Hero-ProcurementPurchasing-1536x624.jpg?lossy=1&amp;strip=1&amp;webp=1 1536w\" sizes=\"(max-width: 1920px) 100vw, 1920px\" \/><div class=\"wp-block-cover__inner-container is-layout-flow wp-block-cover-is-layout-flow\">\n<p class=\"has-text-align-center has-large-font-size\"><\/p>\n<\/div><\/div>\n<\/section>\n\n\n\t<style type=\"text\/css\">\n\t\t.wp-block-tk-spacer.id-617d4689-ee19-4660-b5f0-9ff90971d6a5 {\n\t\theight: 100px;\n\t}\n\n\t@media ( max-width: 480px ) {\n\t\t.wp-block-tk-spacer.id-617d4689-ee19-4660-b5f0-9ff90971d6a5 {\n\t\t\theight: 100px;\n\t\t}\n\t}\t<\/style>\n\t<div class=\"wp-block-tk-spacer id-617d4689-ee19-4660-b5f0-9ff90971d6a5\" aria-hidden=\"true\"><\/div>\n\t\n\n\n<div class=\"wp-block-tk-grid\"><div class=\"grid\"><div class=\"sm-col-12 lg-col-11 sm-start-0 lg-start-1\">\n<h3 class=\"wp-block-heading\" id=\"a-procurement-and-purchasing-career-path-is-both-challenging-and-essential-in-our-efforts-to-produce-safe-food-that-nourishes-people\">L\u2019\u00e9quipe de l\u2019approvisionnement se concentre sur la cr\u00e9ation de valeur pour l\u2019entreprise, la r\u00e9duction des risques organisationnels et la prestation d\u2019un excellent soutien en travaillant avec des partenaires externes pour produire des aliments savoureux et de haute qualit\u00e9 dans un environnement s\u00e9curitaire.<\/h3>\n\n\n\n<h3 class=\"wp-block-heading\" id=\"a-procurement-and-purchasing-career-path-is-both-challenging-and-essential-in-our-efforts-to-produce-safe-food-that-nourishes-people-2\">Un parcours professionnel dans le secteur de l\u2019approvisionnement est \u00e0 la fois stimulant et essentiel \u00e0 notre mission de produire des aliments s\u00fbrs afin de nourrir les gens.<\/h3>\n\n\n\n<div class=\"wp-block-buttons is-layout-flex wp-block-buttons-is-layout-flex\">\n<div class=\"wp-block-button is-style-fill\"><a class=\"wp-block-button__link wp-element-button\" href=\"https:\/\/www.mapleleaffoods.com\/fr\/carrieres\/recherche-d-emploi\/?department=purchasing\" aria-label=\"Add aria label here\">Voir tous les postes offerts en Approvisionnement<\/a><span class=\"file-size-button\"><\/span><\/div>\n<\/div>\n<\/div><\/div><\/div>\n\n\n\t<style type=\"text\/css\">\n\t\t.wp-block-tk-spacer.id-cc611f89-fa20-4092-af37-0f8e30ced121 {\n\t\theight: 200px;\n\t}\n\n\t@media ( max-width: 480px ) {\n\t\t.wp-block-tk-spacer.id-cc611f89-fa20-4092-af37-0f8e30ced121 {\n\t\t\theight: 100px;\n\t\t}\n\t}\t<\/style>\n\t<div class=\"wp-block-tk-spacer id-cc611f89-fa20-4092-af37-0f8e30ced121\" aria-hidden=\"true\"><\/div>\n\t\n\n\n<div class=\"wp-block-mlfcorp-card-component-block card-component-container card-layout-horizontal card-position-center image-orientation-left\" style=\"padding-top:0\"><div class=\"grid align-offset\"><div class=\"sm-col-12 lg-col-6 lg-start-2 image-wrapper\"><div class=\"card-image-container align-offset image-orientation-left\"><img decoding=\"async\" src=\"https:\/\/www.mapleleaffoods.com\/wp-content\/uploads\/sites\/6\/2022\/02\/MLF-Woman-Finance.jpg\" alt=\"Woman working in finance\" class=\"card-component-image has-border-radius wp-image-251056\" \/><\/div><\/div><div class=\"\n\t\t\t\t\t\t\t\tsm-col-12 lg-col-5 details-wrapper\n\t\t\t\t\t\t\t\t\n\t\t\t\t\t\t\t\t\" style=\"margin-top:100px\"><div class=\"card-component-details align-offset image-orientation-left\"><div><h4 class=\"title-heading\">Forger de solides relations avec les fournisseurs<\/h4><p class=\"card-component-text\">Pour obtenir des produits de qualit\u00e9 sup\u00e9rieure, cette \u00e9quipe doit maintenir d\u2019excellentes relations avec les fournisseurs. Elle utilise des outils et des logiciels de pointe pour se procurer les mat\u00e9riaux et fournitures n\u00e9cessaires. Elle g\u00e8re nos relations internes et externes et cible de futurs partenariats.<\/p><\/div><\/div><\/div><\/div><\/div>\n\n\n\t<style type=\"text\/css\">\n\t\t.wp-block-tk-spacer.id-fa5af74e-645a-41ae-afa9-de839b1238b6 {\n\t\theight: 200px;\n\t}\n\n\t@media ( max-width: 480px ) {\n\t\t.wp-block-tk-spacer.id-fa5af74e-645a-41ae-afa9-de839b1238b6 {\n\t\t\theight: 100px;\n\t\t}\n\t}\t<\/style>\n\t<div class=\"wp-block-tk-spacer id-fa5af74e-645a-41ae-afa9-de839b1238b6\" aria-hidden=\"true\"><\/div>\n\t\n\n\n<div class=\"wp-block-mlfcorp-card-component-block card-component-container hide-image card-layout-horizontal card-position-center image-orientation-right\" style=\"padding-top:0\"><div class=\"grid align-middle\"><div class=\"sm-col-12 lg-col-6 lg-start-1 details-wrapper\"><div class=\"card-component-details align-middle image-orientation-right\"><div><h4 class=\"title-heading\">\u00c0 quoi ressemble un emploi en approvisionnement chez les Aliments Maple Leaf<\/h4><p class=\"card-component-text\">Joignez-vous \u00e0 notre \u00e9quipe de l\u2019approvisionnement et profitez d\u2019une carri\u00e8re diversifi\u00e9e, stimulante et dynamique. Voici quelques-unes des fonctions de l\u2019\u00e9quipe :<\/p><\/div><\/div><\/div><\/div><\/div>\n\n\n\n<div class=\"wp-block-tk-grid\"><div class=\"grid\"><div class=\"sm-col-12 lg-col-6 sm-start-0 lg-start-1\"><div class=\"wp-list-block\">\n<ul class=\"wp-block-list is-style-default\">\n<li>G\u00e9rer le mat\u00e9riel, les fournisseurs et l\u2019\u00e9quipement requis pour nos produits finis<\/li>\n\n\n\n<li>S\u2019approvisionner et acqu\u00e9rir \u00e0 l\u2019\u00e9chelle mondiale des biens et services requis pour faire fonctionner nos usines, nos bureaux et nos services<\/li>\n\n\n\n<li>G\u00e9rer les cofabricants<\/li>\n\n\n\n<li>N\u00e9gocier les contrats et g\u00e9rer les op\u00e9rations d\u2019achat avec le plus haut niveau de rigueur et de conformit\u00e9<\/li>\n\n\n\n<li>Faire partie d\u2019une \u00e9quipe tr\u00e8s motiv\u00e9e qui obtient des r\u00e9sultats de calibre mondial dans les domaines des co\u00fbts, de la qualit\u00e9 et du service pour les biens et les services que nous achetons. <\/li>\n<\/ul>\n<\/div><\/div><\/div><\/div>\n\n\n\t<style type=\"text\/css\">\n\t\t.wp-block-tk-spacer.id-bc47c5ea-f53f-4319-a3b5-a59c1144fc1e {\n\t\theight: 200px;\n\t}\n\n\t@media ( max-width: 480px ) {\n\t\t.wp-block-tk-spacer.id-bc47c5ea-f53f-4319-a3b5-a59c1144fc1e {\n\t\t\theight: 100px;\n\t\t}\n\t}\t<\/style>\n\t<div class=\"wp-block-tk-spacer id-bc47c5ea-f53f-4319-a3b5-a59c1144fc1e\" aria-hidden=\"true\"><\/div>\n\t\n\n\n<div class=\"wp-block-tk-grid\"><div class=\"grid\"><div class=\"sm-col-12 lg-col-8 sm-start-0 lg-start-3\">\n<h4 class=\"wp-block-heading has-text-align-center\" id=\"if-you-re-looking-for-an-exciting-and-challenging-career-join-our-purchasing-team\">Si vous aspirez \u00e0 une carri\u00e8re passionnante et stimulante, joignez-vous \u00e0 notre \u00e9quipe de l\u2019approvisionnement!<\/h4>\n\n\n\n<div class=\"wp-block-buttons is-content-justification-center is-layout-flex wp-container-core-buttons-is-layout-2 wp-block-buttons-is-layout-flex\">\n<div class=\"wp-block-button aligncenter\"><a class=\"wp-block-button__link wp-element-button\" href=\"https:\/\/www.mapleleaffoods.com\/fr\/carrieres\/recherche-d-emploi\/?department=purchasing\" aria-label=\"Add aria label here\">Voir les postes offerts en Approvisionnement<\/a><span class=\"file-size-button\"><\/span><\/div>\n<\/div>\n<\/div><\/div><\/div>\n\n\n\t<style type=\"text\/css\">\n\t\t.wp-block-tk-spacer.id-d1588c29-6dab-4c62-9ccd-3e954a4d8109 {\n\t\theight: 200px;\n\t}\n\n\t@media ( max-width: 480px ) {\n\t\t.wp-block-tk-spacer.id-d1588c29-6dab-4c62-9ccd-3e954a4d8109 {\n\t\t\theight: 100px;\n\t\t}\n\t}\t<\/style>\n\t<div class=\"wp-block-tk-spacer id-d1588c29-6dab-4c62-9ccd-3e954a4d8109\" aria-hidden=\"true\"><\/div>\n\t\n\n\n<div class=\"wp-block-group is-style-border-radius has-ultra-light-green-background-color has-background is-layout-flow wp-block-group-is-layout-flow\">\t<style type=\"text\/css\">\n\t\t.wp-block-tk-spacer.id-30078fec-0619-4e14-bf44-18210752882b {\n\t\theight: 75px;\n\t}\n\n\t@media ( max-width: 480px ) {\n\t\t.wp-block-tk-spacer.id-30078fec-0619-4e14-bf44-18210752882b {\n\t\t\theight: 65px;\n\t\t}\n\t}\t<\/style>\n\t<div class=\"wp-block-tk-spacer id-30078fec-0619-4e14-bf44-18210752882b\" aria-hidden=\"true\"><\/div>\n\t\n\n\n<div class=\"wp-block-tk-grid\"><div class=\"grid\"><div class=\"sm-col-12 lg-col-6 sm-start-0 lg-start-1\">\n<h2 class=\"wp-block-heading\">Si vous avez \u00e0 c\u0153ur le bien-\u00eatre animal autant que nous, joignez-vous \u00e0 notre \u00e9quipe!<\/h2>\n\n\n\n\t\t\t<nav class=\"dropdown-nav \" role=\"navigation\">\n\t\t\t\t<ul class=\"dropdown-container large-dropdown\">\n\t\t\t\t\t<li class=\"has-dropdown\">\n\t\t\t\t\t\t<a class=\"dropdown-selected-item\" tabindex=\"0\">Voir les postes offerts en Exploitation agricole<\/a>\n\t\t\t\t\t\t<span class='dropdown-arrow'><\/span>\n\t\t\t\t\t\t<ul class=\"dropdown\" tabindex=\"0\">\n\t\t\t\t\t\t\t\t\t\t\t\t\t\t\t\t\t<li class=\"dropdown-item\"><a href=\"https:\/\/www.mapleleaffoods.com\/fr\/carrieres\/cheminements-carriere\/approvisionnement\/\">Approvisionnement<\/a><\/li>\n\t\t\t\t\t\t\t\t\t\t\t\t\t\t\t\t\t\t\t<li class=\"dropdown-item\"><a href=\"https:\/\/www.mapleleaffoods.com\/fr\/carrieres\/cheminements-carriere\/activites-agricoles\/\">Activit\u00e9s agricoles<\/a><\/li>\n\t\t\t\t\t\t\t\t\t\t\t\t\t\t\t\t\t\t\t<li class=\"dropdown-item\"><a href=\"https:\/\/www.mapleleaffoods.com\/fr\/carrieres\/cheminements-carriere\/communications-affaires-publique\/\">Affaires publiques<\/a><\/li>\n\t\t\t\t\t\t\t\t\t\t\t\t\t\t\t\t\t\t\t<li class=\"dropdown-item\"><a href=\"https:\/\/www.mapleleaffoods.com\/fr\/carrieres\/cheminements-carriere\/chaine-approvisionnement\/\">Cha\u00eene d\u2019approvisionnement<\/a><\/li>\n\t\t\t\t\t\t\t\t\t\t\t\t\t\t\t\t\t\t\t<li class=\"dropdown-item\"><a href=\"https:\/\/www.mapleleaffoods.com\/fr\/carrieres\/cheminements-carriere\/operations-fabrication\/\">Fabrication et op\u00e9rations<\/a><\/li>\n\t\t\t\t\t\t\t\t\t\t\t\t\t\t\t\t\t\t\t<li class=\"dropdown-item\"><a href=\"https:\/\/www.mapleleaffoods.com\/fr\/carrieres\/cheminements-carriere\/finances-comptabilite\/\">Finances et comptabilit\u00e9<\/a><\/li>\n\t\t\t\t\t\t\t\t\t\t\t\t\t\t\t\t\t\t\t<li class=\"dropdown-item\"><a href=\"https:\/\/www.mapleleaffoods.com\/fr\/carrieres\/cheminements-carriere\/ingenierie\/\">Ing\u00e9nierie<\/a><\/li>\n\t\t\t\t\t\t\t\t\t\t\t\t\t\t\t\t\t\t\t<li class=\"dropdown-item\"><a href=\"https:\/\/www.mapleleaffoods.com\/fr\/carrieres\/cheminements-carriere\/manoeuvres\/\">R\u00f4les de production<\/a><\/li>\n\t\t\t\t\t\t\t\t\t\t\t\t\t\t\t\t\t\t\t<li class=\"dropdown-item\"><a href=\"https:\/\/www.mapleleaffoods.com\/fr\/carrieres\/cheminements-carriere\/marketing\/\">Marketing<\/a><\/li>\n\t\t\t\t\t\t\t\t\t\t\t\t\t\t\t\t\t\t\t<li class=\"dropdown-item\"><a href=\"https:\/\/www.mapleleaffoods.com\/fr\/carrieres\/cheminements-carriere\/hressources-humaines\/\">Ressources humaines<\/a><\/li>\n\t\t\t\t\t\t\t\t\t\t\t\t\t\t\t\t\t\t\t<li class=\"dropdown-item\"><a href=\"https:\/\/www.mapleleaffoods.com\/fr\/carrieres\/cheminements-carriere\/salubrite-aliments-assur-qualite\/\">Salubrit\u00e9 des aliments et assurance qualit\u00e9<\/a><\/li>\n\t\t\t\t\t\t\t\t\t\t\t\t\t\t\t\t\t\t\t<li class=\"dropdown-item\"><a href=\"https:\/\/www.mapleleaffoods.com\/fr\/carrieres\/cheminements-carriere\/six-sigma\/\">Six Sigma<\/a><\/li>\n\t\t\t\t\t\t\t\t\t\t\t\t\t\t\t\t\t\t\t<li class=\"dropdown-item\"><a href=\"https:\/\/www.mapleleaffoods.com\/fr\/carrieres\/cheminements-carriere\/technologie-information\/\">Technologie de l\u2019information<\/a><\/li>\n\t\t\t\t\t\t\t\t\t\t\t\t\t\t\t\t\t\t\t<li class=\"dropdown-item\"><a href=\"https:\/\/www.mapleleaffoods.com\/fr\/carrieres\/cheminements-carriere\/ventes\/\">Ventes<\/a><\/li>\n\t\t\t\t\t\t\t\t\t\n\t\t\t\t\t\t<\/ul>\n\t\t\t\t\t<\/li>\n\t\t\t\t<\/ul>\n\t\t\t<\/nav>\n\n\t\t<\/div><\/div><\/div>\n\n\n\t<style type=\"text\/css\">\n\t\t.wp-block-tk-spacer.id-8871e56a-771f-4f8b-960d-c28109224328 {\n\t\theight: 75px;\n\t}\n\n\t@media ( max-width: 480px ) {\n\t\t.wp-block-tk-spacer.id-8871e56a-771f-4f8b-960d-c28109224328 {\n\t\t\theight: 65px;\n\t\t}\n\t}\t<\/style>\n\t<div class=\"wp-block-tk-spacer id-8871e56a-771f-4f8b-960d-c28109224328\" aria-hidden=\"true\"><\/div>\n\t<\/div>\n\n\n\t<style type=\"text\/css\">\n\t\t.wp-block-tk-spacer.id-c4b48aa9-b0fe-4468-9daa-8afba4b4a3f3 {\n\t\theight: 200px;\n\t}\n\n\t@media ( max-width: 480px ) {\n\t\t.wp-block-tk-spacer.id-c4b48aa9-b0fe-4468-9daa-8afba4b4a3f3 {\n\t\t\theight: 100px;\n\t\t}\n\t}\t<\/style>\n\t<div class=\"wp-block-tk-spacer id-c4b48aa9-b0fe-4468-9daa-8afba4b4a3f3\" aria-hidden=\"true\"><\/div>\n\t\n\n\n\t\t<div class=\"pre-footer-block alignfull\">\n\t\t\t<div class=\"grid-container\">\n\t\t\t\t<div class=\"grid\">\n\t\t\t\t\t\t\t\t\t\t\t\t\t\t\t\t\t\t<div class=\"sm-col-12\tlg-col-11 lg-start-2\">\n\t\t\t\t\t\t\t\t\n<p class=\"pre-footer-surtitle\">Plus dans<\/p>\n\n<h2 class=\"pre-footer-title\">Carri\u00e8res<\/h2>\n\t\t\t\t\t\t\t<\/div>\n\t\t\t\t\t\t\t\t\t\t\t\t\t\t\t\t\t<ul class=\"is-style-pre-footer sm-col-12 lg-col-4 lg-start-2\">\n\t\t\t\t\t\t\t\t\t\t\t\t\t\t\t\t\t\t\t<li><a href=\"https:\/\/www.mapleleaffoods.com\/fr\/carrieres\/recherche-d-emploi\/\">Trouver un emploi<\/a><\/li>\n\t\t\t\t\t\t\t\t\t\t\t\t\t\t\t\t\t\t\t\t\t\t\t<li><a href=\"https:\/\/www.mapleleaffoods.com\/fr\/alertes-emplois\/\">Alertes emplois<\/a><\/li>\n\t\t\t\t\t\t\t\t\t\t\t\t\t\t\t\t\t\t\t\t\t\t\t<li><a href=\"https:\/\/www.mapleleaffoods.com\/fr\/carrieres\/cheminements-carriere\/\">Cheminements de carri\u00e8re<\/a><\/li>\n\t\t\t\t\t\t\t\t\t\t\t\t\t\t\t\t\t<\/ul>\n\t\t\t\t\t\t<ul class=\"is-style-pre-footer sm-col-12 lg-col-4\">\n\t\t\t\t\t\t\t\t\t\t\t\t\t\t\t\t\t\t<li><a href=\"https:\/\/www.mapleleaffoods.com\/fr\/carrieres\/culture-entreprise\/\">Notre culture<\/a><\/li>\n\t\t\t\t\t\t\t\t\t\t\t\t\t\t\t\t\t\t\t\t\t<li><a href=\"https:\/\/www.mapleleaffoods.com\/fr\/carrieres\/perfectionnement-professionnel\/\">Perfectionnement professionnel<\/a><\/li>\n\t\t\t\t\t\t\t\t\t\t\t\t\t\t\t\t<\/ul>\n\t\t\t\t\t\t\t\t\t<\/div>\n\t\t\t<\/div>\n\t\t<\/div>\n\t\t","protected":false},"excerpt":{"rendered":"","protected":false},"author":17,"featured_media":253369,"parent":246486,"menu_order":1,"comment_status":"closed","ping_status":"closed","template":"","meta":{"mlfcorp_iframe_url":"","footnotes":""},"class_list":["post-246539","page","type-page","status-publish","has-post-thumbnail","hentry"],"acf":[],"yoast_head":"<!-- This site is optimized with the Yoast SEO plugin v21.7 - https:\/\/yoast.com\/wordpress\/plugins\/seo\/ -->\n<title>Emplois en approvisionnement | Les Aliments Maple Leaf<\/title>\n<meta name=\"description\" content=\"L\u2019approvisionnement vous int\u00e9resse? Notre \u00e9quipe : cr\u00e9ation de valeur pour l\u2019entreprise, r\u00e9duction des risques organisationnels et soutien aux intervenants.\" \/>\n<meta name=\"robots\" content=\"index, follow, max-snippet:-1, max-image-preview:large, max-video-preview:-1\" \/>\n<link rel=\"canonical\" href=\"https:\/\/www.mapleleaffoods.com\/fr\/carrieres\/cheminements-carriere\/approvisionnement\/\" \/>\n<meta property=\"og:locale\" content=\"fr_FR\" \/>\n<meta property=\"og:type\" content=\"article\" \/>\n<meta property=\"og:title\" content=\"Emplois en approvisionnement | Les Aliments Maple Leaf\" \/>\n<meta property=\"og:description\" content=\"L\u2019approvisionnement vous int\u00e9resse? Notre \u00e9quipe : cr\u00e9ation de valeur pour l\u2019entreprise, r\u00e9duction des risques organisationnels et soutien aux intervenants.\" \/>\n<meta property=\"og:url\" content=\"https:\/\/www.mapleleaffoods.com\/fr\/carrieres\/cheminements-carriere\/approvisionnement\/\" \/>\n<meta property=\"og:site_name\" content=\"Les Aliments Maple Leaf\" \/>\n<meta property=\"article:modified_time\" content=\"2025-03-18T14:06:48+00:00\" \/>\n<meta property=\"og:image\" content=\"https:\/\/www.mapleleaffoods.com\/fr\/wp-content\/uploads\/sites\/7\/2022\/10\/MLF-Hero-ProcurementPurchasing-thb.jpg\" \/>\n\t<meta property=\"og:image:width\" content=\"630\" \/>\n\t<meta property=\"og:image:height\" content=\"546\" \/>\n\t<meta property=\"og:image:type\" content=\"image\/jpeg\" \/>\n<meta name=\"twitter:card\" content=\"summary_large_image\" \/>\n<meta name=\"twitter:label1\" content=\"Dur\u00e9e de lecture estim\u00e9e\" \/>\n\t<meta name=\"twitter:data1\" content=\"2 minutes\" \/>\n<script type=\"application\/ld+json\" class=\"yoast-schema-graph\">{\"@context\":\"https:\/\/schema.org\",\"@graph\":[{\"@type\":\"WebPage\",\"@id\":\"https:\/\/www.mapleleaffoods.com\/fr\/carrieres\/cheminements-carriere\/approvisionnement\/\",\"url\":\"https:\/\/www.mapleleaffoods.com\/fr\/carrieres\/cheminements-carriere\/approvisionnement\/\",\"name\":\"Emplois en approvisionnement | Les Aliments Maple Leaf\",\"isPartOf\":{\"@id\":\"https:\/\/www.mapleleaffoods.com\/fr\/#website\"},\"datePublished\":\"2022-02-02T18:13:55+00:00\",\"dateModified\":\"2025-03-18T14:06:48+00:00\",\"description\":\"L\u2019approvisionnement vous int\u00e9resse? Notre \u00e9quipe : cr\u00e9ation de valeur pour l\u2019entreprise, r\u00e9duction des risques organisationnels et soutien aux intervenants.\",\"breadcrumb\":{\"@id\":\"https:\/\/www.mapleleaffoods.com\/fr\/carrieres\/cheminements-carriere\/approvisionnement\/#breadcrumb\"},\"inLanguage\":\"fr-FR\",\"potentialAction\":[{\"@type\":\"ReadAction\",\"target\":[\"https:\/\/www.mapleleaffoods.com\/fr\/carrieres\/cheminements-carriere\/approvisionnement\/\"]}]},{\"@type\":\"BreadcrumbList\",\"@id\":\"https:\/\/www.mapleleaffoods.com\/fr\/carrieres\/cheminements-carriere\/approvisionnement\/#breadcrumb\",\"itemListElement\":[{\"@type\":\"ListItem\",\"position\":1,\"name\":\"Page d\u2019accueil\",\"item\":\"https:\/\/www.mapleleaffoods.com\/fr\/\"},{\"@type\":\"ListItem\",\"position\":2,\"name\":\"Carri\u00e8res\",\"item\":\"https:\/\/www.mapleleaffoods.com\/fr\/carrieres\/\"},{\"@type\":\"ListItem\",\"position\":3,\"name\":\"Cheminements de carri\u00e8re\",\"item\":\"https:\/\/www.mapleleaffoods.com\/fr\/carrieres\/cheminements-carriere\/\"},{\"@type\":\"ListItem\",\"position\":4,\"name\":\"Approvisionnement\"}]},{\"@type\":\"WebSite\",\"@id\":\"https:\/\/www.mapleleaffoods.com\/fr\/#website\",\"url\":\"https:\/\/www.mapleleaffoods.com\/fr\/\",\"name\":\"Les Aliments Maple Leaf\",\"description\":\"Premi\u00e8re grande entreprise alimentaire carboneutre au monde\",\"publisher\":{\"@id\":\"https:\/\/www.mapleleaffoods.com\/fr\/#organization\"},\"potentialAction\":[{\"@type\":\"SearchAction\",\"target\":{\"@type\":\"EntryPoint\",\"urlTemplate\":\"https:\/\/www.mapleleaffoods.com\/fr\/?s={search_term_string}\"},\"query-input\":\"required name=search_term_string\"}],\"inLanguage\":\"fr-FR\"},{\"@type\":\"Organization\",\"@id\":\"https:\/\/www.mapleleaffoods.com\/fr\/#organization\",\"name\":\"Les Aliments Maple Leaf\",\"url\":\"https:\/\/www.mapleleaffoods.com\/fr\/\",\"logo\":{\"@type\":\"ImageObject\",\"inLanguage\":\"fr-FR\",\"@id\":\"https:\/\/www.mapleleaffoods.com\/fr\/#\/schema\/logo\/image\/\",\"url\":\"https:\/\/www.mapleleaffoods.com\/fr\/wp-content\/uploads\/sites\/7\/2026\/02\/L_MapleLeaf_4C_White_v1_EN.png\",\"contentUrl\":\"https:\/\/www.mapleleaffoods.com\/fr\/wp-content\/uploads\/sites\/7\/2026\/02\/L_MapleLeaf_4C_White_v1_EN.png\",\"width\":1829,\"height\":2200,\"caption\":\"Les Aliments Maple Leaf\"},\"image\":{\"@id\":\"https:\/\/www.mapleleaffoods.com\/fr\/#\/schema\/logo\/image\/\"}}]}<\/script>\n<!-- \/ Yoast SEO plugin. -->","yoast_head_json":{"title":"Emplois en approvisionnement | Les Aliments Maple Leaf","description":"L\u2019approvisionnement vous int\u00e9resse? Notre \u00e9quipe : cr\u00e9ation de valeur pour l\u2019entreprise, r\u00e9duction des risques organisationnels et soutien aux intervenants.","robots":{"index":"index","follow":"follow","max-snippet":"max-snippet:-1","max-image-preview":"max-image-preview:large","max-video-preview":"max-video-preview:-1"},"canonical":"https:\/\/www.mapleleaffoods.com\/fr\/carrieres\/cheminements-carriere\/approvisionnement\/","og_locale":"fr_FR","og_type":"article","og_title":"Emplois en approvisionnement | Les Aliments Maple Leaf","og_description":"L\u2019approvisionnement vous int\u00e9resse? Notre \u00e9quipe : cr\u00e9ation de valeur pour l\u2019entreprise, r\u00e9duction des risques organisationnels et soutien aux intervenants.","og_url":"https:\/\/www.mapleleaffoods.com\/fr\/carrieres\/cheminements-carriere\/approvisionnement\/","og_site_name":"Les Aliments Maple Leaf","article_modified_time":"2025-03-18T14:06:48+00:00","og_image":[{"width":630,"height":546,"url":"https:\/\/www.mapleleaffoods.com\/fr\/wp-content\/uploads\/sites\/7\/2022\/10\/MLF-Hero-ProcurementPurchasing-thb.jpg","type":"image\/jpeg"}],"twitter_card":"summary_large_image","twitter_misc":{"Dur\u00e9e de lecture estim\u00e9e":"2 minutes"},"schema":{"@context":"https:\/\/schema.org","@graph":[{"@type":"WebPage","@id":"https:\/\/www.mapleleaffoods.com\/fr\/carrieres\/cheminements-carriere\/approvisionnement\/","url":"https:\/\/www.mapleleaffoods.com\/fr\/carrieres\/cheminements-carriere\/approvisionnement\/","name":"Emplois en approvisionnement | Les Aliments Maple Leaf","isPartOf":{"@id":"https:\/\/www.mapleleaffoods.com\/fr\/#website"},"datePublished":"2022-02-02T18:13:55+00:00","dateModified":"2025-03-18T14:06:48+00:00","description":"L\u2019approvisionnement vous int\u00e9resse? Notre \u00e9quipe : cr\u00e9ation de valeur pour l\u2019entreprise, r\u00e9duction des risques organisationnels et soutien aux intervenants.","breadcrumb":{"@id":"https:\/\/www.mapleleaffoods.com\/fr\/carrieres\/cheminements-carriere\/approvisionnement\/#breadcrumb"},"inLanguage":"fr-FR","potentialAction":[{"@type":"ReadAction","target":["https:\/\/www.mapleleaffoods.com\/fr\/carrieres\/cheminements-carriere\/approvisionnement\/"]}]},{"@type":"BreadcrumbList","@id":"https:\/\/www.mapleleaffoods.com\/fr\/carrieres\/cheminements-carriere\/approvisionnement\/#breadcrumb","itemListElement":[{"@type":"ListItem","position":1,"name":"Page d\u2019accueil","item":"https:\/\/www.mapleleaffoods.com\/fr\/"},{"@type":"ListItem","position":2,"name":"Carri\u00e8res","item":"https:\/\/www.mapleleaffoods.com\/fr\/carrieres\/"},{"@type":"ListItem","position":3,"name":"Cheminements de carri\u00e8re","item":"https:\/\/www.mapleleaffoods.com\/fr\/carrieres\/cheminements-carriere\/"},{"@type":"ListItem","position":4,"name":"Approvisionnement"}]},{"@type":"WebSite","@id":"https:\/\/www.mapleleaffoods.com\/fr\/#website","url":"https:\/\/www.mapleleaffoods.com\/fr\/","name":"Les Aliments Maple Leaf","description":"Premi\u00e8re grande entreprise alimentaire carboneutre au monde","publisher":{"@id":"https:\/\/www.mapleleaffoods.com\/fr\/#organization"},"potentialAction":[{"@type":"SearchAction","target":{"@type":"EntryPoint","urlTemplate":"https:\/\/www.mapleleaffoods.com\/fr\/?s={search_term_string}"},"query-input":"required name=search_term_string"}],"inLanguage":"fr-FR"},{"@type":"Organization","@id":"https:\/\/www.mapleleaffoods.com\/fr\/#organization","name":"Les Aliments Maple Leaf","url":"https:\/\/www.mapleleaffoods.com\/fr\/","logo":{"@type":"ImageObject","inLanguage":"fr-FR","@id":"https:\/\/www.mapleleaffoods.com\/fr\/#\/schema\/logo\/image\/","url":"https:\/\/www.mapleleaffoods.com\/fr\/wp-content\/uploads\/sites\/7\/2026\/02\/L_MapleLeaf_4C_White_v1_EN.png","contentUrl":"https:\/\/www.mapleleaffoods.com\/fr\/wp-content\/uploads\/sites\/7\/2026\/02\/L_MapleLeaf_4C_White_v1_EN.png","width":1829,"height":2200,"caption":"Les Aliments Maple Leaf"},"image":{"@id":"https:\/\/www.mapleleaffoods.com\/fr\/#\/schema\/logo\/image\/"}}]}},"jetpack_sharing_enabled":true,"_links":{"self":[{"href":"https:\/\/www.mapleleaffoods.com\/fr\/wp-json\/wp\/v2\/pages\/246539"}],"collection":[{"href":"https:\/\/www.mapleleaffoods.com\/fr\/wp-json\/wp\/v2\/pages"}],"about":[{"href":"https:\/\/www.mapleleaffoods.com\/fr\/wp-json\/wp\/v2\/types\/page"}],"author":[{"embeddable":true,"href":"https:\/\/www.mapleleaffoods.com\/fr\/wp-json\/wp\/v2\/users\/17"}],"replies":[{"embeddable":true,"href":"https:\/\/www.mapleleaffoods.com\/fr\/wp-json\/wp\/v2\/comments?post=246539"}],"version-history":[{"count":14,"href":"https:\/\/www.mapleleaffoods.com\/fr\/wp-json\/wp\/v2\/pages\/246539\/revisions"}],"predecessor-version":[{"id":258875,"href":"https:\/\/www.mapleleaffoods.com\/fr\/wp-json\/wp\/v2\/pages\/246539\/revisions\/258875"}],"up":[{"embeddable":true,"href":"https:\/\/www.mapleleaffoods.com\/fr\/wp-json\/wp\/v2\/pages\/246486"}],"wp:featuredmedia":[{"embeddable":true,"href":"https:\/\/www.mapleleaffoods.com\/fr\/wp-json\/wp\/v2\/media\/253369"}],"wp:attachment":[{"href":"https:\/\/www.mapleleaffoods.com\/fr\/wp-json\/wp\/v2\/media?parent=246539"}],"curies":[{"name":"wp","href":"https:\/\/api.w.org\/{rel}","templated":true}]}}