{"id":246533,"date":"2022-02-02T17:59:51","date_gmt":"2022-02-02T17:59:51","guid":{"rendered":"https:\/\/staging.mapleleaffoods.com\/fr\/accessibilite\/"},"modified":"2024-09-17T15:35:58","modified_gmt":"2024-09-17T19:35:58","slug":"accessibilite","status":"publish","type":"page","link":"https:\/\/www.mapleleaffoods.com\/fr\/accessibilite\/","title":{"rendered":"Accessibilit\u00e9"},"content":{"rendered":"\n<h2 class=\"wp-block-heading\">Plan d\u2019accessibilit\u00e9 des Aliments&nbsp;Maple&nbsp;Leaf<\/h2>\n\n\n\n<h6 class=\"wp-block-heading\">D\u00e9claration d\u2019engagement<\/h6>\n\n\n\n<p>Les Aliments Maple&nbsp;Leaf respecte les principes de dignit\u00e9, d\u2019autonomie, d\u2019int\u00e9gration et d\u2019\u00e9galit\u00e9 des chances pour tous. Nous sommes d\u00e9termin\u00e9s \u00e0 pr\u00e9venir, rep\u00e9rer et \u00e9liminer les obstacles \u00e0 l\u2019accessibilit\u00e9 pour les personnes handicap\u00e9es en temps opportun. Notre \u00e9quipe de direction et de professionnels des Ressources humaines, des Solutions d\u2019information, des installations et des Communications travailleront de concert pour concr\u00e9tiser cet engagement. Nous mettrons tout en \u0153uvre pour \u00eatre un lieu de travail sans obstacle et inclusif qui r\u00e9pond \u00e0 toutes les lois existantes en mati\u00e8re d\u2019accessibilit\u00e9 dans le cadre notre plan pluriannuel d\u00e9crit ci-dessous&nbsp;:<\/p>\n\n\n\n<p><strong>Service \u00e0 la client\u00e8le<\/strong><\/p>\n\n\n\n<p>Aliments&nbsp;Maple&nbsp;Leaf (\u00ab&nbsp;l\u2019entreprise&nbsp;\u00bb) est d\u00e9termin\u00e9e \u00e0 donner aux personnes handicap\u00e9es un acc\u00e8s universel \u00e0 nos produits et services et \u00e0 leur permettre de se pr\u00e9valoir des m\u00eames services, au m\u00eame endroit et de la m\u00eame fa\u00e7on que les autres clients. Les Aliments&nbsp;Maple&nbsp;Leaf reconna\u00eetra et soutiendra \u00e9galement les membres du public qui utilisent des appareils et accessoires fonctionnels, les personnes de soutien, les animaux d\u2019assistance ou d\u2019autres services d\u2019adaptation. L\u2019entreprise maintiendra l\u2019accessibilit\u00e9 ou int\u00e9grera les principes de conception universelle en mati\u00e8re d\u2019environnement sans obstacle lorsque ce sera possible, ou informera les gens s\u2019ils ne s\u2019appliquent pas.<\/p>\n\n\n\n<p><strong>Formation<\/strong><\/p>\n\n\n\n<p>Maple&nbsp;Leaf s\u2019engage \u00e0 former ses employ\u00e9s conform\u00e9ment aux lois pertinentes sur l\u2019accessibilit\u00e9 et au Code des droits de la personne qui touchent les personnes handicap\u00e9es. Nous am\u00e8nerons nos partenaires des Ressources humaines, nos professionnels des Solutions d\u2019information et d\u2019autres fonctions, le cas \u00e9ch\u00e9ant, de cr\u00e9er, de mettre en place et de consigner des plans de formation par service afin que tous les employ\u00e9s re\u00e7oivent une formation valable en mati\u00e8re d\u2019accessibilit\u00e9 et conform\u00e9ment \u00e0 notre politique sur l\u2019accessibilit\u00e9.<\/p>\n\n\n\n<p><strong>Emploi<\/strong><\/p>\n\n\n\n<p>Les Aliments Maple&nbsp;Leaf s\u2019est engag\u00e9e \u00e0 offrir des pratiques d\u2019\u00e9quit\u00e9 et d\u2019accessibilit\u00e9 en mati\u00e8re d\u2019embauche tout au long du cycle de vie de l\u2019emploi. Nos \u00e9quipes des Ressources humaines et de l\u2019embauche feront part de cet engagement dans l\u2019affichage des postes et tout au long du processus de s\u00e9lection, notamment en informant les nouveaux employ\u00e9s de nos politiques sur les mesures d\u2019adaptation. Nous allons &nbsp;aviser le personnel de tout changement apport\u00e9 \u00e0 ces politiques, s\u2019il y a lieu.<\/p>\n\n\n\n<p>Nous continuerons d\u2019\u00e9laborer des plans d\u2019adaptation individuels et des politiques de retour au travail \u00e0 l\u2019intention des employ\u00e9s qui se sont absent\u00e9s en raison d\u2019une invalidit\u00e9 et veillerons \u00e0 mettre en place un processus de documentation \u00e9crite clair et uniforme des plans personnalis\u00e9s. De plus, les activit\u00e9s de perfectionnement professionnel, de gestion du rendement, de red\u00e9ploiement et de changement de poste tiendront compte des besoins d\u2019accessibilit\u00e9 et des plans d\u2019adaptation individuels, le cas \u00e9ch\u00e9ant. Les Aliments Maple&nbsp;Leaf s\u2019engage \u00e0 pr\u00e9venir et \u00e0 \u00e9liminer les obstacles en int\u00e9grant le principe d'accessibilit\u00e9 \u00e0 son examen r\u00e9gulier des politiques et documents d\u2019embauche et des processus pertinents.<\/p>\n\n\n\n<p><strong>Situations d\u2019urgence<\/strong><\/p>\n\n\n\n<p>Les Aliments Maple&nbsp;Leaf fournira rapidement l\u2019ensemble des proc\u00e9dures et plans d\u2019urgence, et des renseignements de s\u00e9curit\u00e9 publique sur demande dans un format accessible ou avec les aides \u00e0 la communication appropri\u00e9es dans un d\u00e9lai convenable. Nous nous engageons \u00e0 assurer la s\u00e9curit\u00e9 de nos employ\u00e9s. Par cons\u00e9quent, nous nous efforcerons d\u2019accommoder les personnes handicap\u00e9es en leur fournissant de l\u2019information sur les mesures d\u2019interventions en cas d\u2019urgence. De plus, avec le consentement de l\u2019employ\u00e9, les besoins particuliers seront communiqu\u00e9s \u00e0 la personne d\u00e9sign\u00e9e pour aider l\u2019employ\u00e9. Les situations individuelles demeurent les m\u00eames en cas de changement de lieu de travail.<\/p>\n\n\n\n<p><strong>Information et communications<\/strong><\/p>\n\n\n\n<p>Les Aliments Maple&nbsp;Leaf s\u2019engage \u00e0 r\u00e9pondre aux besoins des personnes handicap\u00e9es en mati\u00e8re de communication et \u00e0 rendre les processus d\u2019information et de r\u00e9troaction accessibles.<\/p>\n\n\n\n<p>Tous les nouveaux contenus&nbsp;Web publi\u00e9s sur les sites Web publics des Aliments&nbsp;Maple&nbsp;Leaf sont conformes aux R\u00e8gles pour l\u2019accessibilit\u00e9 des contenus Web (WCAG) 2.0 Niveau&nbsp;A du Consortium World Wide Web. Les Aliments&nbsp;Maple&nbsp;Leaf entend \u00e9galement se conformer aux WCAG&nbsp;2.0, niveau&nbsp;AA en ce qui a trait aux sites&nbsp;Web publics et au nouveau contenu&nbsp;Web publi\u00e9 apr\u00e8s janvier&nbsp;2012, tel que l\u2019exige la norme en mati\u00e8re d\u2019information et de communications de la LAPHO, \u00e0 moins que ce ne soit pas possible.<\/p>\n\n\n\n<p>De plus, nous am\u00e9liorerons nos processus de r\u00e9troaction du public. Sur demande, les Aliments&nbsp;Maple&nbsp;Leaf fournira en temps opportun de l\u2019information dans un format accessible et des aides \u00e0 la communication aux personnes handicap\u00e9es. Elle cherchera \u00e9galement \u00e0 r\u00e9pondre aux besoins particuliers de la personne demandant de l\u2019aide. Les Aliments&nbsp;Maple&nbsp;Leaf informera \u00e9galement le public, par l\u2019interm\u00e9diaire de notre site Web et d\u2019autres modes de communication, qu\u2019il peut avoir acc\u00e8s \u00e0 de l\u2019information dans un format accessible et \u00e0 des aides \u00e0 la communication.<\/p>\n\n\n\n<p><strong>Avis d\u2019interruptions temporaires<\/strong><\/p>\n\n\n\n<p>Les Aliments&nbsp;Maple&nbsp;Leaf informera les clients si elle pr\u00e9voit interrompre ses services ou si une interruption de services inattendue survient dans les installations habituellement utilis\u00e9es par des personnes handicap\u00e9es. Dans la mesure o\u00f9 l\u2019information est disponible, l\u2019avis indiquera le motif de l\u2019interruption de services, sa dur\u00e9e \u00e9ventuelle et une description des autres services ou installations offerts en attendant, le cas \u00e9ch\u00e9ant. &nbsp; &nbsp;<\/p>\n\n\n\n<p><strong>Processus de r\u00e9troaction<\/strong><\/p>\n\n\n\n<p>Les Aliments&nbsp;Maple&nbsp;Leaf s\u2019assurera de disposer de moyens accessibles pour recevoir des commentaires et y r\u00e9pondre rapidement.<\/p>\n\n\n\n<p>Si vous souhaitez en savoir plus sur le pr\u00e9sent plan d\u2019accessibilit\u00e9 ou pour soumettre une demande d\u2019information, fournir des commentaires sur les services accessibles, demander un autre format ou obtenir une aide \u00e0 la communication, veuillez communiquer avec notre \u00e9quipe des Services des RH au 1\u00a0855\u00a0617-4411 ou \u00e0 l\u2019adresse <a href=\"mailto:HRServices@mapleleaf.com\">HRServices@mapleleaf.com<\/a> et notre \u00e9quipe r\u00e9pondra \u00e0 votre demande aussit\u00f4t que possible. <\/p>\n","protected":false},"excerpt":{"rendered":"<p>Plan d\u2019accessibilit\u00e9 des Aliments&nbsp;Maple&nbsp;Leaf D\u00e9claration d\u2019engagement Les Aliments Maple&nbsp;Leaf respecte les principes de dignit\u00e9, d\u2019autonomie, d\u2019int\u00e9gration et d\u2019\u00e9galit\u00e9 des chances [&hellip;]<\/p>\n","protected":false},"author":16,"featured_media":0,"parent":0,"menu_order":0,"comment_status":"closed","ping_status":"closed","template":"templates\/template-utility-page.php","meta":{"mlfcorp_iframe_url":"","footnotes":""},"class_list":["post-246533","page","type-page","status-publish","hentry"],"acf":[],"yoast_head":"<!-- This site is optimized with the Yoast SEO plugin v21.7 - https:\/\/yoast.com\/wordpress\/plugins\/seo\/ -->\n<title>Plan d\u2019accessibilit\u00e9 - D\u00e9claration d\u2019engagement| Les Aliments Maple Leaf<\/title>\n<meta name=\"description\" content=\"Le plan d&#039;accessibilit\u00e9 des Aliments Maple Leaf pour l&#039;accessibilit\u00e9 pour les personnes handicap\u00e9es de l&#039;Ontario (LAPHO), qui couvre notre \u2026\" \/>\n<meta name=\"robots\" content=\"index, follow, max-snippet:-1, max-image-preview:large, max-video-preview:-1\" \/>\n<link rel=\"canonical\" href=\"https:\/\/www.mapleleaffoods.com\/fr\/accessibilite\/\" \/>\n<meta property=\"og:locale\" content=\"fr_FR\" \/>\n<meta property=\"og:type\" content=\"article\" \/>\n<meta property=\"og:title\" content=\"Plan d\u2019accessibilit\u00e9 - D\u00e9claration d\u2019engagement| Les Aliments Maple Leaf\" \/>\n<meta property=\"og:description\" content=\"Le plan d&#039;accessibilit\u00e9 des Aliments Maple Leaf pour l&#039;accessibilit\u00e9 pour les personnes handicap\u00e9es de l&#039;Ontario (LAPHO), qui couvre notre \u2026\" \/>\n<meta property=\"og:url\" content=\"https:\/\/www.mapleleaffoods.com\/fr\/accessibilite\/\" \/>\n<meta property=\"og:site_name\" content=\"Les Aliments Maple Leaf\" \/>\n<meta property=\"article:modified_time\" content=\"2024-09-17T19:35:58+00:00\" \/>\n<meta name=\"twitter:card\" content=\"summary_large_image\" \/>\n<meta name=\"twitter:label1\" content=\"Dur\u00e9e de lecture estim\u00e9e\" \/>\n\t<meta name=\"twitter:data1\" content=\"5 minutes\" \/>\n<script type=\"application\/ld+json\" class=\"yoast-schema-graph\">{\"@context\":\"https:\/\/schema.org\",\"@graph\":[{\"@type\":\"WebPage\",\"@id\":\"https:\/\/www.mapleleaffoods.com\/fr\/accessibilite\/\",\"url\":\"https:\/\/www.mapleleaffoods.com\/fr\/accessibilite\/\",\"name\":\"Plan d\u2019accessibilit\u00e9 - D\u00e9claration d\u2019engagement| Les Aliments Maple Leaf\",\"isPartOf\":{\"@id\":\"https:\/\/www.mapleleaffoods.com\/fr\/#website\"},\"datePublished\":\"2022-02-02T17:59:51+00:00\",\"dateModified\":\"2024-09-17T19:35:58+00:00\",\"description\":\"Le plan d'accessibilit\u00e9 des Aliments Maple Leaf pour l'accessibilit\u00e9 pour les personnes handicap\u00e9es de l'Ontario (LAPHO), qui couvre notre \u2026\",\"breadcrumb\":{\"@id\":\"https:\/\/www.mapleleaffoods.com\/fr\/accessibilite\/#breadcrumb\"},\"inLanguage\":\"fr-FR\",\"potentialAction\":[{\"@type\":\"ReadAction\",\"target\":[\"https:\/\/www.mapleleaffoods.com\/fr\/accessibilite\/\"]}]},{\"@type\":\"BreadcrumbList\",\"@id\":\"https:\/\/www.mapleleaffoods.com\/fr\/accessibilite\/#breadcrumb\",\"itemListElement\":[{\"@type\":\"ListItem\",\"position\":1,\"name\":\"Page d\u2019accueil\",\"item\":\"https:\/\/www.mapleleaffoods.com\/fr\/\"},{\"@type\":\"ListItem\",\"position\":2,\"name\":\"Accessibilit\u00e9\"}]},{\"@type\":\"WebSite\",\"@id\":\"https:\/\/www.mapleleaffoods.com\/fr\/#website\",\"url\":\"https:\/\/www.mapleleaffoods.com\/fr\/\",\"name\":\"Les Aliments Maple Leaf\",\"description\":\"Premi\u00e8re grande entreprise alimentaire carboneutre au monde\",\"publisher\":{\"@id\":\"https:\/\/www.mapleleaffoods.com\/fr\/#organization\"},\"potentialAction\":[{\"@type\":\"SearchAction\",\"target\":{\"@type\":\"EntryPoint\",\"urlTemplate\":\"https:\/\/www.mapleleaffoods.com\/fr\/?s={search_term_string}\"},\"query-input\":\"required name=search_term_string\"}],\"inLanguage\":\"fr-FR\"},{\"@type\":\"Organization\",\"@id\":\"https:\/\/www.mapleleaffoods.com\/fr\/#organization\",\"name\":\"Les Aliments Maple Leaf\",\"url\":\"https:\/\/www.mapleleaffoods.com\/fr\/\",\"logo\":{\"@type\":\"ImageObject\",\"inLanguage\":\"fr-FR\",\"@id\":\"https:\/\/www.mapleleaffoods.com\/fr\/#\/schema\/logo\/image\/\",\"url\":\"https:\/\/www.mapleleaffoods.com\/fr\/wp-content\/uploads\/sites\/7\/2026\/02\/L_MapleLeaf_4C_White_v1_EN.png\",\"contentUrl\":\"https:\/\/www.mapleleaffoods.com\/fr\/wp-content\/uploads\/sites\/7\/2026\/02\/L_MapleLeaf_4C_White_v1_EN.png\",\"width\":1829,\"height\":2200,\"caption\":\"Les Aliments Maple Leaf\"},\"image\":{\"@id\":\"https:\/\/www.mapleleaffoods.com\/fr\/#\/schema\/logo\/image\/\"}}]}<\/script>\n<!-- \/ Yoast SEO plugin. -->","yoast_head_json":{"title":"Plan d\u2019accessibilit\u00e9 - D\u00e9claration d\u2019engagement| Les Aliments Maple Leaf","description":"Le plan d'accessibilit\u00e9 des Aliments Maple Leaf pour l'accessibilit\u00e9 pour les personnes handicap\u00e9es de l'Ontario (LAPHO), qui couvre notre \u2026","robots":{"index":"index","follow":"follow","max-snippet":"max-snippet:-1","max-image-preview":"max-image-preview:large","max-video-preview":"max-video-preview:-1"},"canonical":"https:\/\/www.mapleleaffoods.com\/fr\/accessibilite\/","og_locale":"fr_FR","og_type":"article","og_title":"Plan d\u2019accessibilit\u00e9 - D\u00e9claration d\u2019engagement| Les Aliments Maple Leaf","og_description":"Le plan d'accessibilit\u00e9 des Aliments Maple Leaf pour l'accessibilit\u00e9 pour les personnes handicap\u00e9es de l'Ontario (LAPHO), qui couvre notre \u2026","og_url":"https:\/\/www.mapleleaffoods.com\/fr\/accessibilite\/","og_site_name":"Les Aliments Maple Leaf","article_modified_time":"2024-09-17T19:35:58+00:00","twitter_card":"summary_large_image","twitter_misc":{"Dur\u00e9e de lecture estim\u00e9e":"5 minutes"},"schema":{"@context":"https:\/\/schema.org","@graph":[{"@type":"WebPage","@id":"https:\/\/www.mapleleaffoods.com\/fr\/accessibilite\/","url":"https:\/\/www.mapleleaffoods.com\/fr\/accessibilite\/","name":"Plan d\u2019accessibilit\u00e9 - D\u00e9claration d\u2019engagement| Les Aliments Maple Leaf","isPartOf":{"@id":"https:\/\/www.mapleleaffoods.com\/fr\/#website"},"datePublished":"2022-02-02T17:59:51+00:00","dateModified":"2024-09-17T19:35:58+00:00","description":"Le plan d'accessibilit\u00e9 des Aliments Maple Leaf pour l'accessibilit\u00e9 pour les personnes handicap\u00e9es de l'Ontario (LAPHO), qui couvre notre \u2026","breadcrumb":{"@id":"https:\/\/www.mapleleaffoods.com\/fr\/accessibilite\/#breadcrumb"},"inLanguage":"fr-FR","potentialAction":[{"@type":"ReadAction","target":["https:\/\/www.mapleleaffoods.com\/fr\/accessibilite\/"]}]},{"@type":"BreadcrumbList","@id":"https:\/\/www.mapleleaffoods.com\/fr\/accessibilite\/#breadcrumb","itemListElement":[{"@type":"ListItem","position":1,"name":"Page d\u2019accueil","item":"https:\/\/www.mapleleaffoods.com\/fr\/"},{"@type":"ListItem","position":2,"name":"Accessibilit\u00e9"}]},{"@type":"WebSite","@id":"https:\/\/www.mapleleaffoods.com\/fr\/#website","url":"https:\/\/www.mapleleaffoods.com\/fr\/","name":"Les Aliments Maple Leaf","description":"Premi\u00e8re grande entreprise alimentaire carboneutre au monde","publisher":{"@id":"https:\/\/www.mapleleaffoods.com\/fr\/#organization"},"potentialAction":[{"@type":"SearchAction","target":{"@type":"EntryPoint","urlTemplate":"https:\/\/www.mapleleaffoods.com\/fr\/?s={search_term_string}"},"query-input":"required name=search_term_string"}],"inLanguage":"fr-FR"},{"@type":"Organization","@id":"https:\/\/www.mapleleaffoods.com\/fr\/#organization","name":"Les Aliments Maple Leaf","url":"https:\/\/www.mapleleaffoods.com\/fr\/","logo":{"@type":"ImageObject","inLanguage":"fr-FR","@id":"https:\/\/www.mapleleaffoods.com\/fr\/#\/schema\/logo\/image\/","url":"https:\/\/www.mapleleaffoods.com\/fr\/wp-content\/uploads\/sites\/7\/2026\/02\/L_MapleLeaf_4C_White_v1_EN.png","contentUrl":"https:\/\/www.mapleleaffoods.com\/fr\/wp-content\/uploads\/sites\/7\/2026\/02\/L_MapleLeaf_4C_White_v1_EN.png","width":1829,"height":2200,"caption":"Les Aliments Maple Leaf"},"image":{"@id":"https:\/\/www.mapleleaffoods.com\/fr\/#\/schema\/logo\/image\/"}}]}},"jetpack_sharing_enabled":true,"_links":{"self":[{"href":"https:\/\/www.mapleleaffoods.com\/fr\/wp-json\/wp\/v2\/pages\/246533"}],"collection":[{"href":"https:\/\/www.mapleleaffoods.com\/fr\/wp-json\/wp\/v2\/pages"}],"about":[{"href":"https:\/\/www.mapleleaffoods.com\/fr\/wp-json\/wp\/v2\/types\/page"}],"author":[{"embeddable":true,"href":"https:\/\/www.mapleleaffoods.com\/fr\/wp-json\/wp\/v2\/users\/16"}],"replies":[{"embeddable":true,"href":"https:\/\/www.mapleleaffoods.com\/fr\/wp-json\/wp\/v2\/comments?post=246533"}],"version-history":[{"count":7,"href":"https:\/\/www.mapleleaffoods.com\/fr\/wp-json\/wp\/v2\/pages\/246533\/revisions"}],"predecessor-version":[{"id":257951,"href":"https:\/\/www.mapleleaffoods.com\/fr\/wp-json\/wp\/v2\/pages\/246533\/revisions\/257951"}],"wp:attachment":[{"href":"https:\/\/www.mapleleaffoods.com\/fr\/wp-json\/wp\/v2\/media?parent=246533"}],"curies":[{"name":"wp","href":"https:\/\/api.w.org\/{rel}","templated":true}]}}