{"id":246493,"date":"2022-02-02T17:18:12","date_gmt":"2022-02-02T17:18:12","guid":{"rendered":"https:\/\/staging.mapleleaffoods.com\/fr\/medias\/"},"modified":"2024-07-16T11:49:07","modified_gmt":"2024-07-16T15:49:07","slug":"medias","status":"publish","type":"page","link":"https:\/\/www.mapleleaffoods.com\/fr\/medias\/","title":{"rendered":"M\u00e9dias"},"content":{"rendered":"\n<div class=\"wp-block-mlfcorp-level-two-header level-two-header-container\"><h1>Centre des m\u00e9dias des <mark class=\"has-inline-color has-corporate-dark-blue-color\">Aliments Maple Leaf<\/mark>\u00a0 <\/h1><div class=\"grid\"><div class=\"lg-start-4 lg-col-8 sm-start-3 sm-col-10\"><div class=\"content\">\n<h5 class=\"wp-block-heading\">Vous y trouverez ce qu\u2019il y a de plus r\u00e9cent en mati\u00e8re de nouvelles, photos, s\u00e9quences vid\u00e9o non mont\u00e9es, logos et faits sur les Aliments Maple Leaf.&nbsp;&nbsp;<\/h5>\n\n\n\n<p>Nous nous sommes engag\u00e9s \u00e0 \u00eatre transparents et r\u00e9ceptifs \u00e0 l\u2019\u00e9gard des m\u00e9dias. Envoyez-nous vos questions et votre heure de tomb\u00e9e \u00e0 l\u2019adresse :<\/p>\n\n\n\n<div class=\"wp-block-buttons is-layout-flex wp-block-buttons-is-layout-flex\">\n<div class=\"wp-block-button is-style-secondary\"><a class=\"wp-block-button__link wp-element-button\" href=\"\" aria-label=\"media hotline email\">media.hotline@mapleleaf.com<\/a><span class=\"file-size-button\"><\/span><\/div>\n<\/div>\n<\/div><\/div><\/div><\/div>\n\n\n\t<style type=\"text\/css\">\n\t\t.wp-block-tk-spacer.id-f0687f00-4b76-4147-80e6-a31d703e3ba3 {\n\t\theight: 60px;\n\t}\n\n\t@media ( max-width: 480px ) {\n\t\t.wp-block-tk-spacer.id-f0687f00-4b76-4147-80e6-a31d703e3ba3 {\n\t\t\theight: 30px;\n\t\t}\n\t}\t<\/style>\n\t<div class=\"wp-block-tk-spacer id-f0687f00-4b76-4147-80e6-a31d703e3ba3\" aria-hidden=\"true\"><\/div>\n\t\n\n\n<div class=\"wp-block-mlfcorp-media-block media-block\" data-toggle=\"false\">\n<div class=\"media-filters-header\"><div class=\"media-filters hide show-for-lg\">\n<div class=\"wp-block-columns is-layout-flex wp-container-core-columns-is-layout-1 wp-block-columns-is-layout-flex\">\n<div class=\"wp-block-column is-layout-flow wp-block-column-is-layout-flow\">\n<div class=\"wp-block-mlfcorp-media-left-filters media-left-filters\"><ul><li><a class=\"button is-style-white\" href=\"https:\/\/www.mapleleaffoods.com\/fr\/medias\/?newsFilter=all\" data-value=\"all\">Tout<\/a><\/li><li><a class=\"button is-style-white\" href=\"https:\/\/www.mapleleaffoods.com\/fr\/medias\/?newsFilter=communiques-de-presse-des-aliments-maple-leaf\" data-value=\"communiques-de-presse-des-aliments-maple-leaf\">Communiqu\u00e9s de presse<\/a><\/li><li><a class=\"button is-style-white\" href=\"https:\/\/www.mapleleaffoods.com\/fr\/medias\/?newsFilter=enonces-operationnels\" data-value=\"enonces-operationnels\">\u00c9nonc\u00e9s op\u00e9rationnels<\/a><\/li><li><a class=\"button is-style-white\" href=\"https:\/\/www.mapleleaffoods.com\/fr\/medias\/?newsFilter=speeches\" data-value=\"speeches\">Allocutions<\/a><\/li><li>\n<div class=\"wp-block-button is-style-white\"><a class=\"wp-block-button__link wp-element-button\" href=\"https:\/\/www.mapleleaffoods.com\/fr\/nouvelles-archivees\/\" aria-label=\"Add aria label here\">Archives de communiqu\u00e9s de presse<\/a><span class=\"file-size-button\"><\/span><\/div>\n<\/li><\/ul><\/div>\n<\/div>\n\n\n\n<div class=\"wp-block-column is-layout-flow wp-block-column-is-layout-flow\">\n<div class=\"wp-block-mlfcorp-media-right-filters media-right-filters\"><ul><li>T\u00e9l\u00e9chargements :<\/li><li>\n<div class=\"wp-block-button is-style-white\"><a class=\"wp-block-button__link wp-element-button\" href=\"https:\/\/www.mapleleaffoods.com\/fr\/medias\/sequences-video-non-montees\/\" aria-label=\"videos\">Vid\u00e9os<\/a><span class=\"file-size-button\"><\/span><\/div>\n\n\n\n<div class=\"wp-block-button is-style-white\"><a class=\"wp-block-button__link wp-element-button\" href=\"https:\/\/www.mapleleaffoods.com\/fr\/medias\/photos\/\" aria-label=\"photos\">Photos<\/a><span class=\"file-size-button\"><\/span><\/div>\n\n\n\n<div class=\"wp-block-button is-style-white\"><a class=\"wp-block-button__link wp-element-button\" href=\"https:\/\/www.mapleleaffoods.com\/fr\/medias\/feuillets-de-documentation\/\" aria-label=\"Feuillets de documentation\">Feuillets de documentation<\/a><span class=\"file-size-button\"><\/span><\/div>\n\n\n\n<div class=\"wp-block-button is-style-white\"><a class=\"wp-block-button__link wp-element-button\" href=\"https:\/\/www.mapleleaffoods.com\/fr\/medias\/logos\/\" aria-label=\"Logos\">Logos<\/a><span class=\"file-size-button\"><\/span><\/div>\n<\/li><\/ul><\/div>\n<\/div>\n<\/div>\n<\/div><div class=\"media-dropdown-filters hide-for-lg\"><nav class=\"dropdown-nav offset-top\" role=\"navigation\"><ul class=\"dropdown-container\"><li class=\"has-dropdown\"><a class=\"dropdown-selected-item\">Tout<\/a><span class=\"dropdown-arrow\"><\/span><ul class=\"dropdown\"><\/ul><\/li><\/ul><\/nav><\/div><\/div><p class=\"pre-title\">Les plus r\u00e9cents<\/p><div class=\"media-cards-container\"><\/div>\n\n\n\n<div class=\"wp-block-button is-style-white right-arrow-icon\"><a class=\"wp-block-button__link wp-element-button\" href=\"https:\/\/www.mapleleaffoods.com\/fr\/nouvelles-archivees\/\" aria-label=\"Voir les archives\">Voir les archives<\/a><span class=\"file-size-button\"><\/span><\/div>\n<\/div>\n","protected":false},"excerpt":{"rendered":"","protected":false},"author":16,"featured_media":0,"parent":0,"menu_order":0,"comment_status":"closed","ping_status":"closed","template":"","meta":{"mlfcorp_iframe_url":"","footnotes":""},"class_list":["post-246493","page","type-page","status-publish","hentry"],"acf":[],"yoast_head":"<!-- This site is optimized with the Yoast SEO plugin v21.7 - https:\/\/yoast.com\/wordpress\/plugins\/seo\/ -->\n<title>Des nouvelles, photos, vid\u00e9os ou faits | Les Aliments Maple Leaf<\/title>\n<meta name=\"description\" content=\"Cherchez-vous des nouvelles, photos, vid\u00e9os non mont\u00e9es ou faits sur les Aliments Maple Leaf? Visitez le Centre des m\u00e9dias ou contactez-nous...\" \/>\n<meta name=\"robots\" content=\"index, follow, max-snippet:-1, max-image-preview:large, max-video-preview:-1\" \/>\n<link rel=\"canonical\" href=\"https:\/\/www.mapleleaffoods.com\/fr\/medias\/\" \/>\n<meta property=\"og:locale\" content=\"fr_FR\" \/>\n<meta property=\"og:type\" content=\"article\" \/>\n<meta property=\"og:title\" content=\"Des nouvelles, photos, vid\u00e9os ou faits | Les Aliments Maple Leaf\" \/>\n<meta property=\"og:description\" content=\"Cherchez-vous des nouvelles, photos, vid\u00e9os non mont\u00e9es ou faits sur les Aliments Maple Leaf? Visitez le Centre des m\u00e9dias ou contactez-nous...\" \/>\n<meta property=\"og:url\" content=\"https:\/\/www.mapleleaffoods.com\/fr\/medias\/\" \/>\n<meta property=\"og:site_name\" content=\"Les Aliments Maple Leaf\" \/>\n<meta property=\"article:modified_time\" content=\"2024-07-16T15:49:07+00:00\" \/>\n<meta name=\"twitter:card\" content=\"summary_large_image\" \/>\n<meta name=\"twitter:label1\" content=\"Dur\u00e9e de lecture estim\u00e9e\" \/>\n\t<meta name=\"twitter:data1\" content=\"1 minute\" \/>\n<script type=\"application\/ld+json\" class=\"yoast-schema-graph\">{\"@context\":\"https:\/\/schema.org\",\"@graph\":[{\"@type\":\"WebPage\",\"@id\":\"https:\/\/www.mapleleaffoods.com\/fr\/medias\/\",\"url\":\"https:\/\/www.mapleleaffoods.com\/fr\/medias\/\",\"name\":\"Des nouvelles, photos, vid\u00e9os ou faits | Les Aliments Maple Leaf\",\"isPartOf\":{\"@id\":\"https:\/\/www.mapleleaffoods.com\/fr\/#website\"},\"datePublished\":\"2022-02-02T17:18:12+00:00\",\"dateModified\":\"2024-07-16T15:49:07+00:00\",\"description\":\"Cherchez-vous des nouvelles, photos, vid\u00e9os non mont\u00e9es ou faits sur les Aliments Maple Leaf? Visitez le Centre des m\u00e9dias ou contactez-nous...\",\"breadcrumb\":{\"@id\":\"https:\/\/www.mapleleaffoods.com\/fr\/medias\/#breadcrumb\"},\"inLanguage\":\"fr-FR\",\"potentialAction\":[{\"@type\":\"ReadAction\",\"target\":[\"https:\/\/www.mapleleaffoods.com\/fr\/medias\/\"]}]},{\"@type\":\"BreadcrumbList\",\"@id\":\"https:\/\/www.mapleleaffoods.com\/fr\/medias\/#breadcrumb\",\"itemListElement\":[{\"@type\":\"ListItem\",\"position\":1,\"name\":\"Page d\u2019accueil\",\"item\":\"https:\/\/www.mapleleaffoods.com\/fr\/\"},{\"@type\":\"ListItem\",\"position\":2,\"name\":\"M\u00e9dias\"}]},{\"@type\":\"WebSite\",\"@id\":\"https:\/\/www.mapleleaffoods.com\/fr\/#website\",\"url\":\"https:\/\/www.mapleleaffoods.com\/fr\/\",\"name\":\"Les Aliments Maple Leaf\",\"description\":\"Premi\u00e8re grande entreprise alimentaire carboneutre au monde\",\"publisher\":{\"@id\":\"https:\/\/www.mapleleaffoods.com\/fr\/#organization\"},\"potentialAction\":[{\"@type\":\"SearchAction\",\"target\":{\"@type\":\"EntryPoint\",\"urlTemplate\":\"https:\/\/www.mapleleaffoods.com\/fr\/?s={search_term_string}\"},\"query-input\":\"required name=search_term_string\"}],\"inLanguage\":\"fr-FR\"},{\"@type\":\"Organization\",\"@id\":\"https:\/\/www.mapleleaffoods.com\/fr\/#organization\",\"name\":\"Les Aliments Maple Leaf\",\"url\":\"https:\/\/www.mapleleaffoods.com\/fr\/\",\"logo\":{\"@type\":\"ImageObject\",\"inLanguage\":\"fr-FR\",\"@id\":\"https:\/\/www.mapleleaffoods.com\/fr\/#\/schema\/logo\/image\/\",\"url\":\"https:\/\/www.mapleleaffoods.com\/fr\/wp-content\/uploads\/sites\/7\/2026\/02\/L_MapleLeaf_4C_White_v1_EN.png\",\"contentUrl\":\"https:\/\/www.mapleleaffoods.com\/fr\/wp-content\/uploads\/sites\/7\/2026\/02\/L_MapleLeaf_4C_White_v1_EN.png\",\"width\":1829,\"height\":2200,\"caption\":\"Les Aliments Maple Leaf\"},\"image\":{\"@id\":\"https:\/\/www.mapleleaffoods.com\/fr\/#\/schema\/logo\/image\/\"}}]}<\/script>\n<!-- \/ Yoast SEO plugin. -->","yoast_head_json":{"title":"Des nouvelles, photos, vid\u00e9os ou faits | Les Aliments Maple Leaf","description":"Cherchez-vous des nouvelles, photos, vid\u00e9os non mont\u00e9es ou faits sur les Aliments Maple Leaf? Visitez le Centre des m\u00e9dias ou contactez-nous...","robots":{"index":"index","follow":"follow","max-snippet":"max-snippet:-1","max-image-preview":"max-image-preview:large","max-video-preview":"max-video-preview:-1"},"canonical":"https:\/\/www.mapleleaffoods.com\/fr\/medias\/","og_locale":"fr_FR","og_type":"article","og_title":"Des nouvelles, photos, vid\u00e9os ou faits | Les Aliments Maple Leaf","og_description":"Cherchez-vous des nouvelles, photos, vid\u00e9os non mont\u00e9es ou faits sur les Aliments Maple Leaf? Visitez le Centre des m\u00e9dias ou contactez-nous...","og_url":"https:\/\/www.mapleleaffoods.com\/fr\/medias\/","og_site_name":"Les Aliments Maple Leaf","article_modified_time":"2024-07-16T15:49:07+00:00","twitter_card":"summary_large_image","twitter_misc":{"Dur\u00e9e de lecture estim\u00e9e":"1 minute"},"schema":{"@context":"https:\/\/schema.org","@graph":[{"@type":"WebPage","@id":"https:\/\/www.mapleleaffoods.com\/fr\/medias\/","url":"https:\/\/www.mapleleaffoods.com\/fr\/medias\/","name":"Des nouvelles, photos, vid\u00e9os ou faits | Les Aliments Maple Leaf","isPartOf":{"@id":"https:\/\/www.mapleleaffoods.com\/fr\/#website"},"datePublished":"2022-02-02T17:18:12+00:00","dateModified":"2024-07-16T15:49:07+00:00","description":"Cherchez-vous des nouvelles, photos, vid\u00e9os non mont\u00e9es ou faits sur les Aliments Maple Leaf? Visitez le Centre des m\u00e9dias ou contactez-nous...","breadcrumb":{"@id":"https:\/\/www.mapleleaffoods.com\/fr\/medias\/#breadcrumb"},"inLanguage":"fr-FR","potentialAction":[{"@type":"ReadAction","target":["https:\/\/www.mapleleaffoods.com\/fr\/medias\/"]}]},{"@type":"BreadcrumbList","@id":"https:\/\/www.mapleleaffoods.com\/fr\/medias\/#breadcrumb","itemListElement":[{"@type":"ListItem","position":1,"name":"Page d\u2019accueil","item":"https:\/\/www.mapleleaffoods.com\/fr\/"},{"@type":"ListItem","position":2,"name":"M\u00e9dias"}]},{"@type":"WebSite","@id":"https:\/\/www.mapleleaffoods.com\/fr\/#website","url":"https:\/\/www.mapleleaffoods.com\/fr\/","name":"Les Aliments Maple Leaf","description":"Premi\u00e8re grande entreprise alimentaire carboneutre au monde","publisher":{"@id":"https:\/\/www.mapleleaffoods.com\/fr\/#organization"},"potentialAction":[{"@type":"SearchAction","target":{"@type":"EntryPoint","urlTemplate":"https:\/\/www.mapleleaffoods.com\/fr\/?s={search_term_string}"},"query-input":"required name=search_term_string"}],"inLanguage":"fr-FR"},{"@type":"Organization","@id":"https:\/\/www.mapleleaffoods.com\/fr\/#organization","name":"Les Aliments Maple Leaf","url":"https:\/\/www.mapleleaffoods.com\/fr\/","logo":{"@type":"ImageObject","inLanguage":"fr-FR","@id":"https:\/\/www.mapleleaffoods.com\/fr\/#\/schema\/logo\/image\/","url":"https:\/\/www.mapleleaffoods.com\/fr\/wp-content\/uploads\/sites\/7\/2026\/02\/L_MapleLeaf_4C_White_v1_EN.png","contentUrl":"https:\/\/www.mapleleaffoods.com\/fr\/wp-content\/uploads\/sites\/7\/2026\/02\/L_MapleLeaf_4C_White_v1_EN.png","width":1829,"height":2200,"caption":"Les Aliments Maple Leaf"},"image":{"@id":"https:\/\/www.mapleleaffoods.com\/fr\/#\/schema\/logo\/image\/"}}]}},"jetpack_sharing_enabled":true,"_links":{"self":[{"href":"https:\/\/www.mapleleaffoods.com\/fr\/wp-json\/wp\/v2\/pages\/246493"}],"collection":[{"href":"https:\/\/www.mapleleaffoods.com\/fr\/wp-json\/wp\/v2\/pages"}],"about":[{"href":"https:\/\/www.mapleleaffoods.com\/fr\/wp-json\/wp\/v2\/types\/page"}],"author":[{"embeddable":true,"href":"https:\/\/www.mapleleaffoods.com\/fr\/wp-json\/wp\/v2\/users\/16"}],"replies":[{"embeddable":true,"href":"https:\/\/www.mapleleaffoods.com\/fr\/wp-json\/wp\/v2\/comments?post=246493"}],"version-history":[{"count":54,"href":"https:\/\/www.mapleleaffoods.com\/fr\/wp-json\/wp\/v2\/pages\/246493\/revisions"}],"predecessor-version":[{"id":257413,"href":"https:\/\/www.mapleleaffoods.com\/fr\/wp-json\/wp\/v2\/pages\/246493\/revisions\/257413"}],"wp:attachment":[{"href":"https:\/\/www.mapleleaffoods.com\/fr\/wp-json\/wp\/v2\/media?parent=246493"}],"curies":[{"name":"wp","href":"https:\/\/api.w.org\/{rel}","templated":true}]}}