{"id":246492,"date":"2022-02-02T17:17:25","date_gmt":"2022-02-02T17:17:25","guid":{"rendered":"https:\/\/staging.mapleleaffoods.com\/fr\/avis\/"},"modified":"2023-06-06T12:05:35","modified_gmt":"2023-06-06T16:05:35","slug":"avis","status":"publish","type":"page","link":"https:\/\/www.mapleleaffoods.com\/fr\/avis\/","title":{"rendered":"Avis"},"content":{"rendered":"\n<section class=\"wp-block-mlfcorp-level-one-header level-one-header-container\"><h1>Alertes aux <mark class=\"has-inline-color has-corporate-dark-blue-color\">consommateurs<\/mark><br><\/h1><\/section>\n\n\n\n<div class=\"wp-block-tk-grid\"><div class=\"grid\"><div class=\"sm-col-12 lg-col-6 sm-start-0 lg-start-0\">\n<p>Nous nous sommes engag\u00e9s \u00e0 fabriquer des produits aussi salubres que possible pour vous et votre famille. Ici, vous trouverez les plus r\u00e9cents rappels, avis et alertes li\u00e9s \u00e0 la salubrit\u00e9 alimentaire.<\/p>\n<\/div><\/div><\/div>\n\n\n\n<div class=\"wp-block-mlfcorp-consumer-alerts\"><div class=\"grid\"><div class=\"sm-col-12 md-start-3 md-col-5 no-active-alerts wp-block has-ultra-light-green-background-color has-background wp-block-group is-style-border-radius\"><h3 class=\"alert-message\">Il n\u2019y a aucune alerte en cours.<\/h3><\/div><\/div><\/div>\n\n\n\t<style type=\"text\/css\">\n\t\t.wp-block-tk-spacer.id-01b7d140-0f5e-4c50-8711-60a5eae803f5 {\n\t\theight: 64px;\n\t}\n\n\t@media ( max-width: 480px ) {\n\t\t.wp-block-tk-spacer.id-01b7d140-0f5e-4c50-8711-60a5eae803f5 {\n\t\t\theight: 32px;\n\t\t}\n\t}\t<\/style>\n\t<div class=\"wp-block-tk-spacer id-01b7d140-0f5e-4c50-8711-60a5eae803f5\" aria-hidden=\"true\"><\/div>\n\t","protected":false},"excerpt":{"rendered":"","protected":false},"author":1,"featured_media":0,"parent":0,"menu_order":0,"comment_status":"closed","ping_status":"closed","template":"","meta":{"mlfcorp_iframe_url":"","footnotes":""},"class_list":["post-246492","page","type-page","status-publish","hentry"],"acf":[],"yoast_head":"<!-- This site is optimized with the Yoast SEO plugin v21.7 - https:\/\/yoast.com\/wordpress\/plugins\/seo\/ -->\n<title>Rappels, avis et alertes aux consommateurs | Les Aliments Maple Leaf<\/title>\n<meta name=\"description\" content=\"Chez les Aliments Maple Leaf, nous sommes engag\u00e9s \u00e0 vous produire des aliments salubres. Voici les tous derniers rappels, avis et alertes li\u00e9s \u00e0 la salubrit\u00e9.\" \/>\n<meta name=\"robots\" content=\"index, follow, max-snippet:-1, max-image-preview:large, max-video-preview:-1\" \/>\n<link rel=\"canonical\" href=\"https:\/\/www.mapleleaffoods.com\/fr\/avis\/\" \/>\n<meta property=\"og:locale\" content=\"fr_FR\" \/>\n<meta property=\"og:type\" content=\"article\" \/>\n<meta property=\"og:title\" content=\"Rappels, avis et alertes aux consommateurs | Les Aliments Maple Leaf\" \/>\n<meta property=\"og:description\" content=\"Chez les Aliments Maple Leaf, nous sommes engag\u00e9s \u00e0 vous produire des aliments salubres. Voici les tous derniers rappels, avis et alertes li\u00e9s \u00e0 la salubrit\u00e9.\" \/>\n<meta property=\"og:url\" content=\"https:\/\/www.mapleleaffoods.com\/fr\/avis\/\" \/>\n<meta property=\"og:site_name\" content=\"Les Aliments Maple Leaf\" \/>\n<meta property=\"article:modified_time\" content=\"2023-06-06T16:05:35+00:00\" \/>\n<meta name=\"twitter:card\" content=\"summary_large_image\" \/>\n<meta name=\"twitter:label1\" content=\"Dur\u00e9e de lecture estim\u00e9e\" \/>\n\t<meta name=\"twitter:data1\" content=\"1 minute\" \/>\n<script type=\"application\/ld+json\" class=\"yoast-schema-graph\">{\"@context\":\"https:\/\/schema.org\",\"@graph\":[{\"@type\":\"WebPage\",\"@id\":\"https:\/\/www.mapleleaffoods.com\/fr\/avis\/\",\"url\":\"https:\/\/www.mapleleaffoods.com\/fr\/avis\/\",\"name\":\"Rappels, avis et alertes aux consommateurs | Les Aliments Maple Leaf\",\"isPartOf\":{\"@id\":\"https:\/\/www.mapleleaffoods.com\/fr\/#website\"},\"datePublished\":\"2022-02-02T17:17:25+00:00\",\"dateModified\":\"2023-06-06T16:05:35+00:00\",\"description\":\"Chez les Aliments Maple Leaf, nous sommes engag\u00e9s \u00e0 vous produire des aliments salubres. Voici les tous derniers rappels, avis et alertes li\u00e9s \u00e0 la salubrit\u00e9.\",\"breadcrumb\":{\"@id\":\"https:\/\/www.mapleleaffoods.com\/fr\/avis\/#breadcrumb\"},\"inLanguage\":\"fr-FR\",\"potentialAction\":[{\"@type\":\"ReadAction\",\"target\":[\"https:\/\/www.mapleleaffoods.com\/fr\/avis\/\"]}]},{\"@type\":\"BreadcrumbList\",\"@id\":\"https:\/\/www.mapleleaffoods.com\/fr\/avis\/#breadcrumb\",\"itemListElement\":[{\"@type\":\"ListItem\",\"position\":1,\"name\":\"Page d\u2019accueil\",\"item\":\"https:\/\/www.mapleleaffoods.com\/fr\/\"},{\"@type\":\"ListItem\",\"position\":2,\"name\":\"Avis\"}]},{\"@type\":\"WebSite\",\"@id\":\"https:\/\/www.mapleleaffoods.com\/fr\/#website\",\"url\":\"https:\/\/www.mapleleaffoods.com\/fr\/\",\"name\":\"Les Aliments Maple Leaf\",\"description\":\"Premi\u00e8re grande entreprise alimentaire carboneutre au monde\",\"publisher\":{\"@id\":\"https:\/\/www.mapleleaffoods.com\/fr\/#organization\"},\"potentialAction\":[{\"@type\":\"SearchAction\",\"target\":{\"@type\":\"EntryPoint\",\"urlTemplate\":\"https:\/\/www.mapleleaffoods.com\/fr\/?s={search_term_string}\"},\"query-input\":\"required name=search_term_string\"}],\"inLanguage\":\"fr-FR\"},{\"@type\":\"Organization\",\"@id\":\"https:\/\/www.mapleleaffoods.com\/fr\/#organization\",\"name\":\"Les Aliments Maple Leaf\",\"url\":\"https:\/\/www.mapleleaffoods.com\/fr\/\",\"logo\":{\"@type\":\"ImageObject\",\"inLanguage\":\"fr-FR\",\"@id\":\"https:\/\/www.mapleleaffoods.com\/fr\/#\/schema\/logo\/image\/\",\"url\":\"https:\/\/www.mapleleaffoods.com\/fr\/wp-content\/uploads\/sites\/7\/2026\/02\/L_MapleLeaf_4C_White_v1_EN.png\",\"contentUrl\":\"https:\/\/www.mapleleaffoods.com\/fr\/wp-content\/uploads\/sites\/7\/2026\/02\/L_MapleLeaf_4C_White_v1_EN.png\",\"width\":1829,\"height\":2200,\"caption\":\"Les Aliments Maple Leaf\"},\"image\":{\"@id\":\"https:\/\/www.mapleleaffoods.com\/fr\/#\/schema\/logo\/image\/\"}}]}<\/script>\n<!-- \/ Yoast SEO plugin. -->","yoast_head_json":{"title":"Rappels, avis et alertes aux consommateurs | Les Aliments Maple Leaf","description":"Chez les Aliments Maple Leaf, nous sommes engag\u00e9s \u00e0 vous produire des aliments salubres. Voici les tous derniers rappels, avis et alertes li\u00e9s \u00e0 la salubrit\u00e9.","robots":{"index":"index","follow":"follow","max-snippet":"max-snippet:-1","max-image-preview":"max-image-preview:large","max-video-preview":"max-video-preview:-1"},"canonical":"https:\/\/www.mapleleaffoods.com\/fr\/avis\/","og_locale":"fr_FR","og_type":"article","og_title":"Rappels, avis et alertes aux consommateurs | Les Aliments Maple Leaf","og_description":"Chez les Aliments Maple Leaf, nous sommes engag\u00e9s \u00e0 vous produire des aliments salubres. Voici les tous derniers rappels, avis et alertes li\u00e9s \u00e0 la salubrit\u00e9.","og_url":"https:\/\/www.mapleleaffoods.com\/fr\/avis\/","og_site_name":"Les Aliments Maple Leaf","article_modified_time":"2023-06-06T16:05:35+00:00","twitter_card":"summary_large_image","twitter_misc":{"Dur\u00e9e de lecture estim\u00e9e":"1 minute"},"schema":{"@context":"https:\/\/schema.org","@graph":[{"@type":"WebPage","@id":"https:\/\/www.mapleleaffoods.com\/fr\/avis\/","url":"https:\/\/www.mapleleaffoods.com\/fr\/avis\/","name":"Rappels, avis et alertes aux consommateurs | Les Aliments Maple Leaf","isPartOf":{"@id":"https:\/\/www.mapleleaffoods.com\/fr\/#website"},"datePublished":"2022-02-02T17:17:25+00:00","dateModified":"2023-06-06T16:05:35+00:00","description":"Chez les Aliments Maple Leaf, nous sommes engag\u00e9s \u00e0 vous produire des aliments salubres. Voici les tous derniers rappels, avis et alertes li\u00e9s \u00e0 la salubrit\u00e9.","breadcrumb":{"@id":"https:\/\/www.mapleleaffoods.com\/fr\/avis\/#breadcrumb"},"inLanguage":"fr-FR","potentialAction":[{"@type":"ReadAction","target":["https:\/\/www.mapleleaffoods.com\/fr\/avis\/"]}]},{"@type":"BreadcrumbList","@id":"https:\/\/www.mapleleaffoods.com\/fr\/avis\/#breadcrumb","itemListElement":[{"@type":"ListItem","position":1,"name":"Page d\u2019accueil","item":"https:\/\/www.mapleleaffoods.com\/fr\/"},{"@type":"ListItem","position":2,"name":"Avis"}]},{"@type":"WebSite","@id":"https:\/\/www.mapleleaffoods.com\/fr\/#website","url":"https:\/\/www.mapleleaffoods.com\/fr\/","name":"Les Aliments Maple Leaf","description":"Premi\u00e8re grande entreprise alimentaire carboneutre au monde","publisher":{"@id":"https:\/\/www.mapleleaffoods.com\/fr\/#organization"},"potentialAction":[{"@type":"SearchAction","target":{"@type":"EntryPoint","urlTemplate":"https:\/\/www.mapleleaffoods.com\/fr\/?s={search_term_string}"},"query-input":"required name=search_term_string"}],"inLanguage":"fr-FR"},{"@type":"Organization","@id":"https:\/\/www.mapleleaffoods.com\/fr\/#organization","name":"Les Aliments Maple Leaf","url":"https:\/\/www.mapleleaffoods.com\/fr\/","logo":{"@type":"ImageObject","inLanguage":"fr-FR","@id":"https:\/\/www.mapleleaffoods.com\/fr\/#\/schema\/logo\/image\/","url":"https:\/\/www.mapleleaffoods.com\/fr\/wp-content\/uploads\/sites\/7\/2026\/02\/L_MapleLeaf_4C_White_v1_EN.png","contentUrl":"https:\/\/www.mapleleaffoods.com\/fr\/wp-content\/uploads\/sites\/7\/2026\/02\/L_MapleLeaf_4C_White_v1_EN.png","width":1829,"height":2200,"caption":"Les Aliments Maple Leaf"},"image":{"@id":"https:\/\/www.mapleleaffoods.com\/fr\/#\/schema\/logo\/image\/"}}]}},"jetpack_sharing_enabled":true,"_links":{"self":[{"href":"https:\/\/www.mapleleaffoods.com\/fr\/wp-json\/wp\/v2\/pages\/246492"}],"collection":[{"href":"https:\/\/www.mapleleaffoods.com\/fr\/wp-json\/wp\/v2\/pages"}],"about":[{"href":"https:\/\/www.mapleleaffoods.com\/fr\/wp-json\/wp\/v2\/types\/page"}],"author":[{"embeddable":true,"href":"https:\/\/www.mapleleaffoods.com\/fr\/wp-json\/wp\/v2\/users\/1"}],"replies":[{"embeddable":true,"href":"https:\/\/www.mapleleaffoods.com\/fr\/wp-json\/wp\/v2\/comments?post=246492"}],"version-history":[{"count":13,"href":"https:\/\/www.mapleleaffoods.com\/fr\/wp-json\/wp\/v2\/pages\/246492\/revisions"}],"predecessor-version":[{"id":254994,"href":"https:\/\/www.mapleleaffoods.com\/fr\/wp-json\/wp\/v2\/pages\/246492\/revisions\/254994"}],"wp:attachment":[{"href":"https:\/\/www.mapleleaffoods.com\/fr\/wp-json\/wp\/v2\/media?parent=246492"}],"curies":[{"name":"wp","href":"https:\/\/api.w.org\/{rel}","templated":true}]}}