{"id":246487,"date":"2022-02-02T17:07:36","date_gmt":"2022-02-02T17:07:36","guid":{"rendered":"https:\/\/staging.mapleleaffoods.com\/fr\/carrieres\/recherche-d-emploi\/"},"modified":"2026-04-20T13:22:18","modified_gmt":"2026-04-20T17:22:18","slug":"recherche-d-emploi","status":"publish","type":"page","link":"https:\/\/www.mapleleaffoods.com\/fr\/carrieres\/recherche-d-emploi\/","title":{"rendered":"Recherche d&#8217;emploi"},"content":{"rendered":"\n<div class=\"wp-block-group has-border-color has-flag-blue-border-color has-light-blue-background-color has-background is-layout-constrained wp-block-group-is-layout-constrained\" style=\"margin-bottom:3.75rem\">\n<p><strong>Avertissement concernant des offres d'emploi frauduleuses<\/strong> :<\/p>\n\n\n\n<p class=\"promo-box-button is-style-white has-date-font-size\">Nous avons r\u00e9cemment \u00e9t\u00e9 inform\u00e9s que certaines personnes se font passer pour des recruteurs et publient de fausses offres d'emploi en ligne.<\/p>\n\n\n\n<p class=\"has-date-font-size\">Toutes les communications officielles des Aliments Maple Leaf Inc. relatives au recrutement sont effectu\u00e9es exclusivement par les canaux officiels de l'entreprise et \u00e0 partir d'adresses courriel se terminant par @mapleleaf.com. \u00c0 aucune \u00e9tape du processus de recrutement, nous ne vous demanderons de paiement, de renseignements bancaires ou de renseignements financiers personnels.<\/p>\n\n\n\n<p class=\"promo-box-button is-style-white has-date-font-size\">Si vous trouvez une offre d'emploi suspecte ou si vous recevez une communication pr\u00e9tendant provenir des Aliments Maple Leaf Inc., veuillez nous le signaler directement \u00e0 l\u2019adresse <a href=\"mailto:HRServices@mapleleaf.com\">candidatecare@mapleleaf.com<\/a><\/p>\n<\/div>\n\n\n\n<p class=\"has-large-font-size\"><mark class=\"has-inline-color has-flag-blue-color\">Trouvez l\u2019emploi r\u00eav\u00e9<\/mark><\/p>\n\n\n\n<h1 class=\"wp-block-heading\" id=\"job-in-the-food-industry\">Un emploi <mark class=\"has-inline-color has-corporate-dark-blue-color\">dans<\/mark> <mark class=\"has-inline-color has-corporate-dark-blue-color\">l\u2019industrie alimentaire<\/mark><\/h1>\n\n\n\t<style type=\"text\/css\">\n\t\t.wp-block-tk-spacer.id-fc0fa4b8-1592-4fe7-aed3-18605088e047 {\n\t\theight: 200px;\n\t}\n\n\t@media ( max-width: 480px ) {\n\t\t.wp-block-tk-spacer.id-fc0fa4b8-1592-4fe7-aed3-18605088e047 {\n\t\t\theight: 100px;\n\t\t}\n\t}\t<\/style>\n\t<div class=\"wp-block-tk-spacer id-fc0fa4b8-1592-4fe7-aed3-18605088e047\" aria-hidden=\"true\"><\/div>\n\t\n\n\n<div class=\"wp-block-mlfcorp-card-component-block card-component-container hide-image card-layout-horizontal card-position-center image-orientation-right\" style=\"padding-top:0\"><div class=\"grid top\"><div class=\"sm-col-12 lg-col-12 lg-start-1 details-wrapper\"><div class=\"card-component-details top image-orientation-right\"><div><h2 class=\"title-heading\">Cherchez parmi les emplois chez les Aliments Maple Leaf<\/h2><p class=\"card-component-text\">Nous cherchons des personnes passionn\u00e9es qui travaillent avec ardeur et aiment les d\u00e9fis. Joignez les rangs de notre \u00e9quipe et participez \u00e0 de grands projets!<br><br><strong>Alerte concernant un site web frauduleux<\/strong> : Nous avons \u00e9t\u00e9 inform\u00e9s de l'existence d'un site Web frauduleux qui utilise le nom, le logo et le contenu de Maple Leaf pour se faire passer pour les Aliments Maple Leaf (\u00ab AML \u00bb) afin d'inciter les visiteurs \u00e0 fournir des renseignements personnels ou financiers de nature d\u00e9licate. Les internautes sont invit\u00e9s \u00e0 ne consulter que les sites Web officiels des AML, notamment www.mapleleaffoods.com et <a href=\"https:\/\/www.mapleleaf.ca\/fr\/\" target=\"_blank\" rel=\"noreferrer noopener\">www.mapleleaf.ca<\/a>, ainsi que les pages li\u00e9es \u00e0 ces sites. Le site officiel des AML contient de nombreuses ressources<strong> <\/strong>qui vous orienteront vers le produit, le service ou l'assistance dont vous avez besoin.<\/p><\/div><\/div><\/div><\/div><\/div>\n\n\n\n\t\t<div\n\t\t\tclass=\"wp-block-mlfcorp-jobs-listing is-frontend align\"\n\t\t\tdata-attributes=\"{&quot;jobSingleUrl&quot;:&quot;https:\\\/\\\/www.mapleleaffoods.com\\\/fr\\\/carrieres\\\/recherche-d-emploi\\\/details-de-emploi&quot;}\"\n\t\t\tdata-jobs=\"[{&quot;id&quot;:16800485,&quot;title&quot;:&quot;Analyste Financier Senior (contrat)&quot;,&quot;location&quot;:{&quot;city&quot;:&quot;Laval - Rue Ernest-Cormier&quot;,&quot;state&quot;:&quot;QC&quot;,&quot;postal_code&quot;:null},&quot;country_code&quot;:&quot;CA&quot;,&quot;date_posted&quot;:&quot;2026-04-24T18:41:22+00:00&quot;,&quot;department_id&quot;:374190,&quot;departments&quot;:[{&quot;id&quot;:404108,&quot;label&quot;:&quot;Agriculture Operations&quot;},{&quot;id&quot;:1080563,&quot;label&quot;:&quot;Communications&quot;},{&quot;id&quot;:1188046,&quot;label&quot;:&quot;Corporate Affairs&quot;},{&quot;id&quot;:374184,&quot;label&quot;:&quot;Corporate Secretary&quot;},{&quot;id&quot;:374187,&quot;label&quot;:&quot;Engineering&quot;},{&quot;id&quot;:465361,&quot;label&quot;:&quot;Executive Administration&quot;},{&quot;id&quot;:445686,&quot;label&quot;:&quot;Facilities&quot;},{&quot;id&quot;:374190,&quot;label&quot;:&quot;Finance&quot;},{&quot;id&quot;:375414,&quot;label&quot;:&quot;FSQA&quot;},{&quot;id&quot;:1080564,&quot;label&quot;:&quot;Government &amp; Industry Relations&quot;},{&quot;id&quot;:374196,&quot;label&quot;:&quot;Health &amp; Safety&quot;},{&quot;id&quot;:1125736,&quot;label&quot;:&quot;Research and Development&quot;},{&quot;id&quot;:374199,&quot;label&quot;:&quot;Human Resources&quot;},{&quot;id&quot;:374202,&quot;label&quot;:&quot;Information Technology&quot;},{&quot;id&quot;:466880,&quot;label&quot;:&quot;Maintenance&quot;},{&quot;id&quot;:374205,&quot;label&quot;:&quot;Manufacturing&quot;},{&quot;id&quot;:389789,&quot;label&quot;:&quot;Manufacturing (hourly)&quot;},{&quot;id&quot;:374208,&quot;label&quot;:&quot;Marketing&quot;},{&quot;id&quot;:374214,&quot;label&quot;:&quot;Purchasing&quot;},{&quot;id&quot;:374220,&quot;label&quot;:&quot;Regulatory Affairs&quot;},{&quot;id&quot;:1001165,&quot;label&quot;:&quot;Revenue Management&quot;},{&quot;id&quot;:374223,&quot;label&quot;:&quot;Sales&quot;},{&quot;id&quot;:374226,&quot;label&quot;:&quot;Six Sigma&quot;},{&quot;id&quot;:1026387,&quot;label&quot;:&quot;Skilled Trades&quot;},{&quot;id&quot;:374229,&quot;label&quot;:&quot;Strategy&quot;},{&quot;id&quot;:374232,&quot;label&quot;:&quot;Supply Chain&quot;},{&quot;id&quot;:375417,&quot;label&quot;:&quot;Sustainability&quot;}]},{&quot;id&quot;:16797848,&quot;title&quot;:&quot;Ceinture Noire Six Sigma&quot;,&quot;location&quot;:{&quot;city&quot;:&quot;Montreal&quot;,&quot;state&quot;:&quot;QC&quot;,&quot;postal_code&quot;:null},&quot;country_code&quot;:&quot;CA&quot;,&quot;date_posted&quot;:&quot;2026-04-17T15:40:32+00:00&quot;,&quot;department_id&quot;:374226},{&quot;id&quot;:16766297,&quot;title&quot;:&quot;Sp\\u00e9cialiste R&amp;D&quot;,&quot;location&quot;:{&quot;city&quot;:&quot;Laval - Rue Ernest-Cormier&quot;,&quot;state&quot;:&quot;QC&quot;,&quot;postal_code&quot;:null},&quot;country_code&quot;:&quot;CA&quot;,&quot;date_posted&quot;:&quot;2026-04-10T21:16:44+00:00&quot;,&quot;department_id&quot;:374208},{&quot;id&quot;:16794988,&quot;title&quot;:&quot;Sp\\u00e9cialiste en sp\\u00e9cifications, d\\u00e9veloppement de produits (contrat)&quot;,&quot;location&quot;:{&quot;city&quot;:&quot;Laval - Rue Ernest-Cormier&quot;,&quot;state&quot;:&quot;QC&quot;,&quot;postal_code&quot;:null},&quot;country_code&quot;:&quot;CA&quot;,&quot;date_posted&quot;:&quot;2026-04-08T19:09:30+00:00&quot;,&quot;department_id&quot;:374208},{&quot;id&quot;:16787774,&quot;title&quot;:&quot;Acheteur maintenance&quot;,&quot;location&quot;:{&quot;city&quot;:&quot;Laval - Rue Ernest-Cormier&quot;,&quot;state&quot;:&quot;QC&quot;,&quot;postal_code&quot;:null},&quot;country_code&quot;:&quot;CA&quot;,&quot;date_posted&quot;:&quot;2026-03-25T14:46:28+00:00&quot;,&quot;department_id&quot;:374232},{&quot;id&quot;:16771090,&quot;title&quot;:&quot;Electrom\\u00e9canicien \\u2013 (Licence C) (poste de jour)&quot;,&quot;location&quot;:{&quot;city&quot;:&quot;Laval - Ave Francis-Hughes&quot;,&quot;state&quot;:&quot;QC&quot;,&quot;postal_code&quot;:&quot;H7S 2H7&quot;},&quot;country_code&quot;:&quot;CA&quot;,&quot;date_posted&quot;:&quot;2026-02-03T19:17:41+00:00&quot;,&quot;department_id&quot;:null},{&quot;id&quot;:16757604,&quot;title&quot;:&quot;Electromecanicien - JOUR&quot;,&quot;location&quot;:{&quot;city&quot;:&quot;Laval - Ave Francis-Hughes&quot;,&quot;state&quot;:&quot;QC&quot;,&quot;postal_code&quot;:&quot;H7S 2H7&quot;},&quot;country_code&quot;:&quot;CA&quot;,&quot;date_posted&quot;:&quot;2026-02-03T19:07:52+00:00&quot;,&quot;department_id&quot;:null}]\">\n\t\t<\/div>\n\t\t\n\n\t<style type=\"text\/css\">\n\t\t.wp-block-tk-spacer.id-bbdcb27a-79c6-4535-9889-5b679f24890f {\n\t\theight: 200px;\n\t}\n\n\t@media ( max-width: 480px ) {\n\t\t.wp-block-tk-spacer.id-bbdcb27a-79c6-4535-9889-5b679f24890f {\n\t\t\theight: 100px;\n\t\t}\n\t}\t<\/style>\n\t<div class=\"wp-block-tk-spacer id-bbdcb27a-79c6-4535-9889-5b679f24890f\" aria-hidden=\"true\"><\/div>\n\t\n\n\t<style type=\"text\/css\">\n\t\t.wp-block-tk-spacer.id-e910873e-3018-4512-aa10-4d86c7ab509e {\n\t\theight: 200px;\n\t}\n\n\t@media ( max-width: 480px ) {\n\t\t.wp-block-tk-spacer.id-e910873e-3018-4512-aa10-4d86c7ab509e {\n\t\t\theight: 100px;\n\t\t}\n\t}\t<\/style>\n\t<div class=\"wp-block-tk-spacer id-e910873e-3018-4512-aa10-4d86c7ab509e\" aria-hidden=\"true\"><\/div>\n\t\n\n\n<div class=\"wp-block-mlfcorp-promo-box-block promo-box-block has-border-radius main-blue\"><div class=\"promo-box-container img-center img-full\"><div class=\"grid align-middle\"><div class=\"sm-col-12 lg-col-6 promo-box-image-container img-center img-full\"><img decoding=\"async\" src=\"https:\/\/www.mapleleaffoods.com\/fr\/wp-content\/uploads\/sites\/7\/2022\/11\/promo-box2-2-981x1024-1.png\" alt=\"carte des emplacements Feuille d'\u00e9rable\" \/><\/div><div class=\"sm-col-12 lg-col-6 promo-box-details-container\">\n<h4 class=\"wp-block-heading promo-box-title-heading\">O\u00f9 nous travaillons<\/h4>\n\n\n\n<p class=\"promo-box-text\">Les 13 500 membres de notre \u00e9quipe travaillent dans plus de 29\u00a0emplacements \u00e0 travers le Canada et les \u00c9.-U. D\u00e9couvrez o\u00f9 nos usines et nos bureaux sont situ\u00e9s.<\/p>\n\n\n\n<div class=\"wp-block-button promo-box-button is-style-white\"><a class=\"wp-block-button__link wp-element-button\" href=\"https:\/\/www.mapleleaffoods.com\/fr\/a-propos-de\/a-propos-de-emplacements\/\" aria-label=\"Add aria label here\">Voyez nos emplacements<\/a><span class=\"file-size-button\"><\/span><\/div>\n<\/div><\/div><\/div><\/div>\n\n\n\t<style type=\"text\/css\">\n\t\t.wp-block-tk-spacer.id-dd00fcd0-2465-4688-a9be-b3ae083bf633 {\n\t\theight: 200px;\n\t}\n\n\t@media ( max-width: 480px ) {\n\t\t.wp-block-tk-spacer.id-dd00fcd0-2465-4688-a9be-b3ae083bf633 {\n\t\t\theight: 100px;\n\t\t}\n\t}\t<\/style>\n\t<div class=\"wp-block-tk-spacer id-dd00fcd0-2465-4688-a9be-b3ae083bf633\" aria-hidden=\"true\"><\/div>\n\t\n\n\n\t\t<div class=\"pre-footer-block alignfull\">\n\t\t\t<div class=\"grid-container\">\n\t\t\t\t<div class=\"grid\">\n\t\t\t\t\t\t\t\t\t\t\t\t\t\t\t\t\t\t<div class=\"sm-col-12\tlg-col-11 lg-start-2\">\n\t\t\t\t\t\t\t\t\n<p class=\"pre-footer-surtitle\">Plus dans<\/p>\n\n<h2 class=\"pre-footer-title\">Carri\u00e8res<\/h2>\n\t\t\t\t\t\t\t<\/div>\n\t\t\t\t\t\t\t\t\t\t\t\t\t\t\t\t\t<ul class=\"is-style-pre-footer sm-col-12 lg-col-4 lg-start-2\">\n\t\t\t\t\t\t\t\t\t\t\t\t\t\t\t\t\t\t\t<li><a href=\"https:\/\/www.mapleleaffoods.com\/fr\/carrieres\/recherche-d-emploi\/\">Trouver un emploi<\/a><\/li>\n\t\t\t\t\t\t\t\t\t\t\t\t\t\t\t\t\t\t\t\t\t\t\t<li><a href=\"https:\/\/www.mapleleaffoods.com\/fr\/alertes-emplois\/\">Alertes emplois<\/a><\/li>\n\t\t\t\t\t\t\t\t\t\t\t\t\t\t\t\t\t\t\t\t\t\t\t<li><a href=\"https:\/\/www.mapleleaffoods.com\/fr\/carrieres\/cheminements-carriere\/\">Cheminements de carri\u00e8re<\/a><\/li>\n\t\t\t\t\t\t\t\t\t\t\t\t\t\t\t\t\t<\/ul>\n\t\t\t\t\t\t<ul class=\"is-style-pre-footer sm-col-12 lg-col-4\">\n\t\t\t\t\t\t\t\t\t\t\t\t\t\t\t\t\t\t<li><a href=\"https:\/\/www.mapleleaffoods.com\/fr\/carrieres\/culture-entreprise\/\">Notre culture<\/a><\/li>\n\t\t\t\t\t\t\t\t\t\t\t\t\t\t\t\t\t\t\t\t\t<li><a href=\"https:\/\/www.mapleleaffoods.com\/fr\/carrieres\/perfectionnement-professionnel\/\">Perfectionnement professionnel<\/a><\/li>\n\t\t\t\t\t\t\t\t\t\t\t\t\t\t\t\t<\/ul>\n\t\t\t\t\t\t\t\t\t<\/div>\n\t\t\t<\/div>\n\t\t<\/div>\n\t\t","protected":false},"excerpt":{"rendered":"<p>Avertissement concernant des offres d&#8217;emploi frauduleuses : Nous avons r\u00e9cemment \u00e9t\u00e9 inform\u00e9s que certaines personnes se font passer pour des [&hellip;]<\/p>\n","protected":false},"author":1,"featured_media":249191,"parent":246485,"menu_order":1,"comment_status":"closed","ping_status":"closed","template":"","meta":{"mlfcorp_iframe_url":"","footnotes":""},"class_list":["post-246487","page","type-page","status-publish","has-post-thumbnail","hentry"],"acf":[],"yoast_head":"<!-- This site is optimized with the Yoast SEO plugin v21.7 - https:\/\/yoast.com\/wordpress\/plugins\/seo\/ -->\n<title>Recherche d&#039;emploi | Les Aliments Maple Leaf<\/title>\n<meta name=\"description\" content=\"Vous \u00eates \u00e0 la recherche d&#039;un emploi dans l&#039;agroalimentaire ? Nous recherchons des personnes passionn\u00e9es, travailleuses et qui aiment les d\u00e9fis. ...\" \/>\n<meta name=\"robots\" content=\"index, follow, max-snippet:-1, max-image-preview:large, max-video-preview:-1\" \/>\n<link rel=\"canonical\" href=\"https:\/\/www.mapleleaffoods.com\/fr\/carrieres\/recherche-d-emploi\/\" \/>\n<meta property=\"og:locale\" content=\"fr_FR\" \/>\n<meta property=\"og:type\" content=\"article\" \/>\n<meta property=\"og:title\" content=\"Recherche d&#039;emploi | Les Aliments Maple Leaf\" \/>\n<meta property=\"og:description\" content=\"Vous \u00eates \u00e0 la recherche d&#039;un emploi dans l&#039;agroalimentaire ? Nous recherchons des personnes passionn\u00e9es, travailleuses et qui aiment les d\u00e9fis. ...\" \/>\n<meta property=\"og:url\" content=\"https:\/\/www.mapleleaffoods.com\/fr\/carrieres\/recherche-d-emploi\/\" \/>\n<meta property=\"og:site_name\" content=\"Les Aliments Maple Leaf\" \/>\n<meta property=\"article:modified_time\" content=\"2026-04-20T17:22:18+00:00\" \/>\n<meta property=\"og:image\" content=\"https:\/\/www.mapleleaffoods.com\/fr\/wp-content\/uploads\/sites\/7\/2022\/03\/who-we-are.png\" \/>\n\t<meta property=\"og:image:width\" content=\"630\" \/>\n\t<meta property=\"og:image:height\" content=\"442\" \/>\n\t<meta property=\"og:image:type\" content=\"image\/png\" \/>\n<meta name=\"twitter:card\" content=\"summary_large_image\" \/>\n<meta name=\"twitter:label1\" content=\"Dur\u00e9e de lecture estim\u00e9e\" \/>\n\t<meta name=\"twitter:data1\" content=\"1 minute\" \/>\n<script type=\"application\/ld+json\" class=\"yoast-schema-graph\">{\"@context\":\"https:\/\/schema.org\",\"@graph\":[{\"@type\":\"WebPage\",\"@id\":\"https:\/\/www.mapleleaffoods.com\/fr\/carrieres\/recherche-d-emploi\/\",\"url\":\"https:\/\/www.mapleleaffoods.com\/fr\/carrieres\/recherche-d-emploi\/\",\"name\":\"Recherche d'emploi | Les Aliments Maple Leaf\",\"isPartOf\":{\"@id\":\"https:\/\/www.mapleleaffoods.com\/fr\/#website\"},\"datePublished\":\"2022-02-02T17:07:36+00:00\",\"dateModified\":\"2026-04-20T17:22:18+00:00\",\"description\":\"Vous \u00eates \u00e0 la recherche d'un emploi dans l'agroalimentaire ? Nous recherchons des personnes passionn\u00e9es, travailleuses et qui aiment les d\u00e9fis. ...\",\"breadcrumb\":{\"@id\":\"https:\/\/www.mapleleaffoods.com\/fr\/carrieres\/recherche-d-emploi\/#breadcrumb\"},\"inLanguage\":\"fr-FR\",\"potentialAction\":[{\"@type\":\"ReadAction\",\"target\":[\"https:\/\/www.mapleleaffoods.com\/fr\/carrieres\/recherche-d-emploi\/\"]}]},{\"@type\":\"BreadcrumbList\",\"@id\":\"https:\/\/www.mapleleaffoods.com\/fr\/carrieres\/recherche-d-emploi\/#breadcrumb\",\"itemListElement\":[{\"@type\":\"ListItem\",\"position\":1,\"name\":\"Page d\u2019accueil\",\"item\":\"https:\/\/www.mapleleaffoods.com\/fr\/\"},{\"@type\":\"ListItem\",\"position\":2,\"name\":\"Carri\u00e8res\",\"item\":\"https:\/\/www.mapleleaffoods.com\/fr\/carrieres\/\"},{\"@type\":\"ListItem\",\"position\":3,\"name\":\"Recherche d&#8217;emploi\"}]},{\"@type\":\"WebSite\",\"@id\":\"https:\/\/www.mapleleaffoods.com\/fr\/#website\",\"url\":\"https:\/\/www.mapleleaffoods.com\/fr\/\",\"name\":\"Les Aliments Maple Leaf\",\"description\":\"Premi\u00e8re grande entreprise alimentaire carboneutre au monde\",\"publisher\":{\"@id\":\"https:\/\/www.mapleleaffoods.com\/fr\/#organization\"},\"potentialAction\":[{\"@type\":\"SearchAction\",\"target\":{\"@type\":\"EntryPoint\",\"urlTemplate\":\"https:\/\/www.mapleleaffoods.com\/fr\/?s={search_term_string}\"},\"query-input\":\"required name=search_term_string\"}],\"inLanguage\":\"fr-FR\"},{\"@type\":\"Organization\",\"@id\":\"https:\/\/www.mapleleaffoods.com\/fr\/#organization\",\"name\":\"Les Aliments Maple Leaf\",\"url\":\"https:\/\/www.mapleleaffoods.com\/fr\/\",\"logo\":{\"@type\":\"ImageObject\",\"inLanguage\":\"fr-FR\",\"@id\":\"https:\/\/www.mapleleaffoods.com\/fr\/#\/schema\/logo\/image\/\",\"url\":\"https:\/\/www.mapleleaffoods.com\/fr\/wp-content\/uploads\/sites\/7\/2026\/02\/L_MapleLeaf_4C_White_v1_EN.png\",\"contentUrl\":\"https:\/\/www.mapleleaffoods.com\/fr\/wp-content\/uploads\/sites\/7\/2026\/02\/L_MapleLeaf_4C_White_v1_EN.png\",\"width\":1829,\"height\":2200,\"caption\":\"Les Aliments Maple Leaf\"},\"image\":{\"@id\":\"https:\/\/www.mapleleaffoods.com\/fr\/#\/schema\/logo\/image\/\"}}]}<\/script>\n<!-- \/ Yoast SEO plugin. -->","yoast_head_json":{"title":"Recherche d'emploi | Les Aliments Maple Leaf","description":"Vous \u00eates \u00e0 la recherche d'un emploi dans l'agroalimentaire ? Nous recherchons des personnes passionn\u00e9es, travailleuses et qui aiment les d\u00e9fis. ...","robots":{"index":"index","follow":"follow","max-snippet":"max-snippet:-1","max-image-preview":"max-image-preview:large","max-video-preview":"max-video-preview:-1"},"canonical":"https:\/\/www.mapleleaffoods.com\/fr\/carrieres\/recherche-d-emploi\/","og_locale":"fr_FR","og_type":"article","og_title":"Recherche d'emploi | Les Aliments Maple Leaf","og_description":"Vous \u00eates \u00e0 la recherche d'un emploi dans l'agroalimentaire ? Nous recherchons des personnes passionn\u00e9es, travailleuses et qui aiment les d\u00e9fis. ...","og_url":"https:\/\/www.mapleleaffoods.com\/fr\/carrieres\/recherche-d-emploi\/","og_site_name":"Les Aliments Maple Leaf","article_modified_time":"2026-04-20T17:22:18+00:00","og_image":[{"width":630,"height":442,"url":"https:\/\/www.mapleleaffoods.com\/fr\/wp-content\/uploads\/sites\/7\/2022\/03\/who-we-are.png","type":"image\/png"}],"twitter_card":"summary_large_image","twitter_misc":{"Dur\u00e9e de lecture estim\u00e9e":"1 minute"},"schema":{"@context":"https:\/\/schema.org","@graph":[{"@type":"WebPage","@id":"https:\/\/www.mapleleaffoods.com\/fr\/carrieres\/recherche-d-emploi\/","url":"https:\/\/www.mapleleaffoods.com\/fr\/carrieres\/recherche-d-emploi\/","name":"Recherche d'emploi | Les Aliments Maple Leaf","isPartOf":{"@id":"https:\/\/www.mapleleaffoods.com\/fr\/#website"},"datePublished":"2022-02-02T17:07:36+00:00","dateModified":"2026-04-20T17:22:18+00:00","description":"Vous \u00eates \u00e0 la recherche d'un emploi dans l'agroalimentaire ? Nous recherchons des personnes passionn\u00e9es, travailleuses et qui aiment les d\u00e9fis. ...","breadcrumb":{"@id":"https:\/\/www.mapleleaffoods.com\/fr\/carrieres\/recherche-d-emploi\/#breadcrumb"},"inLanguage":"fr-FR","potentialAction":[{"@type":"ReadAction","target":["https:\/\/www.mapleleaffoods.com\/fr\/carrieres\/recherche-d-emploi\/"]}]},{"@type":"BreadcrumbList","@id":"https:\/\/www.mapleleaffoods.com\/fr\/carrieres\/recherche-d-emploi\/#breadcrumb","itemListElement":[{"@type":"ListItem","position":1,"name":"Page d\u2019accueil","item":"https:\/\/www.mapleleaffoods.com\/fr\/"},{"@type":"ListItem","position":2,"name":"Carri\u00e8res","item":"https:\/\/www.mapleleaffoods.com\/fr\/carrieres\/"},{"@type":"ListItem","position":3,"name":"Recherche d&#8217;emploi"}]},{"@type":"WebSite","@id":"https:\/\/www.mapleleaffoods.com\/fr\/#website","url":"https:\/\/www.mapleleaffoods.com\/fr\/","name":"Les Aliments Maple Leaf","description":"Premi\u00e8re grande entreprise alimentaire carboneutre au monde","publisher":{"@id":"https:\/\/www.mapleleaffoods.com\/fr\/#organization"},"potentialAction":[{"@type":"SearchAction","target":{"@type":"EntryPoint","urlTemplate":"https:\/\/www.mapleleaffoods.com\/fr\/?s={search_term_string}"},"query-input":"required name=search_term_string"}],"inLanguage":"fr-FR"},{"@type":"Organization","@id":"https:\/\/www.mapleleaffoods.com\/fr\/#organization","name":"Les Aliments Maple Leaf","url":"https:\/\/www.mapleleaffoods.com\/fr\/","logo":{"@type":"ImageObject","inLanguage":"fr-FR","@id":"https:\/\/www.mapleleaffoods.com\/fr\/#\/schema\/logo\/image\/","url":"https:\/\/www.mapleleaffoods.com\/fr\/wp-content\/uploads\/sites\/7\/2026\/02\/L_MapleLeaf_4C_White_v1_EN.png","contentUrl":"https:\/\/www.mapleleaffoods.com\/fr\/wp-content\/uploads\/sites\/7\/2026\/02\/L_MapleLeaf_4C_White_v1_EN.png","width":1829,"height":2200,"caption":"Les Aliments Maple Leaf"},"image":{"@id":"https:\/\/www.mapleleaffoods.com\/fr\/#\/schema\/logo\/image\/"}}]}},"jetpack_sharing_enabled":true,"_links":{"self":[{"href":"https:\/\/www.mapleleaffoods.com\/fr\/wp-json\/wp\/v2\/pages\/246487"}],"collection":[{"href":"https:\/\/www.mapleleaffoods.com\/fr\/wp-json\/wp\/v2\/pages"}],"about":[{"href":"https:\/\/www.mapleleaffoods.com\/fr\/wp-json\/wp\/v2\/types\/page"}],"author":[{"embeddable":true,"href":"https:\/\/www.mapleleaffoods.com\/fr\/wp-json\/wp\/v2\/users\/1"}],"replies":[{"embeddable":true,"href":"https:\/\/www.mapleleaffoods.com\/fr\/wp-json\/wp\/v2\/comments?post=246487"}],"version-history":[{"count":28,"href":"https:\/\/www.mapleleaffoods.com\/fr\/wp-json\/wp\/v2\/pages\/246487\/revisions"}],"predecessor-version":[{"id":260363,"href":"https:\/\/www.mapleleaffoods.com\/fr\/wp-json\/wp\/v2\/pages\/246487\/revisions\/260363"}],"up":[{"embeddable":true,"href":"https:\/\/www.mapleleaffoods.com\/fr\/wp-json\/wp\/v2\/pages\/246485"}],"wp:featuredmedia":[{"embeddable":true,"href":"https:\/\/www.mapleleaffoods.com\/fr\/wp-json\/wp\/v2\/media\/249191"}],"wp:attachment":[{"href":"https:\/\/www.mapleleaffoods.com\/fr\/wp-json\/wp\/v2\/media?parent=246487"}],"curies":[{"name":"wp","href":"https:\/\/api.w.org\/{rel}","templated":true}]}}