{"id":246484,"date":"2022-02-02T17:03:39","date_gmt":"2022-02-02T17:03:39","guid":{"rendered":"https:\/\/staging.mapleleaffoods.com\/fr\/activites-agricoles\/"},"modified":"2025-10-01T17:40:54","modified_gmt":"2025-10-01T21:40:54","slug":"activites-agricoles","status":"publish","type":"page","link":"https:\/\/www.mapleleaffoods.com\/fr\/carrieres\/cheminements-carriere\/activites-agricoles\/","title":{"rendered":"Activit\u00e9s agricoles"},"content":{"rendered":"<div class=\"yoast-breadcrumbs\"><span><span><a href=\"https:\/\/www.mapleleaffoods.com\/fr\/\">Page d\u2019accueil<\/a><\/span> <span class=\"yoast-custom-separator\"><\/span> <span><a href=\"https:\/\/www.mapleleaffoods.com\/fr\/carrieres\/\">Carri\u00e8res<\/a><\/span> <span class=\"yoast-custom-separator\"><\/span> <span><a href=\"https:\/\/www.mapleleaffoods.com\/fr\/carrieres\/cheminements-carriere\/\">Cheminements de carri\u00e8re<\/a><\/span> <span class=\"yoast-custom-separator\"><\/span> <span class=\"breadcrumb_last\" aria-current=\"page\">Activit\u00e9s agricoles<\/span><\/span><\/div>\n\n\t<style type=\"text\/css\">\n\t\t.wp-block-tk-spacer.id-f9c30b1d-30ba-4acc-86af-c2c535d75340 {\n\t\theight: 75px;\n\t}\n\n\t@media ( max-width: 480px ) {\n\t\t.wp-block-tk-spacer.id-f9c30b1d-30ba-4acc-86af-c2c535d75340 {\n\t\t\theight: 100px;\n\t\t}\n\t}\t<\/style>\n\t<div class=\"wp-block-tk-spacer id-f9c30b1d-30ba-4acc-86af-c2c535d75340\" aria-hidden=\"true\"><\/div>\n\t\n\n\n<section class=\"wp-block-mlfcorp-level-one-header level-one-header-container\"><h1 class=\"has-h-1-font-size\">Activit\u00e9s <mark class=\"has-inline-color has-corporate-dark-blue-color\">d\u2019exploitation<\/mark> <mark class=\"has-inline-color has-corporate-dark-blue-color\">agricole<\/mark><\/h1>\n<div class=\"wp-block-cover alignfull is-light\"><span aria-hidden=\"true\" class=\"wp-block-cover__background has-background-dim-0 has-background-dim\"><\/span><img decoding=\"async\" class=\"wp-block-cover__image-background wp-image-252278\" alt=\"Kathleen Long, VP of Animal Care inside a poultry barn\" src=\"https:\/\/www.mapleleaffoods.com\/wp-content\/uploads\/sites\/6\/2022\/02\/MLF-Kathleen-Long-Sustainability-Poultry-Barn.jpg\" data-object-fit=\"cover\" \/><div class=\"wp-block-cover__inner-container is-layout-flow wp-block-cover-is-layout-flow\">\n<p class=\"has-text-align-center has-large-font-size\"><\/p>\n<\/div><\/div>\n<\/section>\n\n\n\t<style type=\"text\/css\">\n\t\t.wp-block-tk-spacer.id-193a649a-13ba-4db2-90c6-5c263ee0e5ea {\n\t\theight: 100px;\n\t}\n\n\t@media ( max-width: 480px ) {\n\t\t.wp-block-tk-spacer.id-193a649a-13ba-4db2-90c6-5c263ee0e5ea {\n\t\t\theight: 50px;\n\t\t}\n\t}\t<\/style>\n\t<div class=\"wp-block-tk-spacer id-193a649a-13ba-4db2-90c6-5c263ee0e5ea\" aria-hidden=\"true\"><\/div>\n\t\n\n\n<div class=\"wp-block-tk-grid\"><div class=\"grid\"><div class=\"sm-col-12 lg-col-11 sm-start-0 lg-start-2\">\n<p class=\"has-large-font-size\">Tout commence ici. Les Aliments Maple Leaf poss\u00e8de et exploite des poulaillers et des couvoirs partout au pays. Nous entretenons de bonnes relations de longue date avec des \u00e9leveurs.<\/p>\n\n\n\n<h2 class=\"wp-block-heading\" id=\"we-fundamentally-believe-in-the-important-connections-between-animal-care-workplace-safety-food-safety-and-quality-and-environmental-sustainability-our-people-and-our-animals-are-important-to-us-there-are-many-opportunities-to-grow-your-career-in-this-rewarding-and-exciting-field\">Nous croyons profond\u00e9ment \u00e0 l\u2019importance des liens entre les soins aux animaux, la s\u00e9curit\u00e9 au travail, la salubrit\u00e9 et la qualit\u00e9 des aliments, et la durabilit\u00e9 environnementale. Nos employ\u00e9s sont importants pour nous, et nos animaux le sont tout autant. <\/h2>\n\n\n\n<h3 class=\"wp-block-heading\" id=\"we-fundamentally-believe-in-the-important-connections-between-animal-care-workplace-safety-food-safety-and-quality-and-environmental-sustainability-our-people-and-our-animals-are-important-to-us-there-are-many-opportunities-to-grow-your-career-in-this-rewarding-and-exciting-field-2\">Les occasions de progresser professionnellement sont nombreuses dans ce secteur stimulant et enrichissant.<\/h3>\n\n\n\n<div class=\"wp-block-buttons is-layout-flex wp-block-buttons-is-layout-flex\">\n<div class=\"wp-block-button\"><a class=\"wp-block-button__link wp-element-button\" href=\"https:\/\/www.mapleleaffoods.com\/fr\/carrieres\/recherche-d-emploi\/?department=agriculture%20operations\" aria-label=\"Voir les postes en Exploitation agricole\">Voir les postes en Exploitation agricole<\/a><span class=\"file-size-button\"><\/span><\/div>\n<\/div>\n<\/div><\/div><\/div>\n\n\n\t<style type=\"text\/css\">\n\t\t.wp-block-tk-spacer.id-b70ed8be-5c49-40c3-8854-4a6fbf165de6 {\n\t\theight: 200px;\n\t}\n\n\t@media ( max-width: 480px ) {\n\t\t.wp-block-tk-spacer.id-b70ed8be-5c49-40c3-8854-4a6fbf165de6 {\n\t\t\theight: 100px;\n\t\t}\n\t}\t<\/style>\n\t<div class=\"wp-block-tk-spacer id-b70ed8be-5c49-40c3-8854-4a6fbf165de6\" aria-hidden=\"true\"><\/div>\n\t\n\n\n<div class=\"wp-block-mlfcorp-card-component-block card-component-container card-layout-horizontal card-position-center image-orientation-left\" style=\"padding-top:0\"><div class=\"grid align-middle\"><div class=\"sm-col-12 lg-col-5 lg-start-1 image-wrapper\"><div class=\"card-image-container align-middle image-orientation-left\"><img decoding=\"async\" src=\"https:\/\/www.mapleleaffoods.com\/wp-content\/uploads\/sites\/6\/2022\/02\/MLF-Broiler-Chickens-Barn.jpg\" alt=\"Broiler chickens inside a barn\" class=\"card-component-image has-border-radius wp-image-250304\" \/><button class=\"credit-text\"><span class=\"initial\">i<\/span><span class=\"secondary hide\">Poulailler | Aylmer, ON<\/span><\/button><\/div><\/div><div class=\"\n\t\t\t\t\t\t\t\tsm-col-12 lg-col-5 details-wrapper\n\t\t\t\t\t\t\t\t\n\t\t\t\t\t\t\t\t\" style=\"margin-top:0\"><div class=\"card-component-details align-middle image-orientation-left\"><div><h4 class=\"title-heading\">Activit\u00e9s de production de volailles<\/h4><p class=\"card-component-text\">Les Aliments Maple Leaf est fi\u00e8re d\u2019\u00eatre un important producteur canadien de volaille nutritive de grande qualit\u00e9. Nous poss\u00e9dons des couvoirs et nous approvisionnons en poulets et en dindes aupr\u00e8s de producteurs ind\u00e9pendants. Les \u00e9quipes de nos couvoirs s\u2019efforcent d\u2019offrir de bonnes conditions \u00e0 nos \u0153ufs d\u2019incubation et de prodiguer les meilleurs soins \u00e0 nos poussins. Elles con\u00e7oivent, mettent en \u0153uvre et \u00e9tudient des programmes et des processus assurant les meilleurs soins \u00e0 nos animaux.<br><br>Nous travaillons en \u00e9troite collaboration avec les \u00e9leveurs qui \u00e9l\u00e8vent nos poulets.<\/p><\/div><\/div><\/div><\/div><\/div>\n\n\n\t<style type=\"text\/css\">\n\t\t.wp-block-tk-spacer.id-ff9e775a-b57f-441e-a9cd-3f4234f51124 {\n\t\theight: 200px;\n\t}\n\n\t@media ( max-width: 480px ) {\n\t\t.wp-block-tk-spacer.id-ff9e775a-b57f-441e-a9cd-3f4234f51124 {\n\t\t\theight: 100px;\n\t\t}\n\t}\t<\/style>\n\t<div class=\"wp-block-tk-spacer id-ff9e775a-b57f-441e-a9cd-3f4234f51124\" aria-hidden=\"true\"><\/div>\n\t\n\n\n<h4 class=\"wp-block-heading has-text-align-center\" id=\"if-you-re-passionate-about-animal-care-as-much-as-we-are-join-our-team\">Si vous avez \u00e0 c\u0153ur le bien-\u00eatre animal autant que nous, joignez-vous \u00e0 notre \u00e9quipe!<\/h4>\n\n\n\n<div class=\"wp-block-tk-grid\"><div class=\"grid\"><div class=\"sm-col-12 lg-col-10 sm-start-6 lg-start-5\">\n<div class=\"wp-block-buttons is-horizontal is-content-justification-center is-layout-flex wp-container-core-buttons-is-layout-2 wp-block-buttons-is-layout-flex\">\n<div class=\"wp-block-button\"><a class=\"wp-block-button__link wp-element-button\" href=\"https:\/\/www.mapleleaffoods.com\/fr\/carrieres\/recherche-d-emploi\/?department=agriculture%20operations\" aria-label=\"Voir les postes offerts en Exploitation agricole\">Voir les postes offerts en Exploitation agricole<\/a><span class=\"file-size-button\"><\/span><\/div>\n<\/div>\n<\/div><\/div><\/div>\n\n\n\t<style type=\"text\/css\">\n\t\t.wp-block-tk-spacer.id-7ee80c59-a5c5-4a9c-9d7b-c8f4f64cc9ef {\n\t\theight: 200px;\n\t}\n\n\t@media ( max-width: 480px ) {\n\t\t.wp-block-tk-spacer.id-7ee80c59-a5c5-4a9c-9d7b-c8f4f64cc9ef {\n\t\t\theight: 100px;\n\t\t}\n\t}\t<\/style>\n\t<div class=\"wp-block-tk-spacer id-7ee80c59-a5c5-4a9c-9d7b-c8f4f64cc9ef\" aria-hidden=\"true\"><\/div>\n\t\n\n\n<div class=\"wp-block-group is-style-border-radius has-ultra-light-green-background-color has-background is-layout-flow wp-block-group-is-layout-flow\">\t<style type=\"text\/css\">\n\t\t.wp-block-tk-spacer.id-30078fec-0619-4e14-bf44-18210752882b {\n\t\theight: 75px;\n\t}\n\n\t@media ( max-width: 480px ) {\n\t\t.wp-block-tk-spacer.id-30078fec-0619-4e14-bf44-18210752882b {\n\t\t\theight: 65px;\n\t\t}\n\t}\t<\/style>\n\t<div class=\"wp-block-tk-spacer id-30078fec-0619-4e14-bf44-18210752882b\" aria-hidden=\"true\"><\/div>\n\t\n\n\n<div class=\"wp-block-tk-grid\"><div class=\"grid\"><div class=\"sm-col-12 lg-col-6 sm-start-0 lg-start-1\">\n<h2 class=\"wp-block-heading\">Si vous avez \u00e0 c\u0153ur le bien-\u00eatre animal autant que nous, joignez-vous \u00e0 notre \u00e9quipe!<\/h2>\n\n\n\n\t\t\t<nav class=\"dropdown-nav \" role=\"navigation\">\n\t\t\t\t<ul class=\"dropdown-container large-dropdown\">\n\t\t\t\t\t<li class=\"has-dropdown\">\n\t\t\t\t\t\t<a class=\"dropdown-selected-item\" tabindex=\"0\">Voir les postes offerts en Exploitation agricole<\/a>\n\t\t\t\t\t\t<span class='dropdown-arrow'><\/span>\n\t\t\t\t\t\t<ul class=\"dropdown\" tabindex=\"0\">\n\t\t\t\t\t\t\t\t\t\t\t\t\t\t\t\t\t<li class=\"dropdown-item\"><a href=\"https:\/\/www.mapleleaffoods.com\/fr\/carrieres\/cheminements-carriere\/approvisionnement\/\">Approvisionnement<\/a><\/li>\n\t\t\t\t\t\t\t\t\t\t\t\t\t\t\t\t\t\t\t<li class=\"dropdown-item\"><a href=\"https:\/\/www.mapleleaffoods.com\/fr\/carrieres\/cheminements-carriere\/activites-agricoles\/\">Activit\u00e9s agricoles<\/a><\/li>\n\t\t\t\t\t\t\t\t\t\t\t\t\t\t\t\t\t\t\t<li class=\"dropdown-item\"><a href=\"https:\/\/www.mapleleaffoods.com\/fr\/carrieres\/cheminements-carriere\/communications-affaires-publique\/\">Affaires publiques<\/a><\/li>\n\t\t\t\t\t\t\t\t\t\t\t\t\t\t\t\t\t\t\t<li class=\"dropdown-item\"><a href=\"https:\/\/www.mapleleaffoods.com\/fr\/carrieres\/cheminements-carriere\/chaine-approvisionnement\/\">Cha\u00eene d\u2019approvisionnement<\/a><\/li>\n\t\t\t\t\t\t\t\t\t\t\t\t\t\t\t\t\t\t\t<li class=\"dropdown-item\"><a href=\"https:\/\/www.mapleleaffoods.com\/fr\/carrieres\/cheminements-carriere\/operations-fabrication\/\">Fabrication et op\u00e9rations<\/a><\/li>\n\t\t\t\t\t\t\t\t\t\t\t\t\t\t\t\t\t\t\t<li class=\"dropdown-item\"><a href=\"https:\/\/www.mapleleaffoods.com\/fr\/carrieres\/cheminements-carriere\/finances-comptabilite\/\">Finances et comptabilit\u00e9<\/a><\/li>\n\t\t\t\t\t\t\t\t\t\t\t\t\t\t\t\t\t\t\t<li class=\"dropdown-item\"><a href=\"https:\/\/www.mapleleaffoods.com\/fr\/carrieres\/cheminements-carriere\/ingenierie\/\">Ing\u00e9nierie<\/a><\/li>\n\t\t\t\t\t\t\t\t\t\t\t\t\t\t\t\t\t\t\t<li class=\"dropdown-item\"><a href=\"https:\/\/www.mapleleaffoods.com\/fr\/carrieres\/cheminements-carriere\/manoeuvres\/\">R\u00f4les de production<\/a><\/li>\n\t\t\t\t\t\t\t\t\t\t\t\t\t\t\t\t\t\t\t<li class=\"dropdown-item\"><a href=\"https:\/\/www.mapleleaffoods.com\/fr\/carrieres\/cheminements-carriere\/marketing\/\">Marketing<\/a><\/li>\n\t\t\t\t\t\t\t\t\t\t\t\t\t\t\t\t\t\t\t<li class=\"dropdown-item\"><a href=\"https:\/\/www.mapleleaffoods.com\/fr\/carrieres\/cheminements-carriere\/hressources-humaines\/\">Ressources humaines<\/a><\/li>\n\t\t\t\t\t\t\t\t\t\t\t\t\t\t\t\t\t\t\t<li class=\"dropdown-item\"><a href=\"https:\/\/www.mapleleaffoods.com\/fr\/carrieres\/cheminements-carriere\/salubrite-aliments-assur-qualite\/\">Salubrit\u00e9 des aliments et assurance qualit\u00e9<\/a><\/li>\n\t\t\t\t\t\t\t\t\t\t\t\t\t\t\t\t\t\t\t<li class=\"dropdown-item\"><a href=\"https:\/\/www.mapleleaffoods.com\/fr\/carrieres\/cheminements-carriere\/six-sigma\/\">Six Sigma<\/a><\/li>\n\t\t\t\t\t\t\t\t\t\t\t\t\t\t\t\t\t\t\t<li class=\"dropdown-item\"><a href=\"https:\/\/www.mapleleaffoods.com\/fr\/carrieres\/cheminements-carriere\/technologie-information\/\">Technologie de l\u2019information<\/a><\/li>\n\t\t\t\t\t\t\t\t\t\t\t\t\t\t\t\t\t\t\t<li class=\"dropdown-item\"><a href=\"https:\/\/www.mapleleaffoods.com\/fr\/carrieres\/cheminements-carriere\/ventes\/\">Ventes<\/a><\/li>\n\t\t\t\t\t\t\t\t\t\n\t\t\t\t\t\t<\/ul>\n\t\t\t\t\t<\/li>\n\t\t\t\t<\/ul>\n\t\t\t<\/nav>\n\n\t\t<\/div><\/div><\/div>\n\n\n\t<style type=\"text\/css\">\n\t\t.wp-block-tk-spacer.id-8871e56a-771f-4f8b-960d-c28109224328 {\n\t\theight: 75px;\n\t}\n\n\t@media ( max-width: 480px ) {\n\t\t.wp-block-tk-spacer.id-8871e56a-771f-4f8b-960d-c28109224328 {\n\t\t\theight: 65px;\n\t\t}\n\t}\t<\/style>\n\t<div class=\"wp-block-tk-spacer id-8871e56a-771f-4f8b-960d-c28109224328\" aria-hidden=\"true\"><\/div>\n\t<\/div>\n\n\n\t<style type=\"text\/css\">\n\t\t.wp-block-tk-spacer.id-85ffea06-1a9d-4355-9a3e-59e8b8f814c0 {\n\t\theight: 200px;\n\t}\n\n\t@media ( max-width: 480px ) {\n\t\t.wp-block-tk-spacer.id-85ffea06-1a9d-4355-9a3e-59e8b8f814c0 {\n\t\t\theight: 100px;\n\t\t}\n\t}\t<\/style>\n\t<div class=\"wp-block-tk-spacer id-85ffea06-1a9d-4355-9a3e-59e8b8f814c0\" aria-hidden=\"true\"><\/div>\n\t\n\n\n\t\t<div class=\"pre-footer-block alignfull\">\n\t\t\t<div class=\"grid-container\">\n\t\t\t\t<div class=\"grid\">\n\t\t\t\t\t\t\t\t\t\t\t\t\t\t\t\t\t\t<div class=\"sm-col-12\tlg-col-11 lg-start-2\">\n\t\t\t\t\t\t\t\t\n<p class=\"pre-footer-surtitle\">Plus dans<\/p>\n\n<h2 class=\"pre-footer-title\">Carri\u00e8res<\/h2>\n\t\t\t\t\t\t\t<\/div>\n\t\t\t\t\t\t\t\t\t\t\t\t\t\t\t\t\t<ul class=\"is-style-pre-footer sm-col-12 lg-col-4 lg-start-2\">\n\t\t\t\t\t\t\t\t\t\t\t\t\t\t\t\t\t\t\t<li><a href=\"https:\/\/www.mapleleaffoods.com\/fr\/carrieres\/recherche-d-emploi\/\">Trouver un emploi<\/a><\/li>\n\t\t\t\t\t\t\t\t\t\t\t\t\t\t\t\t\t\t\t\t\t\t\t<li><a href=\"https:\/\/www.mapleleaffoods.com\/fr\/alertes-emplois\/\">Alertes emplois<\/a><\/li>\n\t\t\t\t\t\t\t\t\t\t\t\t\t\t\t\t\t\t\t\t\t\t\t<li><a href=\"https:\/\/www.mapleleaffoods.com\/fr\/carrieres\/cheminements-carriere\/\">Cheminements de carri\u00e8re<\/a><\/li>\n\t\t\t\t\t\t\t\t\t\t\t\t\t\t\t\t\t<\/ul>\n\t\t\t\t\t\t<ul class=\"is-style-pre-footer sm-col-12 lg-col-4\">\n\t\t\t\t\t\t\t\t\t\t\t\t\t\t\t\t\t\t<li><a href=\"https:\/\/www.mapleleaffoods.com\/fr\/carrieres\/culture-entreprise\/\">Notre culture<\/a><\/li>\n\t\t\t\t\t\t\t\t\t\t\t\t\t\t\t\t\t\t\t\t\t<li><a href=\"https:\/\/www.mapleleaffoods.com\/fr\/carrieres\/perfectionnement-professionnel\/\">Perfectionnement professionnel<\/a><\/li>\n\t\t\t\t\t\t\t\t\t\t\t\t\t\t\t\t<\/ul>\n\t\t\t\t\t\t\t\t\t<\/div>\n\t\t\t<\/div>\n\t\t<\/div>\n\t\t","protected":false},"excerpt":{"rendered":"<p>Si vous avez \u00e0 c\u0153ur le bien-\u00eatre animal autant que nous, joignez-vous \u00e0 notre \u00e9quipe!<\/p>\n","protected":false},"author":1,"featured_media":247061,"parent":246486,"menu_order":2,"comment_status":"closed","ping_status":"closed","template":"","meta":{"mlfcorp_iframe_url":"","footnotes":""},"class_list":["post-246484","page","type-page","status-publish","has-post-thumbnail","hentry"],"acf":[],"yoast_head":"<!-- This site is optimized with the Yoast SEO plugin v21.7 - https:\/\/yoast.com\/wordpress\/plugins\/seo\/ -->\n<title>Activit\u00e9s d\u2019exploitation agricole | Les Aliments Maple Leaf<\/title>\n<meta name=\"description\" content=\"Le d\u00e9but. Nous poss\u00e9dons et exploitons meuneries, porcheries et poulaillers, et \u0153uvrons avec des \u00e9leveurs ind\u00e9pendants. Un secteur aux occasions gratifiantes.\" \/>\n<meta name=\"robots\" content=\"index, follow, max-snippet:-1, max-image-preview:large, max-video-preview:-1\" \/>\n<link rel=\"canonical\" href=\"https:\/\/www.mapleleaffoods.com\/fr\/carrieres\/cheminements-carriere\/activites-agricoles\/\" \/>\n<meta property=\"og:locale\" content=\"fr_FR\" \/>\n<meta property=\"og:type\" content=\"article\" \/>\n<meta property=\"og:title\" content=\"Activit\u00e9s d\u2019exploitation agricole | Les Aliments Maple Leaf\" \/>\n<meta property=\"og:description\" content=\"Le d\u00e9but. Nous poss\u00e9dons et exploitons meuneries, porcheries et poulaillers, et \u0153uvrons avec des \u00e9leveurs ind\u00e9pendants. Un secteur aux occasions gratifiantes.\" \/>\n<meta property=\"og:url\" content=\"https:\/\/www.mapleleaffoods.com\/fr\/carrieres\/cheminements-carriere\/activites-agricoles\/\" \/>\n<meta property=\"og:site_name\" content=\"Les Aliments Maple Leaf\" \/>\n<meta property=\"article:modified_time\" content=\"2025-10-01T21:40:54+00:00\" \/>\n<meta property=\"og:image\" content=\"https:\/\/www.mapleleaffoods.com\/fr\/wp-content\/uploads\/sites\/7\/2022\/03\/MLF-Kathleen-Long-Chicken-Barn-Animal-Care.jpg\" \/>\n\t<meta property=\"og:image:width\" content=\"630\" \/>\n\t<meta property=\"og:image:height\" content=\"546\" \/>\n\t<meta property=\"og:image:type\" content=\"image\/jpeg\" \/>\n<meta name=\"twitter:card\" content=\"summary_large_image\" \/>\n<meta name=\"twitter:label1\" content=\"Dur\u00e9e de lecture estim\u00e9e\" \/>\n\t<meta name=\"twitter:data1\" content=\"4 minutes\" \/>\n<script type=\"application\/ld+json\" class=\"yoast-schema-graph\">{\"@context\":\"https:\/\/schema.org\",\"@graph\":[{\"@type\":\"WebPage\",\"@id\":\"https:\/\/www.mapleleaffoods.com\/fr\/carrieres\/cheminements-carriere\/activites-agricoles\/\",\"url\":\"https:\/\/www.mapleleaffoods.com\/fr\/carrieres\/cheminements-carriere\/activites-agricoles\/\",\"name\":\"Activit\u00e9s d\u2019exploitation agricole | Les Aliments Maple Leaf\",\"isPartOf\":{\"@id\":\"https:\/\/www.mapleleaffoods.com\/fr\/#website\"},\"datePublished\":\"2022-02-02T17:03:39+00:00\",\"dateModified\":\"2025-10-01T21:40:54+00:00\",\"description\":\"Le d\u00e9but. Nous poss\u00e9dons et exploitons meuneries, porcheries et poulaillers, et \u0153uvrons avec des \u00e9leveurs ind\u00e9pendants. Un secteur aux occasions gratifiantes.\",\"breadcrumb\":{\"@id\":\"https:\/\/www.mapleleaffoods.com\/fr\/carrieres\/cheminements-carriere\/activites-agricoles\/#breadcrumb\"},\"inLanguage\":\"fr-FR\",\"potentialAction\":[{\"@type\":\"ReadAction\",\"target\":[\"https:\/\/www.mapleleaffoods.com\/fr\/carrieres\/cheminements-carriere\/activites-agricoles\/\"]}]},{\"@type\":\"BreadcrumbList\",\"@id\":\"https:\/\/www.mapleleaffoods.com\/fr\/carrieres\/cheminements-carriere\/activites-agricoles\/#breadcrumb\",\"itemListElement\":[{\"@type\":\"ListItem\",\"position\":1,\"name\":\"Page d\u2019accueil\",\"item\":\"https:\/\/www.mapleleaffoods.com\/fr\/\"},{\"@type\":\"ListItem\",\"position\":2,\"name\":\"Carri\u00e8res\",\"item\":\"https:\/\/www.mapleleaffoods.com\/fr\/carrieres\/\"},{\"@type\":\"ListItem\",\"position\":3,\"name\":\"Cheminements de carri\u00e8re\",\"item\":\"https:\/\/www.mapleleaffoods.com\/fr\/carrieres\/cheminements-carriere\/\"},{\"@type\":\"ListItem\",\"position\":4,\"name\":\"Activit\u00e9s agricoles\"}]},{\"@type\":\"WebSite\",\"@id\":\"https:\/\/www.mapleleaffoods.com\/fr\/#website\",\"url\":\"https:\/\/www.mapleleaffoods.com\/fr\/\",\"name\":\"Les Aliments Maple Leaf\",\"description\":\"Premi\u00e8re grande entreprise alimentaire carboneutre au monde\",\"publisher\":{\"@id\":\"https:\/\/www.mapleleaffoods.com\/fr\/#organization\"},\"potentialAction\":[{\"@type\":\"SearchAction\",\"target\":{\"@type\":\"EntryPoint\",\"urlTemplate\":\"https:\/\/www.mapleleaffoods.com\/fr\/?s={search_term_string}\"},\"query-input\":\"required name=search_term_string\"}],\"inLanguage\":\"fr-FR\"},{\"@type\":\"Organization\",\"@id\":\"https:\/\/www.mapleleaffoods.com\/fr\/#organization\",\"name\":\"Les Aliments Maple Leaf\",\"url\":\"https:\/\/www.mapleleaffoods.com\/fr\/\",\"logo\":{\"@type\":\"ImageObject\",\"inLanguage\":\"fr-FR\",\"@id\":\"https:\/\/www.mapleleaffoods.com\/fr\/#\/schema\/logo\/image\/\",\"url\":\"https:\/\/www.mapleleaffoods.com\/fr\/wp-content\/uploads\/sites\/7\/2026\/02\/L_MapleLeaf_4C_White_v1_EN.png\",\"contentUrl\":\"https:\/\/www.mapleleaffoods.com\/fr\/wp-content\/uploads\/sites\/7\/2026\/02\/L_MapleLeaf_4C_White_v1_EN.png\",\"width\":1829,\"height\":2200,\"caption\":\"Les Aliments Maple Leaf\"},\"image\":{\"@id\":\"https:\/\/www.mapleleaffoods.com\/fr\/#\/schema\/logo\/image\/\"}}]}<\/script>\n<!-- \/ Yoast SEO plugin. -->","yoast_head_json":{"title":"Activit\u00e9s d\u2019exploitation agricole | Les Aliments Maple Leaf","description":"Le d\u00e9but. Nous poss\u00e9dons et exploitons meuneries, porcheries et poulaillers, et \u0153uvrons avec des \u00e9leveurs ind\u00e9pendants. Un secteur aux occasions gratifiantes.","robots":{"index":"index","follow":"follow","max-snippet":"max-snippet:-1","max-image-preview":"max-image-preview:large","max-video-preview":"max-video-preview:-1"},"canonical":"https:\/\/www.mapleleaffoods.com\/fr\/carrieres\/cheminements-carriere\/activites-agricoles\/","og_locale":"fr_FR","og_type":"article","og_title":"Activit\u00e9s d\u2019exploitation agricole | Les Aliments Maple Leaf","og_description":"Le d\u00e9but. Nous poss\u00e9dons et exploitons meuneries, porcheries et poulaillers, et \u0153uvrons avec des \u00e9leveurs ind\u00e9pendants. Un secteur aux occasions gratifiantes.","og_url":"https:\/\/www.mapleleaffoods.com\/fr\/carrieres\/cheminements-carriere\/activites-agricoles\/","og_site_name":"Les Aliments Maple Leaf","article_modified_time":"2025-10-01T21:40:54+00:00","og_image":[{"width":630,"height":546,"url":"https:\/\/www.mapleleaffoods.com\/fr\/wp-content\/uploads\/sites\/7\/2022\/03\/MLF-Kathleen-Long-Chicken-Barn-Animal-Care.jpg","type":"image\/jpeg"}],"twitter_card":"summary_large_image","twitter_misc":{"Dur\u00e9e de lecture estim\u00e9e":"4 minutes"},"schema":{"@context":"https:\/\/schema.org","@graph":[{"@type":"WebPage","@id":"https:\/\/www.mapleleaffoods.com\/fr\/carrieres\/cheminements-carriere\/activites-agricoles\/","url":"https:\/\/www.mapleleaffoods.com\/fr\/carrieres\/cheminements-carriere\/activites-agricoles\/","name":"Activit\u00e9s d\u2019exploitation agricole | Les Aliments Maple Leaf","isPartOf":{"@id":"https:\/\/www.mapleleaffoods.com\/fr\/#website"},"datePublished":"2022-02-02T17:03:39+00:00","dateModified":"2025-10-01T21:40:54+00:00","description":"Le d\u00e9but. Nous poss\u00e9dons et exploitons meuneries, porcheries et poulaillers, et \u0153uvrons avec des \u00e9leveurs ind\u00e9pendants. Un secteur aux occasions gratifiantes.","breadcrumb":{"@id":"https:\/\/www.mapleleaffoods.com\/fr\/carrieres\/cheminements-carriere\/activites-agricoles\/#breadcrumb"},"inLanguage":"fr-FR","potentialAction":[{"@type":"ReadAction","target":["https:\/\/www.mapleleaffoods.com\/fr\/carrieres\/cheminements-carriere\/activites-agricoles\/"]}]},{"@type":"BreadcrumbList","@id":"https:\/\/www.mapleleaffoods.com\/fr\/carrieres\/cheminements-carriere\/activites-agricoles\/#breadcrumb","itemListElement":[{"@type":"ListItem","position":1,"name":"Page d\u2019accueil","item":"https:\/\/www.mapleleaffoods.com\/fr\/"},{"@type":"ListItem","position":2,"name":"Carri\u00e8res","item":"https:\/\/www.mapleleaffoods.com\/fr\/carrieres\/"},{"@type":"ListItem","position":3,"name":"Cheminements de carri\u00e8re","item":"https:\/\/www.mapleleaffoods.com\/fr\/carrieres\/cheminements-carriere\/"},{"@type":"ListItem","position":4,"name":"Activit\u00e9s agricoles"}]},{"@type":"WebSite","@id":"https:\/\/www.mapleleaffoods.com\/fr\/#website","url":"https:\/\/www.mapleleaffoods.com\/fr\/","name":"Les Aliments Maple Leaf","description":"Premi\u00e8re grande entreprise alimentaire carboneutre au monde","publisher":{"@id":"https:\/\/www.mapleleaffoods.com\/fr\/#organization"},"potentialAction":[{"@type":"SearchAction","target":{"@type":"EntryPoint","urlTemplate":"https:\/\/www.mapleleaffoods.com\/fr\/?s={search_term_string}"},"query-input":"required name=search_term_string"}],"inLanguage":"fr-FR"},{"@type":"Organization","@id":"https:\/\/www.mapleleaffoods.com\/fr\/#organization","name":"Les Aliments Maple Leaf","url":"https:\/\/www.mapleleaffoods.com\/fr\/","logo":{"@type":"ImageObject","inLanguage":"fr-FR","@id":"https:\/\/www.mapleleaffoods.com\/fr\/#\/schema\/logo\/image\/","url":"https:\/\/www.mapleleaffoods.com\/fr\/wp-content\/uploads\/sites\/7\/2026\/02\/L_MapleLeaf_4C_White_v1_EN.png","contentUrl":"https:\/\/www.mapleleaffoods.com\/fr\/wp-content\/uploads\/sites\/7\/2026\/02\/L_MapleLeaf_4C_White_v1_EN.png","width":1829,"height":2200,"caption":"Les Aliments Maple Leaf"},"image":{"@id":"https:\/\/www.mapleleaffoods.com\/fr\/#\/schema\/logo\/image\/"}}]}},"jetpack_sharing_enabled":true,"_links":{"self":[{"href":"https:\/\/www.mapleleaffoods.com\/fr\/wp-json\/wp\/v2\/pages\/246484"}],"collection":[{"href":"https:\/\/www.mapleleaffoods.com\/fr\/wp-json\/wp\/v2\/pages"}],"about":[{"href":"https:\/\/www.mapleleaffoods.com\/fr\/wp-json\/wp\/v2\/types\/page"}],"author":[{"embeddable":true,"href":"https:\/\/www.mapleleaffoods.com\/fr\/wp-json\/wp\/v2\/users\/1"}],"replies":[{"embeddable":true,"href":"https:\/\/www.mapleleaffoods.com\/fr\/wp-json\/wp\/v2\/comments?post=246484"}],"version-history":[{"count":29,"href":"https:\/\/www.mapleleaffoods.com\/fr\/wp-json\/wp\/v2\/pages\/246484\/revisions"}],"predecessor-version":[{"id":259846,"href":"https:\/\/www.mapleleaffoods.com\/fr\/wp-json\/wp\/v2\/pages\/246484\/revisions\/259846"}],"up":[{"embeddable":true,"href":"https:\/\/www.mapleleaffoods.com\/fr\/wp-json\/wp\/v2\/pages\/246486"}],"wp:featuredmedia":[{"embeddable":true,"href":"https:\/\/www.mapleleaffoods.com\/fr\/wp-json\/wp\/v2\/media\/247061"}],"wp:attachment":[{"href":"https:\/\/www.mapleleaffoods.com\/fr\/wp-json\/wp\/v2\/media?parent=246484"}],"curies":[{"name":"wp","href":"https:\/\/api.w.org\/{rel}","templated":true}]}}